{"id":4047,"date":"2025-08-16T01:36:53","date_gmt":"2025-08-15T22:36:53","guid":{"rendered":"https:\/\/meferi.pontima.ru\/?post_type=product&#038;p=4047"},"modified":"2025-10-30T18:46:45","modified_gmt":"2025-10-30T17:46:45","slug":"cradle-charging-station-meferi","status":"publish","type":"product","link":"https:\/\/meferi.com\/tr\/products\/accessories\/cradle-charging-station-meferi\/","title":{"rendered":"Cradle ve \u015farj istasyonu MEFERI ME40K"},"content":{"rendered":"<div class=\"wpb-content-wrapper\"><div class=\"vc_row wpb_row row top-row gradient-container-1 wpb_custom_034b39d9bc6c6b310d69e39f0ccf274f\"><div class=\"gradient-column-1 vc_column_container col-md-12\"><div class=\"wpb_wrapper vc_column-inner\">\r\n\t<div class=\"wpb_text_column wpb_content_element wpb_custom_7c91d232724f73626cc933bd95b25ff0\" >\r\n\t\t<div class=\"wpb_wrapper\">\r\n\t\t\t<h2>MEFERI ME40K veri toplama terminalleri i\u00e7in \u015farj ve ileti\u015fim stand\u0131.<\/h2>\n<h4>ME40K-SCRD01KIT-EU-01<\/h4>\n<div>\n<ul>\n<li><span dir=\"auto\">Bir cihaz\u0131 ve bir yedek pili \u015farj etmeyi destekler.<\/span><\/li>\n<li><span dir=\"auto\">G\u00fc\u00e7 adapt\u00f6r\u00fcn\u00fcn \u00e7\u0131k\u0131\u015f g\u00fcc\u00fc DC 12V\/2A'd\u0131r.<\/span><\/li>\n<li><span dir=\"auto\">USB Type-C \u00fczerinden veri aktar\u0131m\u0131n\u0131 destekler.<\/span><\/li>\n<li><span dir=\"auto\">Terminali hem kay\u0131\u015fla hem de koruyucu bir k\u0131l\u0131f i\u00e7inde \u015farj etme imkan\u0131.<\/span><\/li>\n<li><span dir=\"auto\">\u015earj durumu g\u00f6stergesi: k\u0131rm\u0131z\u0131 - \u015farj i\u015flemi devam ediyor, ye\u015fil - \u015farj i\u015flemi tamamland\u0131.<\/span><\/li>\n<\/ul>\n<\/div>\n\r\n\t\t<\/div>\r\n\t<\/div>\r\n<\/div><\/div><\/div>\n<\/div>","protected":false},"excerpt":{"rendered":"<p><span dir=\"auto\">MEFERI ME40K veri toplama terminalleri i\u00e7in \u015farj ve ileti\u015fim stand\u0131.<\/span><\/p>\n<ul>\n<li><span dir=\"auto\">Bir cihaz\u0131 ve bir yedek pili \u015farj etmeyi destekler.<\/span><\/li>\n<li><span dir=\"auto\">G\u00fc\u00e7 adapt\u00f6r\u00fcn\u00fcn \u00e7\u0131k\u0131\u015f g\u00fcc\u00fc DC 12V\/2A'd\u0131r.<\/span><\/li>\n<li><span dir=\"auto\">USB Type-C \u00fczerinden veri aktar\u0131m\u0131n\u0131 destekler.<\/span><\/li>\n<li><span dir=\"auto\">Terminali hem kay\u0131\u015fla hem de koruyucu bir k\u0131l\u0131f i\u00e7inde \u015farj etme imkan\u0131.<\/span><\/li>\n<li><span dir=\"auto\">\u015earj durumu g\u00f6stergesi: k\u0131rm\u0131z\u0131 \u2013 \u015farj devam ediyor, ye\u015fil \u2013 \u015farj tamamland\u0131.<\/span><\/li>\n<\/ul>\n<p>&nbsp;<\/p>","protected":false},"featured_media":4048,"template":"","meta":{"_acf_changed":false},"product_brand":[],"product_cat":[69],"product_tag":[],"class_list":{"0":"post-4047","1":"product","2":"type-product","3":"status-publish","4":"has-post-thumbnail","6":"product_cat-accessories","8":"first","9":"instock","10":"shipping-taxable","11":"product-type-simple"},"acf":[],"_links":{"self":[{"href":"https:\/\/meferi.com\/tr\/wp-json\/wp\/v2\/product\/4047","targetHints":{"allow":["GET"]}}],"collection":[{"href":"https:\/\/meferi.com\/tr\/wp-json\/wp\/v2\/product"}],"about":[{"href":"https:\/\/meferi.com\/tr\/wp-json\/wp\/v2\/types\/product"}],"wp:featuredmedia":[{"embeddable":true,"href":"https:\/\/meferi.com\/tr\/wp-json\/wp\/v2\/media\/4048"}],"wp:attachment":[{"href":"https:\/\/meferi.com\/tr\/wp-json\/wp\/v2\/media?parent=4047"}],"wp:term":[{"taxonomy":"product_brand","embeddable":true,"href":"https:\/\/meferi.com\/tr\/wp-json\/wp\/v2\/product_brand?post=4047"},{"taxonomy":"product_cat","embeddable":true,"href":"https:\/\/meferi.com\/tr\/wp-json\/wp\/v2\/product_cat?post=4047"},{"taxonomy":"product_tag","embeddable":true,"href":"https:\/\/meferi.com\/tr\/wp-json\/wp\/v2\/product_tag?post=4047"}],"curies":[{"name":"wp","href":"https:\/\/api.w.org\/{rel}","templated":true}]}}