{"id":9630,"date":"2025-10-01T08:39:58","date_gmt":"2025-10-01T06:39:58","guid":{"rendered":"https:\/\/meferi.com\/?page_id=9630"},"modified":"2026-01-13T10:45:16","modified_gmt":"2026-01-13T09:45:16","slug":"meferi-community-growth-giveaway-official-rules","status":"publish","type":"page","link":"https:\/\/meferi.com\/tr\/meferi-community-growth-giveaway-official-rules\/","title":{"rendered":"MEFERI Topluluk B\u00fcy\u00fcme \u00c7ekili\u015fi \u2013 Resmi Kurallar"},"content":{"rendered":"<div class=\"wpb-content-wrapper\"><div class=\"vc_row wpb_row row top-row gradient-container-1 wpb_custom_034b39d9bc6c6b310d69e39f0ccf274f\"><div class=\"gradient-column-1 vc_column_container col-md-12\"><div class=\"wpb_wrapper vc_column-inner\">\r\n\t<div class=\"wpb_text_column wpb_content_element wpb_custom_7c91d232724f73626cc933bd95b25ff0\" >\r\n\t\t<div class=\"wpb_wrapper\">\r\n\t\t\t<h1><strong>MEFERI Topluluk B\u00fcy\u00fcme \u00c7ekili\u015fi \u2013 Resmi Kurallar<\/strong><\/h1>\n<p><strong>(Yay\u0131nlanma tarihinden itibaren ge\u00e7erlidir, Yay\u0131n tarihi:\u00a0<b>1 Ekim 2025 08:39<\/b>)<\/strong><\/p>\n<hr \/>\n<p><strong>Promot\u00f6r<\/strong><\/p>\n<p>MEFERI Technologies Co., Ltd., \u00dcnite 3-2, Bina 4, No. 2555, B\u00f6l\u00fcm 2, Huanglong Caddesi, Shuangliu B\u00f6lgesi, Chengdu 610000, Sichuan, \u00c7in Halk Cumhuriyeti. \u0130leti\u015fim:\u00a0<a href=\"mailto:campaigns@meferi.com\"><strong>campaigns@meferi.com<\/strong><\/a><\/p>\n<p><strong>Uygunluk<\/strong><\/p>\n<p>Bu promosyon yaln\u0131zca, bir \u015firketi temsil eden ve ticari kapasiteyle kat\u0131lan, 18 ya\u015f ve \u00fczeri ger\u00e7ek ki\u015filere a\u00e7\u0131kt\u0131r:<\/p>\n<p>\u2013 MEFERI Technologies Co., Ltd.&#039;nin mevcut veya kay\u0131tl\u0131 ortaklar\u0131;<br \/>\n\u2013 MEFERI Technologies Co., Ltd.&#039;nin potansiyel ortaklar\u0131;<br \/>\n\u2013 MEFERI Technologies Co., Ltd.&#039;nin mevcut son m\u00fc\u015fterileri;<br \/>\n\u2013 MEFERI Technologies Co., Ltd.&#039;nin potansiyel son m\u00fc\u015fterileri.<\/p>\n<p>Bu kampanyaya kat\u0131l\u0131m, yaln\u0131zca MEFERI kampanya a\u00e7\u0131l\u0131\u015f sayfas\u0131nda bulunan resmi kampanya kay\u0131t formu arac\u0131l\u0131\u011f\u0131yla ba\u015far\u0131l\u0131 bir \u015fekilde kay\u0131t yapt\u0131r\u0131ld\u0131ktan sonra ge\u00e7erlidir. Form \u00fczerinden kay\u0131t zorunludur. MEFERI&#039;yi sosyal medyada takip eden ancak kay\u0131t formunu doldurmayan ki\u015filer kat\u0131l\u0131mc\u0131 olarak kabul edilmez ve \u00e7ekili\u015fe kat\u0131lmaya hak kazanamazlar.<\/p>\n<p>Kat\u0131lmaya hak kazanmak i\u00e7in, bir kat\u0131l\u0131mc\u0131n\u0131n a\u015fa\u011f\u0131daki \u015fartlar\u0131 sa\u011flamas\u0131 gerekir:<br \/>\n(a) \u201c\u015eirket Ad\u0131\u201d alan\u0131 da dahil olmak \u00fczere resmi promosyon kay\u0131t formunu eksiksiz doldurun;<br \/>\n(b) kay\u0131t formunda sosyal medya profil kullan\u0131c\u0131 adlar\u0131n\u0131 belirtmeleri;<br \/>\n(c) \u00d6d\u00fcl \u00e7ekili\u015fi s\u0131ras\u0131nda ilgili takip\u00e7i say\u0131s\u0131na ula\u015fm\u0131\u015f olan belirli MEFERI sosyal medya kanal\u0131n\u0131n takip\u00e7isi olmak.<\/p>\n<p>E\u011fer bir kat\u0131l\u0131mc\u0131, \u00e7ekili\u015fin ger\u00e7ekle\u015fti\u011fi a\u015famay\u0131 tetikleyen belirli sosyal medya kanal\u0131n\u0131 takip etmiyorsa, promosyonun a\u00e7\u0131l\u0131\u015f sayfas\u0131na kay\u0131tl\u0131 olsa bile, o \u00e7ekili\u015fe kat\u0131lmaya hak kazanamaz.<\/p>\n<p>A\u015fa\u011f\u0131dakilerin ba\u015fvurular\u0131 ge\u00e7erli DE\u011e\u0130LD\u0130R:<br \/>\n(a) MEFERI Technologies Co., Ltd. \u015firketinin \u00e7al\u0131\u015fanlar\u0131, y\u00fcklenicileri veya temsilcileri ile bunlar\u0131n yak\u0131n aile \u00fcyeleri;<br \/>\n(b) AIDC, POS, Auto-ID, OEM veya ODM donan\u0131m markalar\u0131n\u0131n temsilcileri, \u00e7al\u0131\u015fanlar\u0131 veya i\u015ftirakleri;<br \/>\n(c) bir \u015firketi temsil etmeyen veya eksiksiz bir kay\u0131t formu doldurmadan ba\u015fvuru yapan ki\u015filer;<br \/>\n(d) yinelenen, eksik veya do\u011frulanamayan kay\u0131tlar.<\/p>\n<p>Sadece resmi promosyon kay\u0131t formunu ba\u015far\u0131yla dolduran, bu Resmi Kurallarda belirtilen t\u00fcm uygunluk \u015fartlar\u0131n\u0131 kar\u015f\u0131layan ve \u00f6d\u00fcl \u00e7ekili\u015fi s\u0131ras\u0131nda, s\u00f6z konusu \u00f6d\u00fcl \u00e7ekili\u015fi i\u00e7in belirlenen takip\u00e7i say\u0131s\u0131na ula\u015fm\u0131\u015f olan belirli MEFERI sosyal medya kanal\u0131n\u0131n takip\u00e7isi olarak do\u011frulanan kat\u0131l\u0131mc\u0131lar rastgele \u00f6d\u00fcl \u00e7ekili\u015fine dahil edilecektir.<\/p>\n<p><strong>Promosyon D\u00f6nemi<\/strong><\/p>\n<p>Kampanya, bu Resmi Kurallar\u0131n resmi promosyon sayfas\u0131nda yay\u0131nland\u0131\u011f\u0131 tarihte ba\u015flar ve devam eder. Kampanya, \u00fc\u00e7\u00fcnc\u00fc ve son \u00f6d\u00fcl \u00e7ekili\u015finin tamamlanmas\u0131n\u0131n ve kazanan\u0131n a\u00e7\u0131klanmas\u0131n\u0131n ard\u0131ndan sona erecektir.<\/p>\n<p><strong>Nas\u0131l Kat\u0131l\u0131n\u0131r (sat\u0131n alma gerekmez)<\/strong><\/p>\n<p>\u00c7ekili\u015fe kat\u0131lmak ve t\u00fcm \u00e7ekili\u015flere kat\u0131lmaya hak kazanmak i\u00e7in a\u015fa\u011f\u0131daki ad\u0131mlar\u0131 tamamlaman\u0131z gerekmektedir:<\/p>\n<ol>\n<li>MEFERI Topluluk Geli\u015fimi \u00c7ekili\u015fi&#039;nin resmi tan\u0131t\u0131m sayfas\u0131na gidin ve kampanya d\u00f6nemi boyunca kat\u0131l\u0131m formunu doldurun: <strong><a href=\"https:\/\/meferi.com\/tr\/promotions\/meferi-giveaway\/\" target=\"_blank\" rel=\"noopener\">https:\/\/meferi.com\/en\/promotions\/meferi-giveaway\/<\/a><\/strong><\/li>\n<li>Resmi promosyon ba\u015fvuru formunda, ge\u00e7erli bir \u015firket ad\u0131 ve MEFERI&#039;yi takip etmek i\u00e7in kulland\u0131\u011f\u0131n\u0131z sosyal medya profiliniz\/kullan\u0131c\u0131 ad\u0131n\u0131z da dahil olmak \u00fczere do\u011fru ve eksiksiz bilgiler verin.<\/li>\n<\/ol>\n<p><strong>\u00d6d\u00fcller ve \u00d6nemli \u00c7ekili\u015fler<\/strong><\/p>\n<p>\u00dc\u00e7 ayr\u0131 \u00e7ekili\u015fte toplam \u00fc\u00e7 (3) \u00f6d\u00fcl verilecektir. Her \u00e7ekili\u015f, belirli bir takip\u00e7i kilometre ta\u015f\u0131yla tetiklenir. Bir kat\u0131l\u0131mc\u0131, t\u00fcm Promosyon boyunca yaln\u0131zca bir (1) \u00f6d\u00fcl kazanma hakk\u0131na sahiptir.<\/p>\n<p>Bu promosyondan yararlanabilecek MEFERI sosyal medya kanallar\u0131 \u015funlard\u0131r:\u00a0<strong>LinkedIn, Facebook, X (eski ad\u0131yla Twitter), Instagram ve YouTube.<\/strong><\/p>\n<ul>\n<li><strong>\u00c7ekili\u015f 1: Takip\u00e7i Kilometre Ta\u015f\u0131 500<\/strong>\n<ul>\n<li><strong>Tetiklemek:<\/strong>\u00a0Bu \u00e7ekili\u015f, \u015fu durumlarda etkinle\u015ftirilecektir:\u00a0<em>Birinci<\/em>\u00a0Uygun MEFERI sosyal medya kanallar\u0131n\u0131n 500 takip\u00e7i\/aboneye ula\u015fmas\u0131.<\/li>\n<li><strong>\u00d6d\u00fcl:<\/strong>\u00a0Bir (1) kazanan, bir (1) \u00e7ift Apple AirPods Pro (\u00e7ekili\u015f s\u0131ras\u0131nda mevcut olan en son model) kazanacakt\u0131r.<\/li>\n<\/ul>\n<\/li>\n<li><strong>2. \u00c7ekili\u015f: 3.000 Takip\u00e7i Kilometre Ta\u015f\u0131<\/strong>\n<ul>\n<li><strong>Tetiklemek:<\/strong>\u00a0Bu \u00e7ekili\u015f, \u015fu durumlarda etkinle\u015ftirilecektir:\u00a0<em>Birinci<\/em> Uygun MEFERI sosyal medya kanallar\u0131ndan herhangi biri 3.000 takip\u00e7i\/abone say\u0131s\u0131na ula\u015f\u0131r.<\/li>\n<li><strong>\u00d6d\u00fcl:<\/strong>\u00a0Bir (1) kazanan, bir (1) adet Apple Watch (\u00e7ekili\u015f tarihinde mevcut olan en son model) kazanacakt\u0131r.<\/li>\n<\/ul>\n<\/li>\n<li><strong>3. \u00c7ekili\u015f: 5.000 Takip\u00e7i Kilometre Ta\u015f\u0131<\/strong>\n<ul>\n<li><strong>Tetiklemek:<\/strong>\u00a0Bu \u00e7ekili\u015f, \u015fu durumlarda etkinle\u015ftirilecektir:\u00a0<em>Birinci<\/em> Uygun MEFERI sosyal medya kanallar\u0131ndan herhangi biri 5.000 takip\u00e7i\/abone say\u0131s\u0131na ula\u015f\u0131r.<\/li>\n<li><strong>\u00d6d\u00fcl:<\/strong>\u00a0Bir (1) kazanan, bir (1) adet Apple iPhone Pro (\u00e7ekili\u015f tarihinde mevcut olan en son model) kazanacakt\u0131r.<\/li>\n<\/ul>\n<\/li>\n<\/ul>\n<p><strong>Genel \u00d6d\u00fcl Ko\u015fullar\u0131:<\/strong>\u00a0T\u00fcm \u00f6d\u00fcller devredilemez ve nakit veya ba\u015fka bir alternatif teklif edilmez. Apple Inc. bu promosyonun sponsoru, y\u00f6neticisi veya kat\u0131l\u0131mc\u0131s\u0131 de\u011fildir.<\/p>\n<p><strong>Do\u011frulama ve Kazanan Onay\u0131<\/strong><\/p>\n<p>1. MEFERI, resmi ba\u015fvuru formunu dolduran kat\u0131l\u0131mc\u0131lar\u0131n veri taban\u0131ndan rastgele bir potansiyel kazanan se\u00e7ecektir.<\/p>\n<p>2. MEFERI, herhangi bir \u00f6d\u00fcl kazanan\u0131 onaylamadan \u00f6nce a\u015fa\u011f\u0131dakilerin t\u00fcm\u00fcn\u00fc do\u011frulayacakt\u0131r:<br \/>\n(a) Kat\u0131l\u0131mc\u0131 resmi promosyon kay\u0131t formunu doldurdu;<br \/>\n(b) Kat\u0131l\u0131mc\u0131 kay\u0131t formunda ge\u00e7erli bir sosyal medya profili\/kullan\u0131c\u0131 ad\u0131 sa\u011flam\u0131\u015ft\u0131r;<br \/>\n(c) Kat\u0131l\u0131mc\u0131, bu Resmi Kurallar kapsam\u0131ndaki t\u00fcm uygunluk \u015fartlar\u0131n\u0131 kar\u015f\u0131lamaktad\u0131r.<\/p>\n<p>3. Potansiyel kazanan yukar\u0131daki ko\u015fullardan herhangi birini kar\u015f\u0131lamazsa, o \u00e7ekili\u015ften diskalifiye edilir ve ayn\u0131 kriterler alt\u0131nda yeni bir potansiyel kazanan se\u00e7ilir ve do\u011frulan\u0131r.<\/p>\n<p>MEFERI, do\u011frulanan kazananla kat\u0131l\u0131m formunda belirtilen e-posta adresi \u00fczerinden ileti\u015fime ge\u00e7ecektir. Kazanan\u0131n ad\u0131 ve sosyal medya hesab\u0131, kat\u0131l\u0131m s\u0131ras\u0131nda verilen bilgilerle makul \u00f6l\u00e7\u00fcde e\u015fle\u015fmelidir. Do\u011fruland\u0131ktan sonra, MEFERI kazanan\u0131 sosyal medya kanallar\u0131nda resmi olarak duyuracakt\u0131r.<\/p>\n<p><strong>Veri Koruma (GDPR)<\/strong><\/p>\n<ul>\n<li><strong>Kontrol\u00f6r:<\/strong>\u00a0MEFERI Teknolojileri A.\u015e.<\/li>\n<li><strong>Ama\u00e7 ve Hukuki Dayanak:<\/strong>\u00a0Ki\u015fisel verilerinizin i\u015flenmesinin temel amac\u0131, bu devam eden \u00e7ekili\u015fi y\u00f6netmek ve size pazarlama ileti\u015fimleri g\u00f6ndermektir. T\u00fcm veri i\u015fleme faaliyetlerinin yasal dayana\u011f\u0131, a\u00e7\u0131k r\u0131zan\u0131zd\u0131r.\u00a0<strong>onay<\/strong>\u00a0(GDPR Madde 6(1)(a)), giri\u015f formunu g\u00f6ndererek sa\u011flad\u0131\u011f\u0131n\u0131z.<\/li>\n<li><strong>Onay\u0131 Geri \u00c7ekme:<\/strong>\u00a0Gelecekteki pazarlama e-postalar\u0131 i\u00e7in verdi\u011finiz onay\u0131, &quot;abonelikten \u00e7\u0131k&quot; ba\u011flant\u0131s\u0131na t\u0131klayarak istedi\u011finiz zaman geri \u00e7ekebilirsiniz. Pazarlama ileti\u015fimlerinden \u00e7ekilmeniz, kat\u0131l\u0131m\u0131n\u0131z\u0131 bu \u00e7ekili\u015f veritaban\u0131ndan kald\u0131rmayacakt\u0131r. \u00c7ekili\u015ften tamamen \u00e7ekilmek i\u00e7in, bizimle ileti\u015fime ge\u00e7erek verilerinizin silinmesini talep etmelisiniz.\u00a0<a href=\"mailto:legal@meferi.com\"><strong>legal@meferi.com<\/strong><\/a>.<\/li>\n<li><strong>\u0130\u015flenen veriler:<\/strong>\u00a0Ad, soyad, e-posta adresi ve Sosyal Medya Kullan\u0131c\u0131 Ad\u0131. \u00d6d\u00fcl teslimat\u0131n\u0131n koordinasyonu i\u00e7in kazananlardan bir telefon numaras\u0131 talep edilebilir.<\/li>\n<li><strong>Tutulma:<\/strong>\u00a0Hediye \u00e7ekili\u015fine kat\u0131l\u0131m verileri, Promosyon sona erene kadar saklanacakt\u0131r. Pazarlamaya onay verdiyseniz, verileriniz onay\u0131n\u0131z geri \u00e7ekilene kadar saklanacakt\u0131r. Kazananlar\u0131n verileri ise denetim ve uyumluluk ama\u00e7lar\u0131yla 5 y\u0131la kadar saklanacakt\u0131r.<\/li>\n<li><strong>Haklar:<\/strong>\u00a0Verilerinize eri\u015fme, d\u00fczeltme, silme veya i\u015flenmesini k\u0131s\u0131tlama hakk\u0131na ve ayr\u0131ca veri ta\u015f\u0131nabilirli\u011fi hakk\u0131na sahipsiniz. Bu haklar\u0131 kullanmak i\u00e7in l\u00fctfen bizimle ileti\u015fime ge\u00e7in:\u00a0<a href=\"mailto:legal@meferi.com\"><strong>legal@meferi.com<\/strong><\/a>Ayr\u0131ca yerel veri koruma otoritenizle de ileti\u015fime ge\u00e7ebilirsiniz.<\/li>\n<li><strong>Transferler:<\/strong>\u00a0Veriler AEA d\u0131\u015f\u0131nda depolan\u0131yor veya i\u015fleniyorsa, MEFERI uygun g\u00fcvenlik \u00f6nlemlerini (\u00f6rne\u011fin, Standart S\u00f6zle\u015fme Maddeleri) kullanacakt\u0131r.<\/li>\n<\/ul>\n<p><strong>De\u011fi\u015fiklikler, Ask\u0131ya Alma veya Sonland\u0131rma<\/strong><\/p>\n<p>MEFERI Technologies Co., Ltd., makul kontrol\u00fcn\u00fcn \u00f6tesinde geli\u015fen veya promosyonun adaletini, b\u00fct\u00fcnl\u00fc\u011f\u00fcn\u00fc veya uygun y\u00fcr\u00fct\u00fclmesini tehlikeye atabilecek durumlar ortaya \u00e7\u0131kmas\u0131 halinde, bu promosyonu tamamen veya k\u0131smen, herhangi bir zamanda ve \u00f6nceden bildirimde bulunmaks\u0131z\u0131n de\u011fi\u015ftirme, ask\u0131ya alma, erteleme veya iptal etme hakk\u0131n\u0131 sakl\u0131 tutar.<\/p>\n<p>Bu Resmi Kurallarda yap\u0131lacak herhangi bir de\u011fi\u015fiklik, resmi organizasyon sayfas\u0131nda yay\u0131nlanacak ve yay\u0131nland\u0131\u011f\u0131 andan itibaren y\u00fcr\u00fcrl\u00fc\u011fe girecektir.<\/p>\n<p><!-- notionvc: 7ea47090-b6d1-4bdf-b3f2-e9d34a5e2ba5 --><\/p>\n\r\n\t\t<\/div>\r\n\t<\/div>\r\n<\/div><\/div><\/div>\n<\/div>","protected":false},"excerpt":{"rendered":"MEFERI Community Growth Giveaway - Official Rules (Effective from the date of publication, Published on:\u00a01 October 2025 at 08:39) Promoter MEFERI Technologies Co., Ltd., Unit 3-2, Building 4, No. 2555, Section 2, Huanglong Avenue, Shuangliu District, Chengdu 610000, Sichuan, P.R. China. Contact:\u00a0campaigns@meferi.com Eligibility This Promotion is open only to natural persons aged 18 years or [...]","protected":false},"author":5,"featured_media":0,"parent":0,"menu_order":0,"comment_status":"closed","ping_status":"closed","template":"","meta":{"_acf_changed":false,"footnotes":""},"industry":[],"class_list":["post-9630","page","type-page","status-publish","hentry"],"acf":[],"_links":{"self":[{"href":"https:\/\/meferi.com\/tr\/wp-json\/wp\/v2\/pages\/9630","targetHints":{"allow":["GET"]}}],"collection":[{"href":"https:\/\/meferi.com\/tr\/wp-json\/wp\/v2\/pages"}],"about":[{"href":"https:\/\/meferi.com\/tr\/wp-json\/wp\/v2\/types\/page"}],"author":[{"embeddable":true,"href":"https:\/\/meferi.com\/tr\/wp-json\/wp\/v2\/users\/5"}],"replies":[{"embeddable":true,"href":"https:\/\/meferi.com\/tr\/wp-json\/wp\/v2\/comments?post=9630"}],"version-history":[{"count":0,"href":"https:\/\/meferi.com\/tr\/wp-json\/wp\/v2\/pages\/9630\/revisions"}],"wp:attachment":[{"href":"https:\/\/meferi.com\/tr\/wp-json\/wp\/v2\/media?parent=9630"}],"wp:term":[{"taxonomy":"industry","embeddable":true,"href":"https:\/\/meferi.com\/tr\/wp-json\/wp\/v2\/industry?post=9630"}],"curies":[{"name":"wp","href":"https:\/\/api.w.org\/{rel}","templated":true}]}}