{"id":506,"date":"2025-08-05T23:47:08","date_gmt":"2025-08-05T20:47:08","guid":{"rendered":"https:\/\/meferi.pontima.ru\/?page_id=506"},"modified":"2026-02-04T09:11:39","modified_gmt":"2026-02-04T08:11:39","slug":"contact-meferi","status":"publish","type":"page","link":"https:\/\/meferi.com\/tr\/contact-meferi\/","title":{"rendered":"MEFERI ile ileti\u015fime ge\u00e7in"},"content":{"rendered":"<div class=\"wpb-content-wrapper\"><div class=\"vc_row wpb_row row top-row gradient-container-1 rounded-section vc_custom_1756144845035 vc_row-has-fill vc_row-o-content-middle vc_row-flex wpb_custom_034b39d9bc6c6b310d69e39f0ccf274f\"><div class=\"gradient-column-1 vc_column_container col-md-6 vc_custom_1754429301146\"><div class=\"wpb_wrapper vc_column-inner\"><div class=\"porto-sicon-box  vc_custom_1757049804532  wpb_custom_15f954ea264e1aa9eabc875a7847dc8d style_1 top-icon\"><div class=\"porto-sicon-top\"><div class=\"porto-just-icon-wrapper porto-sicon-img  porto-icon-9f5d1cfb45d27d96b50bf473aebba227\" style=\"font-size: 99px;\"><img loading=\"lazy\" decoding=\"async\" class=\"img-icon\" alt=\"\" src=\"https:\/\/meferi.com\/wp-content\/uploads\/2025\/08\/blue1.png\" width=\"128\" height=\"128\" \/><\/div><\/div><div class=\"porto-sicon-header\" style=\"margin-bottom:22px;\"><h3 class=\"porto-sicon-title\" style=\"margin-bottom:22px;\">Bize Ula\u015f\u0131n<\/h3><p>\u0130\u015fletmenizi Bir \u00dcst Seviyeye Ta\u015f\u0131maya Haz\u0131r m\u0131s\u0131n\u0131z?<\/p><\/div> <!-- header --><div class=\"porto-sicon-description\" style=\"\">Uzmanlar\u0131m\u0131zla ileti\u015fime ge\u00e7in. Hemen bize ula\u015f\u0131n.<br \/>\nBize nas\u0131l ula\u015fabilece\u011finizi a\u015fa\u011f\u0131da bulabilirsiniz.<\/div> <!-- description --><\/div><!-- porto-sicon-box --><\/div><\/div><div class=\"gradient-column-2 vc_column_container col-md-6 section section-parallax vc_custom_1754425010515\"><div class=\"wpb_wrapper vc_column-inner\">\r\n\t<div class=\"wpb_single_image wpb_content_element vc_align_left wpb_content_element  wpb_custom_81a4f7ef9830bf958462581aa01150fb\"><div class=\"wpb_wrapper\">\r\n\t\t\t\r\n\t\t\t<div class=\"vc_single_image-wrapper   vc_box_border_grey\"><img loading=\"lazy\" decoding=\"async\" width=\"600\" height=\"480\" src=\"https:\/\/meferi.com\/wp-content\/uploads\/2025\/08\/btm1.png\" class=\"vc_single_image-img attachment-full\" alt=\"\" title=\"btm1\" srcset=\"https:\/\/meferi.com\/wp-content\/uploads\/2025\/08\/btm1.png 600w, https:\/\/meferi.com\/wp-content\/uploads\/2025\/08\/btm1-400x320.png 400w\" sizes=\"auto, (max-width: 600px) 100vw, 600px\" \/><\/div>\r\n\t\t<\/div>\r\n\t<\/div>\r\n<\/div><\/div><\/div><div class=\"vc_row wpb_row row top-row gradient-container-2 rounded-section vc_custom_1757015196420 vc_row-has-fill vc_row-o-content-bottom vc_row-flex wpb_custom_034b39d9bc6c6b310d69e39f0ccf274f\"><div class=\"gradient-column-3 vc_column_container col-md-6 vc_custom_1755694446934\"><div class=\"wpb_wrapper vc_column-inner\"><div class=\"porto-sicon-box  vc_custom_1762964900659  wpb_custom_eda108f1ca4c258770eada385a7bba5c style_1 top-icon\"><div class=\"porto-sicon-top\"><div class=\"porto-just-icon-wrapper porto-sicon-img  porto-icon-9f5d1cfb45d27d96b50bf473aebba227\" style=\"font-size: 90px;\"><img loading=\"lazy\" decoding=\"async\" class=\"img-icon\" alt=\"\" src=\"https:\/\/meferi.com\/wp-content\/uploads\/2025\/08\/blue1.png\" width=\"128\" height=\"128\" \/><\/div><\/div><div class=\"porto-sicon-header\" style=\"margin-bottom:44px;\"><a class=\"porto-sicon-box-link\" href=\"tel:+864001818815\" target='_blank'><h3 class=\"porto-sicon-title\" style=\"margin-bottom:22px;\">Sat\u0131\u015f Ekibiyle \u0130leti\u015fime Ge\u00e7in<\/h3><\/a><p>+86 400-1818-815<\/p><\/div> <!-- header --><div class=\"porto-sicon-description\" style=\"\">Bilgili sat\u0131\u015f ekibimizle ileti\u015fime ge\u00e7erek i\u015fletme operasyonlar\u0131n\u0131z\u0131 optimize etmek i\u00e7in bir ad\u0131m at\u0131n. MEFERI \u00fcr\u00fcn ve \u00e7\u00f6z\u00fcmlerinin t\u00fcm potansiyelini ke\u015ffedin ve sat\u0131n alma s\u00fcrecinizde eksiksiz rehberlik al\u0131n.<\/div> <!-- description --><\/div><!-- porto-sicon-box --><div class=\"vc_btn3-container vc_btn3-left vc_custom_1757015152413 vc_do_btn\" >\r\n\t<a class=\"vc_general vc_btn3 vc_btn3-size-lg vc_btn3-shape-round vc_btn3-style-classic wpb_custom_6687b26f39488ddbb85ddb3c1ce8e111 vc_btn3-color-black btn\" style=\"padding-left:44px; padding-right:44px;\" href=\"https:\/\/meferi.com\/tr\/contact-meferi\/contact-sales\/\" title=\"Sat\u0131\u015f Ekibiyle \u0130leti\u015fime Ge\u00e7in\" target=\"_blank\">Temas etmek<\/a>\t<\/div>\r\n<\/div><\/div><div class=\"gradient-column-4 vc_column_container col-md-6 vc_custom_1755694495383\"><div class=\"wpb_wrapper vc_column-inner\"><div class=\"porto-sicon-box  vc_custom_1762965163516  wpb_custom_155687f62565a444a1ba2263e74d0ebb style_1 top-icon\"><div class=\"porto-sicon-top\"><div class=\"porto-just-icon-wrapper porto-sicon-img  porto-icon-9f5d1cfb45d27d96b50bf473aebba227\" style=\"font-size: 90px;\"><img loading=\"lazy\" decoding=\"async\" class=\"img-icon\" alt=\"\" src=\"https:\/\/meferi.com\/wp-content\/uploads\/2025\/08\/white1.png\" width=\"128\" height=\"128\" \/><\/div><\/div><div class=\"porto-sicon-header\" style=\"margin-bottom:44px;\"><a class=\"porto-sicon-box-link\" href=\"tel:+864001818815\" target='_blank'><h3 class=\"porto-sicon-title\" style=\"margin-bottom:22px;\">M\u00fc\u015fteri Deste\u011fi<\/h3><\/a><p>+86 400-1818-815<\/p><\/div> <!-- header --><div class=\"porto-sicon-description\" style=\"\">\u0130ster deneyimli bir MEFERI kullan\u0131c\u0131s\u0131 olun, ister yeni ba\u015fl\u0131yor olun, size yard\u0131mc\u0131 olmak ve t\u00fcm MEFERI \u00fcr\u00fcn yelpazemiz hakk\u0131nda uzmanlardan nitelikli rehberlik almak i\u00e7in buraday\u0131z.<\/div> <!-- description --><\/div><!-- porto-sicon-box --><div class=\"vc_btn3-container vc_btn3-left vc_custom_1770192694251 vc_do_btn\" >\r\n\t<a class=\"vc_general vc_btn3 vc_btn3-size-lg vc_btn3-shape-round vc_btn3-style-classic wpb_custom_6687b26f39488ddbb85ddb3c1ce8e111 vc_btn3-color-black btn\" style=\"padding-left:44px; padding-right:44px;\" href=\"https:\/\/meferi.com\/tr\/support\/\" title=\"Destek Ekibiyle \u0130leti\u015fime Ge\u00e7in\" target=\"_blank\">Temas etmek<\/a>\t<\/div>\r\n<\/div><\/div><\/div><div class=\"vc_row wpb_row row top-row gradient-container-3 rounded-section vc_custom_1756144866234 vc_row-has-fill vc_row-o-content-top vc_row-flex wpb_custom_034b39d9bc6c6b310d69e39f0ccf274f\"><div class=\"gradient-column-5 vc_column_container col-md-12 vc_custom_1754432123022\"><div class=\"wpb_wrapper vc_column-inner\"><div class=\"porto-sicon-box  vc_custom_1759912464247  wpb_custom_3ef683840b346e094e1090f74cc805da style_1 default-icon\"><div class=\"porto-sicon-header\" style=\"margin-bottom:22px;\"><h3 class=\"porto-sicon-title\" style=\"margin-bottom:22px;\">Yak\u0131n\u0131n\u0131zdaki MEFERI ofisini bulun<\/h3><\/div> <!-- header --><\/div><!-- porto-sicon-box --><\/div><\/div><div class=\"gradient-column-6 vc_column_container col-md-6 vc_custom_1754429301146\"><div class=\"wpb_wrapper vc_column-inner\"><div class=\"porto-sicon-box  vc_custom_1762964682509  wpb_custom_e9f065fcad674d962790ad341e9de770 style_1 default-icon flex-wrap\"><div class=\"porto-sicon-header\" style=\"margin-bottom:22px;\"><h3 class=\"porto-sicon-title\" style=\"margin-bottom:22px;\">Genel Merkez ve \u00dcretim Merkezi<\/h3><p>MEFERI Teknolojileri A.\u015e.<\/p><\/div> <!-- header --><div class=\"porto-sicon-description\" style=\"\"><span style=\"font-size: 17px;\">\u00dcnite 3-2, Bina 4, No. 2555, B\u00f6l\u00fcm 2, Huanglong Caddesi, Shuangliu B\u00f6lgesi, <\/span><span style=\"font-size: 17px;\">Chengdu, Sichuan, \u00c7in Halk Cumhuriyeti, Posta kodu: 610000<\/span><\/p>\n<p><span data-teams=\"true\">\ud83d\udce7<\/span> <a class=\"hover_active\" href=\"mailto:meferi@meferi.com\" data-v-f3e115c6=\"\">meferi@meferi.com<\/a><\/p>\n<p><span data-teams=\"true\">\ud83d\udcde <\/span><a class=\"hover_active\" href=\"tel:+86 400-1818-815\" data-v-f3e115c6=\"\">+86 400-1818-815<\/a><\/div> <!-- description --><\/div><!-- porto-sicon-box --><\/div><\/div><div class=\"gradient-column-7 vc_column_container col-md-6 vc_custom_1754431206322\"><div class=\"wpb_wrapper vc_column-inner\"><div class=\"porto-sicon-box  vc_custom_1759855836382  wpb_custom_e9f065fcad674d962790ad341e9de770 style_1 default-icon flex-wrap\"><div class=\"porto-sicon-header\" style=\"margin-bottom:22px;\"><h3 class=\"porto-sicon-title\" style=\"margin-bottom:22px;\">Uluslararas\u0131 Ticaret Kay\u0131tl\u0131 Ofisi<\/h3><p>MEFERI Teknolojileri A.\u015e.<\/p><\/div> <!-- header --><div class=\"porto-sicon-description\" style=\"\">\u00dcN\u0130TE 917B.9\/F, KULE A. NEWMANDARIN PLAZA,<br \/>\n14 Bilim M\u00fczesi Yolu, Tsim Sha Tsui,<br \/>\nKOWLOON, Hong Kong, Posta kodu: 999077<\/p>\n<p><span style=\"font-size: 14px;\">L\u00fctfen dikkat: Bu adres yaln\u0131zca yasal ve idari ama\u00e7lar i\u00e7indir. T\u00fcm \u00fcr\u00fcn g\u00f6nderileri, iadeler ve operasyonel yaz\u0131\u015fmalar Chengdu&#039;daki Genel Merkezimize y\u00f6nlendirilmelidir.<\/span><\/div> <!-- description --><\/div><!-- porto-sicon-box --><\/div><\/div><div class=\"gradient-column-8 vc_column_container col-md-12 vc_custom_1754431590031\"><div class=\"wpb_wrapper vc_column-inner\"><div class=\"porto-sicon-box  vc_custom_1766637952337  wpb_custom_9f2a3857ec7de17d9705418ae743de87 style_1 default-icon\"><div class=\"porto-sicon-header\"><h3 class=\"porto-sicon-title\" style=\"\">Avrupa B\u00f6lge Ofisi<\/h3><\/div> <!-- header --><\/div><!-- porto-sicon-box --><\/div><\/div><div class=\"gradient-column-9 vc_column_container col-md-6\"><div class=\"wpb_wrapper vc_column-inner\"><div class=\"porto-sicon-box  vc_custom_1766638182332  wpb_custom_7e243901e3651231e6446f562928e7b0 style_1 default-icon flex-wrap\"><div class=\"porto-sicon-header\" style=\"margin-bottom:22px;\"><h3 class=\"porto-sicon-title\" style=\"margin-bottom:22px;\">\u00c7ek<\/h3><p>MEFERI Czech sro<\/p><\/div> <!-- header --><div class=\"porto-sicon-description\" style=\"\">Svetova 523\/1, Prag 8, 180 00, \u00c7ek Cumhuriyeti.<\/p>\n<p>\ud83d\udce7 <a class=\"hover_active\" href=\"mailto:czech@meferi.com\" data-v-f3e115c6=\"\">czech@meferi.com<\/a><\/p>\n<p><span data-teams=\"true\">\ud83d\udcde <\/span><a class=\"hover_active\" href=\"tel:+420737489292\" data-v-f3e115c6=\"\">+420 737-489-292<\/a><\/div> <!-- description --><\/div><!-- porto-sicon-box --><\/div><\/div><div class=\"gradient-column-10 vc_column_container col-md-6\"><div class=\"wpb_wrapper vc_column-inner\"><\/div><\/div><div class=\"gradient-column-11 vc_column_container col-md-6\"><div class=\"wpb_wrapper vc_column-inner\"><div class=\"porto-sicon-box  vc_custom_1766638255272  wpb_custom_7e243901e3651231e6446f562928e7b0 style_1 default-icon flex-wrap\"><div class=\"porto-sicon-header\" style=\"margin-bottom:22px;\"><h3 class=\"porto-sicon-title\" style=\"margin-bottom:22px;\">Moldova<\/h3><p>Resmi Temsilci<\/p><\/div> <!-- header --><div class=\"porto-sicon-description\" style=\"\"><span data-teams=\"true\">171\/3 Uzinelor Caddesi, Ki\u015finev, Moldova Cumhuriyeti<\/span><\/p>\n<p>\ud83d\udce7 <a class=\"hover_active\" href=\"mailto:moldova@meferi.com\" data-v-f3e115c6=\"\">moldova@meferi.com<\/a><\/p>\n<p><span data-teams=\"true\">\ud83d\udcde <\/span><a class=\"hover_active\" href=\"tel:+373(79)339933\" data-v-f3e115c6=\"\">+373(79)339933<\/a><\/div> <!-- description --><\/div><!-- porto-sicon-box --><\/div><\/div><div class=\"gradient-column-12 vc_column_container col-md-6\"><div class=\"wpb_wrapper vc_column-inner\"><div class=\"porto-sicon-box  vc_custom_1766638204625  wpb_custom_7e243901e3651231e6446f562928e7b0 style_1 default-icon flex-wrap\"><div class=\"porto-sicon-header\" style=\"margin-bottom:22px;\"><h3 class=\"porto-sicon-title\" style=\"margin-bottom:22px;\">BDT \u00dclkeleri<\/h3><p>Resmi Temsilci<\/p><\/div> <!-- header --><div class=\"porto-sicon-description\" style=\"\">\n<div class=\"add_item_tips\" data-v-f3e115c6=\"\">\n<p>Vladimir Volin<\/p>\n<p><span data-teams=\"true\">\ud83d\udce7 <a class=\"hover_active\" href=\"mailto:v.volin@meferi.com\" data-v-f3e115c6=\"\">v.volin@meferi.com<\/a><\/span><\/p>\n<p>\ud83d\udcde <a class=\"hover_active\" href=\"tel:+79031907755\" data-v-f3e115c6=\"\">+7 903 190-77-55<\/a><\/p>\n<\/div>\n<p><\/div> <!-- description --><\/div><!-- porto-sicon-box --><\/div><\/div><div class=\"gradient-column-13 vc_column_container col-md-12 text-left\"><div class=\"wpb_wrapper vc_column-inner\"><div class=\"porto-sicon-box  vc_custom_1766638018306  wpb_custom_9f2a3857ec7de17d9705418ae743de87 style_1 default-icon\"><div class=\"porto-sicon-header\"><h3 class=\"porto-sicon-title\" style=\"\">Afrika B\u00f6lge Ofisi<\/h3><\/div> <!-- header --><\/div><!-- porto-sicon-box --><div class=\"porto-sicon-box  vc_custom_1766638568963  wpb_custom_7e243901e3651231e6446f562928e7b0 style_1 default-icon flex-wrap\"><div class=\"porto-sicon-header\" style=\"margin-bottom:22px;\"><h3 class=\"porto-sicon-title\" style=\"margin-bottom:22px;\">Meferi Technologies EA Limited<\/h3><p>Resmi Temsilci<\/p><\/div> <!-- header --><div class=\"porto-sicon-description\" style=\"\">Mirage Plaza, 3. Kat, Mombasa Yolu,<br \/>\nNairobi Kenya, Posta Kutusu 114-00515<\/p>\n<p>\ud83d\udce7 <a href=\"mailto:east.africa@meferi.com\">east.africa@meferi.com<\/a><\/p>\n<p><span data-teams=\"true\">\ud83d\udcde <a href=\"tel:+254 738 825099\">+254 738 825099<\/a><\/span><\/div> <!-- description --><\/div><!-- porto-sicon-box --><\/div><\/div><\/div><div class=\"vc_row wpb_row row top-row gradient-container-4 rounded-section vc_custom_1756144879928 vc_row-has-fill vc_row-o-content-middle vc_row-flex wpb_custom_034b39d9bc6c6b310d69e39f0ccf274f\"><div class=\"gradient-column-14 vc_column_container col-md-6 vc_custom_1754429301146\"><div class=\"wpb_wrapper vc_column-inner\"><div class=\"porto-sicon-box  vc_custom_1757049717483  wpb_custom_510e239a24dc8077b7269da32129300e style_1 default-icon flex-wrap\"><div class=\"porto-sicon-header\" style=\"margin-bottom:22px;\"><h3 class=\"porto-sicon-title\" style=\"margin-bottom:22px;\">MEFERI&#039;yi Se\u00e7ti\u011finiz \u0130\u00e7in Te\u015fekk\u00fcr Ederiz<\/h3><p>Ola\u011fan\u00fcst\u00fc M\u00fc\u015fteri Hizmeti Garantisi<\/p><\/div> <!-- header --><div class=\"porto-sicon-description\" style=\"\">\u00dcr\u00fcn veya hizmet ihtiya\u00e7lar\u0131n\u0131z i\u00e7in MEFERI&#039;yi tercih etti\u011finiz i\u00e7in te\u015fekk\u00fcr ederiz. Deneyimli ekibimiz, m\u00fckemmel m\u00fc\u015fteri hizmeti ve deste\u011fi sunmaya kendini adam\u0131\u015ft\u0131r. Herhangi bir sorunuz veya endi\u015feniz varsa, l\u00fctfen bizimle ileti\u015fime ge\u00e7mekten \u00e7ekinmeyin. Sat\u0131\u015f departman\u0131na veya teknik destek ekibine ula\u015fmak i\u00e7in ileti\u015fim bilgileri d\u00fc\u011fmelerini veya yukar\u0131da listelenen telefon numaralar\u0131n\u0131 veya e-posta adreslerini kullan\u0131n. Size yard\u0131mc\u0131 olmaktan her zaman mutluluk duyar\u0131z!<\/div> <!-- description --><\/div><!-- porto-sicon-box --><\/div><\/div><div class=\"gradient-column-15 vc_column_container col-md-6 section section-parallax vc_custom_1754425010515\"><div class=\"wpb_wrapper vc_column-inner\">\r\n\t<div class=\"wpb_single_image wpb_content_element vc_align_left wpb_content_element  wpb_custom_81a4f7ef9830bf958462581aa01150fb\"><div class=\"wpb_wrapper\">\r\n\t\t\t\r\n\t\t\t<div class=\"vc_single_image-wrapper   vc_box_border_grey\"><img loading=\"lazy\" decoding=\"async\" width=\"640\" height=\"530\" src=\"https:\/\/meferi.com\/wp-content\/uploads\/2025\/08\/btm2-1.jpg\" class=\"vc_single_image-img attachment-full\" alt=\"\" title=\"btm2\" srcset=\"https:\/\/meferi.com\/wp-content\/uploads\/2025\/08\/btm2-1.jpg 640w, https:\/\/meferi.com\/wp-content\/uploads\/2025\/08\/btm2-1-400x331.jpg 400w, https:\/\/meferi.com\/wp-content\/uploads\/2025\/08\/btm2-1-600x497.jpg 600w\" sizes=\"auto, (max-width: 640px) 100vw, 640px\" \/><\/div>\r\n\t\t<\/div>\r\n\t<\/div>\r\n<\/div><\/div><\/div>\n<\/div>","protected":false},"excerpt":{"rendered":"Contact UsReady to Take Your Business to the Next Level? Get in touch with our experts. contact us now. Here's how you can reach us. Contact Sales+86 400-1818-815 Take a step to optimizing your business operations by connecting with our knowledgeable sales team. Discover full potential of MEFERI products and solutions, and get full guidance [...]","protected":false},"author":2,"featured_media":8450,"parent":0,"menu_order":0,"comment_status":"closed","ping_status":"closed","template":"","meta":{"_acf_changed":false,"footnotes":""},"industry":[],"class_list":["post-506","page","type-page","status-publish","has-post-thumbnail","hentry"],"acf":[],"_links":{"self":[{"href":"https:\/\/meferi.com\/tr\/wp-json\/wp\/v2\/pages\/506","targetHints":{"allow":["GET"]}}],"collection":[{"href":"https:\/\/meferi.com\/tr\/wp-json\/wp\/v2\/pages"}],"about":[{"href":"https:\/\/meferi.com\/tr\/wp-json\/wp\/v2\/types\/page"}],"author":[{"embeddable":true,"href":"https:\/\/meferi.com\/tr\/wp-json\/wp\/v2\/users\/2"}],"replies":[{"embeddable":true,"href":"https:\/\/meferi.com\/tr\/wp-json\/wp\/v2\/comments?post=506"}],"version-history":[{"count":0,"href":"https:\/\/meferi.com\/tr\/wp-json\/wp\/v2\/pages\/506\/revisions"}],"wp:featuredmedia":[{"embeddable":true,"href":"https:\/\/meferi.com\/tr\/wp-json\/wp\/v2\/media\/8450"}],"wp:attachment":[{"href":"https:\/\/meferi.com\/tr\/wp-json\/wp\/v2\/media?parent=506"}],"wp:term":[{"taxonomy":"industry","embeddable":true,"href":"https:\/\/meferi.com\/tr\/wp-json\/wp\/v2\/industry?post=506"}],"curies":[{"name":"wp","href":"https:\/\/api.w.org\/{rel}","templated":true}]}}