{"id":4767,"date":"2025-08-20T11:15:55","date_gmt":"2025-08-20T08:15:55","guid":{"rendered":"https:\/\/meferi.pontima.ru\/?page_id=4767"},"modified":"2025-08-20T11:16:27","modified_gmt":"2025-08-20T08:16:27","slug":"windriver","status":"publish","type":"page","link":"https:\/\/meferi.com\/tr\/software\/omnisoftware-suite\/windriver\/","title":{"rendered":"WinDriver"},"content":{"rendered":"<div class=\"wpb-content-wrapper\"><div class=\"vc_row wpb_row row top-row gradient-container-1 rounded-section vc_custom_1755626505543 vc_row-has-fill vc_row-o-content-middle vc_row-flex wpb_custom_034b39d9bc6c6b310d69e39f0ccf274f\"><div class=\"gradient-column-1 vc_column_container col-md-3\"><div class=\"wpb_wrapper vc_column-inner\">\r\n\t<div class=\"wpb_single_image wpb_content_element vc_align_center wpb_content_element  vc_custom_1755677779524 wpb_custom_81a4f7ef9830bf958462581aa01150fb\"><div class=\"wpb_wrapper\">\r\n\t\t\t\r\n\t\t\t<div class=\"vc_single_image-wrapper   vc_box_border_grey\"><img decoding=\"async\" class=\"vc_single_image-img\" src=\"https:\/\/meferi.com\/wp-content\/uploads\/2025\/08\/oss16.3bbe6dad-1.svg\" width=\"122\" height=\"122\" alt=\"oss16.3bbe6dad (1)\" title=\"oss16.3bbe6dad (1)\" loading=\"lazy\" \/><\/div>\r\n\t\t<\/div>\r\n\t<\/div>\r\n<\/div><\/div><div class=\"gradient-column-2 vc_column_container col-md-9 section section-parallax vc_custom_1754425010515\"><div class=\"wpb_wrapper vc_column-inner\"><div class=\"porto-sicon-box  vc_custom_1755677700293  wpb_custom_25365e23fceccf8f15db48de8f75c6aa style_1 default-icon flex-wrap\"><div class=\"porto-sicon-header\"><h2 class=\"porto-sicon-title\" style=\"\">WinDriver<\/h2><p>Verimli Etiket Bask\u0131s\u0131 Do\u011fru Windows S\u00fcr\u00fcc\u00fcs\u00fcyle Ba\u015flar<\/p><\/div> <!-- header --><div class=\"porto-sicon-description\" style=\"\">Geli\u015ftiren: MEFERI<\/p>\n<div class=\"img_item\" data-v-4bc8856b=\"\">\n<div class=\"img_item\" data-v-3f1891a0=\"\"><img decoding=\"async\" src=\"https:\/\/meferi.com\/img\/aip.9e6eeebf.svg\" alt=\"\" data-v-08800ec6=\"\"> <span data-v-08800ec6=\"\">Paket \u00dczerinden \u0130ste\u011fe Ba\u011fl\u0131 Kurulum<\/span><\/div>\n<\/div>\n<p><a class=\"porto-sicon-read xx\" href=\"https:\/\/meferi.com\/tr\/contact-meferi\/contact-sales\/\" target='_blank' title='Sat\u0131\u015f Ekibiyle \u0130leti\u015fime Ge\u00e7in'>Sat\u0131\u015f Ekibiyle \u0130leti\u015fime Ge\u00e7in<span>&nbsp;\"<\/span><\/a><\/div> <!-- description --><\/div><!-- porto-sicon-box --><\/div><\/div><\/div><div class=\"vc_row wpb_row row top-row gradient-container-2 rounded-section vc_custom_1755626330333 vc_row-has-fill vc_row-o-content-middle vc_row-flex wpb_custom_034b39d9bc6c6b310d69e39f0ccf274f\"><div class=\"gradient-column-3 vc_column_container col-md-8 text-left vc_custom_1755615028840\"><div class=\"wpb_wrapper vc_column-inner\"><div class=\"porto-sicon-box  vc_custom_1755677715138  wpb_custom_b1a30c604ff8b5a57cd7043001a08032 style_1 default-icon flex-wrap\"><div class=\"porto-sicon-header\"><h2 class=\"porto-sicon-title\" style=\"\">A\u00e7\u0131klama<\/h2><\/div> <!-- header --><div class=\"porto-sicon-description\" style=\"\">\n<div class=\"bfm_wrap abd_wrap\" data-v-5a780be4=\"\">\n<div class=\"title_des_wrap\" data-v-5a780be4=\"\">\n<div class=\"des\" data-v-5a780be4=\"\">Masa\u00fcst\u00fc etiket yaz\u0131c\u0131lar\u0131 i\u00e7in Windows s\u00fcr\u00fcc\u00fcs\u00fc, etiket yazd\u0131rma s\u00fcrecinizi basitle\u015ftirerek kolayca ba\u015flaman\u0131z\u0131 sa\u011flar. \u00d6zel \u00e7\u00f6z\u00fcm\u00fcm\u00fczle, yaz\u0131c\u0131n\u0131z\u0131 Windows bilgisayar\u0131n\u0131za zahmetsizce ba\u011flayabilir ve hemen profesyonel kalitede etiketler yazd\u0131rmaya ba\u015flayabilirsiniz.<\/div>\n<\/div>\n<\/div>\n<div class=\"fdo_wrap\" data-v-5a780be4=\"\">\n<div class=\"title_des_wrap\" data-v-5a780be4=\"\"><\/div>\n<\/div>\n<p><\/div> <!-- description --><\/div><!-- porto-sicon-box --><\/div><\/div><div class=\"gradient-column-4 vc_column_container col-md-4\"><div class=\"wpb_wrapper vc_column-inner\"><\/div><\/div><\/div><div class=\"vc_row wpb_row row top-row gradient-container-3 rounded-section vc_custom_1755626084429 vc_row-has-fill vc_row-o-content-top vc_row-flex wpb_custom_034b39d9bc6c6b310d69e39f0ccf274f\"><div class=\"gradient-column-5 vc_column_container col-md-7 vc_custom_1755626380823\"><div class=\"wpb_wrapper vc_column-inner\">\r\n\t<div class=\"wpb_text_column wpb_content_element wpb_custom_7c91d232724f73626cc933bd95b25ff0\" >\r\n\t\t<div class=\"wpb_wrapper\">\r\n\t\t\t<h2>Fonksiyonlara Genel Bak\u0131\u015f<\/h2>\n\r\n\t\t<\/div>\r\n\t<\/div>\r\n\r\n\t<div class=\"wpb_text_column wpb_content_element wpb_custom_7c91d232724f73626cc933bd95b25ff0\" >\r\n\t\t<div class=\"wpb_wrapper\">\r\n\t\t\t<ul>\n<li class=\"fo_des\">\u00d6zel bir Windows s\u00fcr\u00fcc\u00fcs\u00fcyle etiket yazd\u0131rmay\u0131 basitle\u015ftirin<\/li>\n<li class=\"fo_des\">Masa\u00fcst\u00fc etiket yaz\u0131c\u0131lar\u0131n\u0131 Windows bilgisayarlara zahmetsizce ba\u011flay\u0131n<\/li>\n<li class=\"fo_des\">Profesyonel kalitede etiketleri h\u0131zl\u0131 ve kolay bir \u015fekilde yazd\u0131rmaya ba\u015flay\u0131n<\/li>\n<li class=\"fo_des\">Yaz\u0131c\u0131 uyumlulu\u011funu Windows tabanl\u0131 sistemlerle geli\u015ftirin<\/li>\n<\/ul>\n\r\n\t\t<\/div>\r\n\t<\/div>\r\n<\/div><\/div><div class=\"gradient-column-6 vc_column_container col-md-5 text-center\"><div class=\"wpb_wrapper vc_column-inner\"><div class=\"wpb_gallery wpb_content_element vc_clearfix vc_custom_1755677750381 wpb_content_element\" ><div class=\"wpb_wrapper\"><div class=\"wpb_gallery_slides wpb_flexslider flexslider_fade flexslider\" data-interval=\"0\" data-flex_fx=\"fade\"><ul class=\"slides\"><li><img loading=\"lazy\" decoding=\"async\" width=\"480\" height=\"480\" src=\"https:\/\/meferi.com\/wp-content\/uploads\/2025\/08\/1.1934a42d.png\" class=\"attachment-full\" alt=\"\" title=\"1.1934a42d\" srcset=\"https:\/\/meferi.com\/wp-content\/uploads\/2025\/08\/1.1934a42d.png 480w, https:\/\/meferi.com\/wp-content\/uploads\/2025\/08\/1.1934a42d-400x400.png 400w\" sizes=\"auto, (max-width: 480px) 100vw, 480px\" \/><\/li><\/ul><\/div><\/div><\/div><\/div><\/div><\/div><div class=\"vc_row wpb_row row top-row gradient-container-4 vc_custom_1755626258381 wpb_custom_034b39d9bc6c6b310d69e39f0ccf274f\"><div class=\"gradient-column-7 vc_column_container col-md-12\"><div class=\"wpb_wrapper vc_column-inner\">\r\n\t<div class=\"wpb_text_column wpb_content_element wpb_custom_7c91d232724f73626cc933bd95b25ff0\" >\r\n\t\t<div class=\"wpb_wrapper\">\r\n\t\t\t<div class=\"good_features\" data-v-4bc8856b=\"\">\n<h2 class=\"feat_title\"><span style=\"font-size: 32px;\">Uyumlu Ekipmanlar\u0131 Ke\u015ffedin<\/span><\/h2>\n<\/div>\n\r\n\t\t<\/div>\r\n\t<\/div>\r\n<\/div><\/div><\/div><div class=\"vc_row wpb_row row top-row gradient-container-5 wpb_custom_034b39d9bc6c6b310d69e39f0ccf274f\"><div class=\"gradient-column-8 vc_column_container col-md-12\"><div class=\"wpb_wrapper vc_column-inner\"><div class=\"woocommerce columns-2\"><ul class=\"products products-container grid has-ccols has-ccols-spacing ccols-xl-2 ccols-lg-2 ccols-md-2 ccols-sm-2 ccols-2 pwidth-lg-2 pwidth-md-2 pwidth-xs-1 pwidth-ls-1 is-shortcode\"\r\n\t data-product_layout=\"product-default\" role=\"none\">\r\n\r\n<li role=\"none\" class=\"product-col product-default product type-product post-4036 status-publish first instock product_cat-printers has-post-thumbnail shipping-taxable product-type-simple\">\r\n<div class=\"product-inner\">\r\n\t\r\n\t<div class=\"product-image\">\r\n\r\n\t\t<a  href=\"https:\/\/meferi.com\/tr\/products\/printers\/mp4000d-desktop-printer\/\" aria-label=\"\u00dcr\u00fcn sayfas\u0131na git\">\r\n\t\t\t<div class=\"inner img-effect\"><img loading=\"lazy\" decoding=\"async\" width=\"800\" height=\"800\" src=\"https:\/\/meferi.com\/wp-content\/uploads\/2025\/08\/good_1-19.png\" class=\"attachment-woocommerce_thumbnail size-woocommerce_thumbnail\" alt=\"MP4000D Masa\u00fcst\u00fc Yaz\u0131c\u0131\" srcset=\"https:\/\/meferi.com\/wp-content\/uploads\/2025\/08\/good_1-19.png 800w, https:\/\/meferi.com\/wp-content\/uploads\/2025\/08\/good_1-19-600x600.png 600w, https:\/\/meferi.com\/wp-content\/uploads\/2025\/08\/good_1-19-768x768.png 768w, https:\/\/meferi.com\/wp-content\/uploads\/2025\/08\/good_1-19-640x640.png 640w, https:\/\/meferi.com\/wp-content\/uploads\/2025\/08\/good_1-19-400x400.png 400w\" sizes=\"auto, (max-width: 800px) 100vw, 800px\" \/><img loading=\"lazy\" decoding=\"async\" width=\"800\" height=\"800\" src=\"https:\/\/meferi.com\/wp-content\/uploads\/2025\/08\/good_2-7.png\" class=\"hover-image\" alt=\"\" srcset=\"https:\/\/meferi.com\/wp-content\/uploads\/2025\/08\/good_2-7.png 800w, https:\/\/meferi.com\/wp-content\/uploads\/2025\/08\/good_2-7-600x600.png 600w, https:\/\/meferi.com\/wp-content\/uploads\/2025\/08\/good_2-7-768x768.png 768w, https:\/\/meferi.com\/wp-content\/uploads\/2025\/08\/good_2-7-640x640.png 640w, https:\/\/meferi.com\/wp-content\/uploads\/2025\/08\/good_2-7-400x400.png 400w\" sizes=\"auto, (max-width: 800px) 100vw, 800px\" \/><\/div>\t\t<\/a>\r\n\t\t\t<\/div>\r\n\r\n\t<div class=\"product-content\">\r\n\t\t<span class=\"category-list\"><a href=\"https:\/\/meferi.com\/tr\/product-category\/printers\/\" rel=\"tag\">Yaz\u0131c\u0131lar<\/a><\/span>\r\n\t\t\t<a class=\"product-loop-title\"  href=\"https:\/\/meferi.com\/tr\/products\/printers\/mp4000d-desktop-printer\/\">\r\n\t<h3 class=\"woocommerce-loop-product__title\">MP4000D Masa\u00fcst\u00fc Yaz\u0131c\u0131<\/h3>\t<\/a>\r\n\t\r\n\t\t\r\n\t\t<div class=\"add-links-wrap\">\r\n\t<div class=\"add-links clearfix\">\r\n\t\t<a href=\"https:\/\/meferi.com\/tr\/products\/printers\/mp4000d-desktop-printer\/\" aria-describedby=\"woocommerce_loop_add_to_cart_link_describedby_4036\" rel=\"nofollow\" data-product_id=\"4036\" data-product_sku=\"\" data-quantity=\"1\" class=\"button viewcart-style-3 add_to_cart_read_more product_type_simple\"  aria-label=\"\u201cMP4000D Desktop Printer\u201d hakk\u0131nda daha fazla bilgi edinin\" data-success_message=\"\" data-no-translation-aria-label=\"\">Fiyat Teklifi \u0130steyin<\/a>\t\t<span id=\"woocommerce_loop_add_to_cart_link_describedby_4036\" class=\"screen-reader-text\">\r\n\t\t\t<\/span>\r\n\t\t\n<div\n\tclass=\"yith-wcwl-add-to-wishlist add-to-wishlist-4036 yith-wcwl-add-to-wishlist--link-style wishlist-fragment on-first-load\"\n\tdata-fragment-ref=\"4036\"\n\tdata-fragment-options=\"{&quot;base_url&quot;:&quot;&quot;,&quot;product_id&quot;:4036,&quot;parent_product_id&quot;:0,&quot;product_type&quot;:&quot;simple&quot;,&quot;is_single&quot;:false,&quot;in_default_wishlist&quot;:false,&quot;show_view&quot;:false,&quot;browse_wishlist_text&quot;:&quot;Browse wishlist&quot;,&quot;already_in_wishslist_text&quot;:&quot;The product is already in your wishlist!&quot;,&quot;product_added_text&quot;:&quot;Product added!&quot;,&quot;available_multi_wishlist&quot;:false,&quot;disable_wishlist&quot;:false,&quot;show_count&quot;:false,&quot;ajax_loading&quot;:false,&quot;loop_position&quot;:&quot;after_add_to_cart&quot;,&quot;item&quot;:&quot;add_to_wishlist&quot;}\"\n>\n\t\t\t\n\t\t\t<!-- ADD TO WISHLIST -->\n\t\t\t\n<div class=\"yith-wcwl-add-button\">\n\t\t<a\n\t\thref=\"?add_to_wishlist=4036&#038;_wpnonce=67407a192d\"\n\t\tclass=\"add_to_wishlist single_add_to_wishlist\"\n\t\tdata-product-id=\"4036\"\n\t\tdata-product-type=\"simple\"\n\t\tdata-original-product-id=\"0\"\n\t\tdata-title=\"Add to wishlist\"\n\t\trel=\"nofollow\"\n\t>\n\t\t<svg id=\"yith-wcwl-icon-heart-outline\" class=\"yith-wcwl-icon-svg\" fill=\"none\" stroke-width=\"1.5\" stroke=\"currentColor\" viewbox=\"0 0 24 24\" xmlns=\"http:\/\/www.w3.org\/2000\/svg\">\n  <path stroke-linecap=\"round\" stroke-linejoin=\"round\" d=\"M21 8.25c0-2.485-2.099-4.5-4.688-4.5-1.935 0-3.597 1.126-4.312 2.733-.715-1.607-2.377-2.733-4.313-2.733C5.1 3.75 3 5.765 3 8.25c0 7.22 9 12 9 12s9-4.78 9-12Z\"><\/path>\n<\/svg>\t\t<span>\u0130stek listesine ekle<\/span>\n\t<\/a>\n<\/div>\n\n\t\t\t<!-- COUNT TEXT -->\n\t\t\t\n\t\t\t<\/div>\n<div class=\"quickview\" data-id=\"4036\" title=\"H\u0131zl\u0131 G\u00f6r\u00fcn\u00fcm\">H\u0131zl\u0131 G\u00f6r\u00fcn\u00fcm<\/div>\t<\/div>\r\n\t<\/div>\r\n\t<\/div>\r\n<\/div>\r\n\r\n<\/li>\r\n<\/ul>\r\n<\/div><\/div><\/div><\/div><div class=\"vc_row wpb_row row top-row gradient-container-6 rounded-section vc_custom_1755605558485 vc_row-has-fill vc_row-o-content-middle vc_row-flex wpb_custom_034b39d9bc6c6b310d69e39f0ccf274f\"><div class=\"gradient-column-9 vc_column_container col-md-6\"><div class=\"wpb_wrapper vc_column-inner\"><div class=\"porto-sicon-box  vc_custom_1755625070518  wpb_custom_68abc7c917302c9ef27d36af9d5f2dbd style_1 default-icon flex-wrap\"><div class=\"porto-sicon-header\" style=\"margin-bottom:12px;\"><h2 class=\"porto-sicon-title\" style=\"\">MEFERI&#039;nin Son Teknoloji \u00c7\u00f6z\u00fcmlerini Bug\u00fcn Test Edin<\/h2><\/div> <!-- header --><div class=\"porto-sicon-description\" style=\"\">Sekt\u00f6r Lideri \u00c7\u00f6z\u00fcmlerimizi \u00dccretsiz Test S\u00fcr\u00fc\u015f\u00fcyle Deneyin MEFERI&#039;nin operasyonlar\u0131n\u0131zda yaratabilece\u011fi fark\u0131 ke\u015ffedin. Son teknoloji \u00fcr\u00fcnlerimiz, sekt\u00f6r\u00fcn\u00fcz\u00fcn benzersiz ihtiya\u00e7lar\u0131n\u0131 kar\u015f\u0131lamak \u00fczere tasarlanm\u0131\u015ft\u0131r. \u0130ster operasyonel verimlili\u011fi art\u0131rmay\u0131, ister maliyetleri d\u00fc\u015f\u00fcrmeyi veya yeni yeteneklerin kilidini a\u00e7may\u0131 hedefliyor olun, \u00fcr\u00fcnlerimizin \u00fccretsiz test s\u00fcr\u00fc\u015f\u00fc i\u015finizde ataca\u011f\u0131n\u0131z ilk ad\u0131md\u0131r!<a class=\"porto-sicon-read xx\" href=\"https:\/\/meferi.com\/tr\/contact-meferi\/contact-sales\/\" title='Sat\u0131\u015f Ekibiyle \u0130leti\u015fime Ge\u00e7in'>\u00dccretsiz Test S\u00fcr\u00fc\u015f\u00fcn\u00fcze Ba\u015flay\u0131n<span>&nbsp;\"<\/span><\/a><\/div> <!-- description --><\/div><!-- porto-sicon-box --><\/div><\/div><div class=\"gradient-column-10 vc_column_container col-md-6 section section-parallax vc_custom_1754425010515\"><div class=\"wpb_wrapper vc_column-inner\">\r\n\t<div class=\"wpb_single_image wpb_content_element vc_align_right wpb_content_element  vc_custom_1755625079199 wpb_custom_81a4f7ef9830bf958462581aa01150fb\"><div class=\"wpb_wrapper\">\r\n\t\t\t\r\n\t\t\t<div class=\"vc_single_image-wrapper   vc_box_border_grey\"><img loading=\"lazy\" decoding=\"async\" width=\"1040\" height=\"1160\" src=\"https:\/\/meferi.com\/wp-content\/uploads\/2025\/08\/bfm-9.png\" class=\"vc_single_image-img attachment-full\" alt=\"\" title=\"bfm (9)\" srcset=\"https:\/\/meferi.com\/wp-content\/uploads\/2025\/08\/bfm-9.png 1040w, https:\/\/meferi.com\/wp-content\/uploads\/2025\/08\/bfm-9-1000x1115.png 1000w, https:\/\/meferi.com\/wp-content\/uploads\/2025\/08\/bfm-9-538x600.png 538w, https:\/\/meferi.com\/wp-content\/uploads\/2025\/08\/bfm-9-717x800.png 717w, https:\/\/meferi.com\/wp-content\/uploads\/2025\/08\/bfm-9-768x857.png 768w, https:\/\/meferi.com\/wp-content\/uploads\/2025\/08\/bfm-9-640x714.png 640w, https:\/\/meferi.com\/wp-content\/uploads\/2025\/08\/bfm-9-400x446.png 400w\" sizes=\"auto, (max-width: 1040px) 100vw, 1040px\" \/><\/div>\r\n\t\t<\/div>\r\n\t<\/div>\r\n<\/div><\/div><\/div><div class=\"vc_row wpb_row row top-row gradient-container-7 rounded-section vc_custom_1754900637010 text-left vc_row-has-fill vc_row-o-content-top vc_row-flex wpb_custom_034b39d9bc6c6b310d69e39f0ccf274f\"><div class=\"gradient-column-11 vc_column_container col-md-12\"><div class=\"wpb_wrapper vc_column-inner\">\r\n\t<div class=\"wpb_text_column wpb_content_element vc_custom_1755625322992 wpb_custom_7c91d232724f73626cc933bd95b25ff0\" >\r\n\t\t<div class=\"wpb_wrapper\">\r\n\t\t\t<h2 class=\"big_title\" style=\"text-align: center;\">Sekt\u00f6r Operasyonlar\u0131n\u0131z\u0131 Bir \u00dcst Seviyeye Ta\u015f\u0131y\u0131n<\/h2>\n<div data-v-a7df9712=\"\"><\/div>\n<p style=\"text-align: center;\">Sekt\u00f6r\u00fcn\u00fcz\u00fcn inceliklerine g\u00f6re \u00f6zenle haz\u0131rlanm\u0131\u015f \u00e7\u00f6z\u00fcmleri deneyimleyin.<br \/>\nUzmanlar\u0131m\u0131z, operasyonlar\u0131n\u0131z\u0131 optimize etmeniz ve i\u015f hedeflerinize ula\u015fman\u0131z i\u00e7in her uygulaman\u0131n yetenekleri konusunda size rehberlik edebilir.<\/p>\n\r\n\t\t<\/div>\r\n\t<\/div>\r\n<\/div><\/div><div class=\"gradient-column-12 vc_column_container col-md-1\"><div class=\"wpb_wrapper vc_column-inner\"><\/div><\/div><div class=\"gradient-column-13 vc_column_container col-md-5 text-left vc_custom_1754595878014\"><div class=\"wpb_wrapper vc_column-inner\"><div class=\"porto-ultimate-content-box-container my-rounded-box\"><style>.porto_ucb_8ba3bb8197aace42da06f0fe0083a0e1:hover{box-shadow:none}<\/style><div class=\"porto-ultimate-content-box vc_custom_1754595751442 has-content-pos justify-content-center porto_ucb_8ba3bb8197aace42da06f0fe0083a0e1\" style=\"background-color:var(--porto-light-color);border:1px solid var(--porto-light-color);\" data-bg=\"var(--porto-light-color)\"><div class=\"porto-sicon-box  vc_custom_1755617352332  wpb_custom_710b63c711f81c5f0250186a3847fdac style_1 top-icon\"><div class=\"porto-sicon-header\"><h4 class=\"porto-sicon-title\" style=\"\">Bir MEFERI Uzman\u0131na Dan\u0131\u015f\u0131n<\/h4><p>Operasyonel yeteneklerinizi geli\u015ftirmek i\u00e7in sekt\u00f6re \u00f6zel dan\u0131\u015fmanl\u0131k al\u0131n.<\/p><\/div> <!-- header --><div class=\"porto-sicon-description\" style=\"\"><a class=\"porto-sicon-read xx\" href=\"\/tr\/contact-sales\/\" target='_blank' title='ileti\u015fim-MEFERI'>Sat\u0131\u015f Ekibiyle \u0130leti\u015fime Ge\u00e7in<span>&nbsp;\"<\/span><\/a><\/div> <!-- description --><\/div><!-- porto-sicon-box --><\/div><\/div><\/div><\/div><div class=\"gradient-column-14 vc_column_container col-md-5 vc_custom_1754595890201\"><div class=\"wpb_wrapper vc_column-inner\"><div class=\"porto-ultimate-content-box-container my-rounded-box\"><style>.porto_ucb_8ba3bb8197aace42da06f0fe0083a0e1:hover{box-shadow:none}<\/style><div class=\"porto-ultimate-content-box vc_custom_1754595770377 has-content-pos justify-content-center porto_ucb_8ba3bb8197aace42da06f0fe0083a0e1\" style=\"background-color:var(--porto-light-color);border:1px solid var(--porto-light-color);\" data-bg=\"var(--porto-light-color)\"><div class=\"porto-sicon-box  vc_custom_1755617375160  wpb_custom_710b63c711f81c5f0250186a3847fdac style_1 top-icon\"><div class=\"porto-sicon-header\"><h4 class=\"porto-sicon-title\" style=\"\">Teknik Deste\u011fe mi ihtiyac\u0131n\u0131z var?<\/h4><p>H\u0131zl\u0131 ve g\u00fcvenilir \u00e7\u00f6z\u00fcmler i\u00e7in destek ekibimize ula\u015f\u0131n.<\/p><\/div> <!-- header --><div class=\"porto-sicon-description\" style=\"\"><a class=\"porto-sicon-read xx\" href=\"\/tr\/contact-support\/\" target='_blank' title='ileti\u015fim-MEFERI'>Destek Ekibiyle \u0130leti\u015fime Ge\u00e7in<span>&nbsp;\"<\/span><\/a><\/div> <!-- description --><\/div><!-- porto-sicon-box --><\/div><\/div><\/div><\/div><\/div>\n<\/div>","protected":false},"excerpt":{"rendered":"WinDriverEfficient Label Printing Starts with the Right Windows Driver Developed by: MEFERI Optional Installation via Package Contact Sales&nbsp;&raquo; Description Windows driver for desktop label printers simplifies your label printing process, allowing you to get started with ease. With our custom solution, you can effortlessly connect your printer to your Windows computer and start printing professional-quality [...]","protected":false},"author":2,"featured_media":4770,"parent":4065,"menu_order":0,"comment_status":"closed","ping_status":"closed","template":"","meta":{"_acf_changed":false,"footnotes":""},"industry":[],"class_list":["post-4767","page","type-page","status-publish","has-post-thumbnail","hentry"],"acf":[],"_links":{"self":[{"href":"https:\/\/meferi.com\/tr\/wp-json\/wp\/v2\/pages\/4767","targetHints":{"allow":["GET"]}}],"collection":[{"href":"https:\/\/meferi.com\/tr\/wp-json\/wp\/v2\/pages"}],"about":[{"href":"https:\/\/meferi.com\/tr\/wp-json\/wp\/v2\/types\/page"}],"author":[{"embeddable":true,"href":"https:\/\/meferi.com\/tr\/wp-json\/wp\/v2\/users\/2"}],"replies":[{"embeddable":true,"href":"https:\/\/meferi.com\/tr\/wp-json\/wp\/v2\/comments?post=4767"}],"version-history":[{"count":0,"href":"https:\/\/meferi.com\/tr\/wp-json\/wp\/v2\/pages\/4767\/revisions"}],"up":[{"embeddable":true,"href":"https:\/\/meferi.com\/tr\/wp-json\/wp\/v2\/pages\/4065"}],"wp:featuredmedia":[{"embeddable":true,"href":"https:\/\/meferi.com\/tr\/wp-json\/wp\/v2\/media\/4770"}],"wp:attachment":[{"href":"https:\/\/meferi.com\/tr\/wp-json\/wp\/v2\/media?parent=4767"}],"wp:term":[{"taxonomy":"industry","embeddable":true,"href":"https:\/\/meferi.com\/tr\/wp-json\/wp\/v2\/industry?post=4767"}],"curies":[{"name":"wp","href":"https:\/\/api.w.org\/{rel}","templated":true}]}}