{"id":22270,"date":"2026-03-30T11:19:45","date_gmt":"2026-03-30T09:19:45","guid":{"rendered":"https:\/\/meferi.com\/?page_id=22270"},"modified":"2026-04-29T10:58:13","modified_gmt":"2026-04-29T08:58:13","slug":"success-stories","status":"publish","type":"page","link":"https:\/\/meferi.com\/tr\/success-stories\/","title":{"rendered":"Ba\u015far\u0131 Hikayeleri"},"content":{"rendered":"<div class=\"wpb-content-wrapper\"><div class=\"vc_row wpb_row row top-row gradient-container-1 rounded-section shadow-section vc_custom_1769084006117 vc_row-has-fill wpb_custom_034b39d9bc6c6b310d69e39f0ccf274f\"><div class=\"gradient-column-1 vc_column_container col-md-6 offset-md-0 vc_custom_1774258056253\"><div class=\"wpb_wrapper vc_column-inner\"><div class=\"porto-sicon-box  wpb_custom_946b863906e7e8196fd9d1b205dc982e style_1 default-icon flex-wrap\"><div class=\"porto-sicon-header\"><h1 class=\"porto-sicon-title\" style=\"margin-bottom:20px;\">Ba\u015far\u0131 Hikayeleri<\/h1><p>En son teklifler, etkinlikler ve yenilikler hakk\u0131nda g\u00fcncel kal\u0131n<\/p><\/div> <!-- header --><div class=\"porto-sicon-description\" style=\"\">MEFERI&#039;nin en yeni tekliflerini, \u00f6zel promosyonlar\u0131n\u0131 ve yakla\u015fan etkinliklerini ke\u015ffedin. Bilgi sahibi olmak ve en son AIDC teknolojisi ve \u00f6zel f\u0131rsatlar hakk\u0131nda bilgi edinme \u015fans\u0131n\u0131 ka\u00e7\u0131rmamak i\u00e7in sosyal medya kanallar\u0131m\u0131za abone olun.<\/div> <!-- description --><\/div><!-- porto-sicon-box --><\/div><\/div><div class=\"gradient-column-2 vc_column_container col-md-6 offset-md-0 vc_custom_1774261988492\"><div class=\"wpb_wrapper vc_column-inner\">\r\n\t<div class=\"wpb_single_image wpb_content_element vc_align_right wpb_content_element  vc_custom_1774951824956 wpb_custom_430a04c3b98652ba03cf49faafa5efd1\"><div class=\"wpb_wrapper\">\r\n\t\t\t\r\n\t\t\t<div class=\"vc_single_image-wrapper   vc_box_border_grey\" style=\"width: 100%;\"><img loading=\"lazy\" decoding=\"async\" width=\"640\" height=\"590\" src=\"https:\/\/meferi.com\/wp-content\/uploads\/2026\/03\/Mask-group.png\" class=\"vc_single_image-img attachment-full\" alt=\"\" title=\"\" srcset=\"https:\/\/meferi.com\/wp-content\/uploads\/2026\/03\/Mask-group.png 640w, https:\/\/meferi.com\/wp-content\/uploads\/2026\/03\/Mask-group-400x369.png 400w\" sizes=\"auto, (max-width: 640px) 100vw, 640px\" \/><\/div>\r\n\t\t<\/div>\r\n\t<\/div>\r\n<\/div><\/div><\/div><div class=\"vc_row wpb_row row top-row gradient-container-2 filters-box vc_custom_1777451634872 vc_column-gap-15 vc_row-has-fill vc_row-o-equal-height vc_row-flex wpb_custom_034b39d9bc6c6b310d69e39f0ccf274f\"><div class=\"gradient-column-3 vc_column_container col-md-12 vc_custom_1754469150485\"><div class=\"wpb_wrapper vc_column-inner\">\r\n\t<div class=\"wpb_text_column wpb_content_element vc_custom_1777453056112 wpb_custom_7c91d232724f73626cc933bd95b25ff0\" >\r\n\t\t<div class=\"wpb_wrapper\">\r\n\t\t\t<p><strong>Filter By<\/strong><\/p>\n\r\n\t\t<\/div>\r\n\t<\/div>\r\n<div class=\"vc_row wpb_row vc_inner row\"><div class=\"vc_column_container col-md-4\"><div class=\"wpb_wrapper vc_column-inner\">\r\n\t<div class=\"wpb_text_column wpb_content_element vc_custom_1777452063435 wpb_custom_7c91d232724f73626cc933bd95b25ff0\" >\r\n\t\t<div class=\"wpb_wrapper\">\r\n\t\t\t<p>End\u00fcstri<\/p>\n<div class=\"facetwp-facet facetwp-facet-industry facetwp-type-fselect\" data-name=\"industry\" data-type=\"fselect\"><\/div>\n\r\n\t\t<\/div>\r\n\t<\/div>\r\n<\/div><\/div><div class=\"vc_column_container col-md-4\"><div class=\"wpb_wrapper vc_column-inner\">\r\n\t<div class=\"wpb_text_column wpb_content_element vc_custom_1777453089727 wpb_custom_7c91d232724f73626cc933bd95b25ff0\" >\r\n\t\t<div class=\"wpb_wrapper\">\r\n\t\t\t<p>Operations<\/p>\n<div class=\"facetwp-facet facetwp-facet-operations facetwp-type-fselect\" data-name=\"operations\" data-type=\"fselect\"><\/div>\n\r\n\t\t<\/div>\r\n\t<\/div>\r\n<\/div><\/div><div class=\"vc_column_container col-md-4\"><div class=\"wpb_wrapper vc_column-inner\">\r\n\t<div class=\"wpb_text_column wpb_content_element vc_custom_1777453085534 wpb_custom_7c91d232724f73626cc933bd95b25ff0\" >\r\n\t\t<div class=\"wpb_wrapper\">\r\n\t\t\t<p>\u00dcr\u00fcn<\/p>\n<div class=\"facetwp-facet facetwp-facet-product_success_story facetwp-type-fselect\" data-name=\"product_success_story\" data-type=\"fselect\"><\/div>\n\r\n\t\t<\/div>\r\n\t<\/div>\r\n<\/div><\/div><\/div><\/div><\/div><\/div><div class=\"vc_row wpb_row row top-row gradient-container-3 wpb_custom_034b39d9bc6c6b310d69e39f0ccf274f\"><div class=\"gradient-column-4 vc_column_container col-md-12\"><div class=\"wpb_wrapper vc_column-inner\">\r\n\t<div class=\"wpb_text_column wpb_content_element vc_custom_1777366989937 wpb_custom_7c91d232724f73626cc933bd95b25ff0\" >\r\n\t\t<div class=\"wpb_wrapper\">\r\n\t\t\t<div class=\"facetwp-template\" data-name=\"success_stories\"><div class=\"mod_item-list\">\n<div class=\"rounded-section mod_item-list-item\">\n    <div class=\"mod_item-list-item_image\"><img loading=\"lazy\" decoding=\"async\" width=\"640\" height=\"590\" src=\"https:\/\/meferi.com\/wp-content\/uploads\/2026\/03\/Success-Stories.png\" class=\"attachment-post-thumbnail size-post-thumbnail wp-post-image\" alt=\"\" srcset=\"https:\/\/meferi.com\/wp-content\/uploads\/2026\/03\/Success-Stories.png 640w, https:\/\/meferi.com\/wp-content\/uploads\/2026\/03\/Success-Stories-400x369.png 400w\" sizes=\"auto, (max-width: 640px) 100vw, 640px\" \/><\/div>\n    <a class=\"porto-sicon-box-link mod_item-list-item_link\" href=\"https:\/\/meferi.com\/tr\/success-stories\/conad\/\">\n        <h4 class=\"porto-sicon-title mod_item-list-item_title\">Conad<\/h4>\n        <div class=\"porto-sicon-description mod_item-list-item_description\">Read Story<\/div>\n    <\/a>\n<\/div>\n    <\/div>\n<\/div>\n\r\n\t\t<\/div>\r\n\t<\/div>\r\n<\/div><\/div><\/div><div class=\"vc_row wpb_row row top-row gradient-container-4 rounded-section shadow-section vc_custom_1769084006117 vc_row-has-fill wpb_custom_034b39d9bc6c6b310d69e39f0ccf274f\"><div class=\"gradient-column-5 vc_column_container col-md-6 offset-md-0 vc_custom_1774258056253\"><div class=\"wpb_wrapper vc_column-inner\"><div class=\"porto-sicon-box  wpb_custom_946b863906e7e8196fd9d1b205dc982e style_1 default-icon flex-wrap\"><div class=\"porto-sicon-header\"><h2 class=\"porto-sicon-title\" style=\"margin-bottom:20px;\">Bize Ula\u015f\u0131n<\/h2><\/div> <!-- header --><div class=\"porto-sicon-description\" style=\"\">Gelin birlikte ba\u011flant\u0131 kural\u0131m ve \u00e7\u00f6z\u00fcmler bulal\u0131m.<br \/>\nUzman kadromuz s\u00fcre\u00e7 boyunca size rehberlik edecek, sorular\u0131n\u0131z\u0131 yan\u0131tlayacak ve \u00fcr\u00fcnlerimizin i\u015fletmenize kusursuz bir \u015fekilde entegre olmas\u0131n\u0131 sa\u011flamak i\u00e7in ki\u015fiselle\u015ftirilmi\u015f destek sa\u011flayacakt\u0131r.<\/div> <!-- description --><\/div><!-- porto-sicon-box --><div class=\"vc_btn3-container vc_btn3-left vc_custom_1773916506816 vc_do_btn\" >\r\n\t<button class=\"vc_general vc_btn3 vc_btn3-size-xl vc_btn3-shape-round vc_btn3-style-flat wpb_custom_6687b26f39488ddbb85ddb3c1ce8e111 vc_btn3-color-black btn\" style=\"font-weight:500;\">Sat\u0131\u015f Ekibiyle \u0130leti\u015fime Ge\u00e7in<\/button>\t<\/div>\r\n<\/div><\/div><div class=\"gradient-column-6 vc_column_container col-md-6 offset-md-0 vc_custom_1774261993640\"><div class=\"wpb_wrapper vc_column-inner\">\r\n\t<div class=\"wpb_single_image wpb_content_element vc_align_right wpb_content_element  vc_custom_1774951909299 wpb_custom_430a04c3b98652ba03cf49faafa5efd1\"><div class=\"wpb_wrapper\">\r\n\t\t\t\r\n\t\t\t<div class=\"vc_single_image-wrapper   vc_box_border_grey\" style=\"width: 100%;\"><img loading=\"lazy\" decoding=\"async\" width=\"600\" height=\"542\" src=\"https:\/\/meferi.com\/wp-content\/uploads\/2026\/03\/Mask-group1.png\" class=\"vc_single_image-img attachment-full\" alt=\"\" title=\"\" srcset=\"https:\/\/meferi.com\/wp-content\/uploads\/2026\/03\/Mask-group1.png 600w, https:\/\/meferi.com\/wp-content\/uploads\/2026\/03\/Mask-group1-400x361.png 400w\" sizes=\"auto, (max-width: 600px) 100vw, 600px\" \/><\/div>\r\n\t\t<\/div>\r\n\t<\/div>\r\n<\/div><\/div><\/div>\n<\/div>","protected":false},"excerpt":{"rendered":"Success StoriesStay updated on the latest offers, events, and innovations Discover MEFERI\u2019s latest offers, exclusive promotions, and upcoming events. Subscribe to our social channels to stay informed and never miss a chance to gain insights into cutting-edge AIDC technology and exclusive deals. Filter By Industry Operations Product Conad Read Story Reach Out to Us Let's [...]","protected":false},"author":27,"featured_media":0,"parent":0,"menu_order":0,"comment_status":"closed","ping_status":"closed","template":"","meta":{"_acf_changed":false,"footnotes":""},"industry":[],"class_list":["post-22270","page","type-page","status-publish","hentry"],"acf":[],"_links":{"self":[{"href":"https:\/\/meferi.com\/tr\/wp-json\/wp\/v2\/pages\/22270","targetHints":{"allow":["GET"]}}],"collection":[{"href":"https:\/\/meferi.com\/tr\/wp-json\/wp\/v2\/pages"}],"about":[{"href":"https:\/\/meferi.com\/tr\/wp-json\/wp\/v2\/types\/page"}],"author":[{"embeddable":true,"href":"https:\/\/meferi.com\/tr\/wp-json\/wp\/v2\/users\/27"}],"replies":[{"embeddable":true,"href":"https:\/\/meferi.com\/tr\/wp-json\/wp\/v2\/comments?post=22270"}],"version-history":[{"count":11,"href":"https:\/\/meferi.com\/tr\/wp-json\/wp\/v2\/pages\/22270\/revisions"}],"predecessor-version":[{"id":22457,"href":"https:\/\/meferi.com\/tr\/wp-json\/wp\/v2\/pages\/22270\/revisions\/22457"}],"wp:attachment":[{"href":"https:\/\/meferi.com\/tr\/wp-json\/wp\/v2\/media?parent=22270"}],"wp:term":[{"taxonomy":"industry","embeddable":true,"href":"https:\/\/meferi.com\/tr\/wp-json\/wp\/v2\/industry?post=22270"}],"curies":[{"name":"wp","href":"https:\/\/api.w.org\/{rel}","templated":true}]}}