{"id":1681,"date":"2025-08-09T15:14:55","date_gmt":"2025-08-09T12:14:55","guid":{"rendered":"https:\/\/meferi.pontima.ru\/?page_id=1681"},"modified":"2025-08-29T19:56:38","modified_gmt":"2025-08-29T16:56:38","slug":"contact-support","status":"publish","type":"page","link":"https:\/\/meferi.com\/tr\/contact-meferi\/contact-support\/","title":{"rendered":"Destek Ekibiyle \u0130leti\u015fime Ge\u00e7in"},"content":{"rendered":"<div class=\"wpb-content-wrapper\"><div class=\"vc_row wpb_row row top-row gradient-container-1 vc_custom_1754741485176 text-left wpb_custom_034b39d9bc6c6b310d69e39f0ccf274f\"><div class=\"gradient-column-1 vc_column_container col-md-12\"><div class=\"wpb_wrapper vc_column-inner\"><div id=\"ultimate-heading-666669f629bd84815\" class=\"uvc-heading ult-adjust-bottom-margin ultimate-heading-666669f629bd84815 uvc-8644\" data-hspacer=\"no_spacer\"  data-halign=\"left\" style=\"text-align:left\"><div class=\"uvc-heading-spacer no_spacer\" style=\"top\"><\/div><div class=\"uvc-main-heading ult-responsive\"  data-ultimate-target='.uvc-heading.ultimate-heading-666669f629bd84815 h2'  data-responsive-json-new='{\"font-size\":\"\",\"line-height\":\"\"}' ><h2 style=\"font-weight:normal;\">MEFERI Uzman Deste\u011fi ile ileti\u015fime ge\u00e7in<\/h2><\/div><div class=\"uvc-sub-heading ult-responsive\"  data-ultimate-target='.uvc-heading.ultimate-heading-666669f629bd84815 .uvc-sub-heading '  data-responsive-json-new='{\"font-size\":\"\",\"line-height\":\"\"}'  style=\"font-weight:normal;\"><\/p>\n<div class=\"tips\" data-v-6effc0f1=\"\">Teknik Zorluklarla m\u0131 Kar\u015f\u0131la\u015f\u0131yorsunuz?<\/div>\n<div class=\"tips\" data-v-6effc0f1=\"\">Size H\u0131zl\u0131 Bir \u015eekilde Yard\u0131mc\u0131 Olacak Bir MEFERI Destek Uzman\u0131yla \u0130leti\u015fime Ge\u00e7mek \u0130\u00e7in A\u015fa\u011f\u0131daki Formu Doldurun.<\/div>\n<p><\/div><\/div><\/div><\/div><\/div><div class=\"vc_row wpb_row row top-row gradient-container-2 vc_custom_1755694885085 wpb_custom_034b39d9bc6c6b310d69e39f0ccf274f\"><div class=\"gradient-column-2 vc_column_container col-md-12\"><div class=\"wpb_wrapper vc_column-inner\">\n<div class=\"wpcf7 no-js\" id=\"wpcf7-f1680-o1\" lang=\"en-US\" dir=\"ltr\" data-wpcf7-id=\"1680\">\n<div class=\"screen-reader-response\"><p role=\"status\" aria-live=\"polite\" aria-atomic=\"true\"><\/p> <ul><\/ul><\/div>\n<form action=\"\/tr\/wp-json\/wp\/v2\/pages\/1681#wpcf7-f1680-o1\" method=\"post\" class=\"wpcf7-form init wpcf7-acceptance-as-validation\" aria-label=\"\u0130leti\u015fim formu\" novalidate=\"novalidate\" data-status=\"init\" data-trp-original-action=\"\/tr\/wp-json\/wp\/v2\/pages\/1681#wpcf7-f1680-o1\">\n<fieldset class=\"hidden-fields-container\"><input type=\"hidden\" name=\"_wpcf7\" value=\"1680\" \/><input type=\"hidden\" name=\"_wpcf7_version\" value=\"6.1.5\" \/><input type=\"hidden\" name=\"_wpcf7_locale\" value=\"en_US\" \/><input type=\"hidden\" name=\"_wpcf7_unit_tag\" value=\"wpcf7-f1680-o1\" \/><input type=\"hidden\" name=\"_wpcf7_container_post\" value=\"0\" \/><input type=\"hidden\" name=\"_wpcf7_posted_data_hash\" value=\"\" \/><input type=\"hidden\" name=\"_wpcf7_recaptcha_response\" value=\"\" \/>\n<\/fieldset>\n<div class=\"cf7-row\">\n<span id=\"wpcf7-69f629bd87533-wrapper\" class=\"wpcf7-form-control-wrap honeypot-142-wrap\" ><input type=\"hidden\" name=\"honeypot-142-time-start\" value=\"1777740221\"><input type=\"hidden\" name=\"honeypot-142-time-check\" value=\"8\"><input id=\"wpcf7-69f629bd87533-field\"  class=\"wpcf7-form-control wpcf7-text\" type=\"text\" name=\"honeypot-142\" value=\"\" size=\"40\" tabindex=\"-1\" autocomplete=\"off\" \/><\/span>\n    <div class=\"cf7-col\">\n        <span class=\"wpcf7-form-control-wrap\" data-name=\"your-name\"><input size=\"40\" maxlength=\"400\" class=\"wpcf7-form-control wpcf7-text wpcf7-validates-as-required\" aria-required=\"true\" aria-invalid=\"false\" placeholder=\"\u0130lk ad\u0131*\" value=\"\" type=\"text\" name=\"your-name\" \/><\/span>\n    <\/div>\n    <div class=\"cf7-col\">\n        <span class=\"wpcf7-form-control-wrap\" data-name=\"last-name\"><input size=\"40\" maxlength=\"400\" class=\"wpcf7-form-control wpcf7-text wpcf7-validates-as-required\" aria-required=\"true\" aria-invalid=\"false\" placeholder=\"Soy isim*\" value=\"\" type=\"text\" name=\"last-name\" \/><\/span>\n    <\/div>\n<\/div>\n\n<div class=\"cf7-row\">\n    <div class=\"cf7-col\">\n        <span class=\"wpcf7-form-control-wrap\" data-name=\"your-email\"><input size=\"40\" maxlength=\"400\" class=\"wpcf7-form-control wpcf7-email wpcf7-validates-as-required wpcf7-text wpcf7-validates-as-email\" aria-required=\"true\" aria-invalid=\"false\" placeholder=\"E-posta*\" value=\"\" type=\"email\" name=\"your-email\" \/><\/span>\n    <\/div>\n    <div class=\"cf7-col\">\n        <span class=\"wpcf7-form-control-wrap\" data-name=\"phone\"><input size=\"40\" maxlength=\"400\" class=\"wpcf7-form-control wpcf7-tel wpcf7-text wpcf7-validates-as-tel\" aria-invalid=\"false\" placeholder=\"Telefon\" value=\"\" type=\"tel\" name=\"phone\" \/><\/span>\n    <\/div>\n<\/div>\n\n<div class=\"cf7-row\">\n    <div class=\"cf7-col\"><span class=\"wpcf7-form-control-wrap\" data-name=\"preferred-language\"><select class=\"wpcf7-form-control wpcf7-select wpcf7-validates-as-required\" aria-required=\"true\" aria-invalid=\"false\" name=\"preferred-language\"><option value=\"Preferred language\">Tercih edilen dil<\/option><option value=\"English\">\u0130ngilizce<\/option><option value=\"Spanish\">\u0130spanyol<\/option><option value=\"Portuguese\">Portekizce<\/option><option value=\"German\">Almanca<\/option><option value=\"French\">Frans\u0131zca<\/option><option value=\"Italian\">\u0130talyan<\/option><option value=\"Turkish\">T\u00fcrk\u00e7e<\/option><option value=\"Polish\">Leh\u00e7e<\/option><option value=\"Russian\">Rus\u00e7a<\/option><option value=\"Arabic\">Arap\u00e7a<\/option><option value=\"Chinese\">\u00c7ince<\/option><option value=\"Japanese\">Japonca<\/option><option value=\"Korean\">Korece<\/option><option value=\"Vietnamese\">Vietnam<\/option><option value=\"Hindi\">Hint\u00e7e<\/option><option value=\"Other\">Di\u011fer<\/option><\/select><\/span><\/div>\n    <div class=\"cf7-col\">\n        <span class=\"wpcf7-form-control-wrap\" data-name=\"company-name\"><input size=\"40\" maxlength=\"400\" class=\"wpcf7-form-control wpcf7-text wpcf7-validates-as-required\" aria-required=\"true\" aria-invalid=\"false\" placeholder=\"Firma Ad\u0131*\" value=\"\" type=\"text\" name=\"company-name\" \/><\/span>\n    <\/div>\n<\/div>\n\n<div class=\"cf7-row\">\n    <div class=\"cf7-col\">\n        <span class=\"wpcf7-form-control-wrap\" data-name=\"company-email\"><input size=\"40\" maxlength=\"400\" class=\"wpcf7-form-control wpcf7-email wpcf7-text wpcf7-validates-as-email\" aria-invalid=\"false\" placeholder=\"\u015eirket E-postas\u0131\" value=\"\" type=\"email\" name=\"company-email\" \/><\/span>\n    <\/div>\n    <div class=\"cf7-col\">\n        <span class=\"wpcf7-form-control-wrap\" data-name=\"company-website\"><input size=\"40\" maxlength=\"400\" class=\"wpcf7-form-control wpcf7-url wpcf7-text wpcf7-validates-as-url\" aria-invalid=\"false\" placeholder=\"\u015eirket Web Sitesi\" value=\"\" type=\"url\" name=\"company-website\" \/><\/span>\n    <\/div>\n<\/div>\n\n<div class=\"cf7-row\">\n    <div class=\"cf7-col\"><span class=\"wpcf7-form-control-wrap\" data-name=\"project-industry\"><select class=\"wpcf7-form-control wpcf7-select\" aria-invalid=\"false\" name=\"project-industry\"><option value=\"Project Industry\">Proje End\u00fcstrisi<\/option><option value=\"Retail\">Perakende<\/option><option value=\"Manufacturing\">\u00dcretme<\/option><option value=\"Transportation and Logistics\">Ula\u015ft\u0131rma ve Lojistik<\/option><option value=\"Healthcare\">Sa\u011fl\u0131k hizmeti<\/option><option value=\"Hospitality\">Misafirperverlik<\/option><option value=\"Government and Public Sector\">H\u00fck\u00fcmet ve Kamu Sekt\u00f6r\u00fc<\/option><option value=\"Other\">Di\u011fer<\/option><\/select><\/span><\/div>\n    <div class=\"cf7-col\">\n        <span class=\"wpcf7-form-control-wrap\" data-name=\"company-type\"><select class=\"wpcf7-form-control wpcf7-select wpcf7-validates-as-required\" aria-required=\"true\" aria-invalid=\"false\" name=\"company-type\"><option value=\"Company Type*\">\u015eirket T\u00fcr\u00fc*<\/option><option value=\"Distributor\">Distrib\u00fct\u00f6r<\/option><option value=\"Reseller\">Bayi<\/option><option value=\"Independent Software Vendor (ISV)\">Ba\u011f\u0131ms\u0131z Yaz\u0131l\u0131m Sat\u0131c\u0131s\u0131 (ISV)<\/option><option value=\"Systems\/Solutions Integrator (SI)\">Sistem\/\u00c7\u00f6z\u00fcm Entegrat\u00f6r\u00fc (SI)<\/option><option value=\"Repair Specialist\">Onar\u0131m Uzman\u0131<\/option><option value=\"Other\">Di\u011fer<\/option><\/select><\/span><\/div>\n<\/div>\n\n<div class=\"cf7-row\">\n    <div class=\"cf7-col\">\n        <span class=\"wpcf7-form-control-wrap\" data-name=\"role\"><select class=\"wpcf7-form-control wpcf7-select wpcf7-validates-as-required\" aria-required=\"true\" aria-invalid=\"false\" name=\"role\"><option value=\"Your Role in This Inquiry*\">Bu Soru\u015fturmadaki Rol\u00fcn\u00fcz*<\/option><option value=\"Decision-Maker\">Karar Verici<\/option><option value=\"Delegated\">Delege edilmi\u015f<\/option><option value=\"Other\">Di\u011fer<\/option><\/select><\/span>\n    <\/div>\n    <div class=\"cf7-col\"><span class=\"wpcf7-form-control-wrap\" data-name=\"product-selection\"><select class=\"wpcf7-form-control wpcf7-select wpcf7-validates-as-required\" aria-required=\"true\" aria-invalid=\"false\" name=\"product-selection\"><option value=\"Product Category Selection\">\u00dcr\u00fcn Kategorisi Se\u00e7imi<\/option><option value=\"Mobile Computers\">Mobil Bilgisayarlar<\/option><option value=\"Barcode Scanners\">Barkod Taray\u0131c\u0131lar<\/option><option value=\"Printers\">Yaz\u0131c\u0131lar<\/option><option value=\"Tablets and PC\">Tabletler ve PC<\/option><option value=\"POS\">POS<\/option><option value=\"AIDC Solutions\">AIDC \u00c7\u00f6z\u00fcmleri<\/option><option value=\"Software\">Yaz\u0131l\u0131m<\/option><option value=\"Services\">Hizmetler<\/option><option value=\"Others\">Di\u011ferleri<\/option><\/select><\/span><\/div>\n<\/div>\n\n<p>L\u00fctfen destek talebinizin ayr\u0131nt\u0131l\u0131 bir a\u00e7\u0131klamas\u0131n\u0131 a\u015fa\u011f\u0131ya yaz\u0131n. Sorununuz s\u00fcrekli takip gerektiriyorsa veya daha kapsaml\u0131 bir yard\u0131ma ihtiyac\u0131n\u0131z varsa, destek ekibimizden bir destek talebi olu\u015fturmay\u0131 d\u00fc\u015f\u00fcnebilirsiniz. <a href=\"https:\/\/helpdesk.meferi.com\/\" target=\"_blank\">Yard\u0131m Masas\u0131<\/a><\/p>\n\n<span class=\"wpcf7-form-control-wrap\" data-name=\"message\"><textarea cols=\"40\" rows=\"10\" maxlength=\"2000\" class=\"wpcf7-form-control wpcf7-textarea wpcf7-validates-as-required\" aria-required=\"true\" aria-invalid=\"false\" placeholder=\"Sorununuzu veya sorunuzu buraya girin.\" name=\"message\"><\/textarea><\/span>\n<br><br>\n<div class=\"cf7-checkbox\">\n    <span class=\"wpcf7-form-control-wrap\" data-name=\"subscribe\"><span class=\"wpcf7-form-control wpcf7-checkbox wpcf7-validates-as-required\"><span class=\"wpcf7-list-item first last\"><label><input type=\"checkbox\" name=\"subscribe[]\" value=\"Subscribe to MEFERI\u2019s updates on new products, market trends, and offers. Unsubscribe at any time.\" \/><span class=\"wpcf7-list-item-label\">MEFERI&#039;nin yeni \u00fcr\u00fcnler, piyasa trendleri ve teklifleri hakk\u0131ndaki g\u00fcncellemelerine abone olun. \u0130stedi\u011finiz zaman aboneli\u011finizi iptal edebilirsiniz.<\/span><\/label><\/span><\/span><\/span>\n<\/div>\n<div class=\"cf7-acceptance\">\n    Kabul ediyorum &nbsp; <a href=\"\/tr\/privacy-policy\/\" target=\"_blank\"> Gizlilik Politikas\u0131 <\/a> &nbsp; ve MEFERI&#039;nin sorular\u0131ma yan\u0131t vermek amac\u0131yla verilerimi i\u015flemesine izin veriyorum.\n<\/div>\n<br>\n<div class=\"cf7-row\">\n    <div class=\"cf7-submit\">\n    <input class=\"wpcf7-form-control wpcf7-submit has-spinner\" type=\"submit\" value=\"\u2714 G\u00f6nder\" \/>\n<\/div>\n<\/div><p style=\"display: none !important;\" class=\"akismet-fields-container\" data-prefix=\"_wpcf7_ak_\"><label>\u0394<textarea name=\"_wpcf7_ak_hp_textarea\" cols=\"45\" rows=\"8\" maxlength=\"100\"><\/textarea><\/label><input type=\"hidden\" id=\"ak_js_1\" name=\"_wpcf7_ak_js\" value=\"247\"\/><script>document.getElementById( \"ak_js_1\" ).setAttribute( \"value\", ( new Date() ).getTime() );<\/script><\/p><div class=\"wpcf7-response-output\" aria-hidden=\"true\"><\/div>\n<input type=\"hidden\" name=\"trp-form-language\" value=\"tr\"\/><\/form>\n<\/div>\n<\/div><\/div><\/div>\n<\/div>","protected":false},"excerpt":{"rendered":"Connect with MEFERI Expert Support Facing Technical Challenges? Fill Out the Form Below to Get in Touch With a MEFERI Support Specialist Who Will Assist You Swiftly. Preferred languageEnglishSpanishPortugueseGermanFrenchItalianTurkishPolishRussianArabicChineseJapaneseKoreanVietnameseHindiOther Project IndustryRetailManufacturingTransportation and LogisticsHealthcareHospitalityGovernment and Public SectorOther Company Type*DistributorResellerIndependent Software Vendor (ISV)Systems\/Solutions Integrator (SI)Repair SpecialistOther Your Role in This Inquiry*Decision-MakerDelegatedOther Product Category SelectionMobile ComputersBarcode ScannersPrintersTablets and [...]","protected":false},"author":2,"featured_media":8452,"parent":506,"menu_order":0,"comment_status":"closed","ping_status":"closed","template":"","meta":{"_acf_changed":false,"footnotes":""},"industry":[],"class_list":["post-1681","page","type-page","status-publish","has-post-thumbnail","hentry"],"acf":[],"_links":{"self":[{"href":"https:\/\/meferi.com\/tr\/wp-json\/wp\/v2\/pages\/1681","targetHints":{"allow":["GET"]}}],"collection":[{"href":"https:\/\/meferi.com\/tr\/wp-json\/wp\/v2\/pages"}],"about":[{"href":"https:\/\/meferi.com\/tr\/wp-json\/wp\/v2\/types\/page"}],"author":[{"embeddable":true,"href":"https:\/\/meferi.com\/tr\/wp-json\/wp\/v2\/users\/2"}],"replies":[{"embeddable":true,"href":"https:\/\/meferi.com\/tr\/wp-json\/wp\/v2\/comments?post=1681"}],"version-history":[{"count":0,"href":"https:\/\/meferi.com\/tr\/wp-json\/wp\/v2\/pages\/1681\/revisions"}],"up":[{"embeddable":true,"href":"https:\/\/meferi.com\/tr\/wp-json\/wp\/v2\/pages\/506"}],"wp:featuredmedia":[{"embeddable":true,"href":"https:\/\/meferi.com\/tr\/wp-json\/wp\/v2\/media\/8452"}],"wp:attachment":[{"href":"https:\/\/meferi.com\/tr\/wp-json\/wp\/v2\/media?parent=1681"}],"wp:term":[{"taxonomy":"industry","embeddable":true,"href":"https:\/\/meferi.com\/tr\/wp-json\/wp\/v2\/industry?post=1681"}],"curies":[{"name":"wp","href":"https:\/\/api.w.org\/{rel}","templated":true}]}}