{"id":1284,"date":"2025-08-08T14:56:44","date_gmt":"2025-08-08T11:56:44","guid":{"rendered":"https:\/\/meferi.pontima.ru\/?page_id=1284"},"modified":"2026-03-03T10:13:09","modified_gmt":"2026-03-03T09:13:09","slug":"promotions","status":"publish","type":"page","link":"https:\/\/meferi.com\/tr\/promotions\/","title":{"rendered":"Promosyonlar"},"content":{"rendered":"<div class=\"wpb-content-wrapper\"><div class=\"vc_row wpb_row row top-row gradient-container-1 rounded-section vc_custom_1758230115498 vc_row-has-fill vc_row-o-content-middle vc_row-flex wpb_custom_034b39d9bc6c6b310d69e39f0ccf274f\"><div class=\"gradient-column-1 vc_column_container col-md-6\"><div class=\"wpb_wrapper vc_column-inner\"><div class=\"porto-sicon-box  vc_custom_1772528650053  wpb_custom_3b5043e10b087202dff5ca70349374db style_1 default-icon flex-wrap\"><div class=\"porto-sicon-header\"><h2 class=\"porto-sicon-title\" style=\"\">\u00d6zel MEFERI Promosyonlar\u0131 ve Duyurular\u0131<\/h2><p>En son teklifler, etkinlikler ve yenilikler hakk\u0131nda g\u00fcncel kal\u0131n<\/p><\/div> <!-- header --><div class=\"porto-sicon-description\" style=\"\">MEFERI&#039;nin en yeni tekliflerini, \u00f6zel promosyonlar\u0131n\u0131 ve yakla\u015fan etkinliklerini ke\u015ffedin. Bilgi sahibi olmak ve en son AIDC teknolojisi ve \u00f6zel f\u0131rsatlar hakk\u0131nda bilgi edinme \u015fans\u0131n\u0131 ka\u00e7\u0131rmamak i\u00e7in sosyal medya kanallar\u0131m\u0131za abone olun.<a class=\"porto-sicon-read xx\" href=\"https:\/\/meferi.com\/tr\/contact-meferi\/\" title='ileti\u015fim-MEFERI'>\u0130leti\u015fimi koparmamak<span>&nbsp;\"<\/span><\/a><\/div> <!-- description --><\/div><!-- porto-sicon-box --><\/div><\/div><div class=\"gradient-column-2 vc_column_container col-md-6 section section-parallax vc_custom_1761571912842\"><div class=\"wpb_wrapper vc_column-inner\">\r\n\t<div class=\"wpb_single_image wpb_content_element vc_align_right wpb_content_element  vc_custom_1758230934002 wpb_custom_81a4f7ef9830bf958462581aa01150fb\"><div class=\"wpb_wrapper\">\r\n\t\t\t\r\n\t\t\t<div class=\"vc_single_image-wrapper   vc_box_border_grey\"><img loading=\"lazy\" decoding=\"async\" width=\"568\" height=\"635\" src=\"https:\/\/meferi.com\/wp-content\/uploads\/2025\/08\/listbg.c6e840b2.png\" class=\"vc_single_image-img attachment-full\" alt=\"\" title=\"listbg.c6e840b2\" srcset=\"https:\/\/meferi.com\/wp-content\/uploads\/2025\/08\/listbg.c6e840b2.png 568w, https:\/\/meferi.com\/wp-content\/uploads\/2025\/08\/listbg.c6e840b2-537x600.png 537w, https:\/\/meferi.com\/wp-content\/uploads\/2025\/08\/listbg.c6e840b2-400x447.png 400w\" sizes=\"auto, (max-width: 568px) 100vw, 568px\" \/><\/div>\r\n\t\t<\/div>\r\n\t<\/div>\r\n<\/div><\/div><\/div><div class=\"vc_row wpb_row row top-row gradient-container-2 vc_custom_1754643846513 vc_column-gap-15 vc_row-has-fill wpb_custom_034b39d9bc6c6b310d69e39f0ccf274f\"><div class=\"gradient-column-3 vc_column_container col-md-12 vc_custom_1756396412523\"><div class=\"wpb_wrapper vc_column-inner\"><h2 style=\"font-size: 42px\" class=\"vc_custom_heading vc_do_custom_heading vc_custom_1754655508794 wpb_custom_aa365bd5046e8294520b4e73732b9d15 align-left\" >Promosyon Listesi<\/h2><\/div><\/div><\/div><div class=\"vc_row wpb_row row top-row gradient-container-3 vc_custom_1756396377879 vc_column-gap-20 wpb_custom_034b39d9bc6c6b310d69e39f0ccf274f\"><div class=\"gradient-column-4 vc_column_container col-md-4\"><div class=\"wpb_wrapper vc_column-inner\">\r\n\t<div class=\"wpb_single_image wpb_content_element vc_align_center wpb_content_element  vc_custom_1772529161915  my-rounded-box wpb_custom_84fd0856005bc73ea41f99d9354b8ba6\"><div class=\"wpb_wrapper\">\r\n\t\t\t\r\n\t\t\t<a href=\"https:\/\/meferi.com\/tr\/promotions\/me87-introduction\/\" target=\"_self\" aria-label=\"G\u00f6r\u00fcnt\u00fcy\u00fc yak\u0131nla\u015ft\u0131r\"><div class=\"vc_single_image-wrapper vc_box_rounded  vc_box_border_grey\"><img decoding=\"async\" class=\"vc_single_image-img\" src=\"https:\/\/meferi.com\/wp-content\/uploads\/2026\/03\/me87-uhf-rfid-wifi-promo-1200x800-1-600x422.jpeg\" width=\"600\" height=\"422\" alt=\"MEFERI ME87 dayan\u0131kl\u0131 mobil bilgisayar, dahili UHF RFID, 5G ve WiFi \u00f6zelliklerine sahip, harici anten gerektirmez.\" title=\"me87-uhf-rfid-wifi-promo-1200x800\" loading=\"lazy\" \/><\/div><\/a>\r\n\t\t<\/div>\r\n\t<\/div>\r\n\r\n\t<div class=\"wpb_text_column wpb_content_element vc_custom_1769261174832 promo-title wpb_custom_7c91d232724f73626cc933bd95b25ff0\" >\r\n\t\t<div class=\"wpb_wrapper\">\r\n\t\t\t<h2>Yeni G\u00fc\u00e7 Geliyor!<\/h2>\n<p><strong data-start=\"311\" data-end=\"373\">Yeni \u00dcr\u00fcn: ME87. Dahili UHF RFID. Harici anten gerektirmez. <\/strong>Test \u00f6rneklerine, pazarlama materyallerine ilk eri\u015fimi elde edin veya \u00f6n sipari\u015f verin.<\/p>\n\r\n\t\t<\/div>\r\n\t<\/div>\r\n<div class=\"vc_btn3-container vc_btn3-inline show-arrow vc_custom_1766719141118 vc_do_btn\" >\r\n\t<a class=\"vc_general vc_btn3 vc_btn3-size-lg vc_btn3-shape-round vc_btn3-style-flat wpb_custom_6687b26f39488ddbb85ddb3c1ce8e111 vc_btn3-icon-left hover-icon-zoom vc_btn3-color-black btn\" style=\"font-size:17px; font-weight:500; padding-left:22px; padding-right:22px;\" href=\"https:\/\/meferi.com\/tr\/promotions\/me87-introduction\/\" title=\"MEFERI Yeni \u00dcr\u00fcn ME87\"><i class=\"vc_btn3-icon fas fa-tags\"><\/i> Bekleme Listesine Kat\u0131l<\/a>\t\t\t<span class=\"dir-arrow hlb\" data-appear-animation-delay=\"800\" data-appear-animation=\"rotateInUpLeft\"><\/span>\r\n\t<\/div>\r\n<\/div><\/div><div class=\"gradient-column-5 vc_column_container col-md-4\"><div class=\"wpb_wrapper vc_column-inner\">\r\n\t<div class=\"wpb_single_image wpb_content_element vc_align_center wpb_content_element  vc_custom_1759335455205  my-rounded-box wpb_custom_84fd0856005bc73ea41f99d9354b8ba6\"><div class=\"wpb_wrapper\">\r\n\t\t\t\r\n\t\t\t<a href=\"https:\/\/meferi.com\/tr\/promotions\/meferi-giveaway\/\" target=\"_self\" aria-label=\"G\u00f6r\u00fcnt\u00fcy\u00fc yak\u0131nla\u015ft\u0131r\"><div class=\"vc_single_image-wrapper vc_box_rounded  vc_box_border_grey\"><img decoding=\"async\" class=\"vc_single_image-img\" src=\"https:\/\/meferi.com\/wp-content\/uploads\/2025\/09\/2346374457-600x422.png\" width=\"600\" height=\"422\" alt=\"2346374457\" title=\"2346374457\" loading=\"lazy\" \/><\/div><\/a>\r\n\t\t<\/div>\r\n\t<\/div>\r\n\r\n\t<div class=\"wpb_text_column wpb_content_element vc_custom_1772513817871 promo-title wpb_custom_7c91d232724f73626cc933bd95b25ff0\" >\r\n\t\t<div class=\"wpb_wrapper\">\r\n\t\t\t<h2>Birinci s\u0131n\u0131f \u00f6d\u00fcller kazan\u0131n!<\/h2>\n<p>MEFERI&#039;nin profesyonel AIDC toplulu\u011funa kat\u0131l\u0131n.<br data-start=\"637\" data-end=\"640\">Bug\u00fcn kaydolun, MEFERI&#039;yi takip edin ve \u00f6zel \u00e7ekili\u015flere kat\u0131l\u0131n.<\/p>\n\r\n\t\t<\/div>\r\n\t<\/div>\r\n<div class=\"vc_btn3-container vc_btn3-inline show-arrow vc_custom_1766719229312 vc_do_btn\" >\r\n\t<a class=\"vc_general vc_btn3 vc_btn3-size-lg vc_btn3-shape-round vc_btn3-style-flat wpb_custom_6687b26f39488ddbb85ddb3c1ce8e111 vc_btn3-icon-left hover-icon-zoom vc_btn3-color-black btn\" style=\"font-size:17px; font-weight:500; padding-left:22px; padding-right:22px;\" href=\"https:\/\/meferi.com\/tr\/promotions\/meferi-giveaway\/\" title=\"MEFERI Hediyesi\"><i class=\"vc_btn3-icon fas fa-tags\"><\/i> Kaydolun ve kazan\u0131n!<\/a>\t\t\t<span class=\"dir-arrow hlb\" data-appear-animation-delay=\"800\" data-appear-animation=\"rotateInUpLeft\"><\/span>\r\n\t<\/div>\r\n<\/div><\/div><div class=\"gradient-column-6 vc_column_container col-md-4\"><div class=\"wpb_wrapper vc_column-inner\">\r\n\t<div class=\"wpb_single_image wpb_content_element vc_align_center wpb_content_element  vc_custom_1769261156163  my-rounded-box wpb_custom_84fd0856005bc73ea41f99d9354b8ba6\"><div class=\"wpb_wrapper\">\r\n\t\t\t\r\n\t\t\t<a href=\"https:\/\/meferi.com\/tr\/promotions\/euroshop-2026-dusseldorf\/\" target=\"_self\" aria-label=\"G\u00f6r\u00fcnt\u00fcy\u00fc yak\u0131nla\u015ft\u0131r\"><div class=\"vc_single_image-wrapper vc_box_rounded  vc_box_border_grey\"><img decoding=\"async\" class=\"vc_single_image-img\" src=\"https:\/\/meferi.com\/wp-content\/uploads\/2026\/01\/EuroShop2026-Social-Media_1200x800-600x422.webp\" width=\"600\" height=\"422\" alt=\"MEFERI, EuroShop 2026&#039;da \u2013 Bizi 6. Salon, G80 numaral\u0131 standda ziyaret edin.\" title=\"MEFERI, EuroShop 2026&#039;da \u2013 Bizi 6. Salon, G80 numaral\u0131 standda ziyaret edin.\" loading=\"lazy\" \/><\/div><\/a>\r\n\t\t<\/div>\r\n\t<\/div>\r\n\r\n\t<div class=\"wpb_text_column wpb_content_element vc_custom_1772513743571 promo-title wpb_custom_7c91d232724f73626cc933bd95b25ff0\" >\r\n\t\t<div class=\"wpb_wrapper\">\r\n\t\t\t<h2>EuroShop&#039;ta MEFERI<\/h2>\n<p>Stand\u0131m\u0131z\u0131 ziyaret etme f\u0131rsat\u0131 yakalay\u0131n, \u00fccretsiz ziyaret\u00e7i bileti kazan\u0131n ve MEFERI Aperitivo&#039;ya ki\u015fisel davetiye al\u0131n.<\/p>\n\r\n\t\t<\/div>\r\n\t<\/div>\r\n<div class=\"vc_btn3-container vc_btn3-inline vc_custom_1772513981845 vc_do_btn\" >\r\n\t<button class=\"vc_general vc_btn3 vc_btn3-size-lg vc_btn3-shape-round vc_btn3-style-flat wpb_custom_6687b26f39488ddbb85ddb3c1ce8e111 vc_btn3-color-grey btn\" style=\"font-size:17px; font-weight:500; padding-left:22px; padding-right:22px;\">Etkinlik sona erdi.<\/button>\t<\/div>\r\n<\/div><\/div><\/div><div class=\"vc_row wpb_row row top-row gradient-container-4 vc_custom_1758229807006 wpb_custom_034b39d9bc6c6b310d69e39f0ccf274f\"><div class=\"gradient-column-7 vc_column_container col-md-4\"><div class=\"wpb_wrapper vc_column-inner\">\r\n\t<div class=\"wpb_single_image wpb_content_element vc_align_center wpb_content_element  vc_custom_1766458316479  my-rounded-box wpb_custom_84fd0856005bc73ea41f99d9354b8ba6\"><div class=\"wpb_wrapper\">\r\n\t\t\t\r\n\t\t\t<a href=\"https:\/\/meferi.com\/tr\/promotions\/nrf-new-york-2026\/\" target=\"_self\" aria-label=\"G\u00f6r\u00fcnt\u00fcy\u00fc yak\u0131nla\u015ft\u0131r\"><div class=\"vc_single_image-wrapper vc_box_rounded  vc_box_border_grey\"><img decoding=\"async\" class=\"vc_single_image-img\" src=\"https:\/\/meferi.com\/wp-content\/uploads\/2025\/12\/NRF-1200-800-600x422.webp\" width=\"600\" height=\"422\" alt=\"NRF 1200-800\" title=\"NRF 1200-800\" loading=\"lazy\" \/><\/div><\/a>\r\n\t\t<\/div>\r\n\t<\/div>\r\n\r\n\t<div class=\"wpb_text_column wpb_content_element vc_custom_1766718798815 promo-title wpb_custom_7c91d232724f73626cc933bd95b25ff0\" >\r\n\t\t<div class=\"wpb_wrapper\">\r\n\t\t\t<h2>MEFERI, NRF 2026&#039;da<\/h2>\n<p>Yeni nesil AIDC, kurumsal mobilite ve perakende otomasyonunu New York \u015fehrinde canl\u0131 olarak ke\u015ffedin.<br \/>\nBizi 3. katta, 3965 numaral\u0131 standda ziyaret edin.<\/p>\n\r\n\t\t<\/div>\r\n\t<\/div>\r\n<div class=\"vc_btn3-container vc_btn3-inline vc_custom_1772513981845 vc_do_btn\" >\r\n\t<button class=\"vc_general vc_btn3 vc_btn3-size-lg vc_btn3-shape-round vc_btn3-style-flat wpb_custom_6687b26f39488ddbb85ddb3c1ce8e111 vc_btn3-color-grey btn\" style=\"font-size:17px; font-weight:500; padding-left:22px; padding-right:22px;\">Etkinlik sona erdi.<\/button>\t<\/div>\r\n<\/div><\/div><div class=\"gradient-column-8 vc_column_container col-md-4\"><div class=\"wpb_wrapper vc_column-inner\">\r\n\t<div class=\"wpb_single_image wpb_content_element vc_align_center wpb_content_element  vc_custom_1761585145365  my-rounded-box wpb_custom_84fd0856005bc73ea41f99d9354b8ba6\"><div class=\"wpb_wrapper\">\r\n\t\t\t\r\n\t\t\t<a href=\"https:\/\/meferi.com\/tr\/promotions\/cemat-asia-2025\/\" target=\"_blank\" aria-label=\"G\u00f6r\u00fcnt\u00fcy\u00fc yak\u0131nla\u015ft\u0131r\"><div class=\"vc_single_image-wrapper vc_box_rounded  vc_box_border_grey\"><img decoding=\"async\" class=\"vc_single_image-img\" src=\"https:\/\/meferi.com\/wp-content\/uploads\/2025\/10\/2025_CEMAT_Social_Media_1200X800-600x422.webp\" width=\"600\" height=\"422\" alt=\"MEFERI CEMAT 2025 pankart\u0131\" title=\"MEFERI CEMAT 2025 pankart\u0131\" loading=\"lazy\" \/><\/div><\/a>\r\n\t\t<\/div>\r\n\t<\/div>\r\n\r\n\t<div class=\"wpb_text_column wpb_content_element vc_custom_1772514264585 promo-title wpb_custom_7c91d232724f73626cc933bd95b25ff0\" >\r\n\t\t<div class=\"wpb_wrapper\">\r\n\t\t\t<p><strong>CeMAT ASIA 2025&#039;te MEFERI stand\u0131na kat\u0131l\u0131n \u2013 \u00dccretsiz biletinizi al\u0131n!<\/strong><\/p>\n<p>MEFERI ile ak\u0131ll\u0131 Lojistik \u0130novasyonunu deneyimleyin ve AIDC sekt\u00f6r\u00fc ve di\u011fer teknolojiler hakk\u0131nda g\u00fcncel kal\u0131n: <strong>28-31 Ekim,<\/strong> 2025 y\u0131l\u0131nda \u015eanghay Yeni Uluslararas\u0131 Fuar Merkezi&#039;nde (SNIEC) d\u00fczenlenecek.<\/p>\n\r\n\t\t<\/div>\r\n\t<\/div>\r\n<div class=\"vc_btn3-container vc_btn3-inline vc_custom_1772513981845 vc_do_btn\" >\r\n\t<button class=\"vc_general vc_btn3 vc_btn3-size-lg vc_btn3-shape-round vc_btn3-style-flat wpb_custom_6687b26f39488ddbb85ddb3c1ce8e111 vc_btn3-color-grey btn\" style=\"font-size:17px; font-weight:500; padding-left:22px; padding-right:22px;\">Etkinlik sona erdi.<\/button>\t<\/div>\r\n<\/div><\/div><div class=\"gradient-column-9 vc_column_container col-md-4\"><div class=\"wpb_wrapper vc_column-inner\">\r\n\t<div class=\"wpb_single_image wpb_content_element vc_align_center wpb_content_element  vc_custom_1758229474870  my-rounded-box wpb_custom_b4d3046a798fb4b510c5420a0fc899b8\"><div class=\"wpb_wrapper\">\r\n\t\t\t\r\n\t\t\t<div class=\"vc_single_image-wrapper vc_box_rounded  vc_box_border_grey\"><img decoding=\"async\" class=\"vc_single_image-img\" src=\"https:\/\/meferi.com\/wp-content\/uploads\/2025\/09\/lpro_4.87d72069.png\" width=\"385\" height=\"293\" alt=\"NRF-2025\" title=\"NRF-2025\" loading=\"lazy\" \/><\/div>\r\n\t\t<\/div>\r\n\t<\/div>\r\n\r\n\t<div class=\"wpb_text_column wpb_content_element vc_custom_1772514243062 promo-title wpb_custom_7c91d232724f73626cc933bd95b25ff0\" >\r\n\t\t<div class=\"wpb_wrapper\">\r\n\t\t\t<p><strong>16-18 Eyl\u00fcl tarihleri aras\u0131nda Paris Expo Porte de Versailles&#039;da, Salon 6, Stand K162&#039;de bize kat\u0131l\u0131n.<\/strong><\/p>\n<p>NRF 2025: Perakendenin B\u00fcy\u00fck Fuar\u0131 Avrupa&#039;da MEFERI ile Son Teknoloji Perakende Deneyimini Ya\u015fay\u0131n! 16-18 Eyl\u00fcl tarihleri aras\u0131nda Paris Expo Porte de Versailles&#039;da, Salon 6, Stand K162&#039;de bize kat\u0131l\u0131n. S\u0131n\u0131rl\u0131 say\u0131da bilet!<\/p>\n\r\n\t\t<\/div>\r\n\t<\/div>\r\n<div class=\"vc_btn3-container vc_btn3-inline vc_custom_1772513981845 vc_do_btn\" >\r\n\t<button class=\"vc_general vc_btn3 vc_btn3-size-lg vc_btn3-shape-round vc_btn3-style-flat wpb_custom_6687b26f39488ddbb85ddb3c1ce8e111 vc_btn3-color-grey btn\" style=\"font-size:17px; font-weight:500; padding-left:22px; padding-right:22px;\">Etkinlik sona erdi.<\/button>\t<\/div>\r\n<\/div><\/div><\/div><div class=\"vc_row wpb_row row top-row gradient-container-5 vc_custom_1758229807006 wpb_custom_034b39d9bc6c6b310d69e39f0ccf274f\"><div class=\"gradient-column-10 vc_column_container col-md-4\"><div class=\"wpb_wrapper vc_column-inner\">\r\n\t<div class=\"wpb_single_image wpb_content_element vc_align_center wpb_content_element  vc_custom_1758229505129  my-rounded-box wpb_custom_b4d3046a798fb4b510c5420a0fc899b8\"><div class=\"wpb_wrapper\">\r\n\t\t\t\r\n\t\t\t<div class=\"vc_single_image-wrapper vc_box_rounded  vc_box_border_grey\"><img decoding=\"async\" class=\"vc_single_image-img\" src=\"https:\/\/meferi.com\/wp-content\/uploads\/2025\/08\/lpro_3.821c007a.png\" width=\"385\" height=\"293\" alt=\"lpro_3.821c007a\" title=\"lpro_3.821c007a\" loading=\"lazy\" \/><\/div>\r\n\t\t<\/div>\r\n\t<\/div>\r\n\r\n\t<div class=\"wpb_text_column wpb_content_element vc_custom_1766718163541 promo-title wpb_custom_7c91d232724f73626cc933bd95b25ff0\" >\r\n\t\t<div class=\"wpb_wrapper\">\r\n\t\t\t<p><strong>\u00d6zel LinkedIn Hediyesi: EuroCIS 2025&#039;te MEFERI&#039;yi ziyaret edin!<\/strong><\/p>\n<p>MEFERI&#039;yi LinkedIn&#039;de takip edin ve \u00f6zel Industryed hediyenizi almak i\u00e7in stand\u0131m\u0131z\u0131 (Salon 10, Stant B30) ziyaret edin. Yenilik\u00e7i perakende \u00e7\u00f6z\u00fcmlerini ke\u015ffetme ve \u00f6zel \u00f6d\u00fcl\u00fcn\u00fcz\u00fc alma f\u0131rsat\u0131n\u0131 ka\u00e7\u0131rmay\u0131n!<\/p>\n\r\n\t\t<\/div>\r\n\t<\/div>\r\n<div class=\"vc_btn3-container vc_btn3-inline vc_custom_1772513981845 vc_do_btn\" >\r\n\t<button class=\"vc_general vc_btn3 vc_btn3-size-lg vc_btn3-shape-round vc_btn3-style-flat wpb_custom_6687b26f39488ddbb85ddb3c1ce8e111 vc_btn3-color-grey btn\" style=\"font-size:17px; font-weight:500; padding-left:22px; padding-right:22px;\">Etkinlik sona erdi.<\/button>\t<\/div>\r\n<\/div><\/div><div class=\"gradient-column-11 vc_column_container col-md-4\"><div class=\"wpb_wrapper vc_column-inner\">\r\n\t<div class=\"wpb_single_image wpb_content_element vc_align_center wpb_content_element  vc_custom_1758230513834  my-rounded-box wpb_custom_84fd0856005bc73ea41f99d9354b8ba6\"><div class=\"wpb_wrapper\">\r\n\t\t\t\r\n\t\t\t<a href=\"https:\/\/meferi.com\/tr\/promotions\/gitex-global-2025\/\" target=\"_self\" aria-label=\"G\u00f6r\u00fcnt\u00fcy\u00fc yak\u0131nla\u015ft\u0131r\"><div class=\"vc_single_image-wrapper vc_box_rounded  vc_box_border_grey\"><img decoding=\"async\" class=\"vc_single_image-img\" src=\"https:\/\/meferi.com\/wp-content\/uploads\/2025\/09\/32235245-600x422.webp\" width=\"600\" height=\"422\" alt=\"GITEX Global 2025 Salon 15 D42\" title=\"GITEX Global 2025 Salon 15 D42\" loading=\"lazy\" \/><\/div><\/a>\r\n\t\t<\/div>\r\n\t<\/div>\r\n\r\n\t<div class=\"wpb_text_column wpb_content_element vc_custom_1772514253183 promo-title wpb_custom_7c91d232724f73626cc933bd95b25ff0\" >\r\n\t\t<div class=\"wpb_wrapper\">\r\n\t\t\t<p><strong>13-17 Ekim 2025 tarihleri aras\u0131nda Dubai D\u00fcnya Ticaret Merkezi&#039;nde, Salon 15, Stand D42&#039;de bize kat\u0131l\u0131n.<br \/>\n<\/strong><\/p>\n<p>GITEX GLOBAL 2025 \u2013 d\u00fcnyan\u0131n en ikonik ve k\u00f6kl\u00fc b\u00fcy\u00fck \u00f6l\u00e7ekli teknoloji fuar\u0131, perakende teknolojilerindeki teknoloji devlerini ve yeniliklerini sergileyen 40&#039;tan fazla sergi salonu sunuyor.<\/p>\n\r\n\t\t<\/div>\r\n\t<\/div>\r\n<div class=\"vc_btn3-container vc_btn3-inline vc_custom_1772513981845 vc_do_btn\" >\r\n\t<button class=\"vc_general vc_btn3 vc_btn3-size-lg vc_btn3-shape-round vc_btn3-style-flat wpb_custom_6687b26f39488ddbb85ddb3c1ce8e111 vc_btn3-color-grey btn\" style=\"font-size:17px; font-weight:500; padding-left:22px; padding-right:22px;\">Etkinlik sona erdi.<\/button>\t<\/div>\r\n<\/div><\/div><div class=\"gradient-column-12 vc_column_container col-md-4\"><div class=\"wpb_wrapper vc_column-inner\">\r\n\t<div class=\"wpb_single_image wpb_content_element vc_align_center wpb_content_element  vc_custom_1756396356441  my-rounded-box wpb_custom_6dfe54a20aa6ea1d6744833e4e677573\"><div class=\"wpb_wrapper\">\r\n\t\t\t\r\n\t\t\t<div class=\"vc_single_image-wrapper vc_box_rounded  vc_box_border_grey\"><img decoding=\"async\" class=\"vc_single_image-img\" src=\"https:\/\/meferi.com\/wp-content\/uploads\/2025\/08\/lpro_1.b7b681da.png\" width=\"385\" height=\"293\" alt=\"lpro_1.b7b681da\" title=\"lpro_1.b7b681da\" loading=\"lazy\" \/><\/div>\r\n\t\t<\/div>\r\n\t<\/div>\r\n\r\n\t<div class=\"wpb_text_column wpb_content_element vc_custom_1766426913597 promo-title wpb_custom_7c91d232724f73626cc933bd95b25ff0\" >\r\n\t\t<div class=\"wpb_wrapper\">\r\n\t\t\t<p><strong>MEFERI&#039;nin Parcel+Post Expo 2023&#039;ten \u00d6ne \u00c7\u0131kanlar\u0131!<\/strong><\/p>\n<p>24 Ekim&#039;de ba\u015flayan 2023 Parcel+Post Expo&#039;da, MEFERI&#039;nin geli\u015fmi\u015f \u00fcr\u00fcnleri sergilendi ve posta lojisti\u011finde ba\u011flant\u0131l\u0131 ve verimli bir gelece\u011fe y\u00f6nelik yeni vizyonu ortaya konuldu.<\/p>\n\r\n\t\t<\/div>\r\n\t<\/div>\r\n<div class=\"vc_btn3-container vc_btn3-inline vc_custom_1772513981845 vc_do_btn\" >\r\n\t<button class=\"vc_general vc_btn3 vc_btn3-size-lg vc_btn3-shape-round vc_btn3-style-flat wpb_custom_6687b26f39488ddbb85ddb3c1ce8e111 vc_btn3-color-grey btn\" style=\"font-size:17px; font-weight:500; padding-left:22px; padding-right:22px;\">Etkinlik sona erdi.<\/button>\t<\/div>\r\n<\/div><\/div><\/div>\n<\/div>","protected":false},"excerpt":{"rendered":"Exclusive MEFERI Promotions & AnnouncementsStay updated on the latest offers, events, and innovations Discover MEFERI\u2019s latest offers, exclusive promotions, and upcoming events. Subscribe to our social channels to stay informed and never miss a chance to gain insights into cutting-edge AIDC technology and exclusive deals.Keep in touch&nbsp;&raquo; Promotions List New Power Arrives! New Product: ME87. [...]","protected":false},"author":2,"featured_media":8456,"parent":0,"menu_order":0,"comment_status":"closed","ping_status":"closed","template":"","meta":{"_acf_changed":false,"footnotes":""},"industry":[],"class_list":["post-1284","page","type-page","status-publish","has-post-thumbnail","hentry"],"acf":[],"_links":{"self":[{"href":"https:\/\/meferi.com\/tr\/wp-json\/wp\/v2\/pages\/1284","targetHints":{"allow":["GET"]}}],"collection":[{"href":"https:\/\/meferi.com\/tr\/wp-json\/wp\/v2\/pages"}],"about":[{"href":"https:\/\/meferi.com\/tr\/wp-json\/wp\/v2\/types\/page"}],"author":[{"embeddable":true,"href":"https:\/\/meferi.com\/tr\/wp-json\/wp\/v2\/users\/2"}],"replies":[{"embeddable":true,"href":"https:\/\/meferi.com\/tr\/wp-json\/wp\/v2\/comments?post=1284"}],"version-history":[{"count":0,"href":"https:\/\/meferi.com\/tr\/wp-json\/wp\/v2\/pages\/1284\/revisions"}],"wp:featuredmedia":[{"embeddable":true,"href":"https:\/\/meferi.com\/tr\/wp-json\/wp\/v2\/media\/8456"}],"wp:attachment":[{"href":"https:\/\/meferi.com\/tr\/wp-json\/wp\/v2\/media?parent=1284"}],"wp:term":[{"taxonomy":"industry","embeddable":true,"href":"https:\/\/meferi.com\/tr\/wp-json\/wp\/v2\/industry?post=1284"}],"curies":[{"name":"wp","href":"https:\/\/api.w.org\/{rel}","templated":true}]}}