{"id":12400,"date":"2025-10-15T10:28:52","date_gmt":"2025-10-15T08:28:52","guid":{"rendered":"https:\/\/meferi.com\/?page_id=12400"},"modified":"2025-12-12T07:27:59","modified_gmt":"2025-12-12T06:27:59","slug":"end-of-life-eol-notification-spare-parts-availability-and-security-support-statement","status":"publish","type":"page","link":"https:\/\/meferi.com\/tr\/support-services\/legal-center\/end-of-life-eol-notification-spare-parts-availability-and-security-support-statement\/","title":{"rendered":"Kullan\u0131m \u00d6mr\u00fc Sonu (EOL) Bildirimi, Yedek Par\u00e7a Bulunabilirli\u011fi ve G\u00fcvenlik Destek Beyan\u0131"},"content":{"rendered":"<div class=\"wpb-content-wrapper\"><div class=\"vc_row wpb_row row top-row gradient-container-1 wpb_custom_034b39d9bc6c6b310d69e39f0ccf274f\"><div class=\"gradient-column-1 vc_column_container col-md-12\"><div class=\"wpb_wrapper vc_column-inner\">\r\n\t<div class=\"wpb_text_column wpb_content_element vc_custom_1765519682332 wpb_custom_7c91d232724f73626cc933bd95b25ff0\" >\r\n\t\t<div class=\"wpb_wrapper\">\r\n\t\t\t<h1>Kullan\u0131m \u00d6mr\u00fc Sonu (EOL) Bildirimi, Yedek Par\u00e7a Bulunabilirli\u011fi ve G\u00fcvenlik Destek Beyan\u0131<\/h1>\n<hr \/>\n<p><strong>S\u00fcr\u00fcm: 2025.08.07<\/strong><\/p>\n<p>MEFERI Teknolojileri A.\u015e.<\/p>\n<hr \/>\n<h2>\u0130\u00e7indekiler<\/h2>\n<ol>\n<li>girii\u015f<\/li>\n<li>\u00d6mr\u00fcn\u00fcn Sonu (EOL) Politikas\u0131 ve Yedek Par\u00e7a Bilgileri<\/li>\n<li>\u00dcr\u00fcn \u0130\u015fletim Sistemi Destek Yol Haritas\u0131<\/li>\n<li>\u00dcr\u00fcn \u0130\u015fletim Sistemi G\u00fcvenlik Destek Yol Haritas\u0131<\/li>\n<li>Yasal Notlar ve Uluslararas\u0131 Standartlara Uygunluk<\/li>\n<li>\u0130leti\u015fim Bilgileri<\/li>\n<\/ol>\n<hr \/>\n<h2>1. Giri\u015f<\/h2>\n<p>MEFERI Technologies Co., Ltd., belirli modellerin Kullan\u0131m \u00d6mr\u00fc Sonu (EOL) durumu, yedek par\u00e7a bulunabilirli\u011fi ve i\u015fletim sistemi y\u00fckseltme deste\u011fi hakk\u0131nda a\u015fa\u011f\u0131daki bildirimi sunmaktad\u0131r. MEFERI olarak, etkili ya\u015fam d\u00f6ng\u00fcs\u00fc y\u00f6netimi arac\u0131l\u0131\u011f\u0131yla \u00fcr\u00fcnlerimizin uzun \u00f6m\u00fcrl\u00fcl\u00fc\u011f\u00fcn\u00fc, g\u00fcvenilirli\u011fini ve s\u00fcrekli deste\u011fini sa\u011flamaya kararl\u0131y\u0131z. Bu, EOL, yedek par\u00e7a eri\u015fimi ve i\u015fletim sistemi g\u00fcncellemeleri i\u00e7in net zaman \u00e7izelgeleri i\u00e7erir ve i\u015f ortaklar\u0131m\u0131z\u0131n ve m\u00fc\u015fterilerimizin ge\u00e7i\u015fleri planlamalar\u0131na, kesintileri en aza indirmelerine ve optimum performans\u0131 s\u00fcrd\u00fcrmelerine olanak tan\u0131r. Bu belge, garanti s\u00fcreleri, \u00fcretim durumu, Kullan\u0131m \u00d6mr\u00fc Sonu tarihleri, yedek par\u00e7a bulunabilirli\u011fi, i\u015fletim sistemi destek ayr\u0131nt\u0131lar\u0131 ve g\u00fcvenlik yama zaman \u00e7izelgeleri dahil olmak \u00fczere \u00fcr\u00fcn ya\u015fam d\u00f6ng\u00fcs\u00fcndeki \u00f6nemli kilometre ta\u015flar\u0131n\u0131 \u00f6zetlemektedir. Bu unsurlar, MEFERI cihazlar\u0131n\u0131z\u0131n verimlili\u011fini ve uzun \u00f6m\u00fcrl\u00fcl\u00fc\u011f\u00fcn\u00fc korumak i\u00e7in olmazsa olmazd\u0131r.<\/p>\n<hr \/>\n<h2>2. Kullan\u0131m \u00d6mr\u00fc Sonu (EOL) Politikas\u0131 ve Yedek Par\u00e7a Bilgileri<\/h2>\n<p>Kullan\u0131m \u00f6mr\u00fcn\u00fc tamamlayan \u00fcr\u00fcnler i\u00e7in detayl\u0131 ya\u015fam d\u00f6ng\u00fcs\u00fc ve yedek par\u00e7a bulunabilirli\u011fi:<\/p>\n<div class=\"table-container\">\n<table border=\"1\">\n<thead>\n<tr>\n<th style=\"text-align: left;\"><strong>\u00dcr\u00fcn<br \/>\nModel Ad\u0131<\/strong><\/th>\n<th style=\"text-align: left;\"><strong>\u0130\u015eLETIM SISTEMI<br \/>\nS\u00fcr\u00fcm<\/strong><\/th>\n<th style=\"text-align: left;\"><strong>Garanti<br \/>\nD\u00f6nem<\/strong><\/th>\n<th style=\"text-align: left;\"><strong>\u00dcr\u00fcn<br \/>\nDurum<\/strong><\/th>\n<th style=\"text-align: left;\"><strong>Kullan\u0131\u015fl\u0131<br \/>\nSonraki Hayat<br \/>\n\u00dcretme<\/strong><\/th>\n<th style=\"text-align: left;\"><strong>EOL\/Sonu<br \/>\nSat\u0131\u015f Tarihi<\/strong><\/th>\n<th style=\"text-align: left;\"><strong>Yedek par\u00e7a<br \/>\nBiti\u015f Tarihi<\/strong><\/th>\n<th style=\"text-align: left;\"><strong>Destek Sonland\u0131r\u0131ld\u0131<br \/>\nTarih<\/strong><\/th>\n<\/tr>\n<\/thead>\n<tbody>\n<tr>\n<td>ME40K<\/td>\n<td>Android 12<\/td>\n<td>12 ay<\/td>\n<td>Aktif<\/td>\n<td>8 y\u0131l<\/td>\n<td>2030-12-31<\/td>\n<td>2033-12-31<\/td>\n<td>2035-12-31<\/td>\n<\/tr>\n<tr>\n<td>ME10<\/td>\n<td>Android 13<\/td>\n<td>12 ay<\/td>\n<td>Aktif<\/td>\n<td>8 y\u0131l<\/td>\n<td>2032-12-31<\/td>\n<td>2035-12-31<\/td>\n<td>2037-12-31<\/td>\n<\/tr>\n<tr>\n<td>MS300R<\/td>\n<td>Linux<\/td>\n<td>12 ay<\/td>\n<td>Aktif<\/td>\n<td>8 y\u0131l<\/td>\n<td>2030-12-31<\/td>\n<td>2033-12-31<\/td>\n<td>2035-12-31<\/td>\n<\/tr>\n<tr>\n<td>MP4000D<\/td>\n<td>Yok<\/td>\n<td>12 ay<\/td>\n<td>Aktif<\/td>\n<td>8 y\u0131l<\/td>\n<td>2030-12-31<\/td>\n<td>2033-12-31<\/td>\n<td>2035-12-31<\/td>\n<\/tr>\n<tr>\n<td>ME61<\/td>\n<td>Android 13<\/td>\n<td>12 ay<\/td>\n<td>Aktif<\/td>\n<td>8 y\u0131l<\/td>\n<td>2030-12-31<\/td>\n<td>2033-12-31<\/td>\n<td>2035-12-31<\/td>\n<\/tr>\n<tr>\n<td>ME63<\/td>\n<td>Android 15<\/td>\n<td>12 ay<\/td>\n<td>Aktif<\/td>\n<td>8 y\u0131l<\/td>\n<td>2032-12-31<\/td>\n<td>2035-12-31<\/td>\n<td>2037-12-31<\/td>\n<\/tr>\n<tr>\n<td>ME65<\/td>\n<td>Android 13<\/td>\n<td>12 ay<\/td>\n<td>Aktif<\/td>\n<td>8 y\u0131l<\/td>\n<td>2032-12-31<\/td>\n<td>2035-12-31<\/td>\n<td>2037-12-31<\/td>\n<\/tr>\n<tr>\n<td>ME74<\/td>\n<td>Android 13<\/td>\n<td>12 ay<\/td>\n<td>Aktif<\/td>\n<td>8 y\u0131l<\/td>\n<td>2032-12-31<\/td>\n<td>2035-12-31<\/td>\n<td>2037-12-31<\/td>\n<\/tr>\n<tr>\n<td>CIAO<\/td>\n<td>Android 13<\/td>\n<td>12 ay<\/td>\n<td>Aktif<\/td>\n<td>8 y\u0131l<\/td>\n<td>2032-12-31<\/td>\n<td>2035-12-31<\/td>\n<td>2037-12-31<\/td>\n<\/tr>\n<tr>\n<td>MC45<\/td>\n<td>Android 14<\/td>\n<td>12 ay<\/td>\n<td>Aktif<\/td>\n<td>8 y\u0131l<\/td>\n<td>2032-12-31<\/td>\n<td>2035-12-31<\/td>\n<td>2037-12-31<\/td>\n<\/tr>\n<\/tbody>\n<\/table>\n<\/div>\n<h3><\/h3>\n<h3>2.1. \u00dcr\u00fcn Ya\u015fam D\u00f6ng\u00fcs\u00fc Tan\u0131mlar\u0131<\/h3>\n<p>MEFERI Technologies Co., Ltd. yukar\u0131da listelenen modellerle ilgili olarak a\u015fa\u011f\u0131daki ya\u015fam d\u00f6ng\u00fcs\u00fc bilgilerini do\u011frulamaktad\u0131r.<\/p>\n<ul>\n<li><strong>\u00dcr\u00fcn Model Ad\u0131<\/strong>: MEFERI taraf\u0131ndan \u00fcretilen, kullan\u0131m \u00f6mr\u00fc ve yedek par\u00e7a bulunabilirli\u011fi ko\u015fullar\u0131 belirtilen cihaz modelinin ad\u0131.<\/li>\n<li><strong>\u0130\u015fletim Sistemi S\u00fcr\u00fcm\u00fc<\/strong>: Cihaz\u0131n \u00e7al\u0131\u015ft\u0131\u011f\u0131 i\u015fletim sistemi s\u00fcr\u00fcm\u00fc. Bu, Android, Linux veya belirtilen model i\u00e7in uyumlu ba\u015fka bir i\u015fletim sistemi olabilir.<\/li>\n<li><strong>Garanti S\u00fcresi<\/strong>: MEFERI&#039;nin ar\u0131zal\u0131 \u00fcr\u00fcnlerin onar\u0131m\u0131n\u0131 veya de\u011fi\u015ftirilmesini garanti etti\u011fi s\u00fcre, <strong>Garanti \u015eartlar\u0131 ve Ko\u015fullar\u0131<\/strong>.<\/li>\n<li><strong>\u00dcretim Durumu<\/strong>: Bir \u00fcr\u00fcn\u00fcn hala \u00fcretimde olup olmad\u0131\u011f\u0131n\u0131, Sat\u0131\u015f Sonuna ula\u015f\u0131p ula\u015fmad\u0131\u011f\u0131n\u0131 veya art\u0131k desteklenmedi\u011fini yans\u0131t\u0131r.<\/li>\n<li><strong>\u00dcretim Sonras\u0131 Faydal\u0131 \u00d6m\u00fcr<\/strong>: Modelin seri \u00fcretime ge\u00e7i\u015f tarihinden (m\u00fc\u015fterinin son sevkiyat tarihinden de\u011fil) itibaren ba\u015flayan 8 y\u0131ll\u0131k d\u00f6nemi ifade eder. Bu s\u00fcre zarf\u0131nda, \u00fcr\u00fcn\u00fcn standart \u00e7al\u0131\u015fma ko\u015fullar\u0131 alt\u0131nda normal \u015fekilde \u00e7al\u0131\u015fmas\u0131 beklenir. Bu kullan\u0131m \u00f6mr\u00fcn\u00fcn sonu, <strong>Kullan\u0131m \u00d6mr\u00fc Sonu (EOL) Tarihi<\/strong>Bu da MEFERI&#039;nin s\u00f6z konusu model i\u00e7in \u00fcretim, destek ve ya\u015fam d\u00f6ng\u00fcs\u00fcn\u00fcn sona erdi\u011finin sinyalini veriyor.<\/li>\n<li><strong>EOL\/Sat\u0131\u015f\u0131n Sonu (\u00dcr\u00fcn \u00d6mr\u00fcn\u00fcn Sonu\/\u00dcretim Tarihi\/Sat\u0131\u015f\u0131n Sonu)<\/strong>: Modelin art\u0131k \u00fcretilmeyece\u011fi ve bu modelin yeni birimlerinin sat\u0131\u015fa veya da\u011f\u0131t\u0131ma sunulmayaca\u011f\u0131 tarih.<\/li>\n<li><strong>Yedek Par\u00e7a Tedarik S\u00fcresi<\/strong>: Yedek par\u00e7alar\u0131n sipari\u015f ve \u00fcr\u00fcn onar\u0131mlar\u0131 i\u00e7in hala mevcut olaca\u011f\u0131 EOL tarihini takip eden 1 y\u0131ll\u0131k s\u00fcre.<\/li>\n<li><strong>Destek Sonland\u0131rma Tarihi<\/strong>MEFERI&#039;nin \u00fcr\u00fcn i\u00e7in resmi teknik destek sa\u011flad\u0131\u011f\u0131 son tarih.<\/li>\n<\/ul>\n<h3>2.2. \u00dcretim Durumu Tan\u0131mlar\u0131<\/h3>\n<ul>\n<li><strong>Aktif<\/strong>: \u00dcr\u00fcn halen \u00fcretimde olup sat\u0131\u015fa sunulmu\u015ftur.<\/li>\n<li><strong>Sat\u0131\u015f Sonu<\/strong>: \u00dcr\u00fcn art\u0131k sat\u0131lmamaktad\u0131r ancak garanti ve yedek par\u00e7a deste\u011fi devam etmektedir.<\/li>\n<li><strong>\u00d6mr\u00fcn\u00fcn Sonu (EOL)<\/strong>: \u00dcr\u00fcn art\u0131k \u00fcretilmiyor veya yeni \u00fcretim i\u00e7in desteklenmiyor, ancak yedek par\u00e7alar\u0131 hala mevcut.<\/li>\n<li><strong>Sadece Yedek Par\u00e7alar<\/strong>: Sadece yedek par\u00e7a mevcuttur ve \u00fcr\u00fcn art\u0131k sat\u0131lmamakta veya tam olarak desteklenmemektedir.<\/li>\n<li><strong>Hizmet Sonu<\/strong>: Yedek par\u00e7a temini de dahil olmak \u00fczere t\u00fcm \u00fcr\u00fcn deste\u011fi sona ermi\u015ftir.<\/li>\n<\/ul>\n<hr \/>\n<h2>3. \u00dcr\u00fcn \u0130\u015fletim Sistemi Destek Yol Haritas\u0131<\/h2>\n<p>Bu b\u00f6l\u00fcm, MEFERI \u00fcr\u00fcn serisinin yaz\u0131l\u0131m destek ya\u015fam d\u00f6ng\u00fcs\u00fcne dair ayr\u0131nt\u0131l\u0131 bir genel bak\u0131\u015f sunar. Bu genel bak\u0131\u015f, mevcut i\u015fletim sistemi s\u00fcr\u00fcmleri, mevcut y\u00fckseltmeler ve i\u015fletim sistemi y\u00fckseltmeleri ile geni\u015fletilmi\u015f \u00fcr\u00fcn yaz\u0131l\u0131m\u0131 deste\u011finin biti\u015f tarihlerini i\u00e7erir. MEFERI&#039;nin i\u015fletim sistemi geli\u015fimini nas\u0131l y\u00f6netti\u011fi konusunda \u015feffafl\u0131k sa\u011flayarak, m\u00fc\u015fterilerin \u00f6zellik geli\u015ftirmeleri ve uyumluluk i\u00e7in plan yapmalar\u0131na olanak tan\u0131r.<\/p>\n<div class=\"table-container\">\n<table border=\"1\">\n<thead>\n<tr>\n<th><strong>\u00dcr\u00fcn<br \/>\nModel\u00a0<\/strong><\/th>\n<th><strong>Ak\u0131m<br \/>\n\u0130\u015fletim Sistemi S\u00fcr\u00fcm\u00fc<\/strong><\/th>\n<th><strong>Y\u00fckseltilebilir<br \/>\n(Resmi \u0130\u015fletim Sistemi)<\/strong><\/th>\n<th style=\"text-align: left;\"><strong>Geni\u015fletilmi\u015f \u0130\u015fletim Sistemi<br \/>\n\u00dcr\u00fcn Yaz\u0131l\u0131m\u0131 Deste\u011fi<br \/>\nBiti\u015f Tarihi (+2 y\u0131l)*<\/strong><\/th>\n<\/tr>\n<\/thead>\n<tbody>\n<tr>\n<td>ME40K<\/td>\n<td>Android 12<\/td>\n<td>Android 13<\/td>\n<td>May\u0131s 2027<\/td>\n<\/tr>\n<tr>\n<td>ME10<\/td>\n<td>Android 13<\/td>\n<td>Android 18<\/td>\n<td>Ocak 2028<\/td>\n<\/tr>\n<tr>\n<td>MS300R<\/td>\n<td>Linux<\/td>\n<td>Yok<\/td>\n<td>Yok<\/td>\n<\/tr>\n<tr>\n<td>MP4000D<\/td>\n<td>Yok<\/td>\n<td>Yok<\/td>\n<td>Yok<\/td>\n<\/tr>\n<tr>\n<td>ME61<\/td>\n<td>Android 13<\/td>\n<td>Android 16<\/td>\n<td>Ocak 2028<\/td>\n<\/tr>\n<tr>\n<td>ME63<\/td>\n<td>Android 15<\/td>\n<td>Android 18<\/td>\n<td>\u015eubat 2030<\/td>\n<\/tr>\n<tr>\n<td>ME65<\/td>\n<td>Android 13<\/td>\n<td>Android 16<\/td>\n<td>Ocak 2028<\/td>\n<\/tr>\n<tr>\n<td>ME74<\/td>\n<td>Android 13<\/td>\n<td>Android 18<\/td>\n<td>Ocak 2028<\/td>\n<\/tr>\n<tr>\n<td>CIAO<\/td>\n<td>Android 13<\/td>\n<td>Android 18<\/td>\n<td>Ocak 2028<\/td>\n<\/tr>\n<tr>\n<td>MC45<\/td>\n<td>Android 14<\/td>\n<td>Android 18<\/td>\n<td>Mart 2029<\/td>\n<\/tr>\n<\/tbody>\n<\/table>\n<\/div>\n<p>&nbsp;<\/p>\n<ul>\n<li>MEFERI Geni\u015fletilmi\u015f \u0130\u015fletim Sistemi Yaz\u0131l\u0131m Deste\u011fi: <strong>*<\/strong> Bu ek 2 y\u0131ll\u0131k s\u00fcre, kurumsal ortamlarda cihaz g\u00fcvenilirli\u011fini desteklemek amac\u0131yla, teknik uygulanabilirli\u011fe ve Google politikalar\u0131na uygunlu\u011fa ba\u011fl\u0131 olarak AIDC cihazlar\u0131 i\u00e7in hata d\u00fczeltmelerinin, kararl\u0131l\u0131k iyile\u015ftirmelerinin ve uyumluluk geli\u015ftirmelerinin geriye d\u00f6n\u00fck olarak aktar\u0131lmas\u0131n\u0131 i\u00e7erebilir.<\/li>\n<li>Android Enterprise Recommended program\u0131 kapsam\u0131nda sertifikal\u0131 MEFERI cihazlar hakk\u0131nda ayr\u0131nt\u0131l\u0131 bilgi i\u00e7in \u015furaya bak\u0131n: <a href=\"https:\/\/androidenterprisepartners.withgoogle.com\/devices\/#!?search=MEFERI\">https:\/\/androidenterprisepartners.withgoogle.com\/devices\/#!?search=MEFERI<\/a>.<\/li>\n<\/ul>\n<hr \/>\n<h2>4. \u00dcr\u00fcn \u0130\u015fletim Sistemi G\u00fcvenlik Destek Yol Haritas\u0131<\/h2>\n<p>Bu b\u00f6l\u00fcm, Google&#039;\u0131n resmi yama biti\u015f tarihleri, g\u00fcncelleme s\u0131kl\u0131\u011f\u0131 ve MEFERI&#039;nin geni\u015fletilmi\u015f destek taahh\u00fctleri de dahil olmak \u00fczere MEFERI i\u015fletim sistemleri i\u00e7in g\u00fcvenlik deste\u011fi ya\u015fam d\u00f6ng\u00fcs\u00fcn\u00fc \u00f6zetlemektedir. AIDC cihazlar\u0131 i\u00e7in sekt\u00f6rdeki en iyi uygulamalarla uyumlu olarak, d\u00fczenli yamalar ve kritik g\u00fcncellemeler arac\u0131l\u0131\u011f\u0131yla cihaz g\u00fcvenli\u011fini standart Google zaman \u00e7izelgelerinin \u00f6tesinde s\u00fcrd\u00fcrme konusundaki kararl\u0131l\u0131\u011f\u0131m\u0131z\u0131 vurgulamaktad\u0131r.<\/p>\n<div class=\"table-container\">\n<table border=\"1\">\n<thead>\n<tr>\n<th style=\"text-align: left;\"><strong>\u0130\u015eLETIM SISTEMI<br \/>\nS\u00fcr\u00fcm<\/strong><\/th>\n<th style=\"text-align: left;\"><strong>Google G\u00fcvenli\u011fi<br \/>\nYama Deste\u011fi<br \/>\nBiti\u015f Tarihi<\/strong><\/th>\n<th style=\"text-align: left;\"><strong>Frekans\u0131<br \/>\nG\u00fcvenlik G\u00fcncellemesi<\/strong><\/th>\n<th style=\"text-align: left;\"><strong>Son Android<br \/>\nG\u00fcvenlik B\u00fclteni<\/strong><\/th>\n<th style=\"text-align: left;\"><strong>G\u00fcvenlik<br \/>\nYama Seviyesi<\/strong><\/th>\n<th style=\"text-align: left;\"><strong>Geni\u015fletilmi\u015f \u0130\u015fletim Sistemi<br \/>\nG\u00fcvenlik Deste\u011fi<br \/>\nBiti\u015f Tarihi (+2 y\u0131l)<\/strong>*<\/th>\n<\/tr>\n<\/thead>\n<tbody>\n<tr>\n<td>Android 12<\/td>\n<td>Mart 2025<\/td>\n<td>Her 90 g\u00fcnde bir<\/td>\n<td>Mart 2025<\/td>\n<td>2025-03-20<\/td>\n<td>May\u0131s 2027<\/td>\n<\/tr>\n<tr>\n<td>Android 13<\/td>\n<td>Ocak 2026<\/td>\n<td>Her 90 g\u00fcnde bir<\/td>\n<td>Aral\u0131k 2025<\/td>\n<td>2025-12-01<\/td>\n<td>Ocak 2028<\/td>\n<\/tr>\n<tr>\n<td>Android 14<\/td>\n<td>Mart 2027<\/td>\n<td>Her 90 g\u00fcnde bir<\/td>\n<td>Aral\u0131k 2025<\/td>\n<td>2025-12-01<\/td>\n<td>Mart 2029<\/td>\n<\/tr>\n<tr>\n<td>Android 15<\/td>\n<td>\u015eubat 2028<\/td>\n<td>Her 90 g\u00fcnde bir<\/td>\n<td>Aral\u0131k 2025<\/td>\n<td>2025-12-01<\/td>\n<td>\u015eubat 2030<\/td>\n<\/tr>\n<tr>\n<td>Android 16<\/td>\n<td>Ekim 2029<\/td>\n<td>Her 90 g\u00fcnde bir<\/td>\n<td>Aral\u0131k 2025<\/td>\n<td>2025-12-01<\/td>\n<td>Ocak 2031<\/td>\n<\/tr>\n<tr>\n<td>Android 17<\/td>\n<td>Ekim 2030<\/td>\n<td>Her 90 g\u00fcnde bir<\/td>\n<td>Yok<\/td>\n<td>Yok<\/td>\n<td>Ocak 2032<\/td>\n<\/tr>\n<tr>\n<td>Android 18<\/td>\n<td>Ekim 2031<\/td>\n<td>Her 90 g\u00fcnde bir<\/td>\n<td>Yok<\/td>\n<td>Yok<\/td>\n<td>Ocak 2033<\/td>\n<\/tr>\n<\/tbody>\n<\/table>\n<\/div>\n<p>&nbsp;<\/p>\n<ul>\n<li>MEFERI Geni\u015fletilmi\u015f \u0130\u015fletim Sistemi G\u00fcvenlik Deste\u011fi: * Bu ek 2 y\u0131ll\u0131k s\u00fcre, Google&#039;\u0131n standart destek zaman \u00e7izelgesinin \u00f6tesinde \u00f6nemli g\u00fcvenlik a\u00e7\u0131klar\u0131n\u0131 azaltmak i\u00e7in, teknik uygulanabilirli\u011fe ve Google politikalar\u0131na uygunlu\u011fa ba\u011fl\u0131 olarak, AOSP&#039;ye dayal\u0131 kritik g\u00fcvenlik d\u00fczeltmelerinin geriye ta\u015f\u0131nmas\u0131n\u0131 i\u00e7erebilir.<\/li>\n<li>Yay\u0131nlanmam\u0131\u015f destek zaman \u00e7izelgelerine sahip Android s\u00fcr\u00fcmleri i\u00e7in MEFERI, s\u00fcreleri Google&#039;\u0131n ge\u00e7mi\u015f uygulamalar\u0131na g\u00f6re tahmin etmektedir. Kesin tarihler, Google&#039;\u0131n resmi onay\u0131yla de\u011fi\u015febilir. Bu tahminler yaln\u0131zca bilgilendirme ama\u00e7l\u0131d\u0131r.<\/li>\n<li>Android g\u00fcvenlik g\u00fcncellemeleri, yama seviyeleri, b\u00fcltenler ve MEFERI gibi OEM&#039;lerin deste\u011fini nas\u0131l geni\u015fletti\u011fi hakk\u0131nda ayr\u0131nt\u0131l\u0131 bilgi i\u00e7in \u015furaya bak\u0131n: <a href=\"https:\/\/source.android.com\/docs\/security\/overview\/updates-resources\">https:\/\/source.android.com\/docs\/security\/overview\/updates-resources<\/a>.<\/li>\n<\/ul>\n<hr \/>\n<h2>5. Yasal Notlar ve Uluslararas\u0131 Standartlara Uygunluk<\/h2>\n<p>MEFERI&#039;nin \u00d6mr\u00fcn\u00fcn Sonu (EOL) ve yedek par\u00e7a politikalar\u0131 a\u015fa\u011f\u0131dakilerle uyumludur: <strong>uluslararas\u0131 standartlar<\/strong> AIDC \u00fcr\u00fcnleri i\u00e7in. Bunlar \u015funlar\u0131 i\u00e7erir, ancak bunlarla s\u0131n\u0131rl\u0131 de\u011fildir:<\/p>\n<ol>\n<li><strong>RoHS Uyumlulu\u011fu (Y\u00f6nerge 2011\/65\/EU)<\/strong>:T\u00fcm MEFERI \u00fcr\u00fcnleri Tehlikeli Maddelerin K\u0131s\u0131tlanmas\u0131 Direktifi&#039;ne uygundur ve bu sayede kullan\u0131m \u00f6mr\u00fcn\u00fcn sonuna ula\u015fan \u00fcr\u00fcnlerin \u00e7evreye duyarl\u0131 bir \u015fekilde bertaraf edilmesi sa\u011flan\u0131r ve kullan\u0131lan yedek par\u00e7alar da bu direktifle uyumludur.<\/li>\n<li><strong>ISO 9001:2015<\/strong>: MEFERI&#039;nin \u00fcretim ve garanti s\u00fcre\u00e7leri, \u00fcretim a\u015famas\u0131ndan garanti s\u00fcresine kadar tutarl\u0131 \u00fcr\u00fcn kalitesi ve yedek par\u00e7a bulunabilirli\u011fini garanti alt\u0131na alan ISO 9001 kalite y\u00f6netim sistemleri standartlar\u0131na uygundur.<\/li>\n<\/ol>\n<p>Bu standartlarda tan\u0131mland\u0131\u011f\u0131 gibi, Kullan\u0131m \u00d6mr\u00fc Sonu (EOL) ve yedek par\u00e7a bulunabilirlik s\u00fcresi dolduktan sonra, MEFERI listelenen \u00fcr\u00fcnler i\u00e7in art\u0131k herhangi bir garanti hizmeti veya yedek par\u00e7a sa\u011flamayacakt\u0131r. Bu politika, \u00fcr\u00fcnlerin genellikle 5-7 y\u0131l \u00fcretim sonras\u0131 destek ald\u0131\u011f\u0131 ve \u00e7evresel ve operasyonel s\u00fcrd\u00fcr\u00fclebilirli\u011fi dengeleyerek bak\u0131m, onar\u0131m ve ge\u00e7i\u015fler i\u00e7in yeterli zaman sa\u011flayan uluslararas\u0131 alanda tan\u0131nm\u0131\u015f AIDC sekt\u00f6r uygulamalar\u0131yla uyumludur.<\/p>\n<hr \/>\n<h2>6. \u0130leti\u015fim Bilgileri<\/h2>\n<p>Daha fazla bilgi veya sorular\u0131n\u0131z i\u00e7in l\u00fctfen bizimle ileti\u015fime ge\u00e7in:<\/p>\n<ul>\n<li><strong>Telefon<\/strong>: +86 400-1818-815<\/li>\n<li><strong>E-posta<\/strong>: <a href=\"mailto:support@meferi.com\">support@meferi.com<\/a><\/li>\n<li><strong>Web sitesi<\/strong>: <a href=\"https:\/\/meferi.com\/tr\/\">www.meferi.com<\/a><\/li>\n<\/ul>\n<hr \/>\n<p><strong>\u00dcretici<\/strong>: MEFERI Teknolojileri A.\u015e.<\/p>\n<p><strong>\u015eartlar\u0131n 12 Aral\u0131k 2025 tarihi itibariyle ge\u00e7erli olan g\u00fcncel hali. <\/strong><\/p>\n\r\n\t\t<\/div>\r\n\t<\/div>\r\n<\/div><\/div><\/div>\n<\/div>","protected":false},"excerpt":{"rendered":"End-of-Life (EOL) Notification, Spare Parts Availability, and Security Support Statement Version: 2025.08.07 MEFERI Technologies Co., Ltd. Table of Contents Introduction End-of-Life (EOL) Policy and Spare Parts Information Product OS Support Road Map Product OS Security Support Road Map Legal Notes and Compliance with International Standards Contact Information 1. Introduction MEFERI Technologies Co., Ltd. hereby provides [...]","protected":false},"author":5,"featured_media":12415,"parent":1478,"menu_order":0,"comment_status":"closed","ping_status":"closed","template":"","meta":{"_acf_changed":false,"footnotes":""},"industry":[],"class_list":["post-12400","page","type-page","status-publish","has-post-thumbnail","hentry"],"acf":[],"_links":{"self":[{"href":"https:\/\/meferi.com\/tr\/wp-json\/wp\/v2\/pages\/12400","targetHints":{"allow":["GET"]}}],"collection":[{"href":"https:\/\/meferi.com\/tr\/wp-json\/wp\/v2\/pages"}],"about":[{"href":"https:\/\/meferi.com\/tr\/wp-json\/wp\/v2\/types\/page"}],"author":[{"embeddable":true,"href":"https:\/\/meferi.com\/tr\/wp-json\/wp\/v2\/users\/5"}],"replies":[{"embeddable":true,"href":"https:\/\/meferi.com\/tr\/wp-json\/wp\/v2\/comments?post=12400"}],"version-history":[{"count":0,"href":"https:\/\/meferi.com\/tr\/wp-json\/wp\/v2\/pages\/12400\/revisions"}],"up":[{"embeddable":true,"href":"https:\/\/meferi.com\/tr\/wp-json\/wp\/v2\/pages\/1478"}],"wp:featuredmedia":[{"embeddable":true,"href":"https:\/\/meferi.com\/tr\/wp-json\/wp\/v2\/media\/12415"}],"wp:attachment":[{"href":"https:\/\/meferi.com\/tr\/wp-json\/wp\/v2\/media?parent=12400"}],"wp:term":[{"taxonomy":"industry","embeddable":true,"href":"https:\/\/meferi.com\/tr\/wp-json\/wp\/v2\/industry?post=12400"}],"curies":[{"name":"wp","href":"https:\/\/api.w.org\/{rel}","templated":true}]}}