{"id":10071,"date":"2025-10-07T12:52:13","date_gmt":"2025-10-07T10:52:13","guid":{"rendered":"https:\/\/meferi.com\/?page_id=10071"},"modified":"2025-10-07T18:16:43","modified_gmt":"2025-10-07T16:16:43","slug":"meferi-global-shipping-policy","status":"publish","type":"page","link":"https:\/\/meferi.com\/tr\/support-services\/legal-center\/meferi-global-shipping-policy\/","title":{"rendered":"MEFERI K\u00fcresel Nakliye Politikas\u0131"},"content":{"rendered":"<div class=\"wpb-content-wrapper\"><div class=\"vc_row wpb_row row top-row gradient-container-1 wpb_custom_034b39d9bc6c6b310d69e39f0ccf274f\"><div class=\"gradient-column-1 vc_column_container col-md-12\"><div class=\"wpb_wrapper vc_column-inner\">\r\n\t<div class=\"wpb_text_column wpb_content_element wpb_custom_7c91d232724f73626cc933bd95b25ff0\" >\r\n\t\t<div class=\"wpb_wrapper\">\r\n\t\t\t<h1><strong>MEFERI K\u00fcresel Nakliye Politikas\u0131<\/strong><\/h1>\n<p>Y\u00fcr\u00fcrl\u00fck Tarihi: 7 Ekim 2025<\/p>\n<h3><strong>1. Giri\u015f ve Kapsam<\/strong><\/h3>\n<p>Bu MEFERI K\u00fcresel Nakliye Politikas\u0131 (&quot;Politika&quot;), MEFERI Technologies Co., Ltd. (&quot;MEFERI&quot;) veya yetkili ortaklar\u0131ndan sat\u0131n al\u0131nan \u00fcr\u00fcnlerin sipari\u015f i\u015fleme, \u00fcretim s\u00fcreleri ve uluslararas\u0131 sevkiyat\u0131 prosed\u00fcrlerini \u00f6zetlemektedir. Bu belge, k\u00fcresel m\u00fc\u015fterilerimize nakliye uygulamalar\u0131m\u0131z ve sorumluluklar\u0131m\u0131z hakk\u0131nda net bir anlay\u0131\u015f sa\u011flamak amac\u0131yla tasarlanm\u0131\u015ft\u0131r.<\/p>\n<p>Bir \u00fcr\u00fcn\u00fc iade etme s\u00fcreciyle ilgili bilgi i\u00e7in l\u00fctfen ayr\u0131 olarak sundu\u011fumuz <strong><span class=\"link-annotation-unknown-block-id-1126038782\">MEFERI K\u00fcresel \u0130ade Politikas\u0131:<\/span><\/strong><!-- notionvc: 1667e8b5-acf3-45b1-b36b-4852cd5b8ac7 --> <a href=\"https:\/\/meferi.com\/tr\/support-services\/legal-center\/meferi-global-return-policy\/\">https:\/\/meferi.com\/en\/support-services\/legal-center\/meferi-global-return-policy\/<\/a>.<\/p>\n<p><strong>1.1. Kay\u0131tl\u0131 Sat\u0131c\u0131 ve Sevkiyat Men\u015fei<\/strong><\/p>\n<p>MEFERI Technologies Co., Ltd. uluslararas\u0131 alanda \u015fu \u015fekilde faaliyet g\u00f6stermektedir:&nbsp;<strong>\u00c7in Halk Cumhuriyeti&#039;nin Chengdu kentinde merkez ofis ve \u00fcretim merkezi<\/strong>ve onun&nbsp;<strong>Hong Kong&#039;da Uluslararas\u0131 Ticaret Kay\u0131tl\u0131 Ofisi<\/strong>.<\/p>\n<p>Kay\u0131tl\u0131 sat\u0131c\u0131 olarak hareket eden belirli MEFERI kurulu\u015fu ve ilgili sevkiyat men\u015fei (Chengdu veya Hong Kong) belirtilecektir.&nbsp;<strong>Proforma Faturada a\u00e7\u0131k\u00e7a belirtilmi\u015f<\/strong>&nbsp;\u00d6demenizden \u00f6nce size sunulacakt\u0131r. Bu, sipari\u015finizin operasyonel ve finansal \u00f6zelliklerine g\u00f6re belirlenir.<\/p>\n<p>M\u00fc\u015fteriler, kendi i\u015flemlerine ili\u015fkin g\u00f6nderim bilgilerini teyit etmek i\u00e7in Proforma Faturalar\u0131n\u0131 dikkatlice incelemelidir. T\u00fcm g\u00f6nderim ve g\u00fcmr\u00fck belgeleri, faturada belirtilen men\u015fe noktas\u0131n\u0131 yans\u0131tacakt\u0131r.<\/p>\n<p><!-- notionvc: ee3bf468-94f3-4533-bf93-19d5112f1f10 --><\/p>\n<h3><strong>2. Sipari\u015f \u0130\u015fleme ve \u0130\u015fleme<\/strong><\/h3>\n<p><strong>2.1. Sipari\u015f Onay\u0131 ve \u00d6deme<\/strong><\/p>\n<p>T\u00fcm sipari\u015fler, MEFERI&#039;nin Proforma Fatura d\u00fczenlemesi ve m\u00fc\u015fterinin bunu takip eden \u00f6demesini yapmas\u0131yla onaylanm\u0131\u015f say\u0131l\u0131r. \u00dcretim ve sevkiyata haz\u0131rl\u0131k dahil olmak \u00fczere sipari\u015f i\u015fleme s\u00fcreci, finans departman\u0131m\u0131z taraf\u0131ndan tam (100%) \u00f6n \u00f6deme al\u0131nd\u0131ktan ve onayland\u0131ktan sonra ba\u015flayacakt\u0131r.&nbsp;<strong>MEFERI ile m\u00fc\u015fteri veya yetkili bir MEFERI Orta\u011f\u0131 (\u00f6rne\u011fin, bir Ba\u011fl\u0131 Kurulu\u015f, Da\u011f\u0131t\u0131c\u0131 veya Sat\u0131c\u0131) aras\u0131nda ayr\u0131 bir \u015fekilde imzalanm\u0131\u015f bir s\u00f6zle\u015fmede aksi belirtilmedi\u011fi s\u00fcrece.<\/strong><\/p>\n<p><strong>2.2. \u00dcr\u00fcn Bulunabilirli\u011fi ve Teslim S\u00fcresi<\/strong><\/p>\n<p>MEFERI, bir k\u0131sm\u0131 stokta bulunan, bir k\u0131sm\u0131 da sipari\u015f \u00fczerine \u00fcretilen geni\u015f bir \u00fcr\u00fcn yelpazesine sahiptir.<\/p>\n<ul>\n<li><strong>Stoktaki \u00dcr\u00fcnler:<\/strong>&nbsp;Merkezi depomuzda bulunan \u00fcr\u00fcnler i\u00e7in standart bir ta\u015f\u0131ma s\u00fcresi&nbsp;<strong>3-5 i\u015f g\u00fcn\u00fc<\/strong>&nbsp;\u00d6deme onay\u0131ndan sonra, sipari\u015fin kargo \u015firketine aktar\u0131lmas\u0131ndan \u00f6nce ge\u00e7erlidir.<\/li>\n<li><strong>Sipari\u015f \u00dczerine \u00dcretilen \u00dcr\u00fcnler \/ Stokta Olmayan Bile\u015fenler:<\/strong>&nbsp;Bir \u00fcr\u00fcn, bile\u015fenleri veya gerekli aksesuarlar\u0131 stokta yoksa, \u00fcretim s\u00fcresi uygulanacakt\u0131r.&nbsp;<strong>Tahmini \u00fcretim s\u00fcresi, transit s\u00fcresine dahil de\u011fildir ve \u00f6deme \u00f6ncesinde taraf\u0131n\u0131za sunulacak Proforma Fatura&#039;da a\u00e7\u0131k\u00e7a belirtilecektir.<\/strong>&nbsp;Bu teslim s\u00fcresi sipari\u015f hacmine, bile\u015fen bulunabilirli\u011fine ve \u00f6zelle\u015ftirme gereksinimlerine g\u00f6re de\u011fi\u015fiklik g\u00f6sterebilir.<\/li>\n<\/ul>\n<h3><strong>3. MEFERI Yetkili Ortaklar\u0131 arac\u0131l\u0131\u011f\u0131yla yap\u0131lan sat\u0131n al\u0131mlar (Tavsiye Edilen)<\/strong><\/h3>\n<p>MEFERI, yerelle\u015ftirilmi\u015f hizmet ve destek sa\u011flamak i\u00e7in resmi Ba\u011fl\u0131 Kurulu\u015flar, Distrib\u00fct\u00f6rler ve Bayilerden olu\u015fan k\u00fcresel bir a\u011f arac\u0131l\u0131\u011f\u0131yla faaliyet g\u00f6stermektedir. Kolayl\u0131\u011f\u0131n\u0131z i\u00e7in, sat\u0131n alma talebiniz b\u00f6lgenizdeki yetkili bir i\u015f orta\u011f\u0131na y\u00f6nlendirilebilir.<\/p>\n<p><strong>3.1. \u0130\u015flem:<\/strong>&nbsp;Bu senaryoda, yerel bir MEFERI orta\u011f\u0131 \u015funlar\u0131 yapacakt\u0131r:<\/p>\n<ul>\n<li>Faturaland\u0131rma ve \u00f6deme s\u00fcrecini \u00e7o\u011funlukla yerel para biriminizde y\u00f6netin.<\/li>\n<li>Kay\u0131tl\u0131 \u0130thalat\u00e7\u0131 olarak hareket edin ve t\u00fcm g\u00fcmr\u00fck i\u015flemlerini sizin ad\u0131n\u0131za y\u00f6netin.<\/li>\n<li>\u00dcr\u00fcn\u00fc do\u011frudan belirtti\u011finiz adrese teslim edelim.<\/li>\n<\/ul>\n<p><strong>3.2. Faydalar\u0131:<\/strong>&nbsp;Yerel bir i\u015f orta\u011f\u0131 arac\u0131l\u0131\u011f\u0131yla sat\u0131n alma, genellikle yerel stoktan daha h\u0131zl\u0131 teslimat, basitle\u015ftirilmi\u015f lojistik ve karma\u015f\u0131k g\u00fcmr\u00fck prosed\u00fcrleriyle u\u011fra\u015fman\u0131za gerek kalmamas\u0131 gibi \u00f6nemli avantajlar sunar. Ayr\u0131ca,&nbsp;<strong>kolayla\u015ft\u0131r\u0131lm\u0131\u015f yerel garanti deste\u011fi<\/strong>resmi y\u00f6netimimiz taraf\u0131ndan y\u00f6netilmektedir&nbsp;<strong>Garanti \u015eartlar\u0131 ve Ko\u015fullar\u0131: <\/strong><a href=\"https:\/\/meferi.com\/tr\/support-services\/legal-center\/warranty-terms-and-conditions\/\">https:\/\/meferi.com\/en\/support-services\/legal-center\/warranty-terms-and-conditions\/<\/a>.<\/p>\n<p><strong>3.3. Uygulanabilir Politika:<\/strong>&nbsp;<strong>Sat\u0131n alma i\u015fleminiz yetkili bir i\u015f orta\u011f\u0131 taraf\u0131ndan faturaland\u0131r\u0131ld\u0131\u011f\u0131nda, g\u00f6nderim ko\u015fullar\u0131, maliyetleri ve zaman \u00e7izelgeleri bu i\u015f orta\u011f\u0131 taraf\u0131ndan belirlenir ve ilgili g\u00f6nderim politikalar\u0131na tabidir.<\/strong>&nbsp;L\u00fctfen sat\u0131c\u0131 kurulu\u015fu belirlemek i\u00e7in ticari faturaya bak\u0131n ve nakliye detaylar\u0131 i\u00e7in do\u011frudan onlara dan\u0131\u015f\u0131n.<\/p>\n<p><strong>3.4. Yerel Dok\u00fcmantasyon:<\/strong>&nbsp;Bir i\u015f orta\u011f\u0131 arac\u0131l\u0131\u011f\u0131yla sat\u0131n alma yapt\u0131\u011f\u0131n\u0131zda, \u00fclkenizin muhasebe ve vergi d\u00fczenlemelerine uygun olarak gerekli t\u00fcm yerel ticari belgeleri (\u00f6rne\u011fin fatura, teslimat notu) do\u011frudan onlardan alacaks\u0131n\u0131z.<\/p>\n<h3><strong>4. MEFERI \u00c7in&#039;den Do\u011frudan Uluslararas\u0131 Kargo<\/strong><\/h3>\n<p>A\u015fa\u011f\u0131daki \u015fartlar, \u00f6zellikle \u00c7in&#039;in Chengdu kentindeki MEFERI tesisinden do\u011frudan faturaland\u0131r\u0131lan, i\u015flenen ve g\u00f6nderilen sipari\u015fler i\u00e7in ge\u00e7erlidir.<\/p>\n<p><strong>4.1. G\u00f6nderim Hedefleri ve Y\u00f6ntemleri<\/strong><\/p>\n<p>MEFERI, lojistik ortaklar\u0131m\u0131z\u0131n (\u00f6rne\u011fin DHL, FedEx, UPS) hizmet kullan\u0131labilirli\u011fine ve ge\u00e7erli uluslararas\u0131 ticaret k\u0131s\u0131tlamalar\u0131na ba\u011fl\u0131 olarak d\u00fcnya \u00e7ap\u0131nda nakliye hizmeti sunmaktad\u0131r.<\/p>\n<p><strong>4.2. Tahmini Transit S\u00fcresi<\/strong><\/p>\n<p>Transit s\u00fcreleri ta\u015f\u0131y\u0131c\u0131 taraf\u0131ndan sa\u011flanan tahminlerdir ve garanti edilmez.&nbsp;<strong>dahil etmeyin<\/strong>&nbsp;sipari\u015f i\u015fleme s\u00fcresi, \u00fcretim s\u00fcresi veya g\u00fcmr\u00fck i\u015flemlerinde harcanan s\u00fcre.<\/p>\n<ul>\n<li><strong>H\u0131zl\u0131 Kargo:<\/strong>&nbsp;Tipik olarak&nbsp;<strong>5-10 i\u015f g\u00fcn\u00fc<\/strong>.<\/li>\n<li><strong>Standart Kargo:<\/strong>&nbsp;Tipik olarak&nbsp;<strong>15-30 i\u015f g\u00fcn\u00fc<\/strong>.<\/li>\n<\/ul>\n<p><strong>4.3. Nakliye Maliyeti Hesaplamas\u0131<\/strong><\/p>\n<p>Kargo \u00fccretleri, her sipari\u015f i\u00e7in br\u00fct a\u011f\u0131rl\u0131k, hacimsel boyutlar, var\u0131\u015f noktas\u0131 ve se\u00e7ilen hizmete g\u00f6re ayr\u0131 ayr\u0131 hesaplan\u0131r. Nihai kargo \u00fccreti, Proforma Faturan\u0131zda ayr\u0131nt\u0131l\u0131 olarak belirtilecektir.<\/p>\n<p><strong>4.4. Nakliye ve G\u00fcmr\u00fck Belgeleri<\/strong><\/p>\n<p>MEFERI, do\u011frudan uluslararas\u0131 g\u00f6nderiler i\u00e7in m\u00fc\u015fterinin g\u00fcmr\u00fck i\u015flemlerini kolayla\u015ft\u0131rmak amac\u0131yla standart bir ihracat belgeleri seti sa\u011flar. Ticari Fatura, Paketleme Listesi ve Hava Kon\u015fimentosu gibi belgeler,&nbsp;<strong>Y\u00f6netici Tedarik S\u00f6zle\u015fmesinin \u015fartlar\u0131na uygun olarak<\/strong>&nbsp;i\u015flem i\u00e7in y\u00fcr\u00fct\u00fcld\u00fc.<\/p>\n<h3><strong>5. G\u00fcmr\u00fck, Vergiler ve Har\u00e7lar (Do\u011frudan G\u00f6nderiler \u0130\u00e7in)<\/strong><\/h3>\n<p><strong>5.1. Kay\u0131tl\u0131 \u0130thalat\u00e7\u0131:<\/strong>&nbsp;\u00c7in&#039;den do\u011frudan sevkiyatlar i\u00e7in,&nbsp;<strong>m\u00fc\u015fteri Kay\u0131tl\u0131 \u0130thalat\u00e7\u0131d\u0131r<\/strong>&nbsp;Hedef \u00fclkedeki t\u00fcm yerel ithalat yasalar\u0131na uymakla y\u00fck\u00fcml\u00fcd\u00fcr.<\/p>\n<p><strong>5.2. M\u00fc\u015fteri Sorumlulu\u011fu:<\/strong>&nbsp;G\u00fcmr\u00fck i\u015flemleriyle ilgili t\u00fcm ge\u00e7erli g\u00fcmr\u00fck vergileri, ithalat vergileri (\u00f6rne\u011fin KDV), arac\u0131l\u0131k \u00fccretleri ve di\u011fer t\u00fcm masraflar&nbsp;<strong>tamamen m\u00fc\u015fterinin sorumlulu\u011fundad\u0131r<\/strong>. MEFERI bu masraflardan sorumlu de\u011fildir.<\/p>\n<h3><strong>6. Sipari\u015f Takibi ve Risk Transferi<\/strong><\/h3>\n<ul>\n<li><strong>Takip:<\/strong>&nbsp;Sipari\u015finiz kargoya verildikten sonra kargo \u015firketinin takip numaras\u0131n\u0131 i\u00e7eren bir e-posta bildirimi alacaks\u0131n\u0131z.<\/li>\n<li><strong>Riskin Transferi:<\/strong>&nbsp;MEFERI&#039;nin sevkiyata ili\u015fkin sorumlulu\u011fu, ta\u015f\u0131y\u0131c\u0131ya teslim an\u0131nda sona erer. Riskin devri, a\u015fa\u011f\u0131dakilere tabidir:&nbsp;<strong>Incoterms\u00ae 2020<\/strong>&nbsp;Proforma Faturan\u0131zda belirtilen kural.<\/li>\n<\/ul>\n<h3><strong>7. \u0130leti\u015fim Bilgileri<\/strong><\/h3>\n<p>Sipari\u015f durumu, g\u00f6nderim veya bu politika ile ilgili sorular\u0131n\u0131z i\u00e7in l\u00fctfen destek ekibimizle ileti\u015fime ge\u00e7in.<\/p>\n<ul>\n<li><strong>Sipari\u015f Durumu ve Kargo Sorular\u0131n\u0131z \u0130\u00e7in:<\/strong>\n<ul>\n<li><strong>E-posta:<\/strong>&nbsp;<a href=\"mailto:support@meferi.com\">support@meferi.com<\/a><\/li>\n<li><strong>Destek Portal\u0131 (Bilet Olu\u015fturun):<\/strong>&nbsp;<a href=\"https:\/\/helpdesk.meferi.com\/\">https:\/\/helpdesk.meferi.com\/<\/a><\/li>\n<\/ul>\n<\/li>\n<li><strong>Politika ile \u0130lgili Sorular\u0131n\u0131z \u0130\u00e7in:<\/strong>\n<ul>\n<li><strong>E-posta:<\/strong>&nbsp;<a href=\"mailto:legal@meferi.com\">legal@meferi.com<\/a><\/li>\n<\/ul>\n<\/li>\n<\/ul>\n<p><!-- notionvc: a9bb9c0f-bbbc-4a32-9533-feebffb694e0 --><\/p>\n\r\n\t\t<\/div>\r\n\t<\/div>\r\n<\/div><\/div><\/div>\n<\/div>","protected":false},"excerpt":{"rendered":"MEFERI Global Shipping Policy Effective Date: October 7, 2025 1. Introduction and Scope This MEFERI Global Shipping Policy (\"Policy\") outlines the procedures for order processing, production lead times, and international shipment of products purchased from MEFERI Technologies Co., Ltd. (\"MEFERI\") or its authorized partners. This document is designed to provide our global customers with a [...]","protected":false},"author":5,"featured_media":8565,"parent":1478,"menu_order":0,"comment_status":"closed","ping_status":"closed","template":"","meta":{"_acf_changed":false,"footnotes":""},"industry":[],"class_list":["post-10071","page","type-page","status-publish","has-post-thumbnail","hentry"],"acf":[],"_links":{"self":[{"href":"https:\/\/meferi.com\/tr\/wp-json\/wp\/v2\/pages\/10071","targetHints":{"allow":["GET"]}}],"collection":[{"href":"https:\/\/meferi.com\/tr\/wp-json\/wp\/v2\/pages"}],"about":[{"href":"https:\/\/meferi.com\/tr\/wp-json\/wp\/v2\/types\/page"}],"author":[{"embeddable":true,"href":"https:\/\/meferi.com\/tr\/wp-json\/wp\/v2\/users\/5"}],"replies":[{"embeddable":true,"href":"https:\/\/meferi.com\/tr\/wp-json\/wp\/v2\/comments?post=10071"}],"version-history":[{"count":0,"href":"https:\/\/meferi.com\/tr\/wp-json\/wp\/v2\/pages\/10071\/revisions"}],"up":[{"embeddable":true,"href":"https:\/\/meferi.com\/tr\/wp-json\/wp\/v2\/pages\/1478"}],"wp:featuredmedia":[{"embeddable":true,"href":"https:\/\/meferi.com\/tr\/wp-json\/wp\/v2\/media\/8565"}],"wp:attachment":[{"href":"https:\/\/meferi.com\/tr\/wp-json\/wp\/v2\/media?parent=10071"}],"wp:term":[{"taxonomy":"industry","embeddable":true,"href":"https:\/\/meferi.com\/tr\/wp-json\/wp\/v2\/industry?post=10071"}],"curies":[{"name":"wp","href":"https:\/\/api.w.org\/{rel}","templated":true}]}}