{"id":1000,"date":"2025-08-07T21:03:47","date_gmt":"2025-08-07T18:03:47","guid":{"rendered":"https:\/\/meferi.pontima.ru\/?page_id=1000"},"modified":"2026-02-04T09:48:24","modified_gmt":"2026-02-04T08:48:24","slug":"support-services","status":"publish","type":"page","link":"https:\/\/meferi.com\/tr\/support-services\/","title":{"rendered":"Destek ve Hizmetler"},"content":{"rendered":"<div class=\"wpb-content-wrapper\"><div class=\"vc_row wpb_row row top-row gradient-container-1 rounded-section vc_custom_1756144690078 text-left vc_row-has-fill vc_row-o-content-top vc_row-flex wpb_custom_034b39d9bc6c6b310d69e39f0ccf274f\"><div class=\"gradient-column-1 vc_column_container col-md-6 text-left\"><div class=\"wpb_wrapper vc_column-inner\"><div class=\"porto-sicon-box  vc_custom_1756578134548  wpb_custom_8629e1533f7a876ccf992ee07d9ae48e style_1 top-icon\"><div class=\"porto-sicon-header\"><h2 class=\"porto-sicon-title\" style=\"\">MEFERI Deste\u011fi<br \/>\n&amp; Hizmetler<\/h2><\/div> <!-- header --><div class=\"porto-sicon-description\" style=\"\">\u00dcr\u00fcn garantileri ve onar\u0131m\u0131 hakk\u0131nda temel bilgileri h\u0131zla bulun<br \/>\nTalepler, servis planlar\u0131 ve ortak kaynaklar \u2013 hepsi tek bir yerde.<\/div> <!-- description --><\/div><!-- porto-sicon-box --><\/div><\/div><div class=\"gradient-column-2 vc_column_container col-md-1\"><div class=\"wpb_wrapper vc_column-inner\"><\/div><\/div><\/div><div class=\"vc_row wpb_row row top-row gradient-container-2 vc_custom_1756144703398 vc_column-gap-15 vc_row-has-fill wpb_custom_034b39d9bc6c6b310d69e39f0ccf274f\"><div class=\"gradient-column-3 vc_column_container col-md-12 vc_custom_1754469150485\"><div class=\"wpb_wrapper vc_column-inner\"><h2 style=\"color: var(--porto-dark-color)\" class=\"vc_custom_heading vc_do_custom_heading vc_custom_1754590813940 wpb_custom_aa365bd5046e8294520b4e73732b9d15 align-left\" >Destek ve Hizmetlerimizi Ke\u015ffedin<\/h2><\/div><\/div><\/div><div class=\"vc_row wpb_row row top-row gradient-container-4 vc_custom_1754939217478 vc_column-gap-15 vc_row-has-fill vc_row-o-equal-height vc_row-flex wpb_custom_034b39d9bc6c6b310d69e39f0ccf274f\"><div class=\"gradient-column-4 vc_column_container col-md-4 vc_custom_1754469150485\"><div class=\"wpb_wrapper vc_column-inner\"><div class=\"porto-ultimate-content-box-container my-rounded-box\"><style>.porto_ucb_8ba3bb8197aace42da06f0fe0083a0e1:hover{box-shadow:none}<\/style><div class=\"porto-ultimate-content-box vc_custom_1756661776254 has-content-pos justify-content-center porto_ucb_8ba3bb8197aace42da06f0fe0083a0e1\" style=\"background-color:#eef4fc;border:1px solid var(--porto-light-color);min-height:500px;\" data-bg=\"#eef4fc\"><div class=\"porto-sicon-box  vc_custom_1754593087778  wpb_custom_2d9c2a682b5f8cf750d5d39077e790d9 style_2 top-icon\"><div class=\"porto-sicon-top\"><div class=\"porto-just-icon-wrapper porto-sicon-img  porto-icon-9f5d1cfb45d27d96b50bf473aebba227\" style=\"font-size: 50px;\"><img loading=\"lazy\" decoding=\"async\" class=\"img-icon\" alt=\"\" src=\"https:\/\/meferi.com\/wp-content\/uploads\/2025\/08\/\u0411\u0435\u0437-\u043d\u0430\u0437\u0432\u0430\u043d\u0438\u044f-7.png\" width=\"100\" height=\"100\" \/><\/div><\/div><div class=\"porto-sicon-header\"><h2 class=\"porto-sicon-title\" style=\"\">Ortak Portal\u0131<\/h2><p>MEFERI Ortaklar\u0131na \u00d6zel Eri\u015fim<\/p><\/div> <!-- header --><div class=\"porto-sicon-description\" style=\"\">An\u0131nda indirmeler, \u00fcr\u00fcn ke\u015ffi, sevkiyat takibi ve ger\u00e7ek zamanl\u0131 stok ve fiyatland\u0131rma ile zahmetsiz sipari\u015f verme gibi \u00f6zel ortak avantajlar\u0131na eri\u015fim sa\u011flay\u0131n.<a class=\"porto-sicon-read xx\" href=\"https:\/\/portal.meferi.com\/\" target='_blank'>Daha Fazla Bilgi<span>&nbsp;\"<\/span><\/a><\/div> <!-- description --><\/div><!-- porto-sicon-box --><\/div><\/div><\/div><\/div><div class=\"gradient-column-5 vc_column_container col-md-4\"><div class=\"wpb_wrapper vc_column-inner\"><div class=\"porto-ultimate-content-box-container my-rounded-box\"><style>.porto_ucb_8ba3bb8197aace42da06f0fe0083a0e1:hover{box-shadow:none}<\/style><div class=\"porto-ultimate-content-box vc_custom_1756661794077 has-content-pos justify-content-center porto_ucb_8ba3bb8197aace42da06f0fe0083a0e1\" style=\"background-color:#eef4fc;border:1px solid var(--porto-light-color);min-height:500px;\" data-bg=\"#eef4fc\"><div class=\"porto-sicon-box  vc_custom_1770194899537  wpb_custom_1de7e184e0d47a0dc672dd123ea3801a style_2 top-icon\"><div class=\"porto-sicon-top\"><div class=\"porto-just-icon-wrapper porto-sicon-img  porto-icon-9f5d1cfb45d27d96b50bf473aebba227\" style=\"font-size: 50px;\"><img loading=\"lazy\" decoding=\"async\" class=\"img-icon\" alt=\"\" src=\"https:\/\/meferi.com\/wp-content\/uploads\/2025\/08\/\u0411\u0435\u0437-\u043d\u0430\u0437\u0432\u0430\u043d\u0438\u044f-8.png\" width=\"100\" height=\"100\" \/><\/div><\/div><div class=\"porto-sicon-header\"><h2 class=\"porto-sicon-title\" style=\"\">Destek Portal\u0131<\/h2><p>H\u0131zl\u0131 ve \u015eeffaf Teknik Destek<\/p><\/div> <!-- header --><div class=\"porto-sicon-description\" style=\"\">Destek biletlerinizin durumunu takip edin, daha h\u0131zl\u0131 \u00e7\u00f6z\u00fcm i\u00e7in belgeleri y\u00fckleyin ve etkili sorun giderme sa\u011flamak i\u00e7in ekibinizle i\u015f birli\u011fi yap\u0131n.<a class=\"porto-sicon-read xx\" href=\"https:\/\/meferi.com\/tr\/support\/\" target='_blank' title='Destek'>Daha Fazla Bilgi<span>&nbsp;\"<\/span><\/a><\/div> <!-- description --><\/div><!-- porto-sicon-box --><\/div><\/div><\/div><\/div><div class=\"gradient-column-6 vc_column_container col-md-4\"><div class=\"wpb_wrapper vc_column-inner\"><div class=\"porto-ultimate-content-box-container my-rounded-box\"><style>.porto_ucb_8ba3bb8197aace42da06f0fe0083a0e1:hover{box-shadow:none}<\/style><div class=\"porto-ultimate-content-box vc_custom_1756661810817 has-content-pos justify-content-center porto_ucb_8ba3bb8197aace42da06f0fe0083a0e1\" style=\"background-color:#eef4fc;border:1px solid var(--porto-light-color);min-height:500px;\" data-bg=\"#eef4fc\"><div class=\"porto-sicon-box  vc_custom_1754738770370  wpb_custom_d7151b725a18e9b8643ad785eebfddee style_2 top-icon\"><div class=\"porto-sicon-top\"><div class=\"porto-just-icon-wrapper porto-sicon-img  porto-icon-9f5d1cfb45d27d96b50bf473aebba227\" style=\"font-size: 50px;\"><img loading=\"lazy\" decoding=\"async\" class=\"img-icon\" alt=\"\" src=\"https:\/\/meferi.com\/wp-content\/uploads\/2025\/08\/\u0411\u0435\u0437-\u043d\u0430\u0437\u0432\u0430\u043d\u0438\u044f-9.png\" width=\"100\" height=\"100\" \/><\/div><\/div><div class=\"porto-sicon-header\"><h2 class=\"porto-sicon-title\" style=\"\">MeCare Hizmet Planlar\u0131<\/h2><p>Sizin \u0130\u00e7in Kapsaml\u0131 Kapsam<\/p><\/div> <!-- header --><div class=\"porto-sicon-description\" style=\"\">\u00d6ncelikli onar\u0131mlar, de\u011fi\u015ftirmeler ve teknik destek de dahil olmak \u00fczere standart garantilerin \u00f6tesine ge\u00e7en esnek servis planlar\u0131yla yat\u0131r\u0131m\u0131n\u0131z\u0131 koruyun.<a class=\"porto-sicon-read xx\" href=\"https:\/\/meferi.com\/tr\/support-services\/mecare-service-plans\/\" title='mecare hizmet planlar\u0131'>Daha Fazla Bilgi<span>&nbsp;\"<\/span><\/a><\/div> <!-- description --><\/div><!-- porto-sicon-box --><\/div><\/div><\/div><\/div><\/div><div class=\"vc_row wpb_row row top-row gradient-container-5 vc_custom_1754939231713 vc_column-gap-15 vc_row-has-fill vc_row-o-equal-height vc_row-flex wpb_custom_034b39d9bc6c6b310d69e39f0ccf274f\"><div class=\"gradient-column-7 vc_column_container col-md-4 vc_custom_1754469150485\"><div class=\"wpb_wrapper vc_column-inner\"><div class=\"porto-ultimate-content-box-container my-rounded-box\"><style>.porto_ucb_8ba3bb8197aace42da06f0fe0083a0e1:hover{box-shadow:none}<\/style><div class=\"porto-ultimate-content-box vc_custom_1756661816623 has-content-pos justify-content-center porto_ucb_8ba3bb8197aace42da06f0fe0083a0e1\" style=\"background-color:#eef4fc;border:1px solid var(--porto-light-color);min-height:500px;\" data-bg=\"#eef4fc\"><div class=\"porto-sicon-box  vc_custom_1754594112676  wpb_custom_2d9c2a682b5f8cf750d5d39077e790d9 style_2 top-icon\"><div class=\"porto-sicon-top\"><div class=\"porto-just-icon-wrapper porto-sicon-img  porto-icon-9f5d1cfb45d27d96b50bf473aebba227\" style=\"font-size: 50px;\"><img loading=\"lazy\" decoding=\"async\" class=\"img-icon\" alt=\"\" src=\"https:\/\/meferi.com\/wp-content\/uploads\/2025\/08\/\u0411\u0435\u0437-\u043d\u0430\u0437\u0432\u0430\u043d\u0438\u044f-10.png\" width=\"100\" height=\"100\" \/><\/div><\/div><div class=\"porto-sicon-header\"><h2 class=\"porto-sicon-title\" style=\"\">Garanti<\/h2><p>MEFERI Garantinizi Kontrol Edin ve Y\u00f6netin<\/p><\/div> <!-- header --><div class=\"porto-sicon-description\" style=\"\">\u00dcr\u00fcn\u00fcn\u00fcz\u00fcn garanti durumunu do\u011frulay\u0131n, Kullan\u0131m \u00d6mr\u00fc Sonu bildirimlerini inceleyin ve belirli cihazlar i\u00e7in \u00f6zel garanti ko\u015fullar\u0131n\u0131 bulun.<a class=\"porto-sicon-read xx\" href=\"\/tr\/warranty-terms-and-conditions\/\" target='_blank'>Daha Fazla Bilgi<span>&nbsp;\"<\/span><\/a><\/div> <!-- description --><\/div><!-- porto-sicon-box --><\/div><\/div><\/div><\/div><div class=\"gradient-column-8 vc_column_container col-md-4\"><div class=\"wpb_wrapper vc_column-inner\"><div class=\"porto-ultimate-content-box-container my-rounded-box\"><style>.porto_ucb_8ba3bb8197aace42da06f0fe0083a0e1:hover{box-shadow:none}<\/style><div class=\"porto-ultimate-content-box vc_custom_1756661822375 has-content-pos justify-content-center porto_ucb_8ba3bb8197aace42da06f0fe0083a0e1\" style=\"background-color:#eef4fc;border:1px solid var(--porto-light-color);min-height:500px;\" data-bg=\"#eef4fc\"><div class=\"porto-sicon-box  vc_custom_1754594144740  wpb_custom_1de7e184e0d47a0dc672dd123ea3801a style_2 top-icon\"><div class=\"porto-sicon-top\"><div class=\"porto-just-icon-wrapper porto-sicon-img  porto-icon-9f5d1cfb45d27d96b50bf473aebba227\" style=\"font-size: 50px;\"><img loading=\"lazy\" decoding=\"async\" class=\"img-icon\" alt=\"\" src=\"https:\/\/meferi.com\/wp-content\/uploads\/2025\/08\/\u0411\u0435\u0437-\u043d\u0430\u0437\u0432\u0430\u043d\u0438\u044f-11.png\" width=\"100\" height=\"100\" \/><\/div><\/div><div class=\"porto-sicon-header\"><h2 class=\"porto-sicon-title\" style=\"\">Onar\u0131m Talebi<\/h2><p>Zahmetsiz RMA ve Onar\u0131m \u0130\u015flemleri<\/p><\/div> <!-- header --><div class=\"porto-sicon-description\" style=\"\">Onar\u0131m taleplerinizi iletin, ilerlemeyi takip edin ve \u00f6zel servis merkezlerimizle h\u0131zl\u0131 geri d\u00f6n\u00fc\u015f s\u00fcreleri sa\u011flay\u0131n.<a class=\"porto-sicon-read xx\" href=\"https:\/\/helpdesk.meferi.com\/\" target='_blank'>Daha Fazla Bilgi<span>&nbsp;\"<\/span><\/a><\/div> <!-- description --><\/div><!-- porto-sicon-box --><\/div><\/div><\/div><\/div><div class=\"gradient-column-9 vc_column_container col-md-4\"><div class=\"wpb_wrapper vc_column-inner\"><div class=\"porto-ultimate-content-box-container my-rounded-box\"><style>.porto_ucb_8ba3bb8197aace42da06f0fe0083a0e1:hover{box-shadow:none}<\/style><div class=\"porto-ultimate-content-box vc_custom_1756661829125 has-content-pos justify-content-center porto_ucb_8ba3bb8197aace42da06f0fe0083a0e1\" style=\"background-color:#eef4fc;border:1px solid var(--porto-light-color);min-height:500px;\" data-bg=\"#eef4fc\"><div class=\"porto-sicon-box  vc_custom_1765186151741  wpb_custom_d7151b725a18e9b8643ad785eebfddee style_2 top-icon\"><div class=\"porto-sicon-top\"><div class=\"porto-just-icon-wrapper porto-sicon-img  porto-icon-9f5d1cfb45d27d96b50bf473aebba227\" style=\"font-size: 50px;\"><img loading=\"lazy\" decoding=\"async\" class=\"img-icon\" alt=\"\" src=\"https:\/\/meferi.com\/wp-content\/uploads\/2025\/08\/\u0411\u0435\u0437-\u043d\u0430\u0437\u0432\u0430\u043d\u0438\u044f-12.png\" width=\"100\" height=\"100\" \/><\/div><\/div><div class=\"porto-sicon-header\"><h2 class=\"porto-sicon-title\" style=\"\">G\u00fcvenlik G\u00fcncelleme Merkezi<\/h2><\/div> <!-- header --><div class=\"porto-sicon-description\" style=\"\"><strong>T\u00fcm MEFERI cihazlar\u0131n\u0131z i\u00e7in g\u00fcvenlik yamalar\u0131 ve yaz\u0131l\u0131m g\u00fcncellemeleri hakk\u0131nda g\u00fcncel kal\u0131n.<\/strong><br \/>\nTelefonunuz i\u00e7in detayl\u0131 g\u00fcncelleme ge\u00e7mi\u015fini, destek zaman \u00e7izelgelerini ve AER sertifikal\u0131 g\u00fcvenlik kapsam\u0131n\u0131 g\u00f6r\u00fcnt\u00fcleyin.<a class=\"porto-sicon-read xx\" href=\"https:\/\/meferi.com\/tr\/support-services\/meferi-security-updates-center\/\">Daha Fazla Bilgi<span>&nbsp;\"<\/span><\/a><\/div> <!-- description --><\/div><!-- porto-sicon-box --><\/div><\/div><\/div><\/div><\/div><div class=\"vc_row wpb_row row top-row gradient-container-6 vc_custom_1754594060710 vc_column-gap-15 vc_row-has-fill vc_row-o-equal-height vc_row-flex wpb_custom_034b39d9bc6c6b310d69e39f0ccf274f\"><div class=\"gradient-column-10 vc_column_container col-md-4 vc_custom_1754469150485\"><div class=\"wpb_wrapper vc_column-inner\"><div class=\"porto-ultimate-content-box-container my-rounded-box\"><style>.porto_ucb_8ba3bb8197aace42da06f0fe0083a0e1:hover{box-shadow:none}<\/style><div class=\"porto-ultimate-content-box vc_custom_1756661834984 has-content-pos justify-content-center porto_ucb_8ba3bb8197aace42da06f0fe0083a0e1\" style=\"background-color:#eef4fc;border:1px solid var(--porto-light-color);min-height:500px;\" data-bg=\"#eef4fc\"><div class=\"porto-sicon-box  vc_custom_1754594237357  wpb_custom_2d9c2a682b5f8cf750d5d39077e790d9 style_2 top-icon\"><div class=\"porto-sicon-top\"><div class=\"porto-just-icon-wrapper porto-sicon-img  porto-icon-9f5d1cfb45d27d96b50bf473aebba227\" style=\"font-size: 50px;\"><img loading=\"lazy\" decoding=\"async\" class=\"img-icon\" alt=\"\" src=\"https:\/\/meferi.com\/wp-content\/uploads\/2025\/08\/\u0411\u0435\u0437-\u043d\u0430\u0437\u0432\u0430\u043d\u0438\u044f-13.png\" width=\"100\" height=\"100\" \/><\/div><\/div><div class=\"porto-sicon-header\"><h2 class=\"porto-sicon-title\" style=\"\">\u00c7evrimi\u00e7i Belgeler<\/h2><p>K\u0131lavuzlara ve Kullan\u0131m K\u0131lavuzlar\u0131na H\u0131zl\u0131<\/p><\/div> <!-- header --><div class=\"porto-sicon-description\" style=\"\">MEFERI \u00fcr\u00fcnlerine ait en son kullan\u0131c\u0131 k\u0131lavuzlar\u0131n\u0131, h\u0131zl\u0131 k\u0131lavuzlar\u0131 ve kurulum belgelerini g\u00f6r\u00fcnt\u00fcleyin ve indirin.<a class=\"porto-sicon-read xx\" href=\"\/tr\/docs-online\/\" target='_blank'>Daha Fazla Bilgi<span>&nbsp;\"<\/span><\/a><\/div> <!-- description --><\/div><!-- porto-sicon-box --><\/div><\/div><\/div><\/div><div class=\"gradient-column-11 vc_column_container col-md-4\"><div class=\"wpb_wrapper vc_column-inner\"><div class=\"porto-ultimate-content-box-container my-rounded-box\"><style>.porto_ucb_8ba3bb8197aace42da06f0fe0083a0e1:hover{box-shadow:none}<\/style><div class=\"porto-ultimate-content-box vc_custom_1756661840289 has-content-pos justify-content-center porto_ucb_8ba3bb8197aace42da06f0fe0083a0e1\" style=\"background-color:#eef4fc;border:1px solid var(--porto-light-color);min-height:500px;\" data-bg=\"#eef4fc\"><div class=\"porto-sicon-box  vc_custom_1754594271444  wpb_custom_1de7e184e0d47a0dc672dd123ea3801a style_2 top-icon\"><div class=\"porto-sicon-top\"><div class=\"porto-just-icon-wrapper porto-sicon-img  porto-icon-9f5d1cfb45d27d96b50bf473aebba227\" style=\"font-size: 50px;\"><img loading=\"lazy\" decoding=\"async\" class=\"img-icon\" alt=\"\" src=\"https:\/\/meferi.com\/wp-content\/uploads\/2025\/08\/\u0411\u0435\u0437-\u043d\u0430\u0437\u0432\u0430\u043d\u0438\u044f-14.png\" width=\"100\" height=\"100\" \/><\/div><\/div><div class=\"porto-sicon-header\"><h2 class=\"porto-sicon-title\" style=\"\">Ortak Sertifikalar\u0131<\/h2><p>MEFERI Ortak Durumunuzu Do\u011frulay\u0131n<\/p><\/div> <!-- header --><div class=\"porto-sicon-description\" style=\"\">Do\u011frulama arac\u0131m\u0131zla MEFERI Yetkili Da\u011f\u0131t\u0131c\u0131 veya Sat\u0131c\u0131 Sertifikan\u0131z\u0131n ger\u00e7ekli\u011fini do\u011frulay\u0131n.<a class=\"porto-sicon-read xx\" href=\"\/tr\/partner-certificate-verification\/\" target='_blank'>Daha Fazla Bilgi<span>&nbsp;\"<\/span><\/a><\/div> <!-- description --><\/div><!-- porto-sicon-box --><\/div><\/div><\/div><\/div><div class=\"gradient-column-12 vc_column_container col-md-4\"><div class=\"wpb_wrapper vc_column-inner\"><div class=\"porto-ultimate-content-box-container my-rounded-box\"><style>.porto_ucb_8ba3bb8197aace42da06f0fe0083a0e1:hover{box-shadow:none}<\/style><div class=\"porto-ultimate-content-box vc_custom_1756661845349 has-content-pos justify-content-center porto_ucb_8ba3bb8197aace42da06f0fe0083a0e1\" style=\"background-color:#eef4fc;border:1px solid var(--porto-light-color);min-height:500px;\" data-bg=\"#eef4fc\"><div class=\"porto-sicon-box  vc_custom_1754594298429  wpb_custom_2d9c2a682b5f8cf750d5d39077e790d9 style_2 top-icon\"><div class=\"porto-sicon-top\"><div class=\"porto-just-icon-wrapper porto-sicon-img  porto-icon-9f5d1cfb45d27d96b50bf473aebba227\" style=\"font-size: 50px;\"><img loading=\"lazy\" decoding=\"async\" class=\"img-icon\" alt=\"\" src=\"https:\/\/meferi.com\/wp-content\/uploads\/2025\/08\/\u0411\u0435\u0437-\u043d\u0430\u0437\u0432\u0430\u043d\u0438\u044f-15.png\" width=\"100\" height=\"100\" \/><\/div><\/div><div class=\"porto-sicon-header\"><h2 class=\"porto-sicon-title\" style=\"\">\u00dcr\u00fcn Sertifikalar\u0131<\/h2><p>Uyumluluk ve G\u00fcvenlik Sertifikalar\u0131<\/p><\/div> <!-- header --><div class=\"porto-sicon-description\" style=\"\">\u00dcr\u00fcn uyumluluk belgeleri, AER Android Enterprise \u00d6nerilen sertifikalar\u0131 ve end\u00fcstri standard\u0131 g\u00fcvenlik.<a class=\"porto-sicon-read xx\" href=\"\/tr\/product-certificates\/\">Daha Fazla Bilgi<span>&nbsp;\"<\/span><\/a><\/div> <!-- description --><\/div><!-- porto-sicon-box --><\/div><\/div><\/div><\/div><\/div><div class=\"vc_row wpb_row row top-row gradient-container-7 rounded-section vc_custom_1758202920197 text-left vc_row-has-fill vc_row-o-content-top vc_row-flex wpb_custom_034b39d9bc6c6b310d69e39f0ccf274f\"><div class=\"gradient-column-13 vc_column_container col-md-6 text-left\"><div class=\"wpb_wrapper vc_column-inner\"><div class=\"porto-sicon-box  vc_custom_1762880245414  wpb_custom_178f2745f58ee46e3130aac549600833 style_2 top-icon\"><div class=\"porto-sicon-header\"><h2 class=\"porto-sicon-title\" style=\"\">MEFERI&#039;nin Son Teknoloji \u00c7\u00f6z\u00fcmlerini Test Edin<\/h2><p style=\"color:var(--porto-light-color);\">\u00dccretsiz Test S\u00fcr\u00fc\u015f\u00fcyle Sekt\u00f6r Lideri \u00c7\u00f6z\u00fcmlerimizi Deneyin<\/p><\/div> <!-- header --><div class=\"porto-sicon-description\" style=\"color:var(--porto-light-color);\">MEFERI&#039;nin operasyonlar\u0131n\u0131zda yaratabilece\u011fi fark\u0131 ke\u015ffedin. Son teknoloji \u00fcr\u00fcnlerimiz, sekt\u00f6r\u00fcn\u00fcz\u00fcn benzersiz ihtiya\u00e7lar\u0131n\u0131 kar\u015f\u0131lamak \u00fczere tasarlanm\u0131\u015ft\u0131r. \u0130ster operasyonel verimlili\u011fi art\u0131rmay\u0131, ister maliyetleri d\u00fc\u015f\u00fcrmeyi veya yeni yeteneklerin kilidini a\u00e7may\u0131 hedefliyor olun, \u00fcr\u00fcnlerimizin \u00fccretsiz test s\u00fcr\u00fc\u015f\u00fc, i\u015f d\u00f6n\u00fc\u015f\u00fcm\u00fcn\u00fczdeki ilk ad\u0131m\u0131 temsil eder.<\/div> <!-- description --><\/div><!-- porto-sicon-box --><style>.vc_btn3-style-gradient-custom.vc_btn-gradient-btn-69fc9f61a5718:hover,.vc_btn3-style-gradient-custom.vc_btn-gradient-btn-69fc9f61a5718:focus{color: #ffffff;background-color: var(--porto-tertiary-color);border: none;background-position: 100% 0;} .vc_btn3-style-gradient-custom.vc_btn-gradient-btn-69fc9f61a5718{color: #ffffff;border: none;background-color: #dd3333;background-image: -webkit-linear-gradient(left, #dd3333 0%, var(--porto-tertiary-color) 50%,#dd3333 100%);background-image: linear-gradient(to right, #dd3333 0%, var(--porto-tertiary-color) 50%,#dd3333 100%);transition: all .2s ease-in-out;background-size: 200% 100%;}<\/style><div class=\"vc_btn3-container vc_btn3-inline vc_custom_1762880410296 vc_do_btn\" >\r\n\t<a data-vc-gradient-1=\"#dd3333\" data-vc-gradient-2=\"var(--porto-tertiary-color)\" class=\"vc_general vc_btn3 vc_btn3-size-xl vc_btn3-shape-round vc_btn3-style-gradient-custom wpb_custom_6687b26f39488ddbb85ddb3c1ce8e111 vc_btn-gradient-btn-69fc9f61a5718 btn\" style=\"font-size:17px; font-weight:500;\" href=\"https:\/\/meferi.com\/tr\/contact-meferi\/contact-sales\/\" title=\"Sat\u0131\u015f Ekibiyle \u0130leti\u015fime Ge\u00e7in\">\u00dccretsiz Test S\u00fcr\u00fc\u015f\u00fcn\u00fcze Ba\u015flay\u0131n<\/a>\t<\/div>\r\n<\/div><\/div><\/div><div class=\"vc_row wpb_row row top-row gradient-container-8 rounded-section vc_custom_1756144749325 text-left vc_row-has-fill vc_row-o-content-top vc_row-flex wpb_custom_034b39d9bc6c6b310d69e39f0ccf274f\"><div class=\"gradient-column-14 vc_column_container col-md-12\"><div class=\"wpb_wrapper vc_column-inner\">\r\n\t<div class=\"wpb_text_column wpb_content_element wpb_custom_7c91d232724f73626cc933bd95b25ff0\" >\r\n\t\t<div class=\"wpb_wrapper\">\r\n\t\t\t<h3 class=\"big_title\" style=\"text-align: center;\"><strong><span style=\"color: #ffffff;\">Sekt\u00f6r Operasyonlar\u0131n\u0131z\u0131 Bir \u00dcst Seviyeye Ta\u015f\u0131y\u0131n<\/span><\/strong><\/h3>\n<div class=\"big_title\" style=\"text-align: center;\" data-v-341129f1=\"\"><strong><span style=\"color: #ffffff;\">Sekt\u00f6r\u00fcn\u00fcz\u00fcn inceliklerine g\u00f6re \u00f6zenle haz\u0131rlanm\u0131\u015f \u00e7\u00f6z\u00fcmleri deneyimleyin. <\/span><\/strong><\/div>\n<div class=\"big_title\" style=\"text-align: center;\" data-v-341129f1=\"\"><strong><span style=\"color: #ffffff;\">Uzmanlar\u0131m\u0131z, operasyonlar\u0131n\u0131z\u0131 optimize etmeniz ve i\u015f hedeflerinize ula\u015fman\u0131z i\u00e7in her uygulaman\u0131n yetenekleri konusunda size rehberlik edebilir.<\/span><\/strong><\/div>\n\r\n\t\t<\/div>\r\n\t<\/div>\r\n<\/div><\/div><div class=\"gradient-column-15 vc_column_container col-md-1\"><div class=\"wpb_wrapper vc_column-inner\"><\/div><\/div><div class=\"gradient-column-16 vc_column_container col-md-5 text-left vc_custom_1754595878014\"><div class=\"wpb_wrapper vc_column-inner\"><div class=\"porto-ultimate-content-box-container my-rounded-box\"><style>.porto_ucb_8ba3bb8197aace42da06f0fe0083a0e1:hover{box-shadow:none}<\/style><div class=\"porto-ultimate-content-box vc_custom_1754595751442 has-content-pos justify-content-center porto_ucb_8ba3bb8197aace42da06f0fe0083a0e1\" style=\"background-color:var(--porto-light-color);border:1px solid var(--porto-light-color);\" data-bg=\"var(--porto-light-color)\"><div class=\"porto-sicon-box  vc_custom_1762880257362  wpb_custom_710b63c711f81c5f0250186a3847fdac style_1 top-icon\"><div class=\"porto-sicon-header\"><h4 class=\"porto-sicon-title\" style=\"\">Teknik Destek ile \u0130leti\u015fime Ge\u00e7in<\/h4><p>Sorun giderme, onar\u0131mlar, garantiler ve servis planlar\u0131 konusunda yard\u0131m al\u0131n.<\/p><\/div> <!-- header --><div class=\"porto-sicon-description\" style=\"\"><a class=\"porto-sicon-read xx\" href=\"\/tr\/contact-support\/\" target='_blank' title='ileti\u015fim-MEFERI'>Destek Ekibiyle \u0130leti\u015fime Ge\u00e7in<span>&nbsp;\"<\/span><\/a><\/div> <!-- description --><\/div><!-- porto-sicon-box --><\/div><\/div><\/div><\/div><div class=\"gradient-column-17 vc_column_container col-md-5 vc_custom_1754595890201\"><div class=\"wpb_wrapper vc_column-inner\"><div class=\"porto-ultimate-content-box-container my-rounded-box\"><style>.porto_ucb_8ba3bb8197aace42da06f0fe0083a0e1:hover{box-shadow:none}<\/style><div class=\"porto-ultimate-content-box vc_custom_1754595770377 has-content-pos justify-content-center porto_ucb_8ba3bb8197aace42da06f0fe0083a0e1\" style=\"background-color:var(--porto-light-color);border:1px solid var(--porto-light-color);\" data-bg=\"var(--porto-light-color)\"><div class=\"porto-sicon-box  vc_custom_1754595545044  wpb_custom_710b63c711f81c5f0250186a3847fdac style_1 top-icon\"><div class=\"porto-sicon-header\"><h4 class=\"porto-sicon-title\" style=\"\">Ortak ve \u0130\u015f Sorular\u0131<\/h4><p>Ortakl\u0131klar, da\u011f\u0131t\u0131m, toplu sipari\u015fler ve \u00fcr\u00fcn dan\u0131\u015fmanl\u0131\u011f\u0131 i\u00e7in.<\/p><\/div> <!-- header --><div class=\"porto-sicon-description\" style=\"\"><a class=\"porto-sicon-read xx\" href=\"\/tr\/contact-sales\/\" target='_blank' title='ileti\u015fim-MEFERI'>Sat\u0131\u015f Ekibiyle \u0130leti\u015fime Ge\u00e7in<span>&nbsp;\"<\/span><\/a><\/div> <!-- description --><\/div><!-- porto-sicon-box --><\/div><\/div><\/div><\/div><\/div>\n<\/div>","protected":false},"excerpt":{"rendered":"MEFERI Support &amp; Services Quickly find essential information on product warranties, repair requests, service plans, and partner resources - all in one place. Explore Our Support & ServicesPartner PortalExclusive Access for MEFERI Partners Gain access to exclusive partner benefits, including instant downloads, product exploration, shipment tracking, and effortless ordering with real-time stock and pricing.Learn More&nbsp;&raquo; [...]","protected":false},"author":2,"featured_media":8476,"parent":0,"menu_order":0,"comment_status":"closed","ping_status":"closed","template":"","meta":{"_acf_changed":false,"footnotes":""},"industry":[],"class_list":["post-1000","page","type-page","status-publish","has-post-thumbnail","hentry"],"acf":[],"_links":{"self":[{"href":"https:\/\/meferi.com\/tr\/wp-json\/wp\/v2\/pages\/1000","targetHints":{"allow":["GET"]}}],"collection":[{"href":"https:\/\/meferi.com\/tr\/wp-json\/wp\/v2\/pages"}],"about":[{"href":"https:\/\/meferi.com\/tr\/wp-json\/wp\/v2\/types\/page"}],"author":[{"embeddable":true,"href":"https:\/\/meferi.com\/tr\/wp-json\/wp\/v2\/users\/2"}],"replies":[{"embeddable":true,"href":"https:\/\/meferi.com\/tr\/wp-json\/wp\/v2\/comments?post=1000"}],"version-history":[{"count":0,"href":"https:\/\/meferi.com\/tr\/wp-json\/wp\/v2\/pages\/1000\/revisions"}],"wp:featuredmedia":[{"embeddable":true,"href":"https:\/\/meferi.com\/tr\/wp-json\/wp\/v2\/media\/8476"}],"wp:attachment":[{"href":"https:\/\/meferi.com\/tr\/wp-json\/wp\/v2\/media?parent=1000"}],"wp:term":[{"taxonomy":"industry","embeddable":true,"href":"https:\/\/meferi.com\/tr\/wp-json\/wp\/v2\/industry?post=1000"}],"curies":[{"name":"wp","href":"https:\/\/api.w.org\/{rel}","templated":true}]}}