{"id":3896,"date":"2025-08-14T17:03:48","date_gmt":"2025-08-14T14:03:48","guid":{"rendered":"https:\/\/meferi.pontima.ru\/?post_type=product&#038;p=3896"},"modified":"2026-03-10T09:53:41","modified_gmt":"2026-03-10T08:53:41","slug":"me40k","status":"publish","type":"product","link":"https:\/\/meferi.com\/pt\/products\/mobile-computers\/handheld-pc\/me40k\/","title":{"rendered":"Computador m\u00f3vel ME40K"},"content":{"rendered":"<div class=\"wpb-content-wrapper\"><div class=\"vc_row wpb_row row top-row gradient-container-1 wpb_custom_034b39d9bc6c6b310d69e39f0ccf274f\"><div class=\"gradient-column-1 vc_column_container col-md-12\"><div class=\"wpb_wrapper vc_column-inner\">\r\n\t<div class=\"wpb_text_column wpb_content_element wpb_custom_7c91d232724f73626cc933bd95b25ff0\" >\r\n\t\t<div class=\"wpb_wrapper\">\r\n\t\t\t\r\n\t\t<\/div>\r\n\t<\/div>\r\n<\/div><\/div><\/div><div class=\"vc_row wpb_row row top-row gradient-container-2 rounded-section vc_custom_1755164630071 no-padding vc_row-has-fill wpb_custom_034b39d9bc6c6b310d69e39f0ccf274f\"><div class=\"gradient-column-2 vc_column_container col-md-12\"><div class=\"wpb_wrapper vc_column-inner\">\r\n\t<div class=\"wpb_text_column wpb_content_element vc_custom_1755180141176 wpb_custom_7c91d232724f73626cc933bd95b25ff0\" >\r\n\t\t<div class=\"wpb_wrapper\">\r\n\t\t\t<h2 class=\"good_tips\">A robustez encontra o brilho tecnol\u00f3gico<\/h2>\n<div class=\"good_des\" data-v-59e00dce=\"\">Prote\u00e7\u00e3o IP67 e carca\u00e7a robusta desafiam desafios. Escaneamento avan\u00e7ado e fun\u00e7\u00f5es de otimiza\u00e7\u00e3o de teclado profissionais. Android AER e GMS prometem longevidade. Bateria de 5180 mAh oferece 20 horas de autonomia. Wi-Fi e roaming cont\u00ednuos mant\u00eam voc\u00ea conectado. Domine a mobilidade empresarial.<\/div>\n\r\n\t\t<\/div>\r\n\t<\/div>\r\n<div class=\"vc_empty_space\"   style=\"height: 22px\"><span class=\"vc_empty_space_inner\"><\/span><\/div><div class=\"vc_btn3-container vc_btn3-inline vc_custom_1755159836239 vc_do_btn\" >\r\n\t<a class=\"vc_general vc_btn3 vc_btn3-size-lg vc_btn3-shape-round vc_btn3-style-classic btn-hover-text-effect hover-text-switch-left wpb_custom_feb90eca13f0b50ed1f6f904a3d0e275 vc_btn3-icon-left hover-icon-zoom vc_btn3-color-black btn\" style=\"padding-left:22px; padding-right:22px;\" href=\"https:\/\/meferi.com\/pt\/contact-meferi\/contact-sales\/\" title=\"contacto-MEFERI\" target=\"_blank\"><i class=\"vc_btn3-icon fas fa-globe-americas\"><\/i> <span class=\"btn-text\" data-text=\"Get best price\">Obter o melhor pre\u00e7o<\/span><\/a>\t<\/div>\r\n<div class=\"vc_btn3-container vc_btn3-inline vc_do_btn\" >\r\n\t<a class=\"vc_btn3 vc_btn3-shape-round wpb_custom_0160309ab4e666fb3cb18fdd1b6dab1a vc_btn3-icon-left hover-icon-zoom btn btn-borders btn-lg btn-dark\" style=\"padding-left:22px; padding-right:22px;\" href=\"https:\/\/portal.meferi.com\/login\" title=\"contacto-MEFERI\" target=\"_blank\"><i class=\"vc_btn3-icon fas fa-braille\"><\/i> Pedido de especifica\u00e7\u00f5es<\/a>\t<\/div>\r\n<div class=\"vc_empty_space\"   style=\"height: 22px\"><span class=\"vc_empty_space_inner\"><\/span><\/div><\/div><\/div><\/div><div class=\"vc_row wpb_row row top-row gradient-container-4 vc_custom_1755164713629 wpb_custom_034b39d9bc6c6b310d69e39f0ccf274f\"><div class=\"gradient-column-3 vc_column_container col-md-12\"><div class=\"wpb_wrapper vc_column-inner\"><div id=\"ultv-2529\" class=\"ult-dual-color ult-adjust-bottom-margin ult-dual-color-responsive-none ultv-2529   vc_custom_1755180080594\"><div class=\"ult-module-content ult-dual-color-heading\" style=\"text-align:left;\">\n\t\t\t\t\t\t<h3><span class=\"ult-before-heading\">\n\t\t\t\t\t\t<span class=\"ult-dual-heading-text ult-first-text ult-responsive\"  data-ultimate-target='.ult-dual-color.ultv-2529 .ult-dual-heading-text'  data-responsive-json-new='{\"font-size\":\"desktop:40px;\",\"line-height\":\"desktop:48px;\"}'  style=\"color:var(--porto-quaternary-color);     border:none; font-weight:normal;\">Carater\u00edsticas do<\/span>\n\t\t\t\t\t<\/span><span class=\"ult-adv-heading\" style=\"\">\n\t\t\t\t\t\t<span class=\"ult-dual-adv-heading-text ult-highlight-text ult-responsive\"  data-ultimate-target='.ult-dual-color.ultv-2529 .ult-highlight-text'  data-responsive-json-new='{\"font-size\":\"desktop:40px;\",\"line-height\":\"desktop:48px;\"}'  style=\"color:#d00341;    padding:7px; border:none; font-weight:normal;\">ME40K<\/span>\n\t\t\t\t\t<\/span><\/h3> <\/div><\/div><\/div><\/div><\/div><div class=\"vc_row wpb_row row top-row gradient-container-5 vc_column-gap-25 vc_row-o-content-middle vc_row-flex wpb_custom_034b39d9bc6c6b310d69e39f0ccf274f\"><div class=\"gradient-column-4 vc_column_container col-md-6\"><div class=\"wpb_wrapper vc_column-inner\"><div class=\"porto-ultimate-content-box-container my-rounded-box\"><style>.porto_ucb_bd0f4babf7c24dafca3fc6bc2d95b490:hover{box-shadow:3px 3px 3px 3px #eef4fc}<\/style><div class=\"porto-ultimate-content-box porto_ucb_bd0f4babf7c24dafca3fc6bc2d95b490\" style=\"background-color:rgba(238,244,252,0);border:1px solid var(--porto-tertiary-color);min-height:222px;\" data-bg=\"rgba(238,244,252,0)\"><div class=\"porto-sicon-box  vc_custom_1755181008687  wpb_custom_76144dda40c74981b50ea38a702f0b59 style_2 left-icon\"><div class=\"porto-sicon-left\"><div class=\"porto-just-icon-wrapper porto-sicon-img  porto-icon-9f5d1cfb45d27d96b50bf473aebba227\" style=\"font-size: 200px;\" data-appear-animation=\"bounce\"><img loading=\"lazy\" decoding=\"async\" class=\"img-icon\" alt=\"\" src=\"https:\/\/meferi.com\/wp-content\/uploads\/2025\/08\/fot1-2.png\" width=\"360\" height=\"360\" \/><\/div><\/div><div class=\"porto-sicon-body\"><div class=\"porto-sicon-header\"><h2 class=\"porto-sicon-title\" style=\"margin-top:44px;\">Prote\u00e7\u00e3o robusta aprimorada<\/h2><\/div> <!-- header --><div class=\"porto-sicon-description\" style=\"\">O ME40K com capa de borracha resistente opcional torna-se praticamente indestrut\u00edvel (certifica\u00e7\u00e3o MIL-STD-810G). A classifica\u00e7\u00e3o IP67 protege contra imers\u00e3o em poeira\/\u00e1gua de at\u00e9 1 m por 30 minutos.<\/div> <!-- description --><\/div><\/div><!-- porto-sicon-box --><\/div><\/div><\/div><\/div><div class=\"gradient-column-5 vc_column_container col-md-6\"><div class=\"wpb_wrapper vc_column-inner\"><div class=\"porto-ultimate-content-box-container my-rounded-box\"><style>.porto_ucb_bd0f4babf7c24dafca3fc6bc2d95b490:hover{box-shadow:3px 3px 3px 3px #eef4fc}<\/style><div class=\"porto-ultimate-content-box porto_ucb_bd0f4babf7c24dafca3fc6bc2d95b490\" style=\"background-color:rgba(238,244,252,0);border:1px solid var(--porto-tertiary-color);min-height:222px;\" data-bg=\"rgba(238,244,252,0)\"><div class=\"porto-sicon-box  vc_custom_1755181129506  wpb_custom_76144dda40c74981b50ea38a702f0b59 style_2 left-icon\"><div class=\"porto-sicon-left\"><div class=\"porto-just-icon-wrapper porto-sicon-img  porto-icon-9f5d1cfb45d27d96b50bf473aebba227\" style=\"font-size: 200px;\" data-appear-animation=\"bounce\"><img loading=\"lazy\" decoding=\"async\" class=\"img-icon\" alt=\"\" src=\"https:\/\/meferi.com\/wp-content\/uploads\/2025\/08\/1-2.png\" width=\"360\" height=\"360\" \/><\/div><\/div><div class=\"porto-sicon-body\"><div class=\"porto-sicon-header\"><h2 class=\"porto-sicon-title\" style=\"margin-top:44px;\">Tela brilhante e n\u00edtida<\/h2><\/div> <!-- header --><div class=\"porto-sicon-description\" style=\"\">Tela WVGA de 4\u2033 (800\u00d7480) com painel LuxiBright\u2122 de 450 nits. \u00c2ngulo de vis\u00e3o de 178\u00b0 e leg\u00edvel sob luz solar, mesmo com luz ambiente de 100.000 lux.<\/div> <!-- description --><\/div><\/div><!-- porto-sicon-box --><\/div><\/div><\/div><\/div><\/div><div class=\"vc_row wpb_row row top-row gradient-container-6 vc_column-gap-25 vc_row-o-content-middle vc_row-flex wpb_custom_034b39d9bc6c6b310d69e39f0ccf274f\"><div class=\"gradient-column-6 vc_column_container col-md-6\"><div class=\"wpb_wrapper vc_column-inner\"><div class=\"porto-ultimate-content-box-container my-rounded-box\"><style>.porto_ucb_bd0f4babf7c24dafca3fc6bc2d95b490:hover{box-shadow:3px 3px 3px 3px #eef4fc}<\/style><div class=\"porto-ultimate-content-box porto_ucb_bd0f4babf7c24dafca3fc6bc2d95b490\" style=\"background-color:rgba(238,244,252,0);border:1px solid var(--porto-tertiary-color);min-height:222px;\" data-bg=\"rgba(238,244,252,0)\"><div class=\"porto-sicon-box  vc_custom_1755181181590  wpb_custom_a3692183c0d38afe636ccfbf0abec338 style_2 left-icon\"><div class=\"porto-sicon-left\"><div class=\"porto-just-icon-wrapper porto-sicon-img  porto-icon-9f5d1cfb45d27d96b50bf473aebba227\" style=\"font-size: 200px;\" data-appear-animation=\"bounce\"><img loading=\"lazy\" decoding=\"async\" class=\"img-icon\" alt=\"\" src=\"https:\/\/meferi.com\/wp-content\/uploads\/2025\/08\/4-1-1.png\" width=\"360\" height=\"360\" \/><\/div><\/div><div class=\"porto-sicon-body\"><div class=\"porto-sicon-header\"><h2 class=\"porto-sicon-title\" style=\"margin-top:44px;\">Gerenciamento de energia durante todo o dia<\/h2><\/div> <!-- header --><div class=\"porto-sicon-description\" style=\"\">A bateria de 5180 mAh oferece mais de 20 horas de autonomia. O EnergyBooster+ prolonga a vida \u00fatil em 15%, enquanto a bateria Hot Swap permite a troca da fonte de energia em menos de 2 segundos.<\/div> <!-- description --><\/div><\/div><!-- porto-sicon-box --><\/div><\/div><\/div><\/div><div class=\"gradient-column-7 vc_column_container col-md-6\"><div class=\"wpb_wrapper vc_column-inner\"><div class=\"porto-ultimate-content-box-container my-rounded-box\"><style>.porto_ucb_bd0f4babf7c24dafca3fc6bc2d95b490:hover{box-shadow:3px 3px 3px 3px #eef4fc}<\/style><div class=\"porto-ultimate-content-box porto_ucb_bd0f4babf7c24dafca3fc6bc2d95b490\" style=\"background-color:rgba(238,244,252,0);border:1px solid var(--porto-tertiary-color);min-height:222px;\" data-bg=\"rgba(238,244,252,0)\"><div class=\"porto-sicon-box  vc_custom_1755181213917  wpb_custom_a3692183c0d38afe636ccfbf0abec338 style_2 left-icon\"><div class=\"porto-sicon-left\"><div class=\"porto-just-icon-wrapper porto-sicon-img  porto-icon-9f5d1cfb45d27d96b50bf473aebba227\" style=\"font-size: 200px;\" data-appear-animation=\"bounce\"><img loading=\"lazy\" decoding=\"async\" class=\"img-icon\" alt=\"\" src=\"https:\/\/meferi.com\/wp-content\/uploads\/2025\/08\/fot4-2-1.png\" width=\"360\" height=\"360\" \/><\/div><\/div><div class=\"porto-sicon-body\"><div class=\"porto-sicon-header\"><h2 class=\"porto-sicon-title\" style=\"margin-top:44px;\">Conectividade sem limites<\/h2><\/div> <!-- header --><div class=\"porto-sicon-description\" style=\"\">Dual nano-SIM + eSIM com bandas LTE globais (B1\/B3\/B5\/B7\/B8\/B20\/B28). O Bluetooth 5.1 oferece alcance qu\u00e1druplo em rela\u00e7\u00e3o ao BT4.2.<\/div> <!-- description --><\/div><\/div><!-- porto-sicon-box --><\/div><\/div><\/div><\/div><\/div><div class=\"vc_row wpb_row row top-row gradient-container-7 vc_column-gap-25 vc_row-o-content-middle vc_row-flex wpb_custom_034b39d9bc6c6b310d69e39f0ccf274f\"><div class=\"gradient-column-8 vc_column_container col-md-6\"><div class=\"wpb_wrapper vc_column-inner\"><div class=\"porto-ultimate-content-box-container my-rounded-box\"><style>.porto_ucb_bd0f4babf7c24dafca3fc6bc2d95b490:hover{box-shadow:3px 3px 3px 3px #eef4fc}<\/style><div class=\"porto-ultimate-content-box porto_ucb_bd0f4babf7c24dafca3fc6bc2d95b490\" style=\"background-color:rgba(238,244,252,0);border:1px solid var(--porto-tertiary-color);min-height:222px;\" data-bg=\"rgba(238,244,252,0)\"><div class=\"porto-sicon-box  vc_custom_1755181246650  wpb_custom_76144dda40c74981b50ea38a702f0b59 style_2 left-icon\"><div class=\"porto-sicon-left\"><div class=\"porto-just-icon-wrapper porto-sicon-img  porto-icon-9f5d1cfb45d27d96b50bf473aebba227\" style=\"font-size: 200px;\" data-appear-animation=\"bounce\"><img loading=\"lazy\" decoding=\"async\" class=\"img-icon\" alt=\"\" src=\"https:\/\/meferi.com\/wp-content\/uploads\/2025\/08\/fot5.png\" width=\"360\" height=\"360\" \/><\/div><\/div><div class=\"porto-sicon-body\"><div class=\"porto-sicon-header\"><h2 class=\"porto-sicon-title\" style=\"margin-top:44px;\">Roaming Wi-Fi Inteligente<\/h2><\/div> <!-- header --><div class=\"porto-sicon-description\" style=\"\">802.11 a\/b\/g\/n\/ac banda dupla (2,4 GHz\/5 GHz) com transfer\u00eancia de ponto de acesso em menos de 50 ms. Suporta WPA3-Enterprise para conectividade segura e ininterrupta em grandes instala\u00e7\u00f5es.<\/div> <!-- description --><\/div><\/div><!-- porto-sicon-box --><\/div><\/div><\/div><\/div><div class=\"gradient-column-9 vc_column_container col-md-6\"><div class=\"wpb_wrapper vc_column-inner\"><div class=\"porto-ultimate-content-box-container my-rounded-box\"><style>.porto_ucb_bd0f4babf7c24dafca3fc6bc2d95b490:hover{box-shadow:3px 3px 3px 3px #eef4fc}<\/style><div class=\"porto-ultimate-content-box porto_ucb_bd0f4babf7c24dafca3fc6bc2d95b490\" style=\"background-color:rgba(238,244,252,0);border:1px solid var(--porto-tertiary-color);min-height:222px;\" data-bg=\"rgba(238,244,252,0)\"><div class=\"porto-sicon-box  vc_custom_1755181262838  wpb_custom_76144dda40c74981b50ea38a702f0b59 style_2 left-icon\"><div class=\"porto-sicon-left\"><div class=\"porto-just-icon-wrapper porto-sicon-img  porto-icon-9f5d1cfb45d27d96b50bf473aebba227\" style=\"font-size: 200px;\" data-appear-animation=\"bounce\"><img loading=\"lazy\" decoding=\"async\" class=\"img-icon\" alt=\"\" src=\"https:\/\/meferi.com\/wp-content\/uploads\/2025\/08\/9-1-1.png\" width=\"360\" height=\"360\" \/><\/div><\/div><div class=\"porto-sicon-body\"><div class=\"porto-sicon-header\"><h2 class=\"porto-sicon-title\" style=\"margin-top:44px;\">Certificado GMS e AER<\/h2><\/div> <!-- header --><div class=\"porto-sicon-description\" style=\"\">Android Enterprise recomendado com atualiza\u00e7\u00f5es de seguran\u00e7a de 5 anos. Inclui Google Play Protect e FOTA para implanta\u00e7\u00e3o empresarial perfeita.<\/div> <!-- description --><\/div><\/div><!-- porto-sicon-box --><\/div><\/div><\/div><\/div><\/div><div class=\"vc_row wpb_row row top-row gradient-container-8 vc_column-gap-25 vc_row-o-content-middle vc_row-flex wpb_custom_034b39d9bc6c6b310d69e39f0ccf274f\"><div class=\"gradient-column-10 vc_column_container col-md-6\"><div class=\"wpb_wrapper vc_column-inner\"><div class=\"porto-ultimate-content-box-container my-rounded-box\"><style>.porto_ucb_bd0f4babf7c24dafca3fc6bc2d95b490:hover{box-shadow:3px 3px 3px 3px #eef4fc}<\/style><div class=\"porto-ultimate-content-box porto_ucb_bd0f4babf7c24dafca3fc6bc2d95b490\" style=\"background-color:rgba(238,244,252,0);border:1px solid var(--porto-tertiary-color);min-height:222px;\" data-bg=\"rgba(238,244,252,0)\"><div class=\"porto-sicon-box  vc_custom_1755181307074  wpb_custom_a3692183c0d38afe636ccfbf0abec338 style_2 left-icon\"><div class=\"porto-sicon-left\"><div class=\"porto-just-icon-wrapper porto-sicon-img  porto-icon-9f5d1cfb45d27d96b50bf473aebba227\" style=\"font-size: 200px;\" data-appear-animation=\"bounce\"><img loading=\"lazy\" decoding=\"async\" class=\"img-icon\" alt=\"\" src=\"https:\/\/meferi.com\/wp-content\/uploads\/2025\/08\/2-1.png\" width=\"360\" height=\"360\" \/><\/div><\/div><div class=\"porto-sicon-body\"><div class=\"porto-sicon-header\"><h2 class=\"porto-sicon-title\" style=\"margin-top:44px;\">Desempenho de dispositivo incr\u00edvel<\/h2><\/div> <!-- header --><div class=\"porto-sicon-description\" style=\"\">Qualcomm SD662 (8x Cortex-A73 @2.0GHz) + GPU Adreno 610 + 4GB LPDDR4X RAM lida com mais de 15 aplicativos simult\u00e2neos sem atrasos.<\/div> <!-- description --><\/div><\/div><!-- porto-sicon-box --><\/div><\/div><\/div><\/div><div class=\"gradient-column-11 vc_column_container col-md-6\"><div class=\"wpb_wrapper vc_column-inner\"><div class=\"porto-ultimate-content-box-container my-rounded-box\"><style>.porto_ucb_bd0f4babf7c24dafca3fc6bc2d95b490:hover{box-shadow:3px 3px 3px 3px #eef4fc}<\/style><div class=\"porto-ultimate-content-box porto_ucb_bd0f4babf7c24dafca3fc6bc2d95b490\" style=\"background-color:rgba(238,244,252,0);border:1px solid var(--porto-tertiary-color);min-height:222px;\" data-bg=\"rgba(238,244,252,0)\"><div class=\"porto-sicon-box  vc_custom_1755181322810  wpb_custom_a3692183c0d38afe636ccfbf0abec338 style_2 left-icon\"><div class=\"porto-sicon-left\"><div class=\"porto-just-icon-wrapper porto-sicon-img  porto-icon-9f5d1cfb45d27d96b50bf473aebba227\" style=\"font-size: 200px;\" data-appear-animation=\"bounce\"><img loading=\"lazy\" decoding=\"async\" class=\"img-icon\" alt=\"\" src=\"https:\/\/meferi.com\/wp-content\/uploads\/2025\/08\/fot6-2.png\" width=\"360\" height=\"360\" \/><\/div><\/div><div class=\"porto-sicon-body\"><div class=\"porto-sicon-header\"><h2 class=\"porto-sicon-title\" style=\"margin-top:44px;\">Seguran\u00e7a de dados de alto n\u00edvel<\/h2><\/div> <!-- header --><div class=\"porto-sicon-description\" style=\"\">Android 12 com SELinux Enforcing, inicializa\u00e7\u00e3o verificada e Keystore com suporte de hardware. O TEE protege dados biom\u00e9tricos\/de pagamento.<\/div> <!-- description --><\/div><\/div><!-- porto-sicon-box --><\/div><\/div><\/div><\/div><\/div><div class=\"vc_row wpb_row row top-row gradient-container-9 vc_column-gap-25 vc_row-o-content-middle vc_row-flex wpb_custom_034b39d9bc6c6b310d69e39f0ccf274f\"><div class=\"gradient-column-12 vc_column_container col-md-6\"><div class=\"wpb_wrapper vc_column-inner\"><div class=\"porto-ultimate-content-box-container my-rounded-box\"><style>.porto_ucb_bd0f4babf7c24dafca3fc6bc2d95b490:hover{box-shadow:3px 3px 3px 3px #eef4fc}<\/style><div class=\"porto-ultimate-content-box porto_ucb_bd0f4babf7c24dafca3fc6bc2d95b490\" style=\"background-color:rgba(238,244,252,0);border:1px solid var(--porto-tertiary-color);min-height:222px;\" data-bg=\"rgba(238,244,252,0)\"><div class=\"porto-sicon-box  vc_custom_1755181347133  wpb_custom_a3692183c0d38afe636ccfbf0abec338 style_2 left-icon\"><div class=\"porto-sicon-left\"><div class=\"porto-just-icon-wrapper porto-sicon-img  porto-icon-9f5d1cfb45d27d96b50bf473aebba227\" style=\"font-size: 200px;\" data-appear-animation=\"bounce\"><img loading=\"lazy\" decoding=\"async\" class=\"img-icon\" alt=\"\" src=\"https:\/\/meferi.com\/wp-content\/uploads\/2025\/08\/fot11-1.png\" width=\"360\" height=\"360\" \/><\/div><\/div><div class=\"porto-sicon-body\"><div class=\"porto-sicon-header\"><h2 class=\"porto-sicon-title\" style=\"margin-top:44px;\">Tecnologia de geolocaliza\u00e7\u00e3o precisa<\/h2><\/div> <!-- header --><div class=\"porto-sicon-description\" style=\"\">GNSS de 5 sistemas (GPS\/GLONASS\/Galileo\/BeiDou\/QZSS) com precis\u00e3o &lt;2 m em ambientes internos via fus\u00e3o de sensores. Ideal para navega\u00e7\u00e3o em armaz\u00e9ns.<\/div> <!-- description --><\/div><\/div><!-- porto-sicon-box --><\/div><\/div><\/div><\/div><div class=\"gradient-column-13 vc_column_container col-md-6\"><div class=\"wpb_wrapper vc_column-inner\"><div class=\"porto-ultimate-content-box-container my-rounded-box\"><style>.porto_ucb_bd0f4babf7c24dafca3fc6bc2d95b490:hover{box-shadow:3px 3px 3px 3px #eef4fc}<\/style><div class=\"porto-ultimate-content-box porto_ucb_bd0f4babf7c24dafca3fc6bc2d95b490\" style=\"background-color:rgba(238,244,252,0);border:1px solid var(--porto-tertiary-color);min-height:222px;\" data-bg=\"rgba(238,244,252,0)\"><div class=\"porto-sicon-box  vc_custom_1773132814538  wpb_custom_76144dda40c74981b50ea38a702f0b59 style_2 left-icon\"><div class=\"porto-sicon-left\"><div class=\"porto-just-icon-wrapper porto-sicon-img  porto-icon-9f5d1cfb45d27d96b50bf473aebba227\" style=\"font-size: 200px;\" data-appear-animation=\"bounce\"><img loading=\"lazy\" decoding=\"async\" class=\"img-icon\" alt=\"\" src=\"https:\/\/meferi.com\/wp-content\/uploads\/2025\/05\/fot9.png\" width=\"360\" height=\"360\" \/><\/div><\/div><div class=\"porto-sicon-body\"><div class=\"porto-sicon-header\"><h2 class=\"porto-sicon-title\" style=\"margin-top:44px;\">M\u00f3dulos de digitaliza\u00e7\u00e3o personalizados<\/h2><\/div> <!-- header --><div class=\"porto-sicon-description\" style=\"\">Choose from SE4770 (1D\/2D @ 2.1M scans\/sec), Honeywell HS7 (1.5m range), or MEFERI SE5070 (omnidirectional) for any barcode scenario.<\/div> <!-- description --><\/div><\/div><!-- porto-sicon-box --><\/div><\/div><\/div><\/div><\/div><div class=\"vc_row wpb_row row top-row gradient-container-10 vc_column-gap-25 vc_row-o-content-middle vc_row-flex wpb_custom_034b39d9bc6c6b310d69e39f0ccf274f\"><div class=\"gradient-column-14 vc_column_container col-md-6\"><div class=\"wpb_wrapper vc_column-inner\"><div class=\"porto-ultimate-content-box-container my-rounded-box\"><style>.porto_ucb_bd0f4babf7c24dafca3fc6bc2d95b490:hover{box-shadow:3px 3px 3px 3px #eef4fc}<\/style><div class=\"porto-ultimate-content-box porto_ucb_bd0f4babf7c24dafca3fc6bc2d95b490\" style=\"background-color:rgba(238,244,252,0);border:1px solid var(--porto-tertiary-color);min-height:222px;\" data-bg=\"rgba(238,244,252,0)\"><div class=\"porto-sicon-box  vc_custom_1755162104504  wpb_custom_a3692183c0d38afe636ccfbf0abec338 style_2 left-icon\"><div class=\"porto-sicon-left\"><div class=\"porto-just-icon-wrapper porto-sicon-img  porto-icon-9f5d1cfb45d27d96b50bf473aebba227\" style=\"font-size: 200px;\" data-appear-animation=\"bounce\"><img loading=\"lazy\" decoding=\"async\" class=\"img-icon\" alt=\"\" src=\"https:\/\/meferi.com\/wp-content\/uploads\/2025\/05\/fot14.85eb4d85.png\" width=\"360\" height=\"360\" \/><\/div><\/div><div class=\"porto-sicon-body\"><div class=\"porto-sicon-header\"><h2 class=\"porto-sicon-title\" style=\"margin-top:44px;\">Servi\u00e7os M\u00f3veis do Google (GMS)<\/h2><\/div> <!-- header --><div class=\"porto-sicon-description\" style=\"\">O suporte integrado ao GMS permite acesso a aplicativos e servi\u00e7os essenciais, melhorando a efici\u00eancia operacional.<\/p>\n<p><\/div> <!-- description --><\/div><\/div><!-- porto-sicon-box --><\/div><\/div><\/div><\/div><div class=\"gradient-column-15 vc_column_container col-md-6\"><div class=\"wpb_wrapper vc_column-inner\"><div class=\"porto-ultimate-content-box-container my-rounded-box\"><style>.porto_ucb_bd0f4babf7c24dafca3fc6bc2d95b490:hover{box-shadow:3px 3px 3px 3px #eef4fc}<\/style><div class=\"porto-ultimate-content-box porto_ucb_bd0f4babf7c24dafca3fc6bc2d95b490\" style=\"background-color:rgba(238,244,252,0);border:1px solid var(--porto-tertiary-color);min-height:222px;\" data-bg=\"rgba(238,244,252,0)\"><div class=\"porto-sicon-box  vc_custom_1755181445946  wpb_custom_a3692183c0d38afe636ccfbf0abec338 style_2 left-icon\"><div class=\"porto-sicon-left\"><div class=\"porto-just-icon-wrapper porto-sicon-img  porto-icon-9f5d1cfb45d27d96b50bf473aebba227\" style=\"font-size: 200px;\" data-appear-animation=\"bounce\"><img loading=\"lazy\" decoding=\"async\" class=\"img-icon\" alt=\"\" src=\"https:\/\/meferi.com\/wp-content\/uploads\/2025\/08\/4-1-1.png\" width=\"360\" height=\"360\" \/><\/div><\/div><div class=\"porto-sicon-body\"><div class=\"porto-sicon-header\"><h2 class=\"porto-sicon-title\" style=\"margin-top:44px;\">Excel\u00eancia em energia de troca a quente<\/h2><\/div> <!-- header --><div class=\"porto-sicon-description\" style=\"\">A funcionalidade de troca a quente e a r\u00e1pida substitui\u00e7\u00e3o da bateria mant\u00eam as opera\u00e7\u00f5es em andamento sem interrup\u00e7\u00f5es.<\/div> <!-- description --><\/div><\/div><!-- porto-sicon-box --><\/div><\/div><\/div><\/div><\/div>\n<\/div>","protected":false},"excerpt":{"rendered":"<h4 class=\"good_tips\"><span style=\"font-size: 20px;\">Desempenho de captura de dados de n\u00edvel empresarial superpoderoso<\/span><\/h4>\n<p>O ME40K \u00e9 um computador m\u00f3vel robusto de n\u00edvel empresarial que oferece desempenho superior com Android 12 AER e GMS, CPU Qualcomm de alta produtividade, recursos sem fio avan\u00e7ados, incluindo 4G LTE, e Wi-Fi com roaming cont\u00ednuo. Ele \u00e9 equipado com m\u00f3dulos inteligentes de leitura de c\u00f3digo de barras e uma bateria de alta capacidade de 5180 mAh com tecnologia EnergyBooster+ para uma longa dura\u00e7\u00e3o de at\u00e9 20 horas de trabalho sem recarga. Possui design robusto e prote\u00e7\u00e3o IP67. Com uma variedade de acess\u00f3rios e um teclado personaliz\u00e1vel, o ME40K oferece flexibilidade, durabilidade e o melhor desempenho de captura de dados para as necessidades da sua empresa.<\/p>\n<p><img decoding=\"async\" class=\"alignnone wp-image-13608\" src=\"https:\/\/meferi.com\/wp-content\/uploads\/2025\/11\/AER.svg\" alt=\"\" width=\"77\" \/> \u00a0<img decoding=\"async\" class=\"alignnone wp-image-13610\" src=\"https:\/\/meferi.com\/wp-content\/uploads\/2025\/11\/GMS.svg\" alt=\"\" width=\"55\" \/>\u00a0 <img decoding=\"async\" class=\"alignnone wp-image-13606\" src=\"https:\/\/meferi.com\/wp-content\/uploads\/2025\/11\/4G-LTE.svg\" alt=\"\" width=\"36\" \/>\u00a0 \u00a0<img decoding=\"async\" class=\"alignnone wp-image-13605\" src=\"https:\/\/meferi.com\/wp-content\/uploads\/2025\/11\/WIFI.svg\" alt=\"\" width=\"44\" \/>\u00a0 <img decoding=\"async\" class=\"alignnone wp-image-13613\" src=\"https:\/\/meferi.com\/wp-content\/uploads\/2025\/11\/NFC.svg\" alt=\"\" width=\"44\" \/> \u00a0<img decoding=\"async\" class=\"alignnone wp-image-13603\" src=\"https:\/\/meferi.com\/wp-content\/uploads\/2025\/11\/BT.svg\" alt=\"\" width=\"99\" \/>\u00a0 <img decoding=\"async\" class=\"alignnone wp-image-13615\" src=\"https:\/\/meferi.com\/wp-content\/uploads\/2025\/11\/Scan-the-QR-code.svg\" alt=\"\" width=\"36\" \/> <img loading=\"lazy\" decoding=\"async\" class=\"alignnone wp-image-13617\" src=\"https:\/\/meferi.com\/wp-content\/uploads\/2025\/08\/soti.png\" alt=\"\" width=\"66\" height=\"32\" \/><\/p>","protected":false},"featured_media":3900,"template":"","meta":{"_acf_changed":false},"product_brand":[],"product_cat":[39,68],"product_tag":[],"class_list":{"0":"post-3896","1":"product","2":"type-product","3":"status-publish","4":"has-post-thumbnail","6":"product_cat-handheld-pc","7":"product_cat-mobile-computers","9":"first","10":"instock","11":"featured","12":"shipping-taxable","13":"product-type-simple"},"acf":[],"_links":{"self":[{"href":"https:\/\/meferi.com\/pt\/wp-json\/wp\/v2\/product\/3896","targetHints":{"allow":["GET"]}}],"collection":[{"href":"https:\/\/meferi.com\/pt\/wp-json\/wp\/v2\/product"}],"about":[{"href":"https:\/\/meferi.com\/pt\/wp-json\/wp\/v2\/types\/product"}],"wp:featuredmedia":[{"embeddable":true,"href":"https:\/\/meferi.com\/pt\/wp-json\/wp\/v2\/media\/3900"}],"wp:attachment":[{"href":"https:\/\/meferi.com\/pt\/wp-json\/wp\/v2\/media?parent=3896"}],"wp:term":[{"taxonomy":"product_brand","embeddable":true,"href":"https:\/\/meferi.com\/pt\/wp-json\/wp\/v2\/product_brand?post=3896"},{"taxonomy":"product_cat","embeddable":true,"href":"https:\/\/meferi.com\/pt\/wp-json\/wp\/v2\/product_cat?post=3896"},{"taxonomy":"product_tag","embeddable":true,"href":"https:\/\/meferi.com\/pt\/wp-json\/wp\/v2\/product_tag?post=3896"}],"curies":[{"name":"wp","href":"https:\/\/api.w.org\/{rel}","templated":true}]}}