{"id":9630,"date":"2025-10-01T08:39:58","date_gmt":"2025-10-01T06:39:58","guid":{"rendered":"https:\/\/meferi.com\/?page_id=9630"},"modified":"2026-01-13T10:45:16","modified_gmt":"2026-01-13T09:45:16","slug":"meferi-community-growth-giveaway-official-rules","status":"publish","type":"page","link":"https:\/\/meferi.com\/pt\/meferi-community-growth-giveaway-official-rules\/","title":{"rendered":"Sorteio de Crescimento da Comunidade MEFERI \u2013 Regras Oficiais"},"content":{"rendered":"<div class=\"wpb-content-wrapper\"><div class=\"vc_row wpb_row row top-row gradient-container-1 wpb_custom_034b39d9bc6c6b310d69e39f0ccf274f\"><div class=\"gradient-column-1 vc_column_container col-md-12\"><div class=\"wpb_wrapper vc_column-inner\">\r\n\t<div class=\"wpb_text_column wpb_content_element wpb_custom_7c91d232724f73626cc933bd95b25ff0\" >\r\n\t\t<div class=\"wpb_wrapper\">\r\n\t\t\t<h1><strong>Sorteio de Crescimento da Comunidade MEFERI \u2013 Regras Oficiais<\/strong><\/h1>\n<p><strong>(Em vigor a partir da data de publica\u00e7\u00e3o, Publicado em:\u00a0<b>1 de outubro de 2025 \u00e0s 08:39<\/b>)<\/strong><\/p>\n<hr \/>\n<p><strong>Promotor<\/strong><\/p>\n<p>MEFERI Technologies Co., Ltd., Unidade 3-2, Pr\u00e9dio 4, N\u00ba 2555, Se\u00e7\u00e3o 2, Avenida Huanglong, Distrito de Shuangliu, Chengdu 610000, Sichuan, Rep\u00fablica Popular da China. Contato:\u00a0<a href=\"mailto:campaigns@meferi.com\"><strong>campaigns@meferi.com<\/strong><\/a><\/p>\n<p><strong>Elegibilidade<\/strong><\/p>\n<p>Esta promo\u00e7\u00e3o \u00e9 v\u00e1lida apenas para pessoas f\u00edsicas com 18 anos ou mais que representem uma empresa e participem dela em car\u00e1ter comercial como:<\/p>\n<p>\u2013 parceiros existentes ou registrados da MEFERI Technologies Co., Ltd.;<br \/>\n\u2013 potenciais parceiros da MEFERI Technologies Co., Ltd.;<br \/>\n\u2013 clientes finais existentes da MEFERI Technologies Co., Ltd.;<br \/>\n\u2013 potenciais clientes finais da MEFERI Technologies Co., Ltd.<\/p>\n<p>A participa\u00e7\u00e3o nesta promo\u00e7\u00e3o \u00e9 v\u00e1lida somente ap\u00f3s o cadastro bem-sucedido atrav\u00e9s do formul\u00e1rio oficial de inscri\u00e7\u00e3o dispon\u00edvel na p\u00e1gina da promo\u00e7\u00e3o MEFERI. O cadastro pelo formul\u00e1rio \u00e9 obrigat\u00f3rio. Pessoas que seguem a MEFERI nas redes sociais, mas n\u00e3o preenchem o formul\u00e1rio de inscri\u00e7\u00e3o, n\u00e3o s\u00e3o consideradas participantes e n\u00e3o est\u00e3o eleg\u00edveis para o sorteio.<\/p>\n<p>Para ser eleg\u00edvel, o participante deve:<br \/>\n(a) preencher integralmente o formul\u00e1rio oficial de inscri\u00e7\u00e3o na promo\u00e7\u00e3o, incluindo o campo \u201cNome da Empresa\u201d;<br \/>\n(b) fornecer o nome de usu\u00e1rio do perfil de m\u00eddia social no formul\u00e1rio de inscri\u00e7\u00e3o;<br \/>\n(c) ser um seguidor do canal espec\u00edfico de m\u00eddia social da MEFERI que tenha atingido o marco de seguidores aplic\u00e1vel no momento do sorteio do pr\u00eamio.<\/p>\n<p>Caso um participante n\u00e3o siga o canal espec\u00edfico da rede social que deu in\u00edcio ao sorteio, ele n\u00e3o estar\u00e1 qualificado para participar desse sorteio, mesmo que esteja cadastrado na p\u00e1gina da promo\u00e7\u00e3o.<\/p>\n<p>Inscri\u00e7\u00f5es dos seguintes autores N\u00c3O s\u00e3o eleg\u00edveis:<br \/>\n(a) funcion\u00e1rios, contratados ou representantes da MEFERI Technologies Co., Ltd., bem como seus familiares imediatos;<br \/>\n(b) representantes, funcion\u00e1rios ou afiliados de marcas concorrentes de hardware AIDC, POS, Auto-ID, OEM ou ODM;<br \/>\n(c) indiv\u00edduos que n\u00e3o representam uma empresa ou que submetem uma inscri\u00e7\u00e3o sem um formul\u00e1rio de inscri\u00e7\u00e3o preenchido;<br \/>\n(d) entradas duplicadas, incompletas ou n\u00e3o verific\u00e1veis.<\/p>\n<p>Somente os participantes que preencherem com sucesso o formul\u00e1rio oficial de inscri\u00e7\u00e3o na promo\u00e7\u00e3o, atenderem a todos os requisitos de elegibilidade estabelecidos nestas Regras Oficiais e forem verificados no momento do sorteio como seguidores do canal espec\u00edfico da MEFERI nas redes sociais que atingiu a meta de seguidores definida para esse sorteio, ser\u00e3o inclu\u00eddos no sorteio aleat\u00f3rio.<\/p>\n<p><strong>Per\u00edodo de promo\u00e7\u00e3o<\/strong><\/p>\n<p>A Promo\u00e7\u00e3o come\u00e7a na data de publica\u00e7\u00e3o deste Regulamento Oficial na p\u00e1gina oficial da promo\u00e7\u00e3o e \u00e9 v\u00e1lida at\u00e9 o final do prazo. A Promo\u00e7\u00e3o ser\u00e1 encerrada ap\u00f3s a conclus\u00e3o do terceiro e \u00faltimo sorteio e o an\u00fancio do vencedor.<\/p>\n<p><strong>Como participar (n\u00e3o \u00e9 necess\u00e1ria compra)<\/strong><\/p>\n<p>Para participar do sorteio e ter direito a todos os pr\u00eamios, voc\u00ea deve concluir as seguintes etapas:<\/p>\n<ol>\n<li>Visite a p\u00e1gina oficial da promo\u00e7\u00e3o MEFERI Community Growth Giveaway e preencha o formul\u00e1rio de inscri\u00e7\u00e3o durante o Per\u00edodo da Promo\u00e7\u00e3o: <strong><a href=\"https:\/\/meferi.com\/pt\/promotions\/meferi-giveaway\/\" target=\"_blank\" rel=\"noopener\">https:\/\/meferi.com\/en\/promotions\/meferi-giveaway\/<\/a><\/strong><\/li>\n<li>Forne\u00e7a informa\u00e7\u00f5es precisas e completas no formul\u00e1rio oficial de inscri\u00e7\u00e3o na promo\u00e7\u00e3o, incluindo um nome de empresa v\u00e1lido e seu perfil\/nome de usu\u00e1rio nas redes sociais que voc\u00ea utiliza para seguir a MEFERI.<\/li>\n<\/ol>\n<p><strong>Pr\u00eamios e sorteios de marcos<\/strong><\/p>\n<p>Ser\u00e3o concedidos tr\u00eas (3) pr\u00eamios no total em tr\u00eas sorteios distintos. Cada sorteio \u00e9 acionado por um marco espec\u00edfico de seguidores. Cada participante poder\u00e1 ganhar apenas um (1) pr\u00eamio durante toda a Promo\u00e7\u00e3o.<\/p>\n<p>Os canais de m\u00eddia social MEFERI eleg\u00edveis para esta promo\u00e7\u00e3o s\u00e3o:\u00a0<strong>LinkedIn, Facebook, X (antigo Twitter), Instagram e YouTube.<\/strong><\/p>\n<ul>\n<li><strong>Sorteio 1: Marco de seguidores 500<\/strong>\n<ul>\n<li><strong>Acionar:<\/strong>\u00a0Este sorteio ser\u00e1 ativado quando o\u00a0<em>primeiro<\/em>\u00a0dos canais de m\u00eddia social qualificados do MEFERI atingem 500 seguidores\/assinantes.<\/li>\n<li><strong>Pr\u00eamio:<\/strong>\u00a0Um (1) vencedor receber\u00e1 um (1) par de Apple AirPods Pro (modelo mais recente dispon\u00edvel no momento do sorteio).<\/li>\n<\/ul>\n<\/li>\n<li><strong>Sorteio 2: Marco de 3.000 seguidores<\/strong>\n<ul>\n<li><strong>Acionar:<\/strong>\u00a0Este sorteio ser\u00e1 ativado quando o\u00a0<em>primeiro<\/em> dos canais de m\u00eddia social eleg\u00edveis do MEFERI que atingem 3.000 seguidores\/inscritos.<\/li>\n<li><strong>Pr\u00eamio:<\/strong>\u00a0Um (1) vencedor receber\u00e1 um (1) Apple Watch (\u00faltimo modelo dispon\u00edvel no momento do sorteio).<\/li>\n<\/ul>\n<\/li>\n<li><strong>Sorteio 3: Marco de 5.000 seguidores<\/strong>\n<ul>\n<li><strong>Acionar:<\/strong>\u00a0Este sorteio ser\u00e1 ativado quando o\u00a0<em>primeiro<\/em> dos canais de m\u00eddia social eleg\u00edveis do MEFERI que atingem 5.000 seguidores\/inscritos.<\/li>\n<li><strong>Pr\u00eamio:<\/strong>\u00a0Um (1) vencedor receber\u00e1 um (1) Apple iPhone Pro (\u00faltimo modelo dispon\u00edvel no momento do sorteio).<\/li>\n<\/ul>\n<\/li>\n<\/ul>\n<p><strong>Condi\u00e7\u00f5es gerais do pr\u00eamio:<\/strong>\u00a0Todos os pr\u00eamios s\u00e3o intransfer\u00edveis e n\u00e3o s\u00e3o oferecidos dinheiro ou outra alternativa. A Apple Inc. n\u00e3o \u00e9 patrocinadora, administradora ou participante desta promo\u00e7\u00e3o.<\/p>\n<p><strong>Verifica\u00e7\u00e3o e Confirma\u00e7\u00e3o do Vencedor<\/strong><\/p>\n<p>1. A MEFERI selecionar\u00e1 aleatoriamente um potencial vencedor do banco de dados de participantes que preencheram o formul\u00e1rio de inscri\u00e7\u00e3o oficial.<\/p>\n<p>2. Antes de confirmar qualquer vencedor do pr\u00eamio, a MEFERI verificar\u00e1 todos os seguintes itens:<br \/>\n(a) o participante preencheu o formul\u00e1rio oficial de inscri\u00e7\u00e3o na promo\u00e7\u00e3o;<br \/>\n(b) o participante forneceu um perfil\/nome de usu\u00e1rio v\u00e1lido de m\u00eddia social no formul\u00e1rio de inscri\u00e7\u00e3o;<br \/>\n(c) o participante cumpre todos os requisitos de elegibilidade previstos nestas Regras Oficiais.<\/p>\n<p>3. Caso o potencial vencedor n\u00e3o atenda a qualquer uma das condi\u00e7\u00f5es acima, ser\u00e1 desclassificado do sorteio e um novo potencial vencedor ser\u00e1 selecionado e verificado segundo os mesmos crit\u00e9rios.<\/p>\n<p>O MEFERI entrar\u00e1 em contato com o vencedor verificado por meio do endere\u00e7o de e-mail fornecido no formul\u00e1rio de inscri\u00e7\u00e3o. O nome e o perfil do vencedor nas redes sociais devem corresponder razoavelmente \u00e0s informa\u00e7\u00f5es fornecidas durante a inscri\u00e7\u00e3o. Ap\u00f3s a verifica\u00e7\u00e3o, o MEFERI anunciar\u00e1 oficialmente o vencedor em suas redes sociais.<\/p>\n<p><strong>Prote\u00e7\u00e3o de Dados (GDPR)<\/strong><\/p>\n<ul>\n<li><strong>Controlador:<\/strong>\u00a0MEFERI Technologies Co., Ltd.<\/li>\n<li><strong>Finalidade e Base Legal:<\/strong>\u00a0A principal finalidade do processamento dos seus dados pessoais \u00e9 administrar esta oferta cont\u00ednua e enviar-lhe comunica\u00e7\u00f5es de marketing. A base legal para todas as atividades de processamento \u00e9 a sua expl\u00edcita\u00a0<strong>consentimento<\/strong>\u00a0(Art. 6(1)(a) GDPR), que voc\u00ea fornece ao enviar o formul\u00e1rio de inscri\u00e7\u00e3o.<\/li>\n<li><strong>Retirada do Consentimento:<\/strong>\u00a0Voc\u00ea pode revogar seu consentimento para futuros e-mails de marketing a qualquer momento clicando no link &quot;cancelar inscri\u00e7\u00e3o&quot;. A desist\u00eancia de receber comunica\u00e7\u00f5es de marketing n\u00e3o remover\u00e1 sua inscri\u00e7\u00e3o deste banco de dados de sorteios. Para cancelar completamente o recebimento do sorteio, voc\u00ea deve solicitar a exclus\u00e3o dos seus dados entrando em contato conosco pelo e-mail\u00a0<a href=\"mailto:legal@meferi.com\"><strong>legal@meferi.com<\/strong><\/a>.<\/li>\n<li><strong>Dados processados:<\/strong>\u00a0Nome, sobrenome, endere\u00e7o de e-mail e perfil nas redes sociais. Um n\u00famero de telefone poder\u00e1 ser solicitado aos vencedores para coordena\u00e7\u00e3o da entrega dos pr\u00eamios.<\/li>\n<li><strong>Reten\u00e7\u00e3o:<\/strong>\u00a0Os dados das inscri\u00e7\u00f5es no sorteio ser\u00e3o retidos at\u00e9 o t\u00e9rmino da Promo\u00e7\u00e3o. Caso voc\u00ea tenha consentido com o marketing, seus dados ser\u00e3o retidos at\u00e9 que o consentimento seja revogado. Os dados dos vencedores ser\u00e3o retidos por at\u00e9 5 anos para fins de auditoria e conformidade.<\/li>\n<li><strong>Direitos:<\/strong>\u00a0Voc\u00ea tem o direito de acessar, retificar, apagar ou restringir o processamento dos seus dados, bem como o direito \u00e0 portabilidade dos dados. Para exercer esses direitos, entre em contato conosco pelo e-mail\u00a0<a href=\"mailto:legal@meferi.com\"><strong>legal@meferi.com<\/strong><\/a>. Voc\u00ea tamb\u00e9m pode entrar em contato com a autoridade local de prote\u00e7\u00e3o de dados.<\/li>\n<li><strong>Transfer\u00eancias:<\/strong>\u00a0Se os dados forem armazenados ou processados fora do EEE, a MEFERI usar\u00e1 salvaguardas apropriadas (por exemplo, Cl\u00e1usulas Contratuais Padr\u00e3o).<\/li>\n<\/ul>\n<p><strong>Altera\u00e7\u00f5es, suspens\u00e3o ou rescis\u00e3o<\/strong><\/p>\n<p>A MEFERI Technologies Co., Ltd. reserva-se o direito, a seu exclusivo crit\u00e9rio, de alterar, suspender, adiar ou cancelar esta Promo\u00e7\u00e3o, no todo ou em parte, a qualquer momento e sem aviso pr\u00e9vio, caso surjam circunst\u00e2ncias que estejam al\u00e9m do seu controle razo\u00e1vel ou que possam comprometer a imparcialidade, a integridade ou a condu\u00e7\u00e3o adequada da Promo\u00e7\u00e3o.<\/p>\n<p>Quaisquer altera\u00e7\u00f5es a estas Regras Oficiais ser\u00e3o publicadas na p\u00e1gina oficial da promo\u00e7\u00e3o e entrar\u00e3o em vigor a partir do momento da publica\u00e7\u00e3o.<\/p>\n<p><!-- notionvc: 7ea47090-b6d1-4bdf-b3f2-e9d34a5e2ba5 --><\/p>\n\r\n\t\t<\/div>\r\n\t<\/div>\r\n<\/div><\/div><\/div>\n<\/div>","protected":false},"excerpt":{"rendered":"MEFERI Community Growth Giveaway - Official Rules (Effective from the date of publication, Published on:\u00a01 October 2025 at 08:39) Promoter MEFERI Technologies Co., Ltd., Unit 3-2, Building 4, No. 2555, Section 2, Huanglong Avenue, Shuangliu District, Chengdu 610000, Sichuan, P.R. China. Contact:\u00a0campaigns@meferi.com Eligibility This Promotion is open only to natural persons aged 18 years or [...]","protected":false},"author":5,"featured_media":0,"parent":0,"menu_order":0,"comment_status":"closed","ping_status":"closed","template":"","meta":{"_acf_changed":false,"footnotes":""},"industry":[],"class_list":["post-9630","page","type-page","status-publish","hentry"],"acf":[],"_links":{"self":[{"href":"https:\/\/meferi.com\/pt\/wp-json\/wp\/v2\/pages\/9630","targetHints":{"allow":["GET"]}}],"collection":[{"href":"https:\/\/meferi.com\/pt\/wp-json\/wp\/v2\/pages"}],"about":[{"href":"https:\/\/meferi.com\/pt\/wp-json\/wp\/v2\/types\/page"}],"author":[{"embeddable":true,"href":"https:\/\/meferi.com\/pt\/wp-json\/wp\/v2\/users\/5"}],"replies":[{"embeddable":true,"href":"https:\/\/meferi.com\/pt\/wp-json\/wp\/v2\/comments?post=9630"}],"version-history":[{"count":0,"href":"https:\/\/meferi.com\/pt\/wp-json\/wp\/v2\/pages\/9630\/revisions"}],"wp:attachment":[{"href":"https:\/\/meferi.com\/pt\/wp-json\/wp\/v2\/media?parent=9630"}],"wp:term":[{"taxonomy":"industry","embeddable":true,"href":"https:\/\/meferi.com\/pt\/wp-json\/wp\/v2\/industry?post=9630"}],"curies":[{"name":"wp","href":"https:\/\/api.w.org\/{rel}","templated":true}]}}