{"id":3863,"date":"2025-08-14T14:22:01","date_gmt":"2025-08-14T11:22:01","guid":{"rendered":"https:\/\/meferi.pontima.ru\/?page_id=3863"},"modified":"2025-11-01T12:10:37","modified_gmt":"2025-11-01T11:10:37","slug":"sub-processor-list","status":"publish","type":"page","link":"https:\/\/meferi.com\/pt\/support-services\/legal-center\/sub-processor-list\/","title":{"rendered":"Lista de subprocessadores"},"content":{"rendered":"<div class=\"wpb-content-wrapper\"><div class=\"vc_row wpb_row row top-row gradient-container-1 wpb_custom_034b39d9bc6c6b310d69e39f0ccf274f\"><div class=\"gradient-column-1 vc_column_container col-md-12\"><div class=\"wpb_wrapper vc_column-inner\"><\/div><\/div><\/div><div class=\"vc_row wpb_row row top-row gradient-container-2 vc_custom_1755170329356 wpb_custom_034b39d9bc6c6b310d69e39f0ccf274f\"><div class=\"gradient-column-2 vc_column_container col-md-12 vc_custom_1755170292382\"><div class=\"wpb_wrapper vc_column-inner\">\r\n\t<div class=\"wpb_text_column wpb_content_element wpb_custom_7c91d232724f73626cc933bd95b25ff0\" >\r\n\t\t<div class=\"wpb_wrapper\">\r\n\t\t\t<div class=\"our_adv_wrap\" data-v-57f61548=\"\">\n<div class=\"our_adv_title_wrap line_title_wrap\" data-v-57f61548=\"\">\n<h1 class=\"line_title\" style=\"text-align: left;\"><span style=\"font-size: 40px;\">Lista de subprocessadores<\/span><\/h1>\n<div class=\"lang_wrap\" data-v-57f61548=\"\">\n<div class=\"el-select\" data-v-57f61548=\"\">\n<div class=\"el-input el-input--suffix\"><\/div>\n<\/div>\n<\/div>\n<\/div>\n<\/div>\n<div class=\"des_main_wrap\" data-v-57f61548=\"\">\n<div class=\"item_title_wrap small_titlw_wrap\" data-v-57f61548=\"\">\n<div class=\"item_title\" data-v-57f61548=\"\">A MEFERI Technologies Co., Ltd. (\u201cMEFERI\u201d, \u201cN\u00f3s\u201d, \u201cNos\u201d ou \u201cNosso\u201d) est\u00e1 comprometida com a transpar\u00eancia em rela\u00e7\u00e3o ao processamento de Dados Pessoais em nome de Nossos Clientes. Esta p\u00e1gina fornece informa\u00e7\u00f5es sobre os subprocessadores contratados pela MEFERI para processar Dados Pessoais em conex\u00e3o com a presta\u00e7\u00e3o de Nossos Servi\u00e7os, conforme definido no Contrato de Processamento de Dados (\u201cCPD\u201d) da MEFERI.<\/div>\n<div class=\"item_tips item_tips_wrap\" data-v-57f61548=\"\">\n<div class=\"item_tips_text\" data-v-57f61548=\"\">\n<p><br data-v-57f61548=\"\">A MEFERI celebra acordos com cada subprocessador que imp\u00f5em obriga\u00e7\u00f5es de prote\u00e7\u00e3o de dados pelo menos equivalentes \u00e0s estabelecidas em Nosso DPA com Nossos Clientes. Realizamos a devida dilig\u00eancia em Nossos subprocessadores para garantir a prote\u00e7\u00e3o de Dados Pessoais.<br data-v-57f61548=\"\"><br data-v-57f61548=\"\">Esta lista pode ser atualizada periodicamente. Notificaremos Nossos Clientes sobre quaisquer altera\u00e7\u00f5es pretendidas relativas \u00e0 adi\u00e7\u00e3o ou substitui\u00e7\u00e3o de subprocessadores, de acordo com os termos do Nosso APD.<br data-v-57f61548=\"\"><br data-v-57f61548=\"\">Nosso DPA completo est\u00e1 dispon\u00edvel&nbsp;<a href=\"https:\/\/meferi.com\/pt\/legal\/data-processing-agreement\/\" target=\"_blank\" rel=\"noopener\" data-v-57f61548=\"\">aqui<\/a>&nbsp;.<br data-v-57f61548=\"\"><br data-v-57f61548=\"\"><\/p>\n<div class=\"item_tips_tit\" data-v-57f61548=\"\">Subprocessadores MEFERI<\/div>\n<p><br data-v-57f61548=\"\">Subprocessadores s\u00e3o terceiros autorizados pela MEFERI a processar Dados Pessoais fornecidos pelos Clientes da MEFERI para fornecer os Servi\u00e7os da MEFERI.<br data-v-57f61548=\"\"><br data-v-57f61548=\"\">Nome da entidade do subprocessador Categoria de servi\u00e7o Objetivo do processamento \/ Servi\u00e7os fornecidos a MEFERI Pa\u00eds\/regi\u00e3o de processamento de dados (localiza\u00e7\u00e3o principal) Link para a documenta\u00e7\u00e3o de prote\u00e7\u00e3o de dados do subprocessador<\/p>\n<table id=\"29ebc854-5bc3-8021-b87d-fe3088845b38\" class=\"simple-table\">\n<thead class=\"simple-table-header\">\n<tr id=\"29ebc854-5bc3-80d0-bf34-e262603c4b8c\">\n<th id=\"m\\b@\" class=\"simple-table-header-color simple-table-header\"><strong>Nome da entidade subprocessadora<\/strong><\/th>\n<th id=\"E@xw\" class=\"simple-table-header-color simple-table-header\"><strong>Categoria de servi\u00e7o<\/strong><\/th>\n<th id=\"{QR_\" class=\"simple-table-header-color simple-table-header\"><strong>Finalidade do processamento \/ Servi\u00e7os prestados \u00e0 MEFERI<\/strong><\/th>\n<th id=\"}GCX\" class=\"simple-table-header-color simple-table-header\"><strong>Pa\u00eds\/Regi\u00e3o de Processamento de Dados (Localiza\u00e7\u00e3o Principal)<\/strong><\/th>\n<th id=\"TTyk\" class=\"simple-table-header-color simple-table-header\"><strong>Link para a documenta\u00e7\u00e3o de prote\u00e7\u00e3o de dados do subcontratado<\/strong><\/th>\n<\/tr>\n<\/thead>\n<tbody>\n<tr id=\"29ebc854-5bc3-800b-8e0d-f236a7079fa4\">\n<td id=\"m\\b@\" class=\"\">Amazon Web Services EMEA SARL<\/td>\n<td id=\"E@xw\" class=\"\">Provedor de infraestrutura em nuvem<\/td>\n<td id=\"{QR_\" class=\"\">Fornecimento da infraestrutura subjacente de computa\u00e7\u00e3o em nuvem (incluindo servidores, armazenamento, redes e bancos de dados) para hospedagem dos principais servi\u00e7os da MEFERI fornecidos aos clientes (como a solu\u00e7\u00e3o MEFERI Shadowalk MDM\/EMM Cloud e os componentes hospedados na nuvem do Assistente Inteligente de Compras (ISA) da CIAO) e o portal de parceiros da MEFERI (<a href=\"http:\/\/portal.meferi.com\/\">portal.meferi.com<\/a>).<\/td>\n<td id=\"}GCX\" class=\"\">Espa\u00e7o Econ\u00f4mico Europeu (EEE) \u2013 Fran\u00e7a (regi\u00e3o AWS eu-west-3)<\/td>\n<td id=\"TTyk\" class=\"\"><a href=\"https:\/\/aws.amazon.com\/service-terms\/data-processing-addendum\/\">Adendo de Processamento de Dados da AWS<\/a> , <a href=\"https:\/\/aws.amazon.com\/compliance\/gdpr-center\/\">Centro de conformidade com o RGPD da AWS<\/a><\/td>\n<\/tr>\n<tr id=\"29ebc854-5bc3-80b6-89ac-eb1162ba2835\">\n<td id=\"m\\b@\" class=\"\">Zoho Corporation BV.<\/td>\n<td id=\"E@xw\" class=\"\">Ferramentas de suporte e atendimento ao cliente<\/td>\n<td id=\"{QR_\" class=\"\">Disponibiliza\u00e7\u00e3o de um sistema de emiss\u00e3o de tickets de suporte ao cliente baseado na nuvem e plataforma de helpdesk (Zoho Desk), acess\u00edvel em <a href=\"http:\/\/helpdesk.meferi.com\/\">helpdesk.meferi.com<\/a>, para gerenciar solicita\u00e7\u00f5es de suporte relacionadas aos Servi\u00e7os.<\/td>\n<td id=\"}GCX\" class=\"\">Uni\u00e3o Europeia (UE)<\/td>\n<td id=\"TTyk\" class=\"\"><a href=\"https:\/\/www.zoho.com\/gdpr.html\">Compromisso da Zoho com o GDPR<\/a> <a href=\"https:\/\/www.zoho.com\/dpa.html\">Adendo de Processamento de Dados do Zoho<\/a><\/td>\n<\/tr>\n<tr id=\"29ebc854-5bc3-8094-890b-f8407254c6ce\">\n<td id=\"m\\b@\" class=\"\">Twilio Inc.<\/td>\n<td id=\"E@xw\" class=\"\">Prestadores de Servi\u00e7os de Comunica\u00e7\u00e3o<\/td>\n<td id=\"{QR_\" class=\"\">Para o envio de notifica\u00e7\u00f5es SMS (por exemplo, alertas cr\u00edticos, c\u00f3digos de autentica\u00e7\u00e3o de dois fatores) aos usu\u00e1rios autorizados do Cliente em rela\u00e7\u00e3o aos Servi\u00e7os.<\/td>\n<td id=\"}GCX\" class=\"\">EUA<\/td>\n<td id=\"TTyk\" class=\"\"><a href=\"https:\/\/www.twilio.com\/legal\/data-protection-addendum\">Adendo de Prote\u00e7\u00e3o de Dados da Twilio<\/a><\/td>\n<\/tr>\n<tr id=\"29ebc854-5bc3-8045-8484-ce79352be118\">\n<td id=\"m\\b@\" class=\"\">Software Funcional, Inc. (nome fantasia Sentry)<\/td>\n<td id=\"E@xw\" class=\"\">An\u00e1lise e monitoramento do desempenho do servi\u00e7o<\/td>\n<td id=\"{QR_\" class=\"\">Para rastreamento de erros em tempo real e monitoramento de desempenho nos servi\u00e7os em nuvem da MEFERI, visando identificar e resolver problemas t\u00e9cnicos.<\/td>\n<td id=\"}GCX\" class=\"\">EUA<\/td>\n<td id=\"TTyk\" class=\"\"><a href=\"https:\/\/sentry.io\/legal\/dpa\/\"> Adendo ao Processamento de Dados Sentry <\/a><\/td>\n<\/tr>\n<\/tbody>\n<\/table>\n<p>&nbsp;<\/p>\n<p>Sites e portais pr\u00f3prios da MEFERI (<a href=\"https:\/\/meferi.com\/pt\/\">meferi.com<\/a>, <a href=\"https:\/\/portal.meferi.com\/\">portal.meferi.com<\/a>, <a href=\"https:\/\/helpdesk.meferi.com\/\">helpdesk.meferi.com<\/a>, etc.)<\/p>\n<p>A MEFERI opera diversos websites e portais para interagir com potenciais clientes, clientes atuais e parceiros. \u00c9 importante distinguir entre o papel da MEFERI como Controladora de Dados para seus pr\u00f3prios websites e como Operadora de Dados para os Servi\u00e7os prestados aos Clientes.<\/p>\n<ul>\n<li>Quando a MEFERI \u00e9 Controladora de Dados: Quando voc\u00ea fornece Dados Pessoais diretamente \u00e0 MEFERI por meio de nossos sites corporativos e de marketing (por exemplo, preenchendo um formul\u00e1rio de contato em nosso site). <a href=\"https:\/\/meferi.com\/pt\/\">meferi.com<\/a>A MEFERI atua como Controladora de Dados. O processamento desses dados \u00e9 regido pelas pol\u00edticas da MEFERI. <a href=\"https:\/\/meferi.com\/pt\/support-services\/legal-center\/privacy-policy\/\">pol\u00edtica de Privacidade<\/a>. A infraestrutura desses sites \u00e9 fornecida pela Kinsta Inc.<\/li>\n<li>Quando a MEFERI atua como Processadora de Dados: Quando voc\u00ea fornece Dados Pessoais por meio de portais que fazem parte dos Servi\u00e7os prestados aos nossos Clientes, a MEFERI atua como Processadora de Dados em nome do Cliente. A infraestrutura para o portal do parceiro (<a href=\"https:\/\/portal.meferi.com\/\">portal.meferi.com<\/a>) \u00e9 fornecido pela Amazon Web Services (AWS), e a plataforma para o portal de suporte ao cliente (<a href=\"https:\/\/helpdesk.meferi.com\/\">helpdesk.meferi.com<\/a>) \u00e9 fornecido pela Zoho Corporation BV. Tanto a AWS quanto a Zoho est\u00e3o listadas como subprocessadoras na tabela acima porque processam dados para os quais nossos clientes s\u00e3o os controladores.<\/li>\n<\/ul>\n<div class=\"item_tips_tit\" data-v-57f61548=\"\">Solu\u00e7\u00f5es de parceiros terceirizados (n\u00e3o subprocessadores MEFERI)<\/div>\n<p><br data-v-57f61548=\"\">O hardware e os Servi\u00e7os da MEFERI podem ser usados em conjunto com software ou servi\u00e7os fornecidos por terceiros (\u201cSolu\u00e7\u00f5es de Parceiros Terceirizados\u201d), como solu\u00e7\u00f5es de pagamento, software de autodigitaliza\u00e7\u00e3o de varejo ou plataformas MDM\/EMM especializadas, onde o Cliente pode ter um relacionamento contratual direto com tais provedores terceirizados.<br data-v-57f61548=\"\"><br data-v-57f61548=\"\">Nesses casos, o provedor terceirizado normalmente atua como Controlador de Dados ou Processador de Dados para os Dados Pessoais que trata em conex\u00e3o com seus servi\u00e7os, conforme determinado pelo contrato do Cliente com esse terceiro. Essas Solu\u00e7\u00f5es de Parceiros Terceirizados n\u00e3o s\u00e3o subprocessadores da MEFERI, conforme definido em Nosso APD, e a MEFERI n\u00e3o \u00e9 respons\u00e1vel pelas atividades de processamento de dados desses terceiros, a menos que tal provedor tamb\u00e9m esteja explicitamente listado como subprocessador da MEFERI na tabela acima para uma finalidade diferente.<br data-v-57f61548=\"\"><br data-v-57f61548=\"\">Para obter informa\u00e7\u00f5es sobre Solu\u00e7\u00f5es de Parceiros Terceirizados que podem ser integradas aos produtos da MEFERI, mas onde o Cliente estabelece um relacionamento direto com o fornecedor, consulte as descri\u00e7\u00f5es dos nossos produtos, como o&nbsp;&nbsp;<a href=\"https:\/\/meferi.com\/pt\/software\/omniindustry-app-suite\/\" target=\"_blank\" rel=\"noopener\" data-v-57f61548=\"\">Su\u00edte de aplicativos OmniIndustry&nbsp;<\/a>, ou entre em contato conosco para mais detalhes.<\/p>\n<\/div>\n<\/div>\n<\/div>\n<\/div>\n\r\n\t\t<\/div>\r\n\t<\/div>\r\n<\/div><\/div><\/div>\n<\/div>","protected":false},"excerpt":{"rendered":"Sub-processor List MEFERI Technologies Co., Ltd. (\"MEFERI\", \"We\", \"Us\", or \"Our\") is committed to transparency regarding how We process Personal Data on behalf of Our Customers. This page provides information about the sub-processors MEFERI engages to process Personal Data in connection with the provision of Our Services, as defined in MEFERI's Data Processing Agreement (\"DPA\"). [...]","protected":false},"author":2,"featured_media":0,"parent":1478,"menu_order":0,"comment_status":"closed","ping_status":"closed","template":"","meta":{"_acf_changed":false,"footnotes":""},"industry":[],"class_list":["post-3863","page","type-page","status-publish","hentry"],"acf":[],"_links":{"self":[{"href":"https:\/\/meferi.com\/pt\/wp-json\/wp\/v2\/pages\/3863","targetHints":{"allow":["GET"]}}],"collection":[{"href":"https:\/\/meferi.com\/pt\/wp-json\/wp\/v2\/pages"}],"about":[{"href":"https:\/\/meferi.com\/pt\/wp-json\/wp\/v2\/types\/page"}],"author":[{"embeddable":true,"href":"https:\/\/meferi.com\/pt\/wp-json\/wp\/v2\/users\/2"}],"replies":[{"embeddable":true,"href":"https:\/\/meferi.com\/pt\/wp-json\/wp\/v2\/comments?post=3863"}],"version-history":[{"count":0,"href":"https:\/\/meferi.com\/pt\/wp-json\/wp\/v2\/pages\/3863\/revisions"}],"up":[{"embeddable":true,"href":"https:\/\/meferi.com\/pt\/wp-json\/wp\/v2\/pages\/1478"}],"wp:attachment":[{"href":"https:\/\/meferi.com\/pt\/wp-json\/wp\/v2\/media?parent=3863"}],"wp:term":[{"taxonomy":"industry","embeddable":true,"href":"https:\/\/meferi.com\/pt\/wp-json\/wp\/v2\/industry?post=3863"}],"curies":[{"name":"wp","href":"https:\/\/api.w.org\/{rel}","templated":true}]}}