{"id":1474,"date":"2025-08-08T22:47:02","date_gmt":"2025-08-08T19:47:02","guid":{"rendered":"https:\/\/meferi.pontima.ru\/?page_id=1474"},"modified":"2025-09-02T16:10:02","modified_gmt":"2025-09-02T13:10:02","slug":"partner-certificate-verification","status":"publish","type":"page","link":"https:\/\/meferi.com\/pt\/support-services\/partner-certificate-verification\/","title":{"rendered":"Certificados de Parceiros"},"content":{"rendered":"<div class=\"wpb-content-wrapper\"><div class=\"vc_row wpb_row row top-row gradient-container-1 rounded-section vc_custom_1754652020075 vc_row-has-fill vc_row-o-content-middle vc_row-flex wpb_custom_034b39d9bc6c6b310d69e39f0ccf274f\"><div class=\"gradient-column-1 vc_column_container col-md-6\"><div class=\"wpb_wrapper vc_column-inner\"><div class=\"porto-sicon-box  vc_custom_1754686085484  wpb_custom_6e78c85d93f80ae0f21e2edad1ba596b style_1 default-icon flex-wrap\"><div class=\"porto-sicon-header\"><h2 class=\"porto-sicon-title\" style=\"\">Verifica\u00e7\u00e3o do Certificado MEFERI<\/h2><p>Verifique a autenticidade do seu certificado MEFERI<\/p><\/div> <!-- header --><div class=\"porto-sicon-description\" style=\"\">\n<div class=\"title\" data-v-105c6110=\"\"><\/div>\n<div class=\"tips\" data-v-105c6110=\"\">Verifique o status do seu Certificado de Distribuidor ou Revendedor Autorizado MEFERI de forma r\u00e1pida e f\u00e1cil.<\/div>\n<p><\/div> <!-- description --><\/div><!-- porto-sicon-box --><\/div><\/div><div class=\"gradient-column-2 vc_column_container col-md-6 section section-parallax vc_custom_1754425010515\"><div class=\"wpb_wrapper vc_column-inner\">\r\n\t<div class=\"wpb_single_image wpb_content_element vc_align_right wpb_content_element  vc_custom_1754686028885 wpb_custom_81a4f7ef9830bf958462581aa01150fb\"><div class=\"wpb_wrapper\">\r\n\t\t\t\r\n\t\t\t<div class=\"vc_single_image-wrapper   vc_box_border_grey\"><img loading=\"lazy\" decoding=\"async\" width=\"1166\" height=\"1238\" src=\"https:\/\/meferi.com\/wp-content\/uploads\/2025\/08\/bg1.ea468c08.png\" class=\"vc_single_image-img attachment-full\" alt=\"\" title=\"bg1.ea468c08\" srcset=\"https:\/\/meferi.com\/wp-content\/uploads\/2025\/08\/bg1.ea468c08.png 1166w, https:\/\/meferi.com\/wp-content\/uploads\/2025\/08\/bg1.ea468c08-1000x1062.png 1000w, https:\/\/meferi.com\/wp-content\/uploads\/2025\/08\/bg1.ea468c08-565x600.png 565w, https:\/\/meferi.com\/wp-content\/uploads\/2025\/08\/bg1.ea468c08-753x800.png 753w, https:\/\/meferi.com\/wp-content\/uploads\/2025\/08\/bg1.ea468c08-768x815.png 768w, https:\/\/meferi.com\/wp-content\/uploads\/2025\/08\/bg1.ea468c08-640x680.png 640w, https:\/\/meferi.com\/wp-content\/uploads\/2025\/08\/bg1.ea468c08-400x425.png 400w\" sizes=\"auto, (max-width: 1166px) 100vw, 1166px\" \/><\/div>\r\n\t\t<\/div>\r\n\t<\/div>\r\n<\/div><\/div><\/div><div class=\"vc_row wpb_row row top-row gradient-container-2 rounded-section vc_custom_1754645402134 vc_row-has-fill vc_row-o-content-top vc_row-flex wpb_custom_034b39d9bc6c6b310d69e39f0ccf274f\"><div class=\"gradient-column-3 vc_column_container col-md-12\"><div class=\"wpb_wrapper vc_column-inner\"><div class=\"porto-sicon-box  vc_custom_1754686210087  wpb_custom_888ccb41800ba6e432273c37a9ff2265 style_1 default-icon flex-wrap\"><div class=\"porto-sicon-header\"><h2 class=\"porto-sicon-title\" style=\"\">Digite o c\u00f3digo do seu certificado<\/h2><p>...<\/p><\/div> <!-- header --><div class=\"porto-sicon-description\" style=\"\">\n<div class=\"item_title\" data-v-105c6110=\"\"><\/div>\n<div class=\"item_tips item_tips_wrap\" data-v-105c6110=\"\">\n<div class=\"item_tips_text\" data-v-105c6110=\"\">Toda a documenta\u00e7\u00e3o do usu\u00e1rio para os produtos MEFERI est\u00e1 dispon\u00edvel online em v\u00e1rios idiomas. Para garantir que todos possam acessar os guias do usu\u00e1rio, instru\u00e7\u00f5es e muito mais, vers\u00f5es impressas est\u00e3o dispon\u00edveis gratuitamente mediante solicita\u00e7\u00e3o.<\/div>\n<\/div>\n<p><a class=\"porto-sicon-read xx\" href=\"https:\/\/helpdesk.meferi.com\/\" target='_blank'>Portal de Suporte<span>&nbsp;\"<\/span><\/a><\/div> <!-- description --><\/div><!-- porto-sicon-box --><\/div><\/div><\/div><div class=\"vc_row wpb_row row top-row gradient-container-3 rounded-section vc_custom_1754687400939 vc_row-has-fill vc_row-o-content-top vc_row-flex wpb_custom_034b39d9bc6c6b310d69e39f0ccf274f\"><div class=\"gradient-column-4 vc_column_container col-md-12\"><div class=\"wpb_wrapper vc_column-inner\"><div class=\"porto-sicon-box  vc_custom_1754687183680  wpb_custom_f8737a399eacfdac5261a717afa60878 style_1 default-icon\"><div class=\"porto-sicon-header\"><h2 class=\"porto-sicon-title\" style=\"\">Recursos adicionais<\/h2><p>...<\/p><\/div> <!-- header --><div class=\"porto-sicon-description\" style=\"\"><a class=\"porto-sicon-read xx\" href=\"https:\/\/helpdesk.meferi.com\/\" target='_blank'>Portal de Suporte<span>&nbsp;\"<\/span><\/a><\/div> <!-- description --><\/div><!-- porto-sicon-box --><\/div><\/div><\/div><div class=\"vc_row wpb_row row top-row gradient-container-4 vc_custom_1756818523125 vc_column-gap-20 vc_row-has-fill vc_row-o-equal-height vc_row-flex wpb_custom_034b39d9bc6c6b310d69e39f0ccf274f\"><div class=\"gradient-column-5 vc_column_container col-md-6 vc_custom_1754469150485\"><div class=\"wpb_wrapper vc_column-inner\"><div class=\"porto-ultimate-content-box-container my-rounded-box my-gradient-box\"><style>.porto_ucb_bd0f4babf7c24dafca3fc6bc2d95b490:hover{box-shadow:3px 3px 3px 3px #eef4fc}<\/style><div class=\"porto-ultimate-content-box vc_custom_1756818481816 porto_ucb_bd0f4babf7c24dafca3fc6bc2d95b490\" style=\"background-color:#eef4fc;min-height:211px;\" data-bg=\"#eef4fc\"><div class=\"porto-sicon-box  vc_custom_1754686817634  wpb_custom_6a149387752fb5ba89b08665b3d31298 style_1 left-icon\"><div class=\"porto-sicon-left\"><div class=\"porto-just-icon-wrapper porto-sicon-img  porto-icon-9f5d1cfb45d27d96b50bf473aebba227\" style=\"font-size: 48px;\"><img loading=\"lazy\" decoding=\"async\" class=\"img-icon\" alt=\"\" src=\"https:\/\/meferi.com\/wp-content\/uploads\/2025\/08\/ar1.svg\" width=\"0\" height=\"0\" \/><\/div><\/div><div class=\"porto-sicon-body\"><div class=\"porto-sicon-header\"><h4 class=\"porto-sicon-title\" style=\"\">Fa\u00e7a parceria com a MEFERI<\/h4><\/div> <!-- header --><div class=\"porto-sicon-description\" style=\"\">Quer saber mais sobre como se tornar um parceiro MEFERI? Descubra os benef\u00edcios visitando a p\u00e1gina de Parceiros.<a class=\"porto-sicon-read xx\" href=\"https:\/\/portal.meferi.com\/login\" target='_blank'>Visite a p\u00e1gina de parceiros<span>&nbsp;\"<\/span><\/a><\/div> <!-- description --><\/div><\/div><!-- porto-sicon-box --><\/div><\/div><\/div><\/div><div class=\"gradient-column-6 vc_column_container col-md-6\"><div class=\"wpb_wrapper vc_column-inner\"><div class=\"porto-ultimate-content-box-container my-rounded-box\"><style>.porto_ucb_bd0f4babf7c24dafca3fc6bc2d95b490:hover{box-shadow:3px 3px 3px 3px #eef4fc}<\/style><div class=\"porto-ultimate-content-box vc_custom_1756818476094 porto_ucb_bd0f4babf7c24dafca3fc6bc2d95b490\" style=\"background-color:#eef4fc;min-height:211px;\" data-bg=\"#eef4fc\"><div class=\"porto-sicon-box  vc_custom_1754687113676  wpb_custom_6a149387752fb5ba89b08665b3d31298 style_1 left-icon\"><div class=\"porto-sicon-left\"><div class=\"porto-just-icon-wrapper porto-sicon-img  porto-icon-9f5d1cfb45d27d96b50bf473aebba227\" style=\"font-size: 48px;\"><img loading=\"lazy\" decoding=\"async\" class=\"img-icon\" alt=\"\" src=\"https:\/\/meferi.com\/wp-content\/uploads\/2025\/08\/ar2.svg\" width=\"0\" height=\"0\" \/><\/div><\/div><div class=\"porto-sicon-body\"><div class=\"porto-sicon-header\"><h3 class=\"porto-sicon-title\" style=\"\">J\u00e1 \u00e9 um parceiro?<\/h3><\/div> <!-- header --><div class=\"porto-sicon-description\" style=\"\">Acesse seu certificado e outros recursos exclusivos no seu Portal de Parceiros.<a class=\"porto-sicon-read xx\" href=\"https:\/\/portal.meferi.com\/login\" target='_blank'>Ler mais<span>&nbsp;\"<\/span><\/a><\/div> <!-- description --><\/div><\/div><!-- porto-sicon-box --><\/div><\/div><\/div><\/div><div class=\"gradient-column-7 vc_column_container col-md-6\"><div class=\"wpb_wrapper vc_column-inner\"><div class=\"porto-ultimate-content-box-container my-rounded-box my-gradient-box\"><style>.porto_ucb_bd0f4babf7c24dafca3fc6bc2d95b490:hover{box-shadow:3px 3px 3px 3px #eef4fc}<\/style><div class=\"porto-ultimate-content-box vc_custom_1756818598476 porto_ucb_bd0f4babf7c24dafca3fc6bc2d95b490\" style=\"background-color:#eef4fc;min-height:211px;\" data-bg=\"#eef4fc\"><div class=\"porto-sicon-box  vc_custom_1754686899136  wpb_custom_6a149387752fb5ba89b08665b3d31298 style_1 left-icon\"><div class=\"porto-sicon-left\"><div class=\"porto-just-icon-wrapper porto-sicon-img  porto-icon-9f5d1cfb45d27d96b50bf473aebba227\" style=\"font-size: 48px;\"><img loading=\"lazy\" decoding=\"async\" class=\"img-icon\" alt=\"\" src=\"https:\/\/meferi.com\/wp-content\/uploads\/2025\/08\/ar3.svg\" width=\"0\" height=\"0\" \/><\/div><\/div><div class=\"porto-sicon-body\"><div class=\"porto-sicon-header\"><h4 class=\"porto-sicon-title\" style=\"\">Entre em contato com o suporte:<\/h4><\/div> <!-- header --><div class=\"porto-sicon-description\" style=\"\">Entre em contato com nossa equipe de suporte para qualquer ajuda que precisar. Estamos aqui para ajudar!<a class=\"porto-sicon-read xx\" href=\"https:\/\/meferi.com\/pt\/contact-meferi\/\" target='_blank' title='Solu\u00e7\u00f5es'>Ler mais<span>&nbsp;\"<\/span><\/a><\/div> <!-- description --><\/div><\/div><!-- porto-sicon-box --><\/div><\/div><\/div><\/div><div class=\"gradient-column-8 vc_column_container col-md-6\"><div class=\"wpb_wrapper vc_column-inner\"><div class=\"porto-ultimate-content-box-container my-rounded-box\"><style>.porto_ucb_bd0f4babf7c24dafca3fc6bc2d95b490:hover{box-shadow:3px 3px 3px 3px #eef4fc}<\/style><div class=\"porto-ultimate-content-box vc_custom_1756818596111 porto_ucb_bd0f4babf7c24dafca3fc6bc2d95b490\" style=\"background-color:#eef4fc;min-height:211px;\" data-bg=\"#eef4fc\"><div class=\"porto-sicon-box  vc_custom_1754687098526  wpb_custom_1efe903570d178ff0a9b7bfa5febd3a4 style_1 left-icon\"><div class=\"porto-sicon-left\"><div class=\"porto-just-icon-wrapper porto-sicon-img  porto-icon-9f5d1cfb45d27d96b50bf473aebba227\" style=\"font-size: 48px;\"><img loading=\"lazy\" decoding=\"async\" class=\"img-icon\" alt=\"\" src=\"https:\/\/meferi.com\/wp-content\/uploads\/2025\/08\/ar4.svg\" width=\"0\" height=\"0\" \/><\/div><\/div><div class=\"porto-sicon-body\"><div class=\"porto-sicon-header\"><h3 class=\"porto-sicon-title\" style=\"\">Precisa de mais ajuda?<\/h3><\/div> <!-- header --><div class=\"porto-sicon-description\" style=\"\">Explore nosso portal de suporte para pesquisar informa\u00e7\u00f5es, enviar tickets e acompanhar o status de suas d\u00favidas.<a class=\"porto-sicon-read xx\" href=\"https:\/\/helpdesk.meferi.com\/\" target='_blank'>Ler mais<span>&nbsp;\"<\/span><\/a><\/div> <!-- description --><\/div><\/div><!-- porto-sicon-box --><\/div><\/div><\/div><\/div><\/div>\n<\/div>","protected":false},"excerpt":{"rendered":"MEFERI Certificate VerificationVerify Your MEFERI Certificate Authenticity Check the status of your MEFERI Authorized Distributor or Reseller Certificate quickly and easily. Enter Your Certificate Code... All user documentation for MEFERI products is available online in multiple languages. To ensure everyone can access user guides, instructions, and more, printed versions are available upon request free of [...]","protected":false},"author":2,"featured_media":8486,"parent":1000,"menu_order":0,"comment_status":"closed","ping_status":"closed","template":"","meta":{"_acf_changed":false,"footnotes":""},"industry":[],"class_list":["post-1474","page","type-page","status-publish","has-post-thumbnail","hentry"],"acf":[],"_links":{"self":[{"href":"https:\/\/meferi.com\/pt\/wp-json\/wp\/v2\/pages\/1474","targetHints":{"allow":["GET"]}}],"collection":[{"href":"https:\/\/meferi.com\/pt\/wp-json\/wp\/v2\/pages"}],"about":[{"href":"https:\/\/meferi.com\/pt\/wp-json\/wp\/v2\/types\/page"}],"author":[{"embeddable":true,"href":"https:\/\/meferi.com\/pt\/wp-json\/wp\/v2\/users\/2"}],"replies":[{"embeddable":true,"href":"https:\/\/meferi.com\/pt\/wp-json\/wp\/v2\/comments?post=1474"}],"version-history":[{"count":0,"href":"https:\/\/meferi.com\/pt\/wp-json\/wp\/v2\/pages\/1474\/revisions"}],"up":[{"embeddable":true,"href":"https:\/\/meferi.com\/pt\/wp-json\/wp\/v2\/pages\/1000"}],"wp:featuredmedia":[{"embeddable":true,"href":"https:\/\/meferi.com\/pt\/wp-json\/wp\/v2\/media\/8486"}],"wp:attachment":[{"href":"https:\/\/meferi.com\/pt\/wp-json\/wp\/v2\/media?parent=1474"}],"wp:term":[{"taxonomy":"industry","embeddable":true,"href":"https:\/\/meferi.com\/pt\/wp-json\/wp\/v2\/industry?post=1474"}],"curies":[{"name":"wp","href":"https:\/\/api.w.org\/{rel}","templated":true}]}}