{"id":12400,"date":"2025-10-15T10:28:52","date_gmt":"2025-10-15T08:28:52","guid":{"rendered":"https:\/\/meferi.com\/?page_id=12400"},"modified":"2025-12-12T07:27:59","modified_gmt":"2025-12-12T06:27:59","slug":"end-of-life-eol-notification-spare-parts-availability-and-security-support-statement","status":"publish","type":"page","link":"https:\/\/meferi.com\/pt\/support-services\/legal-center\/end-of-life-eol-notification-spare-parts-availability-and-security-support-statement\/","title":{"rendered":"Notifica\u00e7\u00e3o de fim de vida \u00fatil (EOL), disponibilidade de pe\u00e7as de reposi\u00e7\u00e3o e declara\u00e7\u00e3o de suporte de seguran\u00e7a"},"content":{"rendered":"<div class=\"wpb-content-wrapper\"><div class=\"vc_row wpb_row row top-row gradient-container-1 wpb_custom_034b39d9bc6c6b310d69e39f0ccf274f\"><div class=\"gradient-column-1 vc_column_container col-md-12\"><div class=\"wpb_wrapper vc_column-inner\">\r\n\t<div class=\"wpb_text_column wpb_content_element vc_custom_1765519682332 wpb_custom_7c91d232724f73626cc933bd95b25ff0\" >\r\n\t\t<div class=\"wpb_wrapper\">\r\n\t\t\t<h1>Notifica\u00e7\u00e3o de fim de vida \u00fatil (EOL), disponibilidade de pe\u00e7as de reposi\u00e7\u00e3o e declara\u00e7\u00e3o de suporte de seguran\u00e7a<\/h1>\n<hr \/>\n<p><strong>Vers\u00e3o: 2025.08.07<\/strong><\/p>\n<p>MEFERI Technologies Co., Ltd.<\/p>\n<hr \/>\n<h2>\u00cdndice<\/h2>\n<ol>\n<li>Introdu\u00e7\u00e3o<\/li>\n<li>Pol\u00edtica de fim de vida \u00fatil (EOL) e informa\u00e7\u00f5es sobre pe\u00e7as de reposi\u00e7\u00e3o<\/li>\n<li>Roteiro de suporte do sistema operacional do produto<\/li>\n<li>Roteiro de suporte de seguran\u00e7a do sistema operacional do produto<\/li>\n<li>Notas Legais e Conformidade com Normas Internacionais<\/li>\n<li>Informa\u00e7\u00f5es de contato<\/li>\n<\/ol>\n<hr \/>\n<h2>1. Introdu\u00e7\u00e3o<\/h2>\n<p>A MEFERI Technologies Co., Ltd. fornece a seguinte notifica\u00e7\u00e3o sobre o status de Fim de Vida \u00datil (EOL) de modelos espec\u00edficos, a disponibilidade de pe\u00e7as de reposi\u00e7\u00e3o e o suporte para atualiza\u00e7\u00f5es do sistema operacional. Na MEFERI, estamos comprometidos em garantir a longevidade, a confiabilidade e o suporte cont\u00ednuo de nossos produtos por meio de um gerenciamento eficaz do ciclo de vida. Isso inclui cronogramas claros para o EOL, acesso a pe\u00e7as de reposi\u00e7\u00e3o e atualiza\u00e7\u00f5es do sistema operacional, permitindo que parceiros e clientes planejem transi\u00e7\u00f5es, minimizem interrup\u00e7\u00f5es e mantenham o desempenho ideal. Este documento descreve os principais marcos do ciclo de vida do produto, incluindo per\u00edodos de garantia, status de produ\u00e7\u00e3o, datas de EOL, disponibilidade de pe\u00e7as de reposi\u00e7\u00e3o, detalhes de suporte do sistema operacional e cronogramas de patches de seguran\u00e7a. Esses elementos s\u00e3o essenciais para manter a efici\u00eancia e a longevidade dos seus dispositivos MEFERI.<\/p>\n<hr \/>\n<h2>2. Pol\u00edtica de fim de vida \u00fatil (EOL) e informa\u00e7\u00f5es sobre pe\u00e7as de reposi\u00e7\u00e3o<\/h2>\n<p>Ciclo de vida detalhado e disponibilidade de pe\u00e7as de reposi\u00e7\u00e3o para produtos que chegam ao fim de sua vida \u00fatil:<\/p>\n<div class=\"table-container\">\n<table border=\"1\">\n<thead>\n<tr>\n<th style=\"text-align: left;\"><strong>Produto<br \/>\nNome do modelo<\/strong><\/th>\n<th style=\"text-align: left;\"><strong>SO<br \/>\nVers\u00e3o<\/strong><\/th>\n<th style=\"text-align: left;\"><strong>Garantia<br \/>\nPer\u00edodo<\/strong><\/th>\n<th style=\"text-align: left;\"><strong>Produto<br \/>\nStatus<\/strong><\/th>\n<th style=\"text-align: left;\"><strong>\u00datil<br \/>\nVida Depois<br \/>\nProdu\u00e7\u00e3o<\/strong><\/th>\n<th style=\"text-align: left;\"><strong>Fim da vida \u00fatil\/Fim de<br \/>\nData da venda<\/strong><\/th>\n<th style=\"text-align: left;\"><strong>Pe\u00e7as de reposi\u00e7\u00e3o<br \/>\nData de t\u00e9rmino<\/strong><\/th>\n<th style=\"text-align: left;\"><strong>Fim do suporte<br \/>\nData<\/strong><\/th>\n<\/tr>\n<\/thead>\n<tbody>\n<tr>\n<td>ME40K<\/td>\n<td>Androide 12<\/td>\n<td>12 meses<\/td>\n<td>Ativo<\/td>\n<td>8 anos<\/td>\n<td>2030-12-31<\/td>\n<td>2033-12-31<\/td>\n<td>2035-12-31<\/td>\n<\/tr>\n<tr>\n<td>ME10<\/td>\n<td>Androide 13<\/td>\n<td>12 meses<\/td>\n<td>Ativo<\/td>\n<td>8 anos<\/td>\n<td>2032-12-31<\/td>\n<td>2035-12-31<\/td>\n<td>2037-12-31<\/td>\n<\/tr>\n<tr>\n<td>MS300R<\/td>\n<td>Linux<\/td>\n<td>12 meses<\/td>\n<td>Ativo<\/td>\n<td>8 anos<\/td>\n<td>2030-12-31<\/td>\n<td>2033-12-31<\/td>\n<td>2035-12-31<\/td>\n<\/tr>\n<tr>\n<td>MP4000D<\/td>\n<td>N \/ D<\/td>\n<td>12 meses<\/td>\n<td>Ativo<\/td>\n<td>8 anos<\/td>\n<td>2030-12-31<\/td>\n<td>2033-12-31<\/td>\n<td>2035-12-31<\/td>\n<\/tr>\n<tr>\n<td>ME61<\/td>\n<td>Androide 13<\/td>\n<td>12 meses<\/td>\n<td>Ativo<\/td>\n<td>8 anos<\/td>\n<td>2030-12-31<\/td>\n<td>2033-12-31<\/td>\n<td>2035-12-31<\/td>\n<\/tr>\n<tr>\n<td>ME63<\/td>\n<td>Androide 15<\/td>\n<td>12 meses<\/td>\n<td>Ativo<\/td>\n<td>8 anos<\/td>\n<td>2032-12-31<\/td>\n<td>2035-12-31<\/td>\n<td>2037-12-31<\/td>\n<\/tr>\n<tr>\n<td>ME65<\/td>\n<td>Androide 13<\/td>\n<td>12 meses<\/td>\n<td>Ativo<\/td>\n<td>8 anos<\/td>\n<td>2032-12-31<\/td>\n<td>2035-12-31<\/td>\n<td>2037-12-31<\/td>\n<\/tr>\n<tr>\n<td>ME74<\/td>\n<td>Androide 13<\/td>\n<td>12 meses<\/td>\n<td>Ativo<\/td>\n<td>8 anos<\/td>\n<td>2032-12-31<\/td>\n<td>2035-12-31<\/td>\n<td>2037-12-31<\/td>\n<\/tr>\n<tr>\n<td>CIAO<\/td>\n<td>Androide 13<\/td>\n<td>12 meses<\/td>\n<td>Ativo<\/td>\n<td>8 anos<\/td>\n<td>2032-12-31<\/td>\n<td>2035-12-31<\/td>\n<td>2037-12-31<\/td>\n<\/tr>\n<tr>\n<td>MC45<\/td>\n<td>Androide 14<\/td>\n<td>12 meses<\/td>\n<td>Ativo<\/td>\n<td>8 anos<\/td>\n<td>2032-12-31<\/td>\n<td>2035-12-31<\/td>\n<td>2037-12-31<\/td>\n<\/tr>\n<\/tbody>\n<\/table>\n<\/div>\n<h3><\/h3>\n<h3>2.1. Defini\u00e7\u00f5es do ciclo de vida do produto<\/h3>\n<p>A MEFERI Technologies Co., Ltd. confirma as seguintes informa\u00e7\u00f5es sobre o ciclo de vida dos modelos listados acima.<\/p>\n<ul>\n<li><strong>Nome do modelo do produto<\/strong>: O nome do modelo do dispositivo fabricado pela MEFERI, para o qual s\u00e3o especificadas as condi\u00e7\u00f5es de ciclo de vida e disponibilidade de pe\u00e7as de reposi\u00e7\u00e3o.<\/li>\n<li><strong>Vers\u00e3o do sistema operacional<\/strong>: A vers\u00e3o do sistema operacional do dispositivo. Pode ser Android, Linux ou outro sistema operacional compat\u00edvel com o modelo em quest\u00e3o.<\/li>\n<li><strong>Per\u00edodo de garantia<\/strong>: A dura\u00e7\u00e3o durante a qual a MEFERI garante a repara\u00e7\u00e3o ou substitui\u00e7\u00e3o de produtos defeituosos, sujeita a <strong>Termos e Condi\u00e7\u00f5es de Garantia<\/strong>.<\/li>\n<li><strong>Status de produ\u00e7\u00e3o<\/strong>: Reflete se um produto ainda est\u00e1 em produ\u00e7\u00e3o, chegou ao fim das vendas ou n\u00e3o tem mais suporte.<\/li>\n<li><strong>Vida \u00fatil ap\u00f3s a produ\u00e7\u00e3o<\/strong>: Refere-se ao per\u00edodo de 8 anos a partir da data de lan\u00e7amento da produ\u00e7\u00e3o em massa do modelo (n\u00e3o a data da \u00faltima remessa do cliente). Durante esse per\u00edodo, espera-se que o produto funcione normalmente em condi\u00e7\u00f5es operacionais padr\u00e3o. O fim dessa vida \u00fatil \u00e9 marcado pela <strong>Data de fim de vida (EOL)<\/strong>, o que sinaliza o t\u00e9rmino da produ\u00e7\u00e3o, suporte e ciclo de vida do MEFERI para esse modelo.<\/li>\n<li><strong>Fim da vida \u00fatil\/Fim das vendas (Fim da vida \u00fatil\/Data de produ\u00e7\u00e3o\/Fim das vendas)<\/strong>:Data ap\u00f3s a qual o modelo n\u00e3o ser\u00e1 mais produzido e nenhuma nova unidade deste modelo estar\u00e1 dispon\u00edvel para venda ou distribui\u00e7\u00e3o.<\/li>\n<li><strong>Per\u00edodo de fornecimento de pe\u00e7as de reposi\u00e7\u00e3o<\/strong>: O per\u00edodo de 1 ano ap\u00f3s a data de fim de vida \u00fatil, durante o qual as pe\u00e7as de reposi\u00e7\u00e3o ainda estar\u00e3o dispon\u00edveis para pedidos e reparos do produto.<\/li>\n<li><strong>Data de t\u00e9rmino do suporte<\/strong>: A data final em que a MEFERI fornece suporte t\u00e9cnico oficial para o produto.<\/li>\n<\/ul>\n<h3>2.2. Defini\u00e7\u00f5es de status de produ\u00e7\u00e3o<\/h3>\n<ul>\n<li><strong>Ativo<\/strong>: O produto ainda est\u00e1 em produ\u00e7\u00e3o e dispon\u00edvel para venda.<\/li>\n<li><strong>Fim de venda<\/strong>: O produto n\u00e3o \u00e9 mais vendido, mas continua com suporte de garantia e pe\u00e7as de reposi\u00e7\u00e3o.<\/li>\n<li><strong>Fim de vida (EOL)<\/strong>: O produto n\u00e3o est\u00e1 mais em produ\u00e7\u00e3o nem tem suporte para nova produ\u00e7\u00e3o, embora pe\u00e7as de reposi\u00e7\u00e3o ainda estejam dispon\u00edveis.<\/li>\n<li><strong>Somente pe\u00e7as de reposi\u00e7\u00e3o<\/strong>: Somente pe\u00e7as de reposi\u00e7\u00e3o est\u00e3o dispon\u00edveis, e o produto n\u00e3o \u00e9 mais vendido nem tem suporte completo.<\/li>\n<li><strong>Fim do servi\u00e7o<\/strong>:Todo o suporte ao produto, incluindo a disponibilidade de pe\u00e7as de reposi\u00e7\u00e3o, foi encerrado.<\/li>\n<\/ul>\n<hr \/>\n<h2>3. Roteiro de suporte do sistema operacional do produto<\/h2>\n<p>Esta se\u00e7\u00e3o fornece uma vis\u00e3o geral detalhada do ciclo de vida do suporte de software para a linha de produtos da MEFERI, incluindo vers\u00f5es atuais do sistema operacional, atualiza\u00e7\u00f5es dispon\u00edveis e datas de t\u00e9rmino para atualiza\u00e7\u00f5es do sistema operacional e suporte estendido de firmware. Ela garante transpar\u00eancia na forma como a MEFERI gerencia a evolu\u00e7\u00e3o do sistema operacional, permitindo que os clientes planejem melhorias de recursos e compatibilidade.<\/p>\n<div class=\"table-container\">\n<table border=\"1\">\n<thead>\n<tr>\n<th><strong>Produto<br \/>\nModelo\u00a0<\/strong><\/th>\n<th><strong>Atual<br \/>\nVers\u00e3o do sistema operacional<\/strong><\/th>\n<th><strong>Atualiz\u00e1vel para<br \/>\n(SO oficial)<\/strong><\/th>\n<th style=\"text-align: left;\"><strong>SO estendido<br \/>\nSuporte de Firmware<br \/>\nData de t\u00e9rmino (+2 anos)*<\/strong><\/th>\n<\/tr>\n<\/thead>\n<tbody>\n<tr>\n<td>ME40K<\/td>\n<td>Androide 12<\/td>\n<td>Androide 13<\/td>\n<td>Maio de 2027<\/td>\n<\/tr>\n<tr>\n<td>ME10<\/td>\n<td>Androide 13<\/td>\n<td>Androide 18<\/td>\n<td>Janeiro de 2028<\/td>\n<\/tr>\n<tr>\n<td>MS300R<\/td>\n<td>Linux<\/td>\n<td>N \/ D<\/td>\n<td>N \/ D<\/td>\n<\/tr>\n<tr>\n<td>MP4000D<\/td>\n<td>N \/ D<\/td>\n<td>N \/ D<\/td>\n<td>N \/ D<\/td>\n<\/tr>\n<tr>\n<td>ME61<\/td>\n<td>Androide 13<\/td>\n<td>Androide 16<\/td>\n<td>Janeiro de 2028<\/td>\n<\/tr>\n<tr>\n<td>ME63<\/td>\n<td>Androide 15<\/td>\n<td>Androide 18<\/td>\n<td>Fev 2030<\/td>\n<\/tr>\n<tr>\n<td>ME65<\/td>\n<td>Androide 13<\/td>\n<td>Androide 16<\/td>\n<td>Janeiro de 2028<\/td>\n<\/tr>\n<tr>\n<td>ME74<\/td>\n<td>Androide 13<\/td>\n<td>Androide 18<\/td>\n<td>Janeiro de 2028<\/td>\n<\/tr>\n<tr>\n<td>CIAO<\/td>\n<td>Androide 13<\/td>\n<td>Androide 18<\/td>\n<td>Janeiro de 2028<\/td>\n<\/tr>\n<tr>\n<td>MC45<\/td>\n<td>Androide 14<\/td>\n<td>Androide 18<\/td>\n<td>Mar\u00e7o de 2029<\/td>\n<\/tr>\n<\/tbody>\n<\/table>\n<\/div>\n<p>&nbsp;<\/p>\n<ul>\n<li>Suporte estendido de firmware do sistema operacional MEFERI: <strong>*<\/strong> Esse per\u00edodo adicional de 2 anos pode incluir retroportabilidade de corre\u00e7\u00f5es de bugs, melhorias de estabilidade e aprimoramentos de compatibilidade para dispositivos AIDC, sujeito \u00e0 viabilidade t\u00e9cnica e em conformidade com as pol\u00edticas do Google, para dar suporte \u00e0 confiabilidade do dispositivo em ambientes corporativos.<\/li>\n<li>Para obter detalhes sobre dispositivos MEFERI certificados pelo programa Android Enterprise Recommended, consulte: <a href=\"https:\/\/androidenterprisepartners.withgoogle.com\/devices\/#!?search=MEFERI\">https:\/\/androidenterprisepartners.withgoogle.com\/devices\/#!?search=MEFERI<\/a>.<\/li>\n<\/ul>\n<hr \/>\n<h2>4. Roteiro de suporte de seguran\u00e7a do sistema operacional do produto<\/h2>\n<p>Esta se\u00e7\u00e3o descreve o ciclo de vida do suporte de seguran\u00e7a para os sistemas operacionais da MEFERI, incluindo as datas oficiais de t\u00e9rmino dos patches do Google, a frequ\u00eancia das atualiza\u00e7\u00f5es e os compromissos de suporte estendido da MEFERI. Ela destaca nossa dedica\u00e7\u00e3o em manter a seguran\u00e7a dos dispositivos al\u00e9m dos prazos padr\u00e3o do Google por meio de patches regulares e atualiza\u00e7\u00f5es cr\u00edticas, alinhados \u00e0s melhores pr\u00e1ticas do setor para dispositivos AIDC.<\/p>\n<div class=\"table-container\">\n<table border=\"1\">\n<thead>\n<tr>\n<th style=\"text-align: left;\"><strong>SO<br \/>\nVers\u00e3o<\/strong><\/th>\n<th style=\"text-align: left;\"><strong>Seguran\u00e7a do Google<br \/>\nSuporte a patches<br \/>\nData de t\u00e9rmino<\/strong><\/th>\n<th style=\"text-align: left;\"><strong>Frequ\u00eancia de<br \/>\nAtualiza\u00e7\u00e3o de seguran\u00e7a<\/strong><\/th>\n<th style=\"text-align: left;\"><strong>\u00daltimo Android<br \/>\nBoletim de Seguran\u00e7a<\/strong><\/th>\n<th style=\"text-align: left;\"><strong>Seguran\u00e7a<br \/>\nN\u00edvel de Patch<\/strong><\/th>\n<th style=\"text-align: left;\"><strong>SO estendido<br \/>\nSuporte de Seguran\u00e7a<br \/>\nData de t\u00e9rmino (+2 anos)<\/strong>*<\/th>\n<\/tr>\n<\/thead>\n<tbody>\n<tr>\n<td>Androide 12<\/td>\n<td>Mar\u00e7o de 2025<\/td>\n<td>A cada 90 dias<\/td>\n<td>Mar\u00e7o de 2025<\/td>\n<td>2025-03-20<\/td>\n<td>Maio de 2027<\/td>\n<\/tr>\n<tr>\n<td>Androide 13<\/td>\n<td>Janeiro de 2026<\/td>\n<td>A cada 90 dias<\/td>\n<td>Dezembro de 2025<\/td>\n<td>2025-12-01<\/td>\n<td>Janeiro de 2028<\/td>\n<\/tr>\n<tr>\n<td>Androide 14<\/td>\n<td>Mar\u00e7o de 2027<\/td>\n<td>A cada 90 dias<\/td>\n<td>Dezembro de 2025<\/td>\n<td>2025-12-01<\/td>\n<td>Mar\u00e7o de 2029<\/td>\n<\/tr>\n<tr>\n<td>Androide 15<\/td>\n<td>Fevereiro de 2028<\/td>\n<td>A cada 90 dias<\/td>\n<td>Dezembro de 2025<\/td>\n<td>2025-12-01<\/td>\n<td>Fev 2030<\/td>\n<\/tr>\n<tr>\n<td>Androide 16<\/td>\n<td>Outubro de 2029<\/td>\n<td>A cada 90 dias<\/td>\n<td>Dezembro de 2025<\/td>\n<td>2025-12-01<\/td>\n<td>Janeiro de 2031<\/td>\n<\/tr>\n<tr>\n<td>Androide 17<\/td>\n<td>Outubro de 2030<\/td>\n<td>A cada 90 dias<\/td>\n<td>N \/ D<\/td>\n<td>N \/ D<\/td>\n<td>Janeiro de 2032<\/td>\n<\/tr>\n<tr>\n<td>Androide 18<\/td>\n<td>Outubro de 2031<\/td>\n<td>A cada 90 dias<\/td>\n<td>N \/ D<\/td>\n<td>N \/ D<\/td>\n<td>Janeiro de 2033<\/td>\n<\/tr>\n<\/tbody>\n<\/table>\n<\/div>\n<p>&nbsp;<\/p>\n<ul>\n<li>Suporte de seguran\u00e7a de sistema operacional estendido MEFERI: * Este per\u00edodo adicional de 2 anos pode incluir retroportabilidade de corre\u00e7\u00f5es de seguran\u00e7a cr\u00edticas baseadas no AOSP, sujeito \u00e0 viabilidade t\u00e9cnica e em conformidade com as pol\u00edticas do Google, para mitigar vulnerabilidades importantes al\u00e9m do cronograma de suporte padr\u00e3o do Google.<\/li>\n<li>Para vers\u00f5es do Android com prazos de suporte n\u00e3o publicados, o MEFERI estima a dura\u00e7\u00e3o com base nas pr\u00e1ticas hist\u00f3ricas do Google. As datas finais podem mudar ap\u00f3s confirma\u00e7\u00e3o oficial do Google. Essas estimativas s\u00e3o fornecidas apenas para fins informativos.<\/li>\n<li>Para obter informa\u00e7\u00f5es detalhadas sobre atualiza\u00e7\u00f5es de seguran\u00e7a do Android, n\u00edveis de patch, boletins e como OEMs como MEFERI estendem o suporte, consulte: <a href=\"https:\/\/source.android.com\/docs\/security\/overview\/updates-resources\">https:\/\/source.android.com\/docs\/security\/overview\/updates-resources<\/a>.<\/li>\n<\/ul>\n<hr \/>\n<h2>5. Notas Legais e Conformidade com Normas Internacionais<\/h2>\n<p>As pol\u00edticas de fim de vida \u00fatil (EOL) e de pe\u00e7as de reposi\u00e7\u00e3o da MEFERI est\u00e3o alinhadas com <strong>padr\u00f5es internacionais<\/strong> para produtos AIDC. Estes incluem, mas n\u00e3o est\u00e3o limitados a:<\/p>\n<ol>\n<li><strong>Conformidade com RoHS (Diretiva 2011\/65\/UE)<\/strong>: Todos os produtos MEFERI est\u00e3o em conformidade com a Diretiva de Restri\u00e7\u00e3o de Subst\u00e2ncias Perigosas, garantindo que os produtos que chegam ao fim de sua vida \u00fatil sejam descartados de forma ambientalmente respons\u00e1vel, e que as pe\u00e7as de reposi\u00e7\u00e3o utilizadas tamb\u00e9m estejam em conformidade com essa diretiva.<\/li>\n<li><strong>ISO 9001:2015<\/strong>:Os processos de produ\u00e7\u00e3o e garantia da MEFERI est\u00e3o em conformidade com os padr\u00f5es ISO 9001 para sistemas de gest\u00e3o de qualidade, garantindo qualidade consistente do produto desde a fase de fabrica\u00e7\u00e3o at\u00e9 o per\u00edodo de garantia e disponibilidade de pe\u00e7as de reposi\u00e7\u00e3o.<\/li>\n<\/ol>\n<p>Ap\u00f3s o fim da vida \u00fatil (EOL) e o per\u00edodo de disponibilidade de pe\u00e7as de reposi\u00e7\u00e3o, conforme definido nestas normas, a MEFERI n\u00e3o fornecer\u00e1 mais servi\u00e7os de garantia ou pe\u00e7as de reposi\u00e7\u00e3o para os produtos listados. Esta pol\u00edtica \u00e9 consistente com as pr\u00e1ticas da ind\u00fastria AIDC reconhecidas internacionalmente, nas quais os produtos normalmente recebem de 5 a 7 anos de suporte p\u00f3s-produ\u00e7\u00e3o, garantindo tempo suficiente para manuten\u00e7\u00e3o, reparos e transi\u00e7\u00f5es, ao mesmo tempo em que equilibra a sustentabilidade ambiental e operacional.<\/p>\n<hr \/>\n<h2>6. Informa\u00e7\u00f5es de contato<\/h2>\n<p>Para mais informa\u00e7\u00f5es ou d\u00favidas, entre em contato com:<\/p>\n<ul>\n<li><strong>Telefone<\/strong>: +86 400-1818-815<\/li>\n<li><strong>E-mail<\/strong>: <a href=\"mailto:support@meferi.com\">support@meferi.com<\/a><\/li>\n<li><strong>Site<\/strong>: <a href=\"https:\/\/meferi.com\/pt\/\">www.meferi.com<\/a><\/li>\n<\/ul>\n<hr \/>\n<p><strong>Fabricante<\/strong>: MEFERI Technologies Co., Ltd.<\/p>\n<p><strong>Vers\u00e3o atual dos Termos, em 12 de dezembro de 2025. <\/strong><\/p>\n\r\n\t\t<\/div>\r\n\t<\/div>\r\n<\/div><\/div><\/div>\n<\/div>","protected":false},"excerpt":{"rendered":"End-of-Life (EOL) Notification, Spare Parts Availability, and Security Support Statement Version: 2025.08.07 MEFERI Technologies Co., Ltd. Table of Contents Introduction End-of-Life (EOL) Policy and Spare Parts Information Product OS Support Road Map Product OS Security Support Road Map Legal Notes and Compliance with International Standards Contact Information 1. Introduction MEFERI Technologies Co., Ltd. hereby provides [...]","protected":false},"author":5,"featured_media":12415,"parent":1478,"menu_order":0,"comment_status":"closed","ping_status":"closed","template":"","meta":{"_acf_changed":false,"footnotes":""},"industry":[],"class_list":["post-12400","page","type-page","status-publish","has-post-thumbnail","hentry"],"acf":[],"_links":{"self":[{"href":"https:\/\/meferi.com\/pt\/wp-json\/wp\/v2\/pages\/12400","targetHints":{"allow":["GET"]}}],"collection":[{"href":"https:\/\/meferi.com\/pt\/wp-json\/wp\/v2\/pages"}],"about":[{"href":"https:\/\/meferi.com\/pt\/wp-json\/wp\/v2\/types\/page"}],"author":[{"embeddable":true,"href":"https:\/\/meferi.com\/pt\/wp-json\/wp\/v2\/users\/5"}],"replies":[{"embeddable":true,"href":"https:\/\/meferi.com\/pt\/wp-json\/wp\/v2\/comments?post=12400"}],"version-history":[{"count":0,"href":"https:\/\/meferi.com\/pt\/wp-json\/wp\/v2\/pages\/12400\/revisions"}],"up":[{"embeddable":true,"href":"https:\/\/meferi.com\/pt\/wp-json\/wp\/v2\/pages\/1478"}],"wp:featuredmedia":[{"embeddable":true,"href":"https:\/\/meferi.com\/pt\/wp-json\/wp\/v2\/media\/12415"}],"wp:attachment":[{"href":"https:\/\/meferi.com\/pt\/wp-json\/wp\/v2\/media?parent=12400"}],"wp:term":[{"taxonomy":"industry","embeddable":true,"href":"https:\/\/meferi.com\/pt\/wp-json\/wp\/v2\/industry?post=12400"}],"curies":[{"name":"wp","href":"https:\/\/api.w.org\/{rel}","templated":true}]}}