{"id":4047,"date":"2025-08-16T01:36:53","date_gmt":"2025-08-15T22:36:53","guid":{"rendered":"https:\/\/meferi.pontima.ru\/?post_type=product&#038;p=4047"},"modified":"2025-10-30T18:46:45","modified_gmt":"2025-10-30T17:46:45","slug":"cradle-charging-station-meferi","status":"publish","type":"product","link":"https:\/\/meferi.com\/pl\/products\/accessories\/cradle-charging-station-meferi\/","title":{"rendered":"Podstawka i stacja \u0142aduj\u0105ca MEFERI ME40K"},"content":{"rendered":"<div class=\"wpb-content-wrapper\"><div class=\"vc_row wpb_row row top-row gradient-container-1 wpb_custom_034b39d9bc6c6b310d69e39f0ccf274f\"><div class=\"gradient-column-1 vc_column_container col-md-12\"><div class=\"wpb_wrapper vc_column-inner\">\r\n\t<div class=\"wpb_text_column wpb_content_element wpb_custom_7c91d232724f73626cc933bd95b25ff0\" >\r\n\t\t<div class=\"wpb_wrapper\">\r\n\t\t\t<h2>Stanowisko \u0142adowania i komunikacji dla terminali MEFERI ME40K.<\/h2>\n<h4>ME40K-SCRD01KIT-EU-01<\/h4>\n<div>\n<ul>\n<li><span dir=\"auto\">Obs\u0142uguje \u0142adowanie jednego urz\u0105dzenia i jednej zapasowej baterii.<\/span><\/li>\n<li><span dir=\"auto\">Moc wyj\u015bciowa zasilacza to DC 12V\/2A.<\/span><\/li>\n<li><span dir=\"auto\">Obs\u0142uguje transfer danych przez USB typu C.<\/span><\/li>\n<li><span dir=\"auto\">Mo\u017cliwo\u015b\u0107 \u0142adowania terminala zar\u00f3wno za pomoc\u0105 paska, jak i w etui ochronnym.<\/span><\/li>\n<li><span dir=\"auto\">Wska\u017anik stanu \u0142adowania: czerwony - \u0142adowanie w toku, zielony - \u0142adowanie zako\u0144czone.<\/span><\/li>\n<\/ul>\n<\/div>\n\r\n\t\t<\/div>\r\n\t<\/div>\r\n<\/div><\/div><\/div>\n<\/div>","protected":false},"excerpt":{"rendered":"<p><span dir=\"auto\">Stanowisko \u0142adowania i komunikacji dla terminali MEFERI ME40K.<\/span><\/p>\n<ul>\n<li><span dir=\"auto\">Obs\u0142uguje \u0142adowanie jednego urz\u0105dzenia i jednej zapasowej baterii.<\/span><\/li>\n<li><span dir=\"auto\">Moc wyj\u015bciowa zasilacza to DC 12V\/2A.<\/span><\/li>\n<li><span dir=\"auto\">Obs\u0142uguje transfer danych przez USB typu C.<\/span><\/li>\n<li><span dir=\"auto\">Mo\u017cliwo\u015b\u0107 \u0142adowania terminala zar\u00f3wno za pomoc\u0105 paska, jak i w etui ochronnym.<\/span><\/li>\n<li><span dir=\"auto\">Wska\u017anik stanu \u0142adowania: czerwony \u2013 \u0142adowanie w toku, zielony \u2013 \u0142adowanie zako\u0144czone.<\/span><\/li>\n<\/ul>\n<p>&nbsp;<\/p>","protected":false},"featured_media":4048,"template":"","meta":{"_acf_changed":false},"product_brand":[],"product_cat":[69],"product_tag":[],"class_list":{"0":"post-4047","1":"product","2":"type-product","3":"status-publish","4":"has-post-thumbnail","6":"product_cat-accessories","8":"first","9":"instock","10":"shipping-taxable","11":"product-type-simple"},"acf":[],"_links":{"self":[{"href":"https:\/\/meferi.com\/pl\/wp-json\/wp\/v2\/product\/4047","targetHints":{"allow":["GET"]}}],"collection":[{"href":"https:\/\/meferi.com\/pl\/wp-json\/wp\/v2\/product"}],"about":[{"href":"https:\/\/meferi.com\/pl\/wp-json\/wp\/v2\/types\/product"}],"wp:featuredmedia":[{"embeddable":true,"href":"https:\/\/meferi.com\/pl\/wp-json\/wp\/v2\/media\/4048"}],"wp:attachment":[{"href":"https:\/\/meferi.com\/pl\/wp-json\/wp\/v2\/media?parent=4047"}],"wp:term":[{"taxonomy":"product_brand","embeddable":true,"href":"https:\/\/meferi.com\/pl\/wp-json\/wp\/v2\/product_brand?post=4047"},{"taxonomy":"product_cat","embeddable":true,"href":"https:\/\/meferi.com\/pl\/wp-json\/wp\/v2\/product_cat?post=4047"},{"taxonomy":"product_tag","embeddable":true,"href":"https:\/\/meferi.com\/pl\/wp-json\/wp\/v2\/product_tag?post=4047"}],"curies":[{"name":"wp","href":"https:\/\/api.w.org\/{rel}","templated":true}]}}