{"id":3896,"date":"2025-08-14T17:03:48","date_gmt":"2025-08-14T14:03:48","guid":{"rendered":"https:\/\/meferi.pontima.ru\/?post_type=product&#038;p=3896"},"modified":"2026-03-10T09:53:41","modified_gmt":"2026-03-10T08:53:41","slug":"me40k","status":"publish","type":"product","link":"https:\/\/meferi.com\/pl\/products\/mobile-computers\/handheld-pc\/me40k\/","title":{"rendered":"Komputer przeno\u015bny ME40K"},"content":{"rendered":"<div class=\"wpb-content-wrapper\"><div class=\"vc_row wpb_row row top-row gradient-container-1 wpb_custom_034b39d9bc6c6b310d69e39f0ccf274f\"><div class=\"gradient-column-1 vc_column_container col-md-12\"><div class=\"wpb_wrapper vc_column-inner\">\r\n\t<div class=\"wpb_text_column wpb_content_element wpb_custom_7c91d232724f73626cc933bd95b25ff0\" >\r\n\t\t<div class=\"wpb_wrapper\">\r\n\t\t\t\r\n\t\t<\/div>\r\n\t<\/div>\r\n<\/div><\/div><\/div><div class=\"vc_row wpb_row row top-row gradient-container-2 rounded-section vc_custom_1755164630071 no-padding vc_row-has-fill wpb_custom_034b39d9bc6c6b310d69e39f0ccf274f\"><div class=\"gradient-column-2 vc_column_container col-md-12\"><div class=\"wpb_wrapper vc_column-inner\">\r\n\t<div class=\"wpb_text_column wpb_content_element vc_custom_1755180141176 wpb_custom_7c91d232724f73626cc933bd95b25ff0\" >\r\n\t\t<div class=\"wpb_wrapper\">\r\n\t\t\t<h2 class=\"good_tips\">Wytrzyma\u0142o\u015b\u0107 spotyka si\u0119 z technologicznym geniuszem<\/h2>\n<div class=\"good_des\" data-v-59e00dce=\"\">Stopie\u0144 ochrony IP67 i solidna obudowa sprostaj\u0105 wyzwaniom. Zaawansowane skanowanie i obs\u0142uga klawiatury Pro. Android AER i GMS gwarantuj\u0105 d\u0142ugowieczno\u015b\u0107. Bateria 5180 mAh zapewnia 20 godzin pracy. P\u0142ynne Wi-Fi i roaming zapewniaj\u0105 \u0142\u0105czno\u015b\u0107. Do\u015bwiadcz mobilno\u015bci w przedsi\u0119biorstwie.<\/div>\n\r\n\t\t<\/div>\r\n\t<\/div>\r\n<div class=\"vc_empty_space\"   style=\"height: 22px\"><span class=\"vc_empty_space_inner\"><\/span><\/div><div class=\"vc_btn3-container vc_btn3-inline vc_custom_1755159836239 vc_do_btn\" >\r\n\t<a class=\"vc_general vc_btn3 vc_btn3-size-lg vc_btn3-shape-round vc_btn3-style-classic btn-hover-text-effect hover-text-switch-left wpb_custom_feb90eca13f0b50ed1f6f904a3d0e275 vc_btn3-icon-left hover-icon-zoom vc_btn3-color-black btn\" style=\"padding-left:22px; padding-right:22px;\" href=\"https:\/\/meferi.com\/pl\/contact-meferi\/contact-sales\/\" title=\"kontakt-MEFERI\" target=\"_blank\"><i class=\"vc_btn3-icon fas fa-globe-americas\"><\/i> <span class=\"btn-text\" data-text=\"Get best price\">Uzyskaj najlepsz\u0105 cen\u0119<\/span><\/a>\t<\/div>\r\n<div class=\"vc_btn3-container vc_btn3-inline vc_do_btn\" >\r\n\t<a class=\"vc_btn3 vc_btn3-shape-round wpb_custom_0160309ab4e666fb3cb18fdd1b6dab1a vc_btn3-icon-left hover-icon-zoom btn btn-borders btn-lg btn-dark\" style=\"padding-left:22px; padding-right:22px;\" href=\"https:\/\/portal.meferi.com\/login\" title=\"kontakt-MEFERI\" target=\"_blank\"><i class=\"vc_btn3-icon fas fa-braille\"><\/i> \u017b\u0105danie specyfikacji<\/a>\t<\/div>\r\n<div class=\"vc_empty_space\"   style=\"height: 22px\"><span class=\"vc_empty_space_inner\"><\/span><\/div><\/div><\/div><\/div><div class=\"vc_row wpb_row row top-row gradient-container-4 vc_custom_1755164713629 wpb_custom_034b39d9bc6c6b310d69e39f0ccf274f\"><div class=\"gradient-column-3 vc_column_container col-md-12\"><div class=\"wpb_wrapper vc_column-inner\"><div id=\"ultv-7122\" class=\"ult-dual-color ult-adjust-bottom-margin ult-dual-color-responsive-none ultv-7122   vc_custom_1755180080594\"><div class=\"ult-module-content ult-dual-color-heading\" style=\"text-align:left;\">\n\t\t\t\t\t\t<h3><span class=\"ult-before-heading\">\n\t\t\t\t\t\t<span class=\"ult-dual-heading-text ult-first-text ult-responsive\"  data-ultimate-target='.ult-dual-color.ultv-7122 .ult-dual-heading-text'  data-responsive-json-new='{\"font-size\":\"desktop:40px;\",\"line-height\":\"desktop:48px;\"}'  style=\"color:var(--porto-quaternary-color);     border:none; font-weight:normal;\">Cechy<\/span>\n\t\t\t\t\t<\/span><span class=\"ult-adv-heading\" style=\"\">\n\t\t\t\t\t\t<span class=\"ult-dual-adv-heading-text ult-highlight-text ult-responsive\"  data-ultimate-target='.ult-dual-color.ultv-7122 .ult-highlight-text'  data-responsive-json-new='{\"font-size\":\"desktop:40px;\",\"line-height\":\"desktop:48px;\"}'  style=\"color:#d00341;    padding:7px; border:none; font-weight:normal;\">ME40K<\/span>\n\t\t\t\t\t<\/span><\/h3> <\/div><\/div><\/div><\/div><\/div><div class=\"vc_row wpb_row row top-row gradient-container-5 vc_column-gap-25 vc_row-o-content-middle vc_row-flex wpb_custom_034b39d9bc6c6b310d69e39f0ccf274f\"><div class=\"gradient-column-4 vc_column_container col-md-6\"><div class=\"wpb_wrapper vc_column-inner\"><div class=\"porto-ultimate-content-box-container my-rounded-box\"><style>.porto_ucb_bd0f4babf7c24dafca3fc6bc2d95b490:hover{box-shadow:3px 3px 3px 3px #eef4fc}<\/style><div class=\"porto-ultimate-content-box porto_ucb_bd0f4babf7c24dafca3fc6bc2d95b490\" style=\"background-color:rgba(238,244,252,0);border:1px solid var(--porto-tertiary-color);min-height:222px;\" data-bg=\"rgba(238,244,252,0)\"><div class=\"porto-sicon-box  vc_custom_1755181008687  wpb_custom_76144dda40c74981b50ea38a702f0b59 style_2 left-icon\"><div class=\"porto-sicon-left\"><div class=\"porto-just-icon-wrapper porto-sicon-img  porto-icon-9f5d1cfb45d27d96b50bf473aebba227\" style=\"font-size: 200px;\" data-appear-animation=\"bounce\"><img loading=\"lazy\" decoding=\"async\" class=\"img-icon\" alt=\"\" src=\"https:\/\/meferi.com\/wp-content\/uploads\/2025\/08\/fot1-2.png\" width=\"360\" height=\"360\" \/><\/div><\/div><div class=\"porto-sicon-body\"><div class=\"porto-sicon-header\"><h2 class=\"porto-sicon-title\" style=\"margin-top:44px;\">Wzmocniona ochrona Rugged<\/h2><\/div> <!-- header --><div class=\"porto-sicon-description\" style=\"\">ME40K z opcjonaln\u0105, wytrzyma\u0142\u0105 gumow\u0105 os\u0142on\u0105 staje si\u0119 niemal niezniszczalny (certyfikat MIL-STD-810G). Stopie\u0144 ochrony IP67 chroni przed zanurzeniem w py\u0142\/wod\u0119 do g\u0142\u0119boko\u015bci 1 m przez 30 minut.<\/div> <!-- description --><\/div><\/div><!-- porto-sicon-box --><\/div><\/div><\/div><\/div><div class=\"gradient-column-5 vc_column_container col-md-6\"><div class=\"wpb_wrapper vc_column-inner\"><div class=\"porto-ultimate-content-box-container my-rounded-box\"><style>.porto_ucb_bd0f4babf7c24dafca3fc6bc2d95b490:hover{box-shadow:3px 3px 3px 3px #eef4fc}<\/style><div class=\"porto-ultimate-content-box porto_ucb_bd0f4babf7c24dafca3fc6bc2d95b490\" style=\"background-color:rgba(238,244,252,0);border:1px solid var(--porto-tertiary-color);min-height:222px;\" data-bg=\"rgba(238,244,252,0)\"><div class=\"porto-sicon-box  vc_custom_1755181129506  wpb_custom_76144dda40c74981b50ea38a702f0b59 style_2 left-icon\"><div class=\"porto-sicon-left\"><div class=\"porto-just-icon-wrapper porto-sicon-img  porto-icon-9f5d1cfb45d27d96b50bf473aebba227\" style=\"font-size: 200px;\" data-appear-animation=\"bounce\"><img loading=\"lazy\" decoding=\"async\" class=\"img-icon\" alt=\"\" src=\"https:\/\/meferi.com\/wp-content\/uploads\/2025\/08\/1-2.png\" width=\"360\" height=\"360\" \/><\/div><\/div><div class=\"porto-sicon-body\"><div class=\"porto-sicon-header\"><h2 class=\"porto-sicon-title\" style=\"margin-top:44px;\">Jasny i wyra\u017any wy\u015bwietlacz<\/h2><\/div> <!-- header --><div class=\"porto-sicon-description\" style=\"\">4-calowy ekran WVGA (800\u00d7480) z panelem LuxiBright\u2122 o jasno\u015bci 450 nit\u00f3w. K\u0105t widzenia 178\u00b0 i czytelno\u015b\u0107 w \u015bwietle s\u0142onecznym nawet przy nat\u0119\u017ceniu o\u015bwietlenia otoczenia wynosz\u0105cym 100 000 luks\u00f3w.<\/div> <!-- description --><\/div><\/div><!-- porto-sicon-box --><\/div><\/div><\/div><\/div><\/div><div class=\"vc_row wpb_row row top-row gradient-container-6 vc_column-gap-25 vc_row-o-content-middle vc_row-flex wpb_custom_034b39d9bc6c6b310d69e39f0ccf274f\"><div class=\"gradient-column-6 vc_column_container col-md-6\"><div class=\"wpb_wrapper vc_column-inner\"><div class=\"porto-ultimate-content-box-container my-rounded-box\"><style>.porto_ucb_bd0f4babf7c24dafca3fc6bc2d95b490:hover{box-shadow:3px 3px 3px 3px #eef4fc}<\/style><div class=\"porto-ultimate-content-box porto_ucb_bd0f4babf7c24dafca3fc6bc2d95b490\" style=\"background-color:rgba(238,244,252,0);border:1px solid var(--porto-tertiary-color);min-height:222px;\" data-bg=\"rgba(238,244,252,0)\"><div class=\"porto-sicon-box  vc_custom_1755181181590  wpb_custom_a3692183c0d38afe636ccfbf0abec338 style_2 left-icon\"><div class=\"porto-sicon-left\"><div class=\"porto-just-icon-wrapper porto-sicon-img  porto-icon-9f5d1cfb45d27d96b50bf473aebba227\" style=\"font-size: 200px;\" data-appear-animation=\"bounce\"><img loading=\"lazy\" decoding=\"async\" class=\"img-icon\" alt=\"\" src=\"https:\/\/meferi.com\/wp-content\/uploads\/2025\/08\/4-1-1.png\" width=\"360\" height=\"360\" \/><\/div><\/div><div class=\"porto-sicon-body\"><div class=\"porto-sicon-header\"><h2 class=\"porto-sicon-title\" style=\"margin-top:44px;\">Ca\u0142odzienne zarz\u0105dzanie energi\u0105<\/h2><\/div> <!-- header --><div class=\"porto-sicon-description\" style=\"\">Akumulator o pojemno\u015bci 5180 mAh zapewnia ponad 20 godzin pracy. Technologia EnergyBooster+ wyd\u0142u\u017ca \u017cywotno\u015b\u0107 akumulatora o 151 mAh, a funkcja Hot Swap Battery umo\u017cliwia zmian\u0119 \u017ar\u00f3d\u0142a zasilania w mniej ni\u017c 2 sekundy.<\/div> <!-- description --><\/div><\/div><!-- porto-sicon-box --><\/div><\/div><\/div><\/div><div class=\"gradient-column-7 vc_column_container col-md-6\"><div class=\"wpb_wrapper vc_column-inner\"><div class=\"porto-ultimate-content-box-container my-rounded-box\"><style>.porto_ucb_bd0f4babf7c24dafca3fc6bc2d95b490:hover{box-shadow:3px 3px 3px 3px #eef4fc}<\/style><div class=\"porto-ultimate-content-box porto_ucb_bd0f4babf7c24dafca3fc6bc2d95b490\" style=\"background-color:rgba(238,244,252,0);border:1px solid var(--porto-tertiary-color);min-height:222px;\" data-bg=\"rgba(238,244,252,0)\"><div class=\"porto-sicon-box  vc_custom_1755181213917  wpb_custom_a3692183c0d38afe636ccfbf0abec338 style_2 left-icon\"><div class=\"porto-sicon-left\"><div class=\"porto-just-icon-wrapper porto-sicon-img  porto-icon-9f5d1cfb45d27d96b50bf473aebba227\" style=\"font-size: 200px;\" data-appear-animation=\"bounce\"><img loading=\"lazy\" decoding=\"async\" class=\"img-icon\" alt=\"\" src=\"https:\/\/meferi.com\/wp-content\/uploads\/2025\/08\/fot4-2-1.png\" width=\"360\" height=\"360\" \/><\/div><\/div><div class=\"porto-sicon-body\"><div class=\"porto-sicon-header\"><h2 class=\"porto-sicon-title\" style=\"margin-top:44px;\">\u0141\u0105czno\u015b\u0107 bez granic<\/h2><\/div> <!-- header --><div class=\"porto-sicon-description\" style=\"\">Dwie karty nano-SIM + eSIM z globalnymi pasmami LTE (B1\/B3\/B5\/B7\/B8\/B20\/B28). Bluetooth 5.1 zapewnia czterokrotnie wi\u0119kszy zasi\u0119g ni\u017c BT4.2.<\/div> <!-- description --><\/div><\/div><!-- porto-sicon-box --><\/div><\/div><\/div><\/div><\/div><div class=\"vc_row wpb_row row top-row gradient-container-7 vc_column-gap-25 vc_row-o-content-middle vc_row-flex wpb_custom_034b39d9bc6c6b310d69e39f0ccf274f\"><div class=\"gradient-column-8 vc_column_container col-md-6\"><div class=\"wpb_wrapper vc_column-inner\"><div class=\"porto-ultimate-content-box-container my-rounded-box\"><style>.porto_ucb_bd0f4babf7c24dafca3fc6bc2d95b490:hover{box-shadow:3px 3px 3px 3px #eef4fc}<\/style><div class=\"porto-ultimate-content-box porto_ucb_bd0f4babf7c24dafca3fc6bc2d95b490\" style=\"background-color:rgba(238,244,252,0);border:1px solid var(--porto-tertiary-color);min-height:222px;\" data-bg=\"rgba(238,244,252,0)\"><div class=\"porto-sicon-box  vc_custom_1755181246650  wpb_custom_76144dda40c74981b50ea38a702f0b59 style_2 left-icon\"><div class=\"porto-sicon-left\"><div class=\"porto-just-icon-wrapper porto-sicon-img  porto-icon-9f5d1cfb45d27d96b50bf473aebba227\" style=\"font-size: 200px;\" data-appear-animation=\"bounce\"><img loading=\"lazy\" decoding=\"async\" class=\"img-icon\" alt=\"\" src=\"https:\/\/meferi.com\/wp-content\/uploads\/2025\/08\/fot5.png\" width=\"360\" height=\"360\" \/><\/div><\/div><div class=\"porto-sicon-body\"><div class=\"porto-sicon-header\"><h2 class=\"porto-sicon-title\" style=\"margin-top:44px;\">Inteligentny roaming Wi-Fi<\/h2><\/div> <!-- header --><div class=\"porto-sicon-description\" style=\"\">Dwuzakresowy standard 802.11 a\/b\/g\/n\/ac (2,4 GHz\/5 GHz) z czasem prze\u0142\u0105czania punktu dost\u0119powego &lt;50 ms. Obs\u0142uguje WPA3-Enterprise, zapewniaj\u0105c bezpieczn\u0105 i nieprzerwan\u0105 \u0142\u0105czno\u015b\u0107 w du\u017cych obiektach.<\/div> <!-- description --><\/div><\/div><!-- porto-sicon-box --><\/div><\/div><\/div><\/div><div class=\"gradient-column-9 vc_column_container col-md-6\"><div class=\"wpb_wrapper vc_column-inner\"><div class=\"porto-ultimate-content-box-container my-rounded-box\"><style>.porto_ucb_bd0f4babf7c24dafca3fc6bc2d95b490:hover{box-shadow:3px 3px 3px 3px #eef4fc}<\/style><div class=\"porto-ultimate-content-box porto_ucb_bd0f4babf7c24dafca3fc6bc2d95b490\" style=\"background-color:rgba(238,244,252,0);border:1px solid var(--porto-tertiary-color);min-height:222px;\" data-bg=\"rgba(238,244,252,0)\"><div class=\"porto-sicon-box  vc_custom_1755181262838  wpb_custom_76144dda40c74981b50ea38a702f0b59 style_2 left-icon\"><div class=\"porto-sicon-left\"><div class=\"porto-just-icon-wrapper porto-sicon-img  porto-icon-9f5d1cfb45d27d96b50bf473aebba227\" style=\"font-size: 200px;\" data-appear-animation=\"bounce\"><img loading=\"lazy\" decoding=\"async\" class=\"img-icon\" alt=\"\" src=\"https:\/\/meferi.com\/wp-content\/uploads\/2025\/08\/9-1-1.png\" width=\"360\" height=\"360\" \/><\/div><\/div><div class=\"porto-sicon-body\"><div class=\"porto-sicon-header\"><h2 class=\"porto-sicon-title\" style=\"margin-top:44px;\">Certyfikat GMS i AER<\/h2><\/div> <!-- header --><div class=\"porto-sicon-description\" style=\"\">Zalecany system Android Enterprise z 5-letnimi aktualizacjami zabezpiecze\u0144. Obejmuje Google Play Protect i FOTA dla bezproblemowego wdro\u017cenia w przedsi\u0119biorstwie.<\/div> <!-- description --><\/div><\/div><!-- porto-sicon-box --><\/div><\/div><\/div><\/div><\/div><div class=\"vc_row wpb_row row top-row gradient-container-8 vc_column-gap-25 vc_row-o-content-middle vc_row-flex wpb_custom_034b39d9bc6c6b310d69e39f0ccf274f\"><div class=\"gradient-column-10 vc_column_container col-md-6\"><div class=\"wpb_wrapper vc_column-inner\"><div class=\"porto-ultimate-content-box-container my-rounded-box\"><style>.porto_ucb_bd0f4babf7c24dafca3fc6bc2d95b490:hover{box-shadow:3px 3px 3px 3px #eef4fc}<\/style><div class=\"porto-ultimate-content-box porto_ucb_bd0f4babf7c24dafca3fc6bc2d95b490\" style=\"background-color:rgba(238,244,252,0);border:1px solid var(--porto-tertiary-color);min-height:222px;\" data-bg=\"rgba(238,244,252,0)\"><div class=\"porto-sicon-box  vc_custom_1755181307074  wpb_custom_a3692183c0d38afe636ccfbf0abec338 style_2 left-icon\"><div class=\"porto-sicon-left\"><div class=\"porto-just-icon-wrapper porto-sicon-img  porto-icon-9f5d1cfb45d27d96b50bf473aebba227\" style=\"font-size: 200px;\" data-appear-animation=\"bounce\"><img loading=\"lazy\" decoding=\"async\" class=\"img-icon\" alt=\"\" src=\"https:\/\/meferi.com\/wp-content\/uploads\/2025\/08\/2-1.png\" width=\"360\" height=\"360\" \/><\/div><\/div><div class=\"porto-sicon-body\"><div class=\"porto-sicon-header\"><h2 class=\"porto-sicon-title\" style=\"margin-top:44px;\">Osza\u0142amiaj\u0105ca wydajno\u015b\u0107 urz\u0105dzenia<\/h2><\/div> <!-- header --><div class=\"porto-sicon-description\" style=\"\">Procesor Qualcomm SD662 (8x Cortex-A73 @2.0GHz) + procesor graficzny Adreno 610 + 4GB pami\u0119ci RAM LPDDR4X obs\u0142uguje ponad 15 jednoczesnych aplikacji bez op\u00f3\u017anie\u0144.<\/div> <!-- description --><\/div><\/div><!-- porto-sicon-box --><\/div><\/div><\/div><\/div><div class=\"gradient-column-11 vc_column_container col-md-6\"><div class=\"wpb_wrapper vc_column-inner\"><div class=\"porto-ultimate-content-box-container my-rounded-box\"><style>.porto_ucb_bd0f4babf7c24dafca3fc6bc2d95b490:hover{box-shadow:3px 3px 3px 3px #eef4fc}<\/style><div class=\"porto-ultimate-content-box porto_ucb_bd0f4babf7c24dafca3fc6bc2d95b490\" style=\"background-color:rgba(238,244,252,0);border:1px solid var(--porto-tertiary-color);min-height:222px;\" data-bg=\"rgba(238,244,252,0)\"><div class=\"porto-sicon-box  vc_custom_1755181322810  wpb_custom_a3692183c0d38afe636ccfbf0abec338 style_2 left-icon\"><div class=\"porto-sicon-left\"><div class=\"porto-just-icon-wrapper porto-sicon-img  porto-icon-9f5d1cfb45d27d96b50bf473aebba227\" style=\"font-size: 200px;\" data-appear-animation=\"bounce\"><img loading=\"lazy\" decoding=\"async\" class=\"img-icon\" alt=\"\" src=\"https:\/\/meferi.com\/wp-content\/uploads\/2025\/08\/fot6-2.png\" width=\"360\" height=\"360\" \/><\/div><\/div><div class=\"porto-sicon-body\"><div class=\"porto-sicon-header\"><h2 class=\"porto-sicon-title\" style=\"margin-top:44px;\">Najwy\u017cszej klasy bezpiecze\u0144stwo danych<\/h2><\/div> <!-- header --><div class=\"porto-sicon-description\" style=\"\">Android 12 z egzekwowaniem SELinux, weryfikacj\u0105 rozruchu i sprz\u0119towym magazynem kluczy. TEE chroni dane biometryczne\/p\u0142atno\u015bciowe.<\/div> <!-- description --><\/div><\/div><!-- porto-sicon-box --><\/div><\/div><\/div><\/div><\/div><div class=\"vc_row wpb_row row top-row gradient-container-9 vc_column-gap-25 vc_row-o-content-middle vc_row-flex wpb_custom_034b39d9bc6c6b310d69e39f0ccf274f\"><div class=\"gradient-column-12 vc_column_container col-md-6\"><div class=\"wpb_wrapper vc_column-inner\"><div class=\"porto-ultimate-content-box-container my-rounded-box\"><style>.porto_ucb_bd0f4babf7c24dafca3fc6bc2d95b490:hover{box-shadow:3px 3px 3px 3px #eef4fc}<\/style><div class=\"porto-ultimate-content-box porto_ucb_bd0f4babf7c24dafca3fc6bc2d95b490\" style=\"background-color:rgba(238,244,252,0);border:1px solid var(--porto-tertiary-color);min-height:222px;\" data-bg=\"rgba(238,244,252,0)\"><div class=\"porto-sicon-box  vc_custom_1755181347133  wpb_custom_a3692183c0d38afe636ccfbf0abec338 style_2 left-icon\"><div class=\"porto-sicon-left\"><div class=\"porto-just-icon-wrapper porto-sicon-img  porto-icon-9f5d1cfb45d27d96b50bf473aebba227\" style=\"font-size: 200px;\" data-appear-animation=\"bounce\"><img loading=\"lazy\" decoding=\"async\" class=\"img-icon\" alt=\"\" src=\"https:\/\/meferi.com\/wp-content\/uploads\/2025\/08\/fot11-1.png\" width=\"360\" height=\"360\" \/><\/div><\/div><div class=\"porto-sicon-body\"><div class=\"porto-sicon-header\"><h2 class=\"porto-sicon-title\" style=\"margin-top:44px;\">Precyzyjna technologia geolokalizacji<\/h2><\/div> <!-- header --><div class=\"porto-sicon-description\" style=\"\">5-systemowy GNSS (GPS\/GLONASS\/Galileo\/BeiDou\/QZSS) z dok\u0142adno\u015bci\u0105 &lt;2 m w pomieszczeniach dzi\u0119ki po\u0142\u0105czeniu czujnik\u00f3w. Idealny do nawigacji w magazynach.<\/div> <!-- description --><\/div><\/div><!-- porto-sicon-box --><\/div><\/div><\/div><\/div><div class=\"gradient-column-13 vc_column_container col-md-6\"><div class=\"wpb_wrapper vc_column-inner\"><div class=\"porto-ultimate-content-box-container my-rounded-box\"><style>.porto_ucb_bd0f4babf7c24dafca3fc6bc2d95b490:hover{box-shadow:3px 3px 3px 3px #eef4fc}<\/style><div class=\"porto-ultimate-content-box porto_ucb_bd0f4babf7c24dafca3fc6bc2d95b490\" style=\"background-color:rgba(238,244,252,0);border:1px solid var(--porto-tertiary-color);min-height:222px;\" data-bg=\"rgba(238,244,252,0)\"><div class=\"porto-sicon-box  vc_custom_1773132814538  wpb_custom_76144dda40c74981b50ea38a702f0b59 style_2 left-icon\"><div class=\"porto-sicon-left\"><div class=\"porto-just-icon-wrapper porto-sicon-img  porto-icon-9f5d1cfb45d27d96b50bf473aebba227\" style=\"font-size: 200px;\" data-appear-animation=\"bounce\"><img loading=\"lazy\" decoding=\"async\" class=\"img-icon\" alt=\"\" src=\"https:\/\/meferi.com\/wp-content\/uploads\/2025\/05\/fot9.png\" width=\"360\" height=\"360\" \/><\/div><\/div><div class=\"porto-sicon-body\"><div class=\"porto-sicon-header\"><h2 class=\"porto-sicon-title\" style=\"margin-top:44px;\">Dostosowane modu\u0142y skanowania<\/h2><\/div> <!-- header --><div class=\"porto-sicon-description\" style=\"\">Choose from SE4770 (1D\/2D @ 2.1M scans\/sec), Honeywell HS7 (1.5m range), or MEFERI SE5070 (omnidirectional) for any barcode scenario.<\/div> <!-- description --><\/div><\/div><!-- porto-sicon-box --><\/div><\/div><\/div><\/div><\/div><div class=\"vc_row wpb_row row top-row gradient-container-10 vc_column-gap-25 vc_row-o-content-middle vc_row-flex wpb_custom_034b39d9bc6c6b310d69e39f0ccf274f\"><div class=\"gradient-column-14 vc_column_container col-md-6\"><div class=\"wpb_wrapper vc_column-inner\"><div class=\"porto-ultimate-content-box-container my-rounded-box\"><style>.porto_ucb_bd0f4babf7c24dafca3fc6bc2d95b490:hover{box-shadow:3px 3px 3px 3px #eef4fc}<\/style><div class=\"porto-ultimate-content-box porto_ucb_bd0f4babf7c24dafca3fc6bc2d95b490\" style=\"background-color:rgba(238,244,252,0);border:1px solid var(--porto-tertiary-color);min-height:222px;\" data-bg=\"rgba(238,244,252,0)\"><div class=\"porto-sicon-box  vc_custom_1755162104504  wpb_custom_a3692183c0d38afe636ccfbf0abec338 style_2 left-icon\"><div class=\"porto-sicon-left\"><div class=\"porto-just-icon-wrapper porto-sicon-img  porto-icon-9f5d1cfb45d27d96b50bf473aebba227\" style=\"font-size: 200px;\" data-appear-animation=\"bounce\"><img loading=\"lazy\" decoding=\"async\" class=\"img-icon\" alt=\"\" src=\"https:\/\/meferi.com\/wp-content\/uploads\/2025\/05\/fot14.85eb4d85.png\" width=\"360\" height=\"360\" \/><\/div><\/div><div class=\"porto-sicon-body\"><div class=\"porto-sicon-header\"><h2 class=\"porto-sicon-title\" style=\"margin-top:44px;\">Us\u0142ugi mobilne Google (GMS)<\/h2><\/div> <!-- header --><div class=\"porto-sicon-description\" style=\"\">Zintegrowana obs\u0142uga GMS umo\u017cliwia dost\u0119p do najwa\u017cniejszych aplikacji i us\u0142ug, co zwi\u0119ksza wydajno\u015b\u0107 operacyjn\u0105.<\/p>\n<p><\/div> <!-- description --><\/div><\/div><!-- porto-sicon-box --><\/div><\/div><\/div><\/div><div class=\"gradient-column-15 vc_column_container col-md-6\"><div class=\"wpb_wrapper vc_column-inner\"><div class=\"porto-ultimate-content-box-container my-rounded-box\"><style>.porto_ucb_bd0f4babf7c24dafca3fc6bc2d95b490:hover{box-shadow:3px 3px 3px 3px #eef4fc}<\/style><div class=\"porto-ultimate-content-box porto_ucb_bd0f4babf7c24dafca3fc6bc2d95b490\" style=\"background-color:rgba(238,244,252,0);border:1px solid var(--porto-tertiary-color);min-height:222px;\" data-bg=\"rgba(238,244,252,0)\"><div class=\"porto-sicon-box  vc_custom_1755181445946  wpb_custom_a3692183c0d38afe636ccfbf0abec338 style_2 left-icon\"><div class=\"porto-sicon-left\"><div class=\"porto-just-icon-wrapper porto-sicon-img  porto-icon-9f5d1cfb45d27d96b50bf473aebba227\" style=\"font-size: 200px;\" data-appear-animation=\"bounce\"><img loading=\"lazy\" decoding=\"async\" class=\"img-icon\" alt=\"\" src=\"https:\/\/meferi.com\/wp-content\/uploads\/2025\/08\/4-1-1.png\" width=\"360\" height=\"360\" \/><\/div><\/div><div class=\"porto-sicon-body\"><div class=\"porto-sicon-header\"><h2 class=\"porto-sicon-title\" style=\"margin-top:44px;\">Doskona\u0142a moc wymiany na gor\u0105co<\/h2><\/div> <!-- header --><div class=\"porto-sicon-description\" style=\"\">Mo\u017cliwo\u015b\u0107 wymiany baterii na gor\u0105co i szybka wymiana baterii umo\u017cliwiaj\u0105 ci\u0105g\u0142\u0105 prac\u0119 bez przerw.<\/div> <!-- description --><\/div><\/div><!-- porto-sicon-box --><\/div><\/div><\/div><\/div><\/div>\n<\/div>","protected":false},"excerpt":{"rendered":"<h4 class=\"good_tips\"><span style=\"font-size: 20px;\">Niezwykle wydajna wydajno\u015b\u0107 przechwytywania danych na poziomie przedsi\u0119biorstwa<\/span><\/h4>\n<p>ME40K to wytrzyma\u0142y komputer mobilny klasy korporacyjnej, oferuj\u0105cy doskona\u0142\u0105 wydajno\u015b\u0107 dzi\u0119ki systemowi Android 12 AER i GMS, wydajnemu procesorowi Qualcomm, zaawansowanym funkcjom \u0142\u0105czno\u015bci bezprzewodowej, w tym 4G LTE i Wi-Fi z p\u0142ynnym roamingiem. Wyposa\u017cony jest w inteligentne modu\u0142y skanowania kod\u00f3w kreskowych oraz bateri\u0119 o du\u017cej pojemno\u015bci 5180 mAh z technologi\u0105 EnergyBooster+, zapewniaj\u0105c\u0105 d\u0142ugi czas pracy do 20 godzin bez \u0142adowania. Wykonany w technologii Rugged Design, posiada stopie\u0144 ochrony IP67. Dzi\u0119ki szerokiej gamie akcesori\u00f3w i konfigurowalnej klawiaturze, ME40K oferuje elastyczno\u015b\u0107, trwa\u0142o\u015b\u0107 i najwy\u017csz\u0105 wydajno\u015b\u0107 przechwytywania danych, dostosowan\u0105 do potrzeb Twojej firmy.<\/p>\n<p><img decoding=\"async\" class=\"alignnone wp-image-13608\" src=\"https:\/\/meferi.com\/wp-content\/uploads\/2025\/11\/AER.svg\" alt=\"\" width=\"77\" \/> \u00a0<img decoding=\"async\" class=\"alignnone wp-image-13610\" src=\"https:\/\/meferi.com\/wp-content\/uploads\/2025\/11\/GMS.svg\" alt=\"\" width=\"55\" \/>\u00a0 <img decoding=\"async\" class=\"alignnone wp-image-13606\" src=\"https:\/\/meferi.com\/wp-content\/uploads\/2025\/11\/4G-LTE.svg\" alt=\"\" width=\"36\" \/>\u00a0 \u00a0<img decoding=\"async\" class=\"alignnone wp-image-13605\" src=\"https:\/\/meferi.com\/wp-content\/uploads\/2025\/11\/WIFI.svg\" alt=\"\" width=\"44\" \/>\u00a0 <img decoding=\"async\" class=\"alignnone wp-image-13613\" src=\"https:\/\/meferi.com\/wp-content\/uploads\/2025\/11\/NFC.svg\" alt=\"\" width=\"44\" \/> \u00a0<img decoding=\"async\" class=\"alignnone wp-image-13603\" src=\"https:\/\/meferi.com\/wp-content\/uploads\/2025\/11\/BT.svg\" alt=\"\" width=\"99\" \/>\u00a0 <img decoding=\"async\" class=\"alignnone wp-image-13615\" src=\"https:\/\/meferi.com\/wp-content\/uploads\/2025\/11\/Scan-the-QR-code.svg\" alt=\"\" width=\"36\" \/> <img loading=\"lazy\" decoding=\"async\" class=\"alignnone wp-image-13617\" src=\"https:\/\/meferi.com\/wp-content\/uploads\/2025\/08\/soti.png\" alt=\"\" width=\"66\" height=\"32\" \/><\/p>","protected":false},"featured_media":3900,"template":"","meta":{"_acf_changed":false},"product_brand":[],"product_cat":[39,68],"product_tag":[],"class_list":{"0":"post-3896","1":"product","2":"type-product","3":"status-publish","4":"has-post-thumbnail","6":"product_cat-handheld-pc","7":"product_cat-mobile-computers","9":"first","10":"instock","11":"featured","12":"shipping-taxable","13":"product-type-simple"},"acf":[],"_links":{"self":[{"href":"https:\/\/meferi.com\/pl\/wp-json\/wp\/v2\/product\/3896","targetHints":{"allow":["GET"]}}],"collection":[{"href":"https:\/\/meferi.com\/pl\/wp-json\/wp\/v2\/product"}],"about":[{"href":"https:\/\/meferi.com\/pl\/wp-json\/wp\/v2\/types\/product"}],"wp:featuredmedia":[{"embeddable":true,"href":"https:\/\/meferi.com\/pl\/wp-json\/wp\/v2\/media\/3900"}],"wp:attachment":[{"href":"https:\/\/meferi.com\/pl\/wp-json\/wp\/v2\/media?parent=3896"}],"wp:term":[{"taxonomy":"product_brand","embeddable":true,"href":"https:\/\/meferi.com\/pl\/wp-json\/wp\/v2\/product_brand?post=3896"},{"taxonomy":"product_cat","embeddable":true,"href":"https:\/\/meferi.com\/pl\/wp-json\/wp\/v2\/product_cat?post=3896"},{"taxonomy":"product_tag","embeddable":true,"href":"https:\/\/meferi.com\/pl\/wp-json\/wp\/v2\/product_tag?post=3896"}],"curies":[{"name":"wp","href":"https:\/\/api.w.org\/{rel}","templated":true}]}}