{"id":367,"date":"2025-05-30T12:07:56","date_gmt":"2025-05-30T09:07:56","guid":{"rendered":"https:\/\/wp.meferi.com\/?post_type=product&#038;p=367"},"modified":"2026-05-08T07:44:52","modified_gmt":"2026-05-08T05:44:52","slug":"me10-wearable-computer","status":"publish","type":"product","link":"https:\/\/meferi.com\/pl\/products\/mobile-computers\/wearable-computers\/me10-wearable-computer\/","title":{"rendered":"Komputer do noszenia ME10"},"content":{"rendered":"<div class=\"wpb-content-wrapper\"><div class=\"vc_row wpb_row row top-row gradient-container-1 rounded-section vc_custom_1755164630071 no-padding vc_row-has-fill wpb_custom_034b39d9bc6c6b310d69e39f0ccf274f\"><div class=\"gradient-column-1 vc_column_container col-md-12\"><div class=\"wpb_wrapper vc_column-inner\">\r\n\t<div class=\"wpb_text_column wpb_content_element vc_custom_1755172574601 wpb_custom_7c91d232724f73626cc933bd95b25ff0\" >\r\n\t\t<div class=\"wpb_wrapper\">\r\n\t\t\t<h2 class=\"good_tips\">Precyzyjna technologia noszona dla nowoczesnego przemys\u0142u<\/h2>\n<div class=\"good_des\" data-v-59e00dce=\"\">Po\u0142\u0105czenie pot\u0119gi Qualcomma i finezji Samsunga dla niezr\u00f3wnanej szybko\u015bci. Ciesz si\u0119 Androidem 13, wzbogaconym o GMS, AER i zaawansowane zabezpieczenia. Rozwi\u0105zanie g\u0142o\u015bnom\u00f3wi\u0105ce z MS300R, parowaniem NFC i zaawansowanym przechwytywaniem. Wi-Fi 6 zapewnia szybkie po\u0142\u0105czenia, du\u017c\u0105 przepustowo\u015b\u0107 i niezawodny roaming. Podnie\u015b poziom ka\u017cdego zadania.<\/div>\n\r\n\t\t<\/div>\r\n\t<\/div>\r\n<div class=\"vc_empty_space\"   style=\"height: 22px\"><span class=\"vc_empty_space_inner\"><\/span><\/div><div class=\"vc_btn3-container vc_btn3-inline vc_custom_1755159836239 vc_do_btn\" >\r\n\t<a class=\"vc_general vc_btn3 vc_btn3-size-lg vc_btn3-shape-round vc_btn3-style-classic btn-hover-text-effect hover-text-switch-left wpb_custom_feb90eca13f0b50ed1f6f904a3d0e275 vc_btn3-icon-left hover-icon-zoom vc_btn3-color-black btn\" style=\"padding-left:22px; padding-right:22px;\" href=\"https:\/\/meferi.com\/pl\/contact-meferi\/contact-sales\/\" title=\"kontakt-MEFERI\" target=\"_blank\"><i class=\"vc_btn3-icon fas fa-globe-americas\"><\/i> <span class=\"btn-text\" data-text=\"Get best price\">Uzyskaj najlepsz\u0105 cen\u0119<\/span><\/a>\t<\/div>\r\n<div class=\"vc_btn3-container vc_btn3-inline vc_do_btn\" >\r\n\t<a class=\"vc_btn3 vc_btn3-shape-round wpb_custom_0160309ab4e666fb3cb18fdd1b6dab1a vc_btn3-icon-left hover-icon-zoom btn btn-borders btn-lg btn-dark\" style=\"padding-left:22px; padding-right:22px;\" href=\"https:\/\/portal.meferi.com\/login\" title=\"kontakt-MEFERI\" target=\"_blank\"><i class=\"vc_btn3-icon fas fa-braille\"><\/i> \u017b\u0105danie specyfikacji<\/a>\t<\/div>\r\n<div class=\"vc_empty_space\"   style=\"height: 22px\"><span class=\"vc_empty_space_inner\"><\/span><\/div><\/div><\/div><\/div><div class=\"vc_row wpb_row row top-row gradient-container-3 vc_custom_1755164713629 wpb_custom_034b39d9bc6c6b310d69e39f0ccf274f\"><div class=\"gradient-column-2 vc_column_container col-md-12\"><div class=\"wpb_wrapper vc_column-inner\"><div id=\"ultv-4482\" class=\"ult-dual-color ult-adjust-bottom-margin ult-dual-color-responsive-none ultv-4482   vc_custom_1778219085168\"><div class=\"ult-module-content ult-dual-color-heading\" style=\"text-align:left;\">\n\t\t\t\t\t\t<h3><span class=\"ult-before-heading\">\n\t\t\t\t\t\t<span class=\"ult-dual-heading-text ult-first-text ult-responsive\"  data-ultimate-target='.ult-dual-color.ultv-4482 .ult-dual-heading-text'  data-responsive-json-new='{\"font-size\":\"desktop:40px;\",\"line-height\":\"desktop:48px;\"}'  style=\"color:var(--porto-quaternary-color);     border:none; font-weight:normal;\">Cechy<\/span>\n\t\t\t\t\t<\/span><span class=\"ult-adv-heading\" style=\"\">\n\t\t\t\t\t\t<span class=\"ult-dual-adv-heading-text ult-highlight-text ult-responsive\"  data-ultimate-target='.ult-dual-color.ultv-4482 .ult-highlight-text'  data-responsive-json-new='{\"font-size\":\"desktop:40px;\",\"line-height\":\"desktop:48px;\"}'  style=\"color:#d00341;    padding:7px; border:none; font-weight:normal;\">ME10<\/span>\n\t\t\t\t\t<\/span><\/h3> <\/div><\/div><\/div><\/div><\/div><div class=\"vc_row wpb_row row top-row gradient-container-4 vc_column-gap-25 vc_row-o-content-middle vc_row-flex wpb_custom_034b39d9bc6c6b310d69e39f0ccf274f\"><div class=\"gradient-column-3 vc_column_container col-md-6\"><div class=\"wpb_wrapper vc_column-inner\"><div class=\"porto-ultimate-content-box-container my-rounded-box\"><style>.porto_ucb_bd0f4babf7c24dafca3fc6bc2d95b490:hover{box-shadow:3px 3px 3px 3px #eef4fc}<\/style><div class=\"porto-ultimate-content-box porto_ucb_bd0f4babf7c24dafca3fc6bc2d95b490\" style=\"background-color:rgba(238,244,252,0);border:1px solid var(--porto-tertiary-color);min-height:222px;\" data-bg=\"rgba(238,244,252,0)\"><div class=\"porto-sicon-box  vc_custom_1755173149139  wpb_custom_76144dda40c74981b50ea38a702f0b59 style_2 left-icon\"><div class=\"porto-sicon-left\"><div class=\"porto-just-icon-wrapper porto-sicon-img  porto-icon-9f5d1cfb45d27d96b50bf473aebba227\" style=\"font-size: 200px;\" data-appear-animation=\"bounce\"><img loading=\"lazy\" decoding=\"async\" class=\"img-icon\" alt=\"\" src=\"https:\/\/meferi.com\/wp-content\/uploads\/2025\/05\/fot1.ed157bc1.png\" width=\"360\" height=\"360\" \/><\/div><\/div><div class=\"porto-sicon-body\"><div class=\"porto-sicon-header\"><h2 class=\"porto-sicon-title\" style=\"margin-top:44px;\">Wydajny procesor i pami\u0119\u0107<\/h2><\/div> <!-- header --><div class=\"porto-sicon-description\" style=\"\">Procesor Qualcomm ME10 w po\u0142\u0105czeniu z zaawansowan\u0105 pami\u0119ci\u0105 RAM i flash firmy Samsung gwarantuj\u0105 szybk\u0105 i wydajn\u0105 prac\u0119 podczas wykonywania wszystkich zada\u0144.<\/div> <!-- description --><\/div><\/div><!-- porto-sicon-box --><\/div><\/div><\/div><\/div><div class=\"gradient-column-4 vc_column_container col-md-6\"><div class=\"wpb_wrapper vc_column-inner\"><div class=\"porto-ultimate-content-box-container my-rounded-box\"><style>.porto_ucb_bd0f4babf7c24dafca3fc6bc2d95b490:hover{box-shadow:3px 3px 3px 3px #eef4fc}<\/style><div class=\"porto-ultimate-content-box porto_ucb_bd0f4babf7c24dafca3fc6bc2d95b490\" style=\"background-color:rgba(238,244,252,0);border:1px solid var(--porto-tertiary-color);min-height:222px;\" data-bg=\"rgba(238,244,252,0)\"><div class=\"porto-sicon-box  vc_custom_1755173224503  wpb_custom_a3692183c0d38afe636ccfbf0abec338 style_2 left-icon\"><div class=\"porto-sicon-left\"><div class=\"porto-just-icon-wrapper porto-sicon-img  porto-icon-9f5d1cfb45d27d96b50bf473aebba227\" style=\"font-size: 200px;\" data-appear-animation=\"bounce\"><img loading=\"lazy\" decoding=\"async\" class=\"img-icon\" alt=\"\" src=\"https:\/\/meferi.com\/wp-content\/uploads\/2025\/05\/fot3.509b0f63.png\" width=\"360\" height=\"360\" \/><\/div><\/div><div class=\"porto-sicon-body\"><div class=\"porto-sicon-header\"><h2 class=\"porto-sicon-title\" style=\"margin-top:44px;\">Android 13: bezpieczny i wszechstronny<\/h2><\/div> <!-- header --><div class=\"porto-sicon-description\" style=\"\">ME10 dzia\u0142a pod kontrol\u0105 systemu Android 13, obs\u0142uguj\u0105cego standardy GMS i AER. Pakiet Google oferuje solidny ekosystem aplikacji i niezr\u00f3wnane bezpiecze\u0144stwo.<\/div> <!-- description --><\/div><\/div><!-- porto-sicon-box --><\/div><\/div><\/div><\/div><\/div><div class=\"vc_row wpb_row row top-row gradient-container-5 vc_column-gap-25 vc_row-o-content-middle vc_row-flex wpb_custom_034b39d9bc6c6b310d69e39f0ccf274f\"><div class=\"gradient-column-5 vc_column_container col-md-6\"><div class=\"wpb_wrapper vc_column-inner\"><div class=\"porto-ultimate-content-box-container my-rounded-box\"><style>.porto_ucb_bd0f4babf7c24dafca3fc6bc2d95b490:hover{box-shadow:3px 3px 3px 3px #eef4fc}<\/style><div class=\"porto-ultimate-content-box porto_ucb_bd0f4babf7c24dafca3fc6bc2d95b490\" style=\"background-color:rgba(238,244,252,0);border:1px solid var(--porto-tertiary-color);min-height:222px;\" data-bg=\"rgba(238,244,252,0)\"><div class=\"porto-sicon-box  vc_custom_1755173198771  wpb_custom_76144dda40c74981b50ea38a702f0b59 style_2 left-icon\"><div class=\"porto-sicon-left\"><div class=\"porto-just-icon-wrapper porto-sicon-img  porto-icon-9f5d1cfb45d27d96b50bf473aebba227\" style=\"font-size: 200px;\" data-appear-animation=\"bounce\"><img loading=\"lazy\" decoding=\"async\" class=\"img-icon\" alt=\"\" src=\"https:\/\/meferi.com\/wp-content\/uploads\/2025\/05\/fot2.05a4e8ea.png\" width=\"360\" height=\"360\" \/><\/div><\/div><div class=\"porto-sicon-body\"><div class=\"porto-sicon-header\"><h2 class=\"porto-sicon-title\" style=\"margin-top:44px;\">Wy\u015bwietlacz i ochrona o wysokiej rozdzielczo\u015bci<\/h2><\/div> <!-- header --><div class=\"porto-sicon-description\" style=\"\">Dotykowy ekran ME10, chroniony szk\u0142em Corning Gorilla Glass III, charakteryzuje si\u0119 przejrzysto\u015bci\u0105 i wytrzyma\u0142o\u015bci\u0105, co gwarantuje bezproblemow\u0105 prac\u0119 w r\u00f3\u017cnych warunkach.<\/div> <!-- description --><\/div><\/div><!-- porto-sicon-box --><\/div><\/div><\/div><\/div><div class=\"gradient-column-6 vc_column_container col-md-6\"><div class=\"wpb_wrapper vc_column-inner\"><div class=\"porto-ultimate-content-box-container my-rounded-box\"><style>.porto_ucb_bd0f4babf7c24dafca3fc6bc2d95b490:hover{box-shadow:3px 3px 3px 3px #eef4fc}<\/style><div class=\"porto-ultimate-content-box porto_ucb_bd0f4babf7c24dafca3fc6bc2d95b490\" style=\"background-color:rgba(238,244,252,0);border:1px solid var(--porto-tertiary-color);min-height:222px;\" data-bg=\"rgba(238,244,252,0)\"><div class=\"porto-sicon-box  vc_custom_1755173282585  wpb_custom_a3692183c0d38afe636ccfbf0abec338 style_2 left-icon\"><div class=\"porto-sicon-left\"><div class=\"porto-just-icon-wrapper porto-sicon-img  porto-icon-9f5d1cfb45d27d96b50bf473aebba227\" style=\"font-size: 200px;\" data-appear-animation=\"bounce\"><img loading=\"lazy\" decoding=\"async\" class=\"img-icon\" alt=\"\" src=\"https:\/\/meferi.com\/wp-content\/uploads\/2025\/05\/fot4.png\" width=\"360\" height=\"360\" \/><\/div><\/div><div class=\"porto-sicon-body\"><div class=\"porto-sicon-header\"><h2 class=\"porto-sicon-title\" style=\"margin-top:44px;\">Doskona\u0142o\u015b\u0107 integracji MS300R<\/h2><\/div> <!-- header --><div class=\"porto-sicon-description\" style=\"\">ME10 doskonale wsp\u00f3\u0142pracuje z pier\u015bcieniem skanuj\u0105cym Bluetooth MS300R, usprawniaj\u0105c prac\u0119 bez u\u017cycia r\u0105k w magazynach, handlu detalicznym i logistyce.<\/div> <!-- description --><\/div><\/div><!-- porto-sicon-box --><\/div><\/div><\/div><\/div><\/div><div class=\"vc_row wpb_row row top-row gradient-container-6 vc_column-gap-25 vc_row-o-content-middle vc_row-flex wpb_custom_034b39d9bc6c6b310d69e39f0ccf274f\"><div class=\"gradient-column-7 vc_column_container col-md-6\"><div class=\"wpb_wrapper vc_column-inner\"><div class=\"porto-ultimate-content-box-container my-rounded-box\"><style>.porto_ucb_bd0f4babf7c24dafca3fc6bc2d95b490:hover{box-shadow:3px 3px 3px 3px #eef4fc}<\/style><div class=\"porto-ultimate-content-box porto_ucb_bd0f4babf7c24dafca3fc6bc2d95b490\" style=\"background-color:rgba(238,244,252,0);border:1px solid var(--porto-tertiary-color);min-height:222px;\" data-bg=\"rgba(238,244,252,0)\"><div class=\"porto-sicon-box  vc_custom_1755161936363  wpb_custom_a3692183c0d38afe636ccfbf0abec338 style_2 left-icon\"><div class=\"porto-sicon-left\"><div class=\"porto-just-icon-wrapper porto-sicon-img  porto-icon-9f5d1cfb45d27d96b50bf473aebba227\" style=\"font-size: 200px;\" data-appear-animation=\"bounce\"><img loading=\"lazy\" decoding=\"async\" class=\"img-icon\" alt=\"\" src=\"https:\/\/meferi.com\/wp-content\/uploads\/2025\/05\/fot9.039fc952.png\" width=\"360\" height=\"360\" \/><\/div><\/div><div class=\"porto-sicon-body\"><div class=\"porto-sicon-header\"><h2 class=\"porto-sicon-title\" style=\"margin-top:44px;\">NFC do \u0142atwego parowania urz\u0105dze\u0144<\/h2><\/div> <!-- header --><div class=\"porto-sicon-description\" style=\"\">Wbudowana technologia NFC umo\u017cliwia szybkie parowanie i interakcj\u0119 z innymi urz\u0105dzeniami, identyfikacj\u0119 pracownik\u00f3w i obs\u0142ug\u0119 program\u00f3w lojalno\u015bciowych.<\/p>\n<p><\/div> <!-- description --><\/div><\/div><!-- porto-sicon-box --><\/div><\/div><\/div><\/div><div class=\"gradient-column-8 vc_column_container col-md-6\"><div class=\"wpb_wrapper vc_column-inner\"><div class=\"porto-ultimate-content-box-container my-rounded-box\"><style>.porto_ucb_bd0f4babf7c24dafca3fc6bc2d95b490:hover{box-shadow:3px 3px 3px 3px #eef4fc}<\/style><div class=\"porto-ultimate-content-box porto_ucb_bd0f4babf7c24dafca3fc6bc2d95b490\" style=\"background-color:rgba(238,244,252,0);border:1px solid var(--porto-tertiary-color);min-height:222px;\" data-bg=\"rgba(238,244,252,0)\"><div class=\"porto-sicon-box  vc_custom_1755173410938  wpb_custom_a3692183c0d38afe636ccfbf0abec338 style_2 left-icon\"><div class=\"porto-sicon-left\"><div class=\"porto-just-icon-wrapper porto-sicon-img  porto-icon-9f5d1cfb45d27d96b50bf473aebba227\" style=\"font-size: 200px;\" data-appear-animation=\"bounce\"><img loading=\"lazy\" decoding=\"async\" class=\"img-icon\" alt=\"\" src=\"https:\/\/meferi.com\/wp-content\/uploads\/2025\/05\/fot6.png\" width=\"360\" height=\"360\" \/><\/div><\/div><div class=\"porto-sicon-body\"><div class=\"porto-sicon-header\"><h2 class=\"porto-sicon-title\" style=\"margin-top:44px;\">Zaawansowane modu\u0142y skanowania<\/h2><\/div> <!-- header --><div class=\"porto-sicon-description\" style=\"\">\n<div class=\"show_des\" data-v-26c0f7a8=\"\">ME10 i MS300R obs\u0142uguj\u0105 \u0142\u0105cznie siedem modu\u0142\u00f3w skanuj\u0105cych, umo\u017cliwiaj\u0105c szybkie rozpoznawanie kod\u00f3w kreskowych. Szczeg\u00f3lnie dotyczy to modu\u0142u SE55, kt\u00f3ry odczytuje kody kreskowe z odleg\u0142o\u015bci do 15 metr\u00f3w.<\/div>\n<p><\/div> <!-- description --><\/div><\/div><!-- porto-sicon-box --><\/div><\/div><\/div><\/div><\/div><div class=\"vc_row wpb_row row top-row gradient-container-7 vc_column-gap-25 vc_row-o-content-middle vc_row-flex wpb_custom_034b39d9bc6c6b310d69e39f0ccf274f\"><div class=\"gradient-column-9 vc_column_container col-md-6\"><div class=\"wpb_wrapper vc_column-inner\"><div class=\"porto-ultimate-content-box-container my-rounded-box\"><style>.porto_ucb_bd0f4babf7c24dafca3fc6bc2d95b490:hover{box-shadow:3px 3px 3px 3px #eef4fc}<\/style><div class=\"porto-ultimate-content-box porto_ucb_bd0f4babf7c24dafca3fc6bc2d95b490\" style=\"background-color:rgba(238,244,252,0);border:1px solid var(--porto-tertiary-color);min-height:222px;\" data-bg=\"rgba(238,244,252,0)\"><div class=\"porto-sicon-box  vc_custom_1755173510893  wpb_custom_a3692183c0d38afe636ccfbf0abec338 style_2 left-icon\"><div class=\"porto-sicon-left\"><div class=\"porto-just-icon-wrapper porto-sicon-img  porto-icon-9f5d1cfb45d27d96b50bf473aebba227\" style=\"font-size: 200px;\" data-appear-animation=\"bounce\"><img loading=\"lazy\" decoding=\"async\" class=\"img-icon\" alt=\"\" src=\"https:\/\/meferi.com\/wp-content\/uploads\/2025\/05\/fot7.a25faa10.png\" width=\"360\" height=\"360\" \/><\/div><\/div><div class=\"porto-sicon-body\"><div class=\"porto-sicon-header\"><h2 class=\"porto-sicon-title\" style=\"margin-top:44px;\">MS300R: Wytrzyma\u0142y i ergonomiczny<\/h2><\/div> <!-- header --><div class=\"porto-sicon-description\" style=\"\">\n<div class=\"show_des\" data-v-26c0f7a8=\"\">Konstrukcja MS300R gwarantuje odporno\u015b\u0107 na zu\u017cycie i wygod\u0119. Zdejmowany przycisk skanowania mo\u017cna dostosowa\u0107 do obs\u0142ugi w specjalistycznych r\u0119kawicach.<\/div>\n<p><\/div> <!-- description --><\/div><\/div><!-- porto-sicon-box --><\/div><\/div><\/div><\/div><div class=\"gradient-column-10 vc_column_container col-md-6\"><div class=\"wpb_wrapper vc_column-inner\"><div class=\"porto-ultimate-content-box-container my-rounded-box\"><style>.porto_ucb_bd0f4babf7c24dafca3fc6bc2d95b490:hover{box-shadow:3px 3px 3px 3px #eef4fc}<\/style><div class=\"porto-ultimate-content-box porto_ucb_bd0f4babf7c24dafca3fc6bc2d95b490\" style=\"background-color:rgba(238,244,252,0);border:1px solid var(--porto-tertiary-color);min-height:222px;\" data-bg=\"rgba(238,244,252,0)\"><div class=\"porto-sicon-box  vc_custom_1755173572059  wpb_custom_a3692183c0d38afe636ccfbf0abec338 style_2 left-icon\"><div class=\"porto-sicon-left\"><div class=\"porto-just-icon-wrapper porto-sicon-img  porto-icon-9f5d1cfb45d27d96b50bf473aebba227\" style=\"font-size: 200px;\" data-appear-animation=\"bounce\"><img loading=\"lazy\" decoding=\"async\" class=\"img-icon\" alt=\"\" src=\"https:\/\/meferi.com\/wp-content\/uploads\/2025\/05\/fot8.png\" width=\"360\" height=\"360\" \/><\/div><\/div><div class=\"porto-sicon-body\"><div class=\"porto-sicon-header\"><h2 class=\"porto-sicon-title\" style=\"margin-top:44px;\">Zdolno\u015b\u0107 \u0142\u0105czenia si\u0119 z Wi-Fi 6<\/h2><\/div> <!-- header --><div class=\"porto-sicon-description\" style=\"\">\n<div class=\"show_des\" data-v-26c0f7a8=\"\">Wi-Fi 6 w ME10 zapewnia wi\u0119ksz\u0105 pr\u0119dko\u015b\u0107, szeroki zasi\u0119g i stabilne po\u0142\u0105czenia. P\u0142ynny roaming gwarantuje ci\u0105g\u0142\u0105 \u0142\u0105czno\u015b\u0107 w r\u00f3\u017cnych przestrzeniach.<\/div>\n<p><\/div> <!-- description --><\/div><\/div><!-- porto-sicon-box --><\/div><\/div><\/div><\/div><\/div><div class=\"vc_row wpb_row row top-row gradient-container-8 vc_column-gap-25 vc_row-o-content-middle vc_row-flex wpb_custom_034b39d9bc6c6b310d69e39f0ccf274f\"><div class=\"gradient-column-11 vc_column_container col-md-6\"><div class=\"wpb_wrapper vc_column-inner\"><div class=\"porto-ultimate-content-box-container my-rounded-box\"><style>.porto_ucb_bd0f4babf7c24dafca3fc6bc2d95b490:hover{box-shadow:3px 3px 3px 3px #eef4fc}<\/style><div class=\"porto-ultimate-content-box porto_ucb_bd0f4babf7c24dafca3fc6bc2d95b490\" style=\"background-color:rgba(238,244,252,0);border:1px solid var(--porto-tertiary-color);min-height:222px;\" data-bg=\"rgba(238,244,252,0)\"><div class=\"porto-sicon-box  vc_custom_1755173614847  wpb_custom_a3692183c0d38afe636ccfbf0abec338 style_2 left-icon\"><div class=\"porto-sicon-left\"><div class=\"porto-just-icon-wrapper porto-sicon-img  porto-icon-9f5d1cfb45d27d96b50bf473aebba227\" style=\"font-size: 200px;\" data-appear-animation=\"bounce\"><img loading=\"lazy\" decoding=\"async\" class=\"img-icon\" alt=\"\" src=\"https:\/\/meferi.com\/wp-content\/uploads\/2025\/05\/fot9.png\" width=\"360\" height=\"360\" \/><\/div><\/div><div class=\"porto-sicon-body\"><div class=\"porto-sicon-header\"><h2 class=\"porto-sicon-title\" style=\"margin-top:44px;\">Bluetooth 5.2: szybki i wydajny<\/h2><\/div> <!-- header --><div class=\"porto-sicon-description\" style=\"\">\n<div class=\"show_des\" data-v-26c0f7a8=\"\">ME10 obs\u0142uguje technologi\u0119 Bluetooth 5.2, co idealnie nadaje si\u0119 do szybkiego przesy\u0142ania danych ze skanerem pier\u015bcieniowym MS300R. Pozwala to na szybsz\u0105 kompletacj\u0119 towar\u00f3w nawet o 351 t\/s.<\/div>\n<p><\/div> <!-- description --><\/div><\/div><!-- porto-sicon-box --><\/div><\/div><\/div><\/div><div class=\"gradient-column-12 vc_column_container col-md-6\"><div class=\"wpb_wrapper vc_column-inner\"><div class=\"porto-ultimate-content-box-container my-rounded-box\"><style>.porto_ucb_bd0f4babf7c24dafca3fc6bc2d95b490:hover{box-shadow:3px 3px 3px 3px #eef4fc}<\/style><div class=\"porto-ultimate-content-box porto_ucb_bd0f4babf7c24dafca3fc6bc2d95b490\" style=\"background-color:rgba(238,244,252,0);border:1px solid var(--porto-tertiary-color);min-height:222px;\" data-bg=\"rgba(238,244,252,0)\"><div class=\"porto-sicon-box  vc_custom_1755173652288  wpb_custom_a3692183c0d38afe636ccfbf0abec338 style_2 left-icon\"><div class=\"porto-sicon-left\"><div class=\"porto-just-icon-wrapper porto-sicon-img  porto-icon-9f5d1cfb45d27d96b50bf473aebba227\" style=\"font-size: 200px;\" data-appear-animation=\"bounce\"><img loading=\"lazy\" decoding=\"async\" class=\"img-icon\" alt=\"\" src=\"https:\/\/meferi.com\/wp-content\/uploads\/2025\/08\/4-1-1.png\" width=\"360\" height=\"360\" \/><\/div><\/div><div class=\"porto-sicon-body\"><div class=\"porto-sicon-header\"><h2 class=\"porto-sicon-title\" style=\"margin-top:44px;\">Doskona\u0142a moc wymiany na gor\u0105co<\/h2><\/div> <!-- header --><div class=\"porto-sicon-description\" style=\"\">\n<div class=\"show_des\" data-v-26c0f7a8=\"\">Bateria o pojemno\u015bci 3400 mAh w modelu ME10 zapewnia 12 godzin pracy. Funkcja wymiany baterii \u201ena gor\u0105co\u201d i szybka wymiana baterii zapewniaj\u0105 ci\u0105g\u0142\u0105 prac\u0119 bez przerw.<\/div>\n<p><\/div> <!-- description --><\/div><\/div><!-- porto-sicon-box --><\/div><\/div><\/div><\/div><\/div><div class=\"vc_row wpb_row row top-row gradient-container-9 vc_column-gap-25 vc_row-o-content-middle vc_row-flex wpb_custom_034b39d9bc6c6b310d69e39f0ccf274f\"><div class=\"gradient-column-13 vc_column_container col-md-6\"><div class=\"wpb_wrapper vc_column-inner\"><div class=\"porto-ultimate-content-box-container my-rounded-box\"><style>.porto_ucb_bd0f4babf7c24dafca3fc6bc2d95b490:hover{box-shadow:3px 3px 3px 3px #eef4fc}<\/style><div class=\"porto-ultimate-content-box porto_ucb_bd0f4babf7c24dafca3fc6bc2d95b490\" style=\"background-color:rgba(238,244,252,0);border:1px solid var(--porto-tertiary-color);min-height:222px;\" data-bg=\"rgba(238,244,252,0)\"><div class=\"porto-sicon-box  vc_custom_1755162104504  wpb_custom_a3692183c0d38afe636ccfbf0abec338 style_2 left-icon\"><div class=\"porto-sicon-left\"><div class=\"porto-just-icon-wrapper porto-sicon-img  porto-icon-9f5d1cfb45d27d96b50bf473aebba227\" style=\"font-size: 200px;\" data-appear-animation=\"bounce\"><img loading=\"lazy\" decoding=\"async\" class=\"img-icon\" alt=\"\" src=\"https:\/\/meferi.com\/wp-content\/uploads\/2025\/05\/fot14.85eb4d85.png\" width=\"360\" height=\"360\" \/><\/div><\/div><div class=\"porto-sicon-body\"><div class=\"porto-sicon-header\"><h2 class=\"porto-sicon-title\" style=\"margin-top:44px;\">Us\u0142ugi mobilne Google (GMS)<\/h2><\/div> <!-- header --><div class=\"porto-sicon-description\" style=\"\">Zintegrowana obs\u0142uga GMS umo\u017cliwia dost\u0119p do najwa\u017cniejszych aplikacji i us\u0142ug, co zwi\u0119ksza wydajno\u015b\u0107 operacyjn\u0105.<\/p>\n<p><\/div> <!-- description --><\/div><\/div><!-- porto-sicon-box --><\/div><\/div><\/div><\/div><div class=\"gradient-column-14 vc_column_container col-md-6\"><div class=\"wpb_wrapper vc_column-inner\"><div class=\"porto-ultimate-content-box-container my-rounded-box\"><style>.porto_ucb_bd0f4babf7c24dafca3fc6bc2d95b490:hover{box-shadow:3px 3px 3px 3px #eef4fc}<\/style><div class=\"porto-ultimate-content-box porto_ucb_bd0f4babf7c24dafca3fc6bc2d95b490\" style=\"background-color:rgba(238,244,252,0);border:1px solid var(--porto-tertiary-color);min-height:222px;\" data-bg=\"rgba(238,244,252,0)\"><div class=\"porto-sicon-box  vc_custom_1755173739270  wpb_custom_a3692183c0d38afe636ccfbf0abec338 style_2 left-icon\"><div class=\"porto-sicon-left\"><div class=\"porto-just-icon-wrapper porto-sicon-img  porto-icon-9f5d1cfb45d27d96b50bf473aebba227\" style=\"font-size: 200px;\" data-appear-animation=\"bounce\"><img loading=\"lazy\" decoding=\"async\" class=\"img-icon\" alt=\"\" src=\"https:\/\/meferi.com\/wp-content\/uploads\/2025\/05\/fot12.png\" width=\"360\" height=\"360\" \/><\/div><\/div><div class=\"porto-sicon-body\"><div class=\"porto-sicon-header\"><h2 class=\"porto-sicon-title\" style=\"margin-top:44px;\">Mo\u017cliwo\u015b\u0107 dostosowania uk\u0142adu przycisk\u00f3w<\/h2><\/div> <!-- header --><div class=\"porto-sicon-description\" style=\"\">\n<div class=\"show_des\" data-v-26c0f7a8=\"\">Unikalne fizyczne przyciski ME10 zwi\u0119kszaj\u0105 wydajno\u015b\u0107. Sze\u015b\u0107 programowalnych przycisk\u00f3w mo\u017cna dostosowa\u0107 do w\u0142asnych potrzeb, a dodatkowo dost\u0119pne s\u0105 trzy g\u0142\u00f3wne przyciski nawigacyjne.<\/div>\n<p><\/div> <!-- description --><\/div><\/div><!-- porto-sicon-box --><\/div><\/div><\/div><\/div><\/div>\n<\/div>","protected":false},"excerpt":{"rendered":"<h4 class=\"good_tips\"><span style=\"font-size: 20px;\">Zaawansowana innowacja w urz\u0105dzeniach noszonych \u2013 Twoja strategiczna przewaga w nowoczesnym przemy\u015ble<\/span><\/h4>\n<p>Zanurz si\u0119 w przysz\u0142o\u015b\u0107 z przeno\u015bnym komputerem ME10. Ten zaawansowany komputer przeno\u015bny, rewolucjonizuj\u0105cy praktyczne operacje, to Tw\u00f3j klucz do wy\u017cszej wydajno\u015bci w zr\u00f3\u017cnicowanych \u015brodowiskach przemys\u0142owych. Niezale\u017cnie od tego, czy chodzi o zarz\u0105dzanie zapasami, logistyk\u0119, czy handel detaliczny, ME10 wyr\u00f3\u017cnia si\u0119 zintegrowanymi osi\u0105gni\u0119ciami technologicznymi. Poczuj moc p\u0142ynnego dzia\u0142ania, wspart\u0105 solidnym przetwarzaniem, ulepszon\u0105 \u0142\u0105czno\u015bci\u0105 i wszechstronn\u0105 funkcjonalno\u015bci\u0105. Dzi\u0119ki elementom konstrukcyjnym, kt\u00f3re priorytetowo traktuj\u0105 komfort u\u017cytkownika i elastyczno\u015b\u0107, to co\u015b wi\u0119cej ni\u017c tylko urz\u0105dzenie; to Twoja strategiczna przewaga w erze cyfrowej.<\/p>\n<p><img decoding=\"async\" class=\"alignnone wp-image-13608\" src=\"https:\/\/meferi.com\/wp-content\/uploads\/2025\/11\/AER.svg\" alt=\"\" width=\"77\" \/> \u00a0<img decoding=\"async\" class=\"alignnone wp-image-13610\" src=\"https:\/\/meferi.com\/wp-content\/uploads\/2025\/11\/GMS.svg\" alt=\"\" width=\"55\" \/>\u00a0 <img decoding=\"async\" class=\"alignnone wp-image-13604\" src=\"https:\/\/meferi.com\/wp-content\/uploads\/2025\/11\/wifi-6.svg\" alt=\"\" width=\"44\" \/>\u00a0\u00a0<img decoding=\"async\" class=\"alignnone wp-image-13613\" src=\"https:\/\/meferi.com\/wp-content\/uploads\/2025\/11\/NFC.svg\" alt=\"\" width=\"44\" \/> \u00a0<img decoding=\"async\" class=\"alignnone wp-image-13603\" src=\"https:\/\/meferi.com\/wp-content\/uploads\/2025\/11\/BT.svg\" alt=\"\" width=\"99\" \/>\u00a0 <img decoding=\"async\" class=\"alignnone wp-image-13615\" src=\"https:\/\/meferi.com\/wp-content\/uploads\/2025\/11\/Scan-the-QR-code.svg\" alt=\"\" width=\"36\" \/> <img loading=\"lazy\" decoding=\"async\" class=\"alignnone wp-image-13617\" src=\"https:\/\/meferi.com\/wp-content\/uploads\/2025\/08\/soti.png\" alt=\"\" width=\"66\" height=\"32\" \/><\/p>","protected":false},"featured_media":371,"template":"","meta":{"_acf_changed":false},"product_brand":[],"product_cat":[68,42],"product_tag":[],"class_list":{"0":"post-367","1":"product","2":"type-product","3":"status-publish","4":"has-post-thumbnail","6":"product_cat-mobile-computers","7":"product_cat-wearable-computers","9":"first","10":"instock","11":"featured","12":"shipping-taxable","13":"product-type-simple"},"acf":[],"_links":{"self":[{"href":"https:\/\/meferi.com\/pl\/wp-json\/wp\/v2\/product\/367","targetHints":{"allow":["GET"]}}],"collection":[{"href":"https:\/\/meferi.com\/pl\/wp-json\/wp\/v2\/product"}],"about":[{"href":"https:\/\/meferi.com\/pl\/wp-json\/wp\/v2\/types\/product"}],"wp:featuredmedia":[{"embeddable":true,"href":"https:\/\/meferi.com\/pl\/wp-json\/wp\/v2\/media\/371"}],"wp:attachment":[{"href":"https:\/\/meferi.com\/pl\/wp-json\/wp\/v2\/media?parent=367"}],"wp:term":[{"taxonomy":"product_brand","embeddable":true,"href":"https:\/\/meferi.com\/pl\/wp-json\/wp\/v2\/product_brand?post=367"},{"taxonomy":"product_cat","embeddable":true,"href":"https:\/\/meferi.com\/pl\/wp-json\/wp\/v2\/product_cat?post=367"},{"taxonomy":"product_tag","embeddable":true,"href":"https:\/\/meferi.com\/pl\/wp-json\/wp\/v2\/product_tag?post=367"}],"curies":[{"name":"wp","href":"https:\/\/api.w.org\/{rel}","templated":true}]}}