{"id":9630,"date":"2025-10-01T08:39:58","date_gmt":"2025-10-01T06:39:58","guid":{"rendered":"https:\/\/meferi.com\/?page_id=9630"},"modified":"2026-01-13T10:45:16","modified_gmt":"2026-01-13T09:45:16","slug":"meferi-community-growth-giveaway-official-rules","status":"publish","type":"page","link":"https:\/\/meferi.com\/pl\/meferi-community-growth-giveaway-official-rules\/","title":{"rendered":"Konkurs na rzecz rozwoju spo\u0142eczno\u015bci MEFERI \u2013 Oficjalne zasady"},"content":{"rendered":"<div class=\"wpb-content-wrapper\"><div class=\"vc_row wpb_row row top-row gradient-container-1 wpb_custom_034b39d9bc6c6b310d69e39f0ccf274f\"><div class=\"gradient-column-1 vc_column_container col-md-12\"><div class=\"wpb_wrapper vc_column-inner\">\r\n\t<div class=\"wpb_text_column wpb_content_element wpb_custom_7c91d232724f73626cc933bd95b25ff0\" >\r\n\t\t<div class=\"wpb_wrapper\">\r\n\t\t\t<h1><strong>Konkurs na rzecz rozwoju spo\u0142eczno\u015bci MEFERI \u2013 Oficjalne zasady<\/strong><\/h1>\n<p><strong>(Obowi\u0105zuje od daty publikacji, opublikowano:\u00a0<b>1 pa\u017adziernika 2025 o 08:39<\/b>)<\/strong><\/p>\n<hr \/>\n<p><strong>Promotor<\/strong><\/p>\n<p>MEFERI Technologies Co., Ltd., Jednostka 3-2, Budynek 4, Nr 2555, Sekcja 2, Aleja Huanglong, Dzielnica Shuangliu, Chengdu 610000, Syczuan, Chiny. Kontakt:\u00a0<a href=\"mailto:campaigns@meferi.com\"><strong>campaigns@meferi.com<\/strong><\/a><\/p>\n<p><strong>Uprawnienia<\/strong><\/p>\n<p>W Promocji mog\u0105 bra\u0107 udzia\u0142 wy\u0142\u0105cznie osoby fizyczne, kt\u00f3re uko\u0144czy\u0142y 18 lat i reprezentuj\u0105 sp\u00f3\u0142k\u0119 oraz uczestnicz\u0105 w charakterze przedsi\u0119biorcy jako:<\/p>\n<p>\u2013 obecni lub zarejestrowani partnerzy sp\u00f3\u0142ki MEFERI Technologies Co., Ltd.;<br \/>\n\u2013 potencjalni partnerzy MEFERI Technologies Co., Ltd.;<br \/>\n\u2013 dotychczasowi klienci ko\u0144cowi MEFERI Technologies Co., Ltd.;<br \/>\n\u2013 potencjalni klienci ko\u0144cowi MEFERI Technologies Co., Ltd.<\/p>\n<p>Udzia\u0142 w Promocji jest wa\u017cny wy\u0142\u0105cznie po pomy\u015blnej rejestracji za po\u015brednictwem oficjalnego formularza rejestracyjnego dost\u0119pnego na stronie promocji MEFERI. Rejestracja za po\u015brednictwem formularza jest obowi\u0105zkowa. Osoby obserwuj\u0105ce MEFERI w mediach spo\u0142eczno\u015bciowych, ale nieuzupe\u0142niaj\u0105ce formularza rejestracyjnego, nie s\u0105 uznawane za uczestnik\u00f3w i nie kwalifikuj\u0105 si\u0119 do losowania nagr\u00f3d.<\/p>\n<p>Aby m\u00f3c wzi\u0105\u0107 udzia\u0142 w konkursie, uczestnik musi:<br \/>\n(a) wype\u0142ni\u0107 w ca\u0142o\u015bci oficjalny formularz rejestracyjny promocji, w tym pole \u201cNazwa firmy\u201d;<br \/>\n(b) poda\u0107 w formularzu rejestracyjnym nazw\u0119 u\u017cytkownika swojego profilu w mediach spo\u0142eczno\u015bciowych;<br \/>\n(c) by\u0107 obserwatorem konkretnego kana\u0142u medi\u00f3w spo\u0142eczno\u015bciowych MEFERI, kt\u00f3ry osi\u0105gn\u0105\u0142 wymagan\u0105 liczb\u0119 obserwuj\u0105cych w momencie losowania nagr\u00f3d.<\/p>\n<p>Je\u015bli uczestnik nie obserwuje konkretnego kana\u0142u medi\u00f3w spo\u0142eczno\u015bciowych, kt\u00f3ry zainicjowa\u0142 osi\u0105gni\u0119cie kamienia milowego konkursu, nie kwalifikuje si\u0119 do wzi\u0119cia udzia\u0142u w losowaniu nagr\u00f3d, nawet je\u015bli zarejestrowa\u0142 si\u0119 na stronie g\u0142\u00f3wnej promocji.<\/p>\n<p>Zg\u0142oszenia nast\u0119puj\u0105cych os\u00f3b NIE kwalifikuj\u0105 si\u0119:<br \/>\n(a) pracownicy, kontrahenci lub przedstawiciele sp\u00f3\u0142ki MEFERI Technologies Co., Ltd., a tak\u017ce cz\u0142onkowie ich najbli\u017cszych rodzin;<br \/>\n(b) przedstawicieli, pracownik\u00f3w lub podmiot\u00f3w stowarzyszonych konkurencyjnych marek sprz\u0119tu AIDC, POS, Auto-ID, OEM lub ODM;<br \/>\n(c) osoby fizyczne, kt\u00f3re nie reprezentuj\u0105 sp\u00f3\u0142ki lub dokonuj\u0105 zg\u0142oszenia bez wype\u0142nionego formularza rejestracyjnego;<br \/>\n(d) wpisy duplikowane, niekompletne lub niemo\u017cliwe do zweryfikowania.<\/p>\n<p>W losowaniu nagr\u00f3d wezm\u0105 udzia\u0142 wy\u0142\u0105cznie uczestnicy, kt\u00f3rzy pomy\u015blnie wype\u0142nili oficjalny formularz rejestracyjny promocji, spe\u0142nili wszystkie wymagania kwalifikacyjne okre\u015blone w niniejszym Regulaminie oraz zostali zweryfikowani w momencie losowania nagr\u00f3d jako obserwuj\u0105cy konkretny kana\u0142 medi\u00f3w spo\u0142eczno\u015bciowych MEFERI, kt\u00f3ry osi\u0105gn\u0105\u0142 liczb\u0119 obserwuj\u0105cych okre\u015blon\u0105 dla danego losowania nagr\u00f3d.<\/p>\n<p><strong>Okres promocji<\/strong><\/p>\n<p>Promocja rozpoczyna si\u0119 w dniu opublikowania niniejszego Regulaminu na oficjalnej stronie promocji i trwa. Promocja zako\u0144czy si\u0119 po zako\u0144czeniu trzeciego i ostatniego losowania nagr\u00f3d oraz og\u0142oszeniu zwyci\u0119zcy.<\/p>\n<p><strong>Jak wzi\u0105\u0107 udzia\u0142 (nie jest wymagany zakup)<\/strong><\/p>\n<p>Aby wzi\u0105\u0107 udzia\u0142 w konkursie i mie\u0107 mo\u017cliwo\u015b\u0107 wzi\u0119cia udzia\u0142u we wszystkich losowaniach nagr\u00f3d, nale\u017cy wykona\u0107 nast\u0119puj\u0105ce kroki:<\/p>\n<ol>\n<li>Odwied\u017a oficjaln\u0105 stron\u0119 promocji MEFERI Community Growth Giveaway i wype\u0142nij formularz zg\u0142oszeniowy w okresie trwania promocji: <strong><a href=\"https:\/\/meferi.com\/pl\/promotions\/meferi-giveaway\/\" target=\"_blank\" rel=\"noopener\">https:\/\/meferi.com\/en\/promotions\/meferi-giveaway\/<\/a><\/strong><\/li>\n<li>W oficjalnym formularzu zg\u0142oszeniowym promocji nale\u017cy poda\u0107 prawdziwe i kompletne informacje, w tym prawid\u0142ow\u0105 nazw\u0119 firmy oraz sw\u00f3j profil w mediach spo\u0142eczno\u015bciowych\/nazw\u0119 u\u017cytkownika u\u017cywan\u0105 do obserwowania MEFERI.<\/li>\n<\/ol>\n<p><strong>Nagrody i losowania kamieni milowych<\/strong><\/p>\n<p>\u0141\u0105cznie zostan\u0105 przyznane trzy (3) nagrody w trzech oddzielnych losowaniach. Ka\u017cde losowanie jest uruchamiane po osi\u0105gni\u0119ciu okre\u015blonego kamienia milowego przez obserwuj\u0105cego. Uczestnik mo\u017ce wygra\u0107 tylko jedn\u0105 (1) nagrod\u0119 w trakcie trwania Promocji.<\/p>\n<p>Kwalifikuj\u0105ce si\u0119 kana\u0142y medi\u00f3w spo\u0142eczno\u015bciowych MEFERI do wzi\u0119cia udzia\u0142u w tej promocji to:\u00a0<strong>LinkedIn, Facebook, X (dawniej Twitter), Instagram i YouTube.<\/strong><\/p>\n<ul>\n<li><strong>Losowanie 1: Kamie\u0144 milowy obserwuj\u0105cych 500<\/strong>\n<ul>\n<li><strong>Spust:<\/strong>\u00a0Losowanie zostanie aktywowane, gdy\u00a0<em>Pierwszy<\/em>\u00a0spo\u015br\u00f3d 1 kwalifikuj\u0105cych si\u0119 kana\u0142\u00f3w spo\u0142eczno\u015bciowych MEFERI osi\u0105gnie 500 obserwuj\u0105cych\/subskrybent\u00f3w.<\/li>\n<li><strong>Nagroda:<\/strong>\u00a0Jeden (1) zwyci\u0119zca otrzyma jedn\u0105 (1) par\u0119 Apple AirPods Pro (najnowszy model dost\u0119pny w momencie losowania).<\/li>\n<\/ul>\n<\/li>\n<li><strong>Losowanie 2: Kamie\u0144 milowy obserwuj\u0105cych 3000<\/strong>\n<ul>\n<li><strong>Spust:<\/strong>\u00a0Losowanie zostanie aktywowane, gdy\u00a0<em>Pierwszy<\/em> spo\u015br\u00f3d kwalifikuj\u0105cych si\u0119 kana\u0142\u00f3w MEFERI w mediach spo\u0142eczno\u015bciowych osi\u0105gnie 3000 obserwuj\u0105cych\/subskrybent\u00f3w.<\/li>\n<li><strong>Nagroda:<\/strong>\u00a0Jeden (1) zwyci\u0119zca otrzyma jeden (1) zegarek Apple Watch (najnowszy model dost\u0119pny w momencie losowania).<\/li>\n<\/ul>\n<\/li>\n<li><strong>Losowanie 3: Kamie\u0144 milowy obserwuj\u0105cych 5000<\/strong>\n<ul>\n<li><strong>Spust:<\/strong>\u00a0Losowanie zostanie aktywowane, gdy\u00a0<em>Pierwszy<\/em> spo\u015br\u00f3d kwalifikuj\u0105cych si\u0119 kana\u0142\u00f3w MEFERI w mediach spo\u0142eczno\u015bciowych osi\u0105gnie 5000 obserwuj\u0105cych\/subskrybent\u00f3w.<\/li>\n<li><strong>Nagroda:<\/strong>\u00a0Jeden (1) zwyci\u0119zca otrzyma jeden (1) Apple iPhone Pro (najnowszy model dost\u0119pny w momencie losowania).<\/li>\n<\/ul>\n<\/li>\n<\/ul>\n<p><strong>Og\u00f3lne warunki nagr\u00f3d:<\/strong>\u00a0Wszystkie nagrody s\u0105 niezbywalne i nie oferujemy ich w got\u00f3wce ani w innej formie. Apple Inc. nie jest sponsorem, administratorem ani uczestnikiem tej promocji.<\/p>\n<p><strong>Weryfikacja i potwierdzenie zwyci\u0119zcy<\/strong><\/p>\n<p>1. MEFERI wybierze losowo potencjalnego zwyci\u0119zc\u0119 z bazy danych uczestnik\u00f3w, kt\u00f3rzy wype\u0142nili oficjalny formularz zg\u0142oszeniowy.<\/p>\n<p>2. Przed potwierdzeniem zwyci\u0119zcy nagrody MEFERI zweryfikuje wszystkie poni\u017csze elementy:<br \/>\n(a) uczestnik wype\u0142ni\u0142 oficjalny formularz rejestracyjny promocji;<br \/>\n(b) uczestnik poda\u0142 w formularzu rejestracyjnym prawid\u0142owy profil w mediach spo\u0142eczno\u015bciowych\/nazw\u0119 u\u017cytkownika;<br \/>\n(c) uczestnik spe\u0142nia wszystkie wymagania kwalifikacyjne okre\u015blone w niniejszym Regulaminie.<\/p>\n<p>3. Je\u017celi potencjalny zwyci\u0119zca nie spe\u0142ni \u017cadnego z powy\u017cszych warunk\u00f3w, zostanie zdyskwalifikowany z losowania. W takim przypadku zostanie wybrany nowy zwyci\u0119zca, kt\u00f3rego weryfikacja odb\u0119dzie si\u0119 na podstawie tych samych kryteri\u00f3w.<\/p>\n<p>MEFERI skontaktuje si\u0119 ze zweryfikowanym zwyci\u0119zc\u0105 za po\u015brednictwem adresu e-mail podanego w formularzu zg\u0142oszeniowym. Imi\u0119 i nazwisko zwyci\u0119zcy oraz jego nazwa u\u017cytkownika w mediach spo\u0142eczno\u015bciowych musz\u0105 w miar\u0119 mo\u017cliwo\u015bci pokrywa\u0107 si\u0119 z informacjami podanymi podczas rejestracji. Po weryfikacji MEFERI oficjalnie og\u0142osi zwyci\u0119zc\u0119 w swoich mediach spo\u0142eczno\u015bciowych.<\/p>\n<p><strong>Ochrona danych (RODO)<\/strong><\/p>\n<ul>\n<li><strong>Kontroler:<\/strong>\u00a0MEFERI Technologies Co., Ltd.<\/li>\n<li><strong>Cel i podstawa prawna:<\/strong>\u00a0G\u0142\u00f3wnym celem przetwarzania Twoich danych osobowych jest administrowanie tym trwaj\u0105cym konkursem i wysy\u0142anie Ci materia\u0142\u00f3w marketingowych. Podstaw\u0105 prawn\u0105 wszystkich dzia\u0142a\u0144 przetwarzania jest Twoja wyra\u017ana zgoda.\u00a0<strong>zgoda<\/strong>\u00a0(art. 6 ust. 1 lit. a RODO), kt\u00f3re przekazujesz nam, przesy\u0142aj\u0105c formularz zg\u0142oszeniowy.<\/li>\n<li><strong>Cofni\u0119cie zgody:<\/strong>\u00a0Mo\u017cesz w dowolnym momencie wycofa\u0107 swoj\u0105 zgod\u0119 na otrzymywanie przysz\u0142ych wiadomo\u015bci e-mail o charakterze marketingowym, klikaj\u0105c link \u201eAnuluj subskrypcj\u0119\u201d. Rezygnacja z otrzymywania wiadomo\u015bci marketingowych nie spowoduje usuni\u0119cia Twojego zg\u0142oszenia z bazy danych dotycz\u0105cej konkursu. Aby ca\u0142kowicie zrezygnowa\u0107 z udzia\u0142u w konkursie, musisz poprosi\u0107 o usuni\u0119cie swoich danych, kontaktuj\u0105c si\u0119 z nami pod adresem\u00a0<a href=\"mailto:legal@meferi.com\"><strong>legal@meferi.com<\/strong><\/a>.<\/li>\n<li><strong>Przetworzone dane:<\/strong>\u00a0Imi\u0119, nazwisko, adres e-mail i nazwa u\u017cytkownika w mediach spo\u0142eczno\u015bciowych. Zwyci\u0119zcy mog\u0105 zosta\u0107 poproszeni o podanie numeru telefonu w celu koordynacji dostawy nagr\u00f3d.<\/li>\n<li><strong>Zatrzymanie:<\/strong>\u00a0Dane dotycz\u0105ce zg\u0142osze\u0144 konkursowych b\u0119d\u0105 przechowywane do zako\u0144czenia Promocji. Je\u015bli wyrazi\u0142e\u015b\/a\u015b zgod\u0119 na marketing, Twoje dane b\u0119d\u0105 przechowywane do momentu jej wycofania. Dane zwyci\u0119zc\u00f3w b\u0119d\u0105 przechowywane do 5 lat w celach audytowych i zgodno\u015bci z przepisami.<\/li>\n<li><strong>Prawa:<\/strong>\u00a0Masz prawo dost\u0119pu, sprostowania, usuni\u0119cia lub ograniczenia przetwarzania swoich danych, a tak\u017ce prawo do przenoszenia danych. Aby skorzysta\u0107 z tych praw, skontaktuj si\u0119 z nami pod adresem:\u00a0<a href=\"mailto:legal@meferi.com\"><strong>legal@meferi.com<\/strong><\/a>Mo\u017cesz r\u00f3wnie\u017c skontaktowa\u0107 si\u0119 z lokalnym organem ochrony danych.<\/li>\n<li><strong>Transfery:<\/strong>\u00a0Je\u017celi dane s\u0105 przechowywane lub przetwarzane poza EOG, MEFERI b\u0119dzie stosowa\u0107 odpowiednie zabezpieczenia (np. standardowe klauzule umowne).<\/li>\n<\/ul>\n<p><strong>Zmiany, zawieszenie lub rozwi\u0105zanie umowy<\/strong><\/p>\n<p>MEFERI Technologies Co., Ltd. zastrzega sobie wy\u0142\u0105czne prawo do zmiany, zawieszenia, odroczenia lub odwo\u0142ania niniejszej Promocji, w ca\u0142o\u015bci lub w cz\u0119\u015bci, w dowolnym momencie i bez uprzedniego powiadomienia, je\u015bli wyst\u0105pi\u0105 okoliczno\u015bci pozostaj\u0105ce poza jej uzasadnion\u0105 kontrol\u0105 lub mog\u0105ce zagrozi\u0107 uczciwo\u015bci, integralno\u015bci lub prawid\u0142owemu przebiegowi Promocji.<\/p>\n<p>Wszelkie zmiany niniejszego Regulaminu zostan\u0105 opublikowane na oficjalnej stronie promocji i zaczn\u0105 obowi\u0105zywa\u0107 od momentu publikacji.<\/p>\n<p><!-- notionvc: 7ea47090-b6d1-4bdf-b3f2-e9d34a5e2ba5 --><\/p>\n\r\n\t\t<\/div>\r\n\t<\/div>\r\n<\/div><\/div><\/div>\n<\/div>","protected":false},"excerpt":{"rendered":"MEFERI Community Growth Giveaway - Official Rules (Effective from the date of publication, Published on:\u00a01 October 2025 at 08:39) Promoter MEFERI Technologies Co., Ltd., Unit 3-2, Building 4, No. 2555, Section 2, Huanglong Avenue, Shuangliu District, Chengdu 610000, Sichuan, P.R. China. Contact:\u00a0campaigns@meferi.com Eligibility This Promotion is open only to natural persons aged 18 years or [...]","protected":false},"author":5,"featured_media":0,"parent":0,"menu_order":0,"comment_status":"closed","ping_status":"closed","template":"","meta":{"_acf_changed":false,"footnotes":""},"industry":[],"class_list":["post-9630","page","type-page","status-publish","hentry"],"acf":[],"_links":{"self":[{"href":"https:\/\/meferi.com\/pl\/wp-json\/wp\/v2\/pages\/9630","targetHints":{"allow":["GET"]}}],"collection":[{"href":"https:\/\/meferi.com\/pl\/wp-json\/wp\/v2\/pages"}],"about":[{"href":"https:\/\/meferi.com\/pl\/wp-json\/wp\/v2\/types\/page"}],"author":[{"embeddable":true,"href":"https:\/\/meferi.com\/pl\/wp-json\/wp\/v2\/users\/5"}],"replies":[{"embeddable":true,"href":"https:\/\/meferi.com\/pl\/wp-json\/wp\/v2\/comments?post=9630"}],"version-history":[{"count":0,"href":"https:\/\/meferi.com\/pl\/wp-json\/wp\/v2\/pages\/9630\/revisions"}],"wp:attachment":[{"href":"https:\/\/meferi.com\/pl\/wp-json\/wp\/v2\/media?parent=9630"}],"wp:term":[{"taxonomy":"industry","embeddable":true,"href":"https:\/\/meferi.com\/pl\/wp-json\/wp\/v2\/industry?post=9630"}],"curies":[{"name":"wp","href":"https:\/\/api.w.org\/{rel}","templated":true}]}}