{"id":3863,"date":"2025-08-14T14:22:01","date_gmt":"2025-08-14T11:22:01","guid":{"rendered":"https:\/\/meferi.pontima.ru\/?page_id=3863"},"modified":"2025-11-01T12:10:37","modified_gmt":"2025-11-01T11:10:37","slug":"sub-processor-list","status":"publish","type":"page","link":"https:\/\/meferi.com\/pl\/support-services\/legal-center\/sub-processor-list\/","title":{"rendered":"Lista podprocesor\u00f3w"},"content":{"rendered":"<div class=\"wpb-content-wrapper\"><div class=\"vc_row wpb_row row top-row gradient-container-1 wpb_custom_034b39d9bc6c6b310d69e39f0ccf274f\"><div class=\"gradient-column-1 vc_column_container col-md-12\"><div class=\"wpb_wrapper vc_column-inner\"><\/div><\/div><\/div><div class=\"vc_row wpb_row row top-row gradient-container-2 vc_custom_1755170329356 wpb_custom_034b39d9bc6c6b310d69e39f0ccf274f\"><div class=\"gradient-column-2 vc_column_container col-md-12 vc_custom_1755170292382\"><div class=\"wpb_wrapper vc_column-inner\">\r\n\t<div class=\"wpb_text_column wpb_content_element wpb_custom_7c91d232724f73626cc933bd95b25ff0\" >\r\n\t\t<div class=\"wpb_wrapper\">\r\n\t\t\t<div class=\"our_adv_wrap\" data-v-57f61548=\"\">\n<div class=\"our_adv_title_wrap line_title_wrap\" data-v-57f61548=\"\">\n<h1 class=\"line_title\" style=\"text-align: left;\"><span style=\"font-size: 40px;\">Lista podprocesor\u00f3w<\/span><\/h1>\n<div class=\"lang_wrap\" data-v-57f61548=\"\">\n<div class=\"el-select\" data-v-57f61548=\"\">\n<div class=\"el-input el-input--suffix\"><\/div>\n<\/div>\n<\/div>\n<\/div>\n<\/div>\n<div class=\"des_main_wrap\" data-v-57f61548=\"\">\n<div class=\"item_title_wrap small_titlw_wrap\" data-v-57f61548=\"\">\n<div class=\"item_title\" data-v-57f61548=\"\">Firma MEFERI Technologies Co., Ltd. (\u201eMEFERI\u201d, \u201eMy\u201d, \u201eNas\u201d lub \u201eNasz\u201d) zobowi\u0105zuje si\u0119 do przejrzysto\u015bci w zakresie przetwarzania Danych Osobowych w imieniu Naszych Klient\u00f3w. Niniejsza strona zawiera informacje o podprocesorach, z kt\u00f3rymi MEFERI wsp\u00f3\u0142pracuje w celu przetwarzania Danych Osobowych w zwi\u0105zku ze \u015bwiadczeniem Naszych Us\u0142ug, zgodnie z definicj\u0105 zawart\u0105 w Umowie o Przetwarzaniu Danych Osobowych (\u201eDPA\u201d) zawartej z MEFERI.<\/div>\n<div class=\"item_tips item_tips_wrap\" data-v-57f61548=\"\">\n<div class=\"item_tips_text\" data-v-57f61548=\"\">\n<p><br data-v-57f61548=\"\">MEFERI zawiera umowy z ka\u017cdym podprocesorem, kt\u00f3re nak\u0142adaj\u0105 na niego obowi\u0105zki ochrony danych co najmniej r\u00f3wnowa\u017cne tym okre\u015blonym w naszej umowie o przetwarzaniu danych z naszymi Klientami. Przeprowadzamy nale\u017cyt\u0105 staranno\u015b\u0107 w odniesieniu do naszych podprocesor\u00f3w, aby zapewni\u0107 ochron\u0119 Danych Osobowych.<br data-v-57f61548=\"\"><br data-v-57f61548=\"\">Niniejsza lista mo\u017ce by\u0107 okresowo aktualizowana. Powiadomimy naszych Klient\u00f3w o wszelkich planowanych zmianach dotycz\u0105cych dodania lub zast\u0105pienia podmiot\u00f3w przetwarzaj\u0105cych zgodnie z warunkami naszej Umowy o przetwarzaniu danych (DPA).<br data-v-57f61548=\"\"><br data-v-57f61548=\"\">Nasza pe\u0142na umowa DPA jest dost\u0119pna&nbsp;<a href=\"https:\/\/meferi.com\/pl\/legal\/data-processing-agreement\/\" target=\"_blank\" rel=\"noopener\" data-v-57f61548=\"\">Tutaj<\/a>&nbsp;.<br data-v-57f61548=\"\"><br data-v-57f61548=\"\"><\/p>\n<div class=\"item_tips_tit\" data-v-57f61548=\"\">Podprocesory MEFERI<\/div>\n<p><br data-v-57f61548=\"\">Podmioty przetwarzaj\u0105ce to strony trzecie upowa\u017cnione przez MEFERI do przetwarzania Danych Osobowych przekazanych przez Klient\u00f3w MEFERI w celu \u015bwiadczenia Us\u0142ug MEFERI.<br data-v-57f61548=\"\"><br data-v-57f61548=\"\">Nazwa podmiotu podprocesoraKategoria us\u0142ugCel przetwarzania\/us\u0142ugi \u015bwiadczone na rzecz MEFERIKraj\/region przetwarzania danych (g\u0142\u00f3wna lokalizacja)Link do dokumentacji ochrony danych podmiotu podprocesora<\/p>\n<table id=\"29ebc854-5bc3-8021-b87d-fe3088845b38\" class=\"simple-table\">\n<thead class=\"simple-table-header\">\n<tr id=\"29ebc854-5bc3-80d0-bf34-e262603c4b8c\">\n<th id=\"m\\b@\" class=\"simple-table-header-color simple-table-header\"><strong>Nazwa podmiotu podprzetwarzaj\u0105cego<\/strong><\/th>\n<th id=\"E@xw\" class=\"simple-table-header-color simple-table-header\"><strong>Kategoria us\u0142ugi<\/strong><\/th>\n<th id=\"{QR_\" class=\"simple-table-header-color simple-table-header\"><strong>Cel przetwarzania \/ Us\u0142ugi \u015bwiadczone na rzecz MEFERI<\/strong><\/th>\n<th id=\"}GCX\" class=\"simple-table-header-color simple-table-header\"><strong>Kraj\/region przetwarzania danych (g\u0142\u00f3wna lokalizacja)<\/strong><\/th>\n<th id=\"TTyk\" class=\"simple-table-header-color simple-table-header\"><strong>Link do dokumentacji dotycz\u0105cej ochrony danych podmiotu przetwarzaj\u0105cego<\/strong><\/th>\n<\/tr>\n<\/thead>\n<tbody>\n<tr id=\"29ebc854-5bc3-800b-8e0d-f236a7079fa4\">\n<td id=\"m\\b@\" class=\"\">Us\u0142ugi internetowe Amazon EMEA SARL<\/td>\n<td id=\"E@xw\" class=\"\">Dostawca infrastruktury chmurowej<\/td>\n<td id=\"{QR_\" class=\"\">Zapewnienie podstawowej infrastruktury przetwarzania w chmurze (w tym serwer\u00f3w, pami\u0119ci masowej, sieci, baz danych) do hostowania podstawowych us\u0142ug MEFERI \u015bwiadczonych klientom (takich jak rozwi\u0105zanie chmurowe MEFERI Shadowalk MDM\/EMM i hostowane w chmurze komponenty inteligentnego asystenta zakupowego (ISA) CIAO) oraz portalu partnerskiego MEFERI (<a href=\"http:\/\/portal.meferi.com\/\">portal.meferi.com<\/a>).<\/td>\n<td id=\"}GCX\" class=\"\">Europejski Obszar Gospodarczy (EOG) \u2013 Francja (region AWS eu-west-3)<\/td>\n<td id=\"TTyk\" class=\"\"><a href=\"https:\/\/aws.amazon.com\/service-terms\/data-processing-addendum\/\">Dodatek dotycz\u0105cy przetwarzania danych AWS<\/a> , <a href=\"https:\/\/aws.amazon.com\/compliance\/gdpr-center\/\">Centrum zgodno\u015bci AWS z RODO<\/a><\/td>\n<\/tr>\n<tr id=\"29ebc854-5bc3-80b6-89ac-eb1162ba2835\">\n<td id=\"m\\b@\" class=\"\">Zoho Corporation BV.<\/td>\n<td id=\"E@xw\" class=\"\">Narz\u0119dzia wsparcia i obs\u0142ugi klienta<\/td>\n<td id=\"{QR_\" class=\"\">Zapewnienie opartego na chmurze systemu obs\u0142ugi zg\u0142osze\u0144 klient\u00f3w i platformy pomocy technicznej (Zoho Desk), dost\u0119pnych pod adresem <a href=\"http:\/\/helpdesk.meferi.com\/\">helpdesk.meferi.com<\/a>, aby zarz\u0105dza\u0107 pro\u015bbami o pomoc techniczn\u0105 zwi\u0105zanymi z Us\u0142ugami.<\/td>\n<td id=\"}GCX\" class=\"\">Unia Europejska (UE)<\/td>\n<td id=\"TTyk\" class=\"\"><a href=\"https:\/\/www.zoho.com\/gdpr.html\">Zoho GDPR<\/a> <a href=\"https:\/\/www.zoho.com\/dpa.html\">Dodatek do przetwarzania danych Zoho<\/a><\/td>\n<\/tr>\n<tr id=\"29ebc854-5bc3-8094-890b-f8407254c6ce\">\n<td id=\"m\\b@\" class=\"\">Twilio Inc.<\/td>\n<td id=\"E@xw\" class=\"\">Dostawcy us\u0142ug komunikacyjnych<\/td>\n<td id=\"{QR_\" class=\"\">Do wysy\u0142ania powiadomie\u0144 SMS (np. alert\u00f3w krytycznych, kod\u00f3w uwierzytelniania dwusk\u0142adnikowego) upowa\u017cnionym u\u017cytkownikom Klienta w zwi\u0105zku z Us\u0142ugami.<\/td>\n<td id=\"}GCX\" class=\"\">USA<\/td>\n<td id=\"TTyk\" class=\"\"><a href=\"https:\/\/www.twilio.com\/legal\/data-protection-addendum\">Dodatek do ochrony danych Twilio<\/a><\/td>\n<\/tr>\n<tr id=\"29ebc854-5bc3-8045-8484-ce79352be118\">\n<td id=\"m\\b@\" class=\"\">Functional Software, Inc. (dzia\u0142aj\u0105ca jako Sentry)<\/td>\n<td id=\"E@xw\" class=\"\">Analityka i monitorowanie wydajno\u015bci us\u0142ug<\/td>\n<td id=\"{QR_\" class=\"\">Do \u015bledzenia b\u0142\u0119d\u00f3w w czasie rzeczywistym i monitorowania wydajno\u015bci w ramach us\u0142ug opartych na chmurze MEFERI w celu identyfikowania i rozwi\u0105zywania problem\u00f3w technicznych.<\/td>\n<td id=\"}GCX\" class=\"\">USA<\/td>\n<td id=\"TTyk\" class=\"\"><a href=\"https:\/\/sentry.io\/legal\/dpa\/\"> Dodatek dotycz\u0105cy przetwarzania danych Sentry <\/a><\/td>\n<\/tr>\n<\/tbody>\n<\/table>\n<p>&nbsp;<\/p>\n<p>W\u0142asne strony internetowe i portale MEFERI (<a href=\"https:\/\/meferi.com\/pl\/\">meferi.com<\/a>, <a href=\"https:\/\/portal.meferi.com\/\">portal.meferi.com<\/a>, <a href=\"https:\/\/helpdesk.meferi.com\/\">helpdesk.meferi.com<\/a>, itp.)<\/p>\n<p>MEFERI prowadzi r\u00f3\u017cne strony internetowe i portale, aby anga\u017cowa\u0107 potencjalnych klient\u00f3w, klient\u00f3w i partner\u00f3w. Nale\u017cy rozr\u00f3\u017cni\u0107 rol\u0119 MEFERI jako Administratora Danych w odniesieniu do w\u0142asnych stron internetowych oraz jako Podmiotu Przetwarzaj\u0105cego Dane w odniesieniu do Us\u0142ug \u015bwiadczonych Klientom.<\/p>\n<ul>\n<li>Gdy MEFERI jest Administratorem Danych: Gdy przekazujesz Dane Osobowe bezpo\u015brednio MEFERI za po\u015brednictwem naszych witryn korporacyjnych i marketingowych (np. wype\u0142niaj\u0105c formularz kontaktowy na stronie <a href=\"https:\/\/meferi.com\/pl\/\">meferi.com<\/a>), MEFERI dzia\u0142a jako Administrator Danych. Przetwarzanie tych danych podlega przepisom MEFERI. <a href=\"https:\/\/meferi.com\/pl\/support-services\/legal-center\/privacy-policy\/\">Polityka prywatno\u015bci<\/a>. Infrastruktur\u0119 dla tych stron internetowych zapewnia firma Kinsta Inc.<\/li>\n<li>Gdy MEFERI jest Podmiotem Przetwarzaj\u0105cym Dane: Gdy przekazujesz Dane Osobowe za po\u015brednictwem portali, kt\u00f3re s\u0105 cz\u0119\u015bci\u0105 Us\u0142ug \u015bwiadczonych naszym Klientom, MEFERI dzia\u0142a jako Podmiot Przetwarzaj\u0105cy Dane w imieniu Klienta. Infrastruktura portalu partnerskiego (<a href=\"https:\/\/portal.meferi.com\/\">portal.meferi.com<\/a>) jest dostarczany przez Amazon Web Services (AWS) i stanowi platform\u0119 portalu obs\u0142ugi klienta (<a href=\"https:\/\/helpdesk.meferi.com\/\">helpdesk.meferi.com<\/a>) jest \u015bwiadczona przez Zoho Corporation BV Zar\u00f3wno AWS, jak i Zoho s\u0105 wymienione w powy\u017cszej tabeli jako podprocesorzy, poniewa\u017c przetwarzaj\u0105 dane, kt\u00f3rych Kontrolerami s\u0105 nasi Klienci.<\/li>\n<\/ul>\n<div class=\"item_tips_tit\" data-v-57f61548=\"\">Rozwi\u0105zania partner\u00f3w zewn\u0119trznych (nie podprocesor\u00f3w MEFERI)<\/div>\n<p><br data-v-57f61548=\"\">Sprz\u0119t i us\u0142ugi MEFERI mog\u0105 by\u0107 u\u017cywane w po\u0142\u0105czeniu z oprogramowaniem lub us\u0142ugami dostarczanymi przez strony trzecie (\u201eRozwi\u0105zania partner\u00f3w zewn\u0119trznych\u201d), takimi jak rozwi\u0105zania p\u0142atnicze, oprogramowanie do samodzielnego skanowania w handlu detalicznym lub specjalistyczne platformy MDM\/EMM, w przypadku kt\u00f3rych Klient mo\u017ce mie\u0107 bezpo\u015brednie stosunki umowne z takimi dostawcami zewn\u0119trznymi.<br data-v-57f61548=\"\"><br data-v-57f61548=\"\">W takich przypadkach zewn\u0119trzny dostawca zazwyczaj dzia\u0142a jako Administrator Danych lub Podmiot Przetwarzaj\u0105cy Dane Osobowe, kt\u00f3re przetwarza w zwi\u0105zku ze swoimi us\u0142ugami, zgodnie z umow\u0105 Klienta zawart\u0105 z tym podmiotem zewn\u0119trznym. Te Rozwi\u0105zania Partnerskie Zewn\u0119trznych Stron nie s\u0105 podwykonawcami MEFERI w rozumieniu naszej Umowy o Ochronie Danych (DPA), a MEFERI nie ponosi odpowiedzialno\u015bci za dzia\u0142ania zwi\u0105zane z przetwarzaniem danych przez te podmioty zewn\u0119trzne, chyba \u017ce taki dostawca jest r\u00f3wnie\u017c wyra\u017anie wymieniony jako podwykonawca MEFERI w powy\u017cszej tabeli w innym celu.<br data-v-57f61548=\"\"><br data-v-57f61548=\"\">Aby uzyska\u0107 informacje o rozwi\u0105zaniach partner\u00f3w zewn\u0119trznych, kt\u00f3re mo\u017cna zintegrowa\u0107 z produktami MEFERI, ale w przypadku kt\u00f3rych Klient nawi\u0105zuje bezpo\u015bredni\u0105 relacj\u0119 z dostawc\u0105, zapoznaj si\u0119 z opisami naszych produkt\u00f3w, takimi jak&nbsp;&nbsp;<a href=\"https:\/\/meferi.com\/pl\/software\/omniindustry-app-suite\/\" target=\"_blank\" rel=\"noopener\" data-v-57f61548=\"\">Pakiet aplikacji OmniIndustry&nbsp;<\/a>lub skontaktuj si\u0119 z nami, aby uzyska\u0107 wi\u0119cej szczeg\u00f3\u0142\u00f3w.<\/p>\n<\/div>\n<\/div>\n<\/div>\n<\/div>\n\r\n\t\t<\/div>\r\n\t<\/div>\r\n<\/div><\/div><\/div>\n<\/div>","protected":false},"excerpt":{"rendered":"Sub-processor List MEFERI Technologies Co., Ltd. (\"MEFERI\", \"We\", \"Us\", or \"Our\") is committed to transparency regarding how We process Personal Data on behalf of Our Customers. This page provides information about the sub-processors MEFERI engages to process Personal Data in connection with the provision of Our Services, as defined in MEFERI's Data Processing Agreement (\"DPA\"). [...]","protected":false},"author":2,"featured_media":0,"parent":1478,"menu_order":0,"comment_status":"closed","ping_status":"closed","template":"","meta":{"_acf_changed":false,"footnotes":""},"industry":[],"class_list":["post-3863","page","type-page","status-publish","hentry"],"acf":[],"_links":{"self":[{"href":"https:\/\/meferi.com\/pl\/wp-json\/wp\/v2\/pages\/3863","targetHints":{"allow":["GET"]}}],"collection":[{"href":"https:\/\/meferi.com\/pl\/wp-json\/wp\/v2\/pages"}],"about":[{"href":"https:\/\/meferi.com\/pl\/wp-json\/wp\/v2\/types\/page"}],"author":[{"embeddable":true,"href":"https:\/\/meferi.com\/pl\/wp-json\/wp\/v2\/users\/2"}],"replies":[{"embeddable":true,"href":"https:\/\/meferi.com\/pl\/wp-json\/wp\/v2\/comments?post=3863"}],"version-history":[{"count":0,"href":"https:\/\/meferi.com\/pl\/wp-json\/wp\/v2\/pages\/3863\/revisions"}],"up":[{"embeddable":true,"href":"https:\/\/meferi.com\/pl\/wp-json\/wp\/v2\/pages\/1478"}],"wp:attachment":[{"href":"https:\/\/meferi.com\/pl\/wp-json\/wp\/v2\/media?parent=3863"}],"wp:term":[{"taxonomy":"industry","embeddable":true,"href":"https:\/\/meferi.com\/pl\/wp-json\/wp\/v2\/industry?post=3863"}],"curies":[{"name":"wp","href":"https:\/\/api.w.org\/{rel}","templated":true}]}}