{"id":1681,"date":"2025-08-09T15:14:55","date_gmt":"2025-08-09T12:14:55","guid":{"rendered":"https:\/\/meferi.pontima.ru\/?page_id=1681"},"modified":"2025-08-29T19:56:38","modified_gmt":"2025-08-29T16:56:38","slug":"contact-support","status":"publish","type":"page","link":"https:\/\/meferi.com\/pl\/contact-meferi\/contact-support\/","title":{"rendered":"Kontakt z pomoc\u0105 techniczn\u0105"},"content":{"rendered":"<div class=\"wpb-content-wrapper\"><div class=\"vc_row wpb_row row top-row gradient-container-1 vc_custom_1754741485176 text-left wpb_custom_034b39d9bc6c6b310d69e39f0ccf274f\"><div class=\"gradient-column-1 vc_column_container col-md-12\"><div class=\"wpb_wrapper vc_column-inner\"><div id=\"ultimate-heading-859669f62ae048530\" class=\"uvc-heading ult-adjust-bottom-margin ultimate-heading-859669f62ae048530 uvc-167\" data-hspacer=\"no_spacer\"  data-halign=\"left\" style=\"text-align:left\"><div class=\"uvc-heading-spacer no_spacer\" style=\"top\"><\/div><div class=\"uvc-main-heading ult-responsive\"  data-ultimate-target='.uvc-heading.ultimate-heading-859669f62ae048530 h2'  data-responsive-json-new='{\"font-size\":\"\",\"line-height\":\"\"}' ><h2 style=\"font-weight:normal;\">Skontaktuj si\u0119 z pomoc\u0105 techniczn\u0105 ekspert\u00f3w MEFERI<\/h2><\/div><div class=\"uvc-sub-heading ult-responsive\"  data-ultimate-target='.uvc-heading.ultimate-heading-859669f62ae048530 .uvc-sub-heading '  data-responsive-json-new='{\"font-size\":\"\",\"line-height\":\"\"}'  style=\"font-weight:normal;\"><\/p>\n<div class=\"tips\" data-v-6effc0f1=\"\">Masz wyzwania techniczne?<\/div>\n<div class=\"tips\" data-v-6effc0f1=\"\">Wype\u0142nij poni\u017cszy formularz, aby skontaktowa\u0107 si\u0119 ze specjalist\u0105 ds. wsparcia MEFERI, kt\u00f3ry udzieli Ci szybkiej pomocy.<\/div>\n<p><\/div><\/div><\/div><\/div><\/div><div class=\"vc_row wpb_row row top-row gradient-container-2 vc_custom_1755694885085 wpb_custom_034b39d9bc6c6b310d69e39f0ccf274f\"><div class=\"gradient-column-2 vc_column_container col-md-12\"><div class=\"wpb_wrapper vc_column-inner\">\n<div class=\"wpcf7 no-js\" id=\"wpcf7-f1680-o1\" lang=\"en-US\" dir=\"ltr\" data-wpcf7-id=\"1680\">\n<div class=\"screen-reader-response\"><p role=\"status\" aria-live=\"polite\" aria-atomic=\"true\"><\/p> <ul><\/ul><\/div>\n<form action=\"\/pl\/wp-json\/wp\/v2\/pages\/1681#wpcf7-f1680-o1\" method=\"post\" class=\"wpcf7-form init wpcf7-acceptance-as-validation\" aria-label=\"Formularz kontaktowy\" novalidate=\"novalidate\" data-status=\"init\" data-trp-original-action=\"\/pl\/wp-json\/wp\/v2\/pages\/1681#wpcf7-f1680-o1\">\n<fieldset class=\"hidden-fields-container\"><input type=\"hidden\" name=\"_wpcf7\" value=\"1680\" \/><input type=\"hidden\" name=\"_wpcf7_version\" value=\"6.1.5\" \/><input type=\"hidden\" name=\"_wpcf7_locale\" value=\"en_US\" \/><input type=\"hidden\" name=\"_wpcf7_unit_tag\" value=\"wpcf7-f1680-o1\" \/><input type=\"hidden\" name=\"_wpcf7_container_post\" value=\"0\" \/><input type=\"hidden\" name=\"_wpcf7_posted_data_hash\" value=\"\" \/><input type=\"hidden\" name=\"_wpcf7_recaptcha_response\" value=\"\" \/>\n<\/fieldset>\n<div class=\"cf7-row\">\n<span id=\"wpcf7-69f62ae04b37e-wrapper\" class=\"wpcf7-form-control-wrap honeypot-142-wrap\" ><input type=\"hidden\" name=\"honeypot-142-time-start\" value=\"1777740512\"><input type=\"hidden\" name=\"honeypot-142-time-check\" value=\"8\"><input id=\"wpcf7-69f62ae04b37e-field\"  class=\"wpcf7-form-control wpcf7-text\" type=\"text\" name=\"honeypot-142\" value=\"\" size=\"40\" tabindex=\"-1\" autocomplete=\"off\" \/><\/span>\n    <div class=\"cf7-col\">\n        <span class=\"wpcf7-form-control-wrap\" data-name=\"your-name\"><input size=\"40\" maxlength=\"400\" class=\"wpcf7-form-control wpcf7-text wpcf7-validates-as-required\" aria-required=\"true\" aria-invalid=\"false\" placeholder=\"Imi\u0119*\" value=\"\" type=\"text\" name=\"your-name\" \/><\/span>\n    <\/div>\n    <div class=\"cf7-col\">\n        <span class=\"wpcf7-form-control-wrap\" data-name=\"last-name\"><input size=\"40\" maxlength=\"400\" class=\"wpcf7-form-control wpcf7-text wpcf7-validates-as-required\" aria-required=\"true\" aria-invalid=\"false\" placeholder=\"Nazwisko*\" value=\"\" type=\"text\" name=\"last-name\" \/><\/span>\n    <\/div>\n<\/div>\n\n<div class=\"cf7-row\">\n    <div class=\"cf7-col\">\n        <span class=\"wpcf7-form-control-wrap\" data-name=\"your-email\"><input size=\"40\" maxlength=\"400\" class=\"wpcf7-form-control wpcf7-email wpcf7-validates-as-required wpcf7-text wpcf7-validates-as-email\" aria-required=\"true\" aria-invalid=\"false\" placeholder=\"E-mail*\" value=\"\" type=\"email\" name=\"your-email\" \/><\/span>\n    <\/div>\n    <div class=\"cf7-col\">\n        <span class=\"wpcf7-form-control-wrap\" data-name=\"phone\"><input size=\"40\" maxlength=\"400\" class=\"wpcf7-form-control wpcf7-tel wpcf7-text wpcf7-validates-as-tel\" aria-invalid=\"false\" placeholder=\"Telefon\" value=\"\" type=\"tel\" name=\"phone\" \/><\/span>\n    <\/div>\n<\/div>\n\n<div class=\"cf7-row\">\n    <div class=\"cf7-col\"><span class=\"wpcf7-form-control-wrap\" data-name=\"preferred-language\"><select class=\"wpcf7-form-control wpcf7-select wpcf7-validates-as-required\" aria-required=\"true\" aria-invalid=\"false\" name=\"preferred-language\"><option value=\"Preferred language\">Preferowany j\u0119zyk<\/option><option value=\"English\">Angielski<\/option><option value=\"Spanish\">hiszpa\u0144ski<\/option><option value=\"Portuguese\">portugalski<\/option><option value=\"German\">niemiecki<\/option><option value=\"French\">francuski<\/option><option value=\"Italian\">w\u0142oski<\/option><option value=\"Turkish\">turecki<\/option><option value=\"Polish\">Polski<\/option><option value=\"Russian\">rosyjski<\/option><option value=\"Arabic\">arabski<\/option><option value=\"Chinese\">chi\u0144ski<\/option><option value=\"Japanese\">japo\u0144ski<\/option><option value=\"Korean\">korea\u0144ski<\/option><option value=\"Vietnamese\">wietnamski<\/option><option value=\"Hindi\">hinduski<\/option><option value=\"Other\">Inny<\/option><\/select><\/span><\/div>\n    <div class=\"cf7-col\">\n        <span class=\"wpcf7-form-control-wrap\" data-name=\"company-name\"><input size=\"40\" maxlength=\"400\" class=\"wpcf7-form-control wpcf7-text wpcf7-validates-as-required\" aria-required=\"true\" aria-invalid=\"false\" placeholder=\"Nazwa firmy*\" value=\"\" type=\"text\" name=\"company-name\" \/><\/span>\n    <\/div>\n<\/div>\n\n<div class=\"cf7-row\">\n    <div class=\"cf7-col\">\n        <span class=\"wpcf7-form-control-wrap\" data-name=\"company-email\"><input size=\"40\" maxlength=\"400\" class=\"wpcf7-form-control wpcf7-email wpcf7-text wpcf7-validates-as-email\" aria-invalid=\"false\" placeholder=\"Adres e-mail firmy\" value=\"\" type=\"email\" name=\"company-email\" \/><\/span>\n    <\/div>\n    <div class=\"cf7-col\">\n        <span class=\"wpcf7-form-control-wrap\" data-name=\"company-website\"><input size=\"40\" maxlength=\"400\" class=\"wpcf7-form-control wpcf7-url wpcf7-text wpcf7-validates-as-url\" aria-invalid=\"false\" placeholder=\"Strona internetowa firmy\" value=\"\" type=\"url\" name=\"company-website\" \/><\/span>\n    <\/div>\n<\/div>\n\n<div class=\"cf7-row\">\n    <div class=\"cf7-col\"><span class=\"wpcf7-form-control-wrap\" data-name=\"project-industry\"><select class=\"wpcf7-form-control wpcf7-select\" aria-invalid=\"false\" name=\"project-industry\"><option value=\"Project Industry\">Bran\u017ca projektowa<\/option><option value=\"Retail\">Sprzeda\u017c detaliczna<\/option><option value=\"Manufacturing\">Produkcja<\/option><option value=\"Transportation and Logistics\">Transport i logistyka<\/option><option value=\"Healthcare\">Opieka zdrowotna<\/option><option value=\"Hospitality\">Go\u015bcinno\u015b\u0107<\/option><option value=\"Government and Public Sector\">Sektor rz\u0105dowy i publiczny<\/option><option value=\"Other\">Inny<\/option><\/select><\/span><\/div>\n    <div class=\"cf7-col\">\n        <span class=\"wpcf7-form-control-wrap\" data-name=\"company-type\"><select class=\"wpcf7-form-control wpcf7-select wpcf7-validates-as-required\" aria-required=\"true\" aria-invalid=\"false\" name=\"company-type\"><option value=\"Company Type*\">Rodzaj firmy*<\/option><option value=\"Distributor\">Dystrybutor<\/option><option value=\"Reseller\">Sprzedawca<\/option><option value=\"Independent Software Vendor (ISV)\">Niezale\u017cny dostawca oprogramowania (ISV)<\/option><option value=\"Systems\/Solutions Integrator (SI)\">Integrator system\u00f3w\/rozwi\u0105za\u0144 (SI)<\/option><option value=\"Repair Specialist\">Specjalista ds. napraw<\/option><option value=\"Other\">Inny<\/option><\/select><\/span><\/div>\n<\/div>\n\n<div class=\"cf7-row\">\n    <div class=\"cf7-col\">\n        <span class=\"wpcf7-form-control-wrap\" data-name=\"role\"><select class=\"wpcf7-form-control wpcf7-select wpcf7-validates-as-required\" aria-required=\"true\" aria-invalid=\"false\" name=\"role\"><option value=\"Your Role in This Inquiry*\">Twoja rola w tym dochodzeniu*<\/option><option value=\"Decision-Maker\">Podejmuj\u0105cy decyzje<\/option><option value=\"Delegated\">Delegowany<\/option><option value=\"Other\">Inny<\/option><\/select><\/span>\n    <\/div>\n    <div class=\"cf7-col\"><span class=\"wpcf7-form-control-wrap\" data-name=\"product-selection\"><select class=\"wpcf7-form-control wpcf7-select wpcf7-validates-as-required\" aria-required=\"true\" aria-invalid=\"false\" name=\"product-selection\"><option value=\"Product Category Selection\">Wyb\u00f3r kategorii produkt\u00f3w<\/option><option value=\"Mobile Computers\">Komputery przeno\u015bne<\/option><option value=\"Barcode Scanners\">Skanery kod\u00f3w kreskowych<\/option><option value=\"Printers\">Drukarki<\/option><option value=\"Tablets and PC\">Tablety i komputery PC<\/option><option value=\"POS\">POS<\/option><option value=\"AIDC Solutions\">Rozwi\u0105zania AIDC<\/option><option value=\"Software\">Oprogramowanie<\/option><option value=\"Services\">Us\u0142ugi<\/option><option value=\"Others\">Inni<\/option><\/select><\/span><\/div>\n<\/div>\n\n<p>Prosimy o szczeg\u00f3\u0142owy opis zg\u0142oszenia poni\u017cej. Je\u015bli problem wymaga sta\u0142ego monitorowania lub potrzebujesz bardziej szczeg\u00f3\u0142owej pomocy, rozwa\u017c zarejestrowanie zg\u0142oszenia na naszej stronie. <a href=\"https:\/\/helpdesk.meferi.com\/\" target=\"_blank\">Biuro pomocy<\/a><\/p>\n\n<span class=\"wpcf7-form-control-wrap\" data-name=\"message\"><textarea cols=\"40\" rows=\"10\" maxlength=\"2000\" class=\"wpcf7-form-control wpcf7-textarea wpcf7-validates-as-required\" aria-required=\"true\" aria-invalid=\"false\" placeholder=\"Wpisz tutaj sw\u00f3j problem lub pytanie.\" name=\"message\"><\/textarea><\/span>\n<br><br>\n<div class=\"cf7-checkbox\">\n    <span class=\"wpcf7-form-control-wrap\" data-name=\"subscribe\"><span class=\"wpcf7-form-control wpcf7-checkbox wpcf7-validates-as-required\"><span class=\"wpcf7-list-item first last\"><label><input type=\"checkbox\" name=\"subscribe[]\" value=\"Subscribe to MEFERI\u2019s updates on new products, market trends, and offers. Unsubscribe at any time.\" \/><span class=\"wpcf7-list-item-label\">Subskrybuj aktualizacje MEFERI dotycz\u0105ce nowych produkt\u00f3w, trend\u00f3w rynkowych i ofert. Mo\u017cesz zrezygnowa\u0107 z subskrypcji w dowolnym momencie.<\/span><\/label><\/span><\/span><\/span>\n<\/div>\n<div class=\"cf7-acceptance\">\n    Zgadzam si\u0119 na &nbsp; <a href=\"\/pl\/privacy-policy\/\" target=\"_blank\"> Polityka prywatno\u015bci <\/a> &nbsp; i wyra\u017cam zgod\u0119 na przetwarzanie moich danych przez MEFERI w celu udzielenia odpowiedzi na moje zapytanie.\n<\/div>\n<br>\n<div class=\"cf7-row\">\n    <div class=\"cf7-submit\">\n    <input class=\"wpcf7-form-control wpcf7-submit has-spinner\" type=\"submit\" value=\"\u2714 Prze\u015blij\" \/>\n<\/div>\n<\/div><p style=\"display: none !important;\" class=\"akismet-fields-container\" data-prefix=\"_wpcf7_ak_\"><label>\u0394<textarea name=\"_wpcf7_ak_hp_textarea\" cols=\"45\" rows=\"8\" maxlength=\"100\"><\/textarea><\/label><input type=\"hidden\" id=\"ak_js_1\" name=\"_wpcf7_ak_js\" value=\"72\"\/><script>document.getElementById( \"ak_js_1\" ).setAttribute( \"value\", ( new Date() ).getTime() );<\/script><\/p><div class=\"wpcf7-response-output\" aria-hidden=\"true\"><\/div>\n<input type=\"hidden\" name=\"trp-form-language\" value=\"pl\"\/><\/form>\n<\/div>\n<\/div><\/div><\/div>\n<\/div>","protected":false},"excerpt":{"rendered":"Connect with MEFERI Expert Support Facing Technical Challenges? Fill Out the Form Below to Get in Touch With a MEFERI Support Specialist Who Will Assist You Swiftly. Preferred languageEnglishSpanishPortugueseGermanFrenchItalianTurkishPolishRussianArabicChineseJapaneseKoreanVietnameseHindiOther Project IndustryRetailManufacturingTransportation and LogisticsHealthcareHospitalityGovernment and Public SectorOther Company Type*DistributorResellerIndependent Software Vendor (ISV)Systems\/Solutions Integrator (SI)Repair SpecialistOther Your Role in This Inquiry*Decision-MakerDelegatedOther Product Category SelectionMobile ComputersBarcode ScannersPrintersTablets and [...]","protected":false},"author":2,"featured_media":8452,"parent":506,"menu_order":0,"comment_status":"closed","ping_status":"closed","template":"","meta":{"_acf_changed":false,"footnotes":""},"industry":[],"class_list":["post-1681","page","type-page","status-publish","has-post-thumbnail","hentry"],"acf":[],"_links":{"self":[{"href":"https:\/\/meferi.com\/pl\/wp-json\/wp\/v2\/pages\/1681","targetHints":{"allow":["GET"]}}],"collection":[{"href":"https:\/\/meferi.com\/pl\/wp-json\/wp\/v2\/pages"}],"about":[{"href":"https:\/\/meferi.com\/pl\/wp-json\/wp\/v2\/types\/page"}],"author":[{"embeddable":true,"href":"https:\/\/meferi.com\/pl\/wp-json\/wp\/v2\/users\/2"}],"replies":[{"embeddable":true,"href":"https:\/\/meferi.com\/pl\/wp-json\/wp\/v2\/comments?post=1681"}],"version-history":[{"count":0,"href":"https:\/\/meferi.com\/pl\/wp-json\/wp\/v2\/pages\/1681\/revisions"}],"up":[{"embeddable":true,"href":"https:\/\/meferi.com\/pl\/wp-json\/wp\/v2\/pages\/506"}],"wp:featuredmedia":[{"embeddable":true,"href":"https:\/\/meferi.com\/pl\/wp-json\/wp\/v2\/media\/8452"}],"wp:attachment":[{"href":"https:\/\/meferi.com\/pl\/wp-json\/wp\/v2\/media?parent=1681"}],"wp:term":[{"taxonomy":"industry","embeddable":true,"href":"https:\/\/meferi.com\/pl\/wp-json\/wp\/v2\/industry?post=1681"}],"curies":[{"name":"wp","href":"https:\/\/api.w.org\/{rel}","templated":true}]}}