{"id":1666,"date":"2025-08-09T14:28:21","date_gmt":"2025-08-09T11:28:21","guid":{"rendered":"https:\/\/meferi.pontima.ru\/?page_id=1666"},"modified":"2025-09-02T11:46:23","modified_gmt":"2025-09-02T08:46:23","slug":"contact-sales","status":"publish","type":"page","link":"https:\/\/meferi.com\/pl\/contact-meferi\/contact-sales\/","title":{"rendered":"Kontakt w sprawie sprzeda\u017cy"},"content":{"rendered":"<div class=\"wpb-content-wrapper\"><div class=\"vc_row wpb_row row top-row gradient-container-1 vc_custom_1754741485176 text-left wpb_custom_034b39d9bc6c6b310d69e39f0ccf274f\"><div class=\"gradient-column-1 vc_column_container col-md-12\"><div class=\"wpb_wrapper vc_column-inner\"><div id=\"ultimate-heading-514069f380a2b3753\" class=\"uvc-heading ult-adjust-bottom-margin ultimate-heading-514069f380a2b3753 uvc-5696\" data-hspacer=\"no_spacer\"  data-halign=\"left\" style=\"text-align:left\"><div class=\"uvc-heading-spacer no_spacer\" style=\"top\"><\/div><div class=\"uvc-main-heading ult-responsive\"  data-ultimate-target='.uvc-heading.ultimate-heading-514069f380a2b3753 h2'  data-responsive-json-new='{\"font-size\":\"\",\"line-height\":\"\"}' ><h2 style=\"font-weight:normal;\">Wsp\u00f3\u0142pracuj z MEFERI: zwi\u0119ksz wzrost i rentowno\u015b\u0107<\/h2><\/div><div class=\"uvc-sub-heading ult-responsive\"  data-ultimate-target='.uvc-heading.ultimate-heading-514069f380a2b3753 .uvc-sub-heading '  data-responsive-json-new='{\"font-size\":\"\",\"line-height\":\"\"}'  style=\"font-weight:normal;\">Chcesz usprawni\u0107 swoje dzia\u0142ania lub poszerzy\u0107 zasi\u0119g rynkowy? Skontaktuj si\u0119 z naszym zespo\u0142em sprzeda\u017cy, aby om\u00f3wi\u0107 swoje potrzeby lub pozna\u0107 mo\u017cliwo\u015bci wsp\u00f3\u0142pracy z dystrybutorami.<\/div><\/div><\/div><\/div><\/div><div class=\"vc_row wpb_row row top-row gradient-container-2 vc_custom_1755694850656 wpb_custom_034b39d9bc6c6b310d69e39f0ccf274f\"><div class=\"gradient-column-2 vc_column_container col-md-12\"><div class=\"wpb_wrapper vc_column-inner\">\n<div class=\"wpcf7 no-js\" id=\"wpcf7-f1669-o1\" lang=\"en-US\" dir=\"ltr\" data-wpcf7-id=\"1669\">\n<div class=\"screen-reader-response\"><p role=\"status\" aria-live=\"polite\" aria-atomic=\"true\"><\/p> <ul><\/ul><\/div>\n<form action=\"\/pl\/wp-json\/wp\/v2\/pages\/1666#wpcf7-f1669-o1\" method=\"post\" class=\"wpcf7-form init wpcf7-acceptance-as-validation\" aria-label=\"Formularz kontaktowy\" novalidate=\"novalidate\" data-status=\"init\" data-trp-original-action=\"\/pl\/wp-json\/wp\/v2\/pages\/1666#wpcf7-f1669-o1\">\n<fieldset class=\"hidden-fields-container\"><input type=\"hidden\" name=\"_wpcf7\" value=\"1669\" \/><input type=\"hidden\" name=\"_wpcf7_version\" value=\"6.1.5\" \/><input type=\"hidden\" name=\"_wpcf7_locale\" value=\"en_US\" \/><input type=\"hidden\" name=\"_wpcf7_unit_tag\" value=\"wpcf7-f1669-o1\" \/><input type=\"hidden\" name=\"_wpcf7_container_post\" value=\"0\" \/><input type=\"hidden\" name=\"_wpcf7_posted_data_hash\" value=\"\" \/><input type=\"hidden\" name=\"_wpcf7_recaptcha_response\" value=\"\" \/>\n<\/fieldset>\n<div class=\"cf7-row\">\n<span id=\"wpcf7-69f380a2b7cb5-wrapper\" class=\"wpcf7-form-control-wrap honeypot-287-wrap\" ><input type=\"hidden\" name=\"honeypot-287-time-start\" value=\"1777565858\"><input type=\"hidden\" name=\"honeypot-287-time-check\" value=\"8\"><input id=\"wpcf7-69f380a2b7cb5-field\"  class=\"wpcf7-form-control wpcf7-text\" type=\"text\" name=\"honeypot-287\" value=\"\" size=\"40\" tabindex=\"-1\" autocomplete=\"off\" \/><\/span>\n    <div class=\"cf7-col\"><span class=\"wpcf7-form-control-wrap\" data-name=\"your-name\"><input size=\"40\" maxlength=\"400\" class=\"wpcf7-form-control wpcf7-text wpcf7-validates-as-required\" aria-required=\"true\" aria-invalid=\"false\" placeholder=\"Imi\u0119*\" value=\"\" type=\"text\" name=\"your-name\" \/><\/span><\/div>\n    <div class=\"cf7-col\"><span class=\"wpcf7-form-control-wrap\" data-name=\"last-name\"><input size=\"40\" maxlength=\"400\" class=\"wpcf7-form-control wpcf7-text wpcf7-validates-as-required\" aria-required=\"true\" aria-invalid=\"false\" placeholder=\"Nazwisko*\" value=\"\" type=\"text\" name=\"last-name\" \/><\/span><\/div>\n<\/div>\n\n<div class=\"cf7-row\">\n    <div class=\"cf7-col\"><span class=\"wpcf7-form-control-wrap\" data-name=\"your-email\"><input size=\"40\" maxlength=\"400\" class=\"wpcf7-form-control wpcf7-email wpcf7-validates-as-required wpcf7-text wpcf7-validates-as-email\" aria-required=\"true\" aria-invalid=\"false\" placeholder=\"E-mail*\" value=\"\" type=\"email\" name=\"your-email\" \/><\/span><\/div>\n    <div class=\"cf7-col\"><span class=\"wpcf7-form-control-wrap\" data-name=\"phone\"><input size=\"40\" maxlength=\"400\" class=\"wpcf7-form-control wpcf7-tel wpcf7-text wpcf7-validates-as-tel\" aria-invalid=\"false\" placeholder=\"Telefon\" value=\"\" type=\"tel\" name=\"phone\" \/><\/span><\/div>\n<\/div>\n\n<div class=\"cf7-row\">\n    <div class=\"cf7-col\"><span class=\"wpcf7-form-control-wrap\" data-name=\"preferred-language\"><select class=\"wpcf7-form-control wpcf7-select wpcf7-validates-as-required\" aria-required=\"true\" aria-invalid=\"false\" name=\"preferred-language\"><option value=\"\">Preferowany j\u0119zyk*<\/option><option value=\"English\">Angielski<\/option><option value=\"Spanish\">hiszpa\u0144ski<\/option><option value=\"Portuguese\">portugalski<\/option><option value=\"German\">niemiecki<\/option><option value=\"French\">francuski<\/option><option value=\"Italian\">w\u0142oski<\/option><option value=\"Turkish\">turecki<\/option><option value=\"Polish\">Polski<\/option><option value=\"Russian\">rosyjski<\/option><option value=\"Arabic\">arabski<\/option><option value=\"Chinese\">chi\u0144ski<\/option><option value=\"Japanese\">japo\u0144ski<\/option><option value=\"Korean\">korea\u0144ski<\/option><option value=\"Vietnamese\">wietnamski<\/option><option value=\"Hindi\">hinduski<\/option><option value=\"Other\">Inny<\/option><\/select><\/span><\/div>\n\n    <div class=\"cf7-col\"><span class=\"wpcf7-form-control-wrap\" data-name=\"company-name\"><input size=\"40\" maxlength=\"400\" class=\"wpcf7-form-control wpcf7-text wpcf7-validates-as-required\" aria-required=\"true\" aria-invalid=\"false\" placeholder=\"Nazwa firmy*\" value=\"\" type=\"text\" name=\"company-name\" \/><\/span><\/div>\n<\/div>\n\n<div class=\"cf7-row\">\n    <div class=\"cf7-col\"><span class=\"wpcf7-form-control-wrap\" data-name=\"company-email\"><input size=\"40\" maxlength=\"400\" class=\"wpcf7-form-control wpcf7-email wpcf7-text wpcf7-validates-as-email\" aria-invalid=\"false\" placeholder=\"Adres e-mail firmy\" value=\"\" type=\"email\" name=\"company-email\" \/><\/span><\/div>\n    <div class=\"cf7-col\"><span class=\"wpcf7-form-control-wrap\" data-name=\"company-website\"><input size=\"40\" maxlength=\"400\" class=\"wpcf7-form-control wpcf7-url wpcf7-text wpcf7-validates-as-url\" aria-invalid=\"false\" placeholder=\"Strona internetowa firmy\" value=\"\" type=\"url\" name=\"company-website\" \/><\/span><\/div>\n<\/div>\n\n<div class=\"cf7-row\">\n    <div class=\"cf7-col\"><span class=\"wpcf7-form-control-wrap\" data-name=\"project-industry\"><select class=\"wpcf7-form-control wpcf7-select wpcf7-validates-as-required\" aria-required=\"true\" aria-invalid=\"false\" name=\"project-industry\"><option value=\"\">Twoja bran\u017ca*<\/option><option value=\"Retail and Commerce\">Sprzeda\u017c detaliczna i handel<\/option><option value=\"Logistics and Supply Chain\">Logistyka i \u0142a\u0144cuch dostaw<\/option><option value=\"Manufacturing and Industrial\">Produkcja i przemys\u0142<\/option><option value=\"Field Services and Operations\">Us\u0142ugi i operacje terenowe<\/option><option value=\"Government and Public Sector\">Sektor rz\u0105dowy i publiczny<\/option><option value=\"Healthcare\">Opieka zdrowotna<\/option><option value=\"Hospitality\">Go\u015bcinno\u015b\u0107<\/option><option value=\"Other\">Inny<\/option><\/select><\/span><\/div>\n\n    <div class=\"cf7-col\"><span class=\"wpcf7-form-control-wrap\" data-name=\"company-type\"><select class=\"wpcf7-form-control wpcf7-select wpcf7-validates-as-required\" aria-required=\"true\" aria-invalid=\"false\" name=\"company-type\"><option value=\"\">Typ Twojej firmy*<\/option><option value=\"Distributor\">Dystrybutor<\/option><option value=\"Reseller\">Sprzedawca<\/option><option value=\"Independent Software Vendor (ISV)\">Niezale\u017cny dostawca oprogramowania (ISV)<\/option><option value=\"Systems Integrator (SI)\">Integrator system\u00f3w (SI)<\/option><option value=\"Service and Repair Provider\">Dostawca us\u0142ug i napraw<\/option><option value=\"Other\">Inny<\/option><\/select><\/span>\n<\/div>\n<\/div>\n\n<div class=\"cf7-row\">\n    <div class=\"cf7-col\"><span class=\"wpcf7-form-control-wrap\" data-name=\"your-role\"><select class=\"wpcf7-form-control wpcf7-select wpcf7-validates-as-required\" aria-required=\"true\" aria-invalid=\"false\" name=\"your-role\"><option value=\"\">Twoja rola w tym dochodzeniu*<\/option><option value=\"Decision-Maker\">Podejmuj\u0105cy decyzje<\/option><option value=\"Representative\">Przedstawiciel<\/option><option value=\"Other\">Inny<\/option><\/select><\/span>\n<\/div>\n\n    <div class=\"cf7-col\"><span class=\"wpcf7-form-control-wrap\" data-name=\"product-selection\"><select class=\"wpcf7-form-control wpcf7-select wpcf7-validates-as-required\" aria-required=\"true\" aria-invalid=\"false\" name=\"product-selection\"><option value=\"\">Wyb\u00f3r produktu*<\/option><option value=\"AIDC Solutions\">Rozwi\u0105zania AIDC<\/option><option value=\"Mobile Computers\">Komputery przeno\u015bne<\/option><option value=\"Barcode Scanners\">Skanery kod\u00f3w kreskowych<\/option><option value=\"Printers\">Drukarki<\/option><option value=\"Tablets and PC\">Tablety i komputery PC<\/option><option value=\"POS\">POS<\/option><option value=\"Software\">Oprogramowanie<\/option><option value=\"MeCare Service Plans\">Plany us\u0142ug MeCare<\/option><option value=\"Accessories\">Akcesoria<\/option><option value=\"Multiple Products\">Wiele produkt\u00f3w<\/option><option value=\"Others\">Inni<\/option><\/select><\/span><\/div>\n<\/div>\n\n<div class=\"cf7-row\">\n    <div class=\"cf7-col-full\"><span class=\"wpcf7-form-control-wrap\" data-name=\"message\"><textarea cols=\"40\" rows=\"10\" maxlength=\"2000\" class=\"wpcf7-form-control wpcf7-textarea wpcf7-validates-as-required\" aria-required=\"true\" aria-invalid=\"false\" placeholder=\"Opisz dok\u0142adnie potrzeby swojej firmy lub zadaj pytanie tutaj.*\" name=\"message\"><\/textarea><\/span><\/div>\n<\/div>\n<br>\n\n<div class=\"cf7-checkbox\">\n    <span class=\"wpcf7-form-control-wrap\" data-name=\"subscribe\"><span class=\"wpcf7-form-control wpcf7-checkbox wpcf7-validates-as-required\"><span class=\"wpcf7-list-item first last\"><label><input type=\"checkbox\" name=\"subscribe[]\" value=\"I agree to the Site terms and subscribe to MEFERI\u2019s updates on new products, market trends, and offers (Unsubscribe at any time)\" \/><span class=\"wpcf7-list-item-label\">Zgadzam si\u0119 z warunkami korzystania ze strony i subskrybuj\u0119 aktualizacje MEFERI dotycz\u0105ce nowych produkt\u00f3w, trend\u00f3w rynkowych i ofert (mo\u017cna zrezygnowa\u0107 z subskrypcji w dowolnym momencie)<\/span><\/label><\/span><\/span><\/span>\n<\/div>\n\n<div class=\"cf7-acceptance\">\n    Zgadzam si\u0119 r\u00f3wnie\u017c na &nbsp; <a href=\"\/pl\/privacy-policy\/\" target=\"_blank\"> Polityka prywatno\u015bci <\/a> &nbsp; i wyra\u017cam zgod\u0119 na przetwarzanie moich danych osobowych przez MEFERI w celu udzielenia odpowiedzi na moje zapytanie.\n<\/div>\n\n<br>\n<div class=\"cf7-row\">\n    <div class=\"cf7-submit\">\n    <input class=\"wpcf7-form-control wpcf7-submit has-spinner\" type=\"submit\" value=\"\u2714 Prze\u015blij\" \/>\n<\/div>\n<\/div><p style=\"display: none !important;\" class=\"akismet-fields-container\" data-prefix=\"_wpcf7_ak_\"><label>\u0394<textarea name=\"_wpcf7_ak_hp_textarea\" cols=\"45\" rows=\"8\" maxlength=\"100\"><\/textarea><\/label><input type=\"hidden\" id=\"ak_js_1\" name=\"_wpcf7_ak_js\" value=\"35\"\/><script>document.getElementById( \"ak_js_1\" ).setAttribute( \"value\", ( new Date() ).getTime() );<\/script><\/p><div class=\"wpcf7-response-output\" aria-hidden=\"true\"><\/div>\n<input type=\"hidden\" name=\"trp-form-language\" value=\"pl\"\/><\/form>\n<\/div>\n<\/div><\/div><\/div>\n<\/div>","protected":false},"excerpt":{"rendered":"Partner with MEFERI: Drive Growth and Enhance ProfitabilityReady to Enhance Your Operations or Expand Your Market Reach? Connect With Our Sales Team to Discuss Your Needs or to Explore Distributor Opportunities. Preferred language*EnglishSpanishPortugueseGermanFrenchItalianTurkishPolishRussianArabicChineseJapaneseKoreanVietnameseHindiOther Your Industry*Retail and CommerceLogistics and Supply ChainManufacturing and IndustrialField Services and OperationsGovernment and Public SectorHealthcareHospitalityOther Your Company Type*DistributorResellerIndependent Software Vendor (ISV)Systems Integrator [...]","protected":false},"author":2,"featured_media":8511,"parent":506,"menu_order":0,"comment_status":"closed","ping_status":"closed","template":"","meta":{"_acf_changed":false,"footnotes":""},"industry":[],"class_list":["post-1666","page","type-page","status-publish","has-post-thumbnail","hentry"],"acf":[],"_links":{"self":[{"href":"https:\/\/meferi.com\/pl\/wp-json\/wp\/v2\/pages\/1666","targetHints":{"allow":["GET"]}}],"collection":[{"href":"https:\/\/meferi.com\/pl\/wp-json\/wp\/v2\/pages"}],"about":[{"href":"https:\/\/meferi.com\/pl\/wp-json\/wp\/v2\/types\/page"}],"author":[{"embeddable":true,"href":"https:\/\/meferi.com\/pl\/wp-json\/wp\/v2\/users\/2"}],"replies":[{"embeddable":true,"href":"https:\/\/meferi.com\/pl\/wp-json\/wp\/v2\/comments?post=1666"}],"version-history":[{"count":0,"href":"https:\/\/meferi.com\/pl\/wp-json\/wp\/v2\/pages\/1666\/revisions"}],"up":[{"embeddable":true,"href":"https:\/\/meferi.com\/pl\/wp-json\/wp\/v2\/pages\/506"}],"wp:featuredmedia":[{"embeddable":true,"href":"https:\/\/meferi.com\/pl\/wp-json\/wp\/v2\/media\/8511"}],"wp:attachment":[{"href":"https:\/\/meferi.com\/pl\/wp-json\/wp\/v2\/media?parent=1666"}],"wp:term":[{"taxonomy":"industry","embeddable":true,"href":"https:\/\/meferi.com\/pl\/wp-json\/wp\/v2\/industry?post=1666"}],"curies":[{"name":"wp","href":"https:\/\/api.w.org\/{rel}","templated":true}]}}