{"id":1478,"date":"2025-08-08T22:48:25","date_gmt":"2025-08-08T19:48:25","guid":{"rendered":"https:\/\/meferi.pontima.ru\/?page_id=1478"},"modified":"2025-12-08T09:58:05","modified_gmt":"2025-12-08T08:58:05","slug":"legal-center","status":"publish","type":"page","link":"https:\/\/meferi.com\/pl\/support-services\/legal-center\/","title":{"rendered":"Centrum prawne"},"content":{"rendered":"<div class=\"wpb-content-wrapper\"><div class=\"vc_row wpb_row row top-row gradient-container-1 rounded-section vc_custom_1754685343689 vc_row-has-fill vc_row-o-content-top vc_row-flex wpb_custom_034b39d9bc6c6b310d69e39f0ccf274f\"><div class=\"gradient-column-1 vc_column_container col-md-12\"><div class=\"wpb_wrapper vc_column-inner\"><div class=\"porto-sicon-box  vc_custom_1765183979711  wpb_custom_f8737a399eacfdac5261a717afa60878 style_1 default-icon flex-wrap\"><div class=\"porto-sicon-header\"><h2 class=\"porto-sicon-title\" style=\"\">Centrum prawne<\/h2><\/div> <!-- header --><div class=\"porto-sicon-description\" style=\"\">\n<div class=\"line_title\" data-v-71cf0454=\"\"><\/div>\n<div class=\"line_tip\" data-v-71cf0454=\"\">Uzyskaj dost\u0119p do dokumentacji prawnej MEFERI: polityki prywatno\u015bci, umowy o przetwarzaniu danych, listy podwykonawc\u00f3w, warunk\u00f3w gwarancji, przewodnik\u00f3w i certyfikat\u00f3w.<\/div>\n<p><\/div> <!-- description --><\/div><!-- porto-sicon-box --><\/div><\/div><\/div><div class=\"vc_row wpb_row row top-row gradient-container-2 vc_custom_1754644213290 vc_column-gap-15 vc_row-has-fill vc_row-o-equal-height vc_row-flex wpb_custom_034b39d9bc6c6b310d69e39f0ccf274f\"><div class=\"gradient-column-2 vc_column_container col-md-4 vc_custom_1754469150485\"><div class=\"wpb_wrapper vc_column-inner\"><div class=\"porto-ultimate-content-box-container my-rounded-box my-gradient-box\"><style>.porto_ucb_bd0f4babf7c24dafca3fc6bc2d95b490:hover{box-shadow:3px 3px 3px 3px #eef4fc}<\/style><div class=\"porto-ultimate-content-box vc_custom_1756818863230 porto_ucb_bd0f4babf7c24dafca3fc6bc2d95b490\" style=\"background-color:#eef4fc;min-height:377px;\" data-bg=\"#eef4fc\"><div class=\"porto-sicon-box  vc_custom_1755170671023  wpb_custom_b29135b514df20cf3bdbf7820a3ed018 style_1 top-icon\"><div class=\"porto-sicon-top\"><div class=\"porto-just-icon-wrapper porto-sicon-img  porto-icon-9f5d1cfb45d27d96b50bf473aebba227\" style=\"font-size: 66px;\"><img loading=\"lazy\" decoding=\"async\" class=\"img-icon\" alt=\"\" src=\"https:\/\/meferi.com\/wp-content\/uploads\/2025\/08\/\u0411\u0435\u0437-\u043d\u0430\u0437\u0432\u0430\u043d\u0438\u044f-18.png\" width=\"90\" height=\"90\" \/><\/div><\/div><div class=\"porto-sicon-header\"><h4 class=\"porto-sicon-title\" style=\"\">Umowa o przetwarzaniu danych<\/h4><\/div> <!-- header --><div class=\"porto-sicon-description\" style=\"\">Szczeg\u00f3\u0142y dotycz\u0105ce praktyk MEFERI w zakresie przetwarzania danych, zgodnych z RODO.<a class=\"porto-sicon-read xx\" href=\"https:\/\/meferi.com\/pl\/support-services\/legal-center\/data-processing-agreement\/\">Dowiedz si\u0119 wi\u0119cej<span>&nbsp;\"<\/span><\/a><\/div> <!-- description --><\/div><!-- porto-sicon-box --><\/div><\/div><\/div><\/div><div class=\"gradient-column-3 vc_column_container col-md-4\"><div class=\"wpb_wrapper vc_column-inner\"><div class=\"porto-ultimate-content-box-container my-rounded-box\"><style>.porto_ucb_bd0f4babf7c24dafca3fc6bc2d95b490:hover{box-shadow:3px 3px 3px 3px #eef4fc}<\/style><div class=\"porto-ultimate-content-box vc_custom_1756818868456 porto_ucb_bd0f4babf7c24dafca3fc6bc2d95b490\" style=\"background-color:#eef4fc;min-height:377px;\" data-bg=\"#eef4fc\"><div class=\"porto-sicon-box  vc_custom_1761826836113  wpb_custom_b29135b514df20cf3bdbf7820a3ed018 style_1 top-icon\"><div class=\"porto-sicon-top\"><div class=\"porto-just-icon-wrapper porto-sicon-img  porto-icon-9f5d1cfb45d27d96b50bf473aebba227\" style=\"font-size: 66px;\"><img loading=\"lazy\" decoding=\"async\" class=\"img-icon\" alt=\"\" src=\"https:\/\/meferi.com\/wp-content\/uploads\/2025\/08\/\u0411\u0435\u0437-\u043d\u0430\u0437\u0432\u0430\u043d\u0438\u044f-19.png\" width=\"90\" height=\"90\" \/><\/div><\/div><div class=\"porto-sicon-header\"><h4 class=\"porto-sicon-title\" style=\"\">Lista podprocesor\u00f3w<\/h4><\/div> <!-- header --><div class=\"porto-sicon-description\" style=\"\">Podaje nazwy zewn\u0119trznych dostawc\u00f3w us\u0142ug, kt\u00f3rych dost\u0119p do danych podlega kontroli MEFERI.<a class=\"porto-sicon-read xx\" href=\"https:\/\/meferi.com\/pl\/support-services\/legal-center\/sub-processor-list\/\">Dowiedz si\u0119 wi\u0119cej<span>&nbsp;\"<\/span><\/a><\/div> <!-- description --><\/div><!-- porto-sicon-box --><\/div><\/div><\/div><\/div><div class=\"gradient-column-4 vc_column_container col-md-4\"><div class=\"wpb_wrapper vc_column-inner\"><div class=\"porto-ultimate-content-box-container my-rounded-box\"><style>.porto_ucb_bd0f4babf7c24dafca3fc6bc2d95b490:hover{box-shadow:3px 3px 3px 3px #eef4fc}<\/style><div class=\"porto-ultimate-content-box vc_custom_1756818873801 porto_ucb_bd0f4babf7c24dafca3fc6bc2d95b490\" style=\"background-color:#eef4fc;min-height:377px;\" data-bg=\"#eef4fc\"><div class=\"porto-sicon-box  vc_custom_1755170397700  wpb_custom_b29135b514df20cf3bdbf7820a3ed018 style_1 top-icon\"><div class=\"porto-sicon-top\"><div class=\"porto-just-icon-wrapper porto-sicon-img  porto-icon-9f5d1cfb45d27d96b50bf473aebba227\" style=\"font-size: 66px;\"><img loading=\"lazy\" decoding=\"async\" class=\"img-icon\" alt=\"\" src=\"https:\/\/meferi.com\/wp-content\/uploads\/2025\/08\/\u0411\u0435\u0437-\u043d\u0430\u0437\u0432\u0430\u043d\u0438\u044f-20.png\" width=\"90\" height=\"91\" \/><\/div><\/div><div class=\"porto-sicon-header\"><h4 class=\"porto-sicon-title\" style=\"\">Polityka prywatno\u015bci<\/h4><\/div> <!-- header --><div class=\"porto-sicon-description\" style=\"\">W tym artykule opisano, w jaki spos\u00f3b MEFERI gromadzi, przechowuje i chroni Twoje dane osobowe.<a class=\"porto-sicon-read xx\" href=\"https:\/\/meferi.com\/pl\/privacy-policy\/\">Dowiedz si\u0119 wi\u0119cej<span>&nbsp;\"<\/span><\/a><\/div> <!-- description --><\/div><!-- porto-sicon-box --><\/div><\/div><\/div><\/div><\/div><div class=\"vc_row wpb_row row top-row gradient-container-3 vc_custom_1754685263510 vc_column-gap-15 vc_row-has-fill vc_row-o-equal-height vc_row-flex wpb_custom_034b39d9bc6c6b310d69e39f0ccf274f\"><div class=\"gradient-column-5 vc_column_container col-md-4 vc_custom_1754469150485\"><div class=\"wpb_wrapper vc_column-inner\"><div class=\"porto-ultimate-content-box-container my-rounded-box my-gradient-box\"><style>.porto_ucb_bd0f4babf7c24dafca3fc6bc2d95b490:hover{box-shadow:3px 3px 3px 3px #eef4fc}<\/style><div class=\"porto-ultimate-content-box vc_custom_1756818880188 porto_ucb_bd0f4babf7c24dafca3fc6bc2d95b490\" style=\"background-color:#eef4fc;min-height:377px;\" data-bg=\"#eef4fc\"><div class=\"porto-sicon-box  vc_custom_1761812539213  wpb_custom_b29135b514df20cf3bdbf7820a3ed018 style_1 top-icon\"><div class=\"porto-sicon-top\"><div class=\"porto-just-icon-wrapper porto-sicon-img  porto-icon-9f5d1cfb45d27d96b50bf473aebba227\" style=\"font-size: 66px;\"><img loading=\"lazy\" decoding=\"async\" class=\"img-icon\" alt=\"\" src=\"https:\/\/meferi.com\/wp-content\/uploads\/2025\/08\/\u0411\u0435\u0437-\u043d\u0430\u0437\u0432\u0430\u043d\u0438\u044f-21.png\" width=\"90\" height=\"90\" \/><\/div><\/div><div class=\"porto-sicon-header\"><h4 class=\"porto-sicon-title\" style=\"\">Instrukcje obs\u0142ugi i podr\u0119czniki<\/h4><\/div> <!-- header --><div class=\"porto-sicon-description\" style=\"\">Instrukcje do pobrania dla urz\u0105dze\u0144 i oprogramowania MEFERI.<a class=\"porto-sicon-read xx\" href=\"https:\/\/meferi.com\/pl\/support-services\/document-library\/\" target='_blank'>Dowiedz si\u0119 wi\u0119cej<span>&nbsp;\"<\/span><\/a><\/div> <!-- description --><\/div><!-- porto-sicon-box --><\/div><\/div><\/div><\/div><div class=\"gradient-column-6 vc_column_container col-md-4\"><div class=\"wpb_wrapper vc_column-inner\"><div class=\"porto-ultimate-content-box-container my-rounded-box\"><style>.porto_ucb_bd0f4babf7c24dafca3fc6bc2d95b490:hover{box-shadow:3px 3px 3px 3px #eef4fc}<\/style><div class=\"porto-ultimate-content-box vc_custom_1756818883300 porto_ucb_bd0f4babf7c24dafca3fc6bc2d95b490\" style=\"background-color:#eef4fc;min-height:377px;\" data-bg=\"#eef4fc\"><div class=\"porto-sicon-box  vc_custom_1755170790279  wpb_custom_b29135b514df20cf3bdbf7820a3ed018 style_1 top-icon\"><div class=\"porto-sicon-top\"><div class=\"porto-just-icon-wrapper porto-sicon-img  porto-icon-9f5d1cfb45d27d96b50bf473aebba227\" style=\"font-size: 66px;\"><img loading=\"lazy\" decoding=\"async\" class=\"img-icon\" alt=\"\" src=\"https:\/\/meferi.com\/wp-content\/uploads\/2025\/08\/\u0411\u0435\u0437-\u043d\u0430\u0437\u0432\u0430\u043d\u0438\u044f-22.png\" width=\"90\" height=\"90\" \/><\/div><\/div><div class=\"porto-sicon-header\"><h4 class=\"porto-sicon-title\" style=\"\">Warunki gwarancji<\/h4><\/div> <!-- header --><div class=\"porto-sicon-description\" style=\"\">Obejmuje warunki gwarancji na urz\u0105dzenie, roszczenia i wy\u0142\u0105czenia.<a class=\"porto-sicon-read xx\" href=\"https:\/\/meferi.com\/pl\/support-services\/legal-center\/warranty-terms-and-conditions\/\">Dowiedz si\u0119 wi\u0119cej<span>&nbsp;\"<\/span><\/a><\/div> <!-- description --><\/div><!-- porto-sicon-box --><\/div><\/div><\/div><\/div><div class=\"gradient-column-7 vc_column_container col-md-4\"><div class=\"wpb_wrapper vc_column-inner\"><div class=\"porto-ultimate-content-box-container my-rounded-box\"><style>.porto_ucb_bd0f4babf7c24dafca3fc6bc2d95b490:hover{box-shadow:3px 3px 3px 3px #eef4fc}<\/style><div class=\"porto-ultimate-content-box vc_custom_1756818890885 porto_ucb_bd0f4babf7c24dafca3fc6bc2d95b490\" style=\"background-color:#eef4fc;min-height:377px;\" data-bg=\"#eef4fc\"><div class=\"porto-sicon-box  vc_custom_1761815104747  wpb_custom_b29135b514df20cf3bdbf7820a3ed018 style_1 top-icon\"><div class=\"porto-sicon-top\"><div class=\"porto-just-icon-wrapper porto-sicon-img  porto-icon-9f5d1cfb45d27d96b50bf473aebba227\" style=\"font-size: 66px;\"><img loading=\"lazy\" decoding=\"async\" class=\"img-icon\" alt=\"\" src=\"https:\/\/meferi.com\/wp-content\/uploads\/2025\/08\/\u0411\u0435\u0437-\u043d\u0430\u0437\u0432\u0430\u043d\u0438\u044f-22.png\" width=\"90\" height=\"90\" \/><\/div><\/div><div class=\"porto-sicon-header\"><h4 class=\"porto-sicon-title\" style=\"\">Powiadomienie o ko\u0144cu cyklu \u017cycia (EOL)<\/h4><\/div> <!-- header --><div class=\"porto-sicon-description\" style=\"\">Powiadomienie o ko\u0144cu cyklu \u017cycia (EOL), dost\u0119pno\u015bci cz\u0119\u015bci zamiennych i o\u015bwiadczeniu dotycz\u0105cym wsparcia bezpiecze\u0144stwa<a class=\"porto-sicon-read xx\" href=\"https:\/\/meferi.com\/pl\/support-services\/legal-center\/end-of-life-eol-notification-spare-parts-availability-and-security-support-statement\/\">Dowiedz si\u0119 wi\u0119cej<span>&nbsp;\"<\/span><\/a><\/div> <!-- description --><\/div><!-- porto-sicon-box --><\/div><\/div><\/div><\/div><\/div><div class=\"vc_row wpb_row row top-row gradient-container-4 vc_custom_1760517884772 vc_column-gap-15 vc_row-has-fill vc_row-o-equal-height vc_row-flex wpb_custom_034b39d9bc6c6b310d69e39f0ccf274f\"><div class=\"gradient-column-8 vc_column_container col-md-4 vc_custom_1754469150485\"><div class=\"wpb_wrapper vc_column-inner\"><div class=\"porto-ultimate-content-box-container my-rounded-box\"><style>.porto_ucb_bd0f4babf7c24dafca3fc6bc2d95b490:hover{box-shadow:3px 3px 3px 3px #eef4fc}<\/style><div class=\"porto-ultimate-content-box vc_custom_1756818899367 porto_ucb_bd0f4babf7c24dafca3fc6bc2d95b490\" style=\"background-color:#eef4fc;min-height:377px;\" data-bg=\"#eef4fc\"><div class=\"porto-sicon-box  vc_custom_1765183926379  wpb_custom_b29135b514df20cf3bdbf7820a3ed018 style_1 top-icon\"><div class=\"porto-sicon-top\"><div class=\"porto-just-icon-wrapper porto-sicon-img  porto-icon-9f5d1cfb45d27d96b50bf473aebba227\" style=\"font-size: 66px;\"><img loading=\"lazy\" decoding=\"async\" class=\"img-icon\" alt=\"\" src=\"https:\/\/meferi.com\/wp-content\/uploads\/2025\/08\/\u0411\u0435\u0437-\u043d\u0430\u0437\u0432\u0430\u043d\u0438\u044f-23.png\" width=\"90\" height=\"90\" \/><\/div><\/div><div class=\"porto-sicon-header\"><h4 class=\"porto-sicon-title\" style=\"\">Certyfikaty produkt\u00f3w<\/h4><\/div> <!-- header --><div class=\"porto-sicon-description\" style=\"\">Uzyskaj dost\u0119p do dokumentacji CE, FCC, RoHS, AER, GMS i bezpiecze\u0144stwa.<a class=\"porto-sicon-read xx\" href=\"https:\/\/meferi.com\/pl\/support-services\/product-certificates\/\">Dowiedz si\u0119 wi\u0119cej<span>&nbsp;\"<\/span><\/a><\/div> <!-- description --><\/div><!-- porto-sicon-box --><\/div><\/div><\/div><\/div><div class=\"gradient-column-9 vc_column_container col-md-4\"><div class=\"wpb_wrapper vc_column-inner\"><div class=\"porto-ultimate-content-box-container my-rounded-box\"><style>.porto_ucb_bd0f4babf7c24dafca3fc6bc2d95b490:hover{box-shadow:3px 3px 3px 3px #eef4fc}<\/style><div class=\"porto-ultimate-content-box vc_custom_1765182243119 porto_ucb_bd0f4babf7c24dafca3fc6bc2d95b490\" style=\"background-color:#eef4fc;min-height:377px;\" data-bg=\"#eef4fc\"><div class=\"porto-sicon-box  vc_custom_1761815077496  wpb_custom_b29135b514df20cf3bdbf7820a3ed018 style_1 top-icon\"><div class=\"porto-sicon-top\"><div class=\"porto-just-icon-wrapper porto-sicon-img  porto-icon-9f5d1cfb45d27d96b50bf473aebba227\" style=\"font-size: 66px;\"><img loading=\"lazy\" decoding=\"async\" class=\"img-icon\" alt=\"\" src=\"https:\/\/meferi.com\/wp-content\/uploads\/2025\/08\/\u0411\u0435\u0437-\u043d\u0430\u0437\u0432\u0430\u043d\u0438\u044f-24.png\" width=\"90\" height=\"90\" \/><\/div><\/div><div class=\"porto-sicon-header\"><h4 class=\"porto-sicon-title\" style=\"\">Warunki korzystania z us\u0142ugi<\/h4><\/div> <!-- header --><div class=\"porto-sicon-description\" style=\"\">Okre\u015bla warunki korzystania ze stron internetowych, us\u0142ug i platform MEFERI.<a class=\"porto-sicon-read xx\" href=\"https:\/\/meferi.com\/pl\/support-services\/legal-center\/terms-service\/\">Dowiedz si\u0119 wi\u0119cej<span>&nbsp;\"<\/span><\/a><\/div> <!-- description --><\/div><!-- porto-sicon-box --><\/div><\/div><\/div><\/div><div class=\"gradient-column-10 vc_column_container col-md-4\"><div class=\"wpb_wrapper vc_column-inner\"><div class=\"porto-ultimate-content-box-container my-rounded-box\"><style>.porto_ucb_bd0f4babf7c24dafca3fc6bc2d95b490:hover{box-shadow:3px 3px 3px 3px #eef4fc}<\/style><div class=\"porto-ultimate-content-box vc_custom_1756818899367 porto_ucb_bd0f4babf7c24dafca3fc6bc2d95b490\" style=\"background-color:#eef4fc;min-height:377px;\" data-bg=\"#eef4fc\"><div class=\"porto-sicon-box  vc_custom_1761815040330  wpb_custom_b29135b514df20cf3bdbf7820a3ed018 style_1 top-icon\"><div class=\"porto-sicon-top\"><div class=\"porto-just-icon-wrapper porto-sicon-img  porto-icon-9f5d1cfb45d27d96b50bf473aebba227\" style=\"font-size: 66px;\"><img loading=\"lazy\" decoding=\"async\" class=\"img-icon\" alt=\"\" src=\"https:\/\/meferi.com\/wp-content\/uploads\/2025\/08\/\u0411\u0435\u0437-\u043d\u0430\u0437\u0432\u0430\u043d\u0438\u044f-24.png\" width=\"90\" height=\"90\" \/><\/div><\/div><div class=\"porto-sicon-header\"><h4 class=\"porto-sicon-title\" style=\"\">Globalna polityka wysy\u0142kowa<\/h4><\/div> <!-- header --><div class=\"porto-sicon-description\" style=\"\">Definiuje globaln\u0105 polityk\u0119 wysy\u0142kow\u0105 MEFERI.<a class=\"porto-sicon-read xx\" href=\"https:\/\/meferi.com\/pl\/support-services\/legal-center\/meferi-global-shipping-policy\/\">Dowiedz si\u0119 wi\u0119cej<span>&nbsp;\"<\/span><\/a><\/div> <!-- description --><\/div><!-- porto-sicon-box --><\/div><\/div><\/div><\/div><\/div><div class=\"vc_row wpb_row row top-row gradient-container-5 vc_custom_1760517875332 vc_column-gap-15 vc_row-has-fill vc_row-o-equal-height vc_row-flex wpb_custom_034b39d9bc6c6b310d69e39f0ccf274f\"><div class=\"gradient-column-11 vc_column_container col-md-4 vc_custom_1754469150485\"><div class=\"wpb_wrapper vc_column-inner\"><div class=\"porto-ultimate-content-box-container my-rounded-box\"><style>.porto_ucb_bd0f4babf7c24dafca3fc6bc2d95b490:hover{box-shadow:3px 3px 3px 3px #eef4fc}<\/style><div class=\"porto-ultimate-content-box vc_custom_1765183934540 porto_ucb_bd0f4babf7c24dafca3fc6bc2d95b490\" style=\"background-color:#eef4fc;min-height:377px;\" data-bg=\"#eef4fc\"><div class=\"porto-sicon-box  vc_custom_1765182962335  wpb_custom_b29135b514df20cf3bdbf7820a3ed018 style_1 top-icon\"><div class=\"porto-sicon-top\"><div class=\"porto-just-icon-wrapper porto-sicon-img  porto-icon-9f5d1cfb45d27d96b50bf473aebba227\" style=\"font-size: 66px;\"><img loading=\"lazy\" decoding=\"async\" class=\"img-icon\" alt=\"\" src=\"https:\/\/meferi.com\/wp-content\/uploads\/2025\/08\/\u0411\u0435\u0437-\u043d\u0430\u0437\u0432\u0430\u043d\u0438\u044f-24.png\" width=\"90\" height=\"90\" \/><\/div><\/div><div class=\"porto-sicon-header\"><h4 class=\"porto-sicon-title\" style=\"\">Globalna polityka zwrot\u00f3w<\/h4><\/div> <!-- header --><div class=\"porto-sicon-description\" style=\"\">Definiuje globaln\u0105 polityk\u0119 zwrot\u00f3w MEFERI.<a class=\"porto-sicon-read xx\" href=\"https:\/\/meferi.com\/pl\/support-services\/legal-center\/meferi-global-return-policy\/\">Dowiedz si\u0119 wi\u0119cej<span>&nbsp;\"<\/span><\/a><\/div> <!-- description --><\/div><!-- porto-sicon-box --><\/div><\/div><\/div><\/div><div class=\"gradient-column-12 vc_column_container col-md-4\"><div class=\"wpb_wrapper vc_column-inner\"><div class=\"porto-ultimate-content-box-container my-rounded-box\"><style>.porto_ucb_bd0f4babf7c24dafca3fc6bc2d95b490:hover{box-shadow:3px 3px 3px 3px #eef4fc}<\/style><div class=\"porto-ultimate-content-box vc_custom_1765182519015 porto_ucb_bd0f4babf7c24dafca3fc6bc2d95b490\" style=\"background-color:#eef4fc;min-height:377px;\" data-bg=\"#eef4fc\"><div class=\"porto-sicon-box  vc_custom_1765184271312  wpb_custom_b29135b514df20cf3bdbf7820a3ed018 style_1 top-icon\"><div class=\"porto-sicon-top\"><div class=\"porto-just-icon-wrapper porto-sicon-img  porto-icon-9f5d1cfb45d27d96b50bf473aebba227\" style=\"font-size: 66px;\"><img loading=\"lazy\" decoding=\"async\" class=\"img-icon\" alt=\"\" src=\"https:\/\/meferi.com\/wp-content\/uploads\/2025\/08\/\u0411\u0435\u0437-\u043d\u0430\u0437\u0432\u0430\u043d\u0438\u044f-24.png\" width=\"90\" height=\"90\" \/><\/div><\/div><div class=\"porto-sicon-header\"><h4 class=\"porto-sicon-title\" style=\"\">Globalne Warunki Sprzeda\u017cy<\/h4><\/div> <!-- header --><div class=\"porto-sicon-description\" style=\"\">Okre\u015bla globalne warunki sprzeda\u017cy produkt\u00f3w i us\u0142ug MEFERI.<a class=\"porto-sicon-read xx\" href=\"https:\/\/meferi.com\/pl\/support-services\/legal-center\/global-terms-and-conditions-of-sale\/\" title='Globalne Warunki Sprzeda\u017cy'>Dowiedz si\u0119 wi\u0119cej<span>&nbsp;\"<\/span><\/a><\/div> <!-- description --><\/div><!-- porto-sicon-box --><\/div><\/div><\/div><\/div><div class=\"gradient-column-13 vc_column_container col-md-4\"><div class=\"wpb_wrapper vc_column-inner\"><\/div><\/div><\/div>\n<\/div>","protected":false},"excerpt":{"rendered":"Legal Center Access MEFERI\u2019s legal documentation: privacy policy, data processing agreement, subprocessor list, warranty terms, guides, and certificates. Data Processing Agreement Details MEFERI's GDPR-compliant data handling practices.Learn More&nbsp;&raquo; List of Subprocessors Names third-party service providers with data access under MEFERI control.Learn More&nbsp;&raquo; Privacy Policy Outlines all about how MEFERI collects, stores, and protects your personal [...]","protected":false},"author":2,"featured_media":8488,"parent":1000,"menu_order":0,"comment_status":"closed","ping_status":"closed","template":"","meta":{"_acf_changed":false,"footnotes":""},"industry":[],"class_list":["post-1478","page","type-page","status-publish","has-post-thumbnail","hentry"],"acf":[],"_links":{"self":[{"href":"https:\/\/meferi.com\/pl\/wp-json\/wp\/v2\/pages\/1478","targetHints":{"allow":["GET"]}}],"collection":[{"href":"https:\/\/meferi.com\/pl\/wp-json\/wp\/v2\/pages"}],"about":[{"href":"https:\/\/meferi.com\/pl\/wp-json\/wp\/v2\/types\/page"}],"author":[{"embeddable":true,"href":"https:\/\/meferi.com\/pl\/wp-json\/wp\/v2\/users\/2"}],"replies":[{"embeddable":true,"href":"https:\/\/meferi.com\/pl\/wp-json\/wp\/v2\/comments?post=1478"}],"version-history":[{"count":0,"href":"https:\/\/meferi.com\/pl\/wp-json\/wp\/v2\/pages\/1478\/revisions"}],"up":[{"embeddable":true,"href":"https:\/\/meferi.com\/pl\/wp-json\/wp\/v2\/pages\/1000"}],"wp:featuredmedia":[{"embeddable":true,"href":"https:\/\/meferi.com\/pl\/wp-json\/wp\/v2\/media\/8488"}],"wp:attachment":[{"href":"https:\/\/meferi.com\/pl\/wp-json\/wp\/v2\/media?parent=1478"}],"wp:term":[{"taxonomy":"industry","embeddable":true,"href":"https:\/\/meferi.com\/pl\/wp-json\/wp\/v2\/industry?post=1478"}],"curies":[{"name":"wp","href":"https:\/\/api.w.org\/{rel}","templated":true}]}}