{"id":13854,"date":"2025-12-05T08:17:59","date_gmt":"2025-12-05T07:17:59","guid":{"rendered":"https:\/\/meferi.com\/?page_id=13854"},"modified":"2025-12-17T08:55:58","modified_gmt":"2025-12-17T07:55:58","slug":"meferi-security-updates-center","status":"publish","type":"page","link":"https:\/\/meferi.com\/pl\/support-services\/meferi-security-updates-center\/","title":{"rendered":"Centrum aktualizacji zabezpiecze\u0144 MEFERI"},"content":{"rendered":"<div class=\"wpb-content-wrapper\"><div class=\"vc_row wpb_row row top-row gradient-container-1 rounded-section vc_custom_1756133932222 vc_row-has-fill vc_row-o-content-middle vc_row-flex wpb_custom_034b39d9bc6c6b310d69e39f0ccf274f\"><div class=\"gradient-column-1 vc_column_container col-md-6\"><div class=\"wpb_wrapper vc_column-inner\"><div class=\"porto-sicon-box  vc_custom_1764927719457  wpb_custom_ee261166361e6b47889ba33d92a6fc9b style_1 default-icon flex-wrap\"><div class=\"porto-sicon-header\"><h2 class=\"porto-sicon-title\" style=\"\">Centrum aktualizacji zabezpiecze\u0144 MEFERI<\/h2><\/div> <!-- header --><div class=\"porto-sicon-description\" style=\"\">MEFERI zapewnia przejrzysty i ujednolicony dost\u0119p do informacji o aktualizacjach zabezpiecze\u0144 dla wszystkich obs\u0142ugiwanych urz\u0105dze\u0144 z systemem Android.<\/p>\n<p>&nbsp;<\/p>\n<p>Na tej stronie mo\u017cesz wybra\u0107 model swojego urz\u0105dzenia i wy\u015bwietli\u0107 jego histori\u0119 aktualizacji zabezpiecze\u0144, obejmuj\u0105c\u0105 m.in. harmonogram poprawek, status wsparcia i informacje o cyklu \u017cycia.<\/div> <!-- description --><\/div><!-- porto-sicon-box --><\/div><\/div><div class=\"gradient-column-2 vc_column_container col-md-6 section section-parallax vc_custom_1754425010515\"><div class=\"wpb_wrapper vc_column-inner\">\r\n\t<div class=\"wpb_single_image wpb_content_element vc_align_right wpb_content_element  vc_custom_1765958149695 wpb_custom_81a4f7ef9830bf958462581aa01150fb\"><div class=\"wpb_wrapper\">\r\n\t\t\t\r\n\t\t\t<div class=\"vc_single_image-wrapper   vc_box_border_grey\"><img loading=\"lazy\" decoding=\"async\" width=\"583\" height=\"720\" src=\"https:\/\/meferi.com\/wp-content\/uploads\/2025\/12\/web_AER2.jpg\" class=\"vc_single_image-img attachment-full\" alt=\"\" title=\"web_AER2\" srcset=\"https:\/\/meferi.com\/wp-content\/uploads\/2025\/12\/web_AER2.jpg 583w, https:\/\/meferi.com\/wp-content\/uploads\/2025\/12\/web_AER2-486x600.jpg 486w, https:\/\/meferi.com\/wp-content\/uploads\/2025\/12\/web_AER2-400x494.jpg 400w, https:\/\/meferi.com\/wp-content\/uploads\/2025\/12\/web_AER2-367x453.jpg 367w\" sizes=\"auto, (max-width: 583px) 100vw, 583px\" \/><\/div>\r\n\t\t<\/div>\r\n\t<\/div>\r\n<\/div><\/div><\/div><div class=\"vc_row wpb_row row top-row gradient-container-2 wpb_custom_034b39d9bc6c6b310d69e39f0ccf274f\"><div class=\"gradient-column-3 vc_column_container col-md-12\"><div class=\"wpb_wrapper vc_column-inner\"><div class=\"porto-sicon-box  vc_custom_1764927732488  wpb_custom_ee261166361e6b47889ba33d92a6fc9b style_1 default-icon flex-wrap\"><div class=\"porto-sicon-header\"><h2 class=\"porto-sicon-title\" style=\"\">Wybierz swoje urz\u0105dzenie<\/h2><\/div> <!-- header --><div class=\"porto-sicon-description\" style=\"\">Wybierz produkt MEFERI z poni\u017cszej listy, aby wy\u015bwietli\u0107 cykl \u017cycia aktualizacji zabezpiecze\u0144, histori\u0119 poprawek i szczeg\u00f3\u0142y dotycz\u0105ce wsparcia zgodnego z AER.<\/div> <!-- description --><\/div><!-- porto-sicon-box --><\/div><\/div><\/div><div class=\"vc_row wpb_row row top-row gradient-container-3 vc_custom_1764922695696 vc_column-gap-20 vc_row-has-fill vc_row-o-equal-height vc_row-flex wpb_custom_034b39d9bc6c6b310d69e39f0ccf274f\"><div class=\"gradient-column-4 vc_column_container col-md-6 vc_custom_1754651489814\"><div class=\"wpb_wrapper vc_column-inner\"><div class=\"porto-ultimate-content-box-container my-rounded-box\"><style>.porto_ucb_e21242a9d336155df643256edfb128e2{will-change: box-shadow;box-shadow: none;}<\/style><div class=\"porto-ultimate-content-box vc_custom_1764921304772 porto_ucb_e21242a9d336155df643256edfb128e2\" style=\"background-color:rgba(238,244,252,0);border:1px solid #f6f6f6;min-height:500px;\" data-bg=\"rgba(238,244,252,0)\">\r\n\t<div class=\"wpb_single_image wpb_content_element vc_align_center wpb_content_element  vc_custom_1764920660037 wpb_custom_81a4f7ef9830bf958462581aa01150fb\"><div class=\"wpb_wrapper\">\r\n\t\t\t\r\n\t\t\t<div class=\"vc_single_image-wrapper   vc_box_border_grey\"><img loading=\"lazy\" decoding=\"async\" width=\"916\" height=\"772\" src=\"https:\/\/meferi.com\/wp-content\/uploads\/2025\/12\/2456346.png\" class=\"vc_single_image-img attachment-full\" alt=\"me40k_mobile_computer_image\" title=\"MEFERI ME40K\" srcset=\"https:\/\/meferi.com\/wp-content\/uploads\/2025\/12\/2456346.png 916w, https:\/\/meferi.com\/wp-content\/uploads\/2025\/12\/2456346-712x600.png 712w, https:\/\/meferi.com\/wp-content\/uploads\/2025\/12\/2456346-768x647.png 768w, https:\/\/meferi.com\/wp-content\/uploads\/2025\/12\/2456346-640x539.png 640w, https:\/\/meferi.com\/wp-content\/uploads\/2025\/12\/2456346-400x337.png 400w\" sizes=\"auto, (max-width: 916px) 100vw, 916px\" \/><\/div>\r\n\t\t<\/div>\r\n\t<\/div>\r\n<div class=\"porto-sicon-box  vc_custom_1765799948042  wpb_custom_14bd79278f0b393489cef16401ee3b93 style_1 top-icon\"><div class=\"porto-sicon-header\"><h2 class=\"porto-sicon-title\" style=\"\">Aktualizacje zabezpiecze\u0144 ME40K<\/h2><p>Kompaktowy, wytrzyma\u0142y komputer mobilny z systemem Android<\/p><\/div> <!-- header --><div class=\"porto-sicon-description\" style=\"\"><strong>Data zako\u0144czenia aktualizacji zabezpiecze\u0144:<\/strong> Maj 2027<br \/>\n<strong>Cz\u0119stotliwo\u015b\u0107 aktualizacji:<\/strong> Co 90 dni<a class=\"porto-sicon-read xx\" href=\"https:\/\/meferi.com\/pl\/products\/mobile-computers\/handheld-pc\/me40k\/\" title='Komputer przeno\u015bny ME40K'>Zobacz stron\u0119 produktu<span>&nbsp;\"<\/span><\/a><\/div> <!-- description --><\/div><!-- porto-sicon-box --><div class=\"vc_btn3-container vc_btn3-inline vc_custom_1764940220487 vc_do_btn\" >\r\n\t<a class=\"vc_general vc_btn3 vc_btn3-size-lg vc_btn3-shape-round vc_btn3-style-flat wpb_custom_6687b26f39488ddbb85ddb3c1ce8e111 vc_btn3-color-black btn\" style=\"font-size:17px; font-weight:500; padding-left:22px; padding-right:22px;\" href=\"https:\/\/meferi.com\/pl\/support-services\/me40k-security-update-history\/\" title=\"\">Wy\u015bwietl histori\u0119 aktualizacji<\/a>\t<\/div>\r\n<\/div><\/div><\/div><\/div><div class=\"gradient-column-5 vc_column_container col-md-6\"><div class=\"wpb_wrapper vc_column-inner\"><div class=\"porto-ultimate-content-box-container my-rounded-box\"><style>.porto_ucb_e21242a9d336155df643256edfb128e2{will-change: box-shadow;box-shadow: none;}<\/style><div class=\"porto-ultimate-content-box vc_custom_1764921304772 porto_ucb_e21242a9d336155df643256edfb128e2\" style=\"background-color:rgba(238,244,252,0);border:1px solid #f6f6f6;min-height:500px;\" data-bg=\"rgba(238,244,252,0)\">\r\n\t<div class=\"wpb_single_image wpb_content_element vc_align_center wpb_content_element  vc_custom_1764921402819 wpb_custom_81a4f7ef9830bf958462581aa01150fb\"><div class=\"wpb_wrapper\">\r\n\t\t\t\r\n\t\t\t<div class=\"vc_single_image-wrapper   vc_box_border_grey\"><img loading=\"lazy\" decoding=\"async\" width=\"916\" height=\"772\" src=\"https:\/\/meferi.com\/wp-content\/uploads\/2025\/12\/6544636.png\" class=\"vc_single_image-img attachment-full\" alt=\"\" title=\"6544636\" srcset=\"https:\/\/meferi.com\/wp-content\/uploads\/2025\/12\/6544636.png 916w, https:\/\/meferi.com\/wp-content\/uploads\/2025\/12\/6544636-712x600.png 712w, https:\/\/meferi.com\/wp-content\/uploads\/2025\/12\/6544636-768x647.png 768w, https:\/\/meferi.com\/wp-content\/uploads\/2025\/12\/6544636-640x539.png 640w, https:\/\/meferi.com\/wp-content\/uploads\/2025\/12\/6544636-400x337.png 400w\" sizes=\"auto, (max-width: 916px) 100vw, 916px\" \/><\/div>\r\n\t\t<\/div>\r\n\t<\/div>\r\n<div class=\"porto-sicon-box  vc_custom_1765799990683  wpb_custom_14bd79278f0b393489cef16401ee3b93 style_1 top-icon\"><div class=\"porto-sicon-header\"><h2 class=\"porto-sicon-title\" style=\"\">Aktualizacje zabezpiecze\u0144 ME61<\/h2><p>6-calowy komputer mobilny klasy korporacyjnej<\/p><\/div> <!-- header --><div class=\"porto-sicon-description\" style=\"\"><strong>Data zako\u0144czenia aktualizacji zabezpiecze\u0144:<\/strong> Wrzesie\u0144 2027<br \/>\n<strong>Cz\u0119stotliwo\u015b\u0107 aktualizacji:<\/strong> Co 90 dni<a class=\"porto-sicon-read xx\" href=\"https:\/\/meferi.com\/pl\/products\/mobile-computers\/handheld-pc\/me61\/\" title='Komputer przeno\u015bny ME61'>Zobacz stron\u0119 produktu<span>&nbsp;\"<\/span><\/a><\/div> <!-- description --><\/div><!-- porto-sicon-box --><div class=\"vc_btn3-container vc_btn3-inline vc_custom_1764940238058 vc_do_btn\" >\r\n\t<a class=\"vc_general vc_btn3 vc_btn3-size-lg vc_btn3-shape-round vc_btn3-style-flat wpb_custom_6687b26f39488ddbb85ddb3c1ce8e111 vc_btn3-color-black btn\" style=\"font-size:17px; font-weight:500; padding-left:22px; padding-right:22px;\" href=\"https:\/\/meferi.com\/pl\/support-services\/me61-security-update-history\/\" title=\"\">Wy\u015bwietl histori\u0119 aktualizacji<\/a>\t<\/div>\r\n<\/div><\/div><\/div><\/div><\/div><div class=\"vc_row wpb_row row top-row gradient-container-4 vc_custom_1764922701140 vc_column-gap-20 vc_row-has-fill vc_row-o-equal-height vc_row-flex wpb_custom_034b39d9bc6c6b310d69e39f0ccf274f\"><div class=\"gradient-column-6 vc_column_container col-md-6 vc_custom_1754651489814\"><div class=\"wpb_wrapper vc_column-inner\"><div class=\"porto-ultimate-content-box-container my-rounded-box\"><style>.porto_ucb_e21242a9d336155df643256edfb128e2{will-change: box-shadow;box-shadow: none;}<\/style><div class=\"porto-ultimate-content-box vc_custom_1764921304772 porto_ucb_e21242a9d336155df643256edfb128e2\" style=\"background-color:rgba(238,244,252,0);border:1px solid #f6f6f6;min-height:500px;\" data-bg=\"rgba(238,244,252,0)\">\r\n\t<div class=\"wpb_single_image wpb_content_element vc_align_center wpb_content_element  vc_custom_1764921869874 wpb_custom_81a4f7ef9830bf958462581aa01150fb\"><div class=\"wpb_wrapper\">\r\n\t\t\t\r\n\t\t\t<div class=\"vc_single_image-wrapper   vc_box_border_grey\"><img loading=\"lazy\" decoding=\"async\" width=\"916\" height=\"772\" src=\"https:\/\/meferi.com\/wp-content\/uploads\/2025\/12\/346346345.png\" class=\"vc_single_image-img attachment-full\" alt=\"\" title=\"346346345\" srcset=\"https:\/\/meferi.com\/wp-content\/uploads\/2025\/12\/346346345.png 916w, https:\/\/meferi.com\/wp-content\/uploads\/2025\/12\/346346345-712x600.png 712w, https:\/\/meferi.com\/wp-content\/uploads\/2025\/12\/346346345-768x647.png 768w, https:\/\/meferi.com\/wp-content\/uploads\/2025\/12\/346346345-640x539.png 640w, https:\/\/meferi.com\/wp-content\/uploads\/2025\/12\/346346345-400x337.png 400w\" sizes=\"auto, (max-width: 916px) 100vw, 916px\" \/><\/div>\r\n\t\t<\/div>\r\n\t<\/div>\r\n<div class=\"porto-sicon-box  vc_custom_1765800039286  wpb_custom_14bd79278f0b393489cef16401ee3b93 style_1 top-icon\"><div class=\"porto-sicon-header\"><h2 class=\"porto-sicon-title\" style=\"\">Aktualizacje zabezpiecze\u0144 ME63<\/h2><p>Przemys\u0142owy terminal przeno\u015bny nowej generacji 5G z certyfikatem AER<\/p><\/div> <!-- header --><div class=\"porto-sicon-description\" style=\"\"><strong>Data zako\u0144czenia aktualizacji zabezpiecze\u0144:<\/strong> Grudzie\u0144 2032<br \/>\n<strong>Cz\u0119stotliwo\u015b\u0107 aktualizacji:<\/strong> Co 90 dni<a class=\"porto-sicon-read xx\" href=\"https:\/\/meferi.com\/pl\/products\/mobile-computers\/handheld-pc\/me63\/\">Zobacz stron\u0119 produktu<span>&nbsp;\"<\/span><\/a><\/div> <!-- description --><\/div><!-- porto-sicon-box --><div class=\"vc_btn3-container vc_btn3-inline vc_custom_1764940199917 vc_do_btn\" >\r\n\t<a class=\"vc_general vc_btn3 vc_btn3-size-lg vc_btn3-shape-round vc_btn3-style-flat wpb_custom_6687b26f39488ddbb85ddb3c1ce8e111 vc_btn3-color-black btn\" style=\"font-size:17px; font-weight:500; padding-left:22px; padding-right:22px;\" href=\"https:\/\/meferi.com\/pl\/support-services\/me63-security-update-history\/\" title=\"\">Wy\u015bwietl histori\u0119 aktualizacji<\/a>\t<\/div>\r\n<\/div><\/div><\/div><\/div><div class=\"gradient-column-7 vc_column_container col-md-6\"><div class=\"wpb_wrapper vc_column-inner\"><div class=\"porto-ultimate-content-box-container my-rounded-box\"><style>.porto_ucb_e21242a9d336155df643256edfb128e2{will-change: box-shadow;box-shadow: none;}<\/style><div class=\"porto-ultimate-content-box vc_custom_1764921304772 porto_ucb_e21242a9d336155df643256edfb128e2\" style=\"background-color:rgba(238,244,252,0);border:1px solid #f6f6f6;min-height:500px;\" data-bg=\"rgba(238,244,252,0)\">\r\n\t<div class=\"wpb_single_image wpb_content_element vc_align_center wpb_content_element  vc_custom_1764921869874 wpb_custom_81a4f7ef9830bf958462581aa01150fb\"><div class=\"wpb_wrapper\">\r\n\t\t\t\r\n\t\t\t<div class=\"vc_single_image-wrapper   vc_box_border_grey\"><img loading=\"lazy\" decoding=\"async\" width=\"916\" height=\"772\" src=\"https:\/\/meferi.com\/wp-content\/uploads\/2025\/12\/346346345.png\" class=\"vc_single_image-img attachment-full\" alt=\"\" title=\"346346345\" srcset=\"https:\/\/meferi.com\/wp-content\/uploads\/2025\/12\/346346345.png 916w, https:\/\/meferi.com\/wp-content\/uploads\/2025\/12\/346346345-712x600.png 712w, https:\/\/meferi.com\/wp-content\/uploads\/2025\/12\/346346345-768x647.png 768w, https:\/\/meferi.com\/wp-content\/uploads\/2025\/12\/346346345-640x539.png 640w, https:\/\/meferi.com\/wp-content\/uploads\/2025\/12\/346346345-400x337.png 400w\" sizes=\"auto, (max-width: 916px) 100vw, 916px\" \/><\/div>\r\n\t\t<\/div>\r\n\t<\/div>\r\n<div class=\"porto-sicon-box  vc_custom_1765800069542  wpb_custom_14bd79278f0b393489cef16401ee3b93 style_1 top-icon\"><div class=\"porto-sicon-header\"><h2 class=\"porto-sicon-title\" style=\"\">Aktualizacje zabezpiecze\u0144 ME65<\/h2><p>Komputer przeno\u015bny klasy korporacyjnej 6-5G z zaawansowanym skanowaniem i pomiarem TOF w calach<\/p><\/div> <!-- header --><div class=\"porto-sicon-description\" style=\"\"><strong>Data zako\u0144czenia aktualizacji zabezpiecze\u0144:<\/strong> Listopad 2028<br \/>\n<strong>Cz\u0119stotliwo\u015b\u0107 aktualizacji:<\/strong> Co 90 dni<a class=\"porto-sicon-read xx\" href=\"https:\/\/meferi.com\/pl\/products\/mobile-computers\/handheld-pc\/me65\/\">Zobacz stron\u0119 produktu<span>&nbsp;\"<\/span><\/a><\/div> <!-- description --><\/div><!-- porto-sicon-box --><div class=\"vc_btn3-container vc_btn3-inline vc_custom_1764940251709 vc_do_btn\" >\r\n\t<a class=\"vc_general vc_btn3 vc_btn3-size-lg vc_btn3-shape-round vc_btn3-style-flat wpb_custom_6687b26f39488ddbb85ddb3c1ce8e111 vc_btn3-color-black btn\" style=\"font-size:17px; font-weight:500; padding-left:22px; padding-right:22px;\" href=\"https:\/\/meferi.com\/pl\/support-services\/me65-security-update-history\/\" title=\"\">Wy\u015bwietl histori\u0119 aktualizacji<\/a>\t<\/div>\r\n<\/div><\/div><\/div><\/div><\/div><div class=\"vc_row wpb_row row top-row gradient-container-5 vc_custom_1764922711797 vc_column-gap-20 vc_row-has-fill vc_row-o-equal-height vc_row-flex wpb_custom_034b39d9bc6c6b310d69e39f0ccf274f\"><div class=\"gradient-column-8 vc_column_container col-md-6 vc_custom_1754651489814\"><div class=\"wpb_wrapper vc_column-inner\"><div class=\"porto-ultimate-content-box-container my-rounded-box\"><style>.porto_ucb_e21242a9d336155df643256edfb128e2{will-change: box-shadow;box-shadow: none;}<\/style><div class=\"porto-ultimate-content-box vc_custom_1764921304772 porto_ucb_e21242a9d336155df643256edfb128e2\" style=\"background-color:rgba(238,244,252,0);border:1px solid #f6f6f6;min-height:500px;\" data-bg=\"rgba(238,244,252,0)\">\r\n\t<div class=\"wpb_single_image wpb_content_element vc_align_center wpb_content_element  vc_custom_1764922464613 wpb_custom_81a4f7ef9830bf958462581aa01150fb\"><div class=\"wpb_wrapper\">\r\n\t\t\t\r\n\t\t\t<div class=\"vc_single_image-wrapper   vc_box_border_grey\"><img loading=\"lazy\" decoding=\"async\" width=\"916\" height=\"772\" src=\"https:\/\/meferi.com\/wp-content\/uploads\/2025\/12\/3463463423.png\" class=\"vc_single_image-img attachment-full\" alt=\"\" title=\"3463463423\" srcset=\"https:\/\/meferi.com\/wp-content\/uploads\/2025\/12\/3463463423.png 916w, https:\/\/meferi.com\/wp-content\/uploads\/2025\/12\/3463463423-712x600.png 712w, https:\/\/meferi.com\/wp-content\/uploads\/2025\/12\/3463463423-768x647.png 768w, https:\/\/meferi.com\/wp-content\/uploads\/2025\/12\/3463463423-640x539.png 640w, https:\/\/meferi.com\/wp-content\/uploads\/2025\/12\/3463463423-400x337.png 400w\" sizes=\"auto, (max-width: 916px) 100vw, 916px\" \/><\/div>\r\n\t\t<\/div>\r\n\t<\/div>\r\n<div class=\"porto-sicon-box  vc_custom_1765800115395  wpb_custom_14bd79278f0b393489cef16401ee3b93 style_1 top-icon\"><div class=\"porto-sicon-header\"><h2 class=\"porto-sicon-title\" style=\"\">Aktualizacje zabezpiecze\u0144 ME74<\/h2><p>Ultra wytrzyma\u0142y komputer mobilny do pracy w \u0142a\u0144cuchu ch\u0142odniczym.<\/p><\/div> <!-- header --><div class=\"porto-sicon-description\" style=\"\"><strong>Data zako\u0144czenia aktualizacji zabezpiecze\u0144:<\/strong> Stycze\u0144 2026<br \/>\n<strong>Cz\u0119stotliwo\u015b\u0107 aktualizacji:<\/strong> Co 90 dni<a class=\"porto-sicon-read xx\" href=\"https:\/\/meferi.com\/pl\/products\/mobile-computers\/handheld-pc\/me74\/\" title='Ultra-wytrzyma\u0142y komputer przeno\u015bny ME74'>Zobacz stron\u0119 produktu<span>&nbsp;\"<\/span><\/a><\/div> <!-- description --><\/div><!-- porto-sicon-box --><div class=\"vc_btn3-container vc_btn3-inline vc_custom_1764940268699 vc_do_btn\" >\r\n\t<a class=\"vc_general vc_btn3 vc_btn3-size-lg vc_btn3-shape-round vc_btn3-style-flat wpb_custom_6687b26f39488ddbb85ddb3c1ce8e111 vc_btn3-color-black btn\" style=\"font-size:17px; font-weight:500; padding-left:22px; padding-right:22px;\" href=\"https:\/\/meferi.com\/pl\/support-services\/me74-security-update-history\/\" title=\"\">Wy\u015bwietl histori\u0119 aktualizacji<\/a>\t<\/div>\r\n<\/div><\/div><\/div><\/div><div class=\"gradient-column-9 vc_column_container col-md-6\"><div class=\"wpb_wrapper vc_column-inner\"><div class=\"porto-ultimate-content-box-container my-rounded-box\"><style>.porto_ucb_e21242a9d336155df643256edfb128e2{will-change: box-shadow;box-shadow: none;}<\/style><div class=\"porto-ultimate-content-box vc_custom_1764921304772 porto_ucb_e21242a9d336155df643256edfb128e2\" style=\"background-color:rgba(238,244,252,0);border:1px solid #f6f6f6;min-height:500px;\" data-bg=\"rgba(238,244,252,0)\">\r\n\t<div class=\"wpb_single_image wpb_content_element vc_align_center wpb_content_element  vc_custom_1764922567133 wpb_custom_81a4f7ef9830bf958462581aa01150fb\"><div class=\"wpb_wrapper\">\r\n\t\t\t\r\n\t\t\t<div class=\"vc_single_image-wrapper   vc_box_border_grey\"><img loading=\"lazy\" decoding=\"async\" width=\"916\" height=\"772\" src=\"https:\/\/meferi.com\/wp-content\/uploads\/2025\/12\/86523421.png\" class=\"vc_single_image-img attachment-full\" alt=\"\" title=\"86523421\" srcset=\"https:\/\/meferi.com\/wp-content\/uploads\/2025\/12\/86523421.png 916w, https:\/\/meferi.com\/wp-content\/uploads\/2025\/12\/86523421-712x600.png 712w, https:\/\/meferi.com\/wp-content\/uploads\/2025\/12\/86523421-768x647.png 768w, https:\/\/meferi.com\/wp-content\/uploads\/2025\/12\/86523421-640x539.png 640w, https:\/\/meferi.com\/wp-content\/uploads\/2025\/12\/86523421-400x337.png 400w\" sizes=\"auto, (max-width: 916px) 100vw, 916px\" \/><\/div>\r\n\t\t<\/div>\r\n\t<\/div>\r\n<div class=\"porto-sicon-box  vc_custom_1765800202522  wpb_custom_14bd79278f0b393489cef16401ee3b93 style_1 top-icon\"><div class=\"porto-sicon-header\"><h2 class=\"porto-sicon-title\" style=\"\">Aktualizacje zabezpiecze\u0144 CIAO<\/h2><p>Inteligentny asystent samoobs\u0142ugowej kasy\/skanowania w sklepie<\/p><\/div> <!-- header --><div class=\"porto-sicon-description\" style=\"\"><strong>Data zako\u0144czenia aktualizacji zabezpiecze\u0144:<\/strong> Stycze\u0144 2026<br \/>\n<strong>Cz\u0119stotliwo\u015b\u0107 aktualizacji:<\/strong> Co 90 dni<a class=\"porto-sicon-read xx\" href=\"https:\/\/meferi.com\/pl\/products\/mobile-computers\/ciao\/\" title='Inteligentny asystent zakup\u00f3w CIAO (ISA)'>Zobacz stron\u0119 produktu<span>&nbsp;\"<\/span><\/a><\/div> <!-- description --><\/div><!-- porto-sicon-box --><div class=\"vc_btn3-container vc_btn3-inline vc_custom_1764940284017 vc_do_btn\" >\r\n\t<a class=\"vc_general vc_btn3 vc_btn3-size-lg vc_btn3-shape-round vc_btn3-style-flat wpb_custom_6687b26f39488ddbb85ddb3c1ce8e111 vc_btn3-color-black btn\" style=\"font-size:17px; font-weight:500; padding-left:22px; padding-right:22px;\" href=\"https:\/\/meferi.com\/pl\/support-services\/CIAO-security-update-history\/\" title=\"\">Wy\u015bwietl histori\u0119 aktualizacji<\/a>\t<\/div>\r\n<\/div><\/div><\/div><\/div><\/div>\n<\/div>","protected":false},"excerpt":{"rendered":"MEFERI Security Updates Center MEFERI provides transparent and standardized access to security update information for all supported Android-based devices. &nbsp; This page allows you to select your device model and view its dedicated security update history, including patch timelines, support status, and life-cycle information. Select Your Device Choose your MEFERI product from the list below [...]","protected":false},"author":5,"featured_media":8452,"parent":1000,"menu_order":0,"comment_status":"closed","ping_status":"closed","template":"","meta":{"_acf_changed":false,"footnotes":""},"industry":[],"class_list":["post-13854","page","type-page","status-publish","has-post-thumbnail","hentry"],"acf":[],"_links":{"self":[{"href":"https:\/\/meferi.com\/pl\/wp-json\/wp\/v2\/pages\/13854","targetHints":{"allow":["GET"]}}],"collection":[{"href":"https:\/\/meferi.com\/pl\/wp-json\/wp\/v2\/pages"}],"about":[{"href":"https:\/\/meferi.com\/pl\/wp-json\/wp\/v2\/types\/page"}],"author":[{"embeddable":true,"href":"https:\/\/meferi.com\/pl\/wp-json\/wp\/v2\/users\/5"}],"replies":[{"embeddable":true,"href":"https:\/\/meferi.com\/pl\/wp-json\/wp\/v2\/comments?post=13854"}],"version-history":[{"count":0,"href":"https:\/\/meferi.com\/pl\/wp-json\/wp\/v2\/pages\/13854\/revisions"}],"up":[{"embeddable":true,"href":"https:\/\/meferi.com\/pl\/wp-json\/wp\/v2\/pages\/1000"}],"wp:featuredmedia":[{"embeddable":true,"href":"https:\/\/meferi.com\/pl\/wp-json\/wp\/v2\/media\/8452"}],"wp:attachment":[{"href":"https:\/\/meferi.com\/pl\/wp-json\/wp\/v2\/media?parent=13854"}],"wp:term":[{"taxonomy":"industry","embeddable":true,"href":"https:\/\/meferi.com\/pl\/wp-json\/wp\/v2\/industry?post=13854"}],"curies":[{"name":"wp","href":"https:\/\/api.w.org\/{rel}","templated":true}]}}