{"id":1284,"date":"2025-08-08T14:56:44","date_gmt":"2025-08-08T11:56:44","guid":{"rendered":"https:\/\/meferi.pontima.ru\/?page_id=1284"},"modified":"2026-03-03T10:13:09","modified_gmt":"2026-03-03T09:13:09","slug":"promotions","status":"publish","type":"page","link":"https:\/\/meferi.com\/pl\/promotions\/","title":{"rendered":"Promocje"},"content":{"rendered":"<div class=\"wpb-content-wrapper\"><div class=\"vc_row wpb_row row top-row gradient-container-1 rounded-section vc_custom_1758230115498 vc_row-has-fill vc_row-o-content-middle vc_row-flex wpb_custom_034b39d9bc6c6b310d69e39f0ccf274f\"><div class=\"gradient-column-1 vc_column_container col-md-6\"><div class=\"wpb_wrapper vc_column-inner\"><div class=\"porto-sicon-box  vc_custom_1772528650053  wpb_custom_3b5043e10b087202dff5ca70349374db style_1 default-icon flex-wrap\"><div class=\"porto-sicon-header\"><h2 class=\"porto-sicon-title\" style=\"\">Ekskluzywne promocje i og\u0142oszenia MEFERI<\/h2><p>B\u0105d\u017a na bie\u017c\u0105co z najnowszymi ofertami, wydarzeniami i innowacjami<\/p><\/div> <!-- header --><div class=\"porto-sicon-description\" style=\"\">Odkryj najnowsze oferty, ekskluzywne promocje i nadchodz\u0105ce wydarzenia MEFERI. Subskrybuj nasze kana\u0142y spo\u0142eczno\u015bciowe, aby by\u0107 na bie\u017c\u0105co i nigdy nie przegapi\u0107 okazji, by pozna\u0107 najnowocze\u015bniejsz\u0105 technologi\u0119 AIDC i ekskluzywne oferty.<a class=\"porto-sicon-read xx\" href=\"https:\/\/meferi.com\/pl\/contact-meferi\/\" title='kontakt-MEFERI'>Kontaktowa\u0107 si\u0119<span>&nbsp;\"<\/span><\/a><\/div> <!-- description --><\/div><!-- porto-sicon-box --><\/div><\/div><div class=\"gradient-column-2 vc_column_container col-md-6 section section-parallax vc_custom_1761571912842\"><div class=\"wpb_wrapper vc_column-inner\">\r\n\t<div class=\"wpb_single_image wpb_content_element vc_align_right wpb_content_element  vc_custom_1758230934002 wpb_custom_81a4f7ef9830bf958462581aa01150fb\"><div class=\"wpb_wrapper\">\r\n\t\t\t\r\n\t\t\t<div class=\"vc_single_image-wrapper   vc_box_border_grey\"><img loading=\"lazy\" decoding=\"async\" width=\"568\" height=\"635\" src=\"https:\/\/meferi.com\/wp-content\/uploads\/2025\/08\/listbg.c6e840b2.png\" class=\"vc_single_image-img attachment-full\" alt=\"\" title=\"listabg.c6e840b2\" srcset=\"https:\/\/meferi.com\/wp-content\/uploads\/2025\/08\/listbg.c6e840b2.png 568w, https:\/\/meferi.com\/wp-content\/uploads\/2025\/08\/listbg.c6e840b2-537x600.png 537w, https:\/\/meferi.com\/wp-content\/uploads\/2025\/08\/listbg.c6e840b2-400x447.png 400w\" sizes=\"auto, (max-width: 568px) 100vw, 568px\" \/><\/div>\r\n\t\t<\/div>\r\n\t<\/div>\r\n<\/div><\/div><\/div><div class=\"vc_row wpb_row row top-row gradient-container-2 vc_custom_1754643846513 vc_column-gap-15 vc_row-has-fill wpb_custom_034b39d9bc6c6b310d69e39f0ccf274f\"><div class=\"gradient-column-3 vc_column_container col-md-12 vc_custom_1756396412523\"><div class=\"wpb_wrapper vc_column-inner\"><h2 style=\"font-size: 42px\" class=\"vc_custom_heading vc_do_custom_heading vc_custom_1754655508794 wpb_custom_aa365bd5046e8294520b4e73732b9d15 align-left\" >Lista promocji<\/h2><\/div><\/div><\/div><div class=\"vc_row wpb_row row top-row gradient-container-3 vc_custom_1756396377879 vc_column-gap-20 wpb_custom_034b39d9bc6c6b310d69e39f0ccf274f\"><div class=\"gradient-column-4 vc_column_container col-md-4\"><div class=\"wpb_wrapper vc_column-inner\">\r\n\t<div class=\"wpb_single_image wpb_content_element vc_align_center wpb_content_element  vc_custom_1772529161915  my-rounded-box wpb_custom_84fd0856005bc73ea41f99d9354b8ba6\"><div class=\"wpb_wrapper\">\r\n\t\t\t\r\n\t\t\t<a href=\"https:\/\/meferi.com\/pl\/promotions\/me87-introduction\/\" target=\"_self\" aria-label=\"Powi\u0119ksz obraz\"><div class=\"vc_single_image-wrapper vc_box_rounded  vc_box_border_grey\"><img decoding=\"async\" class=\"vc_single_image-img\" src=\"https:\/\/meferi.com\/wp-content\/uploads\/2026\/03\/me87-uhf-rfid-wifi-promo-1200x800-1-600x422.jpeg\" width=\"600\" height=\"422\" alt=\"Wytrzyma\u0142y komputer mobilny MEFERI ME87 z wbudowanym modu\u0142em UHF RFID, 5G i WiFi, bez anteny zewn\u0119trznej\" title=\"me87-uhf-rfid-wifi-promo-1200x800\" loading=\"lazy\" \/><\/div><\/a>\r\n\t\t<\/div>\r\n\t<\/div>\r\n\r\n\t<div class=\"wpb_text_column wpb_content_element vc_custom_1769261174832 promo-title wpb_custom_7c91d232724f73626cc933bd95b25ff0\" >\r\n\t\t<div class=\"wpb_wrapper\">\r\n\t\t\t<h2>Nadchodzi nowa moc!<\/h2>\n<p><strong data-start=\"311\" data-end=\"373\">Nowy produkt: ME87. Wbudowany modu\u0142 RFID UHF. Brak zewn\u0119trznej anteny. <\/strong>Uzyskaj pierwszy dost\u0119p do pr\u00f3bek testowych i materia\u0142\u00f3w marketingowych lub z\u0142\u00f3\u017c zam\u00f3wienie w przedsprzeda\u017cy.<\/p>\n\r\n\t\t<\/div>\r\n\t<\/div>\r\n<div class=\"vc_btn3-container vc_btn3-inline show-arrow vc_custom_1766719141118 vc_do_btn\" >\r\n\t<a class=\"vc_general vc_btn3 vc_btn3-size-lg vc_btn3-shape-round vc_btn3-style-flat wpb_custom_6687b26f39488ddbb85ddb3c1ce8e111 vc_btn3-icon-left hover-icon-zoom vc_btn3-color-black btn\" style=\"font-size:17px; font-weight:500; padding-left:22px; padding-right:22px;\" href=\"https:\/\/meferi.com\/pl\/promotions\/me87-introduction\/\" title=\"MEFERI Nowy produkt ME87\"><i class=\"vc_btn3-icon fas fa-tags\"><\/i> Do\u0142\u0105cz do listy oczekuj\u0105cych<\/a>\t\t\t<span class=\"dir-arrow hlb\" data-appear-animation-delay=\"800\" data-appear-animation=\"rotateInUpLeft\"><\/span>\r\n\t<\/div>\r\n<\/div><\/div><div class=\"gradient-column-5 vc_column_container col-md-4\"><div class=\"wpb_wrapper vc_column-inner\">\r\n\t<div class=\"wpb_single_image wpb_content_element vc_align_center wpb_content_element  vc_custom_1759335455205  my-rounded-box wpb_custom_84fd0856005bc73ea41f99d9354b8ba6\"><div class=\"wpb_wrapper\">\r\n\t\t\t\r\n\t\t\t<a href=\"https:\/\/meferi.com\/pl\/promotions\/meferi-giveaway\/\" target=\"_self\" aria-label=\"Powi\u0119ksz obraz\"><div class=\"vc_single_image-wrapper vc_box_rounded  vc_box_border_grey\"><img decoding=\"async\" class=\"vc_single_image-img\" src=\"https:\/\/meferi.com\/wp-content\/uploads\/2025\/09\/2346374457-600x422.png\" width=\"600\" height=\"422\" alt=\"2346374457\" title=\"2346374457\" loading=\"lazy\" \/><\/div><\/a>\r\n\t\t<\/div>\r\n\t<\/div>\r\n\r\n\t<div class=\"wpb_text_column wpb_content_element vc_custom_1772513817871 promo-title wpb_custom_7c91d232724f73626cc933bd95b25ff0\" >\r\n\t\t<div class=\"wpb_wrapper\">\r\n\t\t\t<h2>Wygraj nagrody premium!<\/h2>\n<p>Do\u0142\u0105cz do profesjonalnej spo\u0142eczno\u015bci MEFERI AIDC.<br data-start=\"637\" data-end=\"640\">Zarejestruj si\u0119 ju\u017c dzi\u015b, obserwuj MEFERI i we\u017a udzia\u0142 w ekskluzywnych losowaniach nagr\u00f3d.<\/p>\n\r\n\t\t<\/div>\r\n\t<\/div>\r\n<div class=\"vc_btn3-container vc_btn3-inline show-arrow vc_custom_1766719229312 vc_do_btn\" >\r\n\t<a class=\"vc_general vc_btn3 vc_btn3-size-lg vc_btn3-shape-round vc_btn3-style-flat wpb_custom_6687b26f39488ddbb85ddb3c1ce8e111 vc_btn3-icon-left hover-icon-zoom vc_btn3-color-black btn\" style=\"font-size:17px; font-weight:500; padding-left:22px; padding-right:22px;\" href=\"https:\/\/meferi.com\/pl\/promotions\/meferi-giveaway\/\" title=\"Konkurs MEFERI\"><i class=\"vc_btn3-icon fas fa-tags\"><\/i> Zarejestruj si\u0119, aby wygra\u0107<\/a>\t\t\t<span class=\"dir-arrow hlb\" data-appear-animation-delay=\"800\" data-appear-animation=\"rotateInUpLeft\"><\/span>\r\n\t<\/div>\r\n<\/div><\/div><div class=\"gradient-column-6 vc_column_container col-md-4\"><div class=\"wpb_wrapper vc_column-inner\">\r\n\t<div class=\"wpb_single_image wpb_content_element vc_align_center wpb_content_element  vc_custom_1769261156163  my-rounded-box wpb_custom_84fd0856005bc73ea41f99d9354b8ba6\"><div class=\"wpb_wrapper\">\r\n\t\t\t\r\n\t\t\t<a href=\"https:\/\/meferi.com\/pl\/promotions\/euroshop-2026-dusseldorf\/\" target=\"_self\" aria-label=\"Powi\u0119ksz obraz\"><div class=\"vc_single_image-wrapper vc_box_rounded  vc_box_border_grey\"><img decoding=\"async\" class=\"vc_single_image-img\" src=\"https:\/\/meferi.com\/wp-content\/uploads\/2026\/01\/EuroShop2026-Social-Media_1200x800-600x422.webp\" width=\"600\" height=\"422\" alt=\"MEFERI na targach EuroShop 2026 \u2013 odwied\u017a nas w hali 6, stoisko G80\" title=\"MEFERI na targach EuroShop 2026 \u2013 odwied\u017a nas w hali 6, stoisko G80\" loading=\"lazy\" \/><\/div><\/a>\r\n\t\t<\/div>\r\n\t<\/div>\r\n\r\n\t<div class=\"wpb_text_column wpb_content_element vc_custom_1772513743571 promo-title wpb_custom_7c91d232724f73626cc933bd95b25ff0\" >\r\n\t\t<div class=\"wpb_wrapper\">\r\n\t\t\t<h2>MEFERI w EuroShop<\/h2>\n<p>Uzyskaj dost\u0119p do naszego stoiska, szans\u0119 otrzymania bezp\u0142atnego biletu dla zwiedzaj\u0105cych i osobistego zaproszenia na Aperitivo MEFERI.<\/p>\n\r\n\t\t<\/div>\r\n\t<\/div>\r\n<div class=\"vc_btn3-container vc_btn3-inline vc_custom_1772513981845 vc_do_btn\" >\r\n\t<button class=\"vc_general vc_btn3 vc_btn3-size-lg vc_btn3-shape-round vc_btn3-style-flat wpb_custom_6687b26f39488ddbb85ddb3c1ce8e111 vc_btn3-color-grey btn\" style=\"font-size:17px; font-weight:500; padding-left:22px; padding-right:22px;\">Wydarzenie zosta\u0142o zamkni\u0119te<\/button>\t<\/div>\r\n<\/div><\/div><\/div><div class=\"vc_row wpb_row row top-row gradient-container-4 vc_custom_1758229807006 wpb_custom_034b39d9bc6c6b310d69e39f0ccf274f\"><div class=\"gradient-column-7 vc_column_container col-md-4\"><div class=\"wpb_wrapper vc_column-inner\">\r\n\t<div class=\"wpb_single_image wpb_content_element vc_align_center wpb_content_element  vc_custom_1766458316479  my-rounded-box wpb_custom_84fd0856005bc73ea41f99d9354b8ba6\"><div class=\"wpb_wrapper\">\r\n\t\t\t\r\n\t\t\t<a href=\"https:\/\/meferi.com\/pl\/promotions\/nrf-new-york-2026\/\" target=\"_self\" aria-label=\"Powi\u0119ksz obraz\"><div class=\"vc_single_image-wrapper vc_box_rounded  vc_box_border_grey\"><img decoding=\"async\" class=\"vc_single_image-img\" src=\"https:\/\/meferi.com\/wp-content\/uploads\/2025\/12\/NRF-1200-800-600x422.webp\" width=\"600\" height=\"422\" alt=\"NRF 1200-800\" title=\"NRF 1200-800\" loading=\"lazy\" \/><\/div><\/a>\r\n\t\t<\/div>\r\n\t<\/div>\r\n\r\n\t<div class=\"wpb_text_column wpb_content_element vc_custom_1766718798815 promo-title wpb_custom_7c91d232724f73626cc933bd95b25ff0\" >\r\n\t\t<div class=\"wpb_wrapper\">\r\n\t\t\t<h2>MEFERI na NRF 2026<\/h2>\n<p>Poznaj now\u0105 generacj\u0119 AIDC, rozwi\u0105zania mobilne dla przedsi\u0119biorstw i automatyzacj\u0119 handlu detalicznego \u2013 na \u017cywo w Nowym Jorku.<br \/>\nSpotkajmy si\u0119 na poziomie 3, stoisko nr 3965<\/p>\n\r\n\t\t<\/div>\r\n\t<\/div>\r\n<div class=\"vc_btn3-container vc_btn3-inline vc_custom_1772513981845 vc_do_btn\" >\r\n\t<button class=\"vc_general vc_btn3 vc_btn3-size-lg vc_btn3-shape-round vc_btn3-style-flat wpb_custom_6687b26f39488ddbb85ddb3c1ce8e111 vc_btn3-color-grey btn\" style=\"font-size:17px; font-weight:500; padding-left:22px; padding-right:22px;\">Wydarzenie zosta\u0142o zamkni\u0119te<\/button>\t<\/div>\r\n<\/div><\/div><div class=\"gradient-column-8 vc_column_container col-md-4\"><div class=\"wpb_wrapper vc_column-inner\">\r\n\t<div class=\"wpb_single_image wpb_content_element vc_align_center wpb_content_element  vc_custom_1761585145365  my-rounded-box wpb_custom_84fd0856005bc73ea41f99d9354b8ba6\"><div class=\"wpb_wrapper\">\r\n\t\t\t\r\n\t\t\t<a href=\"https:\/\/meferi.com\/pl\/promotions\/cemat-asia-2025\/\" target=\"_blank\" aria-label=\"Powi\u0119ksz obraz\"><div class=\"vc_single_image-wrapper vc_box_rounded  vc_box_border_grey\"><img decoding=\"async\" class=\"vc_single_image-img\" src=\"https:\/\/meferi.com\/wp-content\/uploads\/2025\/10\/2025_CEMAT_Social_Media_1200X800-600x422.webp\" width=\"600\" height=\"422\" alt=\"Baner MEFERI CEMAT 2025\" title=\"Baner MEFERI CEMAT 2025\" loading=\"lazy\" \/><\/div><\/a>\r\n\t\t<\/div>\r\n\t<\/div>\r\n\r\n\t<div class=\"wpb_text_column wpb_content_element vc_custom_1772514264585 promo-title wpb_custom_7c91d232724f73626cc933bd95b25ff0\" >\r\n\t\t<div class=\"wpb_wrapper\">\r\n\t\t\t<p><strong>Odwied\u017a stoisko MEFERI na targach CeMAT ASIA 2025 \u2013 zdob\u0105d\u017a bezp\u0142atny bilet!<\/strong><\/p>\n<p>Poznaj inteligentne innowacje logistyczne z MEFERI i b\u0105d\u017a na bie\u017c\u0105co z bran\u017c\u0105 AIDC i innymi technologiami: <strong>28\u201331 pa\u017adziernika,<\/strong> 2025 w Szanghajskim Nowym Mi\u0119dzynarodowym Centrum Expo (SNIEC).<\/p>\n\r\n\t\t<\/div>\r\n\t<\/div>\r\n<div class=\"vc_btn3-container vc_btn3-inline vc_custom_1772513981845 vc_do_btn\" >\r\n\t<button class=\"vc_general vc_btn3 vc_btn3-size-lg vc_btn3-shape-round vc_btn3-style-flat wpb_custom_6687b26f39488ddbb85ddb3c1ce8e111 vc_btn3-color-grey btn\" style=\"font-size:17px; font-weight:500; padding-left:22px; padding-right:22px;\">Wydarzenie zosta\u0142o zamkni\u0119te<\/button>\t<\/div>\r\n<\/div><\/div><div class=\"gradient-column-9 vc_column_container col-md-4\"><div class=\"wpb_wrapper vc_column-inner\">\r\n\t<div class=\"wpb_single_image wpb_content_element vc_align_center wpb_content_element  vc_custom_1758229474870  my-rounded-box wpb_custom_b4d3046a798fb4b510c5420a0fc899b8\"><div class=\"wpb_wrapper\">\r\n\t\t\t\r\n\t\t\t<div class=\"vc_single_image-wrapper vc_box_rounded  vc_box_border_grey\"><img decoding=\"async\" class=\"vc_single_image-img\" src=\"https:\/\/meferi.com\/wp-content\/uploads\/2025\/09\/lpro_4.87d72069.png\" width=\"385\" height=\"293\" alt=\"NRF-2025\" title=\"NRF-2025\" loading=\"lazy\" \/><\/div>\r\n\t\t<\/div>\r\n\t<\/div>\r\n\r\n\t<div class=\"wpb_text_column wpb_content_element vc_custom_1772514243062 promo-title wpb_custom_7c91d232724f73626cc933bd95b25ff0\" >\r\n\t\t<div class=\"wpb_wrapper\">\r\n\t\t\t<p><strong>Zapraszamy na Paris Expo Porte de Versailles, 16-18 wrze\u015bnia, hala 6, stoisko K162.<\/strong><\/p>\n<p>Poznaj najnowocze\u015bniejsz\u0105 technologi\u0119 dla handlu detalicznego z MEFERI na targach NRF 2025: Retail&#039;s Big Show Europe! Do\u0142\u0105cz do nas w Paris Expo Porte de Versailles, 16-18 wrze\u015bnia, hala 6, stoisko K162. Liczba bilet\u00f3w ograniczona!<\/p>\n\r\n\t\t<\/div>\r\n\t<\/div>\r\n<div class=\"vc_btn3-container vc_btn3-inline vc_custom_1772513981845 vc_do_btn\" >\r\n\t<button class=\"vc_general vc_btn3 vc_btn3-size-lg vc_btn3-shape-round vc_btn3-style-flat wpb_custom_6687b26f39488ddbb85ddb3c1ce8e111 vc_btn3-color-grey btn\" style=\"font-size:17px; font-weight:500; padding-left:22px; padding-right:22px;\">Wydarzenie zosta\u0142o zamkni\u0119te<\/button>\t<\/div>\r\n<\/div><\/div><\/div><div class=\"vc_row wpb_row row top-row gradient-container-5 vc_custom_1758229807006 wpb_custom_034b39d9bc6c6b310d69e39f0ccf274f\"><div class=\"gradient-column-10 vc_column_container col-md-4\"><div class=\"wpb_wrapper vc_column-inner\">\r\n\t<div class=\"wpb_single_image wpb_content_element vc_align_center wpb_content_element  vc_custom_1758229505129  my-rounded-box wpb_custom_b4d3046a798fb4b510c5420a0fc899b8\"><div class=\"wpb_wrapper\">\r\n\t\t\t\r\n\t\t\t<div class=\"vc_single_image-wrapper vc_box_rounded  vc_box_border_grey\"><img decoding=\"async\" class=\"vc_single_image-img\" src=\"https:\/\/meferi.com\/wp-content\/uploads\/2025\/08\/lpro_3.821c007a.png\" width=\"385\" height=\"293\" alt=\"lpro_3.821c007a\" title=\"lpro_3.821c007a\" loading=\"lazy\" \/><\/div>\r\n\t\t<\/div>\r\n\t<\/div>\r\n\r\n\t<div class=\"wpb_text_column wpb_content_element vc_custom_1766718163541 promo-title wpb_custom_7c91d232724f73626cc933bd95b25ff0\" >\r\n\t\t<div class=\"wpb_wrapper\">\r\n\t\t\t<p><strong>Ekskluzywny prezent od LinkedIn: Odwied\u017a MEFERI na targach EuroCIS 2025!<\/strong><\/p>\n<p>Obserwuj MEFERI na LinkedIn i odwied\u017a nasze stoisko (hala 10, stoisko B30), aby odebra\u0107 sw\u00f3j wyj\u0105tkowy, firmowy upominek. Nie przegap okazji, aby odkry\u0107 innowacyjne rozwi\u0105zania w handlu detalicznym i odebra\u0107 swoj\u0105 ekskluzywn\u0105 nagrod\u0119!<\/p>\n\r\n\t\t<\/div>\r\n\t<\/div>\r\n<div class=\"vc_btn3-container vc_btn3-inline vc_custom_1772513981845 vc_do_btn\" >\r\n\t<button class=\"vc_general vc_btn3 vc_btn3-size-lg vc_btn3-shape-round vc_btn3-style-flat wpb_custom_6687b26f39488ddbb85ddb3c1ce8e111 vc_btn3-color-grey btn\" style=\"font-size:17px; font-weight:500; padding-left:22px; padding-right:22px;\">Wydarzenie zosta\u0142o zamkni\u0119te<\/button>\t<\/div>\r\n<\/div><\/div><div class=\"gradient-column-11 vc_column_container col-md-4\"><div class=\"wpb_wrapper vc_column-inner\">\r\n\t<div class=\"wpb_single_image wpb_content_element vc_align_center wpb_content_element  vc_custom_1758230513834  my-rounded-box wpb_custom_84fd0856005bc73ea41f99d9354b8ba6\"><div class=\"wpb_wrapper\">\r\n\t\t\t\r\n\t\t\t<a href=\"https:\/\/meferi.com\/pl\/promotions\/gitex-global-2025\/\" target=\"_self\" aria-label=\"Powi\u0119ksz obraz\"><div class=\"vc_single_image-wrapper vc_box_rounded  vc_box_border_grey\"><img decoding=\"async\" class=\"vc_single_image-img\" src=\"https:\/\/meferi.com\/wp-content\/uploads\/2025\/09\/32235245-600x422.webp\" width=\"600\" height=\"422\" alt=\"GITEX Global 2025 Hala 15 D42\" title=\"GITEX Global 2025 Hala 15 D42\" loading=\"lazy\" \/><\/div><\/a>\r\n\t\t<\/div>\r\n\t<\/div>\r\n\r\n\t<div class=\"wpb_text_column wpb_content_element vc_custom_1772514253183 promo-title wpb_custom_7c91d232724f73626cc933bd95b25ff0\" >\r\n\t\t<div class=\"wpb_wrapper\">\r\n\t\t\t<p><strong>Do\u0142\u0105cz do nas w Dubai World Trade Centre, 13\u201317 pa\u017adziernika 2025 r., hala 15, stoisko D42<br \/>\n<\/strong><\/p>\n<p>GITEX GLOBAL 2025 \u2013 najbardziej kultowe i uznane na \u015bwiecie targi technologiczne na du\u017c\u0105 skal\u0119, oferuj\u0105ce ponad 40 hal wystawowych, na kt\u00f3rych prezentowane s\u0105 giganci technologiczni i innowacje w zakresie technologii detalicznych.<\/p>\n\r\n\t\t<\/div>\r\n\t<\/div>\r\n<div class=\"vc_btn3-container vc_btn3-inline vc_custom_1772513981845 vc_do_btn\" >\r\n\t<button class=\"vc_general vc_btn3 vc_btn3-size-lg vc_btn3-shape-round vc_btn3-style-flat wpb_custom_6687b26f39488ddbb85ddb3c1ce8e111 vc_btn3-color-grey btn\" style=\"font-size:17px; font-weight:500; padding-left:22px; padding-right:22px;\">Wydarzenie zosta\u0142o zamkni\u0119te<\/button>\t<\/div>\r\n<\/div><\/div><div class=\"gradient-column-12 vc_column_container col-md-4\"><div class=\"wpb_wrapper vc_column-inner\">\r\n\t<div class=\"wpb_single_image wpb_content_element vc_align_center wpb_content_element  vc_custom_1756396356441  my-rounded-box wpb_custom_6dfe54a20aa6ea1d6744833e4e677573\"><div class=\"wpb_wrapper\">\r\n\t\t\t\r\n\t\t\t<div class=\"vc_single_image-wrapper vc_box_rounded  vc_box_border_grey\"><img decoding=\"async\" class=\"vc_single_image-img\" src=\"https:\/\/meferi.com\/wp-content\/uploads\/2025\/08\/lpro_1.b7b681da.png\" width=\"385\" height=\"293\" alt=\"lpro_1.b7b681da\" title=\"lpro_1.b7b681da\" loading=\"lazy\" \/><\/div>\r\n\t\t<\/div>\r\n\t<\/div>\r\n\r\n\t<div class=\"wpb_text_column wpb_content_element vc_custom_1766426913597 promo-title wpb_custom_7c91d232724f73626cc933bd95b25ff0\" >\r\n\t\t<div class=\"wpb_wrapper\">\r\n\t\t\t<p><strong>Najwa\u017cniejsze wydarzenia z targ\u00f3w Parcel+Post Expo 2023 wed\u0142ug MEFERI!<\/strong><\/p>\n<p>Targi Parcel+Post Expo 2023, kt\u00f3re rozpocz\u0119\u0142y si\u0119 24 pa\u017adziernika, zaprezentuj\u0105 zaawansowane produkty firmy MEFERI oraz now\u0105 wizj\u0119 po\u0142\u0105czonej i wydajnej przysz\u0142o\u015bci logistyki pocztowej.<\/p>\n\r\n\t\t<\/div>\r\n\t<\/div>\r\n<div class=\"vc_btn3-container vc_btn3-inline vc_custom_1772513981845 vc_do_btn\" >\r\n\t<button class=\"vc_general vc_btn3 vc_btn3-size-lg vc_btn3-shape-round vc_btn3-style-flat wpb_custom_6687b26f39488ddbb85ddb3c1ce8e111 vc_btn3-color-grey btn\" style=\"font-size:17px; font-weight:500; padding-left:22px; padding-right:22px;\">Wydarzenie zosta\u0142o zamkni\u0119te<\/button>\t<\/div>\r\n<\/div><\/div><\/div>\n<\/div>","protected":false},"excerpt":{"rendered":"Exclusive MEFERI Promotions & AnnouncementsStay updated on the latest offers, events, and innovations Discover MEFERI\u2019s latest offers, exclusive promotions, and upcoming events. Subscribe to our social channels to stay informed and never miss a chance to gain insights into cutting-edge AIDC technology and exclusive deals.Keep in touch&nbsp;&raquo; Promotions List New Power Arrives! New Product: ME87. [...]","protected":false},"author":2,"featured_media":8456,"parent":0,"menu_order":0,"comment_status":"closed","ping_status":"closed","template":"","meta":{"_acf_changed":false,"footnotes":""},"industry":[],"class_list":["post-1284","page","type-page","status-publish","has-post-thumbnail","hentry"],"acf":[],"_links":{"self":[{"href":"https:\/\/meferi.com\/pl\/wp-json\/wp\/v2\/pages\/1284","targetHints":{"allow":["GET"]}}],"collection":[{"href":"https:\/\/meferi.com\/pl\/wp-json\/wp\/v2\/pages"}],"about":[{"href":"https:\/\/meferi.com\/pl\/wp-json\/wp\/v2\/types\/page"}],"author":[{"embeddable":true,"href":"https:\/\/meferi.com\/pl\/wp-json\/wp\/v2\/users\/2"}],"replies":[{"embeddable":true,"href":"https:\/\/meferi.com\/pl\/wp-json\/wp\/v2\/comments?post=1284"}],"version-history":[{"count":0,"href":"https:\/\/meferi.com\/pl\/wp-json\/wp\/v2\/pages\/1284\/revisions"}],"wp:featuredmedia":[{"embeddable":true,"href":"https:\/\/meferi.com\/pl\/wp-json\/wp\/v2\/media\/8456"}],"wp:attachment":[{"href":"https:\/\/meferi.com\/pl\/wp-json\/wp\/v2\/media?parent=1284"}],"wp:term":[{"taxonomy":"industry","embeddable":true,"href":"https:\/\/meferi.com\/pl\/wp-json\/wp\/v2\/industry?post=1284"}],"curies":[{"name":"wp","href":"https:\/\/api.w.org\/{rel}","templated":true}]}}