{"id":12400,"date":"2025-10-15T10:28:52","date_gmt":"2025-10-15T08:28:52","guid":{"rendered":"https:\/\/meferi.com\/?page_id=12400"},"modified":"2025-12-12T07:27:59","modified_gmt":"2025-12-12T06:27:59","slug":"end-of-life-eol-notification-spare-parts-availability-and-security-support-statement","status":"publish","type":"page","link":"https:\/\/meferi.com\/pl\/support-services\/legal-center\/end-of-life-eol-notification-spare-parts-availability-and-security-support-statement\/","title":{"rendered":"Powiadomienie o ko\u0144cu cyklu \u017cycia (EOL), dost\u0119pno\u015bci cz\u0119\u015bci zamiennych i o\u015bwiadczeniu dotycz\u0105cym wsparcia bezpiecze\u0144stwa"},"content":{"rendered":"<div class=\"wpb-content-wrapper\"><div class=\"vc_row wpb_row row top-row gradient-container-1 wpb_custom_034b39d9bc6c6b310d69e39f0ccf274f\"><div class=\"gradient-column-1 vc_column_container col-md-12\"><div class=\"wpb_wrapper vc_column-inner\">\r\n\t<div class=\"wpb_text_column wpb_content_element vc_custom_1765519682332 wpb_custom_7c91d232724f73626cc933bd95b25ff0\" >\r\n\t\t<div class=\"wpb_wrapper\">\r\n\t\t\t<h1>Powiadomienie o ko\u0144cu cyklu \u017cycia (EOL), dost\u0119pno\u015bci cz\u0119\u015bci zamiennych i o\u015bwiadczeniu dotycz\u0105cym wsparcia bezpiecze\u0144stwa<\/h1>\n<hr \/>\n<p><strong>Wersja: 2025.08.07<\/strong><\/p>\n<p>MEFERI Technologies Co., Ltd.<\/p>\n<hr \/>\n<h2>Spis tre\u015bci<\/h2>\n<ol>\n<li>Wst\u0119p<\/li>\n<li>Zasady dotycz\u0105ce ko\u0144ca okresu eksploatacji (EOL) i informacje o cz\u0119\u015bciach zamiennych<\/li>\n<li>Mapa drogowa wsparcia systemu operacyjnego produktu<\/li>\n<li>Mapa drogowa wsparcia bezpiecze\u0144stwa systemu operacyjnego produktu<\/li>\n<li>Informacje prawne i zgodno\u015b\u0107 z normami mi\u0119dzynarodowymi<\/li>\n<li>Informacje kontaktowe<\/li>\n<\/ol>\n<hr \/>\n<h2>1. Wprowadzenie<\/h2>\n<p>Firma MEFERI Technologies Co., Ltd. niniejszym przekazuje niniejsze powiadomienie dotycz\u0105ce statusu ko\u0144ca cyklu \u017cycia (EOL) poszczeg\u00f3lnych modeli, dost\u0119pno\u015bci cz\u0119\u015bci zamiennych oraz wsparcia dla aktualizacji systemu operacyjnego. W MEFERI dok\u0142adamy wszelkich stara\u0144, aby zapewni\u0107 d\u0142ugowieczno\u015b\u0107, niezawodno\u015b\u0107 i sta\u0142e wsparcie naszych produkt\u00f3w poprzez efektywne zarz\u0105dzanie cyklem \u017cycia. Obejmuje to jasne harmonogramy dotycz\u0105ce ko\u0144ca cyklu \u017cycia (EOL), dost\u0119pu do cz\u0119\u015bci zamiennych i aktualizacji systemu operacyjnego, umo\u017cliwiaj\u0105c partnerom i klientom planowanie zmian, minimalizowanie zak\u0142\u00f3ce\u0144 i utrzymanie optymalnej wydajno\u015bci. Niniejszy dokument przedstawia kluczowe etapy cyklu \u017cycia produktu, w tym okresy gwarancyjne, status produkcji, daty ko\u0144ca cyklu \u017cycia (EOL), dost\u0119pno\u015b\u0107 cz\u0119\u015bci zamiennych, szczeg\u00f3\u0142y wsparcia dla systemu operacyjnego oraz harmonogramy aktualizacji zabezpiecze\u0144. Elementy te s\u0105 niezb\u0119dne do utrzymania wydajno\u015bci i d\u0142ugowieczno\u015bci urz\u0105dze\u0144 MEFERI.<\/p>\n<hr \/>\n<h2>2. Zasady dotycz\u0105ce ko\u0144ca okresu eksploatacji (EOL) i informacje o cz\u0119\u015bciach zamiennych<\/h2>\n<p>Szczeg\u00f3\u0142owy cykl \u017cycia i dost\u0119pno\u015b\u0107 cz\u0119\u015bci zamiennych dla produkt\u00f3w zbli\u017caj\u0105cych si\u0119 do ko\u0144ca cyklu \u017cycia:<\/p>\n<div class=\"table-container\">\n<table border=\"1\">\n<thead>\n<tr>\n<th style=\"text-align: left;\"><strong>Produkt<br \/>\nNazwa modelu<\/strong><\/th>\n<th style=\"text-align: left;\"><strong>OS<br \/>\nWersja<\/strong><\/th>\n<th style=\"text-align: left;\"><strong>Gwarancja<br \/>\nOkres<\/strong><\/th>\n<th style=\"text-align: left;\"><strong>Produkt<br \/>\nStatus<\/strong><\/th>\n<th style=\"text-align: left;\"><strong>U\u017cyteczne<br \/>\n\u017bycie po<br \/>\nProdukcja<\/strong><\/th>\n<th style=\"text-align: left;\"><strong>EOL\/Koniec<br \/>\nData sprzeda\u017cy<\/strong><\/th>\n<th style=\"text-align: left;\"><strong>Cz\u0119\u015bci zapasowe<br \/>\nData zako\u0144czenia<\/strong><\/th>\n<th style=\"text-align: left;\"><strong>Koniec wsparcia<br \/>\nData<\/strong><\/th>\n<\/tr>\n<\/thead>\n<tbody>\n<tr>\n<td>ME40K<\/td>\n<td>Android 12<\/td>\n<td>12 miesi\u0119cy<\/td>\n<td>Aktywny<\/td>\n<td>8 lat<\/td>\n<td>2030-12-31<\/td>\n<td>2033-12-31<\/td>\n<td>2035-12-31<\/td>\n<\/tr>\n<tr>\n<td>ME10<\/td>\n<td>Android 13<\/td>\n<td>12 miesi\u0119cy<\/td>\n<td>Aktywny<\/td>\n<td>8 lat<\/td>\n<td>2032-12-31<\/td>\n<td>2035-12-31<\/td>\n<td>2037-12-31<\/td>\n<\/tr>\n<tr>\n<td>MS300R<\/td>\n<td>Linux<\/td>\n<td>12 miesi\u0119cy<\/td>\n<td>Aktywny<\/td>\n<td>8 lat<\/td>\n<td>2030-12-31<\/td>\n<td>2033-12-31<\/td>\n<td>2035-12-31<\/td>\n<\/tr>\n<tr>\n<td>MP4000D<\/td>\n<td>Nie dotyczy<\/td>\n<td>12 miesi\u0119cy<\/td>\n<td>Aktywny<\/td>\n<td>8 lat<\/td>\n<td>2030-12-31<\/td>\n<td>2033-12-31<\/td>\n<td>2035-12-31<\/td>\n<\/tr>\n<tr>\n<td>ME61<\/td>\n<td>Android 13<\/td>\n<td>12 miesi\u0119cy<\/td>\n<td>Aktywny<\/td>\n<td>8 lat<\/td>\n<td>2030-12-31<\/td>\n<td>2033-12-31<\/td>\n<td>2035-12-31<\/td>\n<\/tr>\n<tr>\n<td>ME63<\/td>\n<td>Android 15<\/td>\n<td>12 miesi\u0119cy<\/td>\n<td>Aktywny<\/td>\n<td>8 lat<\/td>\n<td>2032-12-31<\/td>\n<td>2035-12-31<\/td>\n<td>2037-12-31<\/td>\n<\/tr>\n<tr>\n<td>ME65<\/td>\n<td>Android 13<\/td>\n<td>12 miesi\u0119cy<\/td>\n<td>Aktywny<\/td>\n<td>8 lat<\/td>\n<td>2032-12-31<\/td>\n<td>2035-12-31<\/td>\n<td>2037-12-31<\/td>\n<\/tr>\n<tr>\n<td>ME74<\/td>\n<td>Android 13<\/td>\n<td>12 miesi\u0119cy<\/td>\n<td>Aktywny<\/td>\n<td>8 lat<\/td>\n<td>2032-12-31<\/td>\n<td>2035-12-31<\/td>\n<td>2037-12-31<\/td>\n<\/tr>\n<tr>\n<td>CIAO<\/td>\n<td>Android 13<\/td>\n<td>12 miesi\u0119cy<\/td>\n<td>Aktywny<\/td>\n<td>8 lat<\/td>\n<td>2032-12-31<\/td>\n<td>2035-12-31<\/td>\n<td>2037-12-31<\/td>\n<\/tr>\n<tr>\n<td>MC45<\/td>\n<td>Android 14<\/td>\n<td>12 miesi\u0119cy<\/td>\n<td>Aktywny<\/td>\n<td>8 lat<\/td>\n<td>2032-12-31<\/td>\n<td>2035-12-31<\/td>\n<td>2037-12-31<\/td>\n<\/tr>\n<\/tbody>\n<\/table>\n<\/div>\n<h3><\/h3>\n<h3>2.1. Definicje cyklu \u017cycia produktu<\/h3>\n<p>Firma MEFERI Technologies Co., Ltd. potwierdza nast\u0119puj\u0105ce informacje dotycz\u0105ce cyklu \u017cycia modeli wymienionych powy\u017cej.<\/p>\n<ul>\n<li><strong>Nazwa modelu produktu<\/strong>:Nazwa modelu urz\u0105dzenia wyprodukowanego przez MEFERI, dla kt\u00f3rego okre\u015blono warunki cyklu \u017cycia i dost\u0119pno\u015bci cz\u0119\u015bci zamiennych.<\/li>\n<li><strong>Wersja systemu operacyjnego<\/strong>Wersja systemu operacyjnego, na kt\u00f3rym dzia\u0142a urz\u0105dzenie. Mo\u017ce to by\u0107 Android, Linux lub inny system operacyjny kompatybilny z danym modelem.<\/li>\n<li><strong>Okres gwarancji<\/strong>:Okres, w kt\u00f3rym MEFERI gwarantuje napraw\u0119 lub wymian\u0119 wadliwych produkt\u00f3w, z zastrze\u017ceniem <strong>Warunki gwarancji<\/strong>.<\/li>\n<li><strong>Status produkcji<\/strong>: Informuje, czy produkt jest nadal w produkcji, osi\u0105gn\u0105\u0142 koniec sprzeda\u017cy lub nie jest ju\u017c obs\u0142ugiwany.<\/li>\n<li><strong>U\u017cyteczne \u017cycie po produkcji<\/strong>: Dotyczy 8-letniego okresu liczonego od daty wprowadzenia modelu do masowej produkcji (a nie daty ostatniej dostawy do klienta). W tym czasie produkt powinien dzia\u0142a\u0107 normalnie w standardowych warunkach eksploatacji. Koniec tego okresu u\u017cytkowania jest oznaczony <strong>Data ko\u0144ca cyklu \u017cycia (EOL)<\/strong>, co oznacza zako\u0144czenie produkcji, wsparcia i cyklu \u017cycia modelu MEFERI.<\/li>\n<li><strong>EOL\/Koniec sprzeda\u017cy (data zako\u0144czenia cyklu \u017cycia\/produkcji\/ko\u0144ca sprzeda\u017cy)<\/strong>:Data, po kt\u00f3rej model nie b\u0119dzie ju\u017c produkowany i nie b\u0119d\u0105 dost\u0119pne w sprzeda\u017cy ani dystrybucji \u017cadne nowe egzemplarze tego modelu.<\/li>\n<li><strong>Okres dostawy cz\u0119\u015bci zamiennych<\/strong>:Okres 1 roku od daty wycofania produktu z produkcji, w kt\u00f3rym to czasie cz\u0119\u015bci zamienne b\u0119d\u0105 nadal dost\u0119pne do zamawiania i naprawy produktu.<\/li>\n<li><strong>Data zako\u0144czenia wsparcia<\/strong>:Ostateczna data, do kt\u00f3rej MEFERI zacznie zapewnia\u0107 oficjalne wsparcie techniczne dla produktu.<\/li>\n<\/ul>\n<h3>2.2. Definicje statusu produkcji<\/h3>\n<ul>\n<li><strong>Aktywny<\/strong>:Produkt jest nadal produkowany i dost\u0119pny w sprzeda\u017cy.<\/li>\n<li><strong>Koniec sprzeda\u017cy<\/strong>:Produkt nie jest ju\u017c sprzedawany, ale nadal obj\u0119ty gwarancj\u0105 i cz\u0119\u015bciami zamiennymi.<\/li>\n<li><strong>Koniec cyklu \u017cycia (EOL)<\/strong>:Produkt nie jest ju\u017c produkowany i nie jest obj\u0119ty wsparciem technicznym dla nowej produkcji, jednak cz\u0119\u015bci zamienne s\u0105 nadal dost\u0119pne.<\/li>\n<li><strong>Tylko cz\u0119\u015bci zamienne<\/strong>:Dost\u0119pne s\u0105 jedynie cz\u0119\u015bci zamienne. Produkt nie jest ju\u017c sprzedawany ani w pe\u0142ni obs\u0142ugiwany.<\/li>\n<li><strong>Koniec us\u0142ugi<\/strong>:Wsparcie techniczne produktu, \u0142\u0105cznie z dost\u0119pno\u015bci\u0105 cz\u0119\u015bci zamiennych, zosta\u0142o zako\u0144czone.<\/li>\n<\/ul>\n<hr \/>\n<h2>3. Mapa drogowa wsparcia systemu operacyjnego produktu<\/h2>\n<p>Ta sekcja zawiera szczeg\u00f3\u0142owy przegl\u0105d cyklu wsparcia technicznego oprogramowania dla linii produkt\u00f3w MEFERI, w tym aktualne wersje system\u00f3w operacyjnych, dost\u0119pne aktualizacje oraz daty zako\u0144czenia aktualizacji system\u00f3w operacyjnych i rozszerzonego wsparcia oprogramowania sprz\u0119towego. Zapewnia ona przejrzysto\u015b\u0107 w zakresie zarz\u0105dzania ewolucj\u0105 systemu operacyjnego przez MEFERI, umo\u017cliwiaj\u0105c klientom planowanie ulepsze\u0144 funkcji i zwi\u0119kszanie kompatybilno\u015bci.<\/p>\n<div class=\"table-container\">\n<table border=\"1\">\n<thead>\n<tr>\n<th><strong>Produkt<br \/>\nModel\u00a0<\/strong><\/th>\n<th><strong>Aktualny<br \/>\nWersja systemu operacyjnego<\/strong><\/th>\n<th><strong>Mo\u017cliwo\u015b\u0107 aktualizacji do<br \/>\n(Oficjalny system operacyjny)<\/strong><\/th>\n<th style=\"text-align: left;\"><strong>Rozszerzony system operacyjny<br \/>\nWsparcie oprogramowania sprz\u0119towego<br \/>\nData zako\u0144czenia (+2 lata)*<\/strong><\/th>\n<\/tr>\n<\/thead>\n<tbody>\n<tr>\n<td>ME40K<\/td>\n<td>Android 12<\/td>\n<td>Android 13<\/td>\n<td>Maj 2027<\/td>\n<\/tr>\n<tr>\n<td>ME10<\/td>\n<td>Android 13<\/td>\n<td>Android 18<\/td>\n<td>Stycze\u0144 2028<\/td>\n<\/tr>\n<tr>\n<td>MS300R<\/td>\n<td>Linux<\/td>\n<td>Nie dotyczy<\/td>\n<td>Nie dotyczy<\/td>\n<\/tr>\n<tr>\n<td>MP4000D<\/td>\n<td>Nie dotyczy<\/td>\n<td>Nie dotyczy<\/td>\n<td>Nie dotyczy<\/td>\n<\/tr>\n<tr>\n<td>ME61<\/td>\n<td>Android 13<\/td>\n<td>Android 16<\/td>\n<td>Stycze\u0144 2028<\/td>\n<\/tr>\n<tr>\n<td>ME63<\/td>\n<td>Android 15<\/td>\n<td>Android 18<\/td>\n<td>Luty 2030<\/td>\n<\/tr>\n<tr>\n<td>ME65<\/td>\n<td>Android 13<\/td>\n<td>Android 16<\/td>\n<td>Stycze\u0144 2028<\/td>\n<\/tr>\n<tr>\n<td>ME74<\/td>\n<td>Android 13<\/td>\n<td>Android 18<\/td>\n<td>Stycze\u0144 2028<\/td>\n<\/tr>\n<tr>\n<td>CIAO<\/td>\n<td>Android 13<\/td>\n<td>Android 18<\/td>\n<td>Stycze\u0144 2028<\/td>\n<\/tr>\n<tr>\n<td>MC45<\/td>\n<td>Android 14<\/td>\n<td>Android 18<\/td>\n<td>Marzec 2029<\/td>\n<\/tr>\n<\/tbody>\n<\/table>\n<\/div>\n<p>&nbsp;<\/p>\n<ul>\n<li>Rozszerzona obs\u0142uga oprogramowania uk\u0142adowego systemu operacyjnego MEFERI: <strong>*<\/strong> Dodatkowy dwuletni okres mo\u017ce obejmowa\u0107 wsteczne wdra\u017canie poprawek b\u0142\u0119d\u00f3w, udoskonale\u0144 stabilno\u015bci i udoskonale\u0144 zgodno\u015bci dla urz\u0105dze\u0144 AIDC, z zastrze\u017ceniem wykonalno\u015bci technicznej i zgodnie z polityk\u0105 Google, w celu zapewnienia niezawodno\u015bci urz\u0105dze\u0144 w \u015brodowiskach korporacyjnych.<\/li>\n<li>Szczeg\u00f3\u0142owe informacje na temat urz\u0105dze\u0144 MEFERI certyfikowanych w ramach programu Android Enterprise Recommended mo\u017cna znale\u017a\u0107 w dokumencie: <a href=\"https:\/\/androidenterprisepartners.withgoogle.com\/devices\/#!?search=MEFERI\">https:\/\/androidenterprisepartners.withgoogle.com\/devices\/#!?search=MEFERI<\/a>.<\/li>\n<\/ul>\n<hr \/>\n<h2>4. Mapa drogowa wsparcia bezpiecze\u0144stwa systemu operacyjnego produktu<\/h2>\n<p>W tej sekcji opisano cykl wsparcia bezpiecze\u0144stwa dla system\u00f3w operacyjnych MEFERI, w tym oficjalne daty zako\u0144czenia aktualizacji Google, cz\u0119stotliwo\u015b\u0107 aktualizacji oraz rozszerzone zobowi\u0105zania dotycz\u0105ce wsparcia MEFERI. Podkre\u015bla ona nasze zaanga\u017cowanie w utrzymanie bezpiecze\u0144stwa urz\u0105dze\u0144 wykraczaj\u0105ce poza standardowe harmonogramy Google, poprzez regularne wprowadzanie poprawek i krytycznych aktualizacji, zgodnie z najlepszymi praktykami bran\u017cowymi dla urz\u0105dze\u0144 AIDC.<\/p>\n<div class=\"table-container\">\n<table border=\"1\">\n<thead>\n<tr>\n<th style=\"text-align: left;\"><strong>OS<br \/>\nWersja<\/strong><\/th>\n<th style=\"text-align: left;\"><strong>Bezpiecze\u0144stwo Google<br \/>\nWsparcie poprawek<br \/>\nData zako\u0144czenia<\/strong><\/th>\n<th style=\"text-align: left;\"><strong>Cz\u0119stotliwo\u015b\u0107<br \/>\nAktualizacja zabezpiecze\u0144<\/strong><\/th>\n<th style=\"text-align: left;\"><strong>Ostatni Android<br \/>\nBiuletyn bezpiecze\u0144stwa<\/strong><\/th>\n<th style=\"text-align: left;\"><strong>Bezpiecze\u0144stwo<br \/>\nPoziom poprawki<\/strong><\/th>\n<th style=\"text-align: left;\"><strong>Rozszerzony system operacyjny<br \/>\nWsparcie bezpiecze\u0144stwa<br \/>\nData zako\u0144czenia (+2 lata)<\/strong>*<\/th>\n<\/tr>\n<\/thead>\n<tbody>\n<tr>\n<td>Android 12<\/td>\n<td>Marzec 2025<\/td>\n<td>Co 90 dni<\/td>\n<td>Marzec 2025<\/td>\n<td>2025-03-20<\/td>\n<td>Maj 2027<\/td>\n<\/tr>\n<tr>\n<td>Android 13<\/td>\n<td>Stycze\u0144 2026<\/td>\n<td>Co 90 dni<\/td>\n<td>Grudzie\u0144 2025<\/td>\n<td>2025-12-01<\/td>\n<td>Stycze\u0144 2028<\/td>\n<\/tr>\n<tr>\n<td>Android 14<\/td>\n<td>Marzec 2027<\/td>\n<td>Co 90 dni<\/td>\n<td>Grudzie\u0144 2025<\/td>\n<td>2025-12-01<\/td>\n<td>Marzec 2029<\/td>\n<\/tr>\n<tr>\n<td>Android 15<\/td>\n<td>Luty 2028<\/td>\n<td>Co 90 dni<\/td>\n<td>Grudzie\u0144 2025<\/td>\n<td>2025-12-01<\/td>\n<td>Luty 2030<\/td>\n<\/tr>\n<tr>\n<td>Android 16<\/td>\n<td>Pa\u017adziernik 2029<\/td>\n<td>Co 90 dni<\/td>\n<td>Grudzie\u0144 2025<\/td>\n<td>2025-12-01<\/td>\n<td>Stycze\u0144 2031<\/td>\n<\/tr>\n<tr>\n<td>Android 17<\/td>\n<td>Pa\u017adziernik 2030<\/td>\n<td>Co 90 dni<\/td>\n<td>Nie dotyczy<\/td>\n<td>Nie dotyczy<\/td>\n<td>Stycze\u0144 2032<\/td>\n<\/tr>\n<tr>\n<td>Android 18<\/td>\n<td>Pa\u017adziernik 2031<\/td>\n<td>Co 90 dni<\/td>\n<td>Nie dotyczy<\/td>\n<td>Nie dotyczy<\/td>\n<td>Stycze\u0144 2033<\/td>\n<\/tr>\n<\/tbody>\n<\/table>\n<\/div>\n<p>&nbsp;<\/p>\n<ul>\n<li>MEFERI Rozszerzone wsparcie bezpiecze\u0144stwa systemu operacyjnego: * Ten dodatkowy dwuletni okres mo\u017ce obejmowa\u0107 wsteczne wdra\u017canie krytycznych poprawek bezpiecze\u0144stwa opartych na AOSP, z zastrze\u017ceniem wykonalno\u015bci technicznej i zgodnie z polityk\u0105 Google, w celu z\u0142agodzenia g\u0142\u00f3wnych luk w zabezpieczeniach wykraczaj\u0105cych poza standardowy harmonogram wsparcia Google.<\/li>\n<li>W przypadku wersji Androida z nieopublikowanymi harmonogramami wsparcia, MEFERI szacuje czas trwania na podstawie historycznych praktyk Google. Ostateczne daty mog\u0105 ulec zmianie po oficjalnym potwierdzeniu przez Google. Szacunki te maj\u0105 charakter wy\u0142\u0105cznie informacyjny.<\/li>\n<li>Aby uzyska\u0107 szczeg\u00f3\u0142owe informacje na temat aktualizacji zabezpiecze\u0144 systemu Android, poziom\u00f3w poprawek, biuletyn\u00f3w i sposobu, w jaki urz\u0105dzenia OEM, podobnie jak MEFERI, rozszerzaj\u0105 wsparcie, zapoznaj si\u0119 z nast\u0119puj\u0105cymi dokumentami: <a href=\"https:\/\/source.android.com\/docs\/security\/overview\/updates-resources\">https:\/\/source.android.com\/docs\/security\/overview\/updates-resources<\/a>.<\/li>\n<\/ul>\n<hr \/>\n<h2>5. Informacje prawne i zgodno\u015b\u0107 z normami mi\u0119dzynarodowymi<\/h2>\n<p>Polityka dotycz\u0105ca ko\u0144ca okresu eksploatacji (EOL) i cz\u0119\u015bci zamiennych MEFERI jest zgodna z <strong>mi\u0119dzynarodowe standardy<\/strong> dla produkt\u00f3w AIDC. Nale\u017c\u0105 do nich mi\u0119dzy innymi:<\/p>\n<ol>\n<li><strong>Zgodno\u015b\u0107 z dyrektyw\u0105 RoHS (dyrektywa 2011\/65\/UE)<\/strong>:Wszystkie produkty MEFERI s\u0105 zgodne z dyrektyw\u0105 w sprawie ograniczenia stosowania substancji niebezpiecznych, co gwarantuje, \u017ce produkty ko\u0144cz\u0105ce sw\u00f3j cykl \u017cycia s\u0105 utylizowane w spos\u00f3b przyjazny dla \u015brodowiska. U\u017cywane cz\u0119\u015bci zamienne r\u00f3wnie\u017c spe\u0142niaj\u0105 wymogi tej dyrektywy.<\/li>\n<li><strong>ISO 9001:2015<\/strong>:Procesy produkcyjne i gwarancyjne firmy MEFERI s\u0105 zgodne z normami ISO 9001 dla system\u00f3w zarz\u0105dzania jako\u015bci\u0105, co gwarantuje sta\u0142\u0105 jako\u015b\u0107 produktu od fazy produkcyjnej a\u017c do okresu gwarancji oraz dost\u0119pno\u015b\u0107 cz\u0119\u015bci zamiennych.<\/li>\n<\/ol>\n<p>Po up\u0142ywie okresu trwa\u0142o\u015bci (EOL) i dost\u0119pno\u015bci cz\u0119\u015bci zamiennych, zgodnie z definicj\u0105 zawart\u0105 w niniejszych normach, firma MEFERI nie b\u0119dzie ju\u017c \u015bwiadczy\u0107 us\u0142ug gwarancyjnych ani dostarcza\u0107 cz\u0119\u015bci zamiennych do wymienionych produkt\u00f3w. Polityka ta jest zgodna z uznanymi na ca\u0142ym \u015bwiecie praktykami bran\u017cowymi dotycz\u0105cymi produkt\u00f3w AIDC, zgodnie z kt\u00f3rymi produkty zazwyczaj obj\u0119te s\u0105 5-7-letnim wsparciem poprodukcyjnym, co zapewnia odpowiedni czas na konserwacj\u0119, naprawy i zmiany, a jednocze\u015bnie r\u00f3wnowa\u017cy zr\u00f3wnowa\u017cony rozw\u00f3j \u015brodowiskowy i operacyjny.<\/p>\n<hr \/>\n<h2>6. Informacje kontaktowe<\/h2>\n<p>Aby uzyska\u0107 wi\u0119cej informacji lub zada\u0107 pytania, skontaktuj si\u0119 z:<\/p>\n<ul>\n<li><strong>Telefon<\/strong>: +86 400-1818-815<\/li>\n<li><strong>E-mail<\/strong>: <a href=\"mailto:support@meferi.com\">support@meferi.com<\/a><\/li>\n<li><strong>Strona internetowa<\/strong>: <a href=\"https:\/\/meferi.com\/pl\/\">www.meferi.com<\/a><\/li>\n<\/ul>\n<hr \/>\n<p><strong>Producent<\/strong>: MEFERI Technologies Co., Ltd.<\/p>\n<p><strong>Aktualna wersja Warunk\u00f3w na dzie\u0144 12 grudnia 2025 r. <\/strong><\/p>\n\r\n\t\t<\/div>\r\n\t<\/div>\r\n<\/div><\/div><\/div>\n<\/div>","protected":false},"excerpt":{"rendered":"End-of-Life (EOL) Notification, Spare Parts Availability, and Security Support Statement Version: 2025.08.07 MEFERI Technologies Co., Ltd. Table of Contents Introduction End-of-Life (EOL) Policy and Spare Parts Information Product OS Support Road Map Product OS Security Support Road Map Legal Notes and Compliance with International Standards Contact Information 1. Introduction MEFERI Technologies Co., Ltd. hereby provides [...]","protected":false},"author":5,"featured_media":12415,"parent":1478,"menu_order":0,"comment_status":"closed","ping_status":"closed","template":"","meta":{"_acf_changed":false,"footnotes":""},"industry":[],"class_list":["post-12400","page","type-page","status-publish","has-post-thumbnail","hentry"],"acf":[],"_links":{"self":[{"href":"https:\/\/meferi.com\/pl\/wp-json\/wp\/v2\/pages\/12400","targetHints":{"allow":["GET"]}}],"collection":[{"href":"https:\/\/meferi.com\/pl\/wp-json\/wp\/v2\/pages"}],"about":[{"href":"https:\/\/meferi.com\/pl\/wp-json\/wp\/v2\/types\/page"}],"author":[{"embeddable":true,"href":"https:\/\/meferi.com\/pl\/wp-json\/wp\/v2\/users\/5"}],"replies":[{"embeddable":true,"href":"https:\/\/meferi.com\/pl\/wp-json\/wp\/v2\/comments?post=12400"}],"version-history":[{"count":0,"href":"https:\/\/meferi.com\/pl\/wp-json\/wp\/v2\/pages\/12400\/revisions"}],"up":[{"embeddable":true,"href":"https:\/\/meferi.com\/pl\/wp-json\/wp\/v2\/pages\/1478"}],"wp:featuredmedia":[{"embeddable":true,"href":"https:\/\/meferi.com\/pl\/wp-json\/wp\/v2\/media\/12415"}],"wp:attachment":[{"href":"https:\/\/meferi.com\/pl\/wp-json\/wp\/v2\/media?parent=12400"}],"wp:term":[{"taxonomy":"industry","embeddable":true,"href":"https:\/\/meferi.com\/pl\/wp-json\/wp\/v2\/industry?post=12400"}],"curies":[{"name":"wp","href":"https:\/\/api.w.org\/{rel}","templated":true}]}}