{"id":10071,"date":"2025-10-07T12:52:13","date_gmt":"2025-10-07T10:52:13","guid":{"rendered":"https:\/\/meferi.com\/?page_id=10071"},"modified":"2025-10-07T18:16:43","modified_gmt":"2025-10-07T16:16:43","slug":"meferi-global-shipping-policy","status":"publish","type":"page","link":"https:\/\/meferi.com\/pl\/support-services\/legal-center\/meferi-global-shipping-policy\/","title":{"rendered":"MEFERI Globalna polityka wysy\u0142kowa"},"content":{"rendered":"<div class=\"wpb-content-wrapper\"><div class=\"vc_row wpb_row row top-row gradient-container-1 wpb_custom_034b39d9bc6c6b310d69e39f0ccf274f\"><div class=\"gradient-column-1 vc_column_container col-md-12\"><div class=\"wpb_wrapper vc_column-inner\">\r\n\t<div class=\"wpb_text_column wpb_content_element wpb_custom_7c91d232724f73626cc933bd95b25ff0\" >\r\n\t\t<div class=\"wpb_wrapper\">\r\n\t\t\t<h1><strong>MEFERI Globalna polityka wysy\u0142kowa<\/strong><\/h1>\n<p>Data wej\u015bcia w \u017cycie: 7 pa\u017adziernika 2025 r.<\/p>\n<h3><strong>1. Wprowadzenie i zakres<\/strong><\/h3>\n<p>Niniejsza Globalna Polityka Wysy\u0142kowa MEFERI (\u201ePolityka\u201d) okre\u015bla procedury przetwarzania zam\u00f3wie\u0144, termin\u00f3w realizacji produkcji oraz mi\u0119dzynarodowej wysy\u0142ki produkt\u00f3w zakupionych od MEFERI Technologies Co., Ltd. (\u201eMEFERI\u201d) lub jej autoryzowanych partner\u00f3w. Niniejszy dokument ma na celu zapewnienie naszym globalnym klientom jasnego zrozumienia naszych praktyk wysy\u0142kowych i obowi\u0105zk\u00f3w.<\/p>\n<p>Informacje dotycz\u0105ce procesu zwrotu produktu mo\u017cna znale\u017a\u0107 w naszym osobnym dokumencie <strong><span class=\"link-annotation-unknown-block-id-1126038782\">Globalna polityka zwrot\u00f3w MEFERI:<\/span><\/strong><!-- notionvc: 1667e8b5-acf3-45b1-b36b-4852cd5b8ac7 --> <a href=\"https:\/\/meferi.com\/pl\/support-services\/legal-center\/meferi-global-return-policy\/\">https:\/\/meferi.com\/en\/support-services\/legal-center\/meferi-global-return-policy\/<\/a>.<\/p>\n<p><strong>1.1. Sprzedawca w dokumentach i pochodzenie przesy\u0142ki<\/strong><\/p>\n<p>MEFERI Technologies Co., Ltd. dzia\u0142a na arenie mi\u0119dzynarodowej poprzez swoje&nbsp;<strong>Siedziba g\u0142\u00f3wna i centrum produkcyjne w Chengdu, Chiny<\/strong>i jego&nbsp;<strong>Zarejestrowane Biuro Handlu Zagranicznego w Hongkongu<\/strong>.<\/p>\n<p>Konkretny podmiot MEFERI dzia\u0142aj\u0105cy jako sprzedawca w dokumentach, a tak\u017ce odpowiednie miejsce pochodzenia przesy\u0142ki (Chengdu lub Hongkong)&nbsp;<strong>wyra\u017anie wskazane na fakturze proforma<\/strong>&nbsp;Informacje te s\u0105 przekazywane Pa\u0144stwu przed dokonaniem p\u0142atno\u015bci. Zale\u017cy to od specyfiki operacyjnej i finansowej Pa\u0144stwa zam\u00f3wienia.<\/p>\n<p>Klienci powinni dok\u0142adnie sprawdzi\u0107 swoj\u0105 faktur\u0119 proforma, aby potwierdzi\u0107 dane dotycz\u0105ce wysy\u0142ki odnosz\u0105ce si\u0119 do ich konkretnej transakcji. Ca\u0142a dokumentacja wysy\u0142kowa i celna b\u0119dzie odzwierciedla\u0107 miejsce nadania wskazane na fakturze.<\/p>\n<p><!-- notionvc: ee3bf468-94f3-4533-bf93-19d5112f1f10 --><\/p>\n<h3><strong>2. Przetwarzanie i obs\u0142uga zam\u00f3wie\u0144<\/strong><\/h3>\n<p><strong>2.1. Potwierdzenie zam\u00f3wienia i p\u0142atno\u015b\u0107<\/strong><\/p>\n<p>Wszystkie zam\u00f3wienia uznaje si\u0119 za potwierdzone dopiero po wystawieniu przez MEFERI faktury proforma i dokonaniu p\u0142atno\u015bci przez klienta. Realizacja zam\u00f3wienia, w tym produkcja i przygotowanie do wysy\u0142ki, rozpocznie si\u0119 dopiero po otrzymaniu pe\u0142nej przedp\u0142aty (100%) i potwierdzeniu jej przez nasz dzia\u0142 finansowy.&nbsp;<strong>chyba \u017ce inaczej postanowiono w osobnej, wykonanej umowie pomi\u0119dzy MEFERI a klientem lub autoryzowanym partnerem MEFERI (np. podmiotem stowarzyszonym, dystrybutorem lub sprzedawc\u0105).<\/strong><\/p>\n<p><strong>2.2. Dost\u0119pno\u015b\u0107 produktu i czas realizacji<\/strong><\/p>\n<p>MEFERI oferuje szerok\u0105 gam\u0119 produkt\u00f3w. Cz\u0119\u015b\u0107 z nich jest dost\u0119pna od r\u0119ki, a cz\u0119\u015b\u0107 jest produkowana na zam\u00f3wienie.<\/p>\n<ul>\n<li><strong>Produkty dost\u0119pne w magazynie:<\/strong>&nbsp;W przypadku produkt\u00f3w dost\u0119pnych w naszym magazynie centralnym standardowy czas realizacji zam\u00f3wienia wynosi&nbsp;<strong>3-5 dni roboczych<\/strong>&nbsp;obowi\u0105zuje po potwierdzeniu wp\u0142aty, przed przekazaniem zam\u00f3wienia przewo\u017anikowi.<\/li>\n<li><strong>Produkty na zam\u00f3wienie \/ Komponenty niedost\u0119pne w magazynie:<\/strong>&nbsp;Je\u015bli produkt, jego komponenty lub wymagane akcesoria nie s\u0105 dost\u0119pne w magazynie, obowi\u0105zywa\u0107 b\u0119dzie termin realizacji zam\u00f3wienia.&nbsp;<strong>Szacowany czas realizacji zam\u00f3wienia nie jest wliczany do czasu transportu i zostanie wyra\u017anie podany na fakturze proforma, kt\u00f3r\u0105 otrzymasz przed dokonaniem p\u0142atno\u015bci.<\/strong>&nbsp;Czas realizacji zam\u00f3wienia mo\u017ce si\u0119 r\u00f3\u017cni\u0107 w zale\u017cno\u015bci od wielko\u015bci zam\u00f3wienia, dost\u0119pno\u015bci komponent\u00f3w i wymaga\u0144 personalizacji.<\/li>\n<\/ul>\n<h3><strong>3. Zakupy za po\u015brednictwem autoryzowanych partner\u00f3w MEFERI (zalecane)<\/strong><\/h3>\n<p>MEFERI dzia\u0142a za po\u015brednictwem globalnej sieci oficjalnych partner\u00f3w, dystrybutor\u00f3w i sprzedawc\u00f3w, aby zapewni\u0107 lokaln\u0105 obs\u0142ug\u0119 i wsparcie. Dla Pa\u0144stwa wygody, Pa\u0144stwa zapytanie o zakup mo\u017ce zosta\u0107 skierowane do autoryzowanego partnera w Pa\u0144stwa regionie.<\/p>\n<p><strong>3.1. Proces:<\/strong>&nbsp;W tym scenariuszu lokalny partner MEFERI b\u0119dzie:<\/p>\n<ul>\n<li>Zajmij si\u0119 fakturowaniem i p\u0142atno\u015bciami, cz\u0119sto w swojej lokalnej walucie.<\/li>\n<li>Dzia\u0142aj jako importer, zarz\u0105dzaj\u0105c w Twoim imieniu wszystkimi procedurami odprawy celnej.<\/li>\n<li>Dostarcz produkt bezpo\u015brednio pod wskazany adres.<\/li>\n<\/ul>\n<p><strong>3.2. Korzy\u015bci:<\/strong>&nbsp;Zakupy za po\u015brednictwem lokalnego partnera zazwyczaj oferuj\u0105 znacz\u0105ce korzy\u015bci, takie jak szybsza dostawa z lokalnego magazynu, uproszczona logistyka i brak konieczno\u015bci przechodzenia przez skomplikowane procedury celne. Ponadto u\u0142atwia to\u2026&nbsp;<strong>usprawnione lokalne wsparcie gwarancyjne<\/strong>, regulowane przez nasz oficjalny&nbsp;<strong>Warunki gwarancji: <\/strong><a href=\"https:\/\/meferi.com\/pl\/support-services\/legal-center\/warranty-terms-and-conditions\/\">https:\/\/meferi.com\/en\/support-services\/legal-center\/warranty-terms-and-conditions\/<\/a>.<\/p>\n<p><strong>3.3. Obowi\u0105zuj\u0105ca polityka:<\/strong>&nbsp;<strong>Je\u015bli faktur\u0119 za zakup wystawia autoryzowany partner, warunki wysy\u0142ki, koszty i terminy s\u0105 ustalane przez tego partnera i podlegaj\u0105 jego odpowiedniej polityce wysy\u0142kowej.<\/strong>&nbsp;Aby zidentyfikowa\u0107 sprzedaj\u0105cego, nale\u017cy zapozna\u0107 si\u0119 z faktur\u0105 handlow\u0105 i skontaktowa\u0107 si\u0119 z nim bezpo\u015brednio w celu ustalenia szczeg\u00f3\u0142\u00f3w wysy\u0142ki.<\/p>\n<p><strong>3.4. Dokumentacja lokalna:<\/strong>&nbsp;Dokonuj\u0105c zakupu za po\u015brednictwem partnera, otrzymasz bezpo\u015brednio od niego wszelkie niezb\u0119dne lokalne dokumenty handlowe (np. faktur\u0119, dow\u00f3d dostawy), zgodne z przepisami ksi\u0119gowymi i podatkowymi obowi\u0105zuj\u0105cymi w Twoim kraju.<\/p>\n<h3><strong>4. Bezpo\u015brednia wysy\u0142ka mi\u0119dzynarodowa z MEFERI w Chinach<\/strong><\/h3>\n<p>Poni\u017csze warunki dotycz\u0105 wy\u0142\u0105cznie zam\u00f3wie\u0144, kt\u00f3re s\u0105 fakturowane, przetwarzane i wysy\u0142ane bezpo\u015brednio z zak\u0142adu MEFERI w Chengdu w Chinach.<\/p>\n<p><strong>4.1. Miejsca i metody wysy\u0142ki<\/strong><\/p>\n<p>MEFERI oferuje wysy\u0142k\u0119 na ca\u0142y \u015bwiat, w zale\u017cno\u015bci od dost\u0119pno\u015bci us\u0142ug naszych partner\u00f3w logistycznych (np. DHL, FedEx, UPS) oraz wszelkich obowi\u0105zuj\u0105cych mi\u0119dzynarodowych ogranicze\u0144 handlowych.<\/p>\n<p><strong>4.2. Szacowany czas transportu<\/strong><\/p>\n<p>Czasy przewozu s\u0105 szacunkowe i podawane przez przewo\u017anika, ale nie s\u0105 gwarantowane.&nbsp;<strong>nie uwzgl\u0119dnia\u0107<\/strong>&nbsp;czas realizacji zam\u00f3wienia, czas realizacji produkcji lub czas sp\u0119dzony na odprawie celnej.<\/p>\n<ul>\n<li><strong>Ekspresowa wysy\u0142ka:<\/strong>&nbsp;Typowo&nbsp;<strong>5-10 dni roboczych<\/strong>.<\/li>\n<li><strong>Standardowa wysy\u0142ka:<\/strong>&nbsp;Typowo&nbsp;<strong>15-30 dni roboczych<\/strong>.<\/li>\n<\/ul>\n<p><strong>4.3. Obliczanie koszt\u00f3w wysy\u0142ki<\/strong><\/p>\n<p>Koszty wysy\u0142ki s\u0105 naliczane indywidualnie dla ka\u017cdego zam\u00f3wienia na podstawie wagi brutto, wymiar\u00f3w gabarytowych, miejsca docelowego i wybranej us\u0142ugi. Ostateczny koszt wysy\u0142ki zostanie wyszczeg\u00f3lniony na fakturze proforma.<\/p>\n<p><strong>4.4. Dokumentacja wysy\u0142kowa i celna<\/strong><\/p>\n<p>W przypadku bezpo\u015brednich przesy\u0142ek mi\u0119dzynarodowych, MEFERI zapewnia standardowy zestaw dokument\u00f3w eksportowych, aby u\u0142atwi\u0107 klientowi odpraw\u0119 celn\u0105. Dokumenty te, kt\u00f3re mog\u0105 obejmowa\u0107 faktur\u0119 handlow\u0105, list\u0119 pakowania i lotniczy list przewozowy, s\u0105 dostarczane.&nbsp;<strong>zgodnie z warunkami obowi\u0105zuj\u0105cej Umowy Dostawy<\/strong>&nbsp;wykonane dla transakcji.<\/p>\n<h3><strong>5. C\u0142a, op\u0142aty i podatki (dla przesy\u0142ek bezpo\u015brednich)<\/strong><\/h3>\n<p><strong>5.1. Importer danych:<\/strong>&nbsp;W przypadku przesy\u0142ek bezpo\u015brednich z Chin,&nbsp;<strong>Klient jest Importerem Dokument\u00f3w<\/strong>&nbsp;w kraju docelowym i jest odpowiedzialny za przestrzeganie wszystkich lokalnych przepis\u00f3w importowych.<\/p>\n<p><strong>5.2. Odpowiedzialno\u015b\u0107 Klienta:<\/strong>&nbsp;Wszystkie obowi\u0105zuj\u0105ce c\u0142a, podatki importowe (np. VAT), op\u0142aty maklerskie i wszelkie inne op\u0142aty zwi\u0105zane z odpraw\u0105 celn\u0105 s\u0105&nbsp;<strong>wy\u0142\u0105czna odpowiedzialno\u015b\u0107 klienta<\/strong>. MEFERI nie ponosi odpowiedzialno\u015bci za te op\u0142aty.<\/p>\n<h3><strong>6. \u015aledzenie zam\u00f3wie\u0144 i przeniesienie ryzyka<\/strong><\/h3>\n<ul>\n<li><strong>\u015aledzenie:<\/strong>&nbsp;Po wys\u0142aniu zam\u00f3wienia otrzymasz powiadomienie e-mailem zawieraj\u0105ce numer przesy\u0142ki przewo\u017anika.<\/li>\n<li><strong>Przeniesienie ryzyka:<\/strong>&nbsp;Odpowiedzialno\u015b\u0107 MEFERI za przesy\u0142k\u0119 ko\u0144czy si\u0119 z chwil\u0105 jej przekazania przewo\u017anikowi. Przeniesienie ryzyka podlega przepisom&nbsp;<strong>Incoterms\u00ae 2020<\/strong>&nbsp;regu\u0142a okre\u015blona w fakturze proforma.<\/li>\n<\/ul>\n<h3><strong>7. Informacje kontaktowe<\/strong><\/h3>\n<p>W razie pyta\u0144 dotycz\u0105cych statusu zam\u00f3wienia, wysy\u0142ki lub niniejszej polityki skontaktuj si\u0119 z naszym zespo\u0142em wsparcia.<\/p>\n<ul>\n<li><strong>W celu uzyskania informacji o statusie zam\u00f3wienia i wysy\u0142ce:<\/strong>\n<ul>\n<li><strong>E-mail:<\/strong>&nbsp;<a href=\"mailto:support@meferi.com\">support@meferi.com<\/a><\/li>\n<li><strong>Portal pomocy technicznej (Utw\u00f3rz zg\u0142oszenie):<\/strong>&nbsp;<a href=\"https:\/\/helpdesk.meferi.com\/\">https:\/\/helpdesk.meferi.com\/<\/a><\/li>\n<\/ul>\n<\/li>\n<li><strong>W przypadku pyta\u0144 dotycz\u0105cych polityki:<\/strong>\n<ul>\n<li><strong>E-mail:<\/strong>&nbsp;<a href=\"mailto:legal@meferi.com\">legal@meferi.com<\/a><\/li>\n<\/ul>\n<\/li>\n<\/ul>\n<p><!-- notionvc: a9bb9c0f-bbbc-4a32-9533-feebffb694e0 --><\/p>\n\r\n\t\t<\/div>\r\n\t<\/div>\r\n<\/div><\/div><\/div>\n<\/div>","protected":false},"excerpt":{"rendered":"MEFERI Global Shipping Policy Effective Date: October 7, 2025 1. Introduction and Scope This MEFERI Global Shipping Policy (\"Policy\") outlines the procedures for order processing, production lead times, and international shipment of products purchased from MEFERI Technologies Co., Ltd. (\"MEFERI\") or its authorized partners. This document is designed to provide our global customers with a [...]","protected":false},"author":5,"featured_media":8565,"parent":1478,"menu_order":0,"comment_status":"closed","ping_status":"closed","template":"","meta":{"_acf_changed":false,"footnotes":""},"industry":[],"class_list":["post-10071","page","type-page","status-publish","has-post-thumbnail","hentry"],"acf":[],"_links":{"self":[{"href":"https:\/\/meferi.com\/pl\/wp-json\/wp\/v2\/pages\/10071","targetHints":{"allow":["GET"]}}],"collection":[{"href":"https:\/\/meferi.com\/pl\/wp-json\/wp\/v2\/pages"}],"about":[{"href":"https:\/\/meferi.com\/pl\/wp-json\/wp\/v2\/types\/page"}],"author":[{"embeddable":true,"href":"https:\/\/meferi.com\/pl\/wp-json\/wp\/v2\/users\/5"}],"replies":[{"embeddable":true,"href":"https:\/\/meferi.com\/pl\/wp-json\/wp\/v2\/comments?post=10071"}],"version-history":[{"count":0,"href":"https:\/\/meferi.com\/pl\/wp-json\/wp\/v2\/pages\/10071\/revisions"}],"up":[{"embeddable":true,"href":"https:\/\/meferi.com\/pl\/wp-json\/wp\/v2\/pages\/1478"}],"wp:featuredmedia":[{"embeddable":true,"href":"https:\/\/meferi.com\/pl\/wp-json\/wp\/v2\/media\/8565"}],"wp:attachment":[{"href":"https:\/\/meferi.com\/pl\/wp-json\/wp\/v2\/media?parent=10071"}],"wp:term":[{"taxonomy":"industry","embeddable":true,"href":"https:\/\/meferi.com\/pl\/wp-json\/wp\/v2\/industry?post=10071"}],"curies":[{"name":"wp","href":"https:\/\/api.w.org\/{rel}","templated":true}]}}