{"id":1000,"date":"2025-08-07T21:03:47","date_gmt":"2025-08-07T18:03:47","guid":{"rendered":"https:\/\/meferi.pontima.ru\/?page_id=1000"},"modified":"2026-02-04T09:48:24","modified_gmt":"2026-02-04T08:48:24","slug":"support-services","status":"publish","type":"page","link":"https:\/\/meferi.com\/pl\/support-services\/","title":{"rendered":"Wsparcie i us\u0142ugi"},"content":{"rendered":"<div class=\"wpb-content-wrapper\"><div class=\"vc_row wpb_row row top-row gradient-container-1 rounded-section vc_custom_1756144690078 text-left vc_row-has-fill vc_row-o-content-top vc_row-flex wpb_custom_034b39d9bc6c6b310d69e39f0ccf274f\"><div class=\"gradient-column-1 vc_column_container col-md-6 text-left\"><div class=\"wpb_wrapper vc_column-inner\"><div class=\"porto-sicon-box  vc_custom_1756578134548  wpb_custom_8629e1533f7a876ccf992ee07d9ae48e style_1 top-icon\"><div class=\"porto-sicon-header\"><h2 class=\"porto-sicon-title\" style=\"\">Wsparcie MEFERI<br \/>\n&amp; Us\u0142ugi<\/h2><\/div> <!-- header --><div class=\"porto-sicon-description\" style=\"\">Szybko znajd\u017a najwa\u017cniejsze informacje o gwarancjach produkt\u00f3w i naprawach<br \/>\npro\u015bby, plany serwisowe i zasoby partner\u00f3w \u2013 wszystko w jednym miejscu.<\/div> <!-- description --><\/div><!-- porto-sicon-box --><\/div><\/div><div class=\"gradient-column-2 vc_column_container col-md-1\"><div class=\"wpb_wrapper vc_column-inner\"><\/div><\/div><\/div><div class=\"vc_row wpb_row row top-row gradient-container-2 vc_custom_1756144703398 vc_column-gap-15 vc_row-has-fill wpb_custom_034b39d9bc6c6b310d69e39f0ccf274f\"><div class=\"gradient-column-3 vc_column_container col-md-12 vc_custom_1754469150485\"><div class=\"wpb_wrapper vc_column-inner\"><h2 style=\"color: var(--porto-dark-color)\" class=\"vc_custom_heading vc_do_custom_heading vc_custom_1754590813940 wpb_custom_aa365bd5046e8294520b4e73732b9d15 align-left\" >Poznaj nasze wsparcie i us\u0142ugi<\/h2><\/div><\/div><\/div><div class=\"vc_row wpb_row row top-row gradient-container-4 vc_custom_1754939217478 vc_column-gap-15 vc_row-has-fill vc_row-o-equal-height vc_row-flex wpb_custom_034b39d9bc6c6b310d69e39f0ccf274f\"><div class=\"gradient-column-4 vc_column_container col-md-4 vc_custom_1754469150485\"><div class=\"wpb_wrapper vc_column-inner\"><div class=\"porto-ultimate-content-box-container my-rounded-box\"><style>.porto_ucb_8ba3bb8197aace42da06f0fe0083a0e1:hover{box-shadow:none}<\/style><div class=\"porto-ultimate-content-box vc_custom_1756661776254 has-content-pos justify-content-center porto_ucb_8ba3bb8197aace42da06f0fe0083a0e1\" style=\"background-color:#eef4fc;border:1px solid var(--porto-light-color);min-height:500px;\" data-bg=\"#eef4fc\"><div class=\"porto-sicon-box  vc_custom_1754593087778  wpb_custom_2d9c2a682b5f8cf750d5d39077e790d9 style_2 top-icon\"><div class=\"porto-sicon-top\"><div class=\"porto-just-icon-wrapper porto-sicon-img  porto-icon-9f5d1cfb45d27d96b50bf473aebba227\" style=\"font-size: 50px;\"><img loading=\"lazy\" decoding=\"async\" class=\"img-icon\" alt=\"\" src=\"https:\/\/meferi.com\/wp-content\/uploads\/2025\/08\/\u0411\u0435\u0437-\u043d\u0430\u0437\u0432\u0430\u043d\u0438\u044f-7.png\" width=\"100\" height=\"100\" \/><\/div><\/div><div class=\"porto-sicon-header\"><h2 class=\"porto-sicon-title\" style=\"\">Portal partnerski<\/h2><p>Ekskluzywny dost\u0119p dla partner\u00f3w MEFERI<\/p><\/div> <!-- header --><div class=\"porto-sicon-description\" style=\"\">Uzyskaj dost\u0119p do ekskluzywnych korzy\u015bci partnerskich, w tym do natychmiastowego pobierania, przegl\u0105dania produkt\u00f3w, \u015bledzenia przesy\u0142ek i \u0142atwego sk\u0142adania zam\u00f3wie\u0144 dzi\u0119ki informacjom o stanie magazynowym i cenach w czasie rzeczywistym.<a class=\"porto-sicon-read xx\" href=\"https:\/\/portal.meferi.com\/\" target='_blank'>Dowiedz si\u0119 wi\u0119cej<span>&nbsp;\"<\/span><\/a><\/div> <!-- description --><\/div><!-- porto-sicon-box --><\/div><\/div><\/div><\/div><div class=\"gradient-column-5 vc_column_container col-md-4\"><div class=\"wpb_wrapper vc_column-inner\"><div class=\"porto-ultimate-content-box-container my-rounded-box\"><style>.porto_ucb_8ba3bb8197aace42da06f0fe0083a0e1:hover{box-shadow:none}<\/style><div class=\"porto-ultimate-content-box vc_custom_1756661794077 has-content-pos justify-content-center porto_ucb_8ba3bb8197aace42da06f0fe0083a0e1\" style=\"background-color:#eef4fc;border:1px solid var(--porto-light-color);min-height:500px;\" data-bg=\"#eef4fc\"><div class=\"porto-sicon-box  vc_custom_1770194899537  wpb_custom_1de7e184e0d47a0dc672dd123ea3801a style_2 top-icon\"><div class=\"porto-sicon-top\"><div class=\"porto-just-icon-wrapper porto-sicon-img  porto-icon-9f5d1cfb45d27d96b50bf473aebba227\" style=\"font-size: 50px;\"><img loading=\"lazy\" decoding=\"async\" class=\"img-icon\" alt=\"\" src=\"https:\/\/meferi.com\/wp-content\/uploads\/2025\/08\/\u0411\u0435\u0437-\u043d\u0430\u0437\u0432\u0430\u043d\u0438\u044f-8.png\" width=\"100\" height=\"100\" \/><\/div><\/div><div class=\"porto-sicon-header\"><h2 class=\"porto-sicon-title\" style=\"\">Portal wsparcia<\/h2><p>Szybka i przejrzysta pomoc techniczna<\/p><\/div> <!-- header --><div class=\"porto-sicon-description\" style=\"\">\u015aled\u017a status swoich zg\u0142osze\u0144 pomocy technicznej, przesy\u0142aj dokumentacj\u0119, aby szybciej rozwi\u0105zywa\u0107 problemy, i wsp\u00f3\u0142pracuj ze swoim zespo\u0142em, aby zapewni\u0107 skuteczne rozwi\u0105zywanie problem\u00f3w.<a class=\"porto-sicon-read xx\" href=\"https:\/\/meferi.com\/pl\/support\/\" target='_blank' title='Wsparcie'>Dowiedz si\u0119 wi\u0119cej<span>&nbsp;\"<\/span><\/a><\/div> <!-- description --><\/div><!-- porto-sicon-box --><\/div><\/div><\/div><\/div><div class=\"gradient-column-6 vc_column_container col-md-4\"><div class=\"wpb_wrapper vc_column-inner\"><div class=\"porto-ultimate-content-box-container my-rounded-box\"><style>.porto_ucb_8ba3bb8197aace42da06f0fe0083a0e1:hover{box-shadow:none}<\/style><div class=\"porto-ultimate-content-box vc_custom_1756661810817 has-content-pos justify-content-center porto_ucb_8ba3bb8197aace42da06f0fe0083a0e1\" style=\"background-color:#eef4fc;border:1px solid var(--porto-light-color);min-height:500px;\" data-bg=\"#eef4fc\"><div class=\"porto-sicon-box  vc_custom_1754738770370  wpb_custom_d7151b725a18e9b8643ad785eebfddee style_2 top-icon\"><div class=\"porto-sicon-top\"><div class=\"porto-just-icon-wrapper porto-sicon-img  porto-icon-9f5d1cfb45d27d96b50bf473aebba227\" style=\"font-size: 50px;\"><img loading=\"lazy\" decoding=\"async\" class=\"img-icon\" alt=\"\" src=\"https:\/\/meferi.com\/wp-content\/uploads\/2025\/08\/\u0411\u0435\u0437-\u043d\u0430\u0437\u0432\u0430\u043d\u0438\u044f-9.png\" width=\"100\" height=\"100\" \/><\/div><\/div><div class=\"porto-sicon-header\"><h2 class=\"porto-sicon-title\" style=\"\">Plany us\u0142ug MeCare<\/h2><p>Kompleksowe ubezpieczenie dla Ciebie<\/p><\/div> <!-- header --><div class=\"porto-sicon-description\" style=\"\">Chro\u0144 swoj\u0105 inwestycj\u0119 dzi\u0119ki elastycznym planom serwisowym wykraczaj\u0105cym poza standardowe gwarancje i obejmuj\u0105cym priorytetowe naprawy, wymiany i wsparcie techniczne.<a class=\"porto-sicon-read xx\" href=\"https:\/\/meferi.com\/pl\/support-services\/mecare-service-plans\/\" title='plany us\u0142ug mecare'>Dowiedz si\u0119 wi\u0119cej<span>&nbsp;\"<\/span><\/a><\/div> <!-- description --><\/div><!-- porto-sicon-box --><\/div><\/div><\/div><\/div><\/div><div class=\"vc_row wpb_row row top-row gradient-container-5 vc_custom_1754939231713 vc_column-gap-15 vc_row-has-fill vc_row-o-equal-height vc_row-flex wpb_custom_034b39d9bc6c6b310d69e39f0ccf274f\"><div class=\"gradient-column-7 vc_column_container col-md-4 vc_custom_1754469150485\"><div class=\"wpb_wrapper vc_column-inner\"><div class=\"porto-ultimate-content-box-container my-rounded-box\"><style>.porto_ucb_8ba3bb8197aace42da06f0fe0083a0e1:hover{box-shadow:none}<\/style><div class=\"porto-ultimate-content-box vc_custom_1756661816623 has-content-pos justify-content-center porto_ucb_8ba3bb8197aace42da06f0fe0083a0e1\" style=\"background-color:#eef4fc;border:1px solid var(--porto-light-color);min-height:500px;\" data-bg=\"#eef4fc\"><div class=\"porto-sicon-box  vc_custom_1754594112676  wpb_custom_2d9c2a682b5f8cf750d5d39077e790d9 style_2 top-icon\"><div class=\"porto-sicon-top\"><div class=\"porto-just-icon-wrapper porto-sicon-img  porto-icon-9f5d1cfb45d27d96b50bf473aebba227\" style=\"font-size: 50px;\"><img loading=\"lazy\" decoding=\"async\" class=\"img-icon\" alt=\"\" src=\"https:\/\/meferi.com\/wp-content\/uploads\/2025\/08\/\u0411\u0435\u0437-\u043d\u0430\u0437\u0432\u0430\u043d\u0438\u044f-10.png\" width=\"100\" height=\"100\" \/><\/div><\/div><div class=\"porto-sicon-header\"><h2 class=\"porto-sicon-title\" style=\"\">Gwarancja<\/h2><p>Sprawd\u017a i zarz\u0105dzaj swoj\u0105 gwarancj\u0105 MEFERI<\/p><\/div> <!-- header --><div class=\"porto-sicon-description\" style=\"\">Sprawd\u017a status gwarancji swojego produktu, przejrzyj powiadomienia o ko\u0144cu okresu eksploatacji i znajd\u017a specjalne warunki gwarancji dla konkretnych urz\u0105dze\u0144.<a class=\"porto-sicon-read xx\" href=\"\/pl\/warranty-terms-and-conditions\/\" target='_blank'>Dowiedz si\u0119 wi\u0119cej<span>&nbsp;\"<\/span><\/a><\/div> <!-- description --><\/div><!-- porto-sicon-box --><\/div><\/div><\/div><\/div><div class=\"gradient-column-8 vc_column_container col-md-4\"><div class=\"wpb_wrapper vc_column-inner\"><div class=\"porto-ultimate-content-box-container my-rounded-box\"><style>.porto_ucb_8ba3bb8197aace42da06f0fe0083a0e1:hover{box-shadow:none}<\/style><div class=\"porto-ultimate-content-box vc_custom_1756661822375 has-content-pos justify-content-center porto_ucb_8ba3bb8197aace42da06f0fe0083a0e1\" style=\"background-color:#eef4fc;border:1px solid var(--porto-light-color);min-height:500px;\" data-bg=\"#eef4fc\"><div class=\"porto-sicon-box  vc_custom_1754594144740  wpb_custom_1de7e184e0d47a0dc672dd123ea3801a style_2 top-icon\"><div class=\"porto-sicon-top\"><div class=\"porto-just-icon-wrapper porto-sicon-img  porto-icon-9f5d1cfb45d27d96b50bf473aebba227\" style=\"font-size: 50px;\"><img loading=\"lazy\" decoding=\"async\" class=\"img-icon\" alt=\"\" src=\"https:\/\/meferi.com\/wp-content\/uploads\/2025\/08\/\u0411\u0435\u0437-\u043d\u0430\u0437\u0432\u0430\u043d\u0438\u044f-11.png\" width=\"100\" height=\"100\" \/><\/div><\/div><div class=\"porto-sicon-header\"><h2 class=\"porto-sicon-title\" style=\"\">Pro\u015bba o napraw\u0119<\/h2><p>Bezproblemowy proces RMA i naprawy<\/p><\/div> <!-- header --><div class=\"porto-sicon-description\" style=\"\">Z\u0142\u00f3\u017c wniosek o napraw\u0119, \u015bled\u017a post\u0119p prac i zapewnij sobie szybki czas realizacji dzi\u0119ki naszym dedykowanym centrom serwisowym.<a class=\"porto-sicon-read xx\" href=\"https:\/\/helpdesk.meferi.com\/\" target='_blank'>Dowiedz si\u0119 wi\u0119cej<span>&nbsp;\"<\/span><\/a><\/div> <!-- description --><\/div><!-- porto-sicon-box --><\/div><\/div><\/div><\/div><div class=\"gradient-column-9 vc_column_container col-md-4\"><div class=\"wpb_wrapper vc_column-inner\"><div class=\"porto-ultimate-content-box-container my-rounded-box\"><style>.porto_ucb_8ba3bb8197aace42da06f0fe0083a0e1:hover{box-shadow:none}<\/style><div class=\"porto-ultimate-content-box vc_custom_1756661829125 has-content-pos justify-content-center porto_ucb_8ba3bb8197aace42da06f0fe0083a0e1\" style=\"background-color:#eef4fc;border:1px solid var(--porto-light-color);min-height:500px;\" data-bg=\"#eef4fc\"><div class=\"porto-sicon-box  vc_custom_1765186151741  wpb_custom_d7151b725a18e9b8643ad785eebfddee style_2 top-icon\"><div class=\"porto-sicon-top\"><div class=\"porto-just-icon-wrapper porto-sicon-img  porto-icon-9f5d1cfb45d27d96b50bf473aebba227\" style=\"font-size: 50px;\"><img loading=\"lazy\" decoding=\"async\" class=\"img-icon\" alt=\"\" src=\"https:\/\/meferi.com\/wp-content\/uploads\/2025\/08\/\u0411\u0435\u0437-\u043d\u0430\u0437\u0432\u0430\u043d\u0438\u044f-12.png\" width=\"100\" height=\"100\" \/><\/div><\/div><div class=\"porto-sicon-header\"><h2 class=\"porto-sicon-title\" style=\"\">Centrum aktualizacji zabezpiecze\u0144<\/h2><\/div> <!-- header --><div class=\"porto-sicon-description\" style=\"\"><strong>B\u0105d\u017a na bie\u017c\u0105co z poprawkami zabezpiecze\u0144 i aktualizacjami oprogramowania sprz\u0119towego dla wszystkich urz\u0105dze\u0144 MEFERI.<\/strong><br \/>\nPrzegl\u0105daj szczeg\u00f3\u0142ow\u0105 histori\u0119 aktualizacji, harmonogram wsparcia i certyfikat bezpiecze\u0144stwa AER dla Twojego telefonu.<a class=\"porto-sicon-read xx\" href=\"https:\/\/meferi.com\/pl\/support-services\/meferi-security-updates-center\/\">Dowiedz si\u0119 wi\u0119cej<span>&nbsp;\"<\/span><\/a><\/div> <!-- description --><\/div><!-- porto-sicon-box --><\/div><\/div><\/div><\/div><\/div><div class=\"vc_row wpb_row row top-row gradient-container-6 vc_custom_1754594060710 vc_column-gap-15 vc_row-has-fill vc_row-o-equal-height vc_row-flex wpb_custom_034b39d9bc6c6b310d69e39f0ccf274f\"><div class=\"gradient-column-10 vc_column_container col-md-4 vc_custom_1754469150485\"><div class=\"wpb_wrapper vc_column-inner\"><div class=\"porto-ultimate-content-box-container my-rounded-box\"><style>.porto_ucb_8ba3bb8197aace42da06f0fe0083a0e1:hover{box-shadow:none}<\/style><div class=\"porto-ultimate-content-box vc_custom_1756661834984 has-content-pos justify-content-center porto_ucb_8ba3bb8197aace42da06f0fe0083a0e1\" style=\"background-color:#eef4fc;border:1px solid var(--porto-light-color);min-height:500px;\" data-bg=\"#eef4fc\"><div class=\"porto-sicon-box  vc_custom_1754594237357  wpb_custom_2d9c2a682b5f8cf750d5d39077e790d9 style_2 top-icon\"><div class=\"porto-sicon-top\"><div class=\"porto-just-icon-wrapper porto-sicon-img  porto-icon-9f5d1cfb45d27d96b50bf473aebba227\" style=\"font-size: 50px;\"><img loading=\"lazy\" decoding=\"async\" class=\"img-icon\" alt=\"\" src=\"https:\/\/meferi.com\/wp-content\/uploads\/2025\/08\/\u0411\u0435\u0437-\u043d\u0430\u0437\u0432\u0430\u043d\u0438\u044f-13.png\" width=\"100\" height=\"100\" \/><\/div><\/div><div class=\"porto-sicon-header\"><h2 class=\"porto-sicon-title\" style=\"\">Dokumenty online<\/h2><p>Szybki dost\u0119p do podr\u0119cznik\u00f3w i instrukcji obs\u0142ugi<\/p><\/div> <!-- header --><div class=\"porto-sicon-description\" style=\"\">Przegl\u0105daj i pobieraj najnowsze instrukcje obs\u0142ugi, przewodniki skr\u00f3cone i dokumentacj\u0119 konfiguracji produkt\u00f3w MEFERI.<a class=\"porto-sicon-read xx\" href=\"\/pl\/docs-online\/\" target='_blank'>Dowiedz si\u0119 wi\u0119cej<span>&nbsp;\"<\/span><\/a><\/div> <!-- description --><\/div><!-- porto-sicon-box --><\/div><\/div><\/div><\/div><div class=\"gradient-column-11 vc_column_container col-md-4\"><div class=\"wpb_wrapper vc_column-inner\"><div class=\"porto-ultimate-content-box-container my-rounded-box\"><style>.porto_ucb_8ba3bb8197aace42da06f0fe0083a0e1:hover{box-shadow:none}<\/style><div class=\"porto-ultimate-content-box vc_custom_1756661840289 has-content-pos justify-content-center porto_ucb_8ba3bb8197aace42da06f0fe0083a0e1\" style=\"background-color:#eef4fc;border:1px solid var(--porto-light-color);min-height:500px;\" data-bg=\"#eef4fc\"><div class=\"porto-sicon-box  vc_custom_1754594271444  wpb_custom_1de7e184e0d47a0dc672dd123ea3801a style_2 top-icon\"><div class=\"porto-sicon-top\"><div class=\"porto-just-icon-wrapper porto-sicon-img  porto-icon-9f5d1cfb45d27d96b50bf473aebba227\" style=\"font-size: 50px;\"><img loading=\"lazy\" decoding=\"async\" class=\"img-icon\" alt=\"\" src=\"https:\/\/meferi.com\/wp-content\/uploads\/2025\/08\/\u0411\u0435\u0437-\u043d\u0430\u0437\u0432\u0430\u043d\u0438\u044f-14.png\" width=\"100\" height=\"100\" \/><\/div><\/div><div class=\"porto-sicon-header\"><h2 class=\"porto-sicon-title\" style=\"\">Certyfikaty partnerskie<\/h2><p>Zweryfikuj sw\u00f3j status partnera MEFERI<\/p><\/div> <!-- header --><div class=\"porto-sicon-description\" style=\"\">Sprawd\u017a autentyczno\u015b\u0107 swojego Certyfikatu Autoryzowanego Dystrybutora lub Sprzedawcy MEFERI za pomoc\u0105 naszego narz\u0119dzia weryfikacyjnego.<a class=\"porto-sicon-read xx\" href=\"\/pl\/partner-certificate-verification\/\" target='_blank'>Dowiedz si\u0119 wi\u0119cej<span>&nbsp;\"<\/span><\/a><\/div> <!-- description --><\/div><!-- porto-sicon-box --><\/div><\/div><\/div><\/div><div class=\"gradient-column-12 vc_column_container col-md-4\"><div class=\"wpb_wrapper vc_column-inner\"><div class=\"porto-ultimate-content-box-container my-rounded-box\"><style>.porto_ucb_8ba3bb8197aace42da06f0fe0083a0e1:hover{box-shadow:none}<\/style><div class=\"porto-ultimate-content-box vc_custom_1756661845349 has-content-pos justify-content-center porto_ucb_8ba3bb8197aace42da06f0fe0083a0e1\" style=\"background-color:#eef4fc;border:1px solid var(--porto-light-color);min-height:500px;\" data-bg=\"#eef4fc\"><div class=\"porto-sicon-box  vc_custom_1754594298429  wpb_custom_2d9c2a682b5f8cf750d5d39077e790d9 style_2 top-icon\"><div class=\"porto-sicon-top\"><div class=\"porto-just-icon-wrapper porto-sicon-img  porto-icon-9f5d1cfb45d27d96b50bf473aebba227\" style=\"font-size: 50px;\"><img loading=\"lazy\" decoding=\"async\" class=\"img-icon\" alt=\"\" src=\"https:\/\/meferi.com\/wp-content\/uploads\/2025\/08\/\u0411\u0435\u0437-\u043d\u0430\u0437\u0432\u0430\u043d\u0438\u044f-15.png\" width=\"100\" height=\"100\" \/><\/div><\/div><div class=\"porto-sicon-header\"><h2 class=\"porto-sicon-title\" style=\"\">Certyfikaty produkt\u00f3w<\/h2><p>Certyfikaty zgodno\u015bci i bezpiecze\u0144stwa<\/p><\/div> <!-- header --><div class=\"porto-sicon-description\" style=\"\">Dokumenty dotycz\u0105ce zgodno\u015bci produktu, certyfikaty AER Android Enterprise Recommended i standardy bezpiecze\u0144stwa bran\u017cowego.<a class=\"porto-sicon-read xx\" href=\"\/pl\/product-certificates\/\">Dowiedz si\u0119 wi\u0119cej<span>&nbsp;\"<\/span><\/a><\/div> <!-- description --><\/div><!-- porto-sicon-box --><\/div><\/div><\/div><\/div><\/div><div class=\"vc_row wpb_row row top-row gradient-container-7 rounded-section vc_custom_1758202920197 text-left vc_row-has-fill vc_row-o-content-top vc_row-flex wpb_custom_034b39d9bc6c6b310d69e39f0ccf274f\"><div class=\"gradient-column-13 vc_column_container col-md-6 text-left\"><div class=\"wpb_wrapper vc_column-inner\"><div class=\"porto-sicon-box  vc_custom_1762880245414  wpb_custom_178f2745f58ee46e3130aac549600833 style_2 top-icon\"><div class=\"porto-sicon-header\"><h2 class=\"porto-sicon-title\" style=\"\">Przetestuj najnowocze\u015bniejsze rozwi\u0105zania MEFERI<\/h2><p style=\"color:var(--porto-light-color);\">Wypr\u00f3buj nasze wiod\u0105ce w bran\u017cy rozwi\u0105zania dzi\u0119ki bezp\u0142atnej je\u017adzie pr\u00f3bnej<\/p><\/div> <!-- header --><div class=\"porto-sicon-description\" style=\"color:var(--porto-light-color);\">Odkryj, jak\u0105 r\u00f3\u017cnic\u0119 MEFERI mo\u017ce wnie\u015b\u0107 do Twojej dzia\u0142alno\u015bci. Nasze najnowocze\u015bniejsze produkty zosta\u0142y zaprojektowane tak, aby sprosta\u0107 unikalnym wymaganiom Twojej bran\u017cy. Niezale\u017cnie od tego, czy chcesz zwi\u0119kszy\u0107 efektywno\u015b\u0107 operacyjn\u0105, obni\u017cy\u0107 koszty, czy odblokowa\u0107 nowe mo\u017cliwo\u015bci, bezp\u0142atna jazda pr\u00f3bna naszych produkt\u00f3w to pierwszy krok w transformacji Twojej firmy.<\/div> <!-- description --><\/div><!-- porto-sicon-box --><style>.vc_btn3-style-gradient-custom.vc_btn-gradient-btn-69fc9f619d7dc:hover,.vc_btn3-style-gradient-custom.vc_btn-gradient-btn-69fc9f619d7dc:focus{color: #ffffff;background-color: var(--porto-tertiary-color);border: none;background-position: 100% 0;} .vc_btn3-style-gradient-custom.vc_btn-gradient-btn-69fc9f619d7dc{color: #ffffff;border: none;background-color: #dd3333;background-image: -webkit-linear-gradient(left, #dd3333 0%, var(--porto-tertiary-color) 50%,#dd3333 100%);background-image: linear-gradient(to right, #dd3333 0%, var(--porto-tertiary-color) 50%,#dd3333 100%);transition: all .2s ease-in-out;background-size: 200% 100%;}<\/style><div class=\"vc_btn3-container vc_btn3-inline vc_custom_1762880410296 vc_do_btn\" >\r\n\t<a data-vc-gradient-1=\"#dd3333\" data-vc-gradient-2=\"var(--porto-tertiary-color)\" class=\"vc_general vc_btn3 vc_btn3-size-xl vc_btn3-shape-round vc_btn3-style-gradient-custom wpb_custom_6687b26f39488ddbb85ddb3c1ce8e111 vc_btn-gradient-btn-69fc9f619d7dc btn\" style=\"font-size:17px; font-weight:500;\" href=\"https:\/\/meferi.com\/pl\/contact-meferi\/contact-sales\/\" title=\"Kontakt w sprawie sprzeda\u017cy\">Rozpocznij bezp\u0142atn\u0105 jazd\u0119 pr\u00f3bn\u0105<\/a>\t<\/div>\r\n<\/div><\/div><\/div><div class=\"vc_row wpb_row row top-row gradient-container-8 rounded-section vc_custom_1756144749325 text-left vc_row-has-fill vc_row-o-content-top vc_row-flex wpb_custom_034b39d9bc6c6b310d69e39f0ccf274f\"><div class=\"gradient-column-14 vc_column_container col-md-12\"><div class=\"wpb_wrapper vc_column-inner\">\r\n\t<div class=\"wpb_text_column wpb_content_element wpb_custom_7c91d232724f73626cc933bd95b25ff0\" >\r\n\t\t<div class=\"wpb_wrapper\">\r\n\t\t\t<h3 class=\"big_title\" style=\"text-align: center;\"><strong><span style=\"color: #ffffff;\">Przenie\u015b swoje operacje bran\u017cowe na wy\u017cszy poziom<\/span><\/strong><\/h3>\n<div class=\"big_title\" style=\"text-align: center;\" data-v-341129f1=\"\"><strong><span style=\"color: #ffffff;\">Skorzystaj z rozwi\u0105za\u0144 starannie opracowanych z my\u015bl\u0105 o specyfiki Twojej bran\u017cy. <\/span><\/strong><\/div>\n<div class=\"big_title\" style=\"text-align: center;\" data-v-341129f1=\"\"><strong><span style=\"color: #ffffff;\">Nasi eksperci mog\u0105 przedstawi\u0107 Ci mo\u017cliwo\u015bci ka\u017cdej aplikacji, aby zoptymalizowa\u0107 Twoje dzia\u0142ania i osi\u0105gn\u0105\u0107 cele biznesowe.<\/span><\/strong><\/div>\n\r\n\t\t<\/div>\r\n\t<\/div>\r\n<\/div><\/div><div class=\"gradient-column-15 vc_column_container col-md-1\"><div class=\"wpb_wrapper vc_column-inner\"><\/div><\/div><div class=\"gradient-column-16 vc_column_container col-md-5 text-left vc_custom_1754595878014\"><div class=\"wpb_wrapper vc_column-inner\"><div class=\"porto-ultimate-content-box-container my-rounded-box\"><style>.porto_ucb_8ba3bb8197aace42da06f0fe0083a0e1:hover{box-shadow:none}<\/style><div class=\"porto-ultimate-content-box vc_custom_1754595751442 has-content-pos justify-content-center porto_ucb_8ba3bb8197aace42da06f0fe0083a0e1\" style=\"background-color:var(--porto-light-color);border:1px solid var(--porto-light-color);\" data-bg=\"var(--porto-light-color)\"><div class=\"porto-sicon-box  vc_custom_1762880257362  wpb_custom_710b63c711f81c5f0250186a3847fdac style_1 top-icon\"><div class=\"porto-sicon-header\"><h4 class=\"porto-sicon-title\" style=\"\">Skontaktuj si\u0119 z pomoc\u0105 techniczn\u0105<\/h4><p>Uzyskaj pomoc w rozwi\u0105zywaniu problem\u00f3w, naprawach, gwarancjach i planach serwisowych.<\/p><\/div> <!-- header --><div class=\"porto-sicon-description\" style=\"\"><a class=\"porto-sicon-read xx\" href=\"\/pl\/contact-support\/\" target='_blank' title='kontakt-MEFERI'>Kontakt z pomoc\u0105 techniczn\u0105<span>&nbsp;\"<\/span><\/a><\/div> <!-- description --><\/div><!-- porto-sicon-box --><\/div><\/div><\/div><\/div><div class=\"gradient-column-17 vc_column_container col-md-5 vc_custom_1754595890201\"><div class=\"wpb_wrapper vc_column-inner\"><div class=\"porto-ultimate-content-box-container my-rounded-box\"><style>.porto_ucb_8ba3bb8197aace42da06f0fe0083a0e1:hover{box-shadow:none}<\/style><div class=\"porto-ultimate-content-box vc_custom_1754595770377 has-content-pos justify-content-center porto_ucb_8ba3bb8197aace42da06f0fe0083a0e1\" style=\"background-color:var(--porto-light-color);border:1px solid var(--porto-light-color);\" data-bg=\"var(--porto-light-color)\"><div class=\"porto-sicon-box  vc_custom_1754595545044  wpb_custom_710b63c711f81c5f0250186a3847fdac style_1 top-icon\"><div class=\"porto-sicon-header\"><h4 class=\"porto-sicon-title\" style=\"\">Zapytania dotycz\u0105ce partner\u00f3w i biznesu<\/h4><p>W sprawie partnerstw, dystrybucji, zam\u00f3wie\u0144 hurtowych i konsultacji dotycz\u0105cych produkt\u00f3w.<\/p><\/div> <!-- header --><div class=\"porto-sicon-description\" style=\"\"><a class=\"porto-sicon-read xx\" href=\"\/pl\/contact-sales\/\" target='_blank' title='kontakt-MEFERI'>Kontakt w sprawie sprzeda\u017cy<span>&nbsp;\"<\/span><\/a><\/div> <!-- description --><\/div><!-- porto-sicon-box --><\/div><\/div><\/div><\/div><\/div>\n<\/div>","protected":false},"excerpt":{"rendered":"MEFERI Support &amp; Services Quickly find essential information on product warranties, repair requests, service plans, and partner resources - all in one place. Explore Our Support & ServicesPartner PortalExclusive Access for MEFERI Partners Gain access to exclusive partner benefits, including instant downloads, product exploration, shipment tracking, and effortless ordering with real-time stock and pricing.Learn More&nbsp;&raquo; [...]","protected":false},"author":2,"featured_media":8476,"parent":0,"menu_order":0,"comment_status":"closed","ping_status":"closed","template":"","meta":{"_acf_changed":false,"footnotes":""},"industry":[],"class_list":["post-1000","page","type-page","status-publish","has-post-thumbnail","hentry"],"acf":[],"_links":{"self":[{"href":"https:\/\/meferi.com\/pl\/wp-json\/wp\/v2\/pages\/1000","targetHints":{"allow":["GET"]}}],"collection":[{"href":"https:\/\/meferi.com\/pl\/wp-json\/wp\/v2\/pages"}],"about":[{"href":"https:\/\/meferi.com\/pl\/wp-json\/wp\/v2\/types\/page"}],"author":[{"embeddable":true,"href":"https:\/\/meferi.com\/pl\/wp-json\/wp\/v2\/users\/2"}],"replies":[{"embeddable":true,"href":"https:\/\/meferi.com\/pl\/wp-json\/wp\/v2\/comments?post=1000"}],"version-history":[{"count":0,"href":"https:\/\/meferi.com\/pl\/wp-json\/wp\/v2\/pages\/1000\/revisions"}],"wp:featuredmedia":[{"embeddable":true,"href":"https:\/\/meferi.com\/pl\/wp-json\/wp\/v2\/media\/8476"}],"wp:attachment":[{"href":"https:\/\/meferi.com\/pl\/wp-json\/wp\/v2\/media?parent=1000"}],"wp:term":[{"taxonomy":"industry","embeddable":true,"href":"https:\/\/meferi.com\/pl\/wp-json\/wp\/v2\/industry?post=1000"}],"curies":[{"name":"wp","href":"https:\/\/api.w.org\/{rel}","templated":true}]}}