{"id":9630,"date":"2025-10-01T08:39:58","date_gmt":"2025-10-01T06:39:58","guid":{"rendered":"https:\/\/meferi.com\/?page_id=9630"},"modified":"2026-01-13T10:45:16","modified_gmt":"2026-01-13T09:45:16","slug":"meferi-community-growth-giveaway-official-rules","status":"publish","type":"page","link":"https:\/\/meferi.com\/it\/meferi-community-growth-giveaway-official-rules\/","title":{"rendered":"MEFERI Community Growth Giveaway \u2013 Regolamento ufficiale"},"content":{"rendered":"<div class=\"wpb-content-wrapper\"><div class=\"vc_row wpb_row row top-row gradient-container-1 wpb_custom_034b39d9bc6c6b310d69e39f0ccf274f\"><div class=\"gradient-column-1 vc_column_container col-md-12\"><div class=\"wpb_wrapper vc_column-inner\">\r\n\t<div class=\"wpb_text_column wpb_content_element wpb_custom_7c91d232724f73626cc933bd95b25ff0\" >\r\n\t\t<div class=\"wpb_wrapper\">\r\n\t\t\t<h1><strong>MEFERI Community Growth Giveaway \u2013 Regolamento ufficiale<\/strong><\/h1>\n<p><strong>(In vigore dalla data di pubblicazione, Pubblicato il:\u00a0<b>1 ottobre 2025 alle 08:39<\/b>)<\/strong><\/p>\n<hr \/>\n<p><strong>Promotore<\/strong><\/p>\n<p>MEFERI Technologies Co., Ltd., Unit\u00e0 3-2, Edificio 4, n. 2555, Sezione 2, Huanglong Avenue, Distretto di Shuangliu, Chengdu 610000, Sichuan, Repubblica Popolare Cinese. Contatti:\u00a0<a href=\"mailto:campaigns@meferi.com\"><strong>campaigns@meferi.com<\/strong><\/a><\/p>\n<p><strong>Idoneit\u00e0<\/strong><\/p>\n<p>Questa promozione \u00e8 aperta solo alle persone fisiche di et\u00e0 pari o superiore a 18 anni che rappresentano un&#039;azienda e partecipano in qualit\u00e0 di:<\/p>\n<p>\u2013 partner esistenti o registrati di MEFERI Technologies Co., Ltd.;<br \/>\n\u2013 potenziali partner di MEFERI Technologies Co., Ltd.;<br \/>\n\u2013 clienti finali esistenti di MEFERI Technologies Co., Ltd.;<br \/>\n\u2013 potenziali clienti finali di MEFERI Technologies Co., Ltd.<\/p>\n<p>La partecipazione a questa Promozione \u00e8 valida solo dopo aver completato la registrazione tramite il modulo di registrazione ufficiale disponibile sulla pagina di destinazione della promozione MEFERI. La registrazione tramite il modulo \u00e8 obbligatoria. Chi segue MEFERI sui social media ma non compila il modulo di registrazione non \u00e8 considerato partecipante e non ha diritto all&#039;estrazione a premi.<\/p>\n<p>Per essere idoneo, un partecipante deve:<br \/>\n(a) compilare integralmente il modulo ufficiale di registrazione alla promozione, incluso il campo \u201cNome dell\u2019azienda\u201d;<br \/>\n(b) fornire il nome utente del proprio profilo social media nel modulo di registrazione;<br \/>\n(c) essere un follower del canale social media MEFERI specifico che ha raggiunto il traguardo di follower applicabile al momento dell&#039;estrazione del premio.<\/p>\n<p>Se un partecipante non segue il canale social specifico che ha attivato il traguardo dell&#039;omaggio, non avr\u00e0 diritto all&#039;estrazione del premio, anche se registrato sulla landing page della promozione.<\/p>\n<p>NON sono ammesse le iscrizioni presentate da:<br \/>\n(a) dipendenti, appaltatori o rappresentanti di MEFERI Technologies Co., Ltd., nonch\u00e9 i loro familiari pi\u00f9 prossimi;<br \/>\n(b) rappresentanti, dipendenti o affiliati di marchi hardware concorrenti AIDC, POS, Auto-ID, OEM o ODM;<br \/>\n(c) individui che non rappresentano una societ\u00e0 o inviano una voce senza un modulo di registrazione compilato;<br \/>\n(d) voci duplicate, incomplete o non verificabili.<\/p>\n<p>Saranno inclusi nell&#039;estrazione casuale solo i partecipanti che hanno completato con successo il modulo di registrazione ufficiale alla promozione, soddisfano tutti i requisiti di ammissibilit\u00e0 stabiliti nel presente Regolamento ufficiale e risultano, al momento dell&#039;estrazione, follower del canale social media MEFERI specifico che ha raggiunto il traguardo di follower definito per tale estrazione.<\/p>\n<p><strong>Periodo di promozione<\/strong><\/p>\n<p>La Promozione inizia alla data di pubblicazione del presente Regolamento Ufficiale sulla pagina ufficiale della promozione ed \u00e8 in corso. La Promozione si concluder\u00e0 al termine della terza e ultima estrazione e alla proclamazione del vincitore.<\/p>\n<p><strong>Come partecipare (nessun acquisto richiesto)<\/strong><\/p>\n<p>Per partecipare all&#039;estrazione e avere diritto a tutte le estrazioni, \u00e8 necessario completare i seguenti passaggi:<\/p>\n<ol>\n<li>Visita la pagina ufficiale della promozione MEFERI Community Growth Giveaway e compila il modulo di partecipazione durante il periodo della promozione: <strong><a href=\"https:\/\/meferi.com\/it\/promotions\/meferi-giveaway\/\" target=\"_blank\" rel=\"noopener\">https:\/\/meferi.com\/en\/promotions\/meferi-giveaway\/<\/a><\/strong><\/li>\n<li>Fornire informazioni accurate e complete nel modulo ufficiale di partecipazione alla promozione, tra cui un nome aziendale valido e il profilo social\/nome utente utilizzato per seguire MEFERI.<\/li>\n<\/ol>\n<p><strong>Premi ed estrazioni per traguardi<\/strong><\/p>\n<p>Saranno assegnati tre (3) premi in totale tramite tre estrazioni separate. Ogni estrazione verr\u00e0 attivata al raggiungimento di uno specifico traguardo dei follower. Ogni partecipante potr\u00e0 vincere un solo (1) premio durante l&#039;intera Promozione.<\/p>\n<p>I canali social media MEFERI idonei per questa promozione sono:\u00a0<strong>LinkedIn, Facebook, X (in precedenza Twitter), Instagram e YouTube.<\/strong><\/p>\n<ul>\n<li><strong>Estrazione 1: Traguardo follower 500<\/strong>\n<ul>\n<li><strong>Grilletto:<\/strong>\u00a0Questa estrazione verr\u00e0 attivata quando il\u00a0<em>Primo<\/em>\u00a0dei canali social media MEFERI idonei raggiunge 500 follower\/iscritti.<\/li>\n<li><strong>Premio:<\/strong>\u00a0Un (1) vincitore ricever\u00e0 un (1) paio di Apple AirPods Pro (l&#039;ultimo modello disponibile al momento dell&#039;estrazione).<\/li>\n<\/ul>\n<\/li>\n<li><strong>Estrazione 2: Traguardo follower 3.000<\/strong>\n<ul>\n<li><strong>Grilletto:<\/strong>\u00a0Questa estrazione verr\u00e0 attivata quando il\u00a0<em>Primo<\/em> dei canali social media MEFERI idonei raggiunge 3.000 follower\/iscritti.<\/li>\n<li><strong>Premio:<\/strong>\u00a0Un (1) vincitore ricever\u00e0 un (1) Apple Watch (ultimo modello disponibile al momento dell&#039;estrazione).<\/li>\n<\/ul>\n<\/li>\n<li><strong>Estrazione 3: Traguardo follower 5.000<\/strong>\n<ul>\n<li><strong>Grilletto:<\/strong>\u00a0Questa estrazione verr\u00e0 attivata quando il\u00a0<em>Primo<\/em> dei canali social media MEFERI idonei raggiunge 5.000 follower\/iscritti.<\/li>\n<li><strong>Premio:<\/strong>\u00a0Un (1) vincitore ricever\u00e0 un (1) Apple iPhone Pro (ultimo modello disponibile al momento dell&#039;estrazione).<\/li>\n<\/ul>\n<\/li>\n<\/ul>\n<p><strong>Condizioni generali del premio:<\/strong>\u00a0Tutti i premi non sono trasferibili e non vengono offerti denaro o altre alternative. Apple Inc. non \u00e8 sponsor, amministratore o partecipante a questa promozione.<\/p>\n<p><strong>Verifica e conferma del vincitore<\/strong><\/p>\n<p>1. MEFERI selezioner\u00e0 casualmente un potenziale vincitore dal database dei partecipanti che hanno compilato il modulo di iscrizione ufficiale.<\/p>\n<p>2. Prima di confermare il vincitore di un premio, MEFERI verificher\u00e0 quanto segue:<br \/>\n(a) il partecipante ha compilato il modulo ufficiale di registrazione alla promozione;<br \/>\n(b) il partecipante ha fornito un profilo social media\/nome utente valido nel modulo di registrazione;<br \/>\n(c) il partecipante soddisfa tutti i requisiti di ammissibilit\u00e0 previsti dal presente Regolamento ufficiale.<\/p>\n<p>3. Se il potenziale vincitore non soddisfa nessuna delle condizioni di cui sopra, verr\u00e0 squalificato per l&#039;estrazione e un nuovo potenziale vincitore verr\u00e0 selezionato e verificato secondo gli stessi criteri.<\/p>\n<p>MEFERI contatter\u00e0 il vincitore verificato tramite l&#039;indirizzo email fornito nel modulo di partecipazione. Il nome e l&#039;account social del vincitore devono corrispondere ragionevolmente alle informazioni fornite durante la partecipazione. Una volta verificati, MEFERI annuncer\u00e0 ufficialmente il vincitore sui suoi canali social.<\/p>\n<p><strong>Protezione dei dati (GDPR)<\/strong><\/p>\n<ul>\n<li><strong>Titolare del trattamento:<\/strong>\u00a0MEFERI Technologies Co., Ltd.<\/li>\n<li><strong>Finalit\u00e0 e base giuridica:<\/strong>\u00a0Lo scopo principale del trattamento dei tuoi dati personali \u00e8 quello di gestire questo omaggio continuativo e di inviarti comunicazioni di marketing. La base giuridica per tutte le attivit\u00e0 di trattamento \u00e8 il tuo esplicito consenso.\u00a0<strong>consenso<\/strong>\u00a0(art. 6(1)(a) GDPR), che fornisci inviando il modulo di iscrizione.<\/li>\n<li><strong>Revoca del consenso:<\/strong>\u00a0Puoi revocare il tuo consenso a ricevere future email di marketing in qualsiasi momento cliccando sul link &quot;Annulla iscrizione&quot;. La revoca delle comunicazioni di marketing non rimuover\u00e0 la tua partecipazione dal database del concorso. Per revocare completamente il consenso, devi richiedere la cancellazione dei tuoi dati contattandoci all&#039;indirizzo\u00a0<a href=\"mailto:legal@meferi.com\"><strong>legal@meferi.com<\/strong><\/a>.<\/li>\n<li><strong>Dati trattati:<\/strong>\u00a0Nome, cognome, indirizzo email e nome utente sui social media. Ai vincitori potrebbe essere richiesto un numero di telefono per coordinare la consegna dei premi.<\/li>\n<li><strong>Conservazione:<\/strong>\u00a0I dati relativi alle iscrizioni al concorso saranno conservati fino al termine della Promozione. Se hai acconsentito alle attivit\u00e0 di marketing, i tuoi dati saranno conservati fino alla revoca del consenso. I dati dei vincitori saranno conservati fino a 5 anni per finalit\u00e0 di audit e conformit\u00e0.<\/li>\n<li><strong>Diritti:<\/strong>\u00a0Hai il diritto di accedere, rettificare, cancellare o limitare il trattamento dei tuoi dati, nonch\u00e9 il diritto alla portabilit\u00e0 dei dati. Per esercitare tali diritti, ti preghiamo di contattarci all&#039;indirizzo\u00a0<a href=\"mailto:legal@meferi.com\"><strong>legal@meferi.com<\/strong><\/a>Puoi anche contattare l&#039;autorit\u00e0 locale per la protezione dei dati.<\/li>\n<li><strong>Trasferimenti:<\/strong>\u00a0Se i dati vengono archiviati o elaborati al di fuori dello SEE, MEFERI utilizzer\u00e0 misure di sicurezza appropriate (ad esempio, clausole contrattuali standard).<\/li>\n<\/ul>\n<p><strong>Modifiche, Sospensione o Risoluzione<\/strong><\/p>\n<p>MEFERI Technologies Co., Ltd. si riserva il diritto, a sua esclusiva discrezione, di modificare, sospendere, posticipare o annullare questa Promozione, in tutto o in parte, in qualsiasi momento e senza preavviso, qualora si verifichino circostanze al di fuori del suo ragionevole controllo o che possano compromettere l&#039;equit\u00e0, l&#039;integrit\u00e0 o il corretto svolgimento della Promozione.<\/p>\n<p>Eventuali modifiche al presente Regolamento Ufficiale saranno pubblicate sulla pagina ufficiale della promozione e avranno effetto dal momento della pubblicazione.<\/p>\n<p><!-- notionvc: 7ea47090-b6d1-4bdf-b3f2-e9d34a5e2ba5 --><\/p>\n\r\n\t\t<\/div>\r\n\t<\/div>\r\n<\/div><\/div><\/div>\n<\/div>","protected":false},"excerpt":{"rendered":"MEFERI Community Growth Giveaway - Official Rules (Effective from the date of publication, Published on:\u00a01 October 2025 at 08:39) Promoter MEFERI Technologies Co., Ltd., Unit 3-2, Building 4, No. 2555, Section 2, Huanglong Avenue, Shuangliu District, Chengdu 610000, Sichuan, P.R. China. Contact:\u00a0campaigns@meferi.com Eligibility This Promotion is open only to natural persons aged 18 years or [...]","protected":false},"author":5,"featured_media":0,"parent":0,"menu_order":0,"comment_status":"closed","ping_status":"closed","template":"","meta":{"_acf_changed":false,"footnotes":""},"industry":[],"class_list":["post-9630","page","type-page","status-publish","hentry"],"acf":[],"_links":{"self":[{"href":"https:\/\/meferi.com\/it\/wp-json\/wp\/v2\/pages\/9630","targetHints":{"allow":["GET"]}}],"collection":[{"href":"https:\/\/meferi.com\/it\/wp-json\/wp\/v2\/pages"}],"about":[{"href":"https:\/\/meferi.com\/it\/wp-json\/wp\/v2\/types\/page"}],"author":[{"embeddable":true,"href":"https:\/\/meferi.com\/it\/wp-json\/wp\/v2\/users\/5"}],"replies":[{"embeddable":true,"href":"https:\/\/meferi.com\/it\/wp-json\/wp\/v2\/comments?post=9630"}],"version-history":[{"count":0,"href":"https:\/\/meferi.com\/it\/wp-json\/wp\/v2\/pages\/9630\/revisions"}],"wp:attachment":[{"href":"https:\/\/meferi.com\/it\/wp-json\/wp\/v2\/media?parent=9630"}],"wp:term":[{"taxonomy":"industry","embeddable":true,"href":"https:\/\/meferi.com\/it\/wp-json\/wp\/v2\/industry?post=9630"}],"curies":[{"name":"parola chiave","href":"https:\/\/api.w.org\/{rel}","templated":true}]}}