{"id":3868,"date":"2025-08-14T14:25:38","date_gmt":"2025-08-14T11:25:38","guid":{"rendered":"https:\/\/meferi.pontima.ru\/?page_id=3868"},"modified":"2025-10-30T13:30:55","modified_gmt":"2025-10-30T12:30:55","slug":"warranty-terms-and-conditions","status":"publish","type":"page","link":"https:\/\/meferi.com\/it\/support-services\/legal-center\/warranty-terms-and-conditions\/","title":{"rendered":"Termini e condizioni di garanzia"},"content":{"rendered":"<div class=\"wpb-content-wrapper\"><div class=\"vc_row wpb_row row top-row gradient-container-1 wpb_custom_034b39d9bc6c6b310d69e39f0ccf274f\"><div class=\"gradient-column-1 vc_column_container col-md-12\"><div class=\"wpb_wrapper vc_column-inner\"><\/div><\/div><\/div><div class=\"vc_row wpb_row row top-row gradient-container-2 vc_custom_1755170329356 wpb_custom_034b39d9bc6c6b310d69e39f0ccf274f\"><div class=\"gradient-column-2 vc_column_container col-md-12 vc_custom_1755170292382\"><div class=\"wpb_wrapper vc_column-inner\">\r\n\t<div class=\"wpb_text_column wpb_content_element wpb_custom_7c91d232724f73626cc933bd95b25ff0\" >\r\n\t\t<div class=\"wpb_wrapper\">\r\n\t\t\t<h1 class=\"item_title\" style=\"text-align: left;\"><span style=\"font-size: 40px;\" data-v-12ff6b6e=\"\">Termini e condizioni di garanzia<\/span><\/h1>\n<p>MEFERI Technologies Co., Ltd., comprese le affiliate e le sussidiarie sotto il controllo comune di MEFERI (&quot;MEFERI&quot;), garantisce al Cliente Utente Finale (di seguito denominato &quot;Acquirente&quot;) i seguenti obblighi di garanzia. Il presente documento definisce l&#039;ambito, le procedure e le condizioni per l&#039;attuazione degli obblighi di garanzia relativi ai prodotti a marchio MEFERI immessi sul mercato da distributori e rivenditori autorizzati MEFERI (di seguito denominati &quot;Venditore&quot;).<br data-v-12ff6b6e=\"\"><br data-v-12ff6b6e=\"\">1. Termini e definizioni<br data-v-12ff6b6e=\"\"><br data-v-12ff6b6e=\"\">1.1. I seguenti termini e definizioni si applicano al presente documento e a tutte le relazioni derivanti o correlate allo stesso:<br data-v-12ff6b6e=\"\"><br data-v-12ff6b6e=\"\">1.1.1. Termini: il corpo del presente documento con tutti gli allegati, le modifiche e le aggiunte, come stabilito sulla Piattaforma e disponibile all&#039;indirizzo: <a href=\"https:\/\/meferi.com\/it\/support-services\/legal-center\/warranty-terms-and-conditions\/\">https:\/\/meferi.com\/en\/support-services\/legal-center\/warranty-terms-and-conditions\/<\/a><br data-v-12ff6b6e=\"\"><br data-v-12ff6b6e=\"\">1.1.2. Hardware: i componenti fisici e meccanici essenziali per il funzionamento dei prodotti MEFERI, compresi i sistemi integrati e le istruzioni leggibili dalla macchina necessarie per le funzionalit\u00e0 di base, escluso qualsiasi software fornito separatamente.<br data-v-12ff6b6e=\"\"><br data-v-12ff6b6e=\"\">1.1.3. Software \u2013 Software \u2013 qualsiasi istruzione leggibile da una macchina fornita da MEFERI, preinstallata sull&#039;hardware o fornita separatamente, utilizzata da un processore per eseguire operazioni specifiche essenziali per il funzionamento dei prodotti MEFERI, escluse le istruzioni destinate esclusivamente all&#039;avvio dell&#039;hardware durante l&#039;avvio.<br data-v-12ff6b6e=\"\"><br data-v-12ff6b6e=\"\">1.1.4. Prodotto: qualsiasi hardware, software o parti di ricambio a marchio MEFERI, inclusi accessori e componenti, come definiti nelle sezioni 1.1.2 e 1.1.3, forniti o destinati all&#039;uso con i prodotti MEFERI.<br data-v-12ff6b6e=\"\"><br data-v-12ff6b6e=\"\">1.1.5. Acquirente: il proprietario e l&#039;utente finale del prodotto.<br data-v-12ff6b6e=\"\"><br data-v-12ff6b6e=\"\">1.1.6. Venditore: un&#039;entit\u00e0, sia essa un Distributore o un Rivenditore, ufficialmente autorizzata da MEFERI a distribuire e vendere i prodotti MEFERI, svolgendo attivit\u00e0 di commercio all&#039;ingrosso e\/o al dettaglio dei prodotti.<br data-v-12ff6b6e=\"\"><br data-v-12ff6b6e=\"\">1.1.7. Centro di assistenza: un&#039;entit\u00e0 ufficialmente autorizzata da MEFERI a fornire servizi di manutenzione, riparazione e supporto in garanzia e post-garanzia per i prodotti MEFERI.<br data-v-12ff6b6e=\"\"><br data-v-12ff6b6e=\"\">1.1.8. Garanzia, obblighi di garanzia \u2013 ambito degli obblighi del Venditore in materia di manutenzione in garanzia dei prodotti.<br data-v-12ff6b6e=\"\"><br data-v-12ff6b6e=\"\">1.1.9. Scheda di garanzia: documento redatto dal Venditore a conferma dei diritti dell&#039;Acquirente alla manutenzione in garanzia.<br data-v-12ff6b6e=\"\"><br data-v-12ff6b6e=\"\">1.1.10. Manutenzione in garanzia: eliminazione del malfunzionamento del prodotto mediante riparazione o sostituzione gratuita degli elementi difettosi.<br data-v-12ff6b6e=\"\"><br data-v-12ff6b6e=\"\">1.1.11. Piattaforma: i sistemi informativi automatizzati disponibili su Internet agli indirizzi di rete nel seguente dominio (inclusi i sottodomini):&nbsp;<a href=\"https:\/\/meferi.com\/it\/\" target=\"_blank\" rel=\"noopener\" data-v-12ff6b6e=\"\">https:\/\/meferi.com<\/a>, incluso il portale partner MEFERI disponibile all&#039;indirizzo&nbsp;<a href=\"https:\/\/portal.meferi.com\/\" target=\"_blank\" rel=\"noopener\" data-v-12ff6b6e=\"\">https:\/\/portal.meferi.com<\/a>&nbsp;.<br data-v-12ff6b6e=\"\"><br data-v-12ff6b6e=\"\">2. DISPOSIZIONI GENERALI<br data-v-12ff6b6e=\"\"><br data-v-12ff6b6e=\"\">2.1. Le presenti Condizioni costituiscono parte integrante del contratto di vendita del prodotto.<br data-v-12ff6b6e=\"\"><br data-v-12ff6b6e=\"\">2.2. Le disposizioni dei presenti Termini possono essere replicate in tutto o in parte in una scheda di garanzia. In caso di discrepanze, le disposizioni dei presenti Termini faranno fede.<br data-v-12ff6b6e=\"\"><br data-v-12ff6b6e=\"\">hanno la priorit\u00e0.<br data-v-12ff6b6e=\"\"><br data-v-12ff6b6e=\"\">2.3. Le presenti Condizioni possono essere modificate di volta in volta senza preavviso agli Acquirenti. In tal caso:<br data-v-12ff6b6e=\"\"><br data-v-12ff6b6e=\"\">(a) l&#039;ambito degli obblighi di garanzia relativi ai prodotti sar\u00e0 definito in base alla versione dei presenti Termini vigente al momento dell&#039;acquisto del prodotto da parte dell&#039;Acquirente dal Venditore (tale versione \u00e8 allegata alla scheda di garanzia);<br data-v-12ff6b6e=\"\"><br data-v-12ff6b6e=\"\">(b) la procedura per richiedere la manutenzione in garanzia sar\u00e0 definita in base alla versione dei presenti Termini vigente al momento della richiesta.<br data-v-12ff6b6e=\"\"><br data-v-12ff6b6e=\"\">2.4. Nel caso in cui le disposizioni del contratto di vendita o le disposizioni obbligatorie della legge applicabile stabiliscano altri obblighi del Venditore rispetto a un prodotto, le presenti Condizioni si applicheranno nella parte che non contraddice tali disposizioni.<br data-v-12ff6b6e=\"\"><br data-v-12ff6b6e=\"\">3. AMBITO DI GARANZIA<br data-v-12ff6b6e=\"\"><br data-v-12ff6b6e=\"\">3.1. Gli obblighi di garanzia comprendono la diagnosi e l&#039;eliminazione gratuita del malfunzionamento del prodotto mediante la sua riparazione o la sostituzione degli elementi difettosi.<br data-v-12ff6b6e=\"\"><br data-v-12ff6b6e=\"\">3.2. La scelta del metodo di eliminazione del malfunzionamento (riparazione o sostituzione) sar\u00e0 a sola discrezione del Centro Assistenza. Il prodotto potr\u00e0 essere sostituito integralmente solo se tutta la documentazione allegata, i cavi, gli alimentatori, i componenti di fissaggio e gli altri accessori sono presenti come nella confezione originale e se il prodotto e il suo imballaggio sono nelle stesse condizioni in cui si presentavano originariamente.<br data-v-12ff6b6e=\"\"><br data-v-12ff6b6e=\"\">3.3. La garanzia copre esclusivamente i prodotti immessi sul mercato da Rivenditori autorizzati MEFERI. Lo stato di autorizzazione del Venditore pu\u00f2 essere verificato su questa pagina: <a href=\"https:\/\/helpdesk.meferi.com\" target=\"_blank\" rel=\"noopener\">https:\/\/helpdesk.meferi.com<\/a>\/<br data-v-12ff6b6e=\"\"><br data-v-12ff6b6e=\"\">3.4. Gli obblighi di garanzia relativi al prodotto possono essere confermati solo dalle fonti elencate al punto 4.1 delle presenti Condizioni; in particolare, il prodotto che deve avere il numero di serie cos\u00ec come \u00e8 stato prodotto dal suo produttore, ai fini del mantenimento della garanzia, pu\u00f2 essere identificato solo dal suo numero di serie. Qualsiasi documento che non specifichi il numero di serie di tali prodotti non pu\u00f2 essere utilizzato per la conferma dell&#039;esistenza della garanzia e\/o dei suoi termini, incluso il calcolo del periodo di garanzia.<br data-v-12ff6b6e=\"\"><br data-v-12ff6b6e=\"\">3.5. Garanzia del software: il software fornito con i prodotti MEFERI, sia venduto direttamente da MEFERI che tramite un venditore, \u00e8 concesso in licenza &quot;cos\u00ec com&#039;\u00e8&quot; e non \u00e8 coperto da garanzia, salvo diversamente specificato nell&#039;elenco delle eccezioni alla garanzia del prodotto o in un contratto di vendita o licenza tra MEFERI e l&#039;acquirente.<br data-v-12ff6b6e=\"\"><br data-v-12ff6b6e=\"\">3.6. Rimedio esclusivo: Il rimedio previsto dalla presente garanzia, in particolare la riparazione o la sostituzione dei prodotti difettosi, \u00e8 l&#039;unico ed esclusivo rimedio a disposizione dell&#039;Acquirente per qualsiasi richiesta di garanzia. Questo rimedio esclusivo sostituisce tutti gli altri rimedi che potrebbero essere disponibili all&#039;Acquirente ai sensi della legge applicabile o del principio di equit\u00e0.<br data-v-12ff6b6e=\"\"><br data-v-12ff6b6e=\"\">4. PERIODO DI GARANZIA<br data-v-12ff6b6e=\"\"><br data-v-12ff6b6e=\"\">4.1. Il periodo di garanzia del prodotto decorre dal giorno successivo alla data di consegna del prodotto all&#039;Acquirente, indicata in:<br data-v-12ff6b6e=\"\"><br data-v-12ff6b6e=\"\">(a) la scheda di garanzia;<br data-v-12ff6b6e=\"\"><br data-v-12ff6b6e=\"\">(b) il documento di ricezione del prodotto da parte dell&#039;Acquirente (bolla di consegna, atto di consegna, ecc.);<br data-v-12ff6b6e=\"\"><br data-v-12ff6b6e=\"\">(c) il database della Piattaforma, dove \u00e8 possibile verificare lo stato della garanzia <a href=\"https:\/\/helpdesk.meferi.com\/\" target=\"_blank\" rel=\"noopener\">https:\/\/helpdesk.meferi.com\/<\/a><\/p>\n<p>4.1.1. Qualora non sia possibile determinare la data di consegna del prodotto all&#039;Acquirente utilizzando le fonti sopra specificate, il periodo di garanzia verr\u00e0 determinato automaticamente dalla Piattaforma, a partire dal giorno successivo alla fine del periodo di un mese dalla spedizione del prodotto dal magazzino di MEFERI.<br data-v-12ff6b6e=\"\"><br data-v-12ff6b6e=\"\">4.1.2 Il Venditore \u00e8 tenuto a garantire la tempestiva e accurata registrazione dei prodotti MEFERI per la garanzia tramite il proprio account sul Portale Partner MEFERI. Il periodo di garanzia pu\u00f2 essere calcolato anche a partire dalla data di tale registrazione da parte del Venditore, se successiva alla data di attivazione automatica descritta nella clausola 4.1.1.<br data-v-12ff6b6e=\"\"><br data-v-12ff6b6e=\"\">4.2. Il periodo di garanzia standard per i prodotti MEFERI \u00e8 di 12 mesi, a partire dalla data descritta nella Sezione 4.1. Salvo diversa indicazione nell&#039;elenco delle eccezioni alla garanzia del Prodotto o in un contratto di vendita tra MEFERI e il Cliente Finale, il periodo di garanzia per i prodotti MEFERI sar\u00e0 quello sopra specificato, a condizione che il prodotto non venga modificato e venga utilizzato in condizioni normali e appropriate e in conformit\u00e0 con le specifiche pubblicate da MEFERI. Per dettagli sui periodi di garanzia per prodotti, accessori e componenti specifici, fare riferimento all&#039;elenco delle eccezioni alla garanzia del Prodotto disponibile alla pagina &quot;Elenco delle eccezioni alla garanzia del Prodotto&quot;.<br data-v-12ff6b6e=\"\"><br data-v-12ff6b6e=\"\">5. LIMITAZIONI DELLA GARANZIA<br data-v-12ff6b6e=\"\"><br data-v-12ff6b6e=\"\">5.1. Gli obblighi di garanzia non includono i servizi di installazione, messa in servizio e manutenzione ordinaria dei prodotti. Tali operazioni possono essere eseguite dall&#039;Acquirente stesso, nella misura consentita dalla documentazione allegata al prodotto, altrimenti dal Venditore o dal Centro di Assistenza, su ordine dell&#039;Acquirente (potrebbe essere richiesto un supplemento).<br data-v-12ff6b6e=\"\"><br data-v-12ff6b6e=\"\">5.2. La garanzia non \u00e8 prevista per:<br data-v-12ff6b6e=\"\"><br data-v-12ff6b6e=\"\">5.2.1. gli accessori del prodotto, compresi quelli elencati di seguito, se la loro sostituzione \u00e8 prevista dalla progettazione e non comporta lo smontaggio del prodotto, nonch\u00e9 i componenti soggetti a normale usura o con durata di vita operativa limitata. In particolare, la garanzia non \u00e8 prevista per:<br data-v-12ff6b6e=\"\"><br data-v-12ff6b6e=\"\">(a) cavi e conduttori di collegamento;<br data-v-12ff6b6e=\"\"><br data-v-12ff6b6e=\"\">(b) supporti di vario tipo, tra cui compact disk con software e driver, schede di memoria;<br data-v-12ff6b6e=\"\"><br data-v-12ff6b6e=\"\">(c) strutture di montaggio;<br data-v-12ff6b6e=\"\"><br data-v-12ff6b6e=\"\">(d) hardware di installazione e cinghie;<br data-v-12ff6b6e=\"\"><br data-v-12ff6b6e=\"\">(e) custodie protettive, occhiali, pellicole;<br data-v-12ff6b6e=\"\"><br data-v-12ff6b6e=\"\">(f) custodie e borse per il trasporto;<br data-v-12ff6b6e=\"\"><br data-v-12ff6b6e=\"\">(g) documentazione di accompagnamento;<br data-v-12ff6b6e=\"\"><br data-v-12ff6b6e=\"\">(h) unit\u00e0 di stampa (testine di stampa) e relativi componenti;<br data-v-12ff6b6e=\"\"><br data-v-12ff6b6e=\"\">(j) rotoli e parti del meccanismo di alimentazione della carta nelle stampanti.<br data-v-12ff6b6e=\"\"><br data-v-12ff6b6e=\"\">5.2.2. presentazione e contenuto della confezione del prodotto dopo la consegna del prodotto all&#039;Acquirente;<br data-v-12ff6b6e=\"\"><br data-v-12ff6b6e=\"\">5.3. Gli obblighi di garanzia non coprono l&#039;eliminazione del malfunzionamento del prodotto causato dalle seguenti azioni e circostanze:<br data-v-12ff6b6e=\"\"><br data-v-12ff6b6e=\"\">5.3.1. calamit\u00e0 naturali (circostanze di forza maggiore) inclusi, a titolo esemplificativo ma non esaustivo, terremoti, incendi, inondazioni;<br data-v-12ff6b6e=\"\"><br data-v-12ff6b6e=\"\">5.3.2. manipolazione impropria, azioni intenzionali o negligenti dell&#039;Acquirente o di terzi;<br data-v-12ff6b6e=\"\"><br data-v-12ff6b6e=\"\">5.3.3. incongruenze e deviazioni dagli standard dei parametri di fornitura, telecomunicazioni, cavi e altre reti connesse ai prodotti, nonch\u00e9 altri fattori esterni simili;<br data-v-12ff6b6e=\"\"><br data-v-12ff6b6e=\"\">5.3.4. collegamento errato;<br data-v-12ff6b6e=\"\"><br data-v-12ff6b6e=\"\">5.3.5. azioni e circostanze elencate nella Sezione 6 delle presenti Condizioni.<br data-v-12ff6b6e=\"\"><br data-v-12ff6b6e=\"\">6. RISOLUZIONE DELLA GARANZIA<br data-v-12ff6b6e=\"\"><br data-v-12ff6b6e=\"\">6.1. Le seguenti azioni e circostanze determinano la cessazione degli obblighi di garanzia rispetto al prodotto:<br data-v-12ff6b6e=\"\"><br data-v-12ff6b6e=\"\">6.1.1. scadenza del periodo di garanzia;<br data-v-12ff6b6e=\"\"><br data-v-12ff6b6e=\"\">6.1.2. il prodotto che deve avere il numero di serie cos\u00ec come \u00e8 stato realizzato dal suo produttore, non pu\u00f2 essere identificato tramite il suo numero di serie (il numero \u00e8 assente o danneggiato o illeggibile);<br data-v-12ff6b6e=\"\"><br data-v-12ff6b6e=\"\">6.1.3. i sigilli, se il prodotto era sigillato, sono danneggiati;<br data-v-12ff6b6e=\"\"><br data-v-12ff6b6e=\"\">6.1.4. utilizzo del prodotto per scopi diversi da quelli per cui \u00e8 stato progettato;<br data-v-12ff6b6e=\"\"><br data-v-12ff6b6e=\"\">6.1.5. violazione delle regole di funzionamento del prodotto;<br data-v-12ff6b6e=\"\"><br data-v-12ff6b6e=\"\">6.1.6. mancato rispetto dei requisiti di stoccaggio, trasporto, installazione e funzionamento del prodotto, compresi i requisiti relativi alle condizioni climatiche (temperatura, umidit\u00e0);<br data-v-12ff6b6e=\"\"><br data-v-12ff6b6e=\"\">6.1.7. mancato rispetto dei requisiti di manutenzione ordinaria (per i prodotti con manutenzione ordinaria obbligatoria);<br data-v-12ff6b6e=\"\"><br data-v-12ff6b6e=\"\">6.1.8. utilizzo di apparecchiature o software incompatibili;<br data-v-12ff6b6e=\"\"><br data-v-12ff6b6e=\"\">6.1.9. utilizzo di caricabatterie\/accessori di terze parti al posto di quelli presenti nella confezione originale del prodotto;<br data-v-12ff6b6e=\"\"><br data-v-12ff6b6e=\"\">6.1.10. Utilizzo di materiali di consumo, accessori, pezzi di ricambio, batterie, supporti non convenzionali e\/o di bassa qualit\u00e0.<br data-v-12ff6b6e=\"\"><br data-v-12ff6b6e=\"\">6.1.11. Utilizzo di tensione di alimentazione irregolare;<br data-v-12ff6b6e=\"\"><br data-v-12ff6b6e=\"\">6.1.12. Mancato utilizzo di un regolatore di tensione o di dispositivi di protezione da sovratensioni di livello professionale quando la tensione di alimentazione \u00e8 instabile;<br data-v-12ff6b6e=\"\"><br data-v-12ff6b6e=\"\">6.1.13. Apertura\/smontaggio non autorizzati (incluso il tentativo), riparazione, sostituzione di componenti o manutenzione del prodotto da parte dell&#039;Acquirente o di terzi che non siano centri di assistenza autorizzati MEFERI;<br data-v-12ff6b6e=\"\"><br data-v-12ff6b6e=\"\">6.1.14. Modifica del design del prodotto non prevista dal produttore;<br data-v-12ff6b6e=\"\"><br data-v-12ff6b6e=\"\">6.1.15. Modifica o riorganizzazione di parti meccaniche da parte dell&#039;Acquirente o di terzi che non siano centri di assistenza autorizzati MEFERI;<br data-v-12ff6b6e=\"\"><br data-v-12ff6b6e=\"\">6.1.16. Azioni non autorizzate relative al software del prodotto (reinstallazione del firmware o del sistema operativo);<br data-v-12ff6b6e=\"\"><br data-v-12ff6b6e=\"\">6.1.17. Il prodotto presenta tracce di fumo, forte contaminazione, graffi sugli elementi ottici dei lettori, danneggiamento dei circuiti di input (porta, buffer);<br data-v-12ff6b6e=\"\"><br data-v-12ff6b6e=\"\">6.1.18. All&#039;interno del prodotto sono presenti corpi estranei, materia, liquidi, insetti;<br data-v-12ff6b6e=\"\"><br data-v-12ff6b6e=\"\">6.1.19. Qualsiasi tipo di danno meccanico al prodotto, inclusi danni interni, indipendentemente dalla sua natura, non \u00e8 coperto dalla garanzia. ATTENZIONE! Le dichiarazioni di MEFERI sui risultati dei test di caduta non costituiscono garanzia di alcun tipo.<br data-v-12ff6b6e=\"\"><br data-v-12ff6b6e=\"\">6.1.20. Non trasferibilit\u00e0 della garanzia: gli obblighi di garanzia stabiliti nei presenti Termini non sono trasferibili dall&#039;Acquirente a terzi e si applicheranno solo all&#039;Acquirente originale del prodotto.<br data-v-12ff6b6e=\"\"><br data-v-12ff6b6e=\"\">6.1.21. Modifiche o riparazioni da parte di soggetti non autorizzati: la garanzia non si applica a nessun Prodotto che sia stato riparato, manomesso, alterato o modificato da soggetti diversi da MEFERI o dai suoi centri di assistenza autorizzati.<br data-v-12ff6b6e=\"\"><br data-v-12ff6b6e=\"\">6.2. Limitazione di responsabilit\u00e0: MEFERI non sar\u00e0 responsabile per eventuali danni o perdite di programmi software, dati o supporti di memorizzazione dati rimovibili, n\u00e9 per il ripristino o la reinstallazione di programmi software o dati. MEFERI non sar\u00e0 responsabile per eventuali danni indiretti, speciali, incidentali o consequenziali derivanti da o in connessione con qualsiasi reclamo relativo ai prodotti MEFERI, inclusi, a titolo esemplificativo ma non esaustivo, perdita di profitti, distruzione o perdita di dati o diminuzione dell&#039;avviamento.<br data-v-12ff6b6e=\"\"><br data-v-12ff6b6e=\"\">6.3. Conformit\u00e0 alle leggi locali: in alcune giurisdizioni, le leggi locali potrebbero non consentire l&#039;esclusione o la limitazione delle garanzie implicite, o l&#039;esclusione o la limitazione di determinati danni. In tali casi, le esclusioni e le limitazioni stabilite nei presenti Termini si applicheranno nella misura massima consentita dalla legge applicabile.<br data-v-12ff6b6e=\"\"><br data-v-12ff6b6e=\"\">6.4. Limitazioni del servizio regionale: Alcuni prodotti MEFERI potrebbero essere idonei al servizio di garanzia solo in determinate regioni designate da MEFERI o tramite centri di assistenza autorizzati. La copertura in garanzia per questi prodotti non sar\u00e0 disponibile al di fuori delle regioni specificate. Informazioni sulle regioni applicabili al servizio di garanzia sono disponibili su richiesta presso il Venditore. \u00c8 responsabilit\u00e0 dell&#039;Acquirente ottenere tali informazioni prima dell&#039;acquisto.<br data-v-12ff6b6e=\"\"><br data-v-12ff6b6e=\"\">7. PROCEDURA<br data-v-12ff6b6e=\"\"><br data-v-12ff6b6e=\"\">7.1. Per la manutenzione in garanzia l&#039;Acquirente dovr\u00e0 rivolgersi al centro di assistenza autorizzato MEFERI (il Centro di Assistenza).<br data-v-12ff6b6e=\"\"><br data-v-12ff6b6e=\"\">7.2. Informazioni sui Centri di Assistenza disponibili nella zona dell&#039;Acquirente possono essere ottenute dal Venditore. Inoltre, informazioni generali sono disponibili all&#039;indirizzo&nbsp;<a href=\"https:\/\/meferi.com\/it\/\" target=\"_blank\" rel=\"noopener\" data-v-12ff6b6e=\"\">https:\/\/meferi.com<\/a>.<br data-v-12ff6b6e=\"\"><br data-v-12ff6b6e=\"\">7.3. La consegna del prodotto al Centro Assistenza per la manutenzione in garanzia e la restituzione avverr\u00e0 a spese e oneri dell&#039;Acquirente. Sono previste eccezioni se diversamente stipulato nel contratto di fornitura tra il Venditore e l&#039;Acquirente e se in linea con le condizioni di servizio regionali di MEFERI.<br data-v-12ff6b6e=\"\"><br data-v-12ff6b6e=\"\">7.4. Il prodotto consegnato a un Centro di Assistenza deve essere accompagnato dalla documentazione richiesta, conforme alle norme e alle procedure di applicazione del Centro di Assistenza. Informazioni sulla documentazione richiesta possono essere ottenute presso il Centro di Assistenza Autorizzato.<br data-v-12ff6b6e=\"\"><br data-v-12ff6b6e=\"\">7.5. I termini per la diagnosi e l&#039;eliminazione del malfunzionamento del prodotto dipendono dal tipo di prodotto, dalla natura del malfunzionamento, dalla disponibilit\u00e0 di pezzi di ricambio e da altri fattori. L&#039;Acquirente \u00e8 tenuto a chiarire tali informazioni presso il Centro Assistenza. Versione aggiornata dei Termini al 23 agosto 2024.<br data-v-12ff6b6e=\"\"><br data-v-12ff6b6e=\"\">8. NOTIFICA DI FINE VITA (EOL)<br data-v-12ff6b6e=\"\"><br data-v-12ff6b6e=\"\">8.1. MEFERI informer\u00e0 l&#039;Acquirente quando un prodotto a marchio MEFERI si avviciner\u00e0 al suo stato di Fine Vita (EOL). Tale notifica includer\u00e0 dettagli quali la data di produzione finale, la disponibilit\u00e0 dei pezzi di ricambio, i servizi di garanzia e la tempistica per il supporto del sistema operativo (SO) e delle patch di sicurezza. Inoltre, tutte le informazioni rilevanti relative agli aggiornamenti del sistema operativo, al supporto delle patch di sicurezza e alla disponibilit\u00e0 dei pezzi di ricambio sono disponibili nel documento di Notifica di Fine Vita (EOL) del prodotto e dei pezzi di ricambio, disponibile all&#039;indirizzo <a href=\"https:\/\/meferi.com\/it\/support-services\/legal-center\/end-of-life-eol-notification-spare-parts-availability-and-security-support-statement\/\" target=\"_blank\" rel=\"noopener\">https:\/\/meferi.com\/en\/support-services\/legal-center\/end-of-life-eol-notification-spare-parts-availability-and-security-support-statement\/<\/a>.<br data-v-12ff6b6e=\"\"><br data-v-12ff6b6e=\"\">Versione attuale dei Termini del 26 settembre 2024.<\/p>\n\r\n\t\t<\/div>\r\n\t<\/div>\r\n<\/div><\/div><\/div>\n<\/div>","protected":false},"excerpt":{"rendered":"Warranty Terms and Conditions MEFERI Technologies Co., Ltd., including affiliates and subsidiaries under the common control of MEFERI (\"MEFERI\"), warrants to the End-User Customer (hereinafter referred to as \"Buyer\") the following warranty obligations. This document sets forth the scope, procedures, and conditions for implementing warranty obligations with respect to meferi-Industryed products that have been introduced [...]","protected":false},"author":2,"featured_media":0,"parent":1478,"menu_order":0,"comment_status":"closed","ping_status":"closed","template":"","meta":{"_acf_changed":false,"footnotes":""},"industry":[],"class_list":["post-3868","page","type-page","status-publish","hentry"],"acf":[],"_links":{"self":[{"href":"https:\/\/meferi.com\/it\/wp-json\/wp\/v2\/pages\/3868","targetHints":{"allow":["GET"]}}],"collection":[{"href":"https:\/\/meferi.com\/it\/wp-json\/wp\/v2\/pages"}],"about":[{"href":"https:\/\/meferi.com\/it\/wp-json\/wp\/v2\/types\/page"}],"author":[{"embeddable":true,"href":"https:\/\/meferi.com\/it\/wp-json\/wp\/v2\/users\/2"}],"replies":[{"embeddable":true,"href":"https:\/\/meferi.com\/it\/wp-json\/wp\/v2\/comments?post=3868"}],"version-history":[{"count":0,"href":"https:\/\/meferi.com\/it\/wp-json\/wp\/v2\/pages\/3868\/revisions"}],"up":[{"embeddable":true,"href":"https:\/\/meferi.com\/it\/wp-json\/wp\/v2\/pages\/1478"}],"wp:attachment":[{"href":"https:\/\/meferi.com\/it\/wp-json\/wp\/v2\/media?parent=3868"}],"wp:term":[{"taxonomy":"industry","embeddable":true,"href":"https:\/\/meferi.com\/it\/wp-json\/wp\/v2\/industry?post=3868"}],"curies":[{"name":"parola chiave","href":"https:\/\/api.w.org\/{rel}","templated":true}]}}