{"id":12400,"date":"2025-10-15T10:28:52","date_gmt":"2025-10-15T08:28:52","guid":{"rendered":"https:\/\/meferi.com\/?page_id=12400"},"modified":"2025-12-12T07:27:59","modified_gmt":"2025-12-12T06:27:59","slug":"end-of-life-eol-notification-spare-parts-availability-and-security-support-statement","status":"publish","type":"page","link":"https:\/\/meferi.com\/it\/support-services\/legal-center\/end-of-life-eol-notification-spare-parts-availability-and-security-support-statement\/","title":{"rendered":"Notifica di fine vita (EOL), disponibilit\u00e0 di pezzi di ricambio e dichiarazione di supporto alla sicurezza"},"content":{"rendered":"<div class=\"wpb-content-wrapper\"><div class=\"vc_row wpb_row row top-row gradient-container-1 wpb_custom_034b39d9bc6c6b310d69e39f0ccf274f\"><div class=\"gradient-column-1 vc_column_container col-md-12\"><div class=\"wpb_wrapper vc_column-inner\">\r\n\t<div class=\"wpb_text_column wpb_content_element vc_custom_1765519682332 wpb_custom_7c91d232724f73626cc933bd95b25ff0\" >\r\n\t\t<div class=\"wpb_wrapper\">\r\n\t\t\t<h1>Notifica di fine vita (EOL), disponibilit\u00e0 di pezzi di ricambio e dichiarazione di supporto alla sicurezza<\/h1>\n<hr \/>\n<p><strong>Versione: 2025.08.07<\/strong><\/p>\n<p>MEFERI Technologies Co., Ltd.<\/p>\n<hr \/>\n<h2>Sommario<\/h2>\n<ol>\n<li>Introduzione<\/li>\n<li>Politica di fine vita (EOL) e informazioni sui pezzi di ricambio<\/li>\n<li>Roadmap del supporto del sistema operativo del prodotto<\/li>\n<li>Roadmap del supporto per la sicurezza del sistema operativo del prodotto<\/li>\n<li>Note legali e conformit\u00e0 agli standard internazionali<\/li>\n<li>Informazioni sui contatti<\/li>\n<\/ol>\n<hr \/>\n<h2>1. Introduzione<\/h2>\n<p>MEFERI Technologies Co., Ltd. fornisce la seguente notifica relativa allo stato di fine vita (EOL) di modelli specifici, alla disponibilit\u00e0 dei relativi pezzi di ricambio e al supporto per gli aggiornamenti del sistema operativo. MEFERI si impegna a garantire la longevit\u00e0, l&#039;affidabilit\u00e0 e il supporto continuo dei propri prodotti attraverso un&#039;efficace gestione del ciclo di vita. Ci\u00f2 include tempistiche chiare per l&#039;EOL, l&#039;accesso ai pezzi di ricambio e gli aggiornamenti del sistema operativo, consentendo a partner e clienti di pianificare le transizioni, ridurre al minimo le interruzioni e mantenere prestazioni ottimali. Questo documento delinea le principali tappe del ciclo di vita del prodotto, inclusi i periodi di garanzia, lo stato di produzione, le date di fine vita (EOL), la disponibilit\u00e0 dei pezzi di ricambio, i dettagli del supporto del sistema operativo e le tempistiche delle patch di sicurezza. Questi elementi sono essenziali per mantenere l&#039;efficienza e la longevit\u00e0 dei dispositivi MEFERI.<\/p>\n<hr \/>\n<h2>2. Politica di fine vita (EOL) e informazioni sui pezzi di ricambio<\/h2>\n<p>Ciclo di vita dettagliato e disponibilit\u00e0 dei pezzi di ricambio per i prodotti giunti a fine vita:<\/p>\n<div class=\"table-container\">\n<table border=\"1\">\n<thead>\n<tr>\n<th style=\"text-align: left;\"><strong>Prodotto<br \/>\nNome del modello<\/strong><\/th>\n<th style=\"text-align: left;\"><strong>OS<br \/>\nVersione<\/strong><\/th>\n<th style=\"text-align: left;\"><strong>Garanzia<br \/>\nPeriodo<\/strong><\/th>\n<th style=\"text-align: left;\"><strong>Prodotto<br \/>\nStato<\/strong><\/th>\n<th style=\"text-align: left;\"><strong>Utile<br \/>\nLa vita dopo<br \/>\nProduzione<\/strong><\/th>\n<th style=\"text-align: left;\"><strong>EOL\/Fine di<br \/>\nData di vendita<\/strong><\/th>\n<th style=\"text-align: left;\"><strong>Pezzi di ricambio<br \/>\nData di fine<\/strong><\/th>\n<th style=\"text-align: left;\"><strong>Fine del supporto<br \/>\nData<\/strong><\/th>\n<\/tr>\n<\/thead>\n<tbody>\n<tr>\n<td>ME40K<\/td>\n<td>Android 12<\/td>\n<td>12 mesi<\/td>\n<td>Attivo<\/td>\n<td>8 anni<\/td>\n<td>2030-12-31<\/td>\n<td>2033-12-31<\/td>\n<td>2035-12-31<\/td>\n<\/tr>\n<tr>\n<td>ME10<\/td>\n<td>Android 13<\/td>\n<td>12 mesi<\/td>\n<td>Attivo<\/td>\n<td>8 anni<\/td>\n<td>2032-12-31<\/td>\n<td>2035-12-31<\/td>\n<td>2037-12-31<\/td>\n<\/tr>\n<tr>\n<td>MS300R<\/td>\n<td>Linux<\/td>\n<td>12 mesi<\/td>\n<td>Attivo<\/td>\n<td>8 anni<\/td>\n<td>2030-12-31<\/td>\n<td>2033-12-31<\/td>\n<td>2035-12-31<\/td>\n<\/tr>\n<tr>\n<td>MP4000D<\/td>\n<td>N \/ A<\/td>\n<td>12 mesi<\/td>\n<td>Attivo<\/td>\n<td>8 anni<\/td>\n<td>2030-12-31<\/td>\n<td>2033-12-31<\/td>\n<td>2035-12-31<\/td>\n<\/tr>\n<tr>\n<td>ME61<\/td>\n<td>Android 13<\/td>\n<td>12 mesi<\/td>\n<td>Attivo<\/td>\n<td>8 anni<\/td>\n<td>2030-12-31<\/td>\n<td>2033-12-31<\/td>\n<td>2035-12-31<\/td>\n<\/tr>\n<tr>\n<td>ME63<\/td>\n<td>Androide 15<\/td>\n<td>12 mesi<\/td>\n<td>Attivo<\/td>\n<td>8 anni<\/td>\n<td>2032-12-31<\/td>\n<td>2035-12-31<\/td>\n<td>2037-12-31<\/td>\n<\/tr>\n<tr>\n<td>ME65<\/td>\n<td>Android 13<\/td>\n<td>12 mesi<\/td>\n<td>Attivo<\/td>\n<td>8 anni<\/td>\n<td>2032-12-31<\/td>\n<td>2035-12-31<\/td>\n<td>2037-12-31<\/td>\n<\/tr>\n<tr>\n<td>ME74<\/td>\n<td>Android 13<\/td>\n<td>12 mesi<\/td>\n<td>Attivo<\/td>\n<td>8 anni<\/td>\n<td>2032-12-31<\/td>\n<td>2035-12-31<\/td>\n<td>2037-12-31<\/td>\n<\/tr>\n<tr>\n<td>CIAO<\/td>\n<td>Android 13<\/td>\n<td>12 mesi<\/td>\n<td>Attivo<\/td>\n<td>8 anni<\/td>\n<td>2032-12-31<\/td>\n<td>2035-12-31<\/td>\n<td>2037-12-31<\/td>\n<\/tr>\n<tr>\n<td>MC45<\/td>\n<td>Androide 14<\/td>\n<td>12 mesi<\/td>\n<td>Attivo<\/td>\n<td>8 anni<\/td>\n<td>2032-12-31<\/td>\n<td>2035-12-31<\/td>\n<td>2037-12-31<\/td>\n<\/tr>\n<\/tbody>\n<\/table>\n<\/div>\n<h3><\/h3>\n<h3>2.1. Definizioni del ciclo di vita del prodotto<\/h3>\n<p>MEFERI Technologies Co., Ltd. conferma le seguenti informazioni sul ciclo di vita relative ai modelli sopra elencati.<\/p>\n<ul>\n<li><strong>Nome del modello del prodotto<\/strong>: Nome del modello di dispositivo prodotto da MEFERI, per il quale sono specificate le condizioni di ciclo di vita e di disponibilit\u00e0 dei pezzi di ricambio.<\/li>\n<li><strong>Versione del sistema operativo<\/strong>: La versione del sistema operativo installato sul dispositivo. Potrebbe essere Android, Linux o un altro sistema operativo compatibile con il modello in questione.<\/li>\n<li><strong>Periodo di garanzia<\/strong>: La durata durante la quale MEFERI garantisce la riparazione o la sostituzione dei prodotti difettosi, fatta salva <strong>Termini e condizioni di garanzia<\/strong>.<\/li>\n<li><strong>Stato di produzione<\/strong>: Indica se un prodotto \u00e8 ancora in produzione, ha raggiunto la fine della vendita o non \u00e8 pi\u00f9 supportato.<\/li>\n<li><strong>Vita utile dopo la produzione<\/strong>: Si riferisce al periodo di 8 anni a partire dalla data di lancio della produzione di massa del modello (non dalla data dell&#039;ultima spedizione al cliente). Durante questo periodo, si prevede che il prodotto funzioni normalmente in condizioni operative standard. La conclusione di questa vita utile \u00e8 contrassegnata dal <strong>Data di fine vita (EOL)<\/strong>, che segnala la conclusione della produzione, del supporto e del ciclo di vita di MEFERI per quel modello.<\/li>\n<li><strong>EOL\/Fine vendita (Fine vita\/Data di produzione\/Fine vendite)<\/strong>: Data dopo la quale il modello non sar\u00e0 pi\u00f9 prodotto e non saranno disponibili per la vendita o la distribuzione nuove unit\u00e0 di questo modello.<\/li>\n<li><strong>Periodo di fornitura dei pezzi di ricambio<\/strong>: Il periodo di 1 anno successivo alla data di fine del prodotto, durante il quale i pezzi di ricambio saranno ancora disponibili per l&#039;ordinazione e la riparazione del prodotto.<\/li>\n<li><strong>Data di fine del supporto<\/strong>: Data finale entro la quale MEFERI fornisce supporto tecnico ufficiale per il prodotto.<\/li>\n<\/ul>\n<h3>2.2. Definizioni dello stato di produzione<\/h3>\n<ul>\n<li><strong>Attivo<\/strong>: Il prodotto \u00e8 ancora in produzione e disponibile per la vendita.<\/li>\n<li><strong>Fine vendita<\/strong>: Il prodotto non \u00e8 pi\u00f9 in vendita ma continua ad essere supportato da garanzie e pezzi di ricambio.<\/li>\n<li><strong>Fine del ciclo di vita (EOL)<\/strong>: Il prodotto non \u00e8 pi\u00f9 in produzione n\u00e9 supportato per una nuova produzione, sebbene siano ancora disponibili pezzi di ricambio.<\/li>\n<li><strong>Solo pezzi di ricambio<\/strong>: Sono disponibili solo pezzi di ricambio e il prodotto non \u00e8 pi\u00f9 in vendita n\u00e9 completamente supportato.<\/li>\n<li><strong>Fine del servizio<\/strong>: Tutto il supporto al prodotto, compresa la disponibilit\u00e0 dei pezzi di ricambio, \u00e8 terminato.<\/li>\n<\/ul>\n<hr \/>\n<h2>3. Roadmap del supporto del sistema operativo del prodotto<\/h2>\n<p>Questa sezione fornisce una panoramica dettagliata del ciclo di vita del supporto software per la gamma di prodotti MEFERI, incluse le versioni correnti del sistema operativo, gli aggiornamenti disponibili e le date di scadenza per gli aggiornamenti del sistema operativo e il supporto firmware esteso. Garantisce trasparenza su come MEFERI gestisce l&#039;evoluzione del sistema operativo, consentendo ai clienti di pianificare miglioramenti delle funzionalit\u00e0 e compatibilit\u00e0.<\/p>\n<div class=\"table-container\">\n<table border=\"1\">\n<thead>\n<tr>\n<th><strong>Prodotto<br \/>\nModello\u00a0<\/strong><\/th>\n<th><strong>Attuale<br \/>\nVersione del sistema operativo<\/strong><\/th>\n<th><strong>Aggiornabile a<br \/>\n(Sistema operativo ufficiale)<\/strong><\/th>\n<th style=\"text-align: left;\"><strong>Sistema operativo esteso<br \/>\nSupporto firmware<br \/>\nData di fine (+2 anni)*<\/strong><\/th>\n<\/tr>\n<\/thead>\n<tbody>\n<tr>\n<td>ME40K<\/td>\n<td>Android 12<\/td>\n<td>Android 13<\/td>\n<td>Maggio 2027<\/td>\n<\/tr>\n<tr>\n<td>ME10<\/td>\n<td>Android 13<\/td>\n<td>Androide 18<\/td>\n<td>Gennaio 2028<\/td>\n<\/tr>\n<tr>\n<td>MS300R<\/td>\n<td>Linux<\/td>\n<td>N \/ A<\/td>\n<td>N \/ A<\/td>\n<\/tr>\n<tr>\n<td>MP4000D<\/td>\n<td>N \/ A<\/td>\n<td>N \/ A<\/td>\n<td>N \/ A<\/td>\n<\/tr>\n<tr>\n<td>ME61<\/td>\n<td>Android 13<\/td>\n<td>Androide 16<\/td>\n<td>Gennaio 2028<\/td>\n<\/tr>\n<tr>\n<td>ME63<\/td>\n<td>Androide 15<\/td>\n<td>Androide 18<\/td>\n<td>Febbraio 2030<\/td>\n<\/tr>\n<tr>\n<td>ME65<\/td>\n<td>Android 13<\/td>\n<td>Androide 16<\/td>\n<td>Gennaio 2028<\/td>\n<\/tr>\n<tr>\n<td>ME74<\/td>\n<td>Android 13<\/td>\n<td>Androide 18<\/td>\n<td>Gennaio 2028<\/td>\n<\/tr>\n<tr>\n<td>CIAO<\/td>\n<td>Android 13<\/td>\n<td>Androide 18<\/td>\n<td>Gennaio 2028<\/td>\n<\/tr>\n<tr>\n<td>MC45<\/td>\n<td>Androide 14<\/td>\n<td>Androide 18<\/td>\n<td>Marzo 2029<\/td>\n<\/tr>\n<\/tbody>\n<\/table>\n<\/div>\n<p>&nbsp;<\/p>\n<ul>\n<li>Supporto firmware OS esteso MEFERI: <strong>*<\/strong> Questo ulteriore periodo di 2 anni potrebbe includere il backporting di correzioni di bug, miglioramenti della stabilit\u00e0 e miglioramenti della compatibilit\u00e0 per i dispositivi AIDC, soggetti a fattibilit\u00e0 tecnica e in conformit\u00e0 con le policy di Google, per supportare l&#039;affidabilit\u00e0 dei dispositivi negli ambienti aziendali.<\/li>\n<li>Per maggiori dettagli sui dispositivi MEFERI certificati nell&#039;ambito del programma Android Enterprise Recommended, fare riferimento a: <a href=\"https:\/\/androidenterprisepartners.withgoogle.com\/devices\/#!?search=MEFERI\">https:\/\/androidenterprisepartners.withgoogle.com\/devices\/#!?search=MEFERI<\/a>.<\/li>\n<\/ul>\n<hr \/>\n<h2>4. Roadmap del supporto per la sicurezza del sistema operativo del prodotto<\/h2>\n<p>Questa sezione descrive il ciclo di vita del supporto di sicurezza per i sistemi operativi MEFERI, incluse le date di scadenza ufficiali delle patch di Google, la frequenza degli aggiornamenti e gli impegni di supporto esteso di MEFERI. Evidenzia il nostro impegno nel mantenere la sicurezza dei dispositivi oltre le tempistiche standard di Google attraverso patch regolari e aggiornamenti critici, in linea con le best practice del settore per i dispositivi AIDC.<\/p>\n<div class=\"table-container\">\n<table border=\"1\">\n<thead>\n<tr>\n<th style=\"text-align: left;\"><strong>OS<br \/>\nVersione<\/strong><\/th>\n<th style=\"text-align: left;\"><strong>Sicurezza di Google<br \/>\nSupporto patch<br \/>\nData di fine<\/strong><\/th>\n<th style=\"text-align: left;\"><strong>Frequenza di<br \/>\nAggiornamento di sicurezza<\/strong><\/th>\n<th style=\"text-align: left;\"><strong>Ultimo Android<br \/>\nBollettino di sicurezza<\/strong><\/th>\n<th style=\"text-align: left;\"><strong>Sicurezza<br \/>\nLivello di patch<\/strong><\/th>\n<th style=\"text-align: left;\"><strong>Sistema operativo esteso<br \/>\nSupporto alla sicurezza<br \/>\nData di fine (+2 anni)<\/strong>*<\/th>\n<\/tr>\n<\/thead>\n<tbody>\n<tr>\n<td>Android 12<\/td>\n<td>Marzo 2025<\/td>\n<td>Ogni 90 giorni<\/td>\n<td>Marzo 2025<\/td>\n<td>2025-03-20<\/td>\n<td>Maggio 2027<\/td>\n<\/tr>\n<tr>\n<td>Android 13<\/td>\n<td>Gennaio 2026<\/td>\n<td>Ogni 90 giorni<\/td>\n<td>Dicembre 2025<\/td>\n<td>2025-12-01<\/td>\n<td>Gennaio 2028<\/td>\n<\/tr>\n<tr>\n<td>Androide 14<\/td>\n<td>Marzo 2027<\/td>\n<td>Ogni 90 giorni<\/td>\n<td>Dicembre 2025<\/td>\n<td>2025-12-01<\/td>\n<td>Marzo 2029<\/td>\n<\/tr>\n<tr>\n<td>Androide 15<\/td>\n<td>Febbraio 2028<\/td>\n<td>Ogni 90 giorni<\/td>\n<td>Dicembre 2025<\/td>\n<td>2025-12-01<\/td>\n<td>Febbraio 2030<\/td>\n<\/tr>\n<tr>\n<td>Androide 16<\/td>\n<td>Ottobre 2029<\/td>\n<td>Ogni 90 giorni<\/td>\n<td>Dicembre 2025<\/td>\n<td>2025-12-01<\/td>\n<td>Gennaio 2031<\/td>\n<\/tr>\n<tr>\n<td>Androide 17<\/td>\n<td>Ottobre 2030<\/td>\n<td>Ogni 90 giorni<\/td>\n<td>N \/ A<\/td>\n<td>N \/ A<\/td>\n<td>Gennaio 2032<\/td>\n<\/tr>\n<tr>\n<td>Androide 18<\/td>\n<td>Ottobre 2031<\/td>\n<td>Ogni 90 giorni<\/td>\n<td>N \/ A<\/td>\n<td>N \/ A<\/td>\n<td>Gennaio 2033<\/td>\n<\/tr>\n<\/tbody>\n<\/table>\n<\/div>\n<p>&nbsp;<\/p>\n<ul>\n<li>Supporto esteso per la sicurezza del sistema operativo MEFERI: * Questo ulteriore periodo di 2 anni pu\u00f2 includere il backporting di correzioni di sicurezza critiche basate su AOSP, soggetto a fattibilit\u00e0 tecnica e in conformit\u00e0 con le policy di Google, per mitigare le vulnerabilit\u00e0 chiave oltre la tempistica di supporto standard di Google.<\/li>\n<li>Per le versioni Android con tempi di supporto non pubblicati, MEFERI stima la durata in base alle pratiche storiche di Google. Le date definitive potrebbero variare in seguito alla conferma ufficiale da parte di Google. Queste stime sono fornite solo a scopo informativo.<\/li>\n<li>Per informazioni dettagliate sugli aggiornamenti di sicurezza Android, sui livelli di patch, sui bollettini e su come OEM come MEFERI estendono il supporto, fare riferimento a: <a href=\"https:\/\/source.android.com\/docs\/security\/overview\/updates-resources\">https:\/\/source.android.com\/docs\/security\/overview\/updates-resources<\/a>.<\/li>\n<\/ul>\n<hr \/>\n<h2>5. Note legali e conformit\u00e0 agli standard internazionali<\/h2>\n<p>Le politiche di fine vita (EOL) e sui pezzi di ricambio di MEFERI sono allineate con <strong>standard internazionali<\/strong> per i prodotti AIDC. Questi includono, a titolo esemplificativo ma non esaustivo:<\/p>\n<ol>\n<li><strong>Conformit\u00e0 RoHS (Direttiva 2011\/65\/UE)<\/strong>: Tutti i prodotti MEFERI sono conformi alla direttiva sulla restrizione delle sostanze pericolose, garantendo che i prodotti giunti a fine vita vengano smaltiti in modo ecologicamente responsabile e che anche i pezzi di ricambio utilizzati siano conformi a tale direttiva.<\/li>\n<li><strong>ISO 9001:2015<\/strong>: I processi di produzione e garanzia di MEFERI sono conformi agli standard ISO 9001 per i sistemi di gestione della qualit\u00e0, garantendo una qualit\u00e0 costante del prodotto dalla fase di produzione fino al periodo di garanzia e alla disponibilit\u00e0 dei pezzi di ricambio.<\/li>\n<\/ol>\n<p>Dopo il periodo di fine vita (EOL) e di disponibilit\u00e0 dei pezzi di ricambio, come definito in questi standard, MEFERI non fornir\u00e0 pi\u00f9 alcun servizio di garanzia o pezzo di ricambio per i prodotti elencati. Questa politica \u00e8 coerente con le pratiche di settore AIDC riconosciute a livello internazionale, in base alle quali i prodotti ricevono in genere 5-7 anni di supporto post-produzione, garantendo ampio tempo per manutenzione, riparazioni e transizioni, bilanciando al contempo sostenibilit\u00e0 ambientale e operativa.<\/p>\n<hr \/>\n<h2>6. Informazioni di contatto<\/h2>\n<p>Per ulteriori informazioni o domande, contattare:<\/p>\n<ul>\n<li><strong>Telefono<\/strong>: +86 400-1818-815<\/li>\n<li><strong>E-mail<\/strong>: <a href=\"mailto:support@meferi.com\">support@meferi.com<\/a><\/li>\n<li><strong>Sito web<\/strong>: <a href=\"https:\/\/meferi.com\/it\/\">www.meferi.com<\/a><\/li>\n<\/ul>\n<hr \/>\n<p><strong>Produttore<\/strong>: MEFERI Technologies Co., Ltd.<\/p>\n<p><strong>Versione attuale dei Termini al 12 dicembre 2025. <\/strong><\/p>\n\r\n\t\t<\/div>\r\n\t<\/div>\r\n<\/div><\/div><\/div>\n<\/div>","protected":false},"excerpt":{"rendered":"End-of-Life (EOL) Notification, Spare Parts Availability, and Security Support Statement Version: 2025.08.07 MEFERI Technologies Co., Ltd. Table of Contents Introduction End-of-Life (EOL) Policy and Spare Parts Information Product OS Support Road Map Product OS Security Support Road Map Legal Notes and Compliance with International Standards Contact Information 1. Introduction MEFERI Technologies Co., Ltd. hereby provides [...]","protected":false},"author":5,"featured_media":12415,"parent":1478,"menu_order":0,"comment_status":"closed","ping_status":"closed","template":"","meta":{"_acf_changed":false,"footnotes":""},"industry":[],"class_list":["post-12400","page","type-page","status-publish","has-post-thumbnail","hentry"],"acf":[],"_links":{"self":[{"href":"https:\/\/meferi.com\/it\/wp-json\/wp\/v2\/pages\/12400","targetHints":{"allow":["GET"]}}],"collection":[{"href":"https:\/\/meferi.com\/it\/wp-json\/wp\/v2\/pages"}],"about":[{"href":"https:\/\/meferi.com\/it\/wp-json\/wp\/v2\/types\/page"}],"author":[{"embeddable":true,"href":"https:\/\/meferi.com\/it\/wp-json\/wp\/v2\/users\/5"}],"replies":[{"embeddable":true,"href":"https:\/\/meferi.com\/it\/wp-json\/wp\/v2\/comments?post=12400"}],"version-history":[{"count":0,"href":"https:\/\/meferi.com\/it\/wp-json\/wp\/v2\/pages\/12400\/revisions"}],"up":[{"embeddable":true,"href":"https:\/\/meferi.com\/it\/wp-json\/wp\/v2\/pages\/1478"}],"wp:featuredmedia":[{"embeddable":true,"href":"https:\/\/meferi.com\/it\/wp-json\/wp\/v2\/media\/12415"}],"wp:attachment":[{"href":"https:\/\/meferi.com\/it\/wp-json\/wp\/v2\/media?parent=12400"}],"wp:term":[{"taxonomy":"industry","embeddable":true,"href":"https:\/\/meferi.com\/it\/wp-json\/wp\/v2\/industry?post=12400"}],"curies":[{"name":"parola chiave","href":"https:\/\/api.w.org\/{rel}","templated":true}]}}