{"id":10071,"date":"2025-10-07T12:52:13","date_gmt":"2025-10-07T10:52:13","guid":{"rendered":"https:\/\/meferi.com\/?page_id=10071"},"modified":"2025-10-07T18:16:43","modified_gmt":"2025-10-07T16:16:43","slug":"meferi-global-shipping-policy","status":"publish","type":"page","link":"https:\/\/meferi.com\/it\/support-services\/legal-center\/meferi-global-shipping-policy\/","title":{"rendered":"Politica di spedizione globale MEFERI"},"content":{"rendered":"<div class=\"wpb-content-wrapper\"><div class=\"vc_row wpb_row row top-row gradient-container-1 wpb_custom_034b39d9bc6c6b310d69e39f0ccf274f\"><div class=\"gradient-column-1 vc_column_container col-md-12\"><div class=\"wpb_wrapper vc_column-inner\">\r\n\t<div class=\"wpb_text_column wpb_content_element wpb_custom_7c91d232724f73626cc933bd95b25ff0\" >\r\n\t\t<div class=\"wpb_wrapper\">\r\n\t\t\t<h1><strong>Politica di spedizione globale MEFERI<\/strong><\/h1>\n<p>Data di entrata in vigore: 7 ottobre 2025<\/p>\n<h3><strong>1. Introduzione e ambito<\/strong><\/h3>\n<p>La presente Politica di Spedizione Globale di MEFERI (&quot;Politica&quot;) descrive le procedure per l&#039;elaborazione degli ordini, i tempi di produzione e la spedizione internazionale dei prodotti acquistati da MEFERI Technologies Co., Ltd. (&quot;MEFERI&quot;) o dai suoi partner autorizzati. Il presente documento \u00e8 concepito per fornire ai nostri clienti globali una chiara comprensione delle nostre pratiche e responsabilit\u00e0 in materia di spedizione.<\/p>\n<p>Per informazioni riguardanti la procedura di restituzione di un prodotto, fare riferimento alla nostra sezione separata <strong><span class=\"link-annotation-unknown-block-id-1126038782\">Politica di reso globale MEFERI:<\/span><\/strong><!-- notionvc: 1667e8b5-acf3-45b1-b36b-4852cd5b8ac7 --> <a href=\"https:\/\/meferi.com\/it\/support-services\/legal-center\/meferi-global-return-policy\/\">https:\/\/meferi.com\/en\/support-services\/legal-center\/meferi-global-return-policy\/<\/a>.<\/p>\n<p><strong>1.1. Venditore registrato e origine della spedizione<\/strong><\/p>\n<p>MEFERI Technologies Co., Ltd. opera a livello internazionale attraverso i suoi&nbsp;<strong>Sede centrale e polo produttivo a Chengdu, Repubblica Popolare Cinese<\/strong>, e il suo&nbsp;<strong>Sede legale per il commercio internazionale a Hong Kong<\/strong>.<\/p>\n<p>L&#039;entit\u00e0 specifica MEFERI che agisce come venditore registrato, nonch\u00e9 l&#039;origine della spedizione corrispondente (Chengdu o Hong Kong), saranno&nbsp;<strong>esplicitamente indicato sulla fattura proforma<\/strong>&nbsp;che ti verr\u00e0 fornito prima del pagamento. Questo \u00e8 determinato dalle specifiche operative e finanziarie del tuo ordine.<\/p>\n<p>Si prega di esaminare attentamente la fattura proforma per verificare i dettagli di spedizione applicabili alla specifica transazione. Tutta la documentazione di spedizione e doganale rifletter\u00e0 il punto di origine specificato in fattura.<\/p>\n<p><!-- notionvc: ee3bf468-94f3-4533-bf93-19d5112f1f10 --><\/p>\n<h3><strong>2. Elaborazione e gestione degli ordini<\/strong><\/h3>\n<p><strong>2.1. Conferma dell&#039;ordine e pagamento<\/strong><\/p>\n<p>Tutti gli ordini saranno considerati confermati solo dopo l&#039;emissione di una fattura proforma da parte di MEFERI e il successivo pagamento da parte del cliente. L&#039;elaborazione dell&#039;ordine, inclusa la produzione e la preparazione per la spedizione, inizier\u00e0 solo dopo la ricezione e la conferma del pagamento anticipato completo (100%) da parte del nostro reparto finanziario.&nbsp;<strong>salvo quanto diversamente stipulato in un accordo separato e sottoscritto tra MEFERI e il cliente o un partner MEFERI autorizzato (ad esempio, un affiliato, un distributore o un rivenditore).<\/strong><\/p>\n<p><strong>2.2. Disponibilit\u00e0 del prodotto e tempi di consegna<\/strong><\/p>\n<p>MEFERI offre un&#039;ampia gamma di prodotti, alcuni dei quali sono disponibili in magazzino, mentre altri vengono realizzati su ordinazione.<\/p>\n<ul>\n<li><strong>Articoli disponibili in magazzino:<\/strong>&nbsp;Per i prodotti disponibili nel nostro magazzino centrale, il tempo di gestione standard \u00e8 di&nbsp;<strong>3-5 giorni lavorativi<\/strong>&nbsp;si applica dopo la conferma del pagamento, prima che l&#039;ordine venga trasferito al corriere.<\/li>\n<li><strong>Articoli realizzati su ordinazione \/ Componenti esauriti:<\/strong>&nbsp;Se un prodotto, i suoi componenti o gli accessori richiesti non sono disponibili in magazzino, verr\u00e0 applicato un tempo di produzione.&nbsp;<strong>Il tempo di produzione stimato non \u00e8 incluso nel tempo di transito e sar\u00e0 chiaramente comunicato nella fattura proforma che vi verr\u00e0 fornita prima del pagamento.<\/strong>&nbsp;I tempi di consegna possono variare in base al volume degli ordini, alla disponibilit\u00e0 dei componenti e ai requisiti di personalizzazione.<\/li>\n<\/ul>\n<h3><strong>3. Acquisti tramite partner autorizzati MEFERI (consigliato)<\/strong><\/h3>\n<p>MEFERI opera attraverso una rete globale di affiliati, distributori e rivenditori ufficiali per fornire assistenza e supporto localizzati. Per vostra comodit\u00e0, la vostra richiesta di acquisto potrebbe essere indirizzata a un partner autorizzato nella vostra regione.<\/p>\n<p><strong>3.1. Processo:<\/strong>&nbsp;In questo scenario, un partner locale MEFERI:<\/p>\n<ul>\n<li>Gestisci il processo di fatturazione e pagamento, spesso nella tua valuta locale.<\/li>\n<li>Agire come importatore ufficiale, gestendo per tuo conto tutte le procedure di sdoganamento.<\/li>\n<li>Consegna il prodotto direttamente all&#039;indirizzo da te specificato.<\/li>\n<\/ul>\n<p><strong>3.2. Benefici:<\/strong>&nbsp;Acquistare tramite un partner locale offre in genere vantaggi significativi, tra cui consegne pi\u00f9 rapide da magazzino locale, logistica semplificata e nessuna necessit\u00e0 di gestire complesse procedure doganali. Inoltre, facilita&nbsp;<strong>supporto di garanzia locale semplificato<\/strong>, governato dal nostro ufficiale&nbsp;<strong>Termini e condizioni di garanzia: <\/strong><a href=\"https:\/\/meferi.com\/it\/support-services\/legal-center\/warranty-terms-and-conditions\/\">https:\/\/meferi.com\/en\/support-services\/legal-center\/warranty-terms-and-conditions\/<\/a>.<\/p>\n<p><strong>3.3. Politica applicabile:<\/strong>&nbsp;<strong>Quando l&#039;acquisto viene fatturato da un partner autorizzato, le condizioni, i costi e le tempistiche di spedizione sono determinati da tale partner e sono regolati dalla rispettiva politica di spedizione.<\/strong>&nbsp;Fare riferimento alla fattura commerciale per identificare l&#039;entit\u00e0 venditrice e rivolgersi direttamente a lei per i dettagli sulla spedizione.<\/p>\n<p><strong>3.4. Documentazione locale:<\/strong>&nbsp;Acquistando tramite un partner, riceverai direttamente da loro tutti i documenti commerciali locali necessari (ad esempio fattura, bolla di consegna), conformi alle normative contabili e fiscali del tuo Paese.<\/p>\n<h3><strong>4. Spedizione internazionale diretta da MEFERI Cina<\/strong><\/h3>\n<p>I seguenti termini si applicano specificamente agli ordini fatturati, elaborati e spediti direttamente dalla struttura MEFERI di Chengdu, Cina.<\/p>\n<p><strong>4.1. Destinazioni e metodi di spedizione<\/strong><\/p>\n<p>MEFERI offre spedizioni in tutto il mondo, soggette alla disponibilit\u00e0 del servizio dei nostri partner logistici (ad esempio DHL, FedEx, UPS) e a eventuali restrizioni commerciali internazionali applicabili.<\/p>\n<p><strong>4.2. Tempo di transito stimato<\/strong><\/p>\n<p>I tempi di transito sono stime fornite dal corriere e non sono garantiti.&nbsp;<strong>non includere<\/strong>&nbsp;tempo di gestione dell&#039;ordine, tempo di produzione o tempo impiegato per lo sdoganamento.<\/p>\n<ul>\n<li><strong>Spedizione espressa:<\/strong>&nbsp;Tipicamente&nbsp;<strong>5-10 giorni lavorativi<\/strong>.<\/li>\n<li><strong>Spedizione standard:<\/strong>&nbsp;Tipicamente&nbsp;<strong>15-30 giorni lavorativi<\/strong>.<\/li>\n<\/ul>\n<p><strong>4.3. Calcolo dei costi di spedizione<\/strong><\/p>\n<p>Le spese di spedizione vengono calcolate individualmente per ogni ordine in base al peso lordo, alle dimensioni volumetriche, alla destinazione e al servizio selezionato. Il costo di spedizione finale sar\u00e0 dettagliato nella fattura proforma.<\/p>\n<p><strong>4.4. Documentazione di spedizione e doganale<\/strong><\/p>\n<p>Per le spedizioni internazionali dirette, MEFERI fornisce una serie standard di documenti di esportazione per facilitare lo sdoganamento da parte del cliente. Questi documenti, che possono includere una fattura commerciale, una distinta di imballaggio e una lettera di vettura aerea, sono forniti&nbsp;<strong>in conformit\u00e0 con i termini del Contratto di Fornitura vigente<\/strong>&nbsp;eseguito per la transazione.<\/p>\n<h3><strong>5. Dogana, dazi e tasse (per spedizioni dirette)<\/strong><\/h3>\n<p><strong>5.1. Importatore di riferimento:<\/strong>&nbsp;Per le spedizioni dirette dalla Cina,&nbsp;<strong>il cliente \u00e8 l&#039;importatore di riferimento<\/strong>&nbsp;nel paese di destinazione ed \u00e8 responsabile del rispetto di tutte le leggi locali in materia di importazione.<\/p>\n<p><strong>5.2. Responsabilit\u00e0 del cliente:<\/strong>&nbsp;Tutti i dazi doganali applicabili, le tasse di importazione (ad esempio, IVA), le commissioni di intermediazione e qualsiasi altro onere relativo allo sdoganamento sono a carico dell&#039;acquirente.&nbsp;<strong>esclusiva responsabilit\u00e0 del cliente<\/strong>. MEFERI non \u00e8 responsabile di tali addebiti.<\/p>\n<h3><strong>6. Monitoraggio degli ordini e trasferimento del rischio<\/strong><\/h3>\n<ul>\n<li><strong>Monitoraggio:<\/strong>&nbsp;Una volta spedito l&#039;ordine, riceverai una notifica via e-mail contenente il numero di tracciamento del corriere.<\/li>\n<li><strong>Trasferimento del rischio:<\/strong>&nbsp;La responsabilit\u00e0 di MEFERI per la spedizione cessa con la consegna al vettore. Il trasferimento del rischio \u00e8 regolato dalle&nbsp;<strong>Incoterms\u00ae 2020<\/strong>&nbsp;regola specificata nella fattura proforma.<\/li>\n<\/ul>\n<h3><strong>7. Informazioni di contatto<\/strong><\/h3>\n<p>Per domande riguardanti lo stato dell&#039;ordine, la spedizione o questa politica, contatta il nostro team di supporto.<\/p>\n<ul>\n<li><strong>Per informazioni sullo stato dell&#039;ordine e sulla spedizione:<\/strong>\n<ul>\n<li><strong>E-mail:<\/strong>&nbsp;<a href=\"mailto:support@meferi.com\">support@meferi.com<\/a><\/li>\n<li><strong>Portale di supporto (crea un ticket):<\/strong>&nbsp;<a href=\"https:\/\/helpdesk.meferi.com\/\">https:\/\/helpdesk.meferi.com\/<\/a><\/li>\n<\/ul>\n<\/li>\n<li><strong>Per richieste relative alle politiche:<\/strong>\n<ul>\n<li><strong>E-mail:<\/strong>&nbsp;<a href=\"mailto:legal@meferi.com\">legal@meferi.com<\/a><\/li>\n<\/ul>\n<\/li>\n<\/ul>\n<p><!-- notionvc: a9bb9c0f-bbbc-4a32-9533-feebffb694e0 --><\/p>\n\r\n\t\t<\/div>\r\n\t<\/div>\r\n<\/div><\/div><\/div>\n<\/div>","protected":false},"excerpt":{"rendered":"MEFERI Global Shipping Policy Effective Date: October 7, 2025 1. Introduction and Scope This MEFERI Global Shipping Policy (\"Policy\") outlines the procedures for order processing, production lead times, and international shipment of products purchased from MEFERI Technologies Co., Ltd. (\"MEFERI\") or its authorized partners. This document is designed to provide our global customers with a [...]","protected":false},"author":5,"featured_media":8565,"parent":1478,"menu_order":0,"comment_status":"closed","ping_status":"closed","template":"","meta":{"_acf_changed":false,"footnotes":""},"industry":[],"class_list":["post-10071","page","type-page","status-publish","has-post-thumbnail","hentry"],"acf":[],"_links":{"self":[{"href":"https:\/\/meferi.com\/it\/wp-json\/wp\/v2\/pages\/10071","targetHints":{"allow":["GET"]}}],"collection":[{"href":"https:\/\/meferi.com\/it\/wp-json\/wp\/v2\/pages"}],"about":[{"href":"https:\/\/meferi.com\/it\/wp-json\/wp\/v2\/types\/page"}],"author":[{"embeddable":true,"href":"https:\/\/meferi.com\/it\/wp-json\/wp\/v2\/users\/5"}],"replies":[{"embeddable":true,"href":"https:\/\/meferi.com\/it\/wp-json\/wp\/v2\/comments?post=10071"}],"version-history":[{"count":0,"href":"https:\/\/meferi.com\/it\/wp-json\/wp\/v2\/pages\/10071\/revisions"}],"up":[{"embeddable":true,"href":"https:\/\/meferi.com\/it\/wp-json\/wp\/v2\/pages\/1478"}],"wp:featuredmedia":[{"embeddable":true,"href":"https:\/\/meferi.com\/it\/wp-json\/wp\/v2\/media\/8565"}],"wp:attachment":[{"href":"https:\/\/meferi.com\/it\/wp-json\/wp\/v2\/media?parent=10071"}],"wp:term":[{"taxonomy":"industry","embeddable":true,"href":"https:\/\/meferi.com\/it\/wp-json\/wp\/v2\/industry?post=10071"}],"curies":[{"name":"parola chiave","href":"https:\/\/api.w.org\/{rel}","templated":true}]}}