{"id":3896,"date":"2025-08-14T17:03:48","date_gmt":"2025-08-14T14:03:48","guid":{"rendered":"https:\/\/meferi.pontima.ru\/?post_type=product&#038;p=3896"},"modified":"2026-03-10T09:53:41","modified_gmt":"2026-03-10T08:53:41","slug":"me40k","status":"publish","type":"product","link":"https:\/\/meferi.com\/fr\/products\/mobile-computers\/handheld-pc\/me40k\/","title":{"rendered":"Ordinateur mobile ME40K"},"content":{"rendered":"<div class=\"wpb-content-wrapper\"><div class=\"vc_row wpb_row row top-row gradient-container-1 wpb_custom_034b39d9bc6c6b310d69e39f0ccf274f\"><div class=\"gradient-column-1 vc_column_container col-md-12\"><div class=\"wpb_wrapper vc_column-inner\">\r\n\t<div class=\"wpb_text_column wpb_content_element wpb_custom_7c91d232724f73626cc933bd95b25ff0\" >\r\n\t\t<div class=\"wpb_wrapper\">\r\n\t\t\t\r\n\t\t<\/div>\r\n\t<\/div>\r\n<\/div><\/div><\/div><div class=\"vc_row wpb_row row top-row gradient-container-2 rounded-section vc_custom_1755164630071 no-padding vc_row-has-fill wpb_custom_034b39d9bc6c6b310d69e39f0ccf274f\"><div class=\"gradient-column-2 vc_column_container col-md-12\"><div class=\"wpb_wrapper vc_column-inner\">\r\n\t<div class=\"wpb_text_column wpb_content_element vc_custom_1755180141176 wpb_custom_7c91d232724f73626cc933bd95b25ff0\" >\r\n\t\t<div class=\"wpb_wrapper\">\r\n\t\t\t<h2 class=\"good_tips\">La robustesse rencontre l&#039;ing\u00e9niosit\u00e9 technologique<\/h2>\n<div class=\"good_des\" data-v-59e00dce=\"\">Protection IP67 et bo\u00eetier robuste pour relever tous les d\u00e9fis. Num\u00e9risation avanc\u00e9e et clavier professionnel optimis\u00e9. Android AER et GMS garantissent une longue dur\u00e9e de vie. Batterie de 5180 mAh offrant 20 h d&#039;autonomie. Wi-Fi et itin\u00e9rance fluides pour une connexion optimale. Ma\u00eetrisez la mobilit\u00e9 en entreprise.<\/div>\n\r\n\t\t<\/div>\r\n\t<\/div>\r\n<div class=\"vc_empty_space\"   style=\"height: 22px\"><span class=\"vc_empty_space_inner\"><\/span><\/div><div class=\"vc_btn3-container vc_btn3-inline vc_custom_1755159836239 vc_do_btn\" >\r\n\t<a class=\"vc_general vc_btn3 vc_btn3-size-lg vc_btn3-shape-round vc_btn3-style-classic btn-hover-text-effect hover-text-switch-left wpb_custom_feb90eca13f0b50ed1f6f904a3d0e275 vc_btn3-icon-left hover-icon-zoom vc_btn3-color-black btn\" style=\"padding-left:22px; padding-right:22px;\" href=\"https:\/\/meferi.com\/fr\/contact-meferi\/contact-sales\/\" title=\"contact-meferi\" target=\"_blank\"><i class=\"vc_btn3-icon fas fa-globe-americas\"><\/i> <span class=\"btn-text\" data-text=\"Get best price\">Obtenir le meilleur prix<\/span><\/a>\t<\/div>\r\n<div class=\"vc_btn3-container vc_btn3-inline vc_do_btn\" >\r\n\t<a class=\"vc_btn3 vc_btn3-shape-round wpb_custom_0160309ab4e666fb3cb18fdd1b6dab1a vc_btn3-icon-left hover-icon-zoom btn btn-borders btn-lg btn-dark\" style=\"padding-left:22px; padding-right:22px;\" href=\"https:\/\/portal.meferi.com\/login\" title=\"contact-meferi\" target=\"_blank\"><i class=\"vc_btn3-icon fas fa-braille\"><\/i> Demande de sp\u00e9cifications<\/a>\t<\/div>\r\n<div class=\"vc_empty_space\"   style=\"height: 22px\"><span class=\"vc_empty_space_inner\"><\/span><\/div><\/div><\/div><\/div><div class=\"vc_row wpb_row row top-row gradient-container-4 vc_custom_1755164713629 wpb_custom_034b39d9bc6c6b310d69e39f0ccf274f\"><div class=\"gradient-column-3 vc_column_container col-md-12\"><div class=\"wpb_wrapper vc_column-inner\"><div id=\"ultv-4897\" class=\"ult-dual-color ult-adjust-bottom-margin ult-dual-color-responsive-none ultv-4897   vc_custom_1755180080594\"><div class=\"ult-module-content ult-dual-color-heading\" style=\"text-align:left;\">\n\t\t\t\t\t\t<h3><span class=\"ult-before-heading\">\n\t\t\t\t\t\t<span class=\"ult-dual-heading-text ult-first-text ult-responsive\"  data-ultimate-target='.ult-dual-color.ultv-4897 .ult-dual-heading-text'  data-responsive-json-new='{\"font-size\":\"desktop:40px;\",\"line-height\":\"desktop:48px;\"}'  style=\"color:var(--porto-quaternary-color);     border:none; font-weight:normal;\">Caract\u00e9ristiques de la<\/span>\n\t\t\t\t\t<\/span><span class=\"ult-adv-heading\" style=\"\">\n\t\t\t\t\t\t<span class=\"ult-dual-adv-heading-text ult-highlight-text ult-responsive\"  data-ultimate-target='.ult-dual-color.ultv-4897 .ult-highlight-text'  data-responsive-json-new='{\"font-size\":\"desktop:40px;\",\"line-height\":\"desktop:48px;\"}'  style=\"color:#d00341;    padding:7px; border:none; font-weight:normal;\">ME40K<\/span>\n\t\t\t\t\t<\/span><\/h3> <\/div><\/div><\/div><\/div><\/div><div class=\"vc_row wpb_row row top-row gradient-container-5 vc_column-gap-25 vc_row-o-content-middle vc_row-flex wpb_custom_034b39d9bc6c6b310d69e39f0ccf274f\"><div class=\"gradient-column-4 vc_column_container col-md-6\"><div class=\"wpb_wrapper vc_column-inner\"><div class=\"porto-ultimate-content-box-container my-rounded-box\"><style>.porto_ucb_bd0f4babf7c24dafca3fc6bc2d95b490:hover{box-shadow:3px 3px 3px 3px #eef4fc}<\/style><div class=\"porto-ultimate-content-box porto_ucb_bd0f4babf7c24dafca3fc6bc2d95b490\" style=\"background-color:rgba(238,244,252,0);border:1px solid var(--porto-tertiary-color);min-height:222px;\" data-bg=\"rgba(238,244,252,0)\"><div class=\"porto-sicon-box  vc_custom_1755181008687  wpb_custom_76144dda40c74981b50ea38a702f0b59 style_2 left-icon\"><div class=\"porto-sicon-left\"><div class=\"porto-just-icon-wrapper porto-sicon-img  porto-icon-9f5d1cfb45d27d96b50bf473aebba227\" style=\"font-size: 200px;\" data-appear-animation=\"bounce\"><img loading=\"lazy\" decoding=\"async\" class=\"img-icon\" alt=\"\" src=\"https:\/\/meferi.com\/wp-content\/uploads\/2025\/08\/fot1-2.png\" width=\"360\" height=\"360\" \/><\/div><\/div><div class=\"porto-sicon-body\"><div class=\"porto-sicon-header\"><h2 class=\"porto-sicon-title\" style=\"margin-top:44px;\">Protection robuste am\u00e9lior\u00e9e<\/h2><\/div> <!-- header --><div class=\"porto-sicon-description\" style=\"\">Le ME40K, \u00e9quip\u00e9 d&#039;un rev\u00eatement en caoutchouc robuste en option, est quasiment indestructible (certifi\u00e9 MIL-STD-810G). Son indice de protection IP67 le prot\u00e8ge contre l&#039;immersion dans la poussi\u00e8re et l&#039;eau jusqu&#039;\u00e0 1 m de profondeur pendant 30 minutes.<\/div> <!-- description --><\/div><\/div><!-- porto-sicon-box --><\/div><\/div><\/div><\/div><div class=\"gradient-column-5 vc_column_container col-md-6\"><div class=\"wpb_wrapper vc_column-inner\"><div class=\"porto-ultimate-content-box-container my-rounded-box\"><style>.porto_ucb_bd0f4babf7c24dafca3fc6bc2d95b490:hover{box-shadow:3px 3px 3px 3px #eef4fc}<\/style><div class=\"porto-ultimate-content-box porto_ucb_bd0f4babf7c24dafca3fc6bc2d95b490\" style=\"background-color:rgba(238,244,252,0);border:1px solid var(--porto-tertiary-color);min-height:222px;\" data-bg=\"rgba(238,244,252,0)\"><div class=\"porto-sicon-box  vc_custom_1755181129506  wpb_custom_76144dda40c74981b50ea38a702f0b59 style_2 left-icon\"><div class=\"porto-sicon-left\"><div class=\"porto-just-icon-wrapper porto-sicon-img  porto-icon-9f5d1cfb45d27d96b50bf473aebba227\" style=\"font-size: 200px;\" data-appear-animation=\"bounce\"><img loading=\"lazy\" decoding=\"async\" class=\"img-icon\" alt=\"\" src=\"https:\/\/meferi.com\/wp-content\/uploads\/2025\/08\/1-2.png\" width=\"360\" height=\"360\" \/><\/div><\/div><div class=\"porto-sicon-body\"><div class=\"porto-sicon-header\"><h2 class=\"porto-sicon-title\" style=\"margin-top:44px;\">Affichage clair et lumineux<\/h2><\/div> <!-- header --><div class=\"porto-sicon-description\" style=\"\">\u00c9cran WVGA 4\u2033 (800\u00d7480) avec panneau LuxiBright\u2122 450 nits. Angle de vision de 178\u00b0 et lisible en plein soleil m\u00eame avec une lumi\u00e8re ambiante de 100\u00a0000 lux.<\/div> <!-- description --><\/div><\/div><!-- porto-sicon-box --><\/div><\/div><\/div><\/div><\/div><div class=\"vc_row wpb_row row top-row gradient-container-6 vc_column-gap-25 vc_row-o-content-middle vc_row-flex wpb_custom_034b39d9bc6c6b310d69e39f0ccf274f\"><div class=\"gradient-column-6 vc_column_container col-md-6\"><div class=\"wpb_wrapper vc_column-inner\"><div class=\"porto-ultimate-content-box-container my-rounded-box\"><style>.porto_ucb_bd0f4babf7c24dafca3fc6bc2d95b490:hover{box-shadow:3px 3px 3px 3px #eef4fc}<\/style><div class=\"porto-ultimate-content-box porto_ucb_bd0f4babf7c24dafca3fc6bc2d95b490\" style=\"background-color:rgba(238,244,252,0);border:1px solid var(--porto-tertiary-color);min-height:222px;\" data-bg=\"rgba(238,244,252,0)\"><div class=\"porto-sicon-box  vc_custom_1755181181590  wpb_custom_a3692183c0d38afe636ccfbf0abec338 style_2 left-icon\"><div class=\"porto-sicon-left\"><div class=\"porto-just-icon-wrapper porto-sicon-img  porto-icon-9f5d1cfb45d27d96b50bf473aebba227\" style=\"font-size: 200px;\" data-appear-animation=\"bounce\"><img loading=\"lazy\" decoding=\"async\" class=\"img-icon\" alt=\"\" src=\"https:\/\/meferi.com\/wp-content\/uploads\/2025\/08\/4-1-1.png\" width=\"360\" height=\"360\" \/><\/div><\/div><div class=\"porto-sicon-body\"><div class=\"porto-sicon-header\"><h2 class=\"porto-sicon-title\" style=\"margin-top:44px;\">Gestion de l&#039;alimentation tout au long de la journ\u00e9e<\/h2><\/div> <!-- header --><div class=\"porto-sicon-description\" style=\"\">La batterie de 5180 mAh offre plus de 20 heures d&#039;autonomie. L&#039;EnergyBooster+ prolonge l&#039;autonomie de 151 TP20T, tandis que la batterie rempla\u00e7able \u00e0 chaud permet un changement d&#039;alimentation en moins de 2 secondes.<\/div> <!-- description --><\/div><\/div><!-- porto-sicon-box --><\/div><\/div><\/div><\/div><div class=\"gradient-column-7 vc_column_container col-md-6\"><div class=\"wpb_wrapper vc_column-inner\"><div class=\"porto-ultimate-content-box-container my-rounded-box\"><style>.porto_ucb_bd0f4babf7c24dafca3fc6bc2d95b490:hover{box-shadow:3px 3px 3px 3px #eef4fc}<\/style><div class=\"porto-ultimate-content-box porto_ucb_bd0f4babf7c24dafca3fc6bc2d95b490\" style=\"background-color:rgba(238,244,252,0);border:1px solid var(--porto-tertiary-color);min-height:222px;\" data-bg=\"rgba(238,244,252,0)\"><div class=\"porto-sicon-box  vc_custom_1755181213917  wpb_custom_a3692183c0d38afe636ccfbf0abec338 style_2 left-icon\"><div class=\"porto-sicon-left\"><div class=\"porto-just-icon-wrapper porto-sicon-img  porto-icon-9f5d1cfb45d27d96b50bf473aebba227\" style=\"font-size: 200px;\" data-appear-animation=\"bounce\"><img loading=\"lazy\" decoding=\"async\" class=\"img-icon\" alt=\"\" src=\"https:\/\/meferi.com\/wp-content\/uploads\/2025\/08\/fot4-2-1.png\" width=\"360\" height=\"360\" \/><\/div><\/div><div class=\"porto-sicon-body\"><div class=\"porto-sicon-header\"><h2 class=\"porto-sicon-title\" style=\"margin-top:44px;\">Connectivit\u00e9 sans limites<\/h2><\/div> <!-- header --><div class=\"porto-sicon-description\" style=\"\">Double nano-SIM + eSIM avec bandes LTE internationales (B1\/B3\/B5\/B7\/B8\/B20\/B28). Le Bluetooth 5.1 offre une port\u00e9e 4x sup\u00e9rieure \u00e0 celle du Bluetooth 4.2.<\/div> <!-- description --><\/div><\/div><!-- porto-sicon-box --><\/div><\/div><\/div><\/div><\/div><div class=\"vc_row wpb_row row top-row gradient-container-7 vc_column-gap-25 vc_row-o-content-middle vc_row-flex wpb_custom_034b39d9bc6c6b310d69e39f0ccf274f\"><div class=\"gradient-column-8 vc_column_container col-md-6\"><div class=\"wpb_wrapper vc_column-inner\"><div class=\"porto-ultimate-content-box-container my-rounded-box\"><style>.porto_ucb_bd0f4babf7c24dafca3fc6bc2d95b490:hover{box-shadow:3px 3px 3px 3px #eef4fc}<\/style><div class=\"porto-ultimate-content-box porto_ucb_bd0f4babf7c24dafca3fc6bc2d95b490\" style=\"background-color:rgba(238,244,252,0);border:1px solid var(--porto-tertiary-color);min-height:222px;\" data-bg=\"rgba(238,244,252,0)\"><div class=\"porto-sicon-box  vc_custom_1755181246650  wpb_custom_76144dda40c74981b50ea38a702f0b59 style_2 left-icon\"><div class=\"porto-sicon-left\"><div class=\"porto-just-icon-wrapper porto-sicon-img  porto-icon-9f5d1cfb45d27d96b50bf473aebba227\" style=\"font-size: 200px;\" data-appear-animation=\"bounce\"><img loading=\"lazy\" decoding=\"async\" class=\"img-icon\" alt=\"\" src=\"https:\/\/meferi.com\/wp-content\/uploads\/2025\/08\/fot5.png\" width=\"360\" height=\"360\" \/><\/div><\/div><div class=\"porto-sicon-body\"><div class=\"porto-sicon-header\"><h2 class=\"porto-sicon-title\" style=\"margin-top:44px;\">Itin\u00e9rance Wi-Fi intelligente<\/h2><\/div> <!-- header --><div class=\"porto-sicon-description\" style=\"\">802.11 a\/b\/g\/n\/ac bi-bande (2,4 GHz\/5 GHz) avec transfert AP &lt; 50 ms. Prise en charge de WPA3-Enterprise pour une connectivit\u00e9 s\u00e9curis\u00e9e et ininterrompue dans les grandes installations.<\/div> <!-- description --><\/div><\/div><!-- porto-sicon-box --><\/div><\/div><\/div><\/div><div class=\"gradient-column-9 vc_column_container col-md-6\"><div class=\"wpb_wrapper vc_column-inner\"><div class=\"porto-ultimate-content-box-container my-rounded-box\"><style>.porto_ucb_bd0f4babf7c24dafca3fc6bc2d95b490:hover{box-shadow:3px 3px 3px 3px #eef4fc}<\/style><div class=\"porto-ultimate-content-box porto_ucb_bd0f4babf7c24dafca3fc6bc2d95b490\" style=\"background-color:rgba(238,244,252,0);border:1px solid var(--porto-tertiary-color);min-height:222px;\" data-bg=\"rgba(238,244,252,0)\"><div class=\"porto-sicon-box  vc_custom_1755181262838  wpb_custom_76144dda40c74981b50ea38a702f0b59 style_2 left-icon\"><div class=\"porto-sicon-left\"><div class=\"porto-just-icon-wrapper porto-sicon-img  porto-icon-9f5d1cfb45d27d96b50bf473aebba227\" style=\"font-size: 200px;\" data-appear-animation=\"bounce\"><img loading=\"lazy\" decoding=\"async\" class=\"img-icon\" alt=\"\" src=\"https:\/\/meferi.com\/wp-content\/uploads\/2025\/08\/9-1-1.png\" width=\"360\" height=\"360\" \/><\/div><\/div><div class=\"porto-sicon-body\"><div class=\"porto-sicon-header\"><h2 class=\"porto-sicon-title\" style=\"margin-top:44px;\">Certifi\u00e9 GMS et AER<\/h2><\/div> <!-- header --><div class=\"porto-sicon-description\" style=\"\">Android Enterprise recommand\u00e9 avec mises \u00e0 jour de s\u00e9curit\u00e9 tous les 5 ans. Inclut Google Play Protect et FOTA pour un d\u00e9ploiement fluide en entreprise.<\/div> <!-- description --><\/div><\/div><!-- porto-sicon-box --><\/div><\/div><\/div><\/div><\/div><div class=\"vc_row wpb_row row top-row gradient-container-8 vc_column-gap-25 vc_row-o-content-middle vc_row-flex wpb_custom_034b39d9bc6c6b310d69e39f0ccf274f\"><div class=\"gradient-column-10 vc_column_container col-md-6\"><div class=\"wpb_wrapper vc_column-inner\"><div class=\"porto-ultimate-content-box-container my-rounded-box\"><style>.porto_ucb_bd0f4babf7c24dafca3fc6bc2d95b490:hover{box-shadow:3px 3px 3px 3px #eef4fc}<\/style><div class=\"porto-ultimate-content-box porto_ucb_bd0f4babf7c24dafca3fc6bc2d95b490\" style=\"background-color:rgba(238,244,252,0);border:1px solid var(--porto-tertiary-color);min-height:222px;\" data-bg=\"rgba(238,244,252,0)\"><div class=\"porto-sicon-box  vc_custom_1755181307074  wpb_custom_a3692183c0d38afe636ccfbf0abec338 style_2 left-icon\"><div class=\"porto-sicon-left\"><div class=\"porto-just-icon-wrapper porto-sicon-img  porto-icon-9f5d1cfb45d27d96b50bf473aebba227\" style=\"font-size: 200px;\" data-appear-animation=\"bounce\"><img loading=\"lazy\" decoding=\"async\" class=\"img-icon\" alt=\"\" src=\"https:\/\/meferi.com\/wp-content\/uploads\/2025\/08\/2-1.png\" width=\"360\" height=\"360\" \/><\/div><\/div><div class=\"porto-sicon-body\"><div class=\"porto-sicon-header\"><h2 class=\"porto-sicon-title\" style=\"margin-top:44px;\">Des performances exceptionnelles<\/h2><\/div> <!-- header --><div class=\"porto-sicon-description\" style=\"\">Qualcomm SD662 (8x Cortex-A73 \u00e0 2,0 GHz) + GPU Adreno 610 + 4 Go de RAM LPDDR4X g\u00e8re plus de 15 applications simultan\u00e9es sans aucun d\u00e9calage.<\/div> <!-- description --><\/div><\/div><!-- porto-sicon-box --><\/div><\/div><\/div><\/div><div class=\"gradient-column-11 vc_column_container col-md-6\"><div class=\"wpb_wrapper vc_column-inner\"><div class=\"porto-ultimate-content-box-container my-rounded-box\"><style>.porto_ucb_bd0f4babf7c24dafca3fc6bc2d95b490:hover{box-shadow:3px 3px 3px 3px #eef4fc}<\/style><div class=\"porto-ultimate-content-box porto_ucb_bd0f4babf7c24dafca3fc6bc2d95b490\" style=\"background-color:rgba(238,244,252,0);border:1px solid var(--porto-tertiary-color);min-height:222px;\" data-bg=\"rgba(238,244,252,0)\"><div class=\"porto-sicon-box  vc_custom_1755181322810  wpb_custom_a3692183c0d38afe636ccfbf0abec338 style_2 left-icon\"><div class=\"porto-sicon-left\"><div class=\"porto-just-icon-wrapper porto-sicon-img  porto-icon-9f5d1cfb45d27d96b50bf473aebba227\" style=\"font-size: 200px;\" data-appear-animation=\"bounce\"><img loading=\"lazy\" decoding=\"async\" class=\"img-icon\" alt=\"\" src=\"https:\/\/meferi.com\/wp-content\/uploads\/2025\/08\/fot6-2.png\" width=\"360\" height=\"360\" \/><\/div><\/div><div class=\"porto-sicon-body\"><div class=\"porto-sicon-header\"><h2 class=\"porto-sicon-title\" style=\"margin-top:44px;\">S\u00e9curit\u00e9 des donn\u00e9es de premier ordre<\/h2><\/div> <!-- header --><div class=\"porto-sicon-description\" style=\"\">Android 12 avec SELinux Enforcing, d\u00e9marrage v\u00e9rifi\u00e9 et magasin de cl\u00e9s s\u00e9curis\u00e9 par le mat\u00e9riel. TEE prot\u00e8ge les donn\u00e9es biom\u00e9triques et de paiement.<\/div> <!-- description --><\/div><\/div><!-- porto-sicon-box --><\/div><\/div><\/div><\/div><\/div><div class=\"vc_row wpb_row row top-row gradient-container-9 vc_column-gap-25 vc_row-o-content-middle vc_row-flex wpb_custom_034b39d9bc6c6b310d69e39f0ccf274f\"><div class=\"gradient-column-12 vc_column_container col-md-6\"><div class=\"wpb_wrapper vc_column-inner\"><div class=\"porto-ultimate-content-box-container my-rounded-box\"><style>.porto_ucb_bd0f4babf7c24dafca3fc6bc2d95b490:hover{box-shadow:3px 3px 3px 3px #eef4fc}<\/style><div class=\"porto-ultimate-content-box porto_ucb_bd0f4babf7c24dafca3fc6bc2d95b490\" style=\"background-color:rgba(238,244,252,0);border:1px solid var(--porto-tertiary-color);min-height:222px;\" data-bg=\"rgba(238,244,252,0)\"><div class=\"porto-sicon-box  vc_custom_1755181347133  wpb_custom_a3692183c0d38afe636ccfbf0abec338 style_2 left-icon\"><div class=\"porto-sicon-left\"><div class=\"porto-just-icon-wrapper porto-sicon-img  porto-icon-9f5d1cfb45d27d96b50bf473aebba227\" style=\"font-size: 200px;\" data-appear-animation=\"bounce\"><img loading=\"lazy\" decoding=\"async\" class=\"img-icon\" alt=\"\" src=\"https:\/\/meferi.com\/wp-content\/uploads\/2025\/08\/fot11-1.png\" width=\"360\" height=\"360\" \/><\/div><\/div><div class=\"porto-sicon-body\"><div class=\"porto-sicon-header\"><h2 class=\"porto-sicon-title\" style=\"margin-top:44px;\">Technologie de g\u00e9olocalisation pr\u00e9cise<\/h2><\/div> <!-- header --><div class=\"porto-sicon-description\" style=\"\">GNSS \u00e0 5 syst\u00e8mes (GPS\/GLONASS\/Galileo\/BeiDou\/QZSS) avec une pr\u00e9cision inf\u00e9rieure \u00e0 2 m en int\u00e9rieur gr\u00e2ce \u00e0 la fusion de capteurs. Id\u00e9al pour la navigation en entrep\u00f4t.<\/div> <!-- description --><\/div><\/div><!-- porto-sicon-box --><\/div><\/div><\/div><\/div><div class=\"gradient-column-13 vc_column_container col-md-6\"><div class=\"wpb_wrapper vc_column-inner\"><div class=\"porto-ultimate-content-box-container my-rounded-box\"><style>.porto_ucb_bd0f4babf7c24dafca3fc6bc2d95b490:hover{box-shadow:3px 3px 3px 3px #eef4fc}<\/style><div class=\"porto-ultimate-content-box porto_ucb_bd0f4babf7c24dafca3fc6bc2d95b490\" style=\"background-color:rgba(238,244,252,0);border:1px solid var(--porto-tertiary-color);min-height:222px;\" data-bg=\"rgba(238,244,252,0)\"><div class=\"porto-sicon-box  vc_custom_1773132814538  wpb_custom_76144dda40c74981b50ea38a702f0b59 style_2 left-icon\"><div class=\"porto-sicon-left\"><div class=\"porto-just-icon-wrapper porto-sicon-img  porto-icon-9f5d1cfb45d27d96b50bf473aebba227\" style=\"font-size: 200px;\" data-appear-animation=\"bounce\"><img loading=\"lazy\" decoding=\"async\" class=\"img-icon\" alt=\"\" src=\"https:\/\/meferi.com\/wp-content\/uploads\/2025\/05\/fot9.png\" width=\"360\" height=\"360\" \/><\/div><\/div><div class=\"porto-sicon-body\"><div class=\"porto-sicon-header\"><h2 class=\"porto-sicon-title\" style=\"margin-top:44px;\">Modules de num\u00e9risation sur mesure<\/h2><\/div> <!-- header --><div class=\"porto-sicon-description\" style=\"\">Choose from SE4770 (1D\/2D @ 2.1M scans\/sec), Honeywell HS7 (1.5m range), or MEFERI SE5070 (omnidirectional) for any barcode scenario.<\/div> <!-- description --><\/div><\/div><!-- porto-sicon-box --><\/div><\/div><\/div><\/div><\/div><div class=\"vc_row wpb_row row top-row gradient-container-10 vc_column-gap-25 vc_row-o-content-middle vc_row-flex wpb_custom_034b39d9bc6c6b310d69e39f0ccf274f\"><div class=\"gradient-column-14 vc_column_container col-md-6\"><div class=\"wpb_wrapper vc_column-inner\"><div class=\"porto-ultimate-content-box-container my-rounded-box\"><style>.porto_ucb_bd0f4babf7c24dafca3fc6bc2d95b490:hover{box-shadow:3px 3px 3px 3px #eef4fc}<\/style><div class=\"porto-ultimate-content-box porto_ucb_bd0f4babf7c24dafca3fc6bc2d95b490\" style=\"background-color:rgba(238,244,252,0);border:1px solid var(--porto-tertiary-color);min-height:222px;\" data-bg=\"rgba(238,244,252,0)\"><div class=\"porto-sicon-box  vc_custom_1755162104504  wpb_custom_a3692183c0d38afe636ccfbf0abec338 style_2 left-icon\"><div class=\"porto-sicon-left\"><div class=\"porto-just-icon-wrapper porto-sicon-img  porto-icon-9f5d1cfb45d27d96b50bf473aebba227\" style=\"font-size: 200px;\" data-appear-animation=\"bounce\"><img loading=\"lazy\" decoding=\"async\" class=\"img-icon\" alt=\"\" src=\"https:\/\/meferi.com\/wp-content\/uploads\/2025\/05\/fot14.85eb4d85.png\" width=\"360\" height=\"360\" \/><\/div><\/div><div class=\"porto-sicon-body\"><div class=\"porto-sicon-header\"><h2 class=\"porto-sicon-title\" style=\"margin-top:44px;\">Services mobiles Google (GMS)<\/h2><\/div> <!-- header --><div class=\"porto-sicon-description\" style=\"\">La prise en charge GMS int\u00e9gr\u00e9e permet d&#039;acc\u00e9der aux applications et services essentiels, am\u00e9liorant ainsi l&#039;efficacit\u00e9 op\u00e9rationnelle.<\/p>\n<p><\/div> <!-- description --><\/div><\/div><!-- porto-sicon-box --><\/div><\/div><\/div><\/div><div class=\"gradient-column-15 vc_column_container col-md-6\"><div class=\"wpb_wrapper vc_column-inner\"><div class=\"porto-ultimate-content-box-container my-rounded-box\"><style>.porto_ucb_bd0f4babf7c24dafca3fc6bc2d95b490:hover{box-shadow:3px 3px 3px 3px #eef4fc}<\/style><div class=\"porto-ultimate-content-box porto_ucb_bd0f4babf7c24dafca3fc6bc2d95b490\" style=\"background-color:rgba(238,244,252,0);border:1px solid var(--porto-tertiary-color);min-height:222px;\" data-bg=\"rgba(238,244,252,0)\"><div class=\"porto-sicon-box  vc_custom_1755181445946  wpb_custom_a3692183c0d38afe636ccfbf0abec338 style_2 left-icon\"><div class=\"porto-sicon-left\"><div class=\"porto-just-icon-wrapper porto-sicon-img  porto-icon-9f5d1cfb45d27d96b50bf473aebba227\" style=\"font-size: 200px;\" data-appear-animation=\"bounce\"><img loading=\"lazy\" decoding=\"async\" class=\"img-icon\" alt=\"\" src=\"https:\/\/meferi.com\/wp-content\/uploads\/2025\/08\/4-1-1.png\" width=\"360\" height=\"360\" \/><\/div><\/div><div class=\"porto-sicon-body\"><div class=\"porto-sicon-header\"><h2 class=\"porto-sicon-title\" style=\"margin-top:44px;\">Excellence de l&#039;alimentation rempla\u00e7able \u00e0 chaud<\/h2><\/div> <!-- header --><div class=\"porto-sicon-description\" style=\"\">La fonctionnalit\u00e9 d&#039;\u00e9change \u00e0 chaud et le remplacement rapide de la batterie permettent de poursuivre les op\u00e9rations sans interruption.<\/div> <!-- description --><\/div><\/div><!-- porto-sicon-box --><\/div><\/div><\/div><\/div><\/div>\n<\/div>","protected":false},"excerpt":{"rendered":"<h4 class=\"good_tips\"><span style=\"font-size: 20px;\">Performances de capture de donn\u00e9es ultra-puissantes au niveau de l&#039;entreprise<\/span><\/h4>\n<p>Le ME40K est un ordinateur portable robuste et professionnel offrant des performances sup\u00e9rieures gr\u00e2ce \u00e0 Android 12 AER et GMS, un processeur Qualcomm performant, des fonctionnalit\u00e9s sans fil avanc\u00e9es, dont la 4G LTE, et le Wi-Fi avec itin\u00e9rance fluide. Il est \u00e9quip\u00e9 de modules intelligents de lecture de codes-barres et d&#039;une batterie haute capacit\u00e9 de 5180 mAh avec technologie EnergyBooster+ pour une autonomie allant jusqu&#039;\u00e0 20 heures sans charge. De conception robuste, il b\u00e9n\u00e9ficie d&#039;une protection IP67. Gr\u00e2ce \u00e0 ses nombreux accessoires et \u00e0 son clavier personnalisable, le ME40K offre flexibilit\u00e9, durabilit\u00e9 et performances de capture de donn\u00e9es optimales pour les besoins de votre entreprise.<\/p>\n<p><img decoding=\"async\" class=\"alignnone wp-image-13608\" src=\"https:\/\/meferi.com\/wp-content\/uploads\/2025\/11\/AER.svg\" alt=\"\" width=\"77\" \/> \u00a0<img decoding=\"async\" class=\"alignnone wp-image-13610\" src=\"https:\/\/meferi.com\/wp-content\/uploads\/2025\/11\/GMS.svg\" alt=\"\" width=\"55\" \/>\u00a0 <img decoding=\"async\" class=\"alignnone wp-image-13606\" src=\"https:\/\/meferi.com\/wp-content\/uploads\/2025\/11\/4G-LTE.svg\" alt=\"\" width=\"36\" \/>\u00a0 \u00a0<img decoding=\"async\" class=\"alignnone wp-image-13605\" src=\"https:\/\/meferi.com\/wp-content\/uploads\/2025\/11\/WIFI.svg\" alt=\"\" width=\"44\" \/>\u00a0 <img decoding=\"async\" class=\"alignnone wp-image-13613\" src=\"https:\/\/meferi.com\/wp-content\/uploads\/2025\/11\/NFC.svg\" alt=\"\" width=\"44\" \/> \u00a0<img decoding=\"async\" class=\"alignnone wp-image-13603\" src=\"https:\/\/meferi.com\/wp-content\/uploads\/2025\/11\/BT.svg\" alt=\"\" width=\"99\" \/>\u00a0 <img decoding=\"async\" class=\"alignnone wp-image-13615\" src=\"https:\/\/meferi.com\/wp-content\/uploads\/2025\/11\/Scan-the-QR-code.svg\" alt=\"\" width=\"36\" \/> <img loading=\"lazy\" decoding=\"async\" class=\"alignnone wp-image-13617\" src=\"https:\/\/meferi.com\/wp-content\/uploads\/2025\/08\/soti.png\" alt=\"\" width=\"66\" height=\"32\" \/><\/p>","protected":false},"featured_media":3900,"template":"","meta":{"_acf_changed":false},"product_brand":[],"product_cat":[39,68],"product_tag":[],"class_list":{"0":"post-3896","1":"product","2":"type-product","3":"status-publish","4":"has-post-thumbnail","6":"product_cat-handheld-pc","7":"product_cat-mobile-computers","9":"first","10":"instock","11":"featured","12":"shipping-taxable","13":"product-type-simple"},"acf":[],"_links":{"self":[{"href":"https:\/\/meferi.com\/fr\/wp-json\/wp\/v2\/product\/3896","targetHints":{"allow":["GET"]}}],"collection":[{"href":"https:\/\/meferi.com\/fr\/wp-json\/wp\/v2\/product"}],"about":[{"href":"https:\/\/meferi.com\/fr\/wp-json\/wp\/v2\/types\/product"}],"wp:featuredmedia":[{"embeddable":true,"href":"https:\/\/meferi.com\/fr\/wp-json\/wp\/v2\/media\/3900"}],"wp:attachment":[{"href":"https:\/\/meferi.com\/fr\/wp-json\/wp\/v2\/media?parent=3896"}],"wp:term":[{"taxonomy":"product_brand","embeddable":true,"href":"https:\/\/meferi.com\/fr\/wp-json\/wp\/v2\/product_brand?post=3896"},{"taxonomy":"product_cat","embeddable":true,"href":"https:\/\/meferi.com\/fr\/wp-json\/wp\/v2\/product_cat?post=3896"},{"taxonomy":"product_tag","embeddable":true,"href":"https:\/\/meferi.com\/fr\/wp-json\/wp\/v2\/product_tag?post=3896"}],"curies":[{"name":"wp","href":"https:\/\/api.w.org\/{rel}","templated":true}]}}