{"id":9630,"date":"2025-10-01T08:39:58","date_gmt":"2025-10-01T06:39:58","guid":{"rendered":"https:\/\/meferi.com\/?page_id=9630"},"modified":"2026-01-13T10:45:16","modified_gmt":"2026-01-13T09:45:16","slug":"meferi-community-growth-giveaway-official-rules","status":"publish","type":"page","link":"https:\/\/meferi.com\/fr\/meferi-community-growth-giveaway-official-rules\/","title":{"rendered":"Concours de croissance communautaire MEFERI \u2013 R\u00e8glement officiel"},"content":{"rendered":"<div class=\"wpb-content-wrapper\"><div class=\"vc_row wpb_row row top-row gradient-container-1 wpb_custom_034b39d9bc6c6b310d69e39f0ccf274f\"><div class=\"gradient-column-1 vc_column_container col-md-12\"><div class=\"wpb_wrapper vc_column-inner\">\r\n\t<div class=\"wpb_text_column wpb_content_element wpb_custom_7c91d232724f73626cc933bd95b25ff0\" >\r\n\t\t<div class=\"wpb_wrapper\">\r\n\t\t\t<h1><strong>Concours de croissance communautaire MEFERI \u2013 R\u00e8glement officiel<\/strong><\/h1>\n<p><strong>(En vigueur \u00e0 compter de la date de publication, Publi\u00e9 le :\u00a0<b>1er octobre 2025 \u00e0 08h39<\/b>)<\/strong><\/p>\n<hr \/>\n<p><strong>Promoteur<\/strong><\/p>\n<p>MEFERI Technologies Co., Ltd., Unit\u00e9 3-2, B\u00e2timent 4, n\u00b0 2555, Section 2, Avenue Huanglong, District de Shuangliu, Chengdu 610000, Sichuan, R\u00e9publique populaire de Chine. Contact\u00a0:\u00a0<a href=\"mailto:campaigns@meferi.com\"><strong>campaigns@meferi.com<\/strong><\/a><\/p>\n<p><strong>Admissibilit\u00e9<\/strong><\/p>\n<p>Cette promotion est r\u00e9serv\u00e9e aux personnes physiques \u00e2g\u00e9es de 18 ans ou plus qui repr\u00e9sentent une entreprise et y participent \u00e0 titre professionnel en tant que\u00a0:<\/p>\n<p>\u2013 partenaires existants ou enregistr\u00e9s de MEFERI Technologies Co., Ltd.\u00a0;<br \/>\n\u2013 partenaires potentiels de MEFERI Technologies Co., Ltd.\u00a0;<br \/>\n\u2013 les clients finaux existants de MEFERI Technologies Co., Ltd.\u00a0;<br \/>\n\u2013 clients finaux potentiels de MEFERI Technologies Co., Ltd.<\/p>\n<p>La participation \u00e0 cette promotion n&#039;est valable qu&#039;apr\u00e8s inscription r\u00e9ussie via le formulaire d&#039;inscription officiel disponible sur la page d&#039;accueil de la promotion MEFERI. L&#039;inscription via ce formulaire est obligatoire. Les personnes qui suivent MEFERI sur les r\u00e9seaux sociaux mais n&#039;ont pas rempli le formulaire d&#039;inscription ne seront pas consid\u00e9r\u00e9es comme participantes et ne pourront pas participer au tirage au sort.<\/p>\n<p>Pour \u00eatre admissible, un participant doit\u00a0:<br \/>\n(a) remplir int\u00e9gralement le formulaire officiel d\u2019inscription \u00e0 la promotion, y compris le champ \u201c Nom de l\u2019entreprise \u201d ;<br \/>\nb) fournir leur nom d\u2019utilisateur de profil de m\u00e9dias sociaux dans le formulaire d\u2019inscription\u00a0;<br \/>\n(c) \u00eatre un abonn\u00e9 du canal de m\u00e9dias sociaux MEFERI sp\u00e9cifique qui a atteint le palier d&#039;abonn\u00e9s applicable au moment du tirage au sort du prix.<\/p>\n<p>Si un participant ne suit pas le r\u00e9seau social sp\u00e9cifique qui a d\u00e9clench\u00e9 l&#039;\u00e9tape du concours, ce participant n&#039;est pas admissible \u00e0 ce tirage au sort, m\u00eame s&#039;il est inscrit sur la page de destination de la promotion.<\/p>\n<p>Les candidatures des personnes suivantes ne sont PAS admissibles\u00a0:<br \/>\n(a) les employ\u00e9s, les entrepreneurs ou les repr\u00e9sentants de MEFERI Technologies Co., Ltd., ainsi que les membres de leur famille imm\u00e9diate\u00a0;<br \/>\n(b) les repr\u00e9sentants, employ\u00e9s ou affili\u00e9s des marques de mat\u00e9riel concurrentes AIDC, POS, Auto-ID, OEM ou ODM\u00a0;<br \/>\n(c) les personnes qui ne repr\u00e9sentent pas une entreprise ou qui soumettent une candidature sans formulaire d\u2019inscription d\u00fbment rempli\u00a0;<br \/>\nd) entr\u00e9es en double, incompl\u00e8tes ou non v\u00e9rifiables.<\/p>\n<p>Seuls les participants ayant rempli avec succ\u00e8s le formulaire d&#039;inscription officiel \u00e0 la promotion, r\u00e9pondant \u00e0 toutes les conditions d&#039;admissibilit\u00e9 \u00e9nonc\u00e9es dans le pr\u00e9sent r\u00e8glement officiel et \u00e9tant v\u00e9rifi\u00e9s au moment du tirage au sort comme abonn\u00e9s du canal de m\u00e9dias sociaux MEFERI sp\u00e9cifique ayant atteint le palier d&#039;abonn\u00e9s d\u00e9fini pour ce tirage au sort, seront inclus dans le tirage au sort al\u00e9atoire.<\/p>\n<p><strong>P\u00e9riode de promotion<\/strong><\/p>\n<p>Le concours d\u00e9bute \u00e0 la date de publication du pr\u00e9sent r\u00e8glement officiel sur la page officielle et se poursuit. Il prendra fin apr\u00e8s le troisi\u00e8me et dernier tirage au sort et l&#039;annonce du gagnant.<\/p>\n<p><strong>Comment participer (aucun achat requis)<\/strong><\/p>\n<p>Pour participer au concours et \u00eatre \u00e9ligible \u00e0 tous les tirages au sort, vous devez suivre les \u00e9tapes suivantes\u00a0:<\/p>\n<ol>\n<li>Rendez-vous sur la page officielle du concours MEFERI Community Growth Giveaway et remplissez le formulaire de participation pendant la p\u00e9riode de promotion\u00a0: <strong><a href=\"https:\/\/meferi.com\/fr\/promotions\/meferi-giveaway\/\" target=\"_blank\" rel=\"noopener\">https:\/\/meferi.com\/en\/promotions\/meferi-giveaway\/<\/a><\/strong><\/li>\n<li>Veuillez fournir des informations exactes et compl\u00e8tes dans le formulaire officiel de participation \u00e0 la promotion, y compris un nom d&#039;entreprise valide et votre profil\/nom d&#039;utilisateur sur les r\u00e9seaux sociaux utilis\u00e9 pour suivre MEFERI.<\/li>\n<\/ol>\n<p><strong>Prix et tirages au sort<\/strong><\/p>\n<p>Trois (3) prix seront attribu\u00e9s au total lors de trois tirages au sort distincts. Chaque tirage est d\u00e9clench\u00e9 par un seuil d&#039;abonn\u00e9s sp\u00e9cifique. Un participant ne peut gagner qu&#039;un (1) seul prix pendant toute la dur\u00e9e de la Promotion.<\/p>\n<p>Les r\u00e9seaux sociaux MEFERI \u00e9ligibles pour cette promotion sont\u00a0:\u00a0<strong>LinkedIn, Facebook, X (anciennement Twitter), Instagram et YouTube.<\/strong><\/p>\n<ul>\n<li><strong>Tirage 1\u00a0: \u00c9tape 500 abonn\u00e9s<\/strong>\n<ul>\n<li><strong>D\u00e9clenchement:<\/strong>\u00a0Ce tirage sera activ\u00e9 lorsque le\u00a0<em>d&#039;abord<\/em>\u00a0des cha\u00eenes de m\u00e9dias sociaux MEFERI \u00e9ligibles atteignent 500 abonn\u00e9s\/abonn\u00e9s.<\/li>\n<li><strong>Prix:<\/strong>\u00a0Un (1) gagnant recevra une (1) paire d&#039;Apple AirPods Pro (dernier mod\u00e8le disponible au moment du tirage).<\/li>\n<\/ul>\n<\/li>\n<li><strong>Tirage 2\u00a0: 3\u00a0000 abonn\u00e9s<\/strong>\n<ul>\n<li><strong>D\u00e9clenchement:<\/strong>\u00a0Ce tirage sera activ\u00e9 lorsque le\u00a0<em>d&#039;abord<\/em> des cha\u00eenes de m\u00e9dias sociaux \u00e9ligibles MEFERI atteignent 3 000 abonn\u00e9s.<\/li>\n<li><strong>Prix:<\/strong>\u00a0Un (1) gagnant recevra une (1) Apple Watch (dernier mod\u00e8le disponible au moment du tirage).<\/li>\n<\/ul>\n<\/li>\n<li><strong>Tirage 3\u00a0: 5\u00a0000 abonn\u00e9s<\/strong>\n<ul>\n<li><strong>D\u00e9clenchement:<\/strong>\u00a0Ce tirage sera activ\u00e9 lorsque le\u00a0<em>d&#039;abord<\/em> des cha\u00eenes de m\u00e9dias sociaux \u00e9ligibles MEFERI atteignent 5 000 abonn\u00e9s.<\/li>\n<li><strong>Prix:<\/strong>\u00a0Un (1) gagnant recevra un (1) Apple iPhone Pro (dernier mod\u00e8le disponible au moment du tirage).<\/li>\n<\/ul>\n<\/li>\n<\/ul>\n<p><strong>Conditions g\u00e9n\u00e9rales des prix :<\/strong>\u00a0Tous les prix sont non transf\u00e9rables et aucune contrepartie en esp\u00e8ces ni autre forme de compensation n&#039;est offerte. Apple Inc. n&#039;est ni sponsor, ni administrateur, ni participant \u00e0 cette promotion.<\/p>\n<p><strong>V\u00e9rification et confirmation du gagnant<\/strong><\/p>\n<p>1. MEFERI s\u00e9lectionnera au hasard un gagnant potentiel parmi les participants ayant rempli le formulaire d&#039;inscription officiel.<\/p>\n<p>2. Avant de confirmer le gagnant d&#039;un prix, MEFERI v\u00e9rifiera les \u00e9l\u00e9ments suivants\u00a0:<br \/>\n(a) le participant a rempli le formulaire d\u2019inscription officiel \u00e0 la promotion\u00a0;<br \/>\n(b) le participant a fourni un profil\/nom d\u2019utilisateur de m\u00e9dias sociaux valide dans le formulaire d\u2019inscription\u00a0;<br \/>\n(c) le participant remplit toutes les conditions d\u2019admissibilit\u00e9 pr\u00e9vues par le pr\u00e9sent r\u00e8glement officiel.<\/p>\n<p>3. Si le gagnant potentiel ne remplit aucune des conditions ci-dessus, il sera disqualifi\u00e9 pour ce tirage au sort, et un nouveau gagnant potentiel sera s\u00e9lectionn\u00e9 et v\u00e9rifi\u00e9 selon les m\u00eames crit\u00e8res.<\/p>\n<p>MEFERI contactera le gagnant v\u00e9rifi\u00e9 \u00e0 l&#039;adresse courriel fournie dans le formulaire de participation. Le nom et le pseudonyme du gagnant sur les r\u00e9seaux sociaux doivent correspondre aux informations fournies lors de la participation. Une fois la v\u00e9rification effectu\u00e9e, MEFERI annoncera officiellement le gagnant sur ses r\u00e9seaux sociaux.<\/p>\n<p><strong>Protection des donn\u00e9es (RGPD)<\/strong><\/p>\n<ul>\n<li><strong>Contr\u00f4leur:<\/strong>\u00a0MEFERI Technologies Co., Ltd.<\/li>\n<li><strong>Objet et base juridique :<\/strong>\u00a0Le traitement de vos donn\u00e9es personnelles a pour principal objectif de g\u00e9rer ce concours et de vous envoyer des communications marketing. Votre consentement explicite constitue la base juridique de tout traitement.\u00a0<strong>consentement<\/strong>\u00a0(Art. 6(1)(a) RGPD), que vous fournissez en soumettant le formulaire d&#039;inscription.<\/li>\n<li><strong>Retrait du consentement :<\/strong>\u00a0Vous pouvez retirer votre consentement aux futurs e-mails marketing \u00e0 tout moment en cliquant sur le lien \u00ab\u00a0Se d\u00e9sabonner\u00a0\u00bb. Ce retrait ne supprimera pas votre inscription \u00e0 ce concours. Pour vous d\u00e9sinscrire d\u00e9finitivement, vous devez demander la suppression de vos donn\u00e9es en nous contactant \u00e0 l&#039;adresse suivante\u00a0:\u00a0<a href=\"mailto:legal@meferi.com\"><strong>legal@meferi.com<\/strong><\/a>.<\/li>\n<li><strong>Donn\u00e9es trait\u00e9es :<\/strong>\u00a0Pr\u00e9nom, nom, adresse courriel et identifiant de r\u00e9seau social. Un num\u00e9ro de t\u00e9l\u00e9phone pourra \u00eatre demand\u00e9 aux gagnants pour la coordination de la remise des prix.<\/li>\n<li><strong>R\u00e9tention:<\/strong>\u00a0Les donn\u00e9es relatives aux participations au concours seront conserv\u00e9es jusqu&#039;\u00e0 la fin de la promotion. Si vous avez consenti \u00e0 des communications marketing, vos donn\u00e9es seront conserv\u00e9es jusqu&#039;\u00e0 votre retrait. Les donn\u00e9es des gagnants seront conserv\u00e9es jusqu&#039;\u00e0 5 ans \u00e0 des fins d&#039;audit et de conformit\u00e9.<\/li>\n<li><strong>Droits:<\/strong>\u00a0Vous disposez d&#039;un droit d&#039;acc\u00e8s, de rectification, d&#039;effacement et de limitation du traitement de vos donn\u00e9es, ainsi que d&#039;un droit \u00e0 la portabilit\u00e9 de vos donn\u00e9es. Pour exercer ces droits, veuillez nous contacter \u00e0 l&#039;adresse suivante\u00a0:\u00a0<a href=\"mailto:legal@meferi.com\"><strong>legal@meferi.com<\/strong><\/a>Vous pouvez \u00e9galement contacter votre autorit\u00e9 locale de protection des donn\u00e9es.<\/li>\n<li><strong>Transferts:<\/strong>\u00a0Si les donn\u00e9es sont stock\u00e9es ou trait\u00e9es en dehors de l&#039;EEE, MEFERI utilisera des garanties appropri\u00e9es (par exemple, des clauses contractuelles types).<\/li>\n<\/ul>\n<p><strong>Modifications, suspension ou r\u00e9siliation<\/strong><\/p>\n<p>La soci\u00e9t\u00e9 MEFERI Technologies Co., Ltd. se r\u00e9serve le droit, \u00e0 son enti\u00e8re discr\u00e9tion, de modifier, suspendre, reporter ou annuler cette promotion, en tout ou en partie, \u00e0 tout moment et sans pr\u00e9avis, si des circonstances ind\u00e9pendantes de sa volont\u00e9 surviennent ou susceptibles de compromettre l&#039;\u00e9quit\u00e9, l&#039;int\u00e9grit\u00e9 ou le bon d\u00e9roulement de la promotion.<\/p>\n<p>Toute modification apport\u00e9e \u00e0 ce r\u00e8glement officiel sera publi\u00e9e sur la page officielle de la promotion et entrera en vigueur d\u00e8s sa publication.<\/p>\n<p><!-- notionvc: 7ea47090-b6d1-4bdf-b3f2-e9d34a5e2ba5 --><\/p>\n\r\n\t\t<\/div>\r\n\t<\/div>\r\n<\/div><\/div><\/div>\n<\/div>","protected":false},"excerpt":{"rendered":"MEFERI Community Growth Giveaway - Official Rules (Effective from the date of publication, Published on:\u00a01 October 2025 at 08:39) Promoter MEFERI Technologies Co., Ltd., Unit 3-2, Building 4, No. 2555, Section 2, Huanglong Avenue, Shuangliu District, Chengdu 610000, Sichuan, P.R. China. Contact:\u00a0campaigns@meferi.com Eligibility This Promotion is open only to natural persons aged 18 years or [...]","protected":false},"author":5,"featured_media":0,"parent":0,"menu_order":0,"comment_status":"closed","ping_status":"closed","template":"","meta":{"_acf_changed":false,"footnotes":""},"industry":[],"class_list":["post-9630","page","type-page","status-publish","hentry"],"acf":[],"_links":{"self":[{"href":"https:\/\/meferi.com\/fr\/wp-json\/wp\/v2\/pages\/9630","targetHints":{"allow":["GET"]}}],"collection":[{"href":"https:\/\/meferi.com\/fr\/wp-json\/wp\/v2\/pages"}],"about":[{"href":"https:\/\/meferi.com\/fr\/wp-json\/wp\/v2\/types\/page"}],"author":[{"embeddable":true,"href":"https:\/\/meferi.com\/fr\/wp-json\/wp\/v2\/users\/5"}],"replies":[{"embeddable":true,"href":"https:\/\/meferi.com\/fr\/wp-json\/wp\/v2\/comments?post=9630"}],"version-history":[{"count":0,"href":"https:\/\/meferi.com\/fr\/wp-json\/wp\/v2\/pages\/9630\/revisions"}],"wp:attachment":[{"href":"https:\/\/meferi.com\/fr\/wp-json\/wp\/v2\/media?parent=9630"}],"wp:term":[{"taxonomy":"industry","embeddable":true,"href":"https:\/\/meferi.com\/fr\/wp-json\/wp\/v2\/industry?post=9630"}],"curies":[{"name":"wp","href":"https:\/\/api.w.org\/{rel}","templated":true}]}}