{"id":4767,"date":"2025-08-20T11:15:55","date_gmt":"2025-08-20T08:15:55","guid":{"rendered":"https:\/\/meferi.pontima.ru\/?page_id=4767"},"modified":"2025-08-20T11:16:27","modified_gmt":"2025-08-20T08:16:27","slug":"windriver","status":"publish","type":"page","link":"https:\/\/meferi.com\/fr\/software\/omnisoftware-suite\/windriver\/","title":{"rendered":"WinDriver"},"content":{"rendered":"<div class=\"wpb-content-wrapper\"><div class=\"vc_row wpb_row row top-row gradient-container-1 rounded-section vc_custom_1755626505543 vc_row-has-fill vc_row-o-content-middle vc_row-flex wpb_custom_034b39d9bc6c6b310d69e39f0ccf274f\"><div class=\"gradient-column-1 vc_column_container col-md-3\"><div class=\"wpb_wrapper vc_column-inner\">\r\n\t<div class=\"wpb_single_image wpb_content_element vc_align_center wpb_content_element  vc_custom_1755677779524 wpb_custom_81a4f7ef9830bf958462581aa01150fb\"><div class=\"wpb_wrapper\">\r\n\t\t\t\r\n\t\t\t<div class=\"vc_single_image-wrapper   vc_box_border_grey\"><img decoding=\"async\" class=\"vc_single_image-img\" src=\"https:\/\/meferi.com\/wp-content\/uploads\/2025\/08\/oss16.3bbe6dad-1.svg\" width=\"122\" height=\"122\" alt=\"oss16.3bbe6dad (1)\" title=\"oss16.3bbe6dad (1)\" loading=\"lazy\" \/><\/div>\r\n\t\t<\/div>\r\n\t<\/div>\r\n<\/div><\/div><div class=\"gradient-column-2 vc_column_container col-md-9 section section-parallax vc_custom_1754425010515\"><div class=\"wpb_wrapper vc_column-inner\"><div class=\"porto-sicon-box  vc_custom_1755677700293  wpb_custom_25365e23fceccf8f15db48de8f75c6aa style_1 default-icon flex-wrap\"><div class=\"porto-sicon-header\"><h2 class=\"porto-sicon-title\" style=\"\">WinDriver<\/h2><p>L&#039;impression efficace d&#039;\u00e9tiquettes commence par le bon pilote Windows<\/p><\/div> <!-- header --><div class=\"porto-sicon-description\" style=\"\">D\u00e9velopp\u00e9 par : MEFERI<\/p>\n<div class=\"img_item\" data-v-4bc8856b=\"\">\n<div class=\"img_item\" data-v-3f1891a0=\"\"><img decoding=\"async\" src=\"https:\/\/meferi.com\/img\/aip.9e6eeebf.svg\" alt=\"\" data-v-08800ec6=\"\"> <span data-v-08800ec6=\"\">Installation facultative via un package<\/span><\/div>\n<\/div>\n<p><a class=\"porto-sicon-read xx\" href=\"https:\/\/meferi.com\/fr\/contact-meferi\/contact-sales\/\" target='_blank' title='Contacter le service commercial'>Contacter le service commercial<span>&nbsp;\"<\/span><\/a><\/div> <!-- description --><\/div><!-- porto-sicon-box --><\/div><\/div><\/div><div class=\"vc_row wpb_row row top-row gradient-container-2 rounded-section vc_custom_1755626330333 vc_row-has-fill vc_row-o-content-middle vc_row-flex wpb_custom_034b39d9bc6c6b310d69e39f0ccf274f\"><div class=\"gradient-column-3 vc_column_container col-md-8 text-left vc_custom_1755615028840\"><div class=\"wpb_wrapper vc_column-inner\"><div class=\"porto-sicon-box  vc_custom_1755677715138  wpb_custom_b1a30c604ff8b5a57cd7043001a08032 style_1 default-icon flex-wrap\"><div class=\"porto-sicon-header\"><h2 class=\"porto-sicon-title\" style=\"\">Description<\/h2><\/div> <!-- header --><div class=\"porto-sicon-description\" style=\"\">\n<div class=\"bfm_wrap abd_wrap\" data-v-5a780be4=\"\">\n<div class=\"title_des_wrap\" data-v-5a780be4=\"\">\n<div class=\"des\" data-v-5a780be4=\"\">Le pilote Windows pour imprimantes d&#039;\u00e9tiquettes de bureau simplifie l&#039;impression de vos \u00e9tiquettes et vous permet de d\u00e9marrer facilement. Gr\u00e2ce \u00e0 notre solution personnalis\u00e9e, connectez facilement votre imprimante \u00e0 votre ordinateur Windows et imprimez imm\u00e9diatement des \u00e9tiquettes de qualit\u00e9 professionnelle.<\/div>\n<\/div>\n<\/div>\n<div class=\"fdo_wrap\" data-v-5a780be4=\"\">\n<div class=\"title_des_wrap\" data-v-5a780be4=\"\"><\/div>\n<\/div>\n<p><\/div> <!-- description --><\/div><!-- porto-sicon-box --><\/div><\/div><div class=\"gradient-column-4 vc_column_container col-md-4\"><div class=\"wpb_wrapper vc_column-inner\"><\/div><\/div><\/div><div class=\"vc_row wpb_row row top-row gradient-container-3 rounded-section vc_custom_1755626084429 vc_row-has-fill vc_row-o-content-top vc_row-flex wpb_custom_034b39d9bc6c6b310d69e39f0ccf274f\"><div class=\"gradient-column-5 vc_column_container col-md-7 vc_custom_1755626380823\"><div class=\"wpb_wrapper vc_column-inner\">\r\n\t<div class=\"wpb_text_column wpb_content_element wpb_custom_7c91d232724f73626cc933bd95b25ff0\" >\r\n\t\t<div class=\"wpb_wrapper\">\r\n\t\t\t<h2>Pr\u00e9sentation des fonctions<\/h2>\n\r\n\t\t<\/div>\r\n\t<\/div>\r\n\r\n\t<div class=\"wpb_text_column wpb_content_element wpb_custom_7c91d232724f73626cc933bd95b25ff0\" >\r\n\t\t<div class=\"wpb_wrapper\">\r\n\t\t\t<ul>\n<li class=\"fo_des\">Simplifiez l&#039;impression d&#039;\u00e9tiquettes avec un pilote Windows personnalis\u00e9<\/li>\n<li class=\"fo_des\">Connectez sans effort les imprimantes d&#039;\u00e9tiquettes de bureau aux ordinateurs Windows<\/li>\n<li class=\"fo_des\">Commencez \u00e0 imprimer des \u00e9tiquettes de qualit\u00e9 professionnelle rapidement et facilement<\/li>\n<li class=\"fo_des\">Am\u00e9liorer la compatibilit\u00e9 de l&#039;imprimante avec les syst\u00e8mes Windows<\/li>\n<\/ul>\n\r\n\t\t<\/div>\r\n\t<\/div>\r\n<\/div><\/div><div class=\"gradient-column-6 vc_column_container col-md-5 text-center\"><div class=\"wpb_wrapper vc_column-inner\"><div class=\"wpb_gallery wpb_content_element vc_clearfix vc_custom_1755677750381 wpb_content_element\" ><div class=\"wpb_wrapper\"><div class=\"wpb_gallery_slides wpb_flexslider flexslider_fade flexslider\" data-interval=\"0\" data-flex_fx=\"fade\"><ul class=\"slides\"><li><img loading=\"lazy\" decoding=\"async\" width=\"480\" height=\"480\" src=\"https:\/\/meferi.com\/wp-content\/uploads\/2025\/08\/1.1934a42d.png\" class=\"attachment-full\" alt=\"\" title=\"1.1934a42d\" srcset=\"https:\/\/meferi.com\/wp-content\/uploads\/2025\/08\/1.1934a42d.png 480w, https:\/\/meferi.com\/wp-content\/uploads\/2025\/08\/1.1934a42d-400x400.png 400w\" sizes=\"auto, (max-width: 480px) 100vw, 480px\" \/><\/li><\/ul><\/div><\/div><\/div><\/div><\/div><\/div><div class=\"vc_row wpb_row row top-row gradient-container-4 vc_custom_1755626258381 wpb_custom_034b39d9bc6c6b310d69e39f0ccf274f\"><div class=\"gradient-column-7 vc_column_container col-md-12\"><div class=\"wpb_wrapper vc_column-inner\">\r\n\t<div class=\"wpb_text_column wpb_content_element wpb_custom_7c91d232724f73626cc933bd95b25ff0\" >\r\n\t\t<div class=\"wpb_wrapper\">\r\n\t\t\t<div class=\"good_features\" data-v-4bc8856b=\"\">\n<h2 class=\"feat_title\"><span style=\"font-size: 32px;\">D\u00e9couvrez les \u00e9quipements compatibles<\/span><\/h2>\n<\/div>\n\r\n\t\t<\/div>\r\n\t<\/div>\r\n<\/div><\/div><\/div><div class=\"vc_row wpb_row row top-row gradient-container-5 wpb_custom_034b39d9bc6c6b310d69e39f0ccf274f\"><div class=\"gradient-column-8 vc_column_container col-md-12\"><div class=\"wpb_wrapper vc_column-inner\"><div class=\"woocommerce columns-2\"><ul class=\"products products-container grid has-ccols has-ccols-spacing ccols-xl-2 ccols-lg-2 ccols-md-2 ccols-sm-2 ccols-2 pwidth-lg-2 pwidth-md-2 pwidth-xs-1 pwidth-ls-1 is-shortcode\"\r\n\t data-product_layout=\"product-default\" role=\"none\">\r\n\r\n<li role=\"none\" class=\"product-col product-default product type-product post-4036 status-publish first instock product_cat-printers has-post-thumbnail shipping-taxable product-type-simple\">\r\n<div class=\"product-inner\">\r\n\t\r\n\t<div class=\"product-image\">\r\n\r\n\t\t<a  href=\"https:\/\/meferi.com\/fr\/products\/printers\/mp4000d-desktop-printer\/\" aria-label=\"Acc\u00e9der \u00e0 la page produit\">\r\n\t\t\t<div class=\"inner img-effect\"><img loading=\"lazy\" decoding=\"async\" width=\"800\" height=\"800\" src=\"https:\/\/meferi.com\/wp-content\/uploads\/2025\/08\/good_1-19.png\" class=\"attachment-woocommerce_thumbnail size-woocommerce_thumbnail\" alt=\"Imprimante de bureau MP4000D\" srcset=\"https:\/\/meferi.com\/wp-content\/uploads\/2025\/08\/good_1-19.png 800w, https:\/\/meferi.com\/wp-content\/uploads\/2025\/08\/good_1-19-600x600.png 600w, https:\/\/meferi.com\/wp-content\/uploads\/2025\/08\/good_1-19-768x768.png 768w, https:\/\/meferi.com\/wp-content\/uploads\/2025\/08\/good_1-19-640x640.png 640w, https:\/\/meferi.com\/wp-content\/uploads\/2025\/08\/good_1-19-400x400.png 400w\" sizes=\"auto, (max-width: 800px) 100vw, 800px\" \/><img loading=\"lazy\" decoding=\"async\" width=\"800\" height=\"800\" src=\"https:\/\/meferi.com\/wp-content\/uploads\/2025\/08\/good_2-7.png\" class=\"hover-image\" alt=\"\" srcset=\"https:\/\/meferi.com\/wp-content\/uploads\/2025\/08\/good_2-7.png 800w, https:\/\/meferi.com\/wp-content\/uploads\/2025\/08\/good_2-7-600x600.png 600w, https:\/\/meferi.com\/wp-content\/uploads\/2025\/08\/good_2-7-768x768.png 768w, https:\/\/meferi.com\/wp-content\/uploads\/2025\/08\/good_2-7-640x640.png 640w, https:\/\/meferi.com\/wp-content\/uploads\/2025\/08\/good_2-7-400x400.png 400w\" sizes=\"auto, (max-width: 800px) 100vw, 800px\" \/><\/div>\t\t<\/a>\r\n\t\t\t<\/div>\r\n\r\n\t<div class=\"product-content\">\r\n\t\t<span class=\"category-list\"><a href=\"https:\/\/meferi.com\/fr\/product-category\/printers\/\" rel=\"tag\">Imprimantes<\/a><\/span>\r\n\t\t\t<a class=\"product-loop-title\"  href=\"https:\/\/meferi.com\/fr\/products\/printers\/mp4000d-desktop-printer\/\">\r\n\t<h3 class=\"woocommerce-loop-product__title\">Imprimante de bureau MP4000D<\/h3>\t<\/a>\r\n\t\r\n\t\t\r\n\t\t<div class=\"add-links-wrap\">\r\n\t<div class=\"add-links clearfix\">\r\n\t\t<a href=\"https:\/\/meferi.com\/fr\/products\/printers\/mp4000d-desktop-printer\/\" aria-describedby=\"woocommerce_loop_add_to_cart_link_describedby_4036\" rel=\"nofollow\" data-product_id=\"4036\" data-product_sku=\"\" data-quantity=\"1\" class=\"button viewcart-style-3 add_to_cart_read_more product_type_simple\"  aria-label=\"En savoir plus sur \u201cMP4000D Desktop Printer\u201d\" data-success_message=\"\" data-no-translation-aria-label=\"\">Demande de prix<\/a>\t\t<span id=\"woocommerce_loop_add_to_cart_link_describedby_4036\" class=\"screen-reader-text\">\r\n\t\t\t<\/span>\r\n\t\t\n<div\n\tclass=\"yith-wcwl-add-to-wishlist add-to-wishlist-4036 yith-wcwl-add-to-wishlist--link-style wishlist-fragment on-first-load\"\n\tdata-fragment-ref=\"4036\"\n\tdata-fragment-options=\"{&quot;base_url&quot;:&quot;&quot;,&quot;product_id&quot;:4036,&quot;parent_product_id&quot;:0,&quot;product_type&quot;:&quot;simple&quot;,&quot;is_single&quot;:false,&quot;in_default_wishlist&quot;:false,&quot;show_view&quot;:false,&quot;browse_wishlist_text&quot;:&quot;Browse wishlist&quot;,&quot;already_in_wishslist_text&quot;:&quot;The product is already in your wishlist!&quot;,&quot;product_added_text&quot;:&quot;Product added!&quot;,&quot;available_multi_wishlist&quot;:false,&quot;disable_wishlist&quot;:false,&quot;show_count&quot;:false,&quot;ajax_loading&quot;:false,&quot;loop_position&quot;:&quot;after_add_to_cart&quot;,&quot;item&quot;:&quot;add_to_wishlist&quot;}\"\n>\n\t\t\t\n\t\t\t<!-- ADD TO WISHLIST -->\n\t\t\t\n<div class=\"yith-wcwl-add-button\">\n\t\t<a\n\t\thref=\"?add_to_wishlist=4036&#038;_wpnonce=67407a192d\"\n\t\tclass=\"add_to_wishlist single_add_to_wishlist\"\n\t\tdata-product-id=\"4036\"\n\t\tdata-product-type=\"simple\"\n\t\tdata-original-product-id=\"0\"\n\t\tdata-title=\"Add to wishlist\"\n\t\trel=\"nofollow\"\n\t>\n\t\t<svg id=\"yith-wcwl-icon-heart-outline\" class=\"yith-wcwl-icon-svg\" fill=\"none\" stroke-width=\"1.5\" stroke=\"currentColor\" viewbox=\"0 0 24 24\" xmlns=\"http:\/\/www.w3.org\/2000\/svg\">\n  <path stroke-linecap=\"round\" stroke-linejoin=\"round\" d=\"M21 8.25c0-2.485-2.099-4.5-4.688-4.5-1.935 0-3.597 1.126-4.312 2.733-.715-1.607-2.377-2.733-4.313-2.733C5.1 3.75 3 5.765 3 8.25c0 7.22 9 12 9 12s9-4.78 9-12Z\"><\/path>\n<\/svg>\t\t<span>Ajouter \u00e0 la liste de souhaits<\/span>\n\t<\/a>\n<\/div>\n\n\t\t\t<!-- COUNT TEXT -->\n\t\t\t\n\t\t\t<\/div>\n<div class=\"quickview\" data-id=\"4036\" title=\"Aper\u00e7u rapide\">Aper\u00e7u rapide<\/div>\t<\/div>\r\n\t<\/div>\r\n\t<\/div>\r\n<\/div>\r\n\r\n<\/li>\r\n<\/ul>\r\n<\/div><\/div><\/div><\/div><div class=\"vc_row wpb_row row top-row gradient-container-6 rounded-section vc_custom_1755605558485 vc_row-has-fill vc_row-o-content-middle vc_row-flex wpb_custom_034b39d9bc6c6b310d69e39f0ccf274f\"><div class=\"gradient-column-9 vc_column_container col-md-6\"><div class=\"wpb_wrapper vc_column-inner\"><div class=\"porto-sicon-box  vc_custom_1755625070518  wpb_custom_68abc7c917302c9ef27d36af9d5f2dbd style_1 default-icon flex-wrap\"><div class=\"porto-sicon-header\" style=\"margin-bottom:12px;\"><h2 class=\"porto-sicon-title\" style=\"\">Testez d\u00e8s aujourd&#039;hui les solutions de pointe de MEFERI<\/h2><\/div> <!-- header --><div class=\"porto-sicon-description\" style=\"\">Essayez gratuitement nos solutions de pointe. D\u00e9couvrez la diff\u00e9rence que MEFERI peut apporter \u00e0 vos op\u00e9rations. Nos produits de pointe sont con\u00e7us pour r\u00e9pondre aux exigences sp\u00e9cifiques de votre secteur. Que vous cherchiez \u00e0 am\u00e9liorer votre efficacit\u00e9 op\u00e9rationnelle, \u00e0 r\u00e9duire vos co\u00fbts ou \u00e0 exploiter de nouvelles fonctionnalit\u00e9s, un essai gratuit de nos produits marque la premi\u00e8re \u00e9tape de votre d\u00e9veloppement !<a class=\"porto-sicon-read xx\" href=\"https:\/\/meferi.com\/fr\/contact-meferi\/contact-sales\/\" title='Contacter le service commercial'>Commencez votre essai gratuit<span>&nbsp;\"<\/span><\/a><\/div> <!-- description --><\/div><!-- porto-sicon-box --><\/div><\/div><div class=\"gradient-column-10 vc_column_container col-md-6 section section-parallax vc_custom_1754425010515\"><div class=\"wpb_wrapper vc_column-inner\">\r\n\t<div class=\"wpb_single_image wpb_content_element vc_align_right wpb_content_element  vc_custom_1755625079199 wpb_custom_81a4f7ef9830bf958462581aa01150fb\"><div class=\"wpb_wrapper\">\r\n\t\t\t\r\n\t\t\t<div class=\"vc_single_image-wrapper   vc_box_border_grey\"><img loading=\"lazy\" decoding=\"async\" width=\"1040\" height=\"1160\" src=\"https:\/\/meferi.com\/wp-content\/uploads\/2025\/08\/bfm-9.png\" class=\"vc_single_image-img attachment-full\" alt=\"\" title=\"bfm (9)\" srcset=\"https:\/\/meferi.com\/wp-content\/uploads\/2025\/08\/bfm-9.png 1040w, https:\/\/meferi.com\/wp-content\/uploads\/2025\/08\/bfm-9-1000x1115.png 1000w, https:\/\/meferi.com\/wp-content\/uploads\/2025\/08\/bfm-9-538x600.png 538w, https:\/\/meferi.com\/wp-content\/uploads\/2025\/08\/bfm-9-717x800.png 717w, https:\/\/meferi.com\/wp-content\/uploads\/2025\/08\/bfm-9-768x857.png 768w, https:\/\/meferi.com\/wp-content\/uploads\/2025\/08\/bfm-9-640x714.png 640w, https:\/\/meferi.com\/wp-content\/uploads\/2025\/08\/bfm-9-400x446.png 400w\" sizes=\"auto, (max-width: 1040px) 100vw, 1040px\" \/><\/div>\r\n\t\t<\/div>\r\n\t<\/div>\r\n<\/div><\/div><\/div><div class=\"vc_row wpb_row row top-row gradient-container-7 rounded-section vc_custom_1754900637010 text-left vc_row-has-fill vc_row-o-content-top vc_row-flex wpb_custom_034b39d9bc6c6b310d69e39f0ccf274f\"><div class=\"gradient-column-11 vc_column_container col-md-12\"><div class=\"wpb_wrapper vc_column-inner\">\r\n\t<div class=\"wpb_text_column wpb_content_element vc_custom_1755625322992 wpb_custom_7c91d232724f73626cc933bd95b25ff0\" >\r\n\t\t<div class=\"wpb_wrapper\">\r\n\t\t\t<h2 class=\"big_title\" style=\"text-align: center;\">Faites passer vos op\u00e9rations industrielles au niveau sup\u00e9rieur<\/h2>\n<div data-v-a7df9712=\"\"><\/div>\n<p style=\"text-align: center;\">D\u00e9couvrez des solutions m\u00e9ticuleusement con\u00e7ues pour les subtilit\u00e9s de votre secteur.<br \/>\nNos experts peuvent vous guider \u00e0 travers les capacit\u00e9s de chaque application pour optimiser vos op\u00e9rations et atteindre vos objectifs commerciaux.<\/p>\n\r\n\t\t<\/div>\r\n\t<\/div>\r\n<\/div><\/div><div class=\"gradient-column-12 vc_column_container col-md-1\"><div class=\"wpb_wrapper vc_column-inner\"><\/div><\/div><div class=\"gradient-column-13 vc_column_container col-md-5 text-left vc_custom_1754595878014\"><div class=\"wpb_wrapper vc_column-inner\"><div class=\"porto-ultimate-content-box-container my-rounded-box\"><style>.porto_ucb_8ba3bb8197aace42da06f0fe0083a0e1:hover{box-shadow:none}<\/style><div class=\"porto-ultimate-content-box vc_custom_1754595751442 has-content-pos justify-content-center porto_ucb_8ba3bb8197aace42da06f0fe0083a0e1\" style=\"background-color:var(--porto-light-color);border:1px solid var(--porto-light-color);\" data-bg=\"var(--porto-light-color)\"><div class=\"porto-sicon-box  vc_custom_1755617352332  wpb_custom_710b63c711f81c5f0250186a3847fdac style_1 top-icon\"><div class=\"porto-sicon-header\"><h4 class=\"porto-sicon-title\" style=\"\">Consultez un expert MEFERI<\/h4><p>Obtenez des conseils sp\u00e9cifiques \u00e0 votre secteur pour am\u00e9liorer vos capacit\u00e9s op\u00e9rationnelles.<\/p><\/div> <!-- header --><div class=\"porto-sicon-description\" style=\"\"><a class=\"porto-sicon-read xx\" href=\"\/fr\/contact-sales\/\" target='_blank' title='contact-meferi'>Contacter le service commercial<span>&nbsp;\"<\/span><\/a><\/div> <!-- description --><\/div><!-- porto-sicon-box --><\/div><\/div><\/div><\/div><div class=\"gradient-column-14 vc_column_container col-md-5 vc_custom_1754595890201\"><div class=\"wpb_wrapper vc_column-inner\"><div class=\"porto-ultimate-content-box-container my-rounded-box\"><style>.porto_ucb_8ba3bb8197aace42da06f0fe0083a0e1:hover{box-shadow:none}<\/style><div class=\"porto-ultimate-content-box vc_custom_1754595770377 has-content-pos justify-content-center porto_ucb_8ba3bb8197aace42da06f0fe0083a0e1\" style=\"background-color:var(--porto-light-color);border:1px solid var(--porto-light-color);\" data-bg=\"var(--porto-light-color)\"><div class=\"porto-sicon-box  vc_custom_1755617375160  wpb_custom_710b63c711f81c5f0250186a3847fdac style_1 top-icon\"><div class=\"porto-sicon-header\"><h4 class=\"porto-sicon-title\" style=\"\">Besoin d&#039;assistance technique ?<\/h4><p>Pour des solutions rapides et fiables, contactez notre \u00e9quipe d&#039;assistance.<\/p><\/div> <!-- header --><div class=\"porto-sicon-description\" style=\"\"><a class=\"porto-sicon-read xx\" href=\"\/fr\/contact-support\/\" target='_blank' title='contact-meferi'>Contacter le support<span>&nbsp;\"<\/span><\/a><\/div> <!-- description --><\/div><!-- porto-sicon-box --><\/div><\/div><\/div><\/div><\/div>\n<\/div>","protected":false},"excerpt":{"rendered":"WinDriverEfficient Label Printing Starts with the Right Windows Driver Developed by: MEFERI Optional Installation via Package Contact Sales&nbsp;&raquo; Description Windows driver for desktop label printers simplifies your label printing process, allowing you to get started with ease. With our custom solution, you can effortlessly connect your printer to your Windows computer and start printing professional-quality [...]","protected":false},"author":2,"featured_media":4770,"parent":4065,"menu_order":0,"comment_status":"closed","ping_status":"closed","template":"","meta":{"_acf_changed":false,"footnotes":""},"industry":[],"class_list":["post-4767","page","type-page","status-publish","has-post-thumbnail","hentry"],"acf":[],"_links":{"self":[{"href":"https:\/\/meferi.com\/fr\/wp-json\/wp\/v2\/pages\/4767","targetHints":{"allow":["GET"]}}],"collection":[{"href":"https:\/\/meferi.com\/fr\/wp-json\/wp\/v2\/pages"}],"about":[{"href":"https:\/\/meferi.com\/fr\/wp-json\/wp\/v2\/types\/page"}],"author":[{"embeddable":true,"href":"https:\/\/meferi.com\/fr\/wp-json\/wp\/v2\/users\/2"}],"replies":[{"embeddable":true,"href":"https:\/\/meferi.com\/fr\/wp-json\/wp\/v2\/comments?post=4767"}],"version-history":[{"count":0,"href":"https:\/\/meferi.com\/fr\/wp-json\/wp\/v2\/pages\/4767\/revisions"}],"up":[{"embeddable":true,"href":"https:\/\/meferi.com\/fr\/wp-json\/wp\/v2\/pages\/4065"}],"wp:featuredmedia":[{"embeddable":true,"href":"https:\/\/meferi.com\/fr\/wp-json\/wp\/v2\/media\/4770"}],"wp:attachment":[{"href":"https:\/\/meferi.com\/fr\/wp-json\/wp\/v2\/media?parent=4767"}],"wp:term":[{"taxonomy":"industry","embeddable":true,"href":"https:\/\/meferi.com\/fr\/wp-json\/wp\/v2\/industry?post=4767"}],"curies":[{"name":"wp","href":"https:\/\/api.w.org\/{rel}","templated":true}]}}