{"id":4755,"date":"2025-08-20T11:08:08","date_gmt":"2025-08-20T08:08:08","guid":{"rendered":"https:\/\/meferi.pontima.ru\/?page_id=4755"},"modified":"2026-02-04T09:33:48","modified_gmt":"2026-02-04T08:33:48","slug":"metof","status":"publish","type":"page","link":"https:\/\/meferi.com\/fr\/software\/omnisoftware-suite\/metof\/","title":{"rendered":"MeTOF"},"content":{"rendered":"<div class=\"wpb-content-wrapper\"><div class=\"vc_row wpb_row row top-row gradient-container-1 rounded-section vc_custom_1755626505543 vc_row-has-fill vc_row-o-content-middle vc_row-flex wpb_custom_034b39d9bc6c6b310d69e39f0ccf274f\"><div class=\"gradient-column-1 vc_column_container col-md-3\"><div class=\"wpb_wrapper vc_column-inner\">\r\n\t<div class=\"wpb_single_image wpb_content_element vc_align_center wpb_content_element  vc_custom_1755677137813 wpb_custom_81a4f7ef9830bf958462581aa01150fb\"><div class=\"wpb_wrapper\">\r\n\t\t\t\r\n\t\t\t<div class=\"vc_single_image-wrapper   vc_box_border_grey\"><img decoding=\"async\" class=\"vc_single_image-img\" src=\"https:\/\/meferi.com\/wp-content\/uploads\/2025\/08\/oss14.981795c6-1.svg\" width=\"122\" height=\"122\" alt=\"oss14.981795c6 (1)\" title=\"oss14.981795c6 (1)\" loading=\"lazy\" \/><\/div>\r\n\t\t<\/div>\r\n\t<\/div>\r\n<\/div><\/div><div class=\"gradient-column-2 vc_column_container col-md-9 section section-parallax vc_custom_1754425010515\"><div class=\"wpb_wrapper vc_column-inner\"><div class=\"porto-sicon-box  vc_custom_1755677183494  wpb_custom_25365e23fceccf8f15db48de8f75c6aa style_1 default-icon flex-wrap\"><div class=\"porto-sicon-header\"><h2 class=\"porto-sicon-title\" style=\"\">MeTOF<\/h2><p>Voir l&#039;invisible. Repenser les objets Mesure.<\/p><\/div> <!-- header --><div class=\"porto-sicon-description\" style=\"\">D\u00e9velopp\u00e9 par : MEFERI<\/p>\n<div class=\"img_item\" data-v-4bc8856b=\"\">\n<div class=\"img_item\" data-v-3f1891a0=\"\"><img decoding=\"async\" src=\"https:\/\/meferi.com\/img\/and.5d622a88.svg\" alt=\"\" data-v-3f1891a0=\"\" \/> <span data-v-3f1891a0=\"\">Android\u00a0 \u00a0<\/span><img decoding=\"async\" src=\"https:\/\/meferi.com\/img\/mdm.c6b4ddd5.svg\" alt=\"\" data-v-3f1891a0=\"\" \/> <span data-v-3f1891a0=\"\">Disponible en MDM\/EMM\u00a0 \u00a0<\/span><img decoding=\"async\" src=\"https:\/\/meferi.com\/img\/pio.061f18b0.svg\" alt=\"\" data-v-23ee8f81=\"\" \/> <span data-v-23ee8f81=\"\">Pr\u00e9install\u00e9 dans le syst\u00e8me d&#039;exploitation<\/span><\/div>\n<\/div>\n<p><a class=\"porto-sicon-read xx\" href=\"https:\/\/meferi.com\/fr\/contact-meferi\/contact-sales\/\" target='_blank' title='Contacter le service commercial'>Contacter le service commercial<span>&nbsp;\"<\/span><\/a><\/div> <!-- description --><\/div><!-- porto-sicon-box --><\/div><\/div><\/div><div class=\"vc_row wpb_row row top-row gradient-container-2 rounded-section vc_custom_1755626330333 vc_row-has-fill vc_row-o-content-middle vc_row-flex wpb_custom_034b39d9bc6c6b310d69e39f0ccf274f\"><div class=\"gradient-column-3 vc_column_container col-md-8 text-left vc_custom_1755615028840\"><div class=\"wpb_wrapper vc_column-inner\"><div class=\"porto-sicon-box  vc_custom_1755677203671  wpb_custom_b1a30c604ff8b5a57cd7043001a08032 style_1 default-icon flex-wrap\"><div class=\"porto-sicon-header\"><h2 class=\"porto-sicon-title\" style=\"\">Description<\/h2><\/div> <!-- header --><div class=\"porto-sicon-description\" style=\"\">\n<div class=\"bfm_wrap abd_wrap\" data-v-ac049aae=\"\">\n<div class=\"title_des_wrap\" data-v-ac049aae=\"\">\n<div class=\"des\" data-v-ac049aae=\"\">\n<div class=\"fo_des\" data-v-1145bce1=\"\">\n<div class=\"bfm_wrap abd_wrap\" data-v-23ee8f81=\"\">\n<div class=\"title_des_wrap\" data-v-23ee8f81=\"\">\n<div class=\"des\" data-v-23ee8f81=\"\"><strong>MeTOF<\/strong> est une solution de pointe pour l&#039;analyse dimensionnelle. Exploitant la puissance de la cam\u00e9ra 3D int\u00e9gr\u00e9e \u00e0 l&#039;ordinateur portable ME61 de MEFERI, elle capture et traite les dimensions de tout objet, transf\u00e8re ou \u00e9change facilement les donn\u00e9es captur\u00e9es avec n&#039;importe quel logiciel et imprime des \u00e9tiquettes de re\u00e7us sur une imprimante mobile Bluetooth. Bienvenue dans le futur de la num\u00e9risation dimensionnelle avec MeTOF.<\/div>\n<\/div>\n<\/div>\n<\/div>\n<\/div>\n<\/div>\n<\/div>\n<p><\/div> <!-- description --><\/div><!-- porto-sicon-box --><\/div><\/div><div class=\"gradient-column-4 vc_column_container col-md-4\"><div class=\"wpb_wrapper vc_column-inner\"><\/div><\/div><\/div><div class=\"vc_row wpb_row row top-row gradient-container-3 rounded-section vc_custom_1755626084429 vc_row-has-fill vc_row-o-content-top vc_row-flex wpb_custom_034b39d9bc6c6b310d69e39f0ccf274f\"><div class=\"gradient-column-5 vc_column_container col-md-7 vc_custom_1755626380823\"><div class=\"wpb_wrapper vc_column-inner\">\r\n\t<div class=\"wpb_text_column wpb_content_element wpb_custom_7c91d232724f73626cc933bd95b25ff0\" >\r\n\t\t<div class=\"wpb_wrapper\">\r\n\t\t\t<h2>Pr\u00e9sentation des fonctions<\/h2>\n\r\n\t\t<\/div>\r\n\t<\/div>\r\n\r\n\t<div class=\"wpb_text_column wpb_content_element wpb_custom_7c91d232724f73626cc933bd95b25ff0\" >\r\n\t\t<div class=\"wpb_wrapper\">\r\n\t\t\t<ul>\n<li class=\"fo_des\">Effectuer une analyse dimensionnelle avanc\u00e9e avec une cam\u00e9ra 3D<\/li>\n<li class=\"fo_des\">Capturez et traitez les dimensions des objets avec pr\u00e9cision<\/li>\n<li class=\"fo_des\">Transf\u00e9rez des donn\u00e9es vers un logiciel ou imprimez des \u00e9tiquettes\/re\u00e7us en toute transparence via Bluetooth<\/li>\n<li class=\"fo_des\">Utilisez l&#039;ordinateur mobile ME61 pour une num\u00e9risation dimensionnelle de pointe<\/li>\n<\/ul>\n\r\n\t\t<\/div>\r\n\t<\/div>\r\n<\/div><\/div><div class=\"gradient-column-6 vc_column_container col-md-5 text-center\"><div class=\"wpb_wrapper vc_column-inner\"><div class=\"wpb_gallery wpb_content_element vc_clearfix vc_custom_1755677258965 wpb_content_element\" ><div class=\"wpb_wrapper\"><div class=\"wpb_gallery_slides wpb_flexslider flexslider_fade flexslider\" data-interval=\"0\" data-flex_fx=\"fade\"><ul class=\"slides\"><li><img decoding=\"async\" class=\"\" src=\"https:\/\/meferi.com\/wp-content\/uploads\/2025\/08\/1.258703d4.png\" width=\"240\" height=\"480\" alt=\"1.258703d4\" title=\"1.258703d4\" loading=\"lazy\" \/><\/li><li><img decoding=\"async\" class=\"\" src=\"https:\/\/meferi.com\/wp-content\/uploads\/2025\/08\/2.c3248147.png\" width=\"240\" height=\"480\" alt=\"2.c3248147\" title=\"2.c3248147\" loading=\"lazy\" \/><\/li><li><img decoding=\"async\" class=\"\" src=\"https:\/\/meferi.com\/wp-content\/uploads\/2025\/08\/3.f0696f3f.png\" width=\"240\" height=\"480\" alt=\"3.f0696f3f\" title=\"3.f0696f3f\" loading=\"lazy\" \/><\/li><\/ul><\/div><\/div><\/div><\/div><\/div><\/div><div class=\"vc_row wpb_row row top-row gradient-container-4 vc_custom_1755626258381 wpb_custom_034b39d9bc6c6b310d69e39f0ccf274f\"><div class=\"gradient-column-7 vc_column_container col-md-12\"><div class=\"wpb_wrapper vc_column-inner\">\r\n\t<div class=\"wpb_text_column wpb_content_element wpb_custom_7c91d232724f73626cc933bd95b25ff0\" >\r\n\t\t<div class=\"wpb_wrapper\">\r\n\t\t\t<div class=\"good_features\" data-v-4bc8856b=\"\">\n<h2 class=\"feat_title\"><span style=\"font-size: 32px;\">D\u00e9couvrez les \u00e9quipements compatibles<\/span><\/h2>\n<\/div>\n\r\n\t\t<\/div>\r\n\t<\/div>\r\n<\/div><\/div><\/div><div class=\"vc_row wpb_row row top-row gradient-container-5 wpb_custom_034b39d9bc6c6b310d69e39f0ccf274f\"><div class=\"gradient-column-8 vc_column_container col-md-12\"><div class=\"wpb_wrapper vc_column-inner\"><div class=\"woocommerce columns-2\"><ul class=\"products products-container grid has-ccols has-ccols-spacing ccols-xl-2 ccols-lg-2 ccols-md-2 ccols-sm-2 ccols-2 pwidth-lg-2 pwidth-md-2 pwidth-xs-1 pwidth-ls-1 is-shortcode\"\r\n\t data-product_layout=\"product-default\" role=\"none\">\r\n\r\n<li role=\"none\" class=\"product-col product-default product type-product post-3910 status-publish first instock product_cat-handheld-pc product_cat-mobile-computers product_tag-omniindustry product_tag-smartilio has-post-thumbnail featured shipping-taxable product-type-simple\">\r\n<div class=\"product-inner\">\r\n\t\r\n\t<div class=\"product-image\">\r\n\r\n\t\t<a  href=\"https:\/\/meferi.com\/fr\/products\/mobile-computers\/handheld-pc\/me61\/\" aria-label=\"Acc\u00e9der \u00e0 la page produit\">\r\n\t\t\t<div class=\"inner img-effect\"><img loading=\"lazy\" decoding=\"async\" width=\"800\" height=\"800\" src=\"https:\/\/meferi.com\/wp-content\/uploads\/2026\/03\/meferi-me61-front-800x800.jpg\" class=\"attachment-woocommerce_thumbnail size-woocommerce_thumbnail\" alt=\"Vue de face de l&#039;ordinateur mobile MEFERI ME61 avec \u00e9cran tactile et interface Android\" srcset=\"https:\/\/meferi.com\/wp-content\/uploads\/2026\/03\/meferi-me61-front-800x800.jpg 800w, https:\/\/meferi.com\/wp-content\/uploads\/2026\/03\/meferi-me61-front-600x600.jpg 600w, https:\/\/meferi.com\/wp-content\/uploads\/2026\/03\/meferi-me61-front-768x768.jpg 768w, https:\/\/meferi.com\/wp-content\/uploads\/2026\/03\/meferi-me61-front-640x640.jpg 640w, https:\/\/meferi.com\/wp-content\/uploads\/2026\/03\/meferi-me61-front-400x400.jpg 400w, https:\/\/meferi.com\/wp-content\/uploads\/2026\/03\/meferi-me61-front-560x560.jpg 560w, https:\/\/meferi.com\/wp-content\/uploads\/2026\/03\/meferi-me61-front-367x367.jpg 367w\" sizes=\"auto, (max-width: 800px) 100vw, 800px\" \/><img loading=\"lazy\" decoding=\"async\" width=\"800\" height=\"800\" src=\"https:\/\/meferi.com\/wp-content\/uploads\/2026\/03\/meferi-me61-rear-800x800.jpg\" class=\"hover-image\" alt=\"Ordinateur mobile robuste MEFERI ME61, vue arri\u00e8re avec module cam\u00e9ra et dos textur\u00e9\" srcset=\"https:\/\/meferi.com\/wp-content\/uploads\/2026\/03\/meferi-me61-rear-800x800.jpg 800w, https:\/\/meferi.com\/wp-content\/uploads\/2026\/03\/meferi-me61-rear-600x600.jpg 600w, https:\/\/meferi.com\/wp-content\/uploads\/2026\/03\/meferi-me61-rear-768x768.jpg 768w, https:\/\/meferi.com\/wp-content\/uploads\/2026\/03\/meferi-me61-rear-640x640.jpg 640w, https:\/\/meferi.com\/wp-content\/uploads\/2026\/03\/meferi-me61-rear-400x400.jpg 400w, https:\/\/meferi.com\/wp-content\/uploads\/2026\/03\/meferi-me61-rear-560x560.jpg 560w, https:\/\/meferi.com\/wp-content\/uploads\/2026\/03\/meferi-me61-rear-367x367.jpg 367w\" sizes=\"auto, (max-width: 800px) 100vw, 800px\" \/><\/div>\t\t<\/a>\r\n\t\t\t<\/div>\r\n\r\n\t<div class=\"product-content\">\r\n\t\t<span class=\"category-list\"><a href=\"https:\/\/meferi.com\/fr\/product-category\/mobile-computers\/handheld-pc\/\" rel=\"tag\">Ordinateurs de poche<\/a>, <a href=\"https:\/\/meferi.com\/fr\/product-category\/mobile-computers\/\" rel=\"tag\">Ordinateurs portables<\/a><\/span>\r\n\t\t\t<a class=\"product-loop-title\"  href=\"https:\/\/meferi.com\/fr\/products\/mobile-computers\/handheld-pc\/me61\/\">\r\n\t<h3 class=\"woocommerce-loop-product__title\">ME61 Ordinateur mobile<\/h3>\t<\/a>\r\n\t\r\n\t\t\r\n\t\t<div class=\"add-links-wrap\">\r\n\t<div class=\"add-links clearfix\">\r\n\t\t<a href=\"https:\/\/meferi.com\/fr\/products\/mobile-computers\/handheld-pc\/me61\/\" aria-describedby=\"woocommerce_loop_add_to_cart_link_describedby_3910\" rel=\"nofollow\" data-product_id=\"3910\" data-product_sku=\"\" data-quantity=\"1\" class=\"button viewcart-style-3 add_to_cart_read_more product_type_simple\"  aria-label=\"En savoir plus sur \u201cME61 Mobile Computer\u201d\" data-success_message=\"\" data-no-translation-aria-label=\"\">Demande de prix<\/a>\t\t<span id=\"woocommerce_loop_add_to_cart_link_describedby_3910\" class=\"screen-reader-text\">\r\n\t\t\t<\/span>\r\n\t\t\n<div\n\tclass=\"yith-wcwl-add-to-wishlist add-to-wishlist-3910 yith-wcwl-add-to-wishlist--link-style wishlist-fragment on-first-load\"\n\tdata-fragment-ref=\"3910\"\n\tdata-fragment-options=\"{&quot;base_url&quot;:&quot;&quot;,&quot;product_id&quot;:3910,&quot;parent_product_id&quot;:0,&quot;product_type&quot;:&quot;simple&quot;,&quot;is_single&quot;:false,&quot;in_default_wishlist&quot;:false,&quot;show_view&quot;:false,&quot;browse_wishlist_text&quot;:&quot;Browse wishlist&quot;,&quot;already_in_wishslist_text&quot;:&quot;The product is already in your wishlist!&quot;,&quot;product_added_text&quot;:&quot;Product added!&quot;,&quot;available_multi_wishlist&quot;:false,&quot;disable_wishlist&quot;:false,&quot;show_count&quot;:false,&quot;ajax_loading&quot;:false,&quot;loop_position&quot;:&quot;after_add_to_cart&quot;,&quot;item&quot;:&quot;add_to_wishlist&quot;}\"\n>\n\t\t\t\n\t\t\t<!-- ADD TO WISHLIST -->\n\t\t\t\n<div class=\"yith-wcwl-add-button\">\n\t\t<a\n\t\thref=\"?add_to_wishlist=3910&#038;_wpnonce=67407a192d\"\n\t\tclass=\"add_to_wishlist single_add_to_wishlist\"\n\t\tdata-product-id=\"3910\"\n\t\tdata-product-type=\"simple\"\n\t\tdata-original-product-id=\"0\"\n\t\tdata-title=\"Add to wishlist\"\n\t\trel=\"nofollow\"\n\t>\n\t\t<svg id=\"yith-wcwl-icon-heart-outline\" class=\"yith-wcwl-icon-svg\" fill=\"none\" stroke-width=\"1.5\" stroke=\"currentColor\" viewbox=\"0 0 24 24\" xmlns=\"http:\/\/www.w3.org\/2000\/svg\">\n  <path stroke-linecap=\"round\" stroke-linejoin=\"round\" d=\"M21 8.25c0-2.485-2.099-4.5-4.688-4.5-1.935 0-3.597 1.126-4.312 2.733-.715-1.607-2.377-2.733-4.313-2.733C5.1 3.75 3 5.765 3 8.25c0 7.22 9 12 9 12s9-4.78 9-12Z\"><\/path>\n<\/svg>\t\t<span>Ajouter \u00e0 la liste de souhaits<\/span>\n\t<\/a>\n<\/div>\n\n\t\t\t<!-- COUNT TEXT -->\n\t\t\t\n\t\t\t<\/div>\n<div class=\"quickview\" data-id=\"3910\" title=\"Aper\u00e7u rapide\">Aper\u00e7u rapide<\/div>\t<\/div>\r\n\t<\/div>\r\n\t<\/div>\r\n<\/div>\r\n\r\n<\/li>\r\n\r\n<li role=\"none\" class=\"product-col product-default product type-product post-3921 status-publish last instock product_cat-handheld-pc product_cat-mobile-computers has-post-thumbnail featured shipping-taxable product-type-simple\">\r\n<div class=\"product-inner\">\r\n\t\r\n\t<div class=\"product-image\">\r\n\r\n\t\t<a  href=\"https:\/\/meferi.com\/fr\/products\/mobile-computers\/handheld-pc\/me65\/\" aria-label=\"Acc\u00e9der \u00e0 la page produit\">\r\n\t\t\t<div class=\"inner img-effect\"><img loading=\"lazy\" decoding=\"async\" width=\"800\" height=\"800\" src=\"https:\/\/meferi.com\/wp-content\/uploads\/2025\/08\/good_1-16.png\" class=\"attachment-woocommerce_thumbnail size-woocommerce_thumbnail\" alt=\"Ordinateur portable ME65 5G\" srcset=\"https:\/\/meferi.com\/wp-content\/uploads\/2025\/08\/good_1-16.png 800w, https:\/\/meferi.com\/wp-content\/uploads\/2025\/08\/good_1-16-600x600.png 600w, https:\/\/meferi.com\/wp-content\/uploads\/2025\/08\/good_1-16-768x768.png 768w, https:\/\/meferi.com\/wp-content\/uploads\/2025\/08\/good_1-16-640x640.png 640w, https:\/\/meferi.com\/wp-content\/uploads\/2025\/08\/good_1-16-400x400.png 400w\" sizes=\"auto, (max-width: 800px) 100vw, 800px\" \/><img loading=\"lazy\" decoding=\"async\" width=\"800\" height=\"800\" src=\"https:\/\/meferi.com\/wp-content\/uploads\/2025\/08\/good_4-4.png\" class=\"hover-image\" alt=\"\" srcset=\"https:\/\/meferi.com\/wp-content\/uploads\/2025\/08\/good_4-4.png 800w, https:\/\/meferi.com\/wp-content\/uploads\/2025\/08\/good_4-4-600x600.png 600w, https:\/\/meferi.com\/wp-content\/uploads\/2025\/08\/good_4-4-768x768.png 768w, https:\/\/meferi.com\/wp-content\/uploads\/2025\/08\/good_4-4-640x640.png 640w, https:\/\/meferi.com\/wp-content\/uploads\/2025\/08\/good_4-4-400x400.png 400w\" sizes=\"auto, (max-width: 800px) 100vw, 800px\" \/><\/div>\t\t<\/a>\r\n\t\t\t<\/div>\r\n\r\n\t<div class=\"product-content\">\r\n\t\t<span class=\"category-list\"><a href=\"https:\/\/meferi.com\/fr\/product-category\/mobile-computers\/handheld-pc\/\" rel=\"tag\">Ordinateurs de poche<\/a>, <a href=\"https:\/\/meferi.com\/fr\/product-category\/mobile-computers\/\" rel=\"tag\">Ordinateurs portables<\/a><\/span>\r\n\t\t\t<a class=\"product-loop-title\"  href=\"https:\/\/meferi.com\/fr\/products\/mobile-computers\/handheld-pc\/me65\/\">\r\n\t<h3 class=\"woocommerce-loop-product__title\">Ordinateur portable ME65 5G<\/h3>\t<\/a>\r\n\t\r\n\t\t\r\n\t\t<div class=\"add-links-wrap\">\r\n\t<div class=\"add-links clearfix\">\r\n\t\t<a href=\"https:\/\/meferi.com\/fr\/products\/mobile-computers\/handheld-pc\/me65\/\" aria-describedby=\"woocommerce_loop_add_to_cart_link_describedby_3921\" rel=\"nofollow\" data-product_id=\"3921\" data-product_sku=\"\" data-quantity=\"1\" class=\"button viewcart-style-3 add_to_cart_read_more product_type_simple\"  aria-label=\"En savoir plus sur \u201cME65 5G Mobile Computer\u201d\" data-success_message=\"\" data-no-translation-aria-label=\"\">Demande de prix<\/a>\t\t<span id=\"woocommerce_loop_add_to_cart_link_describedby_3921\" class=\"screen-reader-text\">\r\n\t\t\t<\/span>\r\n\t\t\n<div\n\tclass=\"yith-wcwl-add-to-wishlist add-to-wishlist-3921 yith-wcwl-add-to-wishlist--link-style wishlist-fragment on-first-load\"\n\tdata-fragment-ref=\"3921\"\n\tdata-fragment-options=\"{&quot;base_url&quot;:&quot;&quot;,&quot;product_id&quot;:3921,&quot;parent_product_id&quot;:0,&quot;product_type&quot;:&quot;simple&quot;,&quot;is_single&quot;:false,&quot;in_default_wishlist&quot;:false,&quot;show_view&quot;:false,&quot;browse_wishlist_text&quot;:&quot;Browse wishlist&quot;,&quot;already_in_wishslist_text&quot;:&quot;The product is already in your wishlist!&quot;,&quot;product_added_text&quot;:&quot;Product added!&quot;,&quot;available_multi_wishlist&quot;:false,&quot;disable_wishlist&quot;:false,&quot;show_count&quot;:false,&quot;ajax_loading&quot;:false,&quot;loop_position&quot;:&quot;after_add_to_cart&quot;,&quot;item&quot;:&quot;add_to_wishlist&quot;}\"\n>\n\t\t\t\n\t\t\t<!-- ADD TO WISHLIST -->\n\t\t\t\n<div class=\"yith-wcwl-add-button\">\n\t\t<a\n\t\thref=\"?add_to_wishlist=3921&#038;_wpnonce=67407a192d\"\n\t\tclass=\"add_to_wishlist single_add_to_wishlist\"\n\t\tdata-product-id=\"3921\"\n\t\tdata-product-type=\"simple\"\n\t\tdata-original-product-id=\"0\"\n\t\tdata-title=\"Add to wishlist\"\n\t\trel=\"nofollow\"\n\t>\n\t\t<svg id=\"yith-wcwl-icon-heart-outline\" class=\"yith-wcwl-icon-svg\" fill=\"none\" stroke-width=\"1.5\" stroke=\"currentColor\" viewbox=\"0 0 24 24\" xmlns=\"http:\/\/www.w3.org\/2000\/svg\">\n  <path stroke-linecap=\"round\" stroke-linejoin=\"round\" d=\"M21 8.25c0-2.485-2.099-4.5-4.688-4.5-1.935 0-3.597 1.126-4.312 2.733-.715-1.607-2.377-2.733-4.313-2.733C5.1 3.75 3 5.765 3 8.25c0 7.22 9 12 9 12s9-4.78 9-12Z\"><\/path>\n<\/svg>\t\t<span>Ajouter \u00e0 la liste de souhaits<\/span>\n\t<\/a>\n<\/div>\n\n\t\t\t<!-- COUNT TEXT -->\n\t\t\t\n\t\t\t<\/div>\n<div class=\"quickview\" data-id=\"3921\" title=\"Aper\u00e7u rapide\">Aper\u00e7u rapide<\/div>\t<\/div>\r\n\t<\/div>\r\n\t<\/div>\r\n<\/div>\r\n\r\n<\/li>\r\n<\/ul>\r\n<\/div><\/div><\/div><\/div><div class=\"vc_row wpb_row row top-row gradient-container-6 rounded-section vc_custom_1755605558485 vc_row-has-fill vc_row-o-content-middle vc_row-flex wpb_custom_034b39d9bc6c6b310d69e39f0ccf274f\"><div class=\"gradient-column-9 vc_column_container col-md-6\"><div class=\"wpb_wrapper vc_column-inner\"><div class=\"porto-sicon-box  vc_custom_1755625070518  wpb_custom_68abc7c917302c9ef27d36af9d5f2dbd style_1 default-icon flex-wrap\"><div class=\"porto-sicon-header\" style=\"margin-bottom:12px;\"><h2 class=\"porto-sicon-title\" style=\"\">Testez d\u00e8s aujourd&#039;hui les solutions de pointe de MEFERI<\/h2><\/div> <!-- header --><div class=\"porto-sicon-description\" style=\"\">Essayez gratuitement nos solutions de pointe. D\u00e9couvrez la diff\u00e9rence que MEFERI peut apporter \u00e0 vos op\u00e9rations. Nos produits de pointe sont con\u00e7us pour r\u00e9pondre aux exigences sp\u00e9cifiques de votre secteur. Que vous cherchiez \u00e0 am\u00e9liorer votre efficacit\u00e9 op\u00e9rationnelle, \u00e0 r\u00e9duire vos co\u00fbts ou \u00e0 exploiter de nouvelles fonctionnalit\u00e9s, un essai gratuit de nos produits marque la premi\u00e8re \u00e9tape de votre d\u00e9veloppement !<a class=\"porto-sicon-read xx\" href=\"https:\/\/meferi.com\/fr\/contact-meferi\/contact-sales\/\" title='Contacter le service commercial'>Commencez votre essai gratuit<span>&nbsp;\"<\/span><\/a><\/div> <!-- description --><\/div><!-- porto-sicon-box --><\/div><\/div><div class=\"gradient-column-10 vc_column_container col-md-6 section section-parallax vc_custom_1754425010515\"><div class=\"wpb_wrapper vc_column-inner\">\r\n\t<div class=\"wpb_single_image wpb_content_element vc_align_right wpb_content_element  vc_custom_1755625079199 wpb_custom_81a4f7ef9830bf958462581aa01150fb\"><div class=\"wpb_wrapper\">\r\n\t\t\t\r\n\t\t\t<div class=\"vc_single_image-wrapper   vc_box_border_grey\"><img loading=\"lazy\" decoding=\"async\" width=\"1040\" height=\"1160\" src=\"https:\/\/meferi.com\/wp-content\/uploads\/2025\/08\/bfm-9.png\" class=\"vc_single_image-img attachment-full\" alt=\"\" title=\"bfm (9)\" srcset=\"https:\/\/meferi.com\/wp-content\/uploads\/2025\/08\/bfm-9.png 1040w, https:\/\/meferi.com\/wp-content\/uploads\/2025\/08\/bfm-9-1000x1115.png 1000w, https:\/\/meferi.com\/wp-content\/uploads\/2025\/08\/bfm-9-538x600.png 538w, https:\/\/meferi.com\/wp-content\/uploads\/2025\/08\/bfm-9-717x800.png 717w, https:\/\/meferi.com\/wp-content\/uploads\/2025\/08\/bfm-9-768x857.png 768w, https:\/\/meferi.com\/wp-content\/uploads\/2025\/08\/bfm-9-640x714.png 640w, https:\/\/meferi.com\/wp-content\/uploads\/2025\/08\/bfm-9-400x446.png 400w\" sizes=\"auto, (max-width: 1040px) 100vw, 1040px\" \/><\/div>\r\n\t\t<\/div>\r\n\t<\/div>\r\n<\/div><\/div><\/div><div class=\"vc_row wpb_row row top-row gradient-container-7 rounded-section vc_custom_1754900637010 text-left vc_row-has-fill vc_row-o-content-top vc_row-flex wpb_custom_034b39d9bc6c6b310d69e39f0ccf274f\"><div class=\"gradient-column-11 vc_column_container col-md-12\"><div class=\"wpb_wrapper vc_column-inner\">\r\n\t<div class=\"wpb_text_column wpb_content_element vc_custom_1755625322992 wpb_custom_7c91d232724f73626cc933bd95b25ff0\" >\r\n\t\t<div class=\"wpb_wrapper\">\r\n\t\t\t<h2 class=\"big_title\" style=\"text-align: center;\">Faites passer vos op\u00e9rations industrielles au niveau sup\u00e9rieur<\/h2>\n<div data-v-a7df9712=\"\"><\/div>\n<p style=\"text-align: center;\">D\u00e9couvrez des solutions m\u00e9ticuleusement con\u00e7ues pour les subtilit\u00e9s de votre secteur.<br \/>\nNos experts peuvent vous guider \u00e0 travers les capacit\u00e9s de chaque application pour optimiser vos op\u00e9rations et atteindre vos objectifs commerciaux.<\/p>\n\r\n\t\t<\/div>\r\n\t<\/div>\r\n<\/div><\/div><div class=\"gradient-column-12 vc_column_container col-md-1\"><div class=\"wpb_wrapper vc_column-inner\"><\/div><\/div><div class=\"gradient-column-13 vc_column_container col-md-5 text-left vc_custom_1754595878014\"><div class=\"wpb_wrapper vc_column-inner\"><div class=\"porto-ultimate-content-box-container my-rounded-box\"><style>.porto_ucb_8ba3bb8197aace42da06f0fe0083a0e1:hover{box-shadow:none}<\/style><div class=\"porto-ultimate-content-box vc_custom_1754595751442 has-content-pos justify-content-center porto_ucb_8ba3bb8197aace42da06f0fe0083a0e1\" style=\"background-color:var(--porto-light-color);border:1px solid var(--porto-light-color);\" data-bg=\"var(--porto-light-color)\"><div class=\"porto-sicon-box  vc_custom_1755617352332  wpb_custom_710b63c711f81c5f0250186a3847fdac style_1 top-icon\"><div class=\"porto-sicon-header\"><h4 class=\"porto-sicon-title\" style=\"\">Consultez un expert MEFERI<\/h4><p>Obtenez des conseils sp\u00e9cifiques \u00e0 votre secteur pour am\u00e9liorer vos capacit\u00e9s op\u00e9rationnelles.<\/p><\/div> <!-- header --><div class=\"porto-sicon-description\" style=\"\"><a class=\"porto-sicon-read xx\" href=\"\/fr\/contact-sales\/\" target='_blank' title='contact-meferi'>Contacter le service commercial<span>&nbsp;\"<\/span><\/a><\/div> <!-- description --><\/div><!-- porto-sicon-box --><\/div><\/div><\/div><\/div><div class=\"gradient-column-14 vc_column_container col-md-5 vc_custom_1754595890201\"><div class=\"wpb_wrapper vc_column-inner\"><div class=\"porto-ultimate-content-box-container my-rounded-box\"><style>.porto_ucb_8ba3bb8197aace42da06f0fe0083a0e1:hover{box-shadow:none}<\/style><div class=\"porto-ultimate-content-box vc_custom_1754595770377 has-content-pos justify-content-center porto_ucb_8ba3bb8197aace42da06f0fe0083a0e1\" style=\"background-color:var(--porto-light-color);border:1px solid var(--porto-light-color);\" data-bg=\"var(--porto-light-color)\"><div class=\"porto-sicon-box  vc_custom_1770194023649  wpb_custom_710b63c711f81c5f0250186a3847fdac style_1 top-icon\"><div class=\"porto-sicon-header\"><h4 class=\"porto-sicon-title\" style=\"\">Besoin d&#039;assistance technique ?<\/h4><p>Pour des solutions rapides et fiables, contactez notre \u00e9quipe d&#039;assistance.<\/p><\/div> <!-- header --><div class=\"porto-sicon-description\" style=\"\"><a class=\"porto-sicon-read xx\" href=\"https:\/\/meferi.com\/fr\/support\/\" target='_blank' title='contact-meferi'>Contacter le support<span>&nbsp;\"<\/span><\/a><\/div> <!-- description --><\/div><!-- porto-sicon-box --><\/div><\/div><\/div><\/div><\/div>\n<\/div>","protected":false},"excerpt":{"rendered":"MeTOFSee the Unseen. Rethink objects Measurement. Developed by: MEFERI Android\u00a0 \u00a0 Available in MDM\/EMM\u00a0 \u00a0 Pre-installed in the OS Contact Sales&nbsp;&raquo; Description MeTOF is a cutting-edge solution for dimensional analysis. Leveraging the power of MEFERI's ME61 mobile computer's in-built 3D camera, it captures and processes the dimensions of any object seamlessly transfer or exchange captured [...]","protected":false},"author":2,"featured_media":4756,"parent":4065,"menu_order":0,"comment_status":"closed","ping_status":"closed","template":"","meta":{"_acf_changed":false,"footnotes":""},"industry":[],"class_list":["post-4755","page","type-page","status-publish","has-post-thumbnail","hentry"],"acf":[],"_links":{"self":[{"href":"https:\/\/meferi.com\/fr\/wp-json\/wp\/v2\/pages\/4755","targetHints":{"allow":["GET"]}}],"collection":[{"href":"https:\/\/meferi.com\/fr\/wp-json\/wp\/v2\/pages"}],"about":[{"href":"https:\/\/meferi.com\/fr\/wp-json\/wp\/v2\/types\/page"}],"author":[{"embeddable":true,"href":"https:\/\/meferi.com\/fr\/wp-json\/wp\/v2\/users\/2"}],"replies":[{"embeddable":true,"href":"https:\/\/meferi.com\/fr\/wp-json\/wp\/v2\/comments?post=4755"}],"version-history":[{"count":0,"href":"https:\/\/meferi.com\/fr\/wp-json\/wp\/v2\/pages\/4755\/revisions"}],"up":[{"embeddable":true,"href":"https:\/\/meferi.com\/fr\/wp-json\/wp\/v2\/pages\/4065"}],"wp:featuredmedia":[{"embeddable":true,"href":"https:\/\/meferi.com\/fr\/wp-json\/wp\/v2\/media\/4756"}],"wp:attachment":[{"href":"https:\/\/meferi.com\/fr\/wp-json\/wp\/v2\/media?parent=4755"}],"wp:term":[{"taxonomy":"industry","embeddable":true,"href":"https:\/\/meferi.com\/fr\/wp-json\/wp\/v2\/industry?post=4755"}],"curies":[{"name":"wp","href":"https:\/\/api.w.org\/{rel}","templated":true}]}}