{"id":3863,"date":"2025-08-14T14:22:01","date_gmt":"2025-08-14T11:22:01","guid":{"rendered":"https:\/\/meferi.pontima.ru\/?page_id=3863"},"modified":"2025-11-01T12:10:37","modified_gmt":"2025-11-01T11:10:37","slug":"sub-processor-list","status":"publish","type":"page","link":"https:\/\/meferi.com\/fr\/support-services\/legal-center\/sub-processor-list\/","title":{"rendered":"Liste des sous-traitants"},"content":{"rendered":"<div class=\"wpb-content-wrapper\"><div class=\"vc_row wpb_row row top-row gradient-container-1 wpb_custom_034b39d9bc6c6b310d69e39f0ccf274f\"><div class=\"gradient-column-1 vc_column_container col-md-12\"><div class=\"wpb_wrapper vc_column-inner\"><\/div><\/div><\/div><div class=\"vc_row wpb_row row top-row gradient-container-2 vc_custom_1755170329356 wpb_custom_034b39d9bc6c6b310d69e39f0ccf274f\"><div class=\"gradient-column-2 vc_column_container col-md-12 vc_custom_1755170292382\"><div class=\"wpb_wrapper vc_column-inner\">\r\n\t<div class=\"wpb_text_column wpb_content_element wpb_custom_7c91d232724f73626cc933bd95b25ff0\" >\r\n\t\t<div class=\"wpb_wrapper\">\r\n\t\t\t<div class=\"our_adv_wrap\" data-v-57f61548=\"\">\n<div class=\"our_adv_title_wrap line_title_wrap\" data-v-57f61548=\"\">\n<h1 class=\"line_title\" style=\"text-align: left;\"><span style=\"font-size: 40px;\">Liste des sous-traitants<\/span><\/h1>\n<div class=\"lang_wrap\" data-v-57f61548=\"\">\n<div class=\"el-select\" data-v-57f61548=\"\">\n<div class=\"el-input el-input--suffix\"><\/div>\n<\/div>\n<\/div>\n<\/div>\n<\/div>\n<div class=\"des_main_wrap\" data-v-57f61548=\"\">\n<div class=\"item_title_wrap small_titlw_wrap\" data-v-57f61548=\"\">\n<div class=\"item_title\" data-v-57f61548=\"\">MEFERI Technologies Co., Ltd. (\u00ab MEFERI \u00bb, \u00ab Nous \u00bb, \u00ab Notre \u00bb ou \u00ab Nos \u00bb) s&#039;engage \u00e0 faire preuve de transparence quant \u00e0 la mani\u00e8re dont nous traitons les donn\u00e9es personnelles pour le compte de nos clients. Cette page fournit des informations sur les sous-traitants que MEFERI engage pour traiter les donn\u00e9es personnelles dans le cadre de la fourniture de ses services, tels que d\u00e9finis dans l&#039;Accord de traitement des donn\u00e9es (\u00ab ATD \u00bb) de MEFERI.<\/div>\n<div class=\"item_tips item_tips_wrap\" data-v-57f61548=\"\">\n<div class=\"item_tips_text\" data-v-57f61548=\"\">\n<p><br data-v-57f61548=\"\">MEFERI conclut avec chaque sous-traitant des accords imposant des obligations de protection des donn\u00e9es au moins \u00e9quivalentes \u00e0 celles d\u00e9finies dans notre accord de protection des donn\u00e9es avec nos clients. Nous effectuons des v\u00e9rifications pr\u00e9alables aupr\u00e8s de nos sous-traitants afin de garantir la protection des donn\u00e9es personnelles.<br data-v-57f61548=\"\"><br data-v-57f61548=\"\">Cette liste peut \u00eatre mise \u00e0 jour p\u00e9riodiquement. Nous informerons nos clients de toute modification pr\u00e9vue concernant l&#039;ajout ou le remplacement de sous-traitants, conform\u00e9ment aux termes de notre ATD.<br data-v-57f61548=\"\"><br data-v-57f61548=\"\">Notre DPA complet est disponible&nbsp;<a href=\"https:\/\/meferi.com\/fr\/legal\/data-processing-agreement\/\" target=\"_blank\" rel=\"noopener\" data-v-57f61548=\"\">ici<\/a>&nbsp;.<br data-v-57f61548=\"\"><br data-v-57f61548=\"\"><\/p>\n<div class=\"item_tips_tit\" data-v-57f61548=\"\">Sous-traitants MEFERI<\/div>\n<p><br data-v-57f61548=\"\">Les sous-traitants sont des tiers autoris\u00e9s par MEFERI \u00e0 traiter les donn\u00e9es personnelles fournies par les clients de MEFERI pour fournir les services de MEFERI.<br data-v-57f61548=\"\"><br data-v-57f61548=\"\">Nom de l&#039;entit\u00e9 du sous-traitant Cat\u00e9gorie de service Finalit\u00e9 du traitement \/ Services fournis \u00e0 1TP 1T Pays\/r\u00e9gion de traitement des donn\u00e9es (emplacement principal) Lien vers la documentation sur la protection des donn\u00e9es du sous-traitant<\/p>\n<table id=\"29ebc854-5bc3-8021-b87d-fe3088845b38\" class=\"simple-table\">\n<thead class=\"simple-table-header\">\n<tr id=\"29ebc854-5bc3-80d0-bf34-e262603c4b8c\">\n<th id=\"m\\b@\" class=\"simple-table-header-color simple-table-header\"><strong>Nom de l&#039;entit\u00e9 du sous-traitant<\/strong><\/th>\n<th id=\"E@xw\" class=\"simple-table-header-color simple-table-header\"><strong>Cat\u00e9gorie de service<\/strong><\/th>\n<th id=\"{QR_\" class=\"simple-table-header-color simple-table-header\"><strong>Finalit\u00e9 du traitement \/ Services fournis \u00e0 MEFERI<\/strong><\/th>\n<th id=\"}GCX\" class=\"simple-table-header-color simple-table-header\"><strong>Pays\/R\u00e9gion de traitement des donn\u00e9es (Lieu principal)<\/strong><\/th>\n<th id=\"TTyk\" class=\"simple-table-header-color simple-table-header\"><strong>Lien vers la documentation relative \u00e0 la protection des donn\u00e9es du sous-traitant<\/strong><\/th>\n<\/tr>\n<\/thead>\n<tbody>\n<tr id=\"29ebc854-5bc3-800b-8e0d-f236a7079fa4\">\n<td id=\"m\\b@\" class=\"\">Amazon Web Services EMEA SARL<\/td>\n<td id=\"E@xw\" class=\"\">Fournisseur d&#039;infrastructure cloud<\/td>\n<td id=\"{QR_\" class=\"\">Fourniture de l&#039;infrastructure de cloud computing sous-jacente (y compris les serveurs, le stockage, le r\u00e9seau et les bases de donn\u00e9es) pour l&#039;h\u00e9bergement des services de base de MEFERI fournis aux clients (tels que la solution cloud MEFERI Shadowalk MDM\/EMM et les composants h\u00e9berg\u00e9s dans le cloud de l&#039;assistant d&#039;achat intelligent CIAO (ISA)) et du portail partenaire de MEFERI (<a href=\"http:\/\/portal.meferi.com\/\">portail.meferi.com<\/a>).<\/td>\n<td id=\"}GCX\" class=\"\">Espace \u00e9conomique europ\u00e9en (EEE) \u2013 France (r\u00e9gion AWS eu-ouest-3)<\/td>\n<td id=\"TTyk\" class=\"\"><a href=\"https:\/\/aws.amazon.com\/service-terms\/data-processing-addendum\/\">Addendum relatif au traitement des donn\u00e9es AWS<\/a> , <a href=\"https:\/\/aws.amazon.com\/compliance\/gdpr-center\/\">Centre de conformit\u00e9 AWS RGPD<\/a><\/td>\n<\/tr>\n<tr id=\"29ebc854-5bc3-80b6-89ac-eb1162ba2835\">\n<td id=\"m\\b@\" class=\"\">Zoho Corporation BV.<\/td>\n<td id=\"E@xw\" class=\"\">Outils de support et de service client<\/td>\n<td id=\"{QR_\" class=\"\">Mise \u00e0 disposition d&#039;un syst\u00e8me de gestion des tickets d&#039;assistance client et d&#039;une plateforme de support technique (Zoho Desk) bas\u00e9s sur le cloud, accessibles \u00e0 l&#039;adresse suivante\u00a0: <a href=\"http:\/\/helpdesk.meferi.com\/\">helpdesk.meferi.com<\/a>, pour g\u00e9rer les demandes d&#039;assistance li\u00e9es aux Services.<\/td>\n<td id=\"}GCX\" class=\"\">Union europ\u00e9enne (UE)<\/td>\n<td id=\"TTyk\" class=\"\"><a href=\"https:\/\/www.zoho.com\/gdpr.html\">Engagement de Zoho en mati\u00e8re de RGPD<\/a> <a href=\"https:\/\/www.zoho.com\/dpa.html\">Addendum relatif au traitement des donn\u00e9es Zoho<\/a><\/td>\n<\/tr>\n<tr id=\"29ebc854-5bc3-8094-890b-f8407254c6ce\">\n<td id=\"m\\b@\" class=\"\">Twilio Inc.<\/td>\n<td id=\"E@xw\" class=\"\">Fournisseurs de services de communication<\/td>\n<td id=\"{QR_\" class=\"\">Pour l&#039;envoi de notifications SMS (par exemple, alertes critiques, codes d&#039;authentification \u00e0 deux facteurs) aux utilisateurs autoris\u00e9s du Client dans le cadre des Services.<\/td>\n<td id=\"}GCX\" class=\"\">USA<\/td>\n<td id=\"TTyk\" class=\"\"><a href=\"https:\/\/www.twilio.com\/legal\/data-protection-addendum\">Addendum relatif \u00e0 la protection des donn\u00e9es de Twilio<\/a><\/td>\n<\/tr>\n<tr id=\"29ebc854-5bc3-8045-8484-ce79352be118\">\n<td id=\"m\\b@\" class=\"\">Functional Software, Inc. (nom commercial : Sentry)<\/td>\n<td id=\"E@xw\" class=\"\">Analyse et surveillance des performances des services<\/td>\n<td id=\"{QR_\" class=\"\">Pour le suivi des erreurs en temps r\u00e9el et la surveillance des performances au sein des services cloud de MEFERI afin d&#039;identifier et de r\u00e9soudre les probl\u00e8mes techniques.<\/td>\n<td id=\"}GCX\" class=\"\">USA<\/td>\n<td id=\"TTyk\" class=\"\"><a href=\"https:\/\/sentry.io\/legal\/dpa\/\"> Addendum relatif au traitement des donn\u00e9es Sentry <\/a><\/td>\n<\/tr>\n<\/tbody>\n<\/table>\n<p>&nbsp;<\/p>\n<p>Sites Web et portails propres \u00e0 MEFERI (<a href=\"https:\/\/meferi.com\/fr\/\">meferi.com<\/a>, <a href=\"https:\/\/portal.meferi.com\/\">portail.meferi.com<\/a>, <a href=\"https:\/\/helpdesk.meferi.com\/\">helpdesk.meferi.com<\/a>, etc.)<\/p>\n<p>MEFERI exploite divers sites web et portails pour interagir avec ses prospects, clients et partenaires. Il est important de distinguer le r\u00f4le de MEFERI en tant que responsable du traitement des donn\u00e9es pour ses propres sites web et en tant que sous-traitant des donn\u00e9es pour les services fournis aux clients.<\/p>\n<ul>\n<li>Quand MEFERI est responsable du traitement des donn\u00e9es\u00a0: lorsque vous fournissez des donn\u00e9es personnelles directement \u00e0 MEFERI via nos sites web institutionnels et marketing (par exemple, en remplissant un formulaire de contact sur <a href=\"https:\/\/meferi.com\/fr\/\">meferi.com<\/a>), MEFERI agit en tant que responsable du traitement des donn\u00e9es. Le traitement de ces donn\u00e9es est r\u00e9gi par la politique de confidentialit\u00e9 de MEFERI. <a href=\"https:\/\/meferi.com\/fr\/support-services\/legal-center\/privacy-policy\/\">politique de confidentialit\u00e9<\/a>. L&#039;infrastructure de ces sites web est fournie par Kinsta Inc.<\/li>\n<li>Lorsque MEFERI agit en tant que sous-traitant de donn\u00e9es\u00a0: lorsque vous fournissez des donn\u00e9es personnelles via des portails faisant partie des services fournis \u00e0 nos clients, MEFERI agit en tant que sous-traitant de donn\u00e9es pour le compte du client. L\u2019infrastructure du portail partenaire (<a href=\"https:\/\/portal.meferi.com\/\">portail.meferi.com<\/a>) est fourni par Amazon Web Services (AWS), et la plateforme du portail d&#039;assistance client (<a href=\"https:\/\/helpdesk.meferi.com\/\">helpdesk.meferi.com<\/a>) est fourni par Zoho Corporation BV. AWS et Zoho sont tous deux r\u00e9pertori\u00e9s comme sous-traitants dans le tableau ci-dessus car ils traitent des donn\u00e9es dont nos clients sont les responsables du traitement.<\/li>\n<\/ul>\n<div class=\"item_tips_tit\" data-v-57f61548=\"\">Solutions de partenaires tiers (hors sous-traitants MEFERI)<\/div>\n<p><br data-v-57f61548=\"\">Le mat\u00e9riel et les services de MEFERI peuvent \u00eatre utilis\u00e9s conjointement avec des logiciels ou des services fournis par des tiers (\u00ab Solutions de partenaires tiers \u00bb), tels que des solutions de paiement, des logiciels d&#039;auto-scanning au d\u00e9tail ou des plateformes MDM\/EMM sp\u00e9cialis\u00e9es, lorsque le client peut avoir une relation contractuelle directe avec ces fournisseurs tiers.<br data-v-57f61548=\"\"><br data-v-57f61548=\"\">Dans ces cas, le prestataire tiers agit g\u00e9n\u00e9ralement en qualit\u00e9 de responsable du traitement ou de sous-traitant des donn\u00e9es personnelles qu&#039;il traite dans le cadre de ses services, conform\u00e9ment \u00e0 l&#039;accord conclu entre le Client et ce tiers. Ces solutions partenaires tierces ne sont pas des sous-traitants de MEFERI au sens de notre DPA, et MEFERI n&#039;est pas responsable de leurs activit\u00e9s de traitement de donn\u00e9es, sauf si ce prestataire est \u00e9galement explicitement mentionn\u00e9 comme sous-traitant de MEFERI dans le tableau ci-dessus pour une finalit\u00e9 diff\u00e9rente.<br data-v-57f61548=\"\"><br data-v-57f61548=\"\">Pour plus d&#039;informations sur les solutions de partenaires tiers qui peuvent \u00eatre int\u00e9gr\u00e9es aux produits MEFERI mais o\u00f9 le client entre en relation directe avec le fournisseur, veuillez vous r\u00e9f\u00e9rer \u00e0 nos descriptions de produits, telles que&nbsp;&nbsp;<a href=\"https:\/\/meferi.com\/fr\/software\/omniindustry-app-suite\/\" target=\"_blank\" rel=\"noopener\" data-v-57f61548=\"\">Suite d&#039;applications OmniIndustry&nbsp;<\/a>, ou contactez-nous pour plus de d\u00e9tails.<\/p>\n<\/div>\n<\/div>\n<\/div>\n<\/div>\n\r\n\t\t<\/div>\r\n\t<\/div>\r\n<\/div><\/div><\/div>\n<\/div>","protected":false},"excerpt":{"rendered":"Sub-processor List MEFERI Technologies Co., Ltd. (\"MEFERI\", \"We\", \"Us\", or \"Our\") is committed to transparency regarding how We process Personal Data on behalf of Our Customers. This page provides information about the sub-processors MEFERI engages to process Personal Data in connection with the provision of Our Services, as defined in MEFERI's Data Processing Agreement (\"DPA\"). [...]","protected":false},"author":2,"featured_media":0,"parent":1478,"menu_order":0,"comment_status":"closed","ping_status":"closed","template":"","meta":{"_acf_changed":false,"footnotes":""},"industry":[],"class_list":["post-3863","page","type-page","status-publish","hentry"],"acf":[],"_links":{"self":[{"href":"https:\/\/meferi.com\/fr\/wp-json\/wp\/v2\/pages\/3863","targetHints":{"allow":["GET"]}}],"collection":[{"href":"https:\/\/meferi.com\/fr\/wp-json\/wp\/v2\/pages"}],"about":[{"href":"https:\/\/meferi.com\/fr\/wp-json\/wp\/v2\/types\/page"}],"author":[{"embeddable":true,"href":"https:\/\/meferi.com\/fr\/wp-json\/wp\/v2\/users\/2"}],"replies":[{"embeddable":true,"href":"https:\/\/meferi.com\/fr\/wp-json\/wp\/v2\/comments?post=3863"}],"version-history":[{"count":0,"href":"https:\/\/meferi.com\/fr\/wp-json\/wp\/v2\/pages\/3863\/revisions"}],"up":[{"embeddable":true,"href":"https:\/\/meferi.com\/fr\/wp-json\/wp\/v2\/pages\/1478"}],"wp:attachment":[{"href":"https:\/\/meferi.com\/fr\/wp-json\/wp\/v2\/media?parent=3863"}],"wp:term":[{"taxonomy":"industry","embeddable":true,"href":"https:\/\/meferi.com\/fr\/wp-json\/wp\/v2\/industry?post=3863"}],"curies":[{"name":"wp","href":"https:\/\/api.w.org\/{rel}","templated":true}]}}