{"id":1854,"date":"2025-08-10T19:24:46","date_gmt":"2025-08-10T16:24:46","guid":{"rendered":"https:\/\/meferi.pontima.ru\/?page_id=1854"},"modified":"2026-02-12T22:28:58","modified_gmt":"2026-02-12T21:28:58","slug":"software","status":"publish","type":"page","link":"https:\/\/meferi.com\/fr\/software\/","title":{"rendered":"Logiciel"},"content":{"rendered":"<div class=\"wpb-content-wrapper\"><div class=\"vc_row wpb_row row top-row gradient-container-1 vc_custom_1754843325473 vc_column-gap-15 vc_row-has-fill wpb_custom_034b39d9bc6c6b310d69e39f0ccf274f\"><div class=\"gradient-column-1 vc_column_container col-md-12 vc_custom_1754469150485\"><div class=\"wpb_wrapper vc_column-inner\"><h1 style=\"font-size: 42px\" class=\"vc_custom_heading vc_do_custom_heading vc_custom_1754843182115 wpb_custom_aa365bd5046e8294520b4e73732b9d15 align-left\" >Suite logicielle MEFERI<\/h1><\/div><\/div><\/div><div class=\"vc_row wpb_row row top-row gradient-container-2 vc_custom_1754579349997 vc_column-gap-15 vc_row-has-fill vc_row-o-equal-height vc_row-flex wpb_custom_034b39d9bc6c6b310d69e39f0ccf274f\"><div class=\"gradient-column-2 vc_column_container col-md-4 vc_custom_1754469150485\"><div class=\"wpb_wrapper vc_column-inner\"><div class=\"porto-ultimate-content-box-container my-rounded-box\"><style>.porto_ucb_bd0f4babf7c24dafca3fc6bc2d95b490:hover{box-shadow:3px 3px 3px 3px #eef4fc}<\/style><div class=\"porto-ultimate-content-box porto_ucb_bd0f4babf7c24dafca3fc6bc2d95b490\" style=\"background-color:#eef4fc;border:1px solid var(--porto-tertiary-color);min-height:500px;\" data-bg=\"#eef4fc\">\r\n\t<div class=\"wpb_single_image wpb_content_element vc_align_left wpb_content_element  vc_custom_1754843386699 wpb_custom_81a4f7ef9830bf958462581aa01150fb\"><div class=\"wpb_wrapper\">\r\n\t\t\t\r\n\t\t\t<div class=\"vc_single_image-wrapper   vc_box_border_grey\"><img loading=\"lazy\" decoding=\"async\" width=\"570\" height=\"320\" src=\"https:\/\/meferi.com\/wp-content\/uploads\/2025\/08\/mss1.png\" class=\"vc_single_image-img attachment-full\" alt=\"\" title=\"mss1\" srcset=\"https:\/\/meferi.com\/wp-content\/uploads\/2025\/08\/mss1.png 570w, https:\/\/meferi.com\/wp-content\/uploads\/2025\/08\/mss1-400x225.png 400w\" sizes=\"auto, (max-width: 570px) 100vw, 570px\" \/><\/div>\r\n\t\t<\/div>\r\n\t<\/div>\r\n<div class=\"porto-sicon-box  vc_custom_1770931723235  wpb_custom_b29135b514df20cf3bdbf7820a3ed018 style_2 top-icon\"><div class=\"porto-sicon-header\"><h4 class=\"porto-sicon-title\" style=\"\">Logiciel EMM, MDM<\/h4><\/div> <!-- header --><div class=\"porto-sicon-description\" style=\"\">\n<div class=\"adv_item_title\" data-v-5265f4fe=\"\"><\/div>\n<div class=\"adv_item_des\" data-v-5265f4fe=\"\">Contr\u00f4le centralis\u00e9 des appareils mobiles d&#039;entreprise. Gestion pr\u00e9cise des appareils \u00e0 distance.<\/div>\n<p><a class=\"porto-sicon-read xx\" href=\"https:\/\/meferi.com\/fr\/software\/mdm-emm-software-soti\/\" title='Logiciel SOTI MDM et EMM'>En savoir plus<span>&nbsp;\"<\/span><\/a><\/div> <!-- description --><\/div><!-- porto-sicon-box --><\/div><\/div><\/div><\/div><div class=\"gradient-column-3 vc_column_container col-md-4\"><div class=\"wpb_wrapper vc_column-inner\"><div class=\"porto-ultimate-content-box-container my-rounded-box my-gradient-box\"><style>.porto_ucb_bd0f4babf7c24dafca3fc6bc2d95b490:hover{box-shadow:3px 3px 3px 3px #eef4fc}<\/style><div class=\"porto-ultimate-content-box porto_ucb_bd0f4babf7c24dafca3fc6bc2d95b490\" style=\"background-color:#eef4fc;border:1px solid var(--porto-tertiary-color);min-height:500px;\" data-bg=\"#eef4fc\">\r\n\t<div class=\"wpb_single_image wpb_content_element vc_align_left wpb_content_element  vc_custom_1754843605678 wpb_custom_81a4f7ef9830bf958462581aa01150fb\"><div class=\"wpb_wrapper\">\r\n\t\t\t\r\n\t\t\t<div class=\"vc_single_image-wrapper   vc_box_border_grey\"><img loading=\"lazy\" decoding=\"async\" width=\"570\" height=\"320\" src=\"https:\/\/meferi.com\/wp-content\/uploads\/2025\/08\/mss2.png\" class=\"vc_single_image-img attachment-full\" alt=\"\" title=\"mss2\" srcset=\"https:\/\/meferi.com\/wp-content\/uploads\/2025\/08\/mss2.png 570w, https:\/\/meferi.com\/wp-content\/uploads\/2025\/08\/mss2-400x225.png 400w\" sizes=\"auto, (max-width: 570px) 100vw, 570px\" \/><\/div>\r\n\t\t<\/div>\r\n\t<\/div>\r\n<div class=\"porto-sicon-box  vc_custom_1767827596114  wpb_custom_b29135b514df20cf3bdbf7820a3ed018 style_2 top-icon\"><div class=\"porto-sicon-header\"><h4 class=\"porto-sicon-title\" style=\"\">Suite OmniIndustry<\/h4><\/div> <!-- header --><div class=\"porto-sicon-description\" style=\"\">\n<div class=\"adv_item_title\" data-v-5265f4fe=\"\"><\/div>\n<div class=\"adv_item_des\" data-v-5265f4fe=\"\">Lib\u00e9rer la puissance des applications mobiles, r\u00e9volutionner le commerce de d\u00e9tail et les services publics.<\/div>\n<p><a class=\"porto-sicon-read xx\" href=\"\/fr\/software\/omniIndustry-app-suite\/\">En savoir plus<span>&nbsp;\"<\/span><\/a><\/div> <!-- description --><\/div><!-- porto-sicon-box --><\/div><\/div><\/div><\/div><div class=\"gradient-column-4 vc_column_container col-md-4\"><div class=\"wpb_wrapper vc_column-inner\"><div class=\"porto-ultimate-content-box-container my-rounded-box my-gradient-box\"><style>.porto_ucb_bd0f4babf7c24dafca3fc6bc2d95b490:hover{box-shadow:3px 3px 3px 3px #eef4fc}<\/style><div class=\"porto-ultimate-content-box porto_ucb_bd0f4babf7c24dafca3fc6bc2d95b490\" style=\"background-color:#eef4fc;border:1px solid var(--porto-tertiary-color);min-height:500px;\" data-bg=\"#eef4fc\">\r\n\t<div class=\"wpb_single_image wpb_content_element vc_align_left wpb_content_element  vc_custom_1754843622244 wpb_custom_81a4f7ef9830bf958462581aa01150fb\"><div class=\"wpb_wrapper\">\r\n\t\t\t\r\n\t\t\t<div class=\"vc_single_image-wrapper   vc_box_border_grey\"><img loading=\"lazy\" decoding=\"async\" width=\"570\" height=\"320\" src=\"https:\/\/meferi.com\/wp-content\/uploads\/2025\/08\/mss3.png\" class=\"vc_single_image-img attachment-full\" alt=\"\" title=\"mss3\" srcset=\"https:\/\/meferi.com\/wp-content\/uploads\/2025\/08\/mss3.png 570w, https:\/\/meferi.com\/wp-content\/uploads\/2025\/08\/mss3-400x225.png 400w\" sizes=\"auto, (max-width: 570px) 100vw, 570px\" \/><\/div>\r\n\t\t<\/div>\r\n\t<\/div>\r\n<div class=\"porto-sicon-box  vc_custom_1755351246811  wpb_custom_b29135b514df20cf3bdbf7820a3ed018 style_2 top-icon\"><div class=\"porto-sicon-header\"><h4 class=\"porto-sicon-title\" style=\"\">Suite OmniSoftware<\/h4><\/div> <!-- header --><div class=\"porto-sicon-description\" style=\"\">\n<div class=\"adv_item_title\" data-v-5265f4fe=\"\"><\/div>\n<div class=\"adv_item_des\" data-v-5265f4fe=\"\">Lib\u00e9rez toute la puissance des appareils MEFERI avec des applications industrielles sur mesure.<\/div>\n<p><a class=\"porto-sicon-read xx\" href=\"https:\/\/meferi.com\/fr\/omnisoftware-suite\/\" title='\/logiciel\/omnisoftware-suite'>En savoir plus<span>&nbsp;\"<\/span><\/a><\/div> <!-- description --><\/div><!-- porto-sicon-box --><\/div><\/div><\/div><\/div><\/div><div class=\"vc_row wpb_row row top-row gradient-container-3 vc_custom_1754843023838 vc_column-gap-15 vc_row-has-fill wpb_custom_034b39d9bc6c6b310d69e39f0ccf274f\"><div class=\"gradient-column-5 vc_column_container col-md-12 vc_custom_1754469150485\"><div class=\"wpb_wrapper vc_column-inner\"><h2 style=\"font-size: 42px\" class=\"vc_custom_heading vc_do_custom_heading vc_custom_1754579319534 wpb_custom_aa365bd5046e8294520b4e73732b9d15 align-left\" >Des solutions \u00e9tonnantes pour vous !<\/h2><\/div><\/div><\/div><div class=\"vc_row wpb_row row top-row gradient-container-4 rounded-section vc_custom_1754580851468 vc_row-has-fill vc_row-o-content-middle vc_row-flex wpb_custom_034b39d9bc6c6b310d69e39f0ccf274f\"><div class=\"gradient-column-6 vc_column_container col-md-6\"><div class=\"wpb_wrapper vc_column-inner\"><div class=\"porto-sicon-box  vc_custom_1754842725185  wpb_custom_b4424ef64081b9fb61e65af66bc126cf style_1 default-icon flex-wrap\"><div class=\"porto-sicon-header\"><h2 class=\"porto-sicon-title\" style=\"\">POS Android<br \/>\nPoste de travail<\/h2><\/div> <!-- header --><div class=\"porto-sicon-description\" style=\"\">\n<div class=\"main_des_wrap\" data-v-07b21621=\"\">Remplacez les postes de travail traditionnels des caissiers par une solution unique pour la mobilit\u00e9, la flexibilit\u00e9 et la s\u00e9curit\u00e9 des paiements.<\/div>\n<p><a class=\"porto-sicon-read xx\" href=\"\/fr\/solutions\/android-pos\/\">Explorer<span>&nbsp;\"<\/span><\/a><\/div> <!-- description --><\/div><!-- porto-sicon-box --><\/div><\/div><div class=\"gradient-column-7 vc_column_container col-md-6 section section-parallax vc_custom_1754425010515\"><div class=\"wpb_wrapper vc_column-inner\">\r\n\t<div class=\"wpb_single_image wpb_content_element vc_align_right wpb_content_element  wpb_custom_81a4f7ef9830bf958462581aa01150fb\"><div class=\"wpb_wrapper\">\r\n\t\t\t\r\n\t\t\t<div class=\"vc_single_image-wrapper   vc_box_border_grey\"><img loading=\"lazy\" decoding=\"async\" width=\"640\" height=\"468\" src=\"https:\/\/meferi.com\/wp-content\/uploads\/2025\/08\/asbg3.e6d0ac5d.png\" class=\"vc_single_image-img attachment-full\" alt=\"\" title=\"asbg3.e6d0ac5d\" srcset=\"https:\/\/meferi.com\/wp-content\/uploads\/2025\/08\/asbg3.e6d0ac5d.png 640w, https:\/\/meferi.com\/wp-content\/uploads\/2025\/08\/asbg3.e6d0ac5d-400x293.png 400w\" sizes=\"auto, (max-width: 640px) 100vw, 640px\" \/><\/div>\r\n\t\t<\/div>\r\n\t<\/div>\r\n<\/div><\/div><\/div><div class=\"vc_row wpb_row row top-row gradient-container-5 rounded-section vc_custom_1754580218056 vc_row-has-fill vc_row-o-content-middle vc_row-flex wpb_custom_034b39d9bc6c6b310d69e39f0ccf274f\"><div class=\"gradient-column-8 vc_column_container col-md-6\"><div class=\"wpb_wrapper vc_column-inner\"><div class=\"porto-sicon-box  vc_custom_1755113730528  wpb_custom_b4424ef64081b9fb61e65af66bc126cf style_1 default-icon flex-wrap\"><div class=\"porto-sicon-header\"><h2 class=\"porto-sicon-title\" style=\"\">MeMobilityDesk<br \/>\nPoste de travail<\/h2><\/div> <!-- header --><div class=\"porto-sicon-description\" style=\"\">\n<div class=\"main_des_wrap\" data-v-07b21621=\"\">\n<div class=\"main_des_wrap\" data-v-07b21621=\"\">Transformez le ME61 en une v\u00e9ritable station de travail en le connectant \u00e0 une station d'accueil universelle et \u00e0 un \u00e9cran LCD.<\/div>\n<\/div>\n<p><a class=\"porto-sicon-read xx\" href=\"https:\/\/meferi.com\/fr\/solutions\/memobilitydesk-workstation\/\" title='Station de travail MeMobilityDesk'>Explorer<span>&nbsp;\"<\/span><\/a><\/div> <!-- description --><\/div><!-- porto-sicon-box --><\/div><\/div><div class=\"gradient-column-9 vc_column_container col-md-6 section section-parallax vc_custom_1754425010515\"><div class=\"wpb_wrapper vc_column-inner\">\r\n\t<div class=\"wpb_single_image wpb_content_element vc_align_right wpb_content_element  wpb_custom_81a4f7ef9830bf958462581aa01150fb\"><div class=\"wpb_wrapper\">\r\n\t\t\t\r\n\t\t\t<div class=\"vc_single_image-wrapper   vc_box_border_grey\"><img loading=\"lazy\" decoding=\"async\" width=\"640\" height=\"466\" src=\"https:\/\/meferi.com\/wp-content\/uploads\/2025\/08\/asbg1.png\" class=\"vc_single_image-img attachment-full\" alt=\"\" title=\"asbg1\" srcset=\"https:\/\/meferi.com\/wp-content\/uploads\/2025\/08\/asbg1.png 640w, https:\/\/meferi.com\/wp-content\/uploads\/2025\/08\/asbg1-400x291.png 400w\" sizes=\"auto, (max-width: 640px) 100vw, 640px\" \/><\/div>\r\n\t\t<\/div>\r\n\t<\/div>\r\n<\/div><\/div><\/div><div class=\"vc_row wpb_row row top-row gradient-container-6 rounded-section vc_custom_1754580881412 vc_row-has-fill vc_row-o-content-middle vc_row-flex wpb_custom_034b39d9bc6c6b310d69e39f0ccf274f\"><div class=\"gradient-column-10 vc_column_container col-md-6\"><div class=\"wpb_wrapper vc_column-inner\"><div class=\"porto-sicon-box  vc_custom_1755113748453  wpb_custom_b4424ef64081b9fb61e65af66bc126cf style_1 default-icon flex-wrap\"><div class=\"porto-sicon-header\"><h2 class=\"porto-sicon-title\" style=\"\">Assistant d'achat intelligent CIAO<\/h2><\/div> <!-- header --><div class=\"porto-sicon-description\" style=\"\">\n<div class=\"main_des_wrap\" data-v-07b21621=\"\">\n<div class=\"main_des_wrap\" data-v-07b21621=\"\">\n<div class=\"main_des_wrap\" data-v-07b21621=\"\">Am\u00e9liorer le commerce de d\u00e9tail moderne gr\u00e2ce aux innovations en mati\u00e8re d'IA : parcours et r\u00e9alisations<\/div>\n<\/div>\n<\/div>\n<p><a class=\"porto-sicon-read xx\" href=\"https:\/\/meferi.com\/fr\/solutions\/mobile-shopper-ciao\/\" title='Mobile Shopper CIAO'>Explorer<span>&nbsp;\"<\/span><\/a><\/div> <!-- description --><\/div><!-- porto-sicon-box --><\/div><\/div><div class=\"gradient-column-11 vc_column_container col-md-6 section section-parallax vc_custom_1754425010515\"><div class=\"wpb_wrapper vc_column-inner\">\r\n\t<div class=\"wpb_single_image wpb_content_element vc_align_right wpb_content_element  wpb_custom_81a4f7ef9830bf958462581aa01150fb\"><div class=\"wpb_wrapper\">\r\n\t\t\t\r\n\t\t\t<div class=\"vc_single_image-wrapper   vc_box_border_grey\"><img loading=\"lazy\" decoding=\"async\" width=\"640\" height=\"468\" src=\"https:\/\/meferi.com\/wp-content\/uploads\/2025\/08\/asbg2.png\" class=\"vc_single_image-img attachment-full\" alt=\"\" title=\"asbg2\" srcset=\"https:\/\/meferi.com\/wp-content\/uploads\/2025\/08\/asbg2.png 640w, https:\/\/meferi.com\/wp-content\/uploads\/2025\/08\/asbg2-400x293.png 400w\" sizes=\"auto, (max-width: 640px) 100vw, 640px\" \/><\/div>\r\n\t\t<\/div>\r\n\t<\/div>\r\n<\/div><\/div><\/div><div data-vc-full-width=\"true\" data-vc-full-width-temp=\"true\" data-vc-full-width-init=\"false\" class=\"vc_row wpb_row row top-row gradient-container-7 rounded-section vc_custom_1754842990160 vc_row-has-fill vc_row-o-content-bottom vc_row-flex wpb_custom_034b39d9bc6c6b310d69e39f0ccf274f\"><div class=\"gradient-column-12 vc_column_container col-md-4 text-left vc_custom_1754581650331\"><div class=\"wpb_wrapper vc_column-inner\">\r\n\t<div class=\"wpb_text_column wpb_content_element vc_custom_1754581538445 wpb_custom_7c91d232724f73626cc933bd95b25ff0\" >\r\n\t\t<div class=\"wpb_wrapper\">\r\n\t\t\t<h3 class=\"ctt_title\"><span style=\"font-size: 32px;\">Contactez-nous<\/span><\/h3>\n\r\n\t\t<\/div>\r\n\t<\/div>\r\n\n<div class=\"wpcf7 no-js\" id=\"wpcf7-f52-o1\" lang=\"en-US\" dir=\"ltr\" data-wpcf7-id=\"52\">\n<div class=\"screen-reader-response\"><p role=\"status\" aria-live=\"polite\" aria-atomic=\"true\"><\/p> <ul><\/ul><\/div>\n<form action=\"\/fr\/wp-json\/wp\/v2\/pages\/1854#wpcf7-f52-o1\" method=\"post\" class=\"wpcf7-form init\" aria-label=\"Formulaire de contact\" novalidate=\"novalidate\" data-status=\"init\" data-trp-original-action=\"\/fr\/wp-json\/wp\/v2\/pages\/1854#wpcf7-f52-o1\">\n<fieldset class=\"hidden-fields-container\"><input type=\"hidden\" name=\"_wpcf7\" value=\"52\" \/><input type=\"hidden\" name=\"_wpcf7_version\" value=\"6.1.5\" \/><input type=\"hidden\" name=\"_wpcf7_locale\" value=\"en_US\" \/><input type=\"hidden\" name=\"_wpcf7_unit_tag\" value=\"wpcf7-f52-o1\" \/><input type=\"hidden\" name=\"_wpcf7_container_post\" value=\"0\" \/><input type=\"hidden\" name=\"_wpcf7_posted_data_hash\" value=\"\" \/><input type=\"hidden\" name=\"_wpcf7_recaptcha_response\" value=\"\" \/>\n<\/fieldset>\n<div class=\"custom-contact-form\">\n<span id=\"wpcf7-69fc9f775a501-wrapper\" class=\"wpcf7-form-control-wrap honeypot-32-wrap\" ><input type=\"hidden\" name=\"honeypot-32-time-start\" value=\"1778163575\"><input type=\"hidden\" name=\"honeypot-32-time-check\" value=\"8\"><input id=\"wpcf7-69fc9f775a501-field\"  class=\"wpcf7-form-control wpcf7-text\" type=\"text\" name=\"honeypot-32\" value=\"\" size=\"40\" tabindex=\"-1\" autocomplete=\"off\" \/><\/span>\n  <span class=\"wpcf7-form-control-wrap\" data-name=\"first-name\"><input size=\"40\" maxlength=\"400\" class=\"wpcf7-form-control wpcf7-text wpcf7-validates-as-required\" aria-required=\"true\" aria-invalid=\"false\" placeholder=\"Pr\u00e9nom*\" value=\"\" type=\"text\" name=\"first-name\" \/><\/span>\n  <span class=\"wpcf7-form-control-wrap\" data-name=\"last-name\"><input size=\"40\" maxlength=\"400\" class=\"wpcf7-form-control wpcf7-text wpcf7-validates-as-required\" aria-required=\"true\" aria-invalid=\"false\" placeholder=\"Nom de famille*\" value=\"\" type=\"text\" name=\"last-name\" \/><\/span>\n  <span class=\"wpcf7-form-control-wrap\" data-name=\"email\"><input size=\"40\" maxlength=\"400\" class=\"wpcf7-form-control wpcf7-email wpcf7-validates-as-required wpcf7-text wpcf7-validates-as-email\" aria-required=\"true\" aria-invalid=\"false\" placeholder=\"E-mail*\" value=\"\" type=\"email\" name=\"email\" \/><\/span>\n  <span class=\"wpcf7-form-control-wrap\" data-name=\"phone\"><input size=\"40\" maxlength=\"400\" class=\"wpcf7-form-control wpcf7-tel wpcf7-validates-as-required wpcf7-text wpcf7-validates-as-tel\" aria-required=\"true\" aria-invalid=\"false\" placeholder=\"T\u00e9l\u00e9phone*\" value=\"\" type=\"tel\" name=\"phone\" \/><\/span>\n  <span class=\"wpcf7-form-control-wrap\" data-name=\"language\"><input size=\"40\" maxlength=\"400\" class=\"wpcf7-form-control wpcf7-text wpcf7-validates-as-required\" aria-required=\"true\" aria-invalid=\"false\" placeholder=\"Pays*\" value=\"\" type=\"text\" name=\"language\" \/><\/span>\n<br>\n<div class=\"cf7-checkbox\">\n    <span class=\"wpcf7-form-control-wrap\" data-name=\"subscribe\"><span class=\"wpcf7-form-control wpcf7-checkbox wpcf7-validates-as-required\"><span class=\"wpcf7-list-item first last\"><label><input type=\"checkbox\" name=\"subscribe[]\" value=\"Subscribe to MEFERI\u2019s updates on new products, market trends, and offers. Unsubscribe at any time.\" \/><span class=\"wpcf7-list-item-label\">Abonnez-vous aux actualit\u00e9s de MEFERI concernant les nouveaux produits, les tendances du march\u00e9 et les offres. Vous pouvez vous d\u00e9sabonner \u00e0 tout moment.<\/span><\/label><\/span><\/span><\/span>\n<\/div>\n<div class=\"cf7-acceptance\">\n    Je suis d&#039;accord avec le &nbsp; <a href=\"\/fr\/privacy-policy\/\" target=\"_blank\"> politique de confidentialit\u00e9 <\/a> &nbsp; et je consens \u00e0 ce que MEFERI traite mes donn\u00e9es pour r\u00e9pondre \u00e0 ma demande.\n<\/div>\n<br>\n  <input class=\"wpcf7-form-control wpcf7-submit has-spinner\" type=\"submit\" value=\"Soumettre\" \/>\n<\/div><p style=\"display: none !important;\" class=\"akismet-fields-container\" data-prefix=\"_wpcf7_ak_\"><label>\u0394<textarea name=\"_wpcf7_ak_hp_textarea\" cols=\"45\" rows=\"8\" maxlength=\"100\"><\/textarea><\/label><input type=\"hidden\" id=\"ak_js_1\" name=\"_wpcf7_ak_js\" value=\"209\"\/><script>document.getElementById( \"ak_js_1\" ).setAttribute( \"value\", ( new Date() ).getTime() );<\/script><\/p><div class=\"wpcf7-response-output\" aria-hidden=\"true\"><\/div>\n<input type=\"hidden\" name=\"trp-form-language\" value=\"fr\"\/><\/form>\n<\/div>\n<\/div><\/div><div class=\"gradient-column-13 rounded-section vc_column_container col-md-8 section section-parallax vc_custom_1754581666900\"><div class=\"wpb_wrapper vc_column-inner\">\r\n\t<div class=\"wpb_text_column wpb_content_element vc_custom_1754581383292 wpb_custom_7c91d232724f73626cc933bd95b25ff0\" >\r\n\t\t<div class=\"wpb_wrapper\">\r\n\t\t\t<p class=\"ctt_title\" style=\"text-align: right;\"><strong><span style=\"font-size: 20px;\">Unit\u00e9 3-2, b\u00e2timent 4, n\u00b0 2555, section 2, avenue Huanglong, district de Shuangliu, Chengdu 610000, Sichuan, RP Chine<\/span><\/strong><\/p>\n\r\n\t\t<\/div>\r\n\t<\/div>\r\n\r\n\t<div class=\"wpb_single_image wpb_content_element vc_align_right wpb_content_element  vc_custom_1754581772032 wpb_custom_81a4f7ef9830bf958462581aa01150fb\"><div class=\"wpb_wrapper\">\r\n\t\t\t\r\n\t\t\t<div class=\"vc_single_image-wrapper   vc_box_border_grey\"><img loading=\"lazy\" decoding=\"async\" width=\"1576\" height=\"698\" src=\"https:\/\/meferi.com\/wp-content\/uploads\/2025\/08\/address1.png\" class=\"vc_single_image-img attachment-full\" alt=\"\" title=\"adresse1\" srcset=\"https:\/\/meferi.com\/wp-content\/uploads\/2025\/08\/address1.png 1576w, https:\/\/meferi.com\/wp-content\/uploads\/2025\/08\/address1-1000x443.png 1000w, https:\/\/meferi.com\/wp-content\/uploads\/2025\/08\/address1-1024x454.png 1024w, https:\/\/meferi.com\/wp-content\/uploads\/2025\/08\/address1-768x340.png 768w, https:\/\/meferi.com\/wp-content\/uploads\/2025\/08\/address1-1536x680.png 1536w, https:\/\/meferi.com\/wp-content\/uploads\/2025\/08\/address1-640x283.png 640w, https:\/\/meferi.com\/wp-content\/uploads\/2025\/08\/address1-400x177.png 400w\" sizes=\"auto, (max-width: 1576px) 100vw, 1576px\" \/><\/div>\r\n\t\t<\/div>\r\n\t<\/div>\r\n<\/div><\/div><\/div><div class=\"vc_row-full-width vc_clearfix\"><\/div>\n<\/div>","protected":false},"excerpt":{"rendered":"MEFERI Software Suite EMM, MDM Software Centralized control for corporate mobile devices. Precise remote device management. Learn More&nbsp;&raquo; OmniIndustry Suite Unleashing the power of mobile apps, revolutionizing from Retail to Public Services. Learn More&nbsp;&raquo; OmniSoftware Suite Unleashing the full power of the MEFERI devices with tailor-made industries applications. Learn More&nbsp;&raquo; Amazing Solutions for You!Android POS [...]","protected":false},"author":2,"featured_media":8387,"parent":0,"menu_order":0,"comment_status":"closed","ping_status":"closed","template":"","meta":{"_acf_changed":false,"footnotes":""},"industry":[],"class_list":["post-1854","page","type-page","status-publish","has-post-thumbnail","hentry"],"acf":[],"_links":{"self":[{"href":"https:\/\/meferi.com\/fr\/wp-json\/wp\/v2\/pages\/1854","targetHints":{"allow":["GET"]}}],"collection":[{"href":"https:\/\/meferi.com\/fr\/wp-json\/wp\/v2\/pages"}],"about":[{"href":"https:\/\/meferi.com\/fr\/wp-json\/wp\/v2\/types\/page"}],"author":[{"embeddable":true,"href":"https:\/\/meferi.com\/fr\/wp-json\/wp\/v2\/users\/2"}],"replies":[{"embeddable":true,"href":"https:\/\/meferi.com\/fr\/wp-json\/wp\/v2\/comments?post=1854"}],"version-history":[{"count":0,"href":"https:\/\/meferi.com\/fr\/wp-json\/wp\/v2\/pages\/1854\/revisions"}],"wp:featuredmedia":[{"embeddable":true,"href":"https:\/\/meferi.com\/fr\/wp-json\/wp\/v2\/media\/8387"}],"wp:attachment":[{"href":"https:\/\/meferi.com\/fr\/wp-json\/wp\/v2\/media?parent=1854"}],"wp:term":[{"taxonomy":"industry","embeddable":true,"href":"https:\/\/meferi.com\/fr\/wp-json\/wp\/v2\/industry?post=1854"}],"curies":[{"name":"wp","href":"https:\/\/api.w.org\/{rel}","templated":true}]}}