{"id":1666,"date":"2025-08-09T14:28:21","date_gmt":"2025-08-09T11:28:21","guid":{"rendered":"https:\/\/meferi.pontima.ru\/?page_id=1666"},"modified":"2025-09-02T11:46:23","modified_gmt":"2025-09-02T08:46:23","slug":"contact-sales","status":"publish","type":"page","link":"https:\/\/meferi.com\/fr\/contact-meferi\/contact-sales\/","title":{"rendered":"Contacter le service commercial"},"content":{"rendered":"<div class=\"wpb-content-wrapper\"><div class=\"vc_row wpb_row row top-row gradient-container-1 vc_custom_1754741485176 text-left wpb_custom_034b39d9bc6c6b310d69e39f0ccf274f\"><div class=\"gradient-column-1 vc_column_container col-md-12\"><div class=\"wpb_wrapper vc_column-inner\"><div id=\"ultimate-heading-138569f3aa5864cf5\" class=\"uvc-heading ult-adjust-bottom-margin ultimate-heading-138569f3aa5864cf5 uvc-1420\" data-hspacer=\"no_spacer\"  data-halign=\"left\" style=\"text-align:left\"><div class=\"uvc-heading-spacer no_spacer\" style=\"top\"><\/div><div class=\"uvc-main-heading ult-responsive\"  data-ultimate-target='.uvc-heading.ultimate-heading-138569f3aa5864cf5 h2'  data-responsive-json-new='{\"font-size\":\"\",\"line-height\":\"\"}' ><h2 style=\"font-weight:normal;\">Devenez partenaire de MEFERI\u00a0: stimulez la croissance et am\u00e9liorez la rentabilit\u00e9<\/h2><\/div><div class=\"uvc-sub-heading ult-responsive\"  data-ultimate-target='.uvc-heading.ultimate-heading-138569f3aa5864cf5 .uvc-sub-heading '  data-responsive-json-new='{\"font-size\":\"\",\"line-height\":\"\"}'  style=\"font-weight:normal;\">Pr\u00eat \u00e0 optimiser vos op\u00e9rations ou \u00e0 \u00e9tendre votre pr\u00e9sence sur le march\u00e9\u00a0? Contactez notre \u00e9quipe commerciale pour discuter de vos besoins ou explorer les opportunit\u00e9s de distribution.<\/div><\/div><\/div><\/div><\/div><div class=\"vc_row wpb_row row top-row gradient-container-2 vc_custom_1755694850656 wpb_custom_034b39d9bc6c6b310d69e39f0ccf274f\"><div class=\"gradient-column-2 vc_column_container col-md-12\"><div class=\"wpb_wrapper vc_column-inner\">\n<div class=\"wpcf7 no-js\" id=\"wpcf7-f1669-o1\" lang=\"en-US\" dir=\"ltr\" data-wpcf7-id=\"1669\">\n<div class=\"screen-reader-response\"><p role=\"status\" aria-live=\"polite\" aria-atomic=\"true\"><\/p> <ul><\/ul><\/div>\n<form action=\"\/fr\/wp-json\/wp\/v2\/pages\/1666#wpcf7-f1669-o1\" method=\"post\" class=\"wpcf7-form init wpcf7-acceptance-as-validation\" aria-label=\"Formulaire de contact\" novalidate=\"novalidate\" data-status=\"init\" data-trp-original-action=\"\/fr\/wp-json\/wp\/v2\/pages\/1666#wpcf7-f1669-o1\">\n<fieldset class=\"hidden-fields-container\"><input type=\"hidden\" name=\"_wpcf7\" value=\"1669\" \/><input type=\"hidden\" name=\"_wpcf7_version\" value=\"6.1.5\" \/><input type=\"hidden\" name=\"_wpcf7_locale\" value=\"en_US\" \/><input type=\"hidden\" name=\"_wpcf7_unit_tag\" value=\"wpcf7-f1669-o1\" \/><input type=\"hidden\" name=\"_wpcf7_container_post\" value=\"0\" \/><input type=\"hidden\" name=\"_wpcf7_posted_data_hash\" value=\"\" \/><input type=\"hidden\" name=\"_wpcf7_recaptcha_response\" value=\"\" \/>\n<\/fieldset>\n<div class=\"cf7-row\">\n<span id=\"wpcf7-69f3aa58681d3-wrapper\" class=\"wpcf7-form-control-wrap honeypot-287-wrap\" ><input type=\"hidden\" name=\"honeypot-287-time-start\" value=\"1777576536\"><input type=\"hidden\" name=\"honeypot-287-time-check\" value=\"8\"><input id=\"wpcf7-69f3aa58681d3-field\"  class=\"wpcf7-form-control wpcf7-text\" type=\"text\" name=\"honeypot-287\" value=\"\" size=\"40\" tabindex=\"-1\" autocomplete=\"off\" \/><\/span>\n    <div class=\"cf7-col\"><span class=\"wpcf7-form-control-wrap\" data-name=\"your-name\"><input size=\"40\" maxlength=\"400\" class=\"wpcf7-form-control wpcf7-text wpcf7-validates-as-required\" aria-required=\"true\" aria-invalid=\"false\" placeholder=\"Pr\u00e9nom*\" value=\"\" type=\"text\" name=\"your-name\" \/><\/span><\/div>\n    <div class=\"cf7-col\"><span class=\"wpcf7-form-control-wrap\" data-name=\"last-name\"><input size=\"40\" maxlength=\"400\" class=\"wpcf7-form-control wpcf7-text wpcf7-validates-as-required\" aria-required=\"true\" aria-invalid=\"false\" placeholder=\"Nom de famille*\" value=\"\" type=\"text\" name=\"last-name\" \/><\/span><\/div>\n<\/div>\n\n<div class=\"cf7-row\">\n    <div class=\"cf7-col\"><span class=\"wpcf7-form-control-wrap\" data-name=\"your-email\"><input size=\"40\" maxlength=\"400\" class=\"wpcf7-form-control wpcf7-email wpcf7-validates-as-required wpcf7-text wpcf7-validates-as-email\" aria-required=\"true\" aria-invalid=\"false\" placeholder=\"E-mail*\" value=\"\" type=\"email\" name=\"your-email\" \/><\/span><\/div>\n    <div class=\"cf7-col\"><span class=\"wpcf7-form-control-wrap\" data-name=\"phone\"><input size=\"40\" maxlength=\"400\" class=\"wpcf7-form-control wpcf7-tel wpcf7-text wpcf7-validates-as-tel\" aria-invalid=\"false\" placeholder=\"T\u00e9l\u00e9phone\" value=\"\" type=\"tel\" name=\"phone\" \/><\/span><\/div>\n<\/div>\n\n<div class=\"cf7-row\">\n    <div class=\"cf7-col\"><span class=\"wpcf7-form-control-wrap\" data-name=\"preferred-language\"><select class=\"wpcf7-form-control wpcf7-select wpcf7-validates-as-required\" aria-required=\"true\" aria-invalid=\"false\" name=\"preferred-language\"><option value=\"\">Langue pr\u00e9f\u00e9r\u00e9e*<\/option><option value=\"English\">Anglais<\/option><option value=\"Spanish\">Espagnol<\/option><option value=\"Portuguese\">portugais<\/option><option value=\"German\">Allemand<\/option><option value=\"French\">Fran\u00e7ais<\/option><option value=\"Italian\">italien<\/option><option value=\"Turkish\">turc<\/option><option value=\"Polish\">polonais<\/option><option value=\"Russian\">russe<\/option><option value=\"Arabic\">arabe<\/option><option value=\"Chinese\">Chinois<\/option><option value=\"Japanese\">japonais<\/option><option value=\"Korean\">cor\u00e9en<\/option><option value=\"Vietnamese\">vietnamien<\/option><option value=\"Hindi\">hindi<\/option><option value=\"Other\">Autre<\/option><\/select><\/span><\/div>\n\n    <div class=\"cf7-col\"><span class=\"wpcf7-form-control-wrap\" data-name=\"company-name\"><input size=\"40\" maxlength=\"400\" class=\"wpcf7-form-control wpcf7-text wpcf7-validates-as-required\" aria-required=\"true\" aria-invalid=\"false\" placeholder=\"Nom de l&#039;entreprise*\" value=\"\" type=\"text\" name=\"company-name\" \/><\/span><\/div>\n<\/div>\n\n<div class=\"cf7-row\">\n    <div class=\"cf7-col\"><span class=\"wpcf7-form-control-wrap\" data-name=\"company-email\"><input size=\"40\" maxlength=\"400\" class=\"wpcf7-form-control wpcf7-email wpcf7-text wpcf7-validates-as-email\" aria-invalid=\"false\" placeholder=\"Courriel de l&#039;entreprise\" value=\"\" type=\"email\" name=\"company-email\" \/><\/span><\/div>\n    <div class=\"cf7-col\"><span class=\"wpcf7-form-control-wrap\" data-name=\"company-website\"><input size=\"40\" maxlength=\"400\" class=\"wpcf7-form-control wpcf7-url wpcf7-text wpcf7-validates-as-url\" aria-invalid=\"false\" placeholder=\"Site Web de l&#039;entreprise\" value=\"\" type=\"url\" name=\"company-website\" \/><\/span><\/div>\n<\/div>\n\n<div class=\"cf7-row\">\n    <div class=\"cf7-col\"><span class=\"wpcf7-form-control-wrap\" data-name=\"project-industry\"><select class=\"wpcf7-form-control wpcf7-select wpcf7-validates-as-required\" aria-required=\"true\" aria-invalid=\"false\" name=\"project-industry\"><option value=\"\">Votre secteur d&#039;activit\u00e9*<\/option><option value=\"Retail and Commerce\">Le commerce de d\u00e9tail et le commerce<\/option><option value=\"Logistics and Supply Chain\">Logistique et cha\u00eene d&#039;approvisionnement<\/option><option value=\"Manufacturing and Industrial\">Fabrication et industrie<\/option><option value=\"Field Services and Operations\">Services et op\u00e9rations sur le terrain<\/option><option value=\"Government and Public Sector\">Gouvernement et secteur public<\/option><option value=\"Healthcare\">soins de sant\u00e9<\/option><option value=\"Hospitality\">Hospitalit\u00e9<\/option><option value=\"Other\">Autre<\/option><\/select><\/span><\/div>\n\n    <div class=\"cf7-col\"><span class=\"wpcf7-form-control-wrap\" data-name=\"company-type\"><select class=\"wpcf7-form-control wpcf7-select wpcf7-validates-as-required\" aria-required=\"true\" aria-invalid=\"false\" name=\"company-type\"><option value=\"\">Votre type d&#039;entreprise*<\/option><option value=\"Distributor\">Distributeur<\/option><option value=\"Reseller\">Revendeur<\/option><option value=\"Independent Software Vendor (ISV)\">Fournisseur de logiciels ind\u00e9pendant (ISV)<\/option><option value=\"Systems Integrator (SI)\">Int\u00e9grateur de syst\u00e8mes (SI)<\/option><option value=\"Service and Repair Provider\">Prestataire de services et de r\u00e9paration<\/option><option value=\"Other\">Autre<\/option><\/select><\/span>\n<\/div>\n<\/div>\n\n<div class=\"cf7-row\">\n    <div class=\"cf7-col\"><span class=\"wpcf7-form-control-wrap\" data-name=\"your-role\"><select class=\"wpcf7-form-control wpcf7-select wpcf7-validates-as-required\" aria-required=\"true\" aria-invalid=\"false\" name=\"your-role\"><option value=\"\">Votre r\u00f4le dans cette enqu\u00eate*<\/option><option value=\"Decision-Maker\">D\u00e9cideur<\/option><option value=\"Representative\">Repr\u00e9sentant<\/option><option value=\"Other\">Autre<\/option><\/select><\/span>\n<\/div>\n\n    <div class=\"cf7-col\"><span class=\"wpcf7-form-control-wrap\" data-name=\"product-selection\"><select class=\"wpcf7-form-control wpcf7-select wpcf7-validates-as-required\" aria-required=\"true\" aria-invalid=\"false\" name=\"product-selection\"><option value=\"\">S\u00e9lection de produits*<\/option><option value=\"AIDC Solutions\">Solutions AIDC<\/option><option value=\"Mobile Computers\">Ordinateurs portables<\/option><option value=\"Barcode Scanners\">Scanners de codes-barres<\/option><option value=\"Printers\">Imprimantes<\/option><option value=\"Tablets and PC\">Tablettes et PC<\/option><option value=\"POS\">POS<\/option><option value=\"Software\">Logiciel<\/option><option value=\"MeCare Service Plans\">Plans de service MeCare<\/option><option value=\"Accessories\">Accessoires<\/option><option value=\"Multiple Products\">Produits multiples<\/option><option value=\"Others\">Autres<\/option><\/select><\/span><\/div>\n<\/div>\n\n<div class=\"cf7-row\">\n    <div class=\"cf7-col-full\"><span class=\"wpcf7-form-control-wrap\" data-name=\"message\"><textarea cols=\"40\" rows=\"10\" maxlength=\"2000\" class=\"wpcf7-form-control wpcf7-textarea wpcf7-validates-as-required\" aria-required=\"true\" aria-invalid=\"false\" placeholder=\"D\u00e9taillez vos besoins commerciaux ou posez votre question ici.*\" name=\"message\"><\/textarea><\/span><\/div>\n<\/div>\n<br>\n\n<div class=\"cf7-checkbox\">\n    <span class=\"wpcf7-form-control-wrap\" data-name=\"subscribe\"><span class=\"wpcf7-form-control wpcf7-checkbox wpcf7-validates-as-required\"><span class=\"wpcf7-list-item first last\"><label><input type=\"checkbox\" name=\"subscribe[]\" value=\"I agree to the Site terms and subscribe to MEFERI\u2019s updates on new products, market trends, and offers (Unsubscribe at any time)\" \/><span class=\"wpcf7-list-item-label\">J&#039;accepte les conditions d&#039;utilisation du site et je m&#039;abonne aux mises \u00e0 jour de MEFERI concernant les nouveaux produits, les tendances du march\u00e9 et les offres (d\u00e9sabonnement possible \u00e0 tout moment).<\/span><\/label><\/span><\/span><\/span>\n<\/div>\n\n<div class=\"cf7-acceptance\">\n    J&#039;accepte \u00e9galement les conditions suivantes &nbsp; <a href=\"\/fr\/privacy-policy\/\" target=\"_blank\"> politique de confidentialit\u00e9 <\/a> &nbsp; et consentir \u00e0 ce que MEFERI traite mes donn\u00e9es personnelles pour r\u00e9pondre \u00e0 ma demande.\n<\/div>\n\n<br>\n<div class=\"cf7-row\">\n    <div class=\"cf7-submit\">\n    <input class=\"wpcf7-form-control wpcf7-submit has-spinner\" type=\"submit\" value=\"\u2714 Soumettre\" \/>\n<\/div>\n<\/div><p style=\"display: none !important;\" class=\"akismet-fields-container\" data-prefix=\"_wpcf7_ak_\"><label>\u0394<textarea name=\"_wpcf7_ak_hp_textarea\" cols=\"45\" rows=\"8\" maxlength=\"100\"><\/textarea><\/label><input type=\"hidden\" id=\"ak_js_1\" name=\"_wpcf7_ak_js\" value=\"145\"\/><script>document.getElementById( \"ak_js_1\" ).setAttribute( \"value\", ( new Date() ).getTime() );<\/script><\/p><div class=\"wpcf7-response-output\" aria-hidden=\"true\"><\/div>\n<input type=\"hidden\" name=\"trp-form-language\" value=\"fr\"\/><\/form>\n<\/div>\n<\/div><\/div><\/div>\n<\/div>","protected":false},"excerpt":{"rendered":"Partner with MEFERI: Drive Growth and Enhance ProfitabilityReady to Enhance Your Operations or Expand Your Market Reach? Connect With Our Sales Team to Discuss Your Needs or to Explore Distributor Opportunities. Preferred language*EnglishSpanishPortugueseGermanFrenchItalianTurkishPolishRussianArabicChineseJapaneseKoreanVietnameseHindiOther Your Industry*Retail and CommerceLogistics and Supply ChainManufacturing and IndustrialField Services and OperationsGovernment and Public SectorHealthcareHospitalityOther Your Company Type*DistributorResellerIndependent Software Vendor (ISV)Systems Integrator [...]","protected":false},"author":2,"featured_media":8511,"parent":506,"menu_order":0,"comment_status":"closed","ping_status":"closed","template":"","meta":{"_acf_changed":false,"footnotes":""},"industry":[],"class_list":["post-1666","page","type-page","status-publish","has-post-thumbnail","hentry"],"acf":[],"_links":{"self":[{"href":"https:\/\/meferi.com\/fr\/wp-json\/wp\/v2\/pages\/1666","targetHints":{"allow":["GET"]}}],"collection":[{"href":"https:\/\/meferi.com\/fr\/wp-json\/wp\/v2\/pages"}],"about":[{"href":"https:\/\/meferi.com\/fr\/wp-json\/wp\/v2\/types\/page"}],"author":[{"embeddable":true,"href":"https:\/\/meferi.com\/fr\/wp-json\/wp\/v2\/users\/2"}],"replies":[{"embeddable":true,"href":"https:\/\/meferi.com\/fr\/wp-json\/wp\/v2\/comments?post=1666"}],"version-history":[{"count":0,"href":"https:\/\/meferi.com\/fr\/wp-json\/wp\/v2\/pages\/1666\/revisions"}],"up":[{"embeddable":true,"href":"https:\/\/meferi.com\/fr\/wp-json\/wp\/v2\/pages\/506"}],"wp:featuredmedia":[{"embeddable":true,"href":"https:\/\/meferi.com\/fr\/wp-json\/wp\/v2\/media\/8511"}],"wp:attachment":[{"href":"https:\/\/meferi.com\/fr\/wp-json\/wp\/v2\/media?parent=1666"}],"wp:term":[{"taxonomy":"industry","embeddable":true,"href":"https:\/\/meferi.com\/fr\/wp-json\/wp\/v2\/industry?post=1666"}],"curies":[{"name":"wp","href":"https:\/\/api.w.org\/{rel}","templated":true}]}}