{"id":13916,"date":"2025-12-05T09:29:22","date_gmt":"2025-12-05T08:29:22","guid":{"rendered":"https:\/\/meferi.com\/?page_id=13916"},"modified":"2025-12-15T12:23:00","modified_gmt":"2025-12-15T11:23:00","slug":"me63-security-update-history","status":"publish","type":"page","link":"https:\/\/meferi.com\/fr\/support-services\/me63-security-update-history\/","title":{"rendered":"Historique des mises \u00e0 jour de s\u00e9curit\u00e9 ME63"},"content":{"rendered":"<div class=\"wpb-content-wrapper\"><div class=\"vc_row wpb_row row top-row gradient-container-1 rounded-section vc_custom_1764923493299 vc_row-has-fill vc_row-o-content-middle vc_row-flex wpb_custom_034b39d9bc6c6b310d69e39f0ccf274f\"><div class=\"gradient-column-1 vc_column_container col-md-6\"><div class=\"wpb_wrapper vc_column-inner\"><div class=\"porto-sicon-box  vc_custom_1765783564727  wpb_custom_ee261166361e6b47889ba33d92a6fc9b style_1 default-icon flex-wrap\"><div class=\"porto-sicon-header\"><h2 class=\"porto-sicon-title\" style=\"\">Historique des mises \u00e0 jour de s\u00e9curit\u00e9 ME63<\/h2><p>Informations sur les mises \u00e0 jour de s\u00e9curit\u00e9 recommand\u00e9es par Android Enterprise (AER) et les appareils<\/p><\/div> <!-- header --><div class=\"porto-sicon-description\" style=\"\"><strong>Mod\u00e8le de l&#039;appareil\u00a0:<\/strong> ME63<br \/>\n<strong>Date de fin de la mise \u00e0 jour de s\u00e9curit\u00e9 (SMR)\u00a0:<\/strong> D\u00e9cembre 2028<br \/>\n<strong>Maintenance de s\u00e9curit\u00e9 \u00e9tendue (ESMR)\u00a0:<\/strong> D\u00e9cembre 2028<br \/>\n<strong>Date de validation AER\u00a0:<\/strong> Janvier 2027<br \/>\n<strong>Version du syst\u00e8me d&#039;exploitation valid\u00e9e\u00a0:<\/strong> Android 15<br \/>\n<strong>Fr\u00e9quence de mise \u00e0 jour\u00a0:<\/strong> Tous les 90 jours<br \/>\n<strong>Inscription sans intervention :<\/strong> Soutenu<\/div> <!-- description --><\/div><!-- porto-sicon-box --><\/div><\/div><div class=\"gradient-column-2 vc_column_container col-md-6 section section-parallax vc_custom_1765796070120\"><div class=\"wpb_wrapper vc_column-inner\">\r\n\t<div class=\"wpb_single_image wpb_content_element vc_align_right wpb_content_element  vc_custom_1764923540853 wpb_custom_81a4f7ef9830bf958462581aa01150fb\"><div class=\"wpb_wrapper\">\r\n\t\t\t\r\n\t\t\t<div class=\"vc_single_image-wrapper   vc_box_border_grey\"><img loading=\"lazy\" decoding=\"async\" width=\"864\" height=\"864\" src=\"https:\/\/meferi.com\/wp-content\/uploads\/2025\/12\/23523537645745.png\" class=\"vc_single_image-img attachment-full\" alt=\"\" title=\"23523537645745\" srcset=\"https:\/\/meferi.com\/wp-content\/uploads\/2025\/12\/23523537645745.png 864w, https:\/\/meferi.com\/wp-content\/uploads\/2025\/12\/23523537645745-600x600.png 600w, https:\/\/meferi.com\/wp-content\/uploads\/2025\/12\/23523537645745-800x800.png 800w, https:\/\/meferi.com\/wp-content\/uploads\/2025\/12\/23523537645745-768x768.png 768w, https:\/\/meferi.com\/wp-content\/uploads\/2025\/12\/23523537645745-640x640.png 640w, https:\/\/meferi.com\/wp-content\/uploads\/2025\/12\/23523537645745-400x400.png 400w\" sizes=\"auto, (max-width: 864px) 100vw, 864px\" \/><\/div>\r\n\t\t<\/div>\r\n\t<\/div>\r\n<\/div><\/div><\/div><div class=\"vc_row wpb_row row top-row gradient-container-3 wpb_custom_034b39d9bc6c6b310d69e39f0ccf274f\"><div class=\"gradient-column-3 vc_column_container col-md-12\"><div class=\"wpb_wrapper vc_column-inner\"><div class=\"porto-sicon-box  vc_custom_1765796495825  wpb_custom_ee261166361e6b47889ba33d92a6fc9b style_1 default-icon\"><div class=\"porto-sicon-header\"><h2 class=\"porto-sicon-title\" style=\"\">R\u00e9f\u00e9rences suppl\u00e9mentaires<\/h2><\/div> <!-- header --><\/div><!-- porto-sicon-box --><\/div><\/div><\/div><div class=\"vc_row wpb_row row top-row gradient-container-4 rounded-section vc_custom_1764926234127 vc_row-has-fill vc_row-o-content-middle vc_row-flex wpb_custom_034b39d9bc6c6b310d69e39f0ccf274f\"><div class=\"gradient-column-4 vc_column_container col-md-12\"><div class=\"wpb_wrapper vc_column-inner\"><a aria-label=\"Bulletins de s\u00e9curit\u00e9 Android\" class=\"porto-sicon-box-link\" href=\"https:\/\/source.android.com\/docs\/security\/bulletin\" target='_blank'><div class=\"porto-sicon-box  vc_custom_1765797771246  wpb_custom_63ef7f2ac78e5fea246ed128c005b925 style_1 left-icon\"><div class=\"porto-sicon-left\"><div class=\"porto-just-icon-wrapper porto-sicon-img  porto-icon-9f5d1cfb45d27d96b50bf473aebba227\" style=\"font-size: 64px;\"><img loading=\"lazy\" decoding=\"async\" class=\"img-icon\" alt=\"\" src=\"https:\/\/meferi.com\/wp-content\/uploads\/2025\/12\/32463435463546.png\" width=\"64\" height=\"64\" \/><\/div><\/div><div class=\"porto-sicon-body\"><div class=\"porto-sicon-header\"><h2 class=\"porto-sicon-title\" style=\"\">Bulletins de s\u00e9curit\u00e9 Android<\/h2><\/div> <!-- header --><div class=\"porto-sicon-description\" style=\"\">En savoir plus &gt;<\/div> <!-- description --><\/div><\/div><!-- porto-sicon-box --><\/a><\/div><\/div><\/div><div class=\"vc_row wpb_row row top-row gradient-container-5 rounded-section vc_custom_1764926234127 vc_row-has-fill vc_row-o-content-middle vc_row-flex wpb_custom_034b39d9bc6c6b310d69e39f0ccf274f\"><div class=\"gradient-column-5 vc_column_container col-md-12\"><div class=\"wpb_wrapper vc_column-inner\"><a aria-label=\"Page officielle des appareils AER MEFERI et ME63\" class=\"porto-sicon-box-link\" href=\"https:\/\/androidenterprisepartners.withgoogle.com\/device\/#!\/hnctYLbyF3kxIr8Opol9\" target='_blank'><div class=\"porto-sicon-box  vc_custom_1765785956556  wpb_custom_63ef7f2ac78e5fea246ed128c005b925 style_1 left-icon\"><div class=\"porto-sicon-left\"><div class=\"porto-just-icon-wrapper porto-sicon-img  porto-icon-9f5d1cfb45d27d96b50bf473aebba227\" style=\"font-size: 64px;\"><img loading=\"lazy\" decoding=\"async\" class=\"img-icon\" alt=\"\" src=\"https:\/\/meferi.com\/wp-content\/uploads\/2025\/12\/32463435463546.png\" width=\"64\" height=\"64\" \/><\/div><\/div><div class=\"porto-sicon-body\"><div class=\"porto-sicon-header\"><h2 class=\"porto-sicon-title\" style=\"\">Page officielle des appareils AER MEFERI et ME63<\/h2><\/div> <!-- header --><div class=\"porto-sicon-description\" style=\"\">En savoir plus &gt;<\/div> <!-- description --><\/div><\/div><!-- porto-sicon-box --><\/a><\/div><\/div><\/div><div class=\"vc_row wpb_row row top-row gradient-container-6 rounded-section vc_custom_1764926267841 vc_row-has-fill vc_row-o-content-middle vc_row-flex wpb_custom_034b39d9bc6c6b310d69e39f0ccf274f\"><div class=\"gradient-column-6 vc_column_container col-md-12\"><div class=\"wpb_wrapper vc_column-inner\"><a aria-label=\"D\u00e9claration relative au cycle de vie du syst\u00e8me d&#039;exploitation et \u00e0 la fin de vie (MEFERI)\" class=\"porto-sicon-box-link\" href=\"https:\/\/meferi.com\/fr\/support-services\/legal-center\/end-of-life-eol-notification-spare-parts-availability-and-security-support-statement\/\"><div class=\"porto-sicon-box  vc_custom_1765785857915  wpb_custom_63ef7f2ac78e5fea246ed128c005b925 style_1 left-icon\"><div class=\"porto-sicon-left\"><div class=\"porto-just-icon-wrapper porto-sicon-img  porto-icon-9f5d1cfb45d27d96b50bf473aebba227\" style=\"font-size: 64px;\"><img loading=\"lazy\" decoding=\"async\" class=\"img-icon\" alt=\"\" src=\"https:\/\/meferi.com\/wp-content\/uploads\/2025\/12\/856983246246324.png\" width=\"64\" height=\"64\" \/><\/div><\/div><div class=\"porto-sicon-body\"><div class=\"porto-sicon-header\"><h2 class=\"porto-sicon-title\" style=\"\">D\u00e9claration relative au cycle de vie du syst\u00e8me d&#039;exploitation et \u00e0 la fin de vie (MEFERI)<\/h2><\/div> <!-- header --><div class=\"porto-sicon-description\" style=\"\">En savoir plus &gt;<\/div> <!-- description --><\/div><\/div><!-- porto-sicon-box --><\/a><\/div><\/div><\/div><div class=\"vc_row wpb_row row top-row gradient-container-7 rounded-section vc_custom_1764926267841 vc_row-has-fill vc_row-o-content-middle vc_row-flex wpb_custom_034b39d9bc6c6b310d69e39f0ccf274f\"><div class=\"gradient-column-7 vc_column_container col-md-12\"><div class=\"wpb_wrapper vc_column-inner\"><a aria-label=\"Page produit ME63\" class=\"porto-sicon-box-link\" href=\"https:\/\/meferi.com\/fr\/products\/mobile-computers\/handheld-pc\/me63\/\"><div class=\"porto-sicon-box  vc_custom_1765797746686  wpb_custom_63ef7f2ac78e5fea246ed128c005b925 style_1 left-icon\"><div class=\"porto-sicon-left\"><div class=\"porto-just-icon-wrapper porto-sicon-img  porto-icon-9f5d1cfb45d27d96b50bf473aebba227\" style=\"font-size: 64px;\"><img loading=\"lazy\" decoding=\"async\" class=\"img-icon\" alt=\"\" src=\"https:\/\/meferi.com\/wp-content\/uploads\/2025\/12\/856983246246324.png\" width=\"64\" height=\"64\" \/><\/div><\/div><div class=\"porto-sicon-body\"><div class=\"porto-sicon-header\"><h2 class=\"porto-sicon-title\" style=\"\">Page produit ME63<\/h2><\/div> <!-- header --><div class=\"porto-sicon-description\" style=\"\">En savoir plus &gt;<\/div> <!-- description --><\/div><\/div><!-- porto-sicon-box --><\/a><\/div><\/div><\/div>\n<\/div>","protected":false},"excerpt":{"rendered":"ME63 Security Update HistoryAndroid Enterprise Recommended (AER) and device security update information Device Model: ME63 Security Update End-Date (SMR): December 2028 Extended Security Maintenance (ESMR): December 2028 AER Validation Date: January 2027 Validated OS Version: Android 15 Update Frequency: Every 90 days Zero-touch Enrollment: Supported Additional References Android Security Bulletins Learn More &gt; MEFERI ME63 [...]","protected":false},"author":5,"featured_media":13685,"parent":1000,"menu_order":0,"comment_status":"closed","ping_status":"closed","template":"","meta":{"_acf_changed":false,"footnotes":""},"industry":[],"class_list":["post-13916","page","type-page","status-publish","has-post-thumbnail","hentry"],"acf":[],"_links":{"self":[{"href":"https:\/\/meferi.com\/fr\/wp-json\/wp\/v2\/pages\/13916","targetHints":{"allow":["GET"]}}],"collection":[{"href":"https:\/\/meferi.com\/fr\/wp-json\/wp\/v2\/pages"}],"about":[{"href":"https:\/\/meferi.com\/fr\/wp-json\/wp\/v2\/types\/page"}],"author":[{"embeddable":true,"href":"https:\/\/meferi.com\/fr\/wp-json\/wp\/v2\/users\/5"}],"replies":[{"embeddable":true,"href":"https:\/\/meferi.com\/fr\/wp-json\/wp\/v2\/comments?post=13916"}],"version-history":[{"count":0,"href":"https:\/\/meferi.com\/fr\/wp-json\/wp\/v2\/pages\/13916\/revisions"}],"up":[{"embeddable":true,"href":"https:\/\/meferi.com\/fr\/wp-json\/wp\/v2\/pages\/1000"}],"wp:featuredmedia":[{"embeddable":true,"href":"https:\/\/meferi.com\/fr\/wp-json\/wp\/v2\/media\/13685"}],"wp:attachment":[{"href":"https:\/\/meferi.com\/fr\/wp-json\/wp\/v2\/media?parent=13916"}],"wp:term":[{"taxonomy":"industry","embeddable":true,"href":"https:\/\/meferi.com\/fr\/wp-json\/wp\/v2\/industry?post=13916"}],"curies":[{"name":"wp","href":"https:\/\/api.w.org\/{rel}","templated":true}]}}