{"id":12400,"date":"2025-10-15T10:28:52","date_gmt":"2025-10-15T08:28:52","guid":{"rendered":"https:\/\/meferi.com\/?page_id=12400"},"modified":"2025-12-12T07:27:59","modified_gmt":"2025-12-12T06:27:59","slug":"end-of-life-eol-notification-spare-parts-availability-and-security-support-statement","status":"publish","type":"page","link":"https:\/\/meferi.com\/fr\/support-services\/legal-center\/end-of-life-eol-notification-spare-parts-availability-and-security-support-statement\/","title":{"rendered":"Notification de fin de vie (EOL), disponibilit\u00e9 des pi\u00e8ces de rechange et d\u00e9claration de support de s\u00e9curit\u00e9"},"content":{"rendered":"<div class=\"wpb-content-wrapper\"><div class=\"vc_row wpb_row row top-row gradient-container-1 wpb_custom_034b39d9bc6c6b310d69e39f0ccf274f\"><div class=\"gradient-column-1 vc_column_container col-md-12\"><div class=\"wpb_wrapper vc_column-inner\">\r\n\t<div class=\"wpb_text_column wpb_content_element vc_custom_1765519682332 wpb_custom_7c91d232724f73626cc933bd95b25ff0\" >\r\n\t\t<div class=\"wpb_wrapper\">\r\n\t\t\t<h1>Notification de fin de vie (EOL), disponibilit\u00e9 des pi\u00e8ces de rechange et d\u00e9claration de support de s\u00e9curit\u00e9<\/h1>\n<hr \/>\n<p><strong>Version\u00a0: 2025.08.07<\/strong><\/p>\n<p>MEFERI Technologies Co., Ltd.<\/p>\n<hr \/>\n<h2>Table des mati\u00e8res<\/h2>\n<ol>\n<li>Introduction<\/li>\n<li>Politique de fin de vie (EOL) et informations sur les pi\u00e8ces de rechange<\/li>\n<li>Feuille de route du support du syst\u00e8me d&#039;exploitation du produit<\/li>\n<li>Feuille de route du support de s\u00e9curit\u00e9 du syst\u00e8me d&#039;exploitation du produit<\/li>\n<li>Notes juridiques et conformit\u00e9 aux normes internationales<\/li>\n<li>Coordonn\u00e9es<\/li>\n<\/ol>\n<hr \/>\n<h2>1. Introduction<\/h2>\n<p>MEFERI Technologies Co., Ltd. vous informe par la pr\u00e9sente de la fin de vie (EOL) de certains mod\u00e8les, de la disponibilit\u00e9 de leurs pi\u00e8ces d\u00e9tach\u00e9es et de la prise en charge des mises \u00e0 niveau du syst\u00e8me d&#039;exploitation. Chez MEFERI, nous nous engageons \u00e0 garantir la long\u00e9vit\u00e9, la fiabilit\u00e9 et le support continu de nos produits gr\u00e2ce \u00e0 une gestion efficace du cycle de vie. Cela comprend des \u00e9ch\u00e9anciers clairs pour la fin de vie, l&#039;acc\u00e8s aux pi\u00e8ces d\u00e9tach\u00e9es et les mises \u00e0 jour du syst\u00e8me d&#039;exploitation, permettant ainsi \u00e0 nos partenaires et clients de planifier les transitions, de minimiser les interruptions et de maintenir des performances optimales. Ce document d\u00e9crit les \u00e9tapes cl\u00e9s du cycle de vie du produit, notamment les p\u00e9riodes de garantie, l&#039;\u00e9tat de production, les dates de fin de vie, la disponibilit\u00e9 des pi\u00e8ces d\u00e9tach\u00e9es, les d\u00e9tails de la prise en charge du syst\u00e8me d&#039;exploitation et les \u00e9ch\u00e9ances des correctifs de s\u00e9curit\u00e9. Ces \u00e9l\u00e9ments sont essentiels au maintien de l&#039;efficacit\u00e9 et de la long\u00e9vit\u00e9 de vos appareils MEFERI.<\/p>\n<hr \/>\n<h2>2. Politique de fin de vie (EOL) et informations sur les pi\u00e8ces de rechange<\/h2>\n<p>Cycle de vie d\u00e9taill\u00e9 et disponibilit\u00e9 des pi\u00e8ces de rechange pour les produits en fin de vie :<\/p>\n<div class=\"table-container\">\n<table border=\"1\">\n<thead>\n<tr>\n<th style=\"text-align: left;\"><strong>Produit<br \/>\nNom du mod\u00e8le<\/strong><\/th>\n<th style=\"text-align: left;\"><strong>OS<br \/>\nVersion<\/strong><\/th>\n<th style=\"text-align: left;\"><strong>Garantie<br \/>\nP\u00e9riode<\/strong><\/th>\n<th style=\"text-align: left;\"><strong>Produit<br \/>\nStatut<\/strong><\/th>\n<th style=\"text-align: left;\"><strong>Utile<br \/>\nLa vie apr\u00e8s<br \/>\nProduction<\/strong><\/th>\n<th style=\"text-align: left;\"><strong>Fin de vie<br \/>\nDate de vente<\/strong><\/th>\n<th style=\"text-align: left;\"><strong>Des pi\u00e8ces de rechange<br \/>\nDate de fin<\/strong><\/th>\n<th style=\"text-align: left;\"><strong>Fin du support<br \/>\nDate<\/strong><\/th>\n<\/tr>\n<\/thead>\n<tbody>\n<tr>\n<td>ME40K<\/td>\n<td>Android 12<\/td>\n<td>12 mois<\/td>\n<td>Actif<\/td>\n<td>8 ans<\/td>\n<td>2030-12-31<\/td>\n<td>2033-12-31<\/td>\n<td>2035-12-31<\/td>\n<\/tr>\n<tr>\n<td>ME10<\/td>\n<td>Android 13<\/td>\n<td>12 mois<\/td>\n<td>Actif<\/td>\n<td>8 ans<\/td>\n<td>2032-12-31<\/td>\n<td>2035-12-31<\/td>\n<td>2037-12-31<\/td>\n<\/tr>\n<tr>\n<td>MS300R<\/td>\n<td>Linux<\/td>\n<td>12 mois<\/td>\n<td>Actif<\/td>\n<td>8 ans<\/td>\n<td>2030-12-31<\/td>\n<td>2033-12-31<\/td>\n<td>2035-12-31<\/td>\n<\/tr>\n<tr>\n<td>MP4000D<\/td>\n<td>N \/ A<\/td>\n<td>12 mois<\/td>\n<td>Actif<\/td>\n<td>8 ans<\/td>\n<td>2030-12-31<\/td>\n<td>2033-12-31<\/td>\n<td>2035-12-31<\/td>\n<\/tr>\n<tr>\n<td>ME61<\/td>\n<td>Android 13<\/td>\n<td>12 mois<\/td>\n<td>Actif<\/td>\n<td>8 ans<\/td>\n<td>2030-12-31<\/td>\n<td>2033-12-31<\/td>\n<td>2035-12-31<\/td>\n<\/tr>\n<tr>\n<td>ME63<\/td>\n<td>Android 15<\/td>\n<td>12 mois<\/td>\n<td>Actif<\/td>\n<td>8 ans<\/td>\n<td>2032-12-31<\/td>\n<td>2035-12-31<\/td>\n<td>2037-12-31<\/td>\n<\/tr>\n<tr>\n<td>ME65<\/td>\n<td>Android 13<\/td>\n<td>12 mois<\/td>\n<td>Actif<\/td>\n<td>8 ans<\/td>\n<td>2032-12-31<\/td>\n<td>2035-12-31<\/td>\n<td>2037-12-31<\/td>\n<\/tr>\n<tr>\n<td>ME74<\/td>\n<td>Android 13<\/td>\n<td>12 mois<\/td>\n<td>Actif<\/td>\n<td>8 ans<\/td>\n<td>2032-12-31<\/td>\n<td>2035-12-31<\/td>\n<td>2037-12-31<\/td>\n<\/tr>\n<tr>\n<td>CIAO<\/td>\n<td>Android 13<\/td>\n<td>12 mois<\/td>\n<td>Actif<\/td>\n<td>8 ans<\/td>\n<td>2032-12-31<\/td>\n<td>2035-12-31<\/td>\n<td>2037-12-31<\/td>\n<\/tr>\n<tr>\n<td>MC45<\/td>\n<td>Android 14<\/td>\n<td>12 mois<\/td>\n<td>Actif<\/td>\n<td>8 ans<\/td>\n<td>2032-12-31<\/td>\n<td>2035-12-31<\/td>\n<td>2037-12-31<\/td>\n<\/tr>\n<\/tbody>\n<\/table>\n<\/div>\n<h3><\/h3>\n<h3>2.1. D\u00e9finitions du cycle de vie du produit<\/h3>\n<p>MEFERI Technologies Co., Ltd. confirme les informations de cycle de vie suivantes concernant les mod\u00e8les r\u00e9pertori\u00e9s ci-dessus.<\/p>\n<ul>\n<li><strong>Nom du mod\u00e8le de produit<\/strong>: Nom du mod\u00e8le d&#039;appareil fabriqu\u00e9 par MEFERI, pour lequel les conditions de cycle de vie et de disponibilit\u00e9 des pi\u00e8ces de rechange sont sp\u00e9cifi\u00e9es.<\/li>\n<li><strong>Version du syst\u00e8me d&#039;exploitation<\/strong>: La version du syst\u00e8me d&#039;exploitation utilis\u00e9 par l&#039;appareil. Il peut s&#039;agir d&#039;Android, de Linux ou d&#039;un autre syst\u00e8me d&#039;exploitation compatible avec le mod\u00e8le donn\u00e9.<\/li>\n<li><strong>P\u00e9riode de garantie<\/strong>:La dur\u00e9e pendant laquelle MEFERI garantit la r\u00e9paration ou le remplacement des produits d\u00e9fectueux, sous r\u00e9serve de <strong>Conditions g\u00e9n\u00e9rales de garantie<\/strong>.<\/li>\n<li><strong>\u00c9tat de la production<\/strong>: Indique si un produit est toujours en production, a atteint la fin de la vente ou n&#039;est plus pris en charge.<\/li>\n<li><strong>Dur\u00e9e de vie utile apr\u00e8s la production<\/strong>: D\u00e9signe la p\u00e9riode de 8 ans \u00e0 compter de la date de lancement de la production en s\u00e9rie du mod\u00e8le (et non la date de la derni\u00e8re livraison au client). Durant cette p\u00e9riode, le produit est cens\u00e9 fonctionner normalement dans des conditions d&#039;utilisation standard. La fin de cette dur\u00e9e de vie utile est indiqu\u00e9e par le symbole <strong>Date de fin de vie (EOL)<\/strong>, ce qui signale la fin de la production, du support et du cycle de vie de MEFERI pour ce mod\u00e8le.<\/li>\n<li><strong>Fin de vie\/Fin de commercialisation (Fin de vie\/Date de production\/Fin des ventes)<\/strong>:La date apr\u00e8s laquelle le mod\u00e8le ne sera plus produit et aucune nouvelle unit\u00e9 de ce mod\u00e8le ne sera disponible \u00e0 la vente ou \u00e0 la distribution.<\/li>\n<li><strong>P\u00e9riode d&#039;approvisionnement en pi\u00e8ces de rechange<\/strong>:La p\u00e9riode d&#039;un an suivant la date de fin de vie, pendant laquelle les pi\u00e8ces de rechange seront toujours disponibles pour la commande et la r\u00e9paration des produits.<\/li>\n<li><strong>Date de fin de support<\/strong>: La date limite \u00e0 laquelle MEFERI fournit un support technique officiel pour le produit.<\/li>\n<\/ul>\n<h3>2.2. D\u00e9finitions des statuts de production<\/h3>\n<ul>\n<li><strong>Actif<\/strong>:Le produit est toujours en production et disponible \u00e0 la vente.<\/li>\n<li><strong>Fin de vente<\/strong>:Le produit n&#039;est plus commercialis\u00e9 mais reste soutenu par des garanties et des pi\u00e8ces d\u00e9tach\u00e9es.<\/li>\n<li><strong>Fin de vie (EOL)<\/strong>:Le produit n&#039;est plus en production ni pris en charge pour une nouvelle production, bien que des pi\u00e8ces de rechange soient toujours disponibles.<\/li>\n<li><strong>Pi\u00e8ces de rechange uniquement<\/strong>:Seules les pi\u00e8ces de rechange sont disponibles et le produit n&#039;est plus vendu ni enti\u00e8rement pris en charge.<\/li>\n<li><strong>Fin de service<\/strong>:Tout le support produit, y compris la disponibilit\u00e9 des pi\u00e8ces de rechange, a pris fin.<\/li>\n<\/ul>\n<hr \/>\n<h2>3. Feuille de route du support du syst\u00e8me d&#039;exploitation du produit<\/h2>\n<p>Cette section fournit un aper\u00e7u d\u00e9taill\u00e9 du cycle de support logiciel de la gamme de produits MEFERI, incluant les versions actuelles du syst\u00e8me d&#039;exploitation, les mises \u00e0 niveau disponibles et les dates de fin des mises \u00e0 niveau et du support \u00e9tendu du micrologiciel. Elle garantit la transparence sur la gestion de l&#039;\u00e9volution du syst\u00e8me d&#039;exploitation par MEFERI, permettant ainsi aux clients de planifier les am\u00e9liorations de fonctionnalit\u00e9s et la compatibilit\u00e9.<\/p>\n<div class=\"table-container\">\n<table border=\"1\">\n<thead>\n<tr>\n<th><strong>Produit<br \/>\nMod\u00e8le\u00a0<\/strong><\/th>\n<th><strong>Actuel<br \/>\nVersion du syst\u00e8me d&#039;exploitation<\/strong><\/th>\n<th><strong>\u00c9volutif vers<br \/>\n(OS officiel)<\/strong><\/th>\n<th style=\"text-align: left;\"><strong>Syst\u00e8me d&#039;exploitation \u00e9tendu<br \/>\nPrise en charge du micrologiciel<br \/>\nDate de fin (+2 ans)*<\/strong><\/th>\n<\/tr>\n<\/thead>\n<tbody>\n<tr>\n<td>ME40K<\/td>\n<td>Android 12<\/td>\n<td>Android 13<\/td>\n<td>Mai 2027<\/td>\n<\/tr>\n<tr>\n<td>ME10<\/td>\n<td>Android 13<\/td>\n<td>Android 18<\/td>\n<td>Janvier 2028<\/td>\n<\/tr>\n<tr>\n<td>MS300R<\/td>\n<td>Linux<\/td>\n<td>N \/ A<\/td>\n<td>N \/ A<\/td>\n<\/tr>\n<tr>\n<td>MP4000D<\/td>\n<td>N \/ A<\/td>\n<td>N \/ A<\/td>\n<td>N \/ A<\/td>\n<\/tr>\n<tr>\n<td>ME61<\/td>\n<td>Android 13<\/td>\n<td>Android 16<\/td>\n<td>Janvier 2028<\/td>\n<\/tr>\n<tr>\n<td>ME63<\/td>\n<td>Android 15<\/td>\n<td>Android 18<\/td>\n<td>F\u00e9vrier 2030<\/td>\n<\/tr>\n<tr>\n<td>ME65<\/td>\n<td>Android 13<\/td>\n<td>Android 16<\/td>\n<td>Janvier 2028<\/td>\n<\/tr>\n<tr>\n<td>ME74<\/td>\n<td>Android 13<\/td>\n<td>Android 18<\/td>\n<td>Janvier 2028<\/td>\n<\/tr>\n<tr>\n<td>CIAO<\/td>\n<td>Android 13<\/td>\n<td>Android 18<\/td>\n<td>Janvier 2028<\/td>\n<\/tr>\n<tr>\n<td>MC45<\/td>\n<td>Android 14<\/td>\n<td>Android 18<\/td>\n<td>Mars 2029<\/td>\n<\/tr>\n<\/tbody>\n<\/table>\n<\/div>\n<p>&nbsp;<\/p>\n<ul>\n<li>Prise en charge \u00e9tendue du micrologiciel du syst\u00e8me d&#039;exploitation MEFERI\u00a0: <strong>*<\/strong> Cette p\u00e9riode suppl\u00e9mentaire de 2 ans peut inclure le r\u00e9troportage des correctifs de bogues, des am\u00e9liorations de stabilit\u00e9 et des am\u00e9liorations de compatibilit\u00e9 pour les appareils AIDC, sous r\u00e9serve de faisabilit\u00e9 technique et en conformit\u00e9 avec les politiques de Google, afin de soutenir la fiabilit\u00e9 des appareils dans les environnements d&#039;entreprise.<\/li>\n<li>Pour plus de d\u00e9tails sur les appareils MEFERI certifi\u00e9s dans le cadre du programme Android Enterprise Recommended, consultez\u00a0: <a href=\"https:\/\/androidenterprisepartners.withgoogle.com\/devices\/#!?search=MEFERI\">https:\/\/androidenterprisepartners.withgoogle.com\/devices\/#!?search=MEFERI<\/a>.<\/li>\n<\/ul>\n<hr \/>\n<h2>4. Feuille de route du support de s\u00e9curit\u00e9 du syst\u00e8me d&#039;exploitation du produit<\/h2>\n<p>Cette section d\u00e9crit le cycle de support de s\u00e9curit\u00e9 des syst\u00e8mes d&#039;exploitation MEFERI, y compris les dates de fin officielles des correctifs de Google, la fr\u00e9quence des mises \u00e0 jour et les engagements de support \u00e9tendu de MEFERI. Elle souligne notre engagement \u00e0 maintenir la s\u00e9curit\u00e9 des appareils au-del\u00e0 des d\u00e9lais habituels de Google gr\u00e2ce \u00e0 des correctifs r\u00e9guliers et des mises \u00e0 jour critiques, conformes aux meilleures pratiques du secteur pour les appareils AIDC.<\/p>\n<div class=\"table-container\">\n<table border=\"1\">\n<thead>\n<tr>\n<th style=\"text-align: left;\"><strong>OS<br \/>\nVersion<\/strong><\/th>\n<th style=\"text-align: left;\"><strong>S\u00e9curit\u00e9 Google<br \/>\nPrise en charge des correctifs<br \/>\nDate de fin<\/strong><\/th>\n<th style=\"text-align: left;\"><strong>Fr\u00e9quence de<br \/>\nMise \u00e0 jour de s\u00e9curit\u00e9<\/strong><\/th>\n<th style=\"text-align: left;\"><strong>Dernier Android<br \/>\nBulletin de s\u00e9curit\u00e9<\/strong><\/th>\n<th style=\"text-align: left;\"><strong>S\u00e9curit\u00e9<br \/>\nNiveau de patch<\/strong><\/th>\n<th style=\"text-align: left;\"><strong>Syst\u00e8me d&#039;exploitation \u00e9tendu<br \/>\nSoutien \u00e0 la s\u00e9curit\u00e9<br \/>\nDate de fin (+2 ans)<\/strong>*<\/th>\n<\/tr>\n<\/thead>\n<tbody>\n<tr>\n<td>Android 12<\/td>\n<td>Mars 2025<\/td>\n<td>Tous les 90 jours<\/td>\n<td>Mars 2025<\/td>\n<td>2025-03-20<\/td>\n<td>Mai 2027<\/td>\n<\/tr>\n<tr>\n<td>Android 13<\/td>\n<td>Janvier 2026<\/td>\n<td>Tous les 90 jours<\/td>\n<td>D\u00e9cembre 2025<\/td>\n<td>2025-12-01<\/td>\n<td>Janvier 2028<\/td>\n<\/tr>\n<tr>\n<td>Android 14<\/td>\n<td>Mars 2027<\/td>\n<td>Tous les 90 jours<\/td>\n<td>D\u00e9cembre 2025<\/td>\n<td>2025-12-01<\/td>\n<td>Mars 2029<\/td>\n<\/tr>\n<tr>\n<td>Android 15<\/td>\n<td>F\u00e9vrier 2028<\/td>\n<td>Tous les 90 jours<\/td>\n<td>D\u00e9cembre 2025<\/td>\n<td>2025-12-01<\/td>\n<td>F\u00e9vrier 2030<\/td>\n<\/tr>\n<tr>\n<td>Android 16<\/td>\n<td>Octobre 2029<\/td>\n<td>Tous les 90 jours<\/td>\n<td>D\u00e9cembre 2025<\/td>\n<td>2025-12-01<\/td>\n<td>Janvier 2031<\/td>\n<\/tr>\n<tr>\n<td>Android 17<\/td>\n<td>Octobre 2030<\/td>\n<td>Tous les 90 jours<\/td>\n<td>N \/ A<\/td>\n<td>N \/ A<\/td>\n<td>janvier 2032<\/td>\n<\/tr>\n<tr>\n<td>Android 18<\/td>\n<td>Octobre 2031<\/td>\n<td>Tous les 90 jours<\/td>\n<td>N \/ A<\/td>\n<td>N \/ A<\/td>\n<td>janvier 2033<\/td>\n<\/tr>\n<\/tbody>\n<\/table>\n<\/div>\n<p>&nbsp;<\/p>\n<ul>\n<li>Support de s\u00e9curit\u00e9 \u00e9tendu du syst\u00e8me d&#039;exploitation MEFERI\u00a0: * Cette p\u00e9riode suppl\u00e9mentaire de 2\u00a0ans peut inclure le r\u00e9troportage de correctifs de s\u00e9curit\u00e9 critiques bas\u00e9s sur AOSP, sous r\u00e9serve de faisabilit\u00e9 technique et en conformit\u00e9 avec les politiques de Google, afin d&#039;att\u00e9nuer les vuln\u00e9rabilit\u00e9s cl\u00e9s au-del\u00e0 du calendrier de support standard de Google.<\/li>\n<li>Pour les versions Android dont les d\u00e9lais de support ne sont pas encore publi\u00e9s, MEFERI estime les dur\u00e9es de support en se basant sur les pratiques historiques de Google. Les dates finales peuvent \u00eatre modifi\u00e9es apr\u00e8s confirmation officielle de Google. Ces estimations sont fournies \u00e0 titre indicatif uniquement.<\/li>\n<li>Pour des informations d\u00e9taill\u00e9es sur les mises \u00e0 jour de s\u00e9curit\u00e9 Android, les niveaux de correctifs, les bulletins et la mani\u00e8re dont les OEM comme MEFERI \u00e9tendent la prise en charge, reportez-vous \u00e0\u00a0: <a href=\"https:\/\/source.android.com\/docs\/security\/overview\/updates-resources\">https:\/\/source.android.com\/docs\/security\/overview\/updates-resources<\/a>.<\/li>\n<\/ul>\n<hr \/>\n<h2>5. Notes juridiques et conformit\u00e9 aux normes internationales<\/h2>\n<p>Les politiques de fin de vie (EOL) et de pi\u00e8ces de rechange de MEFERI sont align\u00e9es sur <strong>normes internationales<\/strong> Pour les produits AIDC. Cela comprend, sans s&#039;y limiter\u00a0:<\/p>\n<ol>\n<li><strong>Conformit\u00e9 RoHS (Directive 2011\/65\/UE)<\/strong>:Tous les produits MEFERI sont conformes \u00e0 la directive sur la restriction des substances dangereuses, garantissant que les produits arrivant en fin de vie sont \u00e9limin\u00e9s de mani\u00e8re respectueuse de l&#039;environnement et que les pi\u00e8ces de rechange utilis\u00e9es sont \u00e9galement conformes \u00e0 cette directive.<\/li>\n<li><strong>ISO 9001:2015<\/strong>:Les processus de production et de garantie de MEFERI sont conformes aux normes ISO 9001 pour les syst\u00e8mes de gestion de la qualit\u00e9, garantissant une qualit\u00e9 de produit constante depuis la phase de fabrication jusqu&#039;\u00e0 la p\u00e9riode de garantie et la disponibilit\u00e9 des pi\u00e8ces de rechange.<\/li>\n<\/ol>\n<p>Apr\u00e8s la p\u00e9riode de fin de vie et de disponibilit\u00e9 des pi\u00e8ces d\u00e9tach\u00e9es, telle que d\u00e9finie dans ces normes, MEFERI ne fournira plus de services de garantie ni de pi\u00e8ces d\u00e9tach\u00e9es pour les produits list\u00e9s. Cette politique est conforme aux pratiques industrielles AIDC internationalement reconnues, selon lesquelles les produits b\u00e9n\u00e9ficient g\u00e9n\u00e9ralement d&#039;un support post-production de 5 \u00e0 7 ans, ce qui laisse suffisamment de temps pour la maintenance, les r\u00e9parations et les transitions, tout en conciliant durabilit\u00e9 environnementale et op\u00e9rationnelle.<\/p>\n<hr \/>\n<h2>6. Coordonn\u00e9es<\/h2>\n<p>Pour plus d&#039;informations ou pour toute question, veuillez contacter :<\/p>\n<ul>\n<li><strong>T\u00e9l\u00e9phone<\/strong>: +86 400-1818-815<\/li>\n<li><strong>E-mail<\/strong>: <a href=\"mailto:support@meferi.com\">support@meferi.com<\/a><\/li>\n<li><strong>Site web<\/strong>: <a href=\"https:\/\/meferi.com\/fr\/\">www.meferi.com<\/a><\/li>\n<\/ul>\n<hr \/>\n<p><strong>Fabricant<\/strong>: MEFERI Technologies Co., Ltd.<\/p>\n<p><strong>Version actuelle des Conditions g\u00e9n\u00e9rales au 12 d\u00e9cembre 2025. <\/strong><\/p>\n\r\n\t\t<\/div>\r\n\t<\/div>\r\n<\/div><\/div><\/div>\n<\/div>","protected":false},"excerpt":{"rendered":"End-of-Life (EOL) Notification, Spare Parts Availability, and Security Support Statement Version: 2025.08.07 MEFERI Technologies Co., Ltd. Table of Contents Introduction End-of-Life (EOL) Policy and Spare Parts Information Product OS Support Road Map Product OS Security Support Road Map Legal Notes and Compliance with International Standards Contact Information 1. Introduction MEFERI Technologies Co., Ltd. hereby provides [...]","protected":false},"author":5,"featured_media":12415,"parent":1478,"menu_order":0,"comment_status":"closed","ping_status":"closed","template":"","meta":{"_acf_changed":false,"footnotes":""},"industry":[],"class_list":["post-12400","page","type-page","status-publish","has-post-thumbnail","hentry"],"acf":[],"_links":{"self":[{"href":"https:\/\/meferi.com\/fr\/wp-json\/wp\/v2\/pages\/12400","targetHints":{"allow":["GET"]}}],"collection":[{"href":"https:\/\/meferi.com\/fr\/wp-json\/wp\/v2\/pages"}],"about":[{"href":"https:\/\/meferi.com\/fr\/wp-json\/wp\/v2\/types\/page"}],"author":[{"embeddable":true,"href":"https:\/\/meferi.com\/fr\/wp-json\/wp\/v2\/users\/5"}],"replies":[{"embeddable":true,"href":"https:\/\/meferi.com\/fr\/wp-json\/wp\/v2\/comments?post=12400"}],"version-history":[{"count":0,"href":"https:\/\/meferi.com\/fr\/wp-json\/wp\/v2\/pages\/12400\/revisions"}],"up":[{"embeddable":true,"href":"https:\/\/meferi.com\/fr\/wp-json\/wp\/v2\/pages\/1478"}],"wp:featuredmedia":[{"embeddable":true,"href":"https:\/\/meferi.com\/fr\/wp-json\/wp\/v2\/media\/12415"}],"wp:attachment":[{"href":"https:\/\/meferi.com\/fr\/wp-json\/wp\/v2\/media?parent=12400"}],"wp:term":[{"taxonomy":"industry","embeddable":true,"href":"https:\/\/meferi.com\/fr\/wp-json\/wp\/v2\/industry?post=12400"}],"curies":[{"name":"wp","href":"https:\/\/api.w.org\/{rel}","templated":true}]}}