{"id":1000,"date":"2025-08-07T21:03:47","date_gmt":"2025-08-07T18:03:47","guid":{"rendered":"https:\/\/meferi.pontima.ru\/?page_id=1000"},"modified":"2026-02-04T09:48:24","modified_gmt":"2026-02-04T08:48:24","slug":"support-services","status":"publish","type":"page","link":"https:\/\/meferi.com\/fr\/support-services\/","title":{"rendered":"Assistance et services"},"content":{"rendered":"<div class=\"wpb-content-wrapper\"><div class=\"vc_row wpb_row row top-row gradient-container-1 rounded-section vc_custom_1756144690078 text-left vc_row-has-fill vc_row-o-content-top vc_row-flex wpb_custom_034b39d9bc6c6b310d69e39f0ccf274f\"><div class=\"gradient-column-1 vc_column_container col-md-6 text-left\"><div class=\"wpb_wrapper vc_column-inner\"><div class=\"porto-sicon-box  vc_custom_1756578134548  wpb_custom_8629e1533f7a876ccf992ee07d9ae48e style_1 top-icon\"><div class=\"porto-sicon-header\"><h2 class=\"porto-sicon-title\" style=\"\">Soutien MEFERI<br \/>\net services<\/h2><\/div> <!-- header --><div class=\"porto-sicon-description\" style=\"\">Trouvez rapidement les informations essentielles sur les garanties des produits, la r\u00e9paration<br \/>\ndemandes, plans de service et ressources partenaires \u2013 le tout au m\u00eame endroit.<\/div> <!-- description --><\/div><!-- porto-sicon-box --><\/div><\/div><div class=\"gradient-column-2 vc_column_container col-md-1\"><div class=\"wpb_wrapper vc_column-inner\"><\/div><\/div><\/div><div class=\"vc_row wpb_row row top-row gradient-container-2 vc_custom_1756144703398 vc_column-gap-15 vc_row-has-fill wpb_custom_034b39d9bc6c6b310d69e39f0ccf274f\"><div class=\"gradient-column-3 vc_column_container col-md-12 vc_custom_1754469150485\"><div class=\"wpb_wrapper vc_column-inner\"><h2 style=\"color: var(--porto-dark-color)\" class=\"vc_custom_heading vc_do_custom_heading vc_custom_1754590813940 wpb_custom_aa365bd5046e8294520b4e73732b9d15 align-left\" >D\u00e9couvrez notre assistance et nos services<\/h2><\/div><\/div><\/div><div class=\"vc_row wpb_row row top-row gradient-container-4 vc_custom_1754939217478 vc_column-gap-15 vc_row-has-fill vc_row-o-equal-height vc_row-flex wpb_custom_034b39d9bc6c6b310d69e39f0ccf274f\"><div class=\"gradient-column-4 vc_column_container col-md-4 vc_custom_1754469150485\"><div class=\"wpb_wrapper vc_column-inner\"><div class=\"porto-ultimate-content-box-container my-rounded-box\"><style>.porto_ucb_8ba3bb8197aace42da06f0fe0083a0e1:hover{box-shadow:none}<\/style><div class=\"porto-ultimate-content-box vc_custom_1756661776254 has-content-pos justify-content-center porto_ucb_8ba3bb8197aace42da06f0fe0083a0e1\" style=\"background-color:#eef4fc;border:1px solid var(--porto-light-color);min-height:500px;\" data-bg=\"#eef4fc\"><div class=\"porto-sicon-box  vc_custom_1754593087778  wpb_custom_2d9c2a682b5f8cf750d5d39077e790d9 style_2 top-icon\"><div class=\"porto-sicon-top\"><div class=\"porto-just-icon-wrapper porto-sicon-img  porto-icon-9f5d1cfb45d27d96b50bf473aebba227\" style=\"font-size: 50px;\"><img loading=\"lazy\" decoding=\"async\" class=\"img-icon\" alt=\"\" src=\"https:\/\/meferi.com\/wp-content\/uploads\/2025\/08\/\u0411\u0435\u0437-\u043d\u0430\u0437\u0432\u0430\u043d\u0438\u044f-7.png\" width=\"100\" height=\"100\" \/><\/div><\/div><div class=\"porto-sicon-header\"><h2 class=\"porto-sicon-title\" style=\"\">Portail des partenaires<\/h2><p>Acc\u00e8s exclusif pour les partenaires MEFERI<\/p><\/div> <!-- header --><div class=\"porto-sicon-description\" style=\"\">Acc\u00e9dez \u00e0 des avantages partenaires exclusifs, notamment des t\u00e9l\u00e9chargements instantan\u00e9s, l&#039;exploration de produits, le suivi des exp\u00e9ditions et des commandes sans effort avec un stock et des prix en temps r\u00e9el.<a class=\"porto-sicon-read xx\" href=\"https:\/\/portal.meferi.com\/\" target='_blank'>En savoir plus<span>&nbsp;\"<\/span><\/a><\/div> <!-- description --><\/div><!-- porto-sicon-box --><\/div><\/div><\/div><\/div><div class=\"gradient-column-5 vc_column_container col-md-4\"><div class=\"wpb_wrapper vc_column-inner\"><div class=\"porto-ultimate-content-box-container my-rounded-box\"><style>.porto_ucb_8ba3bb8197aace42da06f0fe0083a0e1:hover{box-shadow:none}<\/style><div class=\"porto-ultimate-content-box vc_custom_1756661794077 has-content-pos justify-content-center porto_ucb_8ba3bb8197aace42da06f0fe0083a0e1\" style=\"background-color:#eef4fc;border:1px solid var(--porto-light-color);min-height:500px;\" data-bg=\"#eef4fc\"><div class=\"porto-sicon-box  vc_custom_1770194899537  wpb_custom_1de7e184e0d47a0dc672dd123ea3801a style_2 top-icon\"><div class=\"porto-sicon-top\"><div class=\"porto-just-icon-wrapper porto-sicon-img  porto-icon-9f5d1cfb45d27d96b50bf473aebba227\" style=\"font-size: 50px;\"><img loading=\"lazy\" decoding=\"async\" class=\"img-icon\" alt=\"\" src=\"https:\/\/meferi.com\/wp-content\/uploads\/2025\/08\/\u0411\u0435\u0437-\u043d\u0430\u0437\u0432\u0430\u043d\u0438\u044f-8.png\" width=\"100\" height=\"100\" \/><\/div><\/div><div class=\"porto-sicon-header\"><h2 class=\"porto-sicon-title\" style=\"\">Portail d&#039;assistance<\/h2><p>Assistance technique rapide et transparente<\/p><\/div> <!-- header --><div class=\"porto-sicon-description\" style=\"\">Suivez l&#039;\u00e9tat de vos tickets d&#039;assistance, t\u00e9l\u00e9chargez la documentation pour une r\u00e9solution plus rapide et collaborez avec votre \u00e9quipe pour garantir un d\u00e9pannage efficace.<a class=\"porto-sicon-read xx\" href=\"https:\/\/meferi.com\/fr\/support\/\" target='_blank' title='Soutien'>En savoir plus<span>&nbsp;\"<\/span><\/a><\/div> <!-- description --><\/div><!-- porto-sicon-box --><\/div><\/div><\/div><\/div><div class=\"gradient-column-6 vc_column_container col-md-4\"><div class=\"wpb_wrapper vc_column-inner\"><div class=\"porto-ultimate-content-box-container my-rounded-box\"><style>.porto_ucb_8ba3bb8197aace42da06f0fe0083a0e1:hover{box-shadow:none}<\/style><div class=\"porto-ultimate-content-box vc_custom_1756661810817 has-content-pos justify-content-center porto_ucb_8ba3bb8197aace42da06f0fe0083a0e1\" style=\"background-color:#eef4fc;border:1px solid var(--porto-light-color);min-height:500px;\" data-bg=\"#eef4fc\"><div class=\"porto-sicon-box  vc_custom_1754738770370  wpb_custom_d7151b725a18e9b8643ad785eebfddee style_2 top-icon\"><div class=\"porto-sicon-top\"><div class=\"porto-just-icon-wrapper porto-sicon-img  porto-icon-9f5d1cfb45d27d96b50bf473aebba227\" style=\"font-size: 50px;\"><img loading=\"lazy\" decoding=\"async\" class=\"img-icon\" alt=\"\" src=\"https:\/\/meferi.com\/wp-content\/uploads\/2025\/08\/\u0411\u0435\u0437-\u043d\u0430\u0437\u0432\u0430\u043d\u0438\u044f-9.png\" width=\"100\" height=\"100\" \/><\/div><\/div><div class=\"porto-sicon-header\"><h2 class=\"porto-sicon-title\" style=\"\">Plans de service MeCare<\/h2><p>Une couverture compl\u00e8te pour vous<\/p><\/div> <!-- header --><div class=\"porto-sicon-description\" style=\"\">Prot\u00e9gez votre investissement avec des plans de service flexibles qui vont au-del\u00e0 des garanties standard, y compris les r\u00e9parations prioritaires, les remplacements et l&#039;assistance technique.<a class=\"porto-sicon-read xx\" href=\"https:\/\/meferi.com\/fr\/support-services\/mecare-service-plans\/\" title='plans de service Mecare'>En savoir plus<span>&nbsp;\"<\/span><\/a><\/div> <!-- description --><\/div><!-- porto-sicon-box --><\/div><\/div><\/div><\/div><\/div><div class=\"vc_row wpb_row row top-row gradient-container-5 vc_custom_1754939231713 vc_column-gap-15 vc_row-has-fill vc_row-o-equal-height vc_row-flex wpb_custom_034b39d9bc6c6b310d69e39f0ccf274f\"><div class=\"gradient-column-7 vc_column_container col-md-4 vc_custom_1754469150485\"><div class=\"wpb_wrapper vc_column-inner\"><div class=\"porto-ultimate-content-box-container my-rounded-box\"><style>.porto_ucb_8ba3bb8197aace42da06f0fe0083a0e1:hover{box-shadow:none}<\/style><div class=\"porto-ultimate-content-box vc_custom_1756661816623 has-content-pos justify-content-center porto_ucb_8ba3bb8197aace42da06f0fe0083a0e1\" style=\"background-color:#eef4fc;border:1px solid var(--porto-light-color);min-height:500px;\" data-bg=\"#eef4fc\"><div class=\"porto-sicon-box  vc_custom_1754594112676  wpb_custom_2d9c2a682b5f8cf750d5d39077e790d9 style_2 top-icon\"><div class=\"porto-sicon-top\"><div class=\"porto-just-icon-wrapper porto-sicon-img  porto-icon-9f5d1cfb45d27d96b50bf473aebba227\" style=\"font-size: 50px;\"><img loading=\"lazy\" decoding=\"async\" class=\"img-icon\" alt=\"\" src=\"https:\/\/meferi.com\/wp-content\/uploads\/2025\/08\/\u0411\u0435\u0437-\u043d\u0430\u0437\u0432\u0430\u043d\u0438\u044f-10.png\" width=\"100\" height=\"100\" \/><\/div><\/div><div class=\"porto-sicon-header\"><h2 class=\"porto-sicon-title\" style=\"\">Garantie<\/h2><p>V\u00e9rifiez et g\u00e9rez votre garantie MEFERI<\/p><\/div> <!-- header --><div class=\"porto-sicon-description\" style=\"\">V\u00e9rifiez l&#039;\u00e9tat de la garantie de votre produit, consultez les notifications de fin de vie et recherchez des conditions de garantie sp\u00e9ciales pour des appareils sp\u00e9cifiques.<a class=\"porto-sicon-read xx\" href=\"\/fr\/warranty-terms-and-conditions\/\" target='_blank'>En savoir plus<span>&nbsp;\"<\/span><\/a><\/div> <!-- description --><\/div><!-- porto-sicon-box --><\/div><\/div><\/div><\/div><div class=\"gradient-column-8 vc_column_container col-md-4\"><div class=\"wpb_wrapper vc_column-inner\"><div class=\"porto-ultimate-content-box-container my-rounded-box\"><style>.porto_ucb_8ba3bb8197aace42da06f0fe0083a0e1:hover{box-shadow:none}<\/style><div class=\"porto-ultimate-content-box vc_custom_1756661822375 has-content-pos justify-content-center porto_ucb_8ba3bb8197aace42da06f0fe0083a0e1\" style=\"background-color:#eef4fc;border:1px solid var(--porto-light-color);min-height:500px;\" data-bg=\"#eef4fc\"><div class=\"porto-sicon-box  vc_custom_1754594144740  wpb_custom_1de7e184e0d47a0dc672dd123ea3801a style_2 top-icon\"><div class=\"porto-sicon-top\"><div class=\"porto-just-icon-wrapper porto-sicon-img  porto-icon-9f5d1cfb45d27d96b50bf473aebba227\" style=\"font-size: 50px;\"><img loading=\"lazy\" decoding=\"async\" class=\"img-icon\" alt=\"\" src=\"https:\/\/meferi.com\/wp-content\/uploads\/2025\/08\/\u0411\u0435\u0437-\u043d\u0430\u0437\u0432\u0430\u043d\u0438\u044f-11.png\" width=\"100\" height=\"100\" \/><\/div><\/div><div class=\"porto-sicon-header\"><h2 class=\"porto-sicon-title\" style=\"\">Demande de r\u00e9paration<\/h2><p>RMA sans effort et traitement des r\u00e9parations<\/p><\/div> <!-- header --><div class=\"porto-sicon-description\" style=\"\">Soumettez vos demandes de r\u00e9paration, suivez la progression et assurez des d\u00e9lais d&#039;ex\u00e9cution rapides avec nos centres de service d\u00e9di\u00e9s.<a class=\"porto-sicon-read xx\" href=\"https:\/\/helpdesk.meferi.com\/\" target='_blank'>En savoir plus<span>&nbsp;\"<\/span><\/a><\/div> <!-- description --><\/div><!-- porto-sicon-box --><\/div><\/div><\/div><\/div><div class=\"gradient-column-9 vc_column_container col-md-4\"><div class=\"wpb_wrapper vc_column-inner\"><div class=\"porto-ultimate-content-box-container my-rounded-box\"><style>.porto_ucb_8ba3bb8197aace42da06f0fe0083a0e1:hover{box-shadow:none}<\/style><div class=\"porto-ultimate-content-box vc_custom_1756661829125 has-content-pos justify-content-center porto_ucb_8ba3bb8197aace42da06f0fe0083a0e1\" style=\"background-color:#eef4fc;border:1px solid var(--porto-light-color);min-height:500px;\" data-bg=\"#eef4fc\"><div class=\"porto-sicon-box  vc_custom_1765186151741  wpb_custom_d7151b725a18e9b8643ad785eebfddee style_2 top-icon\"><div class=\"porto-sicon-top\"><div class=\"porto-just-icon-wrapper porto-sicon-img  porto-icon-9f5d1cfb45d27d96b50bf473aebba227\" style=\"font-size: 50px;\"><img loading=\"lazy\" decoding=\"async\" class=\"img-icon\" alt=\"\" src=\"https:\/\/meferi.com\/wp-content\/uploads\/2025\/08\/\u0411\u0435\u0437-\u043d\u0430\u0437\u0432\u0430\u043d\u0438\u044f-12.png\" width=\"100\" height=\"100\" \/><\/div><\/div><div class=\"porto-sicon-header\"><h2 class=\"porto-sicon-title\" style=\"\">Centre de mise \u00e0 jour de s\u00e9curit\u00e9<\/h2><\/div> <!-- header --><div class=\"porto-sicon-description\" style=\"\"><strong>Restez inform\u00e9 des correctifs de s\u00e9curit\u00e9 et des mises \u00e0 jour du micrologiciel pour tous les appareils MEFERI.<\/strong><br \/>\nConsultez l&#039;historique d\u00e9taill\u00e9 des mises \u00e0 jour, les d\u00e9lais de prise en charge et la couverture de s\u00e9curit\u00e9 certifi\u00e9e AER pour votre appareil.<a class=\"porto-sicon-read xx\" href=\"https:\/\/meferi.com\/fr\/support-services\/meferi-security-updates-center\/\">En savoir plus<span>&nbsp;\"<\/span><\/a><\/div> <!-- description --><\/div><!-- porto-sicon-box --><\/div><\/div><\/div><\/div><\/div><div class=\"vc_row wpb_row row top-row gradient-container-6 vc_custom_1754594060710 vc_column-gap-15 vc_row-has-fill vc_row-o-equal-height vc_row-flex wpb_custom_034b39d9bc6c6b310d69e39f0ccf274f\"><div class=\"gradient-column-10 vc_column_container col-md-4 vc_custom_1754469150485\"><div class=\"wpb_wrapper vc_column-inner\"><div class=\"porto-ultimate-content-box-container my-rounded-box\"><style>.porto_ucb_8ba3bb8197aace42da06f0fe0083a0e1:hover{box-shadow:none}<\/style><div class=\"porto-ultimate-content-box vc_custom_1756661834984 has-content-pos justify-content-center porto_ucb_8ba3bb8197aace42da06f0fe0083a0e1\" style=\"background-color:#eef4fc;border:1px solid var(--porto-light-color);min-height:500px;\" data-bg=\"#eef4fc\"><div class=\"porto-sicon-box  vc_custom_1754594237357  wpb_custom_2d9c2a682b5f8cf750d5d39077e790d9 style_2 top-icon\"><div class=\"porto-sicon-top\"><div class=\"porto-just-icon-wrapper porto-sicon-img  porto-icon-9f5d1cfb45d27d96b50bf473aebba227\" style=\"font-size: 50px;\"><img loading=\"lazy\" decoding=\"async\" class=\"img-icon\" alt=\"\" src=\"https:\/\/meferi.com\/wp-content\/uploads\/2025\/08\/\u0411\u0435\u0437-\u043d\u0430\u0437\u0432\u0430\u043d\u0438\u044f-13.png\" width=\"100\" height=\"100\" \/><\/div><\/div><div class=\"porto-sicon-header\"><h2 class=\"porto-sicon-title\" style=\"\">Documents en ligne<\/h2><p>Acc\u00e8s rapide aux manuels et guides d&#039;utilisation<\/p><\/div> <!-- header --><div class=\"porto-sicon-description\" style=\"\">Consultez et t\u00e9l\u00e9chargez les derniers manuels d&#039;utilisation, guides rapides et documentation de configuration pour les produits MEFERI.<a class=\"porto-sicon-read xx\" href=\"\/fr\/docs-online\/\" target='_blank'>En savoir plus<span>&nbsp;\"<\/span><\/a><\/div> <!-- description --><\/div><!-- porto-sicon-box --><\/div><\/div><\/div><\/div><div class=\"gradient-column-11 vc_column_container col-md-4\"><div class=\"wpb_wrapper vc_column-inner\"><div class=\"porto-ultimate-content-box-container my-rounded-box\"><style>.porto_ucb_8ba3bb8197aace42da06f0fe0083a0e1:hover{box-shadow:none}<\/style><div class=\"porto-ultimate-content-box vc_custom_1756661840289 has-content-pos justify-content-center porto_ucb_8ba3bb8197aace42da06f0fe0083a0e1\" style=\"background-color:#eef4fc;border:1px solid var(--porto-light-color);min-height:500px;\" data-bg=\"#eef4fc\"><div class=\"porto-sicon-box  vc_custom_1754594271444  wpb_custom_1de7e184e0d47a0dc672dd123ea3801a style_2 top-icon\"><div class=\"porto-sicon-top\"><div class=\"porto-just-icon-wrapper porto-sicon-img  porto-icon-9f5d1cfb45d27d96b50bf473aebba227\" style=\"font-size: 50px;\"><img loading=\"lazy\" decoding=\"async\" class=\"img-icon\" alt=\"\" src=\"https:\/\/meferi.com\/wp-content\/uploads\/2025\/08\/\u0411\u0435\u0437-\u043d\u0430\u0437\u0432\u0430\u043d\u0438\u044f-14.png\" width=\"100\" height=\"100\" \/><\/div><\/div><div class=\"porto-sicon-header\"><h2 class=\"porto-sicon-title\" style=\"\">Certificats de partenaire<\/h2><p>V\u00e9rifiez votre statut de partenaire MEFERI<\/p><\/div> <!-- header --><div class=\"porto-sicon-description\" style=\"\">Assurez l&#039;authenticit\u00e9 de votre certificat de distributeur ou revendeur agr\u00e9\u00e9 MEFERI avec notre outil de v\u00e9rification.<a class=\"porto-sicon-read xx\" href=\"\/fr\/partner-certificate-verification\/\" target='_blank'>En savoir plus<span>&nbsp;\"<\/span><\/a><\/div> <!-- description --><\/div><!-- porto-sicon-box --><\/div><\/div><\/div><\/div><div class=\"gradient-column-12 vc_column_container col-md-4\"><div class=\"wpb_wrapper vc_column-inner\"><div class=\"porto-ultimate-content-box-container my-rounded-box\"><style>.porto_ucb_8ba3bb8197aace42da06f0fe0083a0e1:hover{box-shadow:none}<\/style><div class=\"porto-ultimate-content-box vc_custom_1756661845349 has-content-pos justify-content-center porto_ucb_8ba3bb8197aace42da06f0fe0083a0e1\" style=\"background-color:#eef4fc;border:1px solid var(--porto-light-color);min-height:500px;\" data-bg=\"#eef4fc\"><div class=\"porto-sicon-box  vc_custom_1754594298429  wpb_custom_2d9c2a682b5f8cf750d5d39077e790d9 style_2 top-icon\"><div class=\"porto-sicon-top\"><div class=\"porto-just-icon-wrapper porto-sicon-img  porto-icon-9f5d1cfb45d27d96b50bf473aebba227\" style=\"font-size: 50px;\"><img loading=\"lazy\" decoding=\"async\" class=\"img-icon\" alt=\"\" src=\"https:\/\/meferi.com\/wp-content\/uploads\/2025\/08\/\u0411\u0435\u0437-\u043d\u0430\u0437\u0432\u0430\u043d\u0438\u044f-15.png\" width=\"100\" height=\"100\" \/><\/div><\/div><div class=\"porto-sicon-header\"><h2 class=\"porto-sicon-title\" style=\"\">Certificats de produits<\/h2><p>Certifications de conformit\u00e9 et de s\u00e9curit\u00e9<\/p><\/div> <!-- header --><div class=\"porto-sicon-description\" style=\"\">Documents de conformit\u00e9 des produits, certifications recommand\u00e9es par AER Android Enterprise et s\u00e9curit\u00e9 standard du secteur.<a class=\"porto-sicon-read xx\" href=\"\/fr\/product-certificates\/\">En savoir plus<span>&nbsp;\"<\/span><\/a><\/div> <!-- description --><\/div><!-- porto-sicon-box --><\/div><\/div><\/div><\/div><\/div><div class=\"vc_row wpb_row row top-row gradient-container-7 rounded-section vc_custom_1758202920197 text-left vc_row-has-fill vc_row-o-content-top vc_row-flex wpb_custom_034b39d9bc6c6b310d69e39f0ccf274f\"><div class=\"gradient-column-13 vc_column_container col-md-6 text-left\"><div class=\"wpb_wrapper vc_column-inner\"><div class=\"porto-sicon-box  vc_custom_1762880245414  wpb_custom_178f2745f58ee46e3130aac549600833 style_2 top-icon\"><div class=\"porto-sicon-header\"><h2 class=\"porto-sicon-title\" style=\"\">Testez les solutions de pointe de MEFERI<\/h2><p style=\"color:var(--porto-light-color);\">Essayez nos solutions de pointe avec un essai gratuit<\/p><\/div> <!-- header --><div class=\"porto-sicon-description\" style=\"color:var(--porto-light-color);\">D\u00e9couvrez la diff\u00e9rence que MEFERI peut apporter \u00e0 vos op\u00e9rations. Nos produits de pointe sont con\u00e7us pour r\u00e9pondre aux exigences sp\u00e9cifiques de votre secteur. Que vous souhaitiez am\u00e9liorer votre efficacit\u00e9 op\u00e9rationnelle, r\u00e9duire vos co\u00fbts ou exploiter de nouvelles fonctionnalit\u00e9s, un essai gratuit de nos produits marque la premi\u00e8re \u00e9tape de la transformation de votre entreprise.<\/div> <!-- description --><\/div><!-- porto-sicon-box --><style>.vc_btn3-style-gradient-custom.vc_btn-gradient-btn-69fc9f5955789:hover,.vc_btn3-style-gradient-custom.vc_btn-gradient-btn-69fc9f5955789:focus{color: #ffffff;background-color: var(--porto-tertiary-color);border: none;background-position: 100% 0;} .vc_btn3-style-gradient-custom.vc_btn-gradient-btn-69fc9f5955789{color: #ffffff;border: none;background-color: #dd3333;background-image: -webkit-linear-gradient(left, #dd3333 0%, var(--porto-tertiary-color) 50%,#dd3333 100%);background-image: linear-gradient(to right, #dd3333 0%, var(--porto-tertiary-color) 50%,#dd3333 100%);transition: all .2s ease-in-out;background-size: 200% 100%;}<\/style><div class=\"vc_btn3-container vc_btn3-inline vc_custom_1762880410296 vc_do_btn\" >\r\n\t<a data-vc-gradient-1=\"#dd3333\" data-vc-gradient-2=\"var(--porto-tertiary-color)\" class=\"vc_general vc_btn3 vc_btn3-size-xl vc_btn3-shape-round vc_btn3-style-gradient-custom wpb_custom_6687b26f39488ddbb85ddb3c1ce8e111 vc_btn-gradient-btn-69fc9f5955789 btn\" style=\"font-size:17px; font-weight:500;\" href=\"https:\/\/meferi.com\/fr\/contact-meferi\/contact-sales\/\" title=\"Contacter le service commercial\">Commencez votre essai gratuit<\/a>\t<\/div>\r\n<\/div><\/div><\/div><div class=\"vc_row wpb_row row top-row gradient-container-8 rounded-section vc_custom_1756144749325 text-left vc_row-has-fill vc_row-o-content-top vc_row-flex wpb_custom_034b39d9bc6c6b310d69e39f0ccf274f\"><div class=\"gradient-column-14 vc_column_container col-md-12\"><div class=\"wpb_wrapper vc_column-inner\">\r\n\t<div class=\"wpb_text_column wpb_content_element wpb_custom_7c91d232724f73626cc933bd95b25ff0\" >\r\n\t\t<div class=\"wpb_wrapper\">\r\n\t\t\t<h3 class=\"big_title\" style=\"text-align: center;\"><strong><span style=\"color: #ffffff;\">Faites passer vos op\u00e9rations industrielles au niveau sup\u00e9rieur<\/span><\/strong><\/h3>\n<div class=\"big_title\" style=\"text-align: center;\" data-v-341129f1=\"\"><strong><span style=\"color: #ffffff;\">D\u00e9couvrez des solutions m\u00e9ticuleusement con\u00e7ues pour les subtilit\u00e9s de votre secteur. <\/span><\/strong><\/div>\n<div class=\"big_title\" style=\"text-align: center;\" data-v-341129f1=\"\"><strong><span style=\"color: #ffffff;\">Nos experts peuvent vous guider \u00e0 travers les capacit\u00e9s de chaque application pour optimiser vos op\u00e9rations et atteindre vos objectifs commerciaux.<\/span><\/strong><\/div>\n\r\n\t\t<\/div>\r\n\t<\/div>\r\n<\/div><\/div><div class=\"gradient-column-15 vc_column_container col-md-1\"><div class=\"wpb_wrapper vc_column-inner\"><\/div><\/div><div class=\"gradient-column-16 vc_column_container col-md-5 text-left vc_custom_1754595878014\"><div class=\"wpb_wrapper vc_column-inner\"><div class=\"porto-ultimate-content-box-container my-rounded-box\"><style>.porto_ucb_8ba3bb8197aace42da06f0fe0083a0e1:hover{box-shadow:none}<\/style><div class=\"porto-ultimate-content-box vc_custom_1754595751442 has-content-pos justify-content-center porto_ucb_8ba3bb8197aace42da06f0fe0083a0e1\" style=\"background-color:var(--porto-light-color);border:1px solid var(--porto-light-color);\" data-bg=\"var(--porto-light-color)\"><div class=\"porto-sicon-box  vc_custom_1762880257362  wpb_custom_710b63c711f81c5f0250186a3847fdac style_1 top-icon\"><div class=\"porto-sicon-header\"><h4 class=\"porto-sicon-title\" style=\"\">Contacter le support technique<\/h4><p>Obtenez de l\u2019aide pour le d\u00e9pannage, les r\u00e9parations, les garanties et les plans de service.<\/p><\/div> <!-- header --><div class=\"porto-sicon-description\" style=\"\"><a class=\"porto-sicon-read xx\" href=\"\/fr\/contact-support\/\" target='_blank' title='contact-meferi'>Contacter le support<span>&nbsp;\"<\/span><\/a><\/div> <!-- description --><\/div><!-- porto-sicon-box --><\/div><\/div><\/div><\/div><div class=\"gradient-column-17 vc_column_container col-md-5 vc_custom_1754595890201\"><div class=\"wpb_wrapper vc_column-inner\"><div class=\"porto-ultimate-content-box-container my-rounded-box\"><style>.porto_ucb_8ba3bb8197aace42da06f0fe0083a0e1:hover{box-shadow:none}<\/style><div class=\"porto-ultimate-content-box vc_custom_1754595770377 has-content-pos justify-content-center porto_ucb_8ba3bb8197aace42da06f0fe0083a0e1\" style=\"background-color:var(--porto-light-color);border:1px solid var(--porto-light-color);\" data-bg=\"var(--porto-light-color)\"><div class=\"porto-sicon-box  vc_custom_1754595545044  wpb_custom_710b63c711f81c5f0250186a3847fdac style_1 top-icon\"><div class=\"porto-sicon-header\"><h4 class=\"porto-sicon-title\" style=\"\">Demandes de renseignements sur les partenaires et les entreprises<\/h4><p>Pour les partenariats, la distribution, les commandes en gros et les consultations de produits.<\/p><\/div> <!-- header --><div class=\"porto-sicon-description\" style=\"\"><a class=\"porto-sicon-read xx\" href=\"\/fr\/contact-sales\/\" target='_blank' title='contact-meferi'>Contacter le service commercial<span>&nbsp;\"<\/span><\/a><\/div> <!-- description --><\/div><!-- porto-sicon-box --><\/div><\/div><\/div><\/div><\/div>\n<\/div>","protected":false},"excerpt":{"rendered":"MEFERI Support &amp; Services Quickly find essential information on product warranties, repair requests, service plans, and partner resources - all in one place. Explore Our Support & ServicesPartner PortalExclusive Access for MEFERI Partners Gain access to exclusive partner benefits, including instant downloads, product exploration, shipment tracking, and effortless ordering with real-time stock and pricing.Learn More&nbsp;&raquo; [...]","protected":false},"author":2,"featured_media":8476,"parent":0,"menu_order":0,"comment_status":"closed","ping_status":"closed","template":"","meta":{"_acf_changed":false,"footnotes":""},"industry":[],"class_list":["post-1000","page","type-page","status-publish","has-post-thumbnail","hentry"],"acf":[],"_links":{"self":[{"href":"https:\/\/meferi.com\/fr\/wp-json\/wp\/v2\/pages\/1000","targetHints":{"allow":["GET"]}}],"collection":[{"href":"https:\/\/meferi.com\/fr\/wp-json\/wp\/v2\/pages"}],"about":[{"href":"https:\/\/meferi.com\/fr\/wp-json\/wp\/v2\/types\/page"}],"author":[{"embeddable":true,"href":"https:\/\/meferi.com\/fr\/wp-json\/wp\/v2\/users\/2"}],"replies":[{"embeddable":true,"href":"https:\/\/meferi.com\/fr\/wp-json\/wp\/v2\/comments?post=1000"}],"version-history":[{"count":0,"href":"https:\/\/meferi.com\/fr\/wp-json\/wp\/v2\/pages\/1000\/revisions"}],"wp:featuredmedia":[{"embeddable":true,"href":"https:\/\/meferi.com\/fr\/wp-json\/wp\/v2\/media\/8476"}],"wp:attachment":[{"href":"https:\/\/meferi.com\/fr\/wp-json\/wp\/v2\/media?parent=1000"}],"wp:term":[{"taxonomy":"industry","embeddable":true,"href":"https:\/\/meferi.com\/fr\/wp-json\/wp\/v2\/industry?post=1000"}],"curies":[{"name":"wp","href":"https:\/\/api.w.org\/{rel}","templated":true}]}}