{"id":9630,"date":"2025-10-01T08:39:58","date_gmt":"2025-10-01T06:39:58","guid":{"rendered":"https:\/\/meferi.com\/?page_id=9630"},"modified":"2026-01-13T10:45:16","modified_gmt":"2026-01-13T09:45:16","slug":"meferi-community-growth-giveaway-official-rules","status":"publish","type":"page","link":"https:\/\/meferi.com\/es\/meferi-community-growth-giveaway-official-rules\/","title":{"rendered":"Sorteo de Crecimiento de la Comunidad MEFERI: Reglas Oficiales"},"content":{"rendered":"<div class=\"wpb-content-wrapper\"><div class=\"vc_row wpb_row row top-row gradient-container-1 wpb_custom_034b39d9bc6c6b310d69e39f0ccf274f\"><div class=\"gradient-column-1 vc_column_container col-md-12\"><div class=\"wpb_wrapper vc_column-inner\">\r\n\t<div class=\"wpb_text_column wpb_content_element wpb_custom_7c91d232724f73626cc933bd95b25ff0\" >\r\n\t\t<div class=\"wpb_wrapper\">\r\n\t\t\t<h1><strong>Sorteo de Crecimiento de la Comunidad MEFERI: Reglas Oficiales<\/strong><\/h1>\n<p><strong>(Vigente a partir de la fecha de publicaci\u00f3n, Publicado el:\u00a0<b>1 de octubre de 2025 a las 08:39<\/b>)<\/strong><\/p>\n<hr \/>\n<p><strong>Promotor<\/strong><\/p>\n<p>MEFERI Technologies Co., Ltd., Unidad 3-2, Edificio 4, N.\u00b0 2555, Secci\u00f3n 2, Avenida Huanglong, Distrito de Shuangliu, Chengdu 610000, Sichuan, Rep\u00fablica Popular China. Contacto:\u00a0<a href=\"mailto:campaigns@meferi.com\"><strong>campaigns@meferi.com<\/strong><\/a><\/p>\n<p><strong>Elegibilidad<\/strong><\/p>\n<p>Esta Promoci\u00f3n est\u00e1 abierta \u00fanicamente a personas f\u00edsicas mayores de 18 a\u00f1os que representen a una empresa y participen en calidad de empresa como:<\/p>\n<p>\u2013 socios existentes o registrados de MEFERI Technologies Co., Ltd.;<br \/>\n\u2013 socios potenciales de MEFERI Technologies Co., Ltd.;<br \/>\n\u2013 clientes finales existentes de MEFERI Technologies Co., Ltd.;<br \/>\n\u2013 clientes finales potenciales de MEFERI Technologies Co., Ltd.<\/p>\n<p>La participaci\u00f3n en esta Promoci\u00f3n es v\u00e1lida \u00fanicamente tras registrarse correctamente a trav\u00e9s del formulario oficial de la promoci\u00f3n, disponible en la p\u00e1gina de inicio de la promoci\u00f3n MEFERI. El registro a trav\u00e9s del formulario es obligatorio. Quienes sigan a MEFERI en redes sociales y no completen el formulario de registro no se considerar\u00e1n participantes y no podr\u00e1n participar en el sorteo.<\/p>\n<p>Para ser elegible, un participante debe:<br \/>\n(a) completar el formulario oficial de registro de promoci\u00f3n en su totalidad, incluido el campo \u201cNombre de la empresa\u201d;<br \/>\n(b) proporcionar su nombre de usuario de perfil de redes sociales en el formulario de registro;<br \/>\n(c) ser un seguidor del canal de redes sociales espec\u00edfico de MEFERI que haya alcanzado el hito de seguidores correspondiente en el momento del sorteo.<\/p>\n<p>Si un participante no sigue el canal de redes sociales espec\u00edfico que activ\u00f3 el hito del sorteo, dicho participante no ser\u00e1 elegible para ese sorteo, incluso si est\u00e1 registrado en la p\u00e1gina de inicio de la promoci\u00f3n.<\/p>\n<p>Las inscripciones de las siguientes personas NO son elegibles:<br \/>\n(a) empleados, contratistas o representantes de MEFERI Technologies Co., Ltd., as\u00ed como sus familiares directos;<br \/>\n(b) representantes, empleados o afiliados de marcas de hardware competidoras AIDC, POS, Auto-ID, OEM o ODM;<br \/>\n(c) personas que no representen a una empresa o presenten una inscripci\u00f3n sin un formulario de registro completo;<br \/>\n(d) entradas duplicadas, incompletas o no verificables.<\/p>\n<p>Solo los participantes que hayan completado con \u00e9xito el formulario de registro oficial de la promoci\u00f3n, cumplan con todos los requisitos de elegibilidad establecidos en estas Reglas Oficiales y est\u00e9n verificados en el momento del sorteo como seguidores del canal de redes sociales MEFERI espec\u00edfico que haya alcanzado el hito de seguidores definido para ese sorteo, ser\u00e1n incluidos en el sorteo aleatorio.<\/p>\n<p><strong>Periodo de promoci\u00f3n<\/strong><\/p>\n<p>La Promoci\u00f3n comienza en la fecha de publicaci\u00f3n de estas Bases Oficiales en la p\u00e1gina oficial de la promoci\u00f3n y contin\u00faa vigente. La Promoci\u00f3n finalizar\u00e1 tras el tercer y \u00faltimo sorteo y el anuncio del ganador.<\/p>\n<p><strong>C\u00f3mo participar (no se requiere compra)<\/strong><\/p>\n<p>Para participar del sorteo y ser elegible para todos los premios, debes completar los siguientes pasos:<\/p>\n<ol>\n<li>Visite la p\u00e1gina oficial de la promoci\u00f3n del Sorteo de Crecimiento de la Comunidad MEFERI y complete el formulario de inscripci\u00f3n durante el Per\u00edodo de la promoci\u00f3n: <strong><a href=\"https:\/\/meferi.com\/es\/promociones\/meferi-giveaway\/\" target=\"_blank\" rel=\"noopener\">https:\/\/meferi.com\/en\/promotions\/meferi-giveaway\/<\/a><\/strong><\/li>\n<li>Proporcione informaci\u00f3n precisa y completa en el formulario oficial de inscripci\u00f3n a la promoci\u00f3n, incluido un nombre de empresa v\u00e1lido y su perfil de redes sociales\/nombre de usuario utilizado para seguir a MEFERI.<\/li>\n<\/ol>\n<p><strong>Premios y sorteos de hitos<\/strong><\/p>\n<p>Se otorgar\u00e1n tres (3) premios en total en tres sorteos distintos. Cada sorteo se activa al alcanzar un hito espec\u00edfico de seguidores. Cada participante solo puede ganar un (1) premio durante toda la Promoci\u00f3n.<\/p>\n<p>Los canales de redes sociales MEFERI elegibles para esta promoci\u00f3n son:\u00a0<strong>LinkedIn, Facebook, X (antes Twitter), Instagram y YouTube.<\/strong><\/p>\n<ul>\n<li><strong>Sorteo 1: Hito de seguidores 500<\/strong>\n<ul>\n<li><strong>Desencadenar:<\/strong>\u00a0Este sorteo se activar\u00e1 cuando el\u00a0<em>primero<\/em>\u00a0de los canales de redes sociales MEFERI elegibles alcanza los 500 seguidores\/suscriptores.<\/li>\n<li><strong>Premio:<\/strong>\u00a0Un (1) ganador recibir\u00e1 un (1) par de Apple AirPods Pro (\u00faltimo modelo disponible al momento del sorteo).<\/li>\n<\/ul>\n<\/li>\n<li><strong>Sorteo 2: Hito de seguidores 3000<\/strong>\n<ul>\n<li><strong>Desencadenar:<\/strong>\u00a0Este sorteo se activar\u00e1 cuando el\u00a0<em>primero<\/em> de los canales de redes sociales MEFERI elegibles alcanza los 3.000 seguidores\/suscriptores.<\/li>\n<li><strong>Premio:<\/strong>\u00a0Un (1) ganador recibir\u00e1 un (1) Apple Watch (\u00faltimo modelo disponible al momento del sorteo).<\/li>\n<\/ul>\n<\/li>\n<li><strong>Sorteo 3: Hito de seguidores 5000<\/strong>\n<ul>\n<li><strong>Desencadenar:<\/strong>\u00a0Este sorteo se activar\u00e1 cuando el\u00a0<em>primero<\/em> de los canales de redes sociales MEFERI elegibles alcanza los 5.000 seguidores\/suscriptores.<\/li>\n<li><strong>Premio:<\/strong>\u00a0Un (1) ganador recibir\u00e1 un (1) Apple iPhone Pro (\u00faltimo modelo disponible al momento del sorteo).<\/li>\n<\/ul>\n<\/li>\n<\/ul>\n<p><strong>Condiciones generales del premio:<\/strong>\u00a0Los premios son intransferibles y no se ofrecen en efectivo ni otras alternativas. Apple Inc. no patrocina, administra ni participa en esta promoci\u00f3n.<\/p>\n<p><strong>Verificaci\u00f3n y confirmaci\u00f3n del ganador<\/strong><\/p>\n<p>1. MEFERI seleccionar\u00e1 al azar un ganador potencial de la base de datos de participantes que hayan completado el formulario de inscripci\u00f3n oficial.<\/p>\n<p>2. Antes de confirmar a cualquier ganador del premio, MEFERI verificar\u00e1 todo lo siguiente:<br \/>\n(a) el participante complet\u00f3 el formulario oficial de registro de promoci\u00f3n;<br \/>\n(b) el participante proporcion\u00f3 un perfil de redes sociales\/nombre de usuario v\u00e1lido en el formulario de registro;<br \/>\n(c) el participante cumple todos los requisitos de elegibilidad seg\u00fan estas Reglas Oficiales.<\/p>\n<p>3. Si el potencial ganador no cumple alguna de las condiciones anteriores, ser\u00e1 descalificado para ese sorteo y se seleccionar\u00e1 y verificar\u00e1 un nuevo potencial ganador bajo los mismos criterios.<\/p>\n<p>MEFERI se pondr\u00e1 en contacto con el ganador verificado a trav\u00e9s de la direcci\u00f3n de correo electr\u00f3nico proporcionada en el formulario de participaci\u00f3n. El nombre y la cuenta de redes sociales del ganador deben coincidir razonablemente con la informaci\u00f3n proporcionada durante la participaci\u00f3n. Una vez verificado, MEFERI anunciar\u00e1 oficialmente al ganador en sus redes sociales.<\/p>\n<p><strong>Protecci\u00f3n de datos (RGPD)<\/strong><\/p>\n<ul>\n<li><strong>Controlador:<\/strong>\u00a0MEFERI Technologies Co., Ltd.<\/li>\n<li><strong>Finalidad y base legal:<\/strong>\u00a0El prop\u00f3sito principal del procesamiento de sus datos personales es administrar este sorteo continuo y enviarle comunicaciones de marketing. La base legal para todas las actividades de procesamiento es su consentimiento expl\u00edcito.\u00a0<strong>consentir<\/strong>\u00a0(Art. 6(1)(a) RGPD), que usted proporciona al enviar el formulario de inscripci\u00f3n.<\/li>\n<li><strong>Retirada del consentimiento:<\/strong>\u00a0Puede retirar su consentimiento para recibir futuros correos electr\u00f3nicos de marketing en cualquier momento haciendo clic en el enlace &quot;Cancelar suscripci\u00f3n&quot;. Retirarse de las comunicaciones de marketing no eliminar\u00e1 su participaci\u00f3n de la base de datos del sorteo. Para retirarse del sorteo por completo, debe solicitar la eliminaci\u00f3n de sus datos contact\u00e1ndonos en\u00a0<a href=\"mailto:legal@meferi.com\"><strong>legal@meferi.com<\/strong><\/a>.<\/li>\n<li><strong>Datos procesados:<\/strong>\u00a0Nombre, apellidos, correo electr\u00f3nico y cuenta de redes sociales. Se podr\u00e1 solicitar un n\u00famero de tel\u00e9fono a los ganadores para coordinar la entrega del premio.<\/li>\n<li><strong>Retenci\u00f3n:<\/strong>\u00a0Los datos de las participaciones en el sorteo se conservar\u00e1n hasta la finalizaci\u00f3n de la Promoci\u00f3n. Si ha dado su consentimiento para recibir publicidad, sus datos se conservar\u00e1n hasta que lo retire. Los datos de los ganadores se conservar\u00e1n hasta 5 a\u00f1os para fines de auditor\u00eda y cumplimiento normativo.<\/li>\n<li><strong>Derechos:<\/strong>\u00a0Tiene derecho a acceder, rectificar, suprimir o restringir el tratamiento de sus datos, as\u00ed como a la portabilidad de los mismos. Para ejercer estos derechos, p\u00f3ngase en contacto con nosotros en\u00a0<a href=\"mailto:legal@meferi.com\"><strong>legal@meferi.com<\/strong><\/a>Tambi\u00e9n puede ponerse en contacto con su autoridad local de protecci\u00f3n de datos.<\/li>\n<li><strong>Traslados:<\/strong>\u00a0Si los datos se almacenan o procesan fuera del EEE, MEFERI utilizar\u00e1 medidas de seguridad adecuadas (por ejemplo, cl\u00e1usulas contractuales est\u00e1ndar).<\/li>\n<\/ul>\n<p><strong>Cambios, suspensi\u00f3n o terminaci\u00f3n<\/strong><\/p>\n<p>MEFERI Technologies Co., Ltd. se reserva el derecho, a su entera discreci\u00f3n, de modificar, suspender, posponer o cancelar esta Promoci\u00f3n, total o parcialmente, en cualquier momento y sin previo aviso, si surgen circunstancias que est\u00e9n fuera de su control razonable o que puedan comprometer la imparcialidad, integridad o conducta adecuada de la Promoci\u00f3n.<\/p>\n<p>Cualquier cambio a estas Reglas Oficiales se publicar\u00e1 en la p\u00e1gina oficial de la promoci\u00f3n y entrar\u00e1 en vigor a partir del momento de su publicaci\u00f3n.<\/p>\n<p><!-- notionvc: 7ea47090-b6d1-4bdf-b3f2-e9d34a5e2ba5 --><\/p>\n\r\n\t\t<\/div>\r\n\t<\/div>\r\n<\/div><\/div><\/div>\n<\/div>","protected":false},"excerpt":{"rendered":"MEFERI Community Growth Giveaway - Official Rules (Effective from the date of publication, Published on:\u00a01 October 2025 at 08:39) Promoter MEFERI Technologies Co., Ltd., Unit 3-2, Building 4, No. 2555, Section 2, Huanglong Avenue, Shuangliu District, Chengdu 610000, Sichuan, P.R. China. Contact:\u00a0campaigns@meferi.com Eligibility This Promotion is open only to natural persons aged 18 years or [...]","protected":false},"author":5,"featured_media":0,"parent":0,"menu_order":0,"comment_status":"closed","ping_status":"closed","template":"","meta":{"_acf_changed":false,"footnotes":""},"industry":[],"class_list":["post-9630","page","type-page","status-publish","hentry"],"acf":[],"_links":{"self":[{"href":"https:\/\/meferi.com\/es\/wp-json\/wp\/v2\/pages\/9630","targetHints":{"allow":["GET"]}}],"collection":[{"href":"https:\/\/meferi.com\/es\/wp-json\/wp\/v2\/pages"}],"about":[{"href":"https:\/\/meferi.com\/es\/wp-json\/wp\/v2\/types\/page"}],"author":[{"embeddable":true,"href":"https:\/\/meferi.com\/es\/wp-json\/wp\/v2\/users\/5"}],"replies":[{"embeddable":true,"href":"https:\/\/meferi.com\/es\/wp-json\/wp\/v2\/comments?post=9630"}],"version-history":[{"count":0,"href":"https:\/\/meferi.com\/es\/wp-json\/wp\/v2\/pages\/9630\/revisions"}],"wp:attachment":[{"href":"https:\/\/meferi.com\/es\/wp-json\/wp\/v2\/media?parent=9630"}],"wp:term":[{"taxonomy":"industry","embeddable":true,"href":"https:\/\/meferi.com\/es\/wp-json\/wp\/v2\/industry?post=9630"}],"curies":[{"name":"wp","href":"https:\/\/api.w.org\/{rel}","templated":true}]}}