{"id":506,"date":"2025-08-05T23:47:08","date_gmt":"2025-08-05T20:47:08","guid":{"rendered":"https:\/\/meferi.pontima.ru\/?page_id=506"},"modified":"2026-02-04T09:11:39","modified_gmt":"2026-02-04T08:11:39","slug":"contact-meferi","status":"publish","type":"page","link":"https:\/\/meferi.com\/es\/contact-meferi\/","title":{"rendered":"Contacto MEFERI"},"content":{"rendered":"<div class=\"wpb-content-wrapper\"><div class=\"vc_row wpb_row row top-row gradient-container-1 rounded-section vc_custom_1756144845035 vc_row-has-fill vc_row-o-content-middle vc_row-flex wpb_custom_034b39d9bc6c6b310d69e39f0ccf274f\"><div class=\"gradient-column-1 vc_column_container col-md-6 vc_custom_1754429301146\"><div class=\"wpb_wrapper vc_column-inner\"><div class=\"porto-sicon-box  vc_custom_1757049804532  wpb_custom_15f954ea264e1aa9eabc875a7847dc8d style_1 top-icon\"><div class=\"porto-sicon-top\"><div class=\"porto-just-icon-wrapper porto-sicon-img  porto-icon-9f5d1cfb45d27d96b50bf473aebba227\" style=\"font-size: 99px;\"><img loading=\"lazy\" decoding=\"async\" class=\"img-icon\" alt=\"\" src=\"https:\/\/meferi.com\/wp-content\/uploads\/2025\/08\/blue1.png\" width=\"128\" height=\"128\" \/><\/div><\/div><div class=\"porto-sicon-header\" style=\"margin-bottom:22px;\"><h3 class=\"porto-sicon-title\" style=\"margin-bottom:22px;\">P\u00f3ngase En Contacto Con Nosotros<\/h3><p>\u00bfListo para llevar su negocio al siguiente nivel?<\/p><\/div> <!-- header --><div class=\"porto-sicon-description\" style=\"\">Ponte en contacto con nuestros expertos. Cont\u00e1ctanos ahora.<br \/>\nAqu\u00ed te explicamos c\u00f3mo puedes comunicarte con nosotros.<\/div> <!-- description --><\/div><!-- porto-sicon-box --><\/div><\/div><div class=\"gradient-column-2 vc_column_container col-md-6 section section-parallax vc_custom_1754425010515\"><div class=\"wpb_wrapper vc_column-inner\">\r\n\t<div class=\"wpb_single_image wpb_content_element vc_align_left wpb_content_element  wpb_custom_81a4f7ef9830bf958462581aa01150fb\"><div class=\"wpb_wrapper\">\r\n\t\t\t\r\n\t\t\t<div class=\"vc_single_image-wrapper   vc_box_border_grey\"><img loading=\"lazy\" decoding=\"async\" width=\"600\" height=\"480\" src=\"https:\/\/meferi.com\/wp-content\/uploads\/2025\/08\/btm1.png\" class=\"vc_single_image-img attachment-full\" alt=\"\" title=\"btm1\" srcset=\"https:\/\/meferi.com\/wp-content\/uploads\/2025\/08\/btm1.png 600w, https:\/\/meferi.com\/wp-content\/uploads\/2025\/08\/btm1-400x320.png 400w\" sizes=\"auto, (max-width: 600px) 100vw, 600px\" \/><\/div>\r\n\t\t<\/div>\r\n\t<\/div>\r\n<\/div><\/div><\/div><div class=\"vc_row wpb_row row top-row gradient-container-2 rounded-section vc_custom_1757015196420 vc_row-has-fill vc_row-o-content-bottom vc_row-flex wpb_custom_034b39d9bc6c6b310d69e39f0ccf274f\"><div class=\"gradient-column-3 vc_column_container col-md-6 vc_custom_1755694446934\"><div class=\"wpb_wrapper vc_column-inner\"><div class=\"porto-sicon-box  vc_custom_1762964900659  wpb_custom_eda108f1ca4c258770eada385a7bba5c style_1 top-icon\"><div class=\"porto-sicon-top\"><div class=\"porto-just-icon-wrapper porto-sicon-img  porto-icon-9f5d1cfb45d27d96b50bf473aebba227\" style=\"font-size: 90px;\"><img loading=\"lazy\" decoding=\"async\" class=\"img-icon\" alt=\"\" src=\"https:\/\/meferi.com\/wp-content\/uploads\/2025\/08\/blue1.png\" width=\"128\" height=\"128\" \/><\/div><\/div><div class=\"porto-sicon-header\" style=\"margin-bottom:44px;\"><a class=\"porto-sicon-box-link\" href=\"tel:+864001818815\" target='_blank'><h3 class=\"porto-sicon-title\" style=\"margin-bottom:22px;\">P\u00f3ngase En Contacto Con Ventas<\/h3><\/a><p>+86 400-1818-815<\/p><\/div> <!-- header --><div class=\"porto-sicon-description\" style=\"\">Optimice sus operaciones comerciales contactando a nuestro experto equipo de ventas. Descubra todo el potencial de los productos y soluciones MEFERI y reciba asesoramiento completo para su compra.<\/div> <!-- description --><\/div><!-- porto-sicon-box --><div class=\"vc_btn3-container vc_btn3-left vc_custom_1757015152413 vc_do_btn\" >\r\n\t<a class=\"vc_general vc_btn3 vc_btn3-size-lg vc_btn3-shape-round vc_btn3-style-classic wpb_custom_6687b26f39488ddbb85ddb3c1ce8e111 vc_btn3-color-black btn\" style=\"padding-left:44px; padding-right:44px;\" href=\"https:\/\/meferi.com\/es\/contact-meferi\/contact-sales\/\" title=\"P\u00f3ngase En Contacto Con Ventas\" target=\"_blank\">Contacto<\/a>\t<\/div>\r\n<\/div><\/div><div class=\"gradient-column-4 vc_column_container col-md-6 vc_custom_1755694495383\"><div class=\"wpb_wrapper vc_column-inner\"><div class=\"porto-sicon-box  vc_custom_1762965163516  wpb_custom_155687f62565a444a1ba2263e74d0ebb style_1 top-icon\"><div class=\"porto-sicon-top\"><div class=\"porto-just-icon-wrapper porto-sicon-img  porto-icon-9f5d1cfb45d27d96b50bf473aebba227\" style=\"font-size: 90px;\"><img loading=\"lazy\" decoding=\"async\" class=\"img-icon\" alt=\"\" src=\"https:\/\/meferi.com\/wp-content\/uploads\/2025\/08\/white1.png\" width=\"128\" height=\"128\" \/><\/div><\/div><div class=\"porto-sicon-header\" style=\"margin-bottom:44px;\"><a class=\"porto-sicon-box-link\" href=\"tel:+864001818815\" target='_blank'><h3 class=\"porto-sicon-title\" style=\"margin-bottom:22px;\">Atenci\u00f3n al cliente<\/h3><\/a><p>+86 400-1818-815<\/p><\/div> <!-- header --><div class=\"porto-sicon-description\" style=\"\">Tanto si eres un usuario experimentado de MEFERI como si est\u00e1s empezando, estamos aqu\u00ed para ayudarte. Y recibe asesoramiento experto cualificado sobre toda nuestra gama de productos MEFERI.<\/div> <!-- description --><\/div><!-- porto-sicon-box --><div class=\"vc_btn3-container vc_btn3-left vc_custom_1770192694251 vc_do_btn\" >\r\n\t<a class=\"vc_general vc_btn3 vc_btn3-size-lg vc_btn3-shape-round vc_btn3-style-classic wpb_custom_6687b26f39488ddbb85ddb3c1ce8e111 vc_btn3-color-black btn\" style=\"padding-left:44px; padding-right:44px;\" href=\"https:\/\/meferi.com\/es\/support\/\" title=\"Contacto Con El Soporte\" target=\"_blank\">Contacto<\/a>\t<\/div>\r\n<\/div><\/div><\/div><div class=\"vc_row wpb_row row top-row gradient-container-3 rounded-section vc_custom_1756144866234 vc_row-has-fill vc_row-o-content-top vc_row-flex wpb_custom_034b39d9bc6c6b310d69e39f0ccf274f\"><div class=\"gradient-column-5 vc_column_container col-md-12 vc_custom_1754432123022\"><div class=\"wpb_wrapper vc_column-inner\"><div class=\"porto-sicon-box  vc_custom_1759912464247  wpb_custom_3ef683840b346e094e1090f74cc805da style_1 default-icon\"><div class=\"porto-sicon-header\" style=\"margin-bottom:22px;\"><h3 class=\"porto-sicon-title\" style=\"margin-bottom:22px;\">Encuentre la oficina MEFERI cerca de usted<\/h3><\/div> <!-- header --><\/div><!-- porto-sicon-box --><\/div><\/div><div class=\"gradient-column-6 vc_column_container col-md-6 vc_custom_1754429301146\"><div class=\"wpb_wrapper vc_column-inner\"><div class=\"porto-sicon-box  vc_custom_1762964682509  wpb_custom_e9f065fcad674d962790ad341e9de770 style_1 default-icon flex-wrap\"><div class=\"porto-sicon-header\" style=\"margin-bottom:22px;\"><h3 class=\"porto-sicon-title\" style=\"margin-bottom:22px;\">Sede y centro de fabricaci\u00f3n<\/h3><p>MEFERI Technologies Co., Ltd.<\/p><\/div> <!-- header --><div class=\"porto-sicon-description\" style=\"\"><span style=\"font-size: 17px;\">Unidad 3-2, Edificio 4, N.\u00b0 2555, Secci\u00f3n 2, Avenida Huanglong, Distrito de Shuangliu, <\/span><span style=\"font-size: 17px;\">Chengdu, Sichuan, Rep\u00fablica Popular China, C\u00f3digo postal: 610000<\/span><\/p>\n<p><span data-teams=\"true\">\ud83d\udce7<\/span> <a class=\"hover_active\" href=\"mailto:meferi@meferi.com\" data-v-f3e115c6=\"\">meferi@meferi.com<\/a><\/p>\n<p><span data-teams=\"true\">\ud83d\udcde <\/span><a class=\"hover_active\" href=\"tel:+86 400-1818-815\" data-v-f3e115c6=\"\">+86 400-1818-815<\/a><\/div> <!-- description --><\/div><!-- porto-sicon-box --><\/div><\/div><div class=\"gradient-column-7 vc_column_container col-md-6 vc_custom_1754431206322\"><div class=\"wpb_wrapper vc_column-inner\"><div class=\"porto-sicon-box  vc_custom_1759855836382  wpb_custom_e9f065fcad674d962790ad341e9de770 style_1 default-icon flex-wrap\"><div class=\"porto-sicon-header\" style=\"margin-bottom:22px;\"><h3 class=\"porto-sicon-title\" style=\"margin-bottom:22px;\">Domicilio social de comercio internacional<\/h3><p>MEFERI Technologies Co., Ltd.<\/p><\/div> <!-- header --><div class=\"porto-sicon-description\" style=\"\">UNIDAD 917B.9\/F, TORRE A. NEWMANDARIN PLAZA,<br \/>\n14 Museo de Ciencias Rd, Tsim Sha Tsui,<br \/>\nKOWLOON, Hong Kong, C\u00f3digo postal: 999077<\/p>\n<p><span style=\"font-size: 14px;\">Nota: Esta direcci\u00f3n es solo para fines legales y administrativos. Todos los env\u00edos de productos, devoluciones y correspondencia operativa deben dirigirse a nuestra sede en Chengdu.<\/span><\/div> <!-- description --><\/div><!-- porto-sicon-box --><\/div><\/div><div class=\"gradient-column-8 vc_column_container col-md-12 vc_custom_1754431590031\"><div class=\"wpb_wrapper vc_column-inner\"><div class=\"porto-sicon-box  vc_custom_1766637952337  wpb_custom_9f2a3857ec7de17d9705418ae743de87 style_1 default-icon\"><div class=\"porto-sicon-header\"><h3 class=\"porto-sicon-title\" style=\"\">Oficina Regional de Europa<\/h3><\/div> <!-- header --><\/div><!-- porto-sicon-box --><\/div><\/div><div class=\"gradient-column-9 vc_column_container col-md-6\"><div class=\"wpb_wrapper vc_column-inner\"><div class=\"porto-sicon-box  vc_custom_1766638182332  wpb_custom_7e243901e3651231e6446f562928e7b0 style_1 default-icon flex-wrap\"><div class=\"porto-sicon-header\" style=\"margin-bottom:22px;\"><h3 class=\"porto-sicon-title\" style=\"margin-bottom:22px;\">checo<\/h3><p>MEFERI Checa sro<\/p><\/div> <!-- header --><div class=\"porto-sicon-description\" style=\"\">Svetova 523\/1, Praga 8, 180 00, Rep\u00fablica Checa.<\/p>\n<p>\ud83d\udce7 <a class=\"hover_active\" href=\"mailto:czech@meferi.com\" data-v-f3e115c6=\"\">czech@meferi.com<\/a><\/p>\n<p><span data-teams=\"true\">\ud83d\udcde <\/span><a class=\"hover_active\" href=\"tel:+420737489292\" data-v-f3e115c6=\"\">+420 737-489-292<\/a><\/div> <!-- description --><\/div><!-- porto-sicon-box --><\/div><\/div><div class=\"gradient-column-10 vc_column_container col-md-6\"><div class=\"wpb_wrapper vc_column-inner\"><\/div><\/div><div class=\"gradient-column-11 vc_column_container col-md-6\"><div class=\"wpb_wrapper vc_column-inner\"><div class=\"porto-sicon-box  vc_custom_1766638255272  wpb_custom_7e243901e3651231e6446f562928e7b0 style_1 default-icon flex-wrap\"><div class=\"porto-sicon-header\" style=\"margin-bottom:22px;\"><h3 class=\"porto-sicon-title\" style=\"margin-bottom:22px;\">Moldavia<\/h3><p>Representante oficial<\/p><\/div> <!-- header --><div class=\"porto-sicon-description\" style=\"\"><span data-teams=\"true\">171\/3 Uzinelor Street, Chisinau, Rep\u00fablica de Moldavia<\/span><\/p>\n<p>\ud83d\udce7 <a class=\"hover_active\" href=\"mailto:moldova@meferi.com\" data-v-f3e115c6=\"\">moldova@meferi.com<\/a><\/p>\n<p><span data-teams=\"true\">\ud83d\udcde <\/span><a class=\"hover_active\" href=\"tel:+373(79)339933\" data-v-f3e115c6=\"\">+373(79)339933<\/a><\/div> <!-- description --><\/div><!-- porto-sicon-box --><\/div><\/div><div class=\"gradient-column-12 vc_column_container col-md-6\"><div class=\"wpb_wrapper vc_column-inner\"><div class=\"porto-sicon-box  vc_custom_1766638204625  wpb_custom_7e243901e3651231e6446f562928e7b0 style_1 default-icon flex-wrap\"><div class=\"porto-sicon-header\" style=\"margin-bottom:22px;\"><h3 class=\"porto-sicon-title\" style=\"margin-bottom:22px;\">Pa\u00edses de la CEI<\/h3><p>Representante oficial<\/p><\/div> <!-- header --><div class=\"porto-sicon-description\" style=\"\">\n<div class=\"add_item_tips\" data-v-f3e115c6=\"\">\n<p>Vladimir Volin<\/p>\n<p><span data-teams=\"true\">\ud83d\udce7 <a class=\"hover_active\" href=\"mailto:v.volin@meferi.com\" data-v-f3e115c6=\"\">v.volin@meferi.com<\/a><\/span><\/p>\n<p>\ud83d\udcde <a class=\"hover_active\" href=\"tel:+79031907755\" data-v-f3e115c6=\"\">+7 903 190-77-55<\/a><\/p>\n<\/div>\n<p><\/div> <!-- description --><\/div><!-- porto-sicon-box --><\/div><\/div><div class=\"gradient-column-13 vc_column_container col-md-12 text-left\"><div class=\"wpb_wrapper vc_column-inner\"><div class=\"porto-sicon-box  vc_custom_1766638018306  wpb_custom_9f2a3857ec7de17d9705418ae743de87 style_1 default-icon\"><div class=\"porto-sicon-header\"><h3 class=\"porto-sicon-title\" style=\"\">Oficina Regional de \u00c1frica<\/h3><\/div> <!-- header --><\/div><!-- porto-sicon-box --><div class=\"porto-sicon-box  vc_custom_1766638568963  wpb_custom_7e243901e3651231e6446f562928e7b0 style_1 default-icon flex-wrap\"><div class=\"porto-sicon-header\" style=\"margin-bottom:22px;\"><h3 class=\"porto-sicon-title\" style=\"margin-bottom:22px;\">Meferi Technologies EA Limited<\/h3><p>Representante oficial<\/p><\/div> <!-- header --><div class=\"porto-sicon-description\" style=\"\">Mirage Plaza, 3er piso, Mombasa Road,<br \/>\nNairobi Kenia, PO Box 114-00515<\/p>\n<p>\ud83d\udce7 <a href=\"mailto:east.africa@meferi.com\">east.africa@meferi.com<\/a><\/p>\n<p><span data-teams=\"true\">\ud83d\udcde <a href=\"tel:+254 738 825099\">+254 738 825099<\/a><\/span><\/div> <!-- description --><\/div><!-- porto-sicon-box --><\/div><\/div><\/div><div class=\"vc_row wpb_row row top-row gradient-container-4 rounded-section vc_custom_1756144879928 vc_row-has-fill vc_row-o-content-middle vc_row-flex wpb_custom_034b39d9bc6c6b310d69e39f0ccf274f\"><div class=\"gradient-column-14 vc_column_container col-md-6 vc_custom_1754429301146\"><div class=\"wpb_wrapper vc_column-inner\"><div class=\"porto-sicon-box  vc_custom_1757049717483  wpb_custom_510e239a24dc8077b7269da32129300e style_1 default-icon flex-wrap\"><div class=\"porto-sicon-header\" style=\"margin-bottom:22px;\"><h3 class=\"porto-sicon-title\" style=\"margin-bottom:22px;\">Gracias por elegir MEFERI<\/h3><p>Servicio al cliente excepcional garantizado<\/p><\/div> <!-- header --><div class=\"porto-sicon-description\" style=\"\">Gracias por considerar a MEFERI para sus necesidades de productos o servicios. Nuestro equipo de expertos se dedica a brindar un excelente servicio al cliente y soporte. Si tiene alguna pregunta o inquietud, no dude en contactarnos. Utilice los botones de informaci\u00f3n de contacto para comunicarse con el departamento de ventas o el equipo de soporte t\u00e9cnico, o utilice los n\u00fameros de tel\u00e9fono o correos electr\u00f3nicos indicados anteriormente. \u00a1Siempre estaremos encantados de ayudarle!<\/div> <!-- description --><\/div><!-- porto-sicon-box --><\/div><\/div><div class=\"gradient-column-15 vc_column_container col-md-6 section section-parallax vc_custom_1754425010515\"><div class=\"wpb_wrapper vc_column-inner\">\r\n\t<div class=\"wpb_single_image wpb_content_element vc_align_left wpb_content_element  wpb_custom_81a4f7ef9830bf958462581aa01150fb\"><div class=\"wpb_wrapper\">\r\n\t\t\t\r\n\t\t\t<div class=\"vc_single_image-wrapper   vc_box_border_grey\"><img loading=\"lazy\" decoding=\"async\" width=\"640\" height=\"530\" src=\"https:\/\/meferi.com\/wp-content\/uploads\/2025\/08\/btm2-1.jpg\" class=\"vc_single_image-img attachment-full\" alt=\"\" title=\"btm2\" srcset=\"https:\/\/meferi.com\/wp-content\/uploads\/2025\/08\/btm2-1.jpg 640w, https:\/\/meferi.com\/wp-content\/uploads\/2025\/08\/btm2-1-400x331.jpg 400w, https:\/\/meferi.com\/wp-content\/uploads\/2025\/08\/btm2-1-600x497.jpg 600w\" sizes=\"auto, (max-width: 640px) 100vw, 640px\" \/><\/div>\r\n\t\t<\/div>\r\n\t<\/div>\r\n<\/div><\/div><\/div>\n<\/div>","protected":false},"excerpt":{"rendered":"Contact UsReady to Take Your Business to the Next Level? Get in touch with our experts. contact us now. Here's how you can reach us. Contact Sales+86 400-1818-815 Take a step to optimizing your business operations by connecting with our knowledgeable sales team. Discover full potential of MEFERI products and solutions, and get full guidance [...]","protected":false},"author":2,"featured_media":8450,"parent":0,"menu_order":0,"comment_status":"closed","ping_status":"closed","template":"","meta":{"_acf_changed":false,"footnotes":""},"industry":[],"class_list":["post-506","page","type-page","status-publish","has-post-thumbnail","hentry"],"acf":[],"_links":{"self":[{"href":"https:\/\/meferi.com\/es\/wp-json\/wp\/v2\/pages\/506","targetHints":{"allow":["GET"]}}],"collection":[{"href":"https:\/\/meferi.com\/es\/wp-json\/wp\/v2\/pages"}],"about":[{"href":"https:\/\/meferi.com\/es\/wp-json\/wp\/v2\/types\/page"}],"author":[{"embeddable":true,"href":"https:\/\/meferi.com\/es\/wp-json\/wp\/v2\/users\/2"}],"replies":[{"embeddable":true,"href":"https:\/\/meferi.com\/es\/wp-json\/wp\/v2\/comments?post=506"}],"version-history":[{"count":0,"href":"https:\/\/meferi.com\/es\/wp-json\/wp\/v2\/pages\/506\/revisions"}],"wp:featuredmedia":[{"embeddable":true,"href":"https:\/\/meferi.com\/es\/wp-json\/wp\/v2\/media\/8450"}],"wp:attachment":[{"href":"https:\/\/meferi.com\/es\/wp-json\/wp\/v2\/media?parent=506"}],"wp:term":[{"taxonomy":"industry","embeddable":true,"href":"https:\/\/meferi.com\/es\/wp-json\/wp\/v2\/industry?post=506"}],"curies":[{"name":"wp","href":"https:\/\/api.w.org\/{rel}","templated":true}]}}