{"id":4767,"date":"2025-08-20T11:15:55","date_gmt":"2025-08-20T08:15:55","guid":{"rendered":"https:\/\/meferi.pontima.ru\/?page_id=4767"},"modified":"2025-08-20T11:16:27","modified_gmt":"2025-08-20T08:16:27","slug":"windriver","status":"publish","type":"page","link":"https:\/\/meferi.com\/es\/software\/omnisoftware-suite\/windriver\/","title":{"rendered":"WinDriver"},"content":{"rendered":"<div class=\"wpb-content-wrapper\"><div class=\"vc_row wpb_row row top-row gradient-container-1 rounded-section vc_custom_1755626505543 vc_row-has-fill vc_row-o-content-middle vc_row-flex wpb_custom_034b39d9bc6c6b310d69e39f0ccf274f\"><div class=\"gradient-column-1 vc_column_container col-md-3\"><div class=\"wpb_wrapper vc_column-inner\">\r\n\t<div class=\"wpb_single_image wpb_content_element vc_align_center wpb_content_element  vc_custom_1755677779524 wpb_custom_81a4f7ef9830bf958462581aa01150fb\"><div class=\"wpb_wrapper\">\r\n\t\t\t\r\n\t\t\t<div class=\"vc_single_image-wrapper   vc_box_border_grey\"><img decoding=\"async\" class=\"vc_single_image-img\" src=\"https:\/\/meferi.com\/wp-content\/uploads\/2025\/08\/oss16.3bbe6dad-1.svg\" width=\"122\" height=\"122\" alt=\"oss16.3bbe6dad (1)\" title=\"oss16.3bbe6dad (1)\" loading=\"lazy\" \/><\/div>\r\n\t\t<\/div>\r\n\t<\/div>\r\n<\/div><\/div><div class=\"gradient-column-2 vc_column_container col-md-9 section section-parallax vc_custom_1754425010515\"><div class=\"wpb_wrapper vc_column-inner\"><div class=\"porto-sicon-box  vc_custom_1755677700293  wpb_custom_25365e23fceccf8f15db48de8f75c6aa style_1 default-icon flex-wrap\"><div class=\"porto-sicon-header\"><h2 class=\"porto-sicon-title\" style=\"\">WinDriver<\/h2><p>La impresi\u00f3n eficiente de etiquetas comienza con el controlador de Windows adecuado<\/p><\/div> <!-- header --><div class=\"porto-sicon-description\" style=\"\">Desarrollado por: MEFERI<\/p>\n<div class=\"img_item\" data-v-4bc8856b=\"\">\n<div class=\"img_item\" data-v-3f1891a0=\"\"><img decoding=\"async\" src=\"https:\/\/meferi.com\/img\/aip.9e6eeebf.svg\" alt=\"\" data-v-08800ec6=\"\"> <span data-v-08800ec6=\"\">Instalaci\u00f3n opcional mediante paquete<\/span><\/div>\n<\/div>\n<p><a class=\"porto-sicon-read xx\" href=\"https:\/\/meferi.com\/es\/contact-meferi\/contact-sales\/\" target='_blank' title='P\u00f3ngase En Contacto Con Ventas'>P\u00f3ngase En Contacto Con Ventas<span>&nbsp;\u00bb<\/span><\/a><\/div> <!-- description --><\/div><!-- porto-sicon-box --><\/div><\/div><\/div><div class=\"vc_row wpb_row row top-row gradient-container-2 rounded-section vc_custom_1755626330333 vc_row-has-fill vc_row-o-content-middle vc_row-flex wpb_custom_034b39d9bc6c6b310d69e39f0ccf274f\"><div class=\"gradient-column-3 vc_column_container col-md-8 text-left vc_custom_1755615028840\"><div class=\"wpb_wrapper vc_column-inner\"><div class=\"porto-sicon-box  vc_custom_1755677715138  wpb_custom_b1a30c604ff8b5a57cd7043001a08032 style_1 default-icon flex-wrap\"><div class=\"porto-sicon-header\"><h2 class=\"porto-sicon-title\" style=\"\">Descripci\u00f3n<\/h2><\/div> <!-- header --><div class=\"porto-sicon-description\" style=\"\">\n<div class=\"bfm_wrap abd_wrap\" data-v-5a780be4=\"\">\n<div class=\"title_des_wrap\" data-v-5a780be4=\"\">\n<div class=\"des\" data-v-5a780be4=\"\">El controlador de Windows para impresoras de etiquetas de escritorio simplifica el proceso de impresi\u00f3n de etiquetas, permiti\u00e9ndole comenzar f\u00e1cilmente. Con nuestra soluci\u00f3n personalizada, puede conectar f\u00e1cilmente su impresora a su computadora Windows y comenzar a imprimir etiquetas de calidad profesional de inmediato.<\/div>\n<\/div>\n<\/div>\n<div class=\"fdo_wrap\" data-v-5a780be4=\"\">\n<div class=\"title_des_wrap\" data-v-5a780be4=\"\"><\/div>\n<\/div>\n<p><\/div> <!-- description --><\/div><!-- porto-sicon-box --><\/div><\/div><div class=\"gradient-column-4 vc_column_container col-md-4\"><div class=\"wpb_wrapper vc_column-inner\"><\/div><\/div><\/div><div class=\"vc_row wpb_row row top-row gradient-container-3 rounded-section vc_custom_1755626084429 vc_row-has-fill vc_row-o-content-top vc_row-flex wpb_custom_034b39d9bc6c6b310d69e39f0ccf274f\"><div class=\"gradient-column-5 vc_column_container col-md-7 vc_custom_1755626380823\"><div class=\"wpb_wrapper vc_column-inner\">\r\n\t<div class=\"wpb_text_column wpb_content_element wpb_custom_7c91d232724f73626cc933bd95b25ff0\" >\r\n\t\t<div class=\"wpb_wrapper\">\r\n\t\t\t<h2>Descripci\u00f3n general de funciones<\/h2>\n\r\n\t\t<\/div>\r\n\t<\/div>\r\n\r\n\t<div class=\"wpb_text_column wpb_content_element wpb_custom_7c91d232724f73626cc933bd95b25ff0\" >\r\n\t\t<div class=\"wpb_wrapper\">\r\n\t\t\t<ul>\n<li class=\"fo_des\">Simplifique la impresi\u00f3n de etiquetas con un controlador de Windows personalizado<\/li>\n<li class=\"fo_des\">Conecte sin esfuerzo impresoras de etiquetas de escritorio a computadoras Windows<\/li>\n<li class=\"fo_des\">Comience a imprimir etiquetas de calidad profesional de forma r\u00e1pida y sencilla<\/li>\n<li class=\"fo_des\">Mejorar la compatibilidad de la impresora con sistemas basados en Windows<\/li>\n<\/ul>\n\r\n\t\t<\/div>\r\n\t<\/div>\r\n<\/div><\/div><div class=\"gradient-column-6 vc_column_container col-md-5 text-center\"><div class=\"wpb_wrapper vc_column-inner\"><div class=\"wpb_gallery wpb_content_element vc_clearfix vc_custom_1755677750381 wpb_content_element\" ><div class=\"wpb_wrapper\"><div class=\"wpb_gallery_slides wpb_flexslider flexslider_fade flexslider\" data-interval=\"0\" data-flex_fx=\"fade\"><ul class=\"slides\"><li><img loading=\"lazy\" decoding=\"async\" width=\"480\" height=\"480\" src=\"https:\/\/meferi.com\/wp-content\/uploads\/2025\/08\/1.1934a42d.png\" class=\"attachment-full\" alt=\"\" title=\"1.1934a42d\" srcset=\"https:\/\/meferi.com\/wp-content\/uploads\/2025\/08\/1.1934a42d.png 480w, https:\/\/meferi.com\/wp-content\/uploads\/2025\/08\/1.1934a42d-400x400.png 400w\" sizes=\"auto, (max-width: 480px) 100vw, 480px\" \/><\/li><\/ul><\/div><\/div><\/div><\/div><\/div><\/div><div class=\"vc_row wpb_row row top-row gradient-container-4 vc_custom_1755626258381 wpb_custom_034b39d9bc6c6b310d69e39f0ccf274f\"><div class=\"gradient-column-7 vc_column_container col-md-12\"><div class=\"wpb_wrapper vc_column-inner\">\r\n\t<div class=\"wpb_text_column wpb_content_element wpb_custom_7c91d232724f73626cc933bd95b25ff0\" >\r\n\t\t<div class=\"wpb_wrapper\">\r\n\t\t\t<div class=\"good_features\" data-v-4bc8856b=\"\">\n<h2 class=\"feat_title\"><span style=\"font-size: 32px;\">Explorar equipos compatibles<\/span><\/h2>\n<\/div>\n\r\n\t\t<\/div>\r\n\t<\/div>\r\n<\/div><\/div><\/div><div class=\"vc_row wpb_row row top-row gradient-container-5 wpb_custom_034b39d9bc6c6b310d69e39f0ccf274f\"><div class=\"gradient-column-8 vc_column_container col-md-12\"><div class=\"wpb_wrapper vc_column-inner\"><div class=\"woocommerce columns-2\"><ul class=\"products products-container grid has-ccols has-ccols-spacing ccols-xl-2 ccols-lg-2 ccols-md-2 ccols-sm-2 ccols-2 pwidth-lg-2 pwidth-md-2 pwidth-xs-1 pwidth-ls-1 is-shortcode\"\r\n\t data-product_layout=\"product-default\" role=\"none\">\r\n\r\n<li role=\"none\" class=\"product-col product-default product type-product post-4036 status-publish first instock product_cat-printers has-post-thumbnail shipping-taxable product-type-simple\">\r\n<div class=\"product-inner\">\r\n\t\r\n\t<div class=\"product-image\">\r\n\r\n\t\t<a  href=\"https:\/\/meferi.com\/es\/products\/printers\/mp4000d-desktop-printer\/\" aria-label=\"Ir a la p\u00e1gina del producto\">\r\n\t\t\t<div class=\"inner img-effect\"><img loading=\"lazy\" decoding=\"async\" width=\"800\" height=\"800\" src=\"https:\/\/meferi.com\/wp-content\/uploads\/2025\/08\/good_1-19.png\" class=\"attachment-woocommerce_thumbnail size-woocommerce_thumbnail\" alt=\"Impresora de escritorio MP4000D\" srcset=\"https:\/\/meferi.com\/wp-content\/uploads\/2025\/08\/good_1-19.png 800w, https:\/\/meferi.com\/wp-content\/uploads\/2025\/08\/good_1-19-600x600.png 600w, https:\/\/meferi.com\/wp-content\/uploads\/2025\/08\/good_1-19-768x768.png 768w, https:\/\/meferi.com\/wp-content\/uploads\/2025\/08\/good_1-19-640x640.png 640w, https:\/\/meferi.com\/wp-content\/uploads\/2025\/08\/good_1-19-400x400.png 400w\" sizes=\"auto, (max-width: 800px) 100vw, 800px\" \/><img loading=\"lazy\" decoding=\"async\" width=\"800\" height=\"800\" src=\"https:\/\/meferi.com\/wp-content\/uploads\/2025\/08\/good_2-7.png\" class=\"hover-image\" alt=\"\" srcset=\"https:\/\/meferi.com\/wp-content\/uploads\/2025\/08\/good_2-7.png 800w, https:\/\/meferi.com\/wp-content\/uploads\/2025\/08\/good_2-7-600x600.png 600w, https:\/\/meferi.com\/wp-content\/uploads\/2025\/08\/good_2-7-768x768.png 768w, https:\/\/meferi.com\/wp-content\/uploads\/2025\/08\/good_2-7-640x640.png 640w, https:\/\/meferi.com\/wp-content\/uploads\/2025\/08\/good_2-7-400x400.png 400w\" sizes=\"auto, (max-width: 800px) 100vw, 800px\" \/><\/div>\t\t<\/a>\r\n\t\t\t<\/div>\r\n\r\n\t<div class=\"product-content\">\r\n\t\t<span class=\"category-list\"><a href=\"https:\/\/meferi.com\/es\/product-category\/printers\/\" rel=\"tag\">Impresoras<\/a><\/span>\r\n\t\t\t<a class=\"product-loop-title\"  href=\"https:\/\/meferi.com\/es\/products\/printers\/mp4000d-desktop-printer\/\">\r\n\t<h3 class=\"woocommerce-loop-product__title\">Impresora de escritorio MP4000D<\/h3>\t<\/a>\r\n\t\r\n\t\t\r\n\t\t<div class=\"add-links-wrap\">\r\n\t<div class=\"add-links clearfix\">\r\n\t\t<a href=\"https:\/\/meferi.com\/es\/products\/printers\/mp4000d-desktop-printer\/\" aria-describedby=\"woocommerce_loop_add_to_cart_link_describedby_4036\" rel=\"nofollow\" data-product_id=\"4036\" data-product_sku=\"\" data-quantity=\"1\" class=\"button viewcart-style-3 add_to_cart_read_more product_type_simple\"  aria-label=\"Leer m\u00e1s sobre \u201cMP4000D Desktop Printer\u201d\" data-success_message=\"\" data-no-translation-aria-label=\"\">Solicitar precios<\/a>\t\t<span id=\"woocommerce_loop_add_to_cart_link_describedby_4036\" class=\"screen-reader-text\">\r\n\t\t\t<\/span>\r\n\t\t\n<div\n\tclass=\"yith-wcwl-add-to-wishlist add-to-wishlist-4036 yith-wcwl-add-to-wishlist--link-style wishlist-fragment on-first-load\"\n\tdata-fragment-ref=\"4036\"\n\tdata-fragment-options=\"{&quot;base_url&quot;:&quot;&quot;,&quot;product_id&quot;:4036,&quot;parent_product_id&quot;:0,&quot;product_type&quot;:&quot;simple&quot;,&quot;is_single&quot;:false,&quot;in_default_wishlist&quot;:false,&quot;show_view&quot;:false,&quot;browse_wishlist_text&quot;:&quot;Browse wishlist&quot;,&quot;already_in_wishslist_text&quot;:&quot;The product is already in your wishlist!&quot;,&quot;product_added_text&quot;:&quot;Product added!&quot;,&quot;available_multi_wishlist&quot;:false,&quot;disable_wishlist&quot;:false,&quot;show_count&quot;:false,&quot;ajax_loading&quot;:false,&quot;loop_position&quot;:&quot;after_add_to_cart&quot;,&quot;item&quot;:&quot;add_to_wishlist&quot;}\"\n>\n\t\t\t\n\t\t\t<!-- ADD TO WISHLIST -->\n\t\t\t\n<div class=\"yith-wcwl-add-button\">\n\t\t<a\n\t\thref=\"?add_to_wishlist=4036&#038;_wpnonce=67407a192d\"\n\t\tclass=\"add_to_wishlist single_add_to_wishlist\"\n\t\tdata-product-id=\"4036\"\n\t\tdata-product-type=\"simple\"\n\t\tdata-original-product-id=\"0\"\n\t\tdata-title=\"Add to wishlist\"\n\t\trel=\"nofollow\"\n\t>\n\t\t<svg id=\"yith-wcwl-icon-heart-outline\" class=\"yith-wcwl-icon-svg\" fill=\"none\" stroke-width=\"1.5\" stroke=\"currentColor\" viewbox=\"0 0 24 24\" xmlns=\"http:\/\/www.w3.org\/2000\/svg\">\n  <path stroke-linecap=\"round\" stroke-linejoin=\"round\" d=\"M21 8.25c0-2.485-2.099-4.5-4.688-4.5-1.935 0-3.597 1.126-4.312 2.733-.715-1.607-2.377-2.733-4.313-2.733C5.1 3.75 3 5.765 3 8.25c0 7.22 9 12 9 12s9-4.78 9-12Z\"><\/path>\n<\/svg>\t\t<span>A\u00f1adir a la lista de deseos<\/span>\n\t<\/a>\n<\/div>\n\n\t\t\t<!-- COUNT TEXT -->\n\t\t\t\n\t\t\t<\/div>\n<div class=\"quickview\" data-id=\"4036\" title=\"Vista r\u00e1pida\">Vista r\u00e1pida<\/div>\t<\/div>\r\n\t<\/div>\r\n\t<\/div>\r\n<\/div>\r\n\r\n<\/li>\r\n<\/ul>\r\n<\/div><\/div><\/div><\/div><div class=\"vc_row wpb_row row top-row gradient-container-6 rounded-section vc_custom_1755605558485 vc_row-has-fill vc_row-o-content-middle vc_row-flex wpb_custom_034b39d9bc6c6b310d69e39f0ccf274f\"><div class=\"gradient-column-9 vc_column_container col-md-6\"><div class=\"wpb_wrapper vc_column-inner\"><div class=\"porto-sicon-box  vc_custom_1755625070518  wpb_custom_68abc7c917302c9ef27d36af9d5f2dbd style_1 default-icon flex-wrap\"><div class=\"porto-sicon-header\" style=\"margin-bottom:12px;\"><h2 class=\"porto-sicon-title\" style=\"\">Pruebe hoy las soluciones de vanguardia de MEFERI<\/h2><\/div> <!-- header --><div class=\"porto-sicon-description\" style=\"\">Pruebe nuestras soluciones l\u00edderes en la industria con una prueba gratuita. Descubra la diferencia que MEFERI puede marcar en sus operaciones. Nuestros productos de vanguardia est\u00e1n dise\u00f1ados para satisfacer las necesidades \u00fanicas de su industria. Ya sea que busque mejorar la eficiencia operativa, reducir costos o descubrir nuevas capacidades, \u00a1una prueba gratuita de nuestros productos marca el primer paso en su negocio!<a class=\"porto-sicon-read xx\" href=\"https:\/\/meferi.com\/es\/contact-meferi\/contact-sales\/\" title='P\u00f3ngase En Contacto Con Ventas'>Comience su prueba de manejo gratuita<span>&nbsp;\u00bb<\/span><\/a><\/div> <!-- description --><\/div><!-- porto-sicon-box --><\/div><\/div><div class=\"gradient-column-10 vc_column_container col-md-6 section section-parallax vc_custom_1754425010515\"><div class=\"wpb_wrapper vc_column-inner\">\r\n\t<div class=\"wpb_single_image wpb_content_element vc_align_right wpb_content_element  vc_custom_1755625079199 wpb_custom_81a4f7ef9830bf958462581aa01150fb\"><div class=\"wpb_wrapper\">\r\n\t\t\t\r\n\t\t\t<div class=\"vc_single_image-wrapper   vc_box_border_grey\"><img loading=\"lazy\" decoding=\"async\" width=\"1040\" height=\"1160\" src=\"https:\/\/meferi.com\/wp-content\/uploads\/2025\/08\/bfm-9.png\" class=\"vc_single_image-img attachment-full\" alt=\"\" title=\"bfm (9)\" srcset=\"https:\/\/meferi.com\/wp-content\/uploads\/2025\/08\/bfm-9.png 1040w, https:\/\/meferi.com\/wp-content\/uploads\/2025\/08\/bfm-9-1000x1115.png 1000w, https:\/\/meferi.com\/wp-content\/uploads\/2025\/08\/bfm-9-538x600.png 538w, https:\/\/meferi.com\/wp-content\/uploads\/2025\/08\/bfm-9-717x800.png 717w, https:\/\/meferi.com\/wp-content\/uploads\/2025\/08\/bfm-9-768x857.png 768w, https:\/\/meferi.com\/wp-content\/uploads\/2025\/08\/bfm-9-640x714.png 640w, https:\/\/meferi.com\/wp-content\/uploads\/2025\/08\/bfm-9-400x446.png 400w\" sizes=\"auto, (max-width: 1040px) 100vw, 1040px\" \/><\/div>\r\n\t\t<\/div>\r\n\t<\/div>\r\n<\/div><\/div><\/div><div class=\"vc_row wpb_row row top-row gradient-container-7 rounded-section vc_custom_1754900637010 text-left vc_row-has-fill vc_row-o-content-top vc_row-flex wpb_custom_034b39d9bc6c6b310d69e39f0ccf274f\"><div class=\"gradient-column-11 vc_column_container col-md-12\"><div class=\"wpb_wrapper vc_column-inner\">\r\n\t<div class=\"wpb_text_column wpb_content_element vc_custom_1755625322992 wpb_custom_7c91d232724f73626cc933bd95b25ff0\" >\r\n\t\t<div class=\"wpb_wrapper\">\r\n\t\t\t<h2 class=\"big_title\" style=\"text-align: center;\">Lleve las operaciones de su industria al siguiente nivel<\/h2>\n<div data-v-a7df9712=\"\"><\/div>\n<p style=\"text-align: center;\">Experimente soluciones dise\u00f1adas meticulosamente para las complejidades de su sector.<br \/>\nNuestros expertos pueden guiarlo a trav\u00e9s de las capacidades de cada aplicaci\u00f3n para optimizar sus operaciones y alcanzar sus objetivos comerciales.<\/p>\n\r\n\t\t<\/div>\r\n\t<\/div>\r\n<\/div><\/div><div class=\"gradient-column-12 vc_column_container col-md-1\"><div class=\"wpb_wrapper vc_column-inner\"><\/div><\/div><div class=\"gradient-column-13 vc_column_container col-md-5 text-left vc_custom_1754595878014\"><div class=\"wpb_wrapper vc_column-inner\"><div class=\"porto-ultimate-content-box-container my-rounded-box\"><style>.porto_ucb_8ba3bb8197aace42da06f0fe0083a0e1:hover{box-shadow:none}<\/style><div class=\"porto-ultimate-content-box vc_custom_1754595751442 has-content-pos justify-content-center porto_ucb_8ba3bb8197aace42da06f0fe0083a0e1\" style=\"background-color:var(--porto-light-color);border:1px solid var(--porto-light-color);\" data-bg=\"var(--porto-light-color)\"><div class=\"porto-sicon-box  vc_custom_1755617352332  wpb_custom_710b63c711f81c5f0250186a3847fdac style_1 top-icon\"><div class=\"porto-sicon-header\"><h4 class=\"porto-sicon-title\" style=\"\">Consulte con un experto de MEFERI<\/h4><p>Obtenga asesoramiento espec\u00edfico de la industria para mejorar sus capacidades operativas.<\/p><\/div> <!-- header --><div class=\"porto-sicon-description\" style=\"\"><a class=\"porto-sicon-read xx\" href=\"\/es\/contact-sales\/\" target='_blank' title='contacto-MEFERI'>P\u00f3ngase En Contacto Con Ventas<span>&nbsp;\u00bb<\/span><\/a><\/div> <!-- description --><\/div><!-- porto-sicon-box --><\/div><\/div><\/div><\/div><div class=\"gradient-column-14 vc_column_container col-md-5 vc_custom_1754595890201\"><div class=\"wpb_wrapper vc_column-inner\"><div class=\"porto-ultimate-content-box-container my-rounded-box\"><style>.porto_ucb_8ba3bb8197aace42da06f0fe0083a0e1:hover{box-shadow:none}<\/style><div class=\"porto-ultimate-content-box vc_custom_1754595770377 has-content-pos justify-content-center porto_ucb_8ba3bb8197aace42da06f0fe0083a0e1\" style=\"background-color:var(--porto-light-color);border:1px solid var(--porto-light-color);\" data-bg=\"var(--porto-light-color)\"><div class=\"porto-sicon-box  vc_custom_1755617375160  wpb_custom_710b63c711f81c5f0250186a3847fdac style_1 top-icon\"><div class=\"porto-sicon-header\"><h4 class=\"porto-sicon-title\" style=\"\">\u00bfNecesita soporte t\u00e9cnico?<\/h4><p>Para obtener soluciones r\u00e1pidas y confiables, comun\u00edquese con nuestro equipo de soporte.<\/p><\/div> <!-- header --><div class=\"porto-sicon-description\" style=\"\"><a class=\"porto-sicon-read xx\" href=\"\/es\/contact-support\/\" target='_blank' title='contacto-MEFERI'>Contacto Con El Soporte<span>&nbsp;\u00bb<\/span><\/a><\/div> <!-- description --><\/div><!-- porto-sicon-box --><\/div><\/div><\/div><\/div><\/div>\n<\/div>","protected":false},"excerpt":{"rendered":"WinDriverEfficient Label Printing Starts with the Right Windows Driver Developed by: MEFERI Optional Installation via Package Contact Sales&nbsp;&raquo; Description Windows driver for desktop label printers simplifies your label printing process, allowing you to get started with ease. With our custom solution, you can effortlessly connect your printer to your Windows computer and start printing professional-quality [...]","protected":false},"author":2,"featured_media":4770,"parent":4065,"menu_order":0,"comment_status":"closed","ping_status":"closed","template":"","meta":{"_acf_changed":false,"footnotes":""},"industry":[],"class_list":["post-4767","page","type-page","status-publish","has-post-thumbnail","hentry"],"acf":[],"_links":{"self":[{"href":"https:\/\/meferi.com\/es\/wp-json\/wp\/v2\/pages\/4767","targetHints":{"allow":["GET"]}}],"collection":[{"href":"https:\/\/meferi.com\/es\/wp-json\/wp\/v2\/pages"}],"about":[{"href":"https:\/\/meferi.com\/es\/wp-json\/wp\/v2\/types\/page"}],"author":[{"embeddable":true,"href":"https:\/\/meferi.com\/es\/wp-json\/wp\/v2\/users\/2"}],"replies":[{"embeddable":true,"href":"https:\/\/meferi.com\/es\/wp-json\/wp\/v2\/comments?post=4767"}],"version-history":[{"count":0,"href":"https:\/\/meferi.com\/es\/wp-json\/wp\/v2\/pages\/4767\/revisions"}],"up":[{"embeddable":true,"href":"https:\/\/meferi.com\/es\/wp-json\/wp\/v2\/pages\/4065"}],"wp:featuredmedia":[{"embeddable":true,"href":"https:\/\/meferi.com\/es\/wp-json\/wp\/v2\/media\/4770"}],"wp:attachment":[{"href":"https:\/\/meferi.com\/es\/wp-json\/wp\/v2\/media?parent=4767"}],"wp:term":[{"taxonomy":"industry","embeddable":true,"href":"https:\/\/meferi.com\/es\/wp-json\/wp\/v2\/industry?post=4767"}],"curies":[{"name":"wp","href":"https:\/\/api.w.org\/{rel}","templated":true}]}}