{"id":4734,"date":"2025-08-20T10:42:34","date_gmt":"2025-08-20T07:42:34","guid":{"rendered":"https:\/\/meferi.pontima.ru\/?page_id=4734"},"modified":"2026-02-04T09:32:56","modified_gmt":"2026-02-04T08:32:56","slug":"scanwizard","status":"publish","type":"page","link":"https:\/\/meferi.com\/es\/software\/omnisoftware-suite\/scanwizard\/","title":{"rendered":"ScanWizard"},"content":{"rendered":"<div class=\"wpb-content-wrapper\"><div class=\"vc_row wpb_row row top-row gradient-container-1 rounded-section vc_custom_1755626505543 vc_row-has-fill vc_row-o-content-middle vc_row-flex wpb_custom_034b39d9bc6c6b310d69e39f0ccf274f\"><div class=\"gradient-column-1 vc_column_container col-md-3\"><div class=\"wpb_wrapper vc_column-inner\">\r\n\t<div class=\"wpb_single_image wpb_content_element vc_align_center wpb_content_element  vc_custom_1755675773005 wpb_custom_81a4f7ef9830bf958462581aa01150fb\"><div class=\"wpb_wrapper\">\r\n\t\t\t\r\n\t\t\t<div class=\"vc_single_image-wrapper   vc_box_border_grey\"><img decoding=\"async\" class=\"vc_single_image-img\" src=\"https:\/\/meferi.com\/wp-content\/uploads\/2025\/08\/oss11.d8346786-1.svg\" width=\"122\" height=\"122\" alt=\"oss11.d8346786 (1)\" title=\"oss11.d8346786 (1)\" loading=\"lazy\" \/><\/div>\r\n\t\t<\/div>\r\n\t<\/div>\r\n<\/div><\/div><div class=\"gradient-column-2 vc_column_container col-md-9 section section-parallax vc_custom_1754425010515\"><div class=\"wpb_wrapper vc_column-inner\"><div class=\"porto-sicon-box  vc_custom_1755675753125  wpb_custom_25365e23fceccf8f15db48de8f75c6aa style_1 default-icon flex-wrap\"><div class=\"porto-sicon-header\"><h2 class=\"porto-sicon-title\" style=\"\">ScanWizard<\/h2><p>Configurar diferentes cabezales de escaneo, establecer par\u00e1metros del encabezado de escaneo<\/p><\/div> <!-- header --><div class=\"porto-sicon-description\" style=\"\">Desarrollado por: MEFERI<\/p>\n<div class=\"img_item\" data-v-4bc8856b=\"\"><img decoding=\"async\" src=\"https:\/\/meferi.com\/img\/and.5d622a88.svg\" alt=\"\" data-v-4bc8856b=\"\"> <span data-v-4bc8856b=\"\"><span data-v-4bc8856b=\"\">Android&nbsp; &nbsp;<\/span><\/span><img decoding=\"async\" src=\"https:\/\/meferi.com\/img\/mdm.c6b4ddd5.svg\" alt=\"\" data-v-05345313=\"\"><span data-v-05345313=\"\"> Disponible en MDM\/EMM <img decoding=\"async\" src=\"https:\/\/meferi.com\/img\/aip.9e6eeebf.svg\" alt=\"\" data-v-1145bce1=\"\"> Instalaci\u00f3n opcional mediante paquete<\/span><\/div>\n<p><a class=\"porto-sicon-read xx\" href=\"https:\/\/meferi.com\/es\/contact-meferi\/contact-sales\/\" target='_blank' title='P\u00f3ngase En Contacto Con Ventas'>P\u00f3ngase En Contacto Con Ventas<span>&nbsp;\u00bb<\/span><\/a><\/div> <!-- description --><\/div><!-- porto-sicon-box --><\/div><\/div><\/div><div class=\"vc_row wpb_row row top-row gradient-container-2 rounded-section vc_custom_1755626330333 vc_row-has-fill vc_row-o-content-middle vc_row-flex wpb_custom_034b39d9bc6c6b310d69e39f0ccf274f\"><div class=\"gradient-column-3 vc_column_container col-md-8 text-left vc_custom_1755615028840\"><div class=\"wpb_wrapper vc_column-inner\"><div class=\"porto-sicon-box  vc_custom_1755676266698  wpb_custom_b1a30c604ff8b5a57cd7043001a08032 style_1 default-icon flex-wrap\"><div class=\"porto-sicon-header\"><h2 class=\"porto-sicon-title\" style=\"\">Descripci\u00f3n<\/h2><\/div> <!-- header --><div class=\"porto-sicon-description\" style=\"\">\n<div class=\"bfm_wrap abd_wrap\" data-v-ac049aae=\"\">\n<div class=\"title_des_wrap\" data-v-ac049aae=\"\">\n<div class=\"des\" data-v-ac049aae=\"\">\n<div class=\"fo_des\" data-v-1145bce1=\"\"><\/div>\n<p>Compatible con HID, SPP, BLE.<br \/>\nTres modos de conexi\u00f3n:<\/p>\n<ul>\n<li class=\"des_item\">HID (dispositivo de interfaz humana): la entrada del teclado de simulaci\u00f3n puede ingresar texto en cualquier cuadro de entrada de posici\u00f3n del cursor.<\/li>\n<li class=\"des_item\">SPP (Perfil de puerto serie): velocidad de transmisi\u00f3n r\u00e1pida y tiempo de respuesta corto.<\/li>\n<li class=\"des_item\">BLE (Bluetooth Low Energy): Conexi\u00f3n r\u00e1pida, bajo consumo de energ\u00eda, alta confiabilidad en la transmisi\u00f3n de datos.<\/li>\n<\/ul>\n<p>Establecer par\u00e1metros de escaneo, prueba de funci\u00f3n, actualizaci\u00f3n de firmware.<\/p>\n<\/div>\n<\/div>\n<\/div>\n<div class=\"fdo_wrap\" data-v-ac049aae=\"\">\n<div class=\"title_des_wrap\" data-v-ac049aae=\"\"><\/div>\n<\/div>\n<p><\/div> <!-- description --><\/div><!-- porto-sicon-box --><\/div><\/div><div class=\"gradient-column-4 vc_column_container col-md-4\"><div class=\"wpb_wrapper vc_column-inner\"><\/div><\/div><\/div><div class=\"vc_row wpb_row row top-row gradient-container-3 rounded-section vc_custom_1755626084429 vc_row-has-fill vc_row-o-content-top vc_row-flex wpb_custom_034b39d9bc6c6b310d69e39f0ccf274f\"><div class=\"gradient-column-5 vc_column_container col-md-7 vc_custom_1755626380823\"><div class=\"wpb_wrapper vc_column-inner\">\r\n\t<div class=\"wpb_text_column wpb_content_element wpb_custom_7c91d232724f73626cc933bd95b25ff0\" >\r\n\t\t<div class=\"wpb_wrapper\">\r\n\t\t\t<h2>Descripci\u00f3n general de funciones<\/h2>\n\r\n\t\t<\/div>\r\n\t<\/div>\r\n\r\n\t<div class=\"wpb_text_column wpb_content_element wpb_custom_7c91d232724f73626cc933bd95b25ff0\" >\r\n\t\t<div class=\"wpb_wrapper\">\r\n\t\t\t<ul>\n<li class=\"fo_des\">Configurar m\u00faltiples cabezales de escaneo<\/li>\n<li class=\"fo_des\">Cambiar entre los modos HID, SPP y BLE<\/li>\n<li class=\"fo_des\">Personalizar los par\u00e1metros de escaneo<\/li>\n<li class=\"fo_des\">Realizar pruebas diagn\u00f3sticas<\/li>\n<li class=\"fo_des\">Actualizar el firmware del esc\u00e1ner<\/li>\n<li class=\"fo_des\">Administrar y supervisar el sistema de escaneo<\/li>\n<\/ul>\n\r\n\t\t<\/div>\r\n\t<\/div>\r\n<\/div><\/div><div class=\"gradient-column-6 vc_column_container col-md-5 text-center\"><div class=\"wpb_wrapper vc_column-inner\"><div class=\"wpb_gallery wpb_content_element vc_clearfix vc_custom_1755675937086 wpb_content_element\" ><div class=\"wpb_wrapper\"><div class=\"wpb_gallery_slides wpb_flexslider flexslider_fade flexslider\" data-interval=\"0\" data-flex_fx=\"fade\"><ul class=\"slides\"><li><img decoding=\"async\" class=\"\" src=\"https:\/\/meferi.com\/wp-content\/uploads\/2025\/08\/1.26408bd9.png\" width=\"240\" height=\"480\" alt=\"1.26408bd9\" title=\"1.26408bd9\" loading=\"lazy\" \/><\/li><li><img decoding=\"async\" class=\"\" src=\"https:\/\/meferi.com\/wp-content\/uploads\/2025\/08\/2.56000022.png\" width=\"240\" height=\"480\" alt=\"2.56000022\" title=\"2.56000022\" loading=\"lazy\" \/><\/li><li><img decoding=\"async\" class=\"\" src=\"https:\/\/meferi.com\/wp-content\/uploads\/2025\/08\/3.468fde7e.png\" width=\"240\" height=\"480\" alt=\"3.468fde7e\" title=\"3.468fde7e\" loading=\"lazy\" \/><\/li><\/ul><\/div><\/div><\/div><\/div><\/div><\/div><div class=\"vc_row wpb_row row top-row gradient-container-4 vc_custom_1755626258381 wpb_custom_034b39d9bc6c6b310d69e39f0ccf274f\"><div class=\"gradient-column-7 vc_column_container col-md-12\"><div class=\"wpb_wrapper vc_column-inner\">\r\n\t<div class=\"wpb_text_column wpb_content_element wpb_custom_7c91d232724f73626cc933bd95b25ff0\" >\r\n\t\t<div class=\"wpb_wrapper\">\r\n\t\t\t<div class=\"good_features\" data-v-4bc8856b=\"\">\n<h2 class=\"feat_title\"><span style=\"font-size: 32px;\">Explorar equipos compatibles<\/span><\/h2>\n<\/div>\n\r\n\t\t<\/div>\r\n\t<\/div>\r\n<\/div><\/div><\/div><div class=\"vc_row wpb_row row top-row gradient-container-5 wpb_custom_034b39d9bc6c6b310d69e39f0ccf274f\"><div class=\"gradient-column-8 vc_column_container col-md-12\"><div class=\"wpb_wrapper vc_column-inner\"><div class=\"woocommerce columns-2\"><ul class=\"products products-container grid has-ccols has-ccols-spacing ccols-xl-2 ccols-lg-2 ccols-md-2 ccols-sm-2 ccols-2 pwidth-lg-2 pwidth-md-2 pwidth-xs-1 pwidth-ls-1 is-shortcode\"\r\n\t data-product_layout=\"product-default\" role=\"none\">\r\n\r\n<li role=\"none\" class=\"product-col product-default product type-product post-367 status-publish first instock product_cat-mobile-computers product_cat-wearable-computers has-post-thumbnail featured shipping-taxable product-type-simple\">\r\n<div class=\"product-inner\">\r\n\t\r\n\t<div class=\"product-image\">\r\n\r\n\t\t<a  href=\"https:\/\/meferi.com\/es\/products\/mobile-computers\/wearable-computers\/me10-wearable-computer\/\" aria-label=\"Ir a la p\u00e1gina del producto\">\r\n\t\t\t<div class=\"inner img-effect\"><img loading=\"lazy\" decoding=\"async\" width=\"800\" height=\"800\" src=\"https:\/\/meferi.com\/wp-content\/uploads\/2025\/05\/good_1-3.png\" class=\"attachment-woocommerce_thumbnail size-woocommerce_thumbnail\" alt=\"Ordenador de bolsillo ME10\" srcset=\"https:\/\/meferi.com\/wp-content\/uploads\/2025\/05\/good_1-3.png 800w, https:\/\/meferi.com\/wp-content\/uploads\/2025\/05\/good_1-3-600x600.png 600w, https:\/\/meferi.com\/wp-content\/uploads\/2025\/05\/good_1-3-768x768.png 768w, https:\/\/meferi.com\/wp-content\/uploads\/2025\/05\/good_1-3-640x640.png 640w, https:\/\/meferi.com\/wp-content\/uploads\/2025\/05\/good_1-3-400x400.png 400w\" sizes=\"auto, (max-width: 800px) 100vw, 800px\" \/><img loading=\"lazy\" decoding=\"async\" width=\"800\" height=\"800\" src=\"https:\/\/meferi.com\/wp-content\/uploads\/2025\/05\/good_4-1.png\" class=\"hover-image\" alt=\"\" srcset=\"https:\/\/meferi.com\/wp-content\/uploads\/2025\/05\/good_4-1.png 800w, https:\/\/meferi.com\/wp-content\/uploads\/2025\/05\/good_4-1-600x600.png 600w, https:\/\/meferi.com\/wp-content\/uploads\/2025\/05\/good_4-1-768x768.png 768w, https:\/\/meferi.com\/wp-content\/uploads\/2025\/05\/good_4-1-640x640.png 640w, https:\/\/meferi.com\/wp-content\/uploads\/2025\/05\/good_4-1-400x400.png 400w\" sizes=\"auto, (max-width: 800px) 100vw, 800px\" \/><\/div>\t\t<\/a>\r\n\t\t\t<\/div>\r\n\r\n\t<div class=\"product-content\">\r\n\t\t<span class=\"category-list\"><a href=\"https:\/\/meferi.com\/es\/product-category\/mobile-computers\/\" rel=\"tag\">Equipos M\u00f3viles<\/a>, <a href=\"https:\/\/meferi.com\/es\/product-category\/mobile-computers\/wearable-computers\/\" rel=\"tag\">Ordenadores port\u00e1tiles<\/a><\/span>\r\n\t\t\t<a class=\"product-loop-title\"  href=\"https:\/\/meferi.com\/es\/products\/mobile-computers\/wearable-computers\/me10-wearable-computer\/\">\r\n\t<h3 class=\"woocommerce-loop-product__title\">Ordenador de bolsillo ME10<\/h3>\t<\/a>\r\n\t\r\n\t\t\r\n\t\t<div class=\"add-links-wrap\">\r\n\t<div class=\"add-links clearfix\">\r\n\t\t<a href=\"https:\/\/meferi.com\/es\/products\/mobile-computers\/wearable-computers\/me10-wearable-computer\/\" aria-describedby=\"woocommerce_loop_add_to_cart_link_describedby_367\" rel=\"nofollow\" data-product_id=\"367\" data-product_sku=\"\" data-quantity=\"1\" class=\"button viewcart-style-3 add_to_cart_read_more product_type_simple\"  aria-label=\"Leer m\u00e1s sobre \u201cME10 Wearable Computer\u201d\" data-success_message=\"\" data-no-translation-aria-label=\"\">Solicitar precios<\/a>\t\t<span id=\"woocommerce_loop_add_to_cart_link_describedby_367\" class=\"screen-reader-text\">\r\n\t\t\t<\/span>\r\n\t\t\n<div\n\tclass=\"yith-wcwl-add-to-wishlist add-to-wishlist-367 yith-wcwl-add-to-wishlist--link-style wishlist-fragment on-first-load\"\n\tdata-fragment-ref=\"367\"\n\tdata-fragment-options=\"{&quot;base_url&quot;:&quot;&quot;,&quot;product_id&quot;:367,&quot;parent_product_id&quot;:0,&quot;product_type&quot;:&quot;simple&quot;,&quot;is_single&quot;:false,&quot;in_default_wishlist&quot;:false,&quot;show_view&quot;:false,&quot;browse_wishlist_text&quot;:&quot;Browse wishlist&quot;,&quot;already_in_wishslist_text&quot;:&quot;The product is already in your wishlist!&quot;,&quot;product_added_text&quot;:&quot;Product added!&quot;,&quot;available_multi_wishlist&quot;:false,&quot;disable_wishlist&quot;:false,&quot;show_count&quot;:false,&quot;ajax_loading&quot;:false,&quot;loop_position&quot;:&quot;after_add_to_cart&quot;,&quot;item&quot;:&quot;add_to_wishlist&quot;}\"\n>\n\t\t\t\n\t\t\t<!-- ADD TO WISHLIST -->\n\t\t\t\n<div class=\"yith-wcwl-add-button\">\n\t\t<a\n\t\thref=\"?add_to_wishlist=367&#038;_wpnonce=67407a192d\"\n\t\tclass=\"add_to_wishlist single_add_to_wishlist\"\n\t\tdata-product-id=\"367\"\n\t\tdata-product-type=\"simple\"\n\t\tdata-original-product-id=\"0\"\n\t\tdata-title=\"Add to wishlist\"\n\t\trel=\"nofollow\"\n\t>\n\t\t<svg id=\"yith-wcwl-icon-heart-outline\" class=\"yith-wcwl-icon-svg\" fill=\"none\" stroke-width=\"1.5\" stroke=\"currentColor\" viewbox=\"0 0 24 24\" xmlns=\"http:\/\/www.w3.org\/2000\/svg\">\n  <path stroke-linecap=\"round\" stroke-linejoin=\"round\" d=\"M21 8.25c0-2.485-2.099-4.5-4.688-4.5-1.935 0-3.597 1.126-4.312 2.733-.715-1.607-2.377-2.733-4.313-2.733C5.1 3.75 3 5.765 3 8.25c0 7.22 9 12 9 12s9-4.78 9-12Z\"><\/path>\n<\/svg>\t\t<span>A\u00f1adir a la lista de deseos<\/span>\n\t<\/a>\n<\/div>\n\n\t\t\t<!-- COUNT TEXT -->\n\t\t\t\n\t\t\t<\/div>\n<div class=\"quickview\" data-id=\"367\" title=\"Vista r\u00e1pida\">Vista r\u00e1pida<\/div>\t<\/div>\r\n\t<\/div>\r\n\t<\/div>\r\n<\/div>\r\n\r\n<\/li>\r\n<\/ul>\r\n<\/div><\/div><\/div><\/div><div class=\"vc_row wpb_row row top-row gradient-container-6 rounded-section vc_custom_1755605558485 vc_row-has-fill vc_row-o-content-middle vc_row-flex wpb_custom_034b39d9bc6c6b310d69e39f0ccf274f\"><div class=\"gradient-column-9 vc_column_container col-md-6\"><div class=\"wpb_wrapper vc_column-inner\"><div class=\"porto-sicon-box  vc_custom_1755625070518  wpb_custom_68abc7c917302c9ef27d36af9d5f2dbd style_1 default-icon flex-wrap\"><div class=\"porto-sicon-header\" style=\"margin-bottom:12px;\"><h2 class=\"porto-sicon-title\" style=\"\">Pruebe hoy las soluciones de vanguardia de MEFERI<\/h2><\/div> <!-- header --><div class=\"porto-sicon-description\" style=\"\">Pruebe nuestras soluciones l\u00edderes en la industria con una prueba gratuita. Descubra la diferencia que MEFERI puede marcar en sus operaciones. Nuestros productos de vanguardia est\u00e1n dise\u00f1ados para satisfacer las necesidades \u00fanicas de su industria. Ya sea que busque mejorar la eficiencia operativa, reducir costos o descubrir nuevas capacidades, \u00a1una prueba gratuita de nuestros productos marca el primer paso en su negocio!<a class=\"porto-sicon-read xx\" href=\"https:\/\/meferi.com\/es\/contact-meferi\/contact-sales\/\" title='P\u00f3ngase En Contacto Con Ventas'>Comience su prueba de manejo gratuita<span>&nbsp;\u00bb<\/span><\/a><\/div> <!-- description --><\/div><!-- porto-sicon-box --><\/div><\/div><div class=\"gradient-column-10 vc_column_container col-md-6 section section-parallax vc_custom_1754425010515\"><div class=\"wpb_wrapper vc_column-inner\">\r\n\t<div class=\"wpb_single_image wpb_content_element vc_align_right wpb_content_element  vc_custom_1755625079199 wpb_custom_81a4f7ef9830bf958462581aa01150fb\"><div class=\"wpb_wrapper\">\r\n\t\t\t\r\n\t\t\t<div class=\"vc_single_image-wrapper   vc_box_border_grey\"><img loading=\"lazy\" decoding=\"async\" width=\"1040\" height=\"1160\" src=\"https:\/\/meferi.com\/wp-content\/uploads\/2025\/08\/bfm-9.png\" class=\"vc_single_image-img attachment-full\" alt=\"\" title=\"bfm (9)\" srcset=\"https:\/\/meferi.com\/wp-content\/uploads\/2025\/08\/bfm-9.png 1040w, https:\/\/meferi.com\/wp-content\/uploads\/2025\/08\/bfm-9-1000x1115.png 1000w, https:\/\/meferi.com\/wp-content\/uploads\/2025\/08\/bfm-9-538x600.png 538w, https:\/\/meferi.com\/wp-content\/uploads\/2025\/08\/bfm-9-717x800.png 717w, https:\/\/meferi.com\/wp-content\/uploads\/2025\/08\/bfm-9-768x857.png 768w, https:\/\/meferi.com\/wp-content\/uploads\/2025\/08\/bfm-9-640x714.png 640w, https:\/\/meferi.com\/wp-content\/uploads\/2025\/08\/bfm-9-400x446.png 400w\" sizes=\"auto, (max-width: 1040px) 100vw, 1040px\" \/><\/div>\r\n\t\t<\/div>\r\n\t<\/div>\r\n<\/div><\/div><\/div><div class=\"vc_row wpb_row row top-row gradient-container-7 rounded-section vc_custom_1754900637010 text-left vc_row-has-fill vc_row-o-content-top vc_row-flex wpb_custom_034b39d9bc6c6b310d69e39f0ccf274f\"><div class=\"gradient-column-11 vc_column_container col-md-12\"><div class=\"wpb_wrapper vc_column-inner\">\r\n\t<div class=\"wpb_text_column wpb_content_element vc_custom_1755625322992 wpb_custom_7c91d232724f73626cc933bd95b25ff0\" >\r\n\t\t<div class=\"wpb_wrapper\">\r\n\t\t\t<h2 class=\"big_title\" style=\"text-align: center;\">Lleve las operaciones de su industria al siguiente nivel<\/h2>\n<div data-v-a7df9712=\"\"><\/div>\n<p style=\"text-align: center;\">Experimente soluciones dise\u00f1adas meticulosamente para las complejidades de su sector.<br \/>\nNuestros expertos pueden guiarlo a trav\u00e9s de las capacidades de cada aplicaci\u00f3n para optimizar sus operaciones y alcanzar sus objetivos comerciales.<\/p>\n\r\n\t\t<\/div>\r\n\t<\/div>\r\n<\/div><\/div><div class=\"gradient-column-12 vc_column_container col-md-1\"><div class=\"wpb_wrapper vc_column-inner\"><\/div><\/div><div class=\"gradient-column-13 vc_column_container col-md-5 text-left vc_custom_1754595878014\"><div class=\"wpb_wrapper vc_column-inner\"><div class=\"porto-ultimate-content-box-container my-rounded-box\"><style>.porto_ucb_8ba3bb8197aace42da06f0fe0083a0e1:hover{box-shadow:none}<\/style><div class=\"porto-ultimate-content-box vc_custom_1754595751442 has-content-pos justify-content-center porto_ucb_8ba3bb8197aace42da06f0fe0083a0e1\" style=\"background-color:var(--porto-light-color);border:1px solid var(--porto-light-color);\" data-bg=\"var(--porto-light-color)\"><div class=\"porto-sicon-box  vc_custom_1755617352332  wpb_custom_710b63c711f81c5f0250186a3847fdac style_1 top-icon\"><div class=\"porto-sicon-header\"><h4 class=\"porto-sicon-title\" style=\"\">Consulte con un experto de MEFERI<\/h4><p>Obtenga asesoramiento espec\u00edfico de la industria para mejorar sus capacidades operativas.<\/p><\/div> <!-- header --><div class=\"porto-sicon-description\" style=\"\"><a class=\"porto-sicon-read xx\" href=\"\/es\/contact-sales\/\" target='_blank' title='contacto-MEFERI'>P\u00f3ngase En Contacto Con Ventas<span>&nbsp;\u00bb<\/span><\/a><\/div> <!-- description --><\/div><!-- porto-sicon-box --><\/div><\/div><\/div><\/div><div class=\"gradient-column-14 vc_column_container col-md-5 vc_custom_1754595890201\"><div class=\"wpb_wrapper vc_column-inner\"><div class=\"porto-ultimate-content-box-container my-rounded-box\"><style>.porto_ucb_8ba3bb8197aace42da06f0fe0083a0e1:hover{box-shadow:none}<\/style><div class=\"porto-ultimate-content-box vc_custom_1770193972935 has-content-pos justify-content-center porto_ucb_8ba3bb8197aace42da06f0fe0083a0e1\" style=\"background-color:var(--porto-light-color);border:1px solid var(--porto-light-color);\" data-bg=\"var(--porto-light-color)\"><div class=\"porto-sicon-box  vc_custom_1770193970686  wpb_custom_710b63c711f81c5f0250186a3847fdac style_1 top-icon\"><div class=\"porto-sicon-header\"><h4 class=\"porto-sicon-title\" style=\"\">\u00bfNecesita soporte t\u00e9cnico?<\/h4><p>Para obtener soluciones r\u00e1pidas y confiables, comun\u00edquese con nuestro equipo de soporte.<\/p><\/div> <!-- header --><div class=\"porto-sicon-description\" style=\"\"><a class=\"porto-sicon-read xx\" href=\"https:\/\/meferi.com\/es\/support\/\" target='_blank' title='contacto-MEFERI'>Contacto Con El Soporte<span>&nbsp;\u00bb<\/span><\/a><\/div> <!-- description --><\/div><!-- porto-sicon-box --><\/div><\/div><\/div><\/div><\/div>\n<\/div>","protected":false},"excerpt":{"rendered":"ScanWizardConfigure different scan heads, Set scan header parameters Developed by: MEFERI Android&nbsp; &nbsp; Available in MDM\/EMM Optional Installation via Package Contact Sales&nbsp;&raquo; Description Surports HID, SPP, BLE. Three connection modes: HID (Human Interface Device): Simulation keyboard input can enter the text into any cursor positioning input box. SPP (Serial Port Profile): Fast transmission speed and [...]","protected":false},"author":2,"featured_media":4736,"parent":4065,"menu_order":0,"comment_status":"closed","ping_status":"closed","template":"","meta":{"_acf_changed":false,"footnotes":""},"industry":[],"class_list":["post-4734","page","type-page","status-publish","has-post-thumbnail","hentry"],"acf":[],"_links":{"self":[{"href":"https:\/\/meferi.com\/es\/wp-json\/wp\/v2\/pages\/4734","targetHints":{"allow":["GET"]}}],"collection":[{"href":"https:\/\/meferi.com\/es\/wp-json\/wp\/v2\/pages"}],"about":[{"href":"https:\/\/meferi.com\/es\/wp-json\/wp\/v2\/types\/page"}],"author":[{"embeddable":true,"href":"https:\/\/meferi.com\/es\/wp-json\/wp\/v2\/users\/2"}],"replies":[{"embeddable":true,"href":"https:\/\/meferi.com\/es\/wp-json\/wp\/v2\/comments?post=4734"}],"version-history":[{"count":0,"href":"https:\/\/meferi.com\/es\/wp-json\/wp\/v2\/pages\/4734\/revisions"}],"up":[{"embeddable":true,"href":"https:\/\/meferi.com\/es\/wp-json\/wp\/v2\/pages\/4065"}],"wp:featuredmedia":[{"embeddable":true,"href":"https:\/\/meferi.com\/es\/wp-json\/wp\/v2\/media\/4736"}],"wp:attachment":[{"href":"https:\/\/meferi.com\/es\/wp-json\/wp\/v2\/media?parent=4734"}],"wp:term":[{"taxonomy":"industry","embeddable":true,"href":"https:\/\/meferi.com\/es\/wp-json\/wp\/v2\/industry?post=4734"}],"curies":[{"name":"wp","href":"https:\/\/api.w.org\/{rel}","templated":true}]}}