{"id":3863,"date":"2025-08-14T14:22:01","date_gmt":"2025-08-14T11:22:01","guid":{"rendered":"https:\/\/meferi.pontima.ru\/?page_id=3863"},"modified":"2025-11-01T12:10:37","modified_gmt":"2025-11-01T11:10:37","slug":"sub-processor-list","status":"publish","type":"page","link":"https:\/\/meferi.com\/es\/support-services\/legal-center\/sub-processor-list\/","title":{"rendered":"Lista de subprocesadores"},"content":{"rendered":"<div class=\"wpb-content-wrapper\"><div class=\"vc_row wpb_row row top-row gradient-container-1 wpb_custom_034b39d9bc6c6b310d69e39f0ccf274f\"><div class=\"gradient-column-1 vc_column_container col-md-12\"><div class=\"wpb_wrapper vc_column-inner\"><\/div><\/div><\/div><div class=\"vc_row wpb_row row top-row gradient-container-2 vc_custom_1755170329356 wpb_custom_034b39d9bc6c6b310d69e39f0ccf274f\"><div class=\"gradient-column-2 vc_column_container col-md-12 vc_custom_1755170292382\"><div class=\"wpb_wrapper vc_column-inner\">\r\n\t<div class=\"wpb_text_column wpb_content_element wpb_custom_7c91d232724f73626cc933bd95b25ff0\" >\r\n\t\t<div class=\"wpb_wrapper\">\r\n\t\t\t<div class=\"our_adv_wrap\" data-v-57f61548=\"\">\n<div class=\"our_adv_title_wrap line_title_wrap\" data-v-57f61548=\"\">\n<h1 class=\"line_title\" style=\"text-align: left;\"><span style=\"font-size: 40px;\">Lista de subprocesadores<\/span><\/h1>\n<div class=\"lang_wrap\" data-v-57f61548=\"\">\n<div class=\"el-select\" data-v-57f61548=\"\">\n<div class=\"el-input el-input--suffix\"><\/div>\n<\/div>\n<\/div>\n<\/div>\n<\/div>\n<div class=\"des_main_wrap\" data-v-57f61548=\"\">\n<div class=\"item_title_wrap small_titlw_wrap\" data-v-57f61548=\"\">\n<div class=\"item_title\" data-v-57f61548=\"\">MEFERI Technologies Co., Ltd. (\u00abMEFERI\u00bb, \u00abNosotros\u00bb, \u00abNos\u00bb o \u00abNuestro\u00bb) se compromete a la transparencia en el tratamiento de los Datos Personales en nombre de sus Clientes. Esta p\u00e1gina proporciona informaci\u00f3n sobre los subencargados del tratamiento de datos que MEFERI contrata para el tratamiento de los Datos Personales en relaci\u00f3n con la prestaci\u00f3n de nuestros Servicios, seg\u00fan se define en el Acuerdo de Tratamiento de Datos (ATP) de MEFERI.<\/div>\n<div class=\"item_tips item_tips_wrap\" data-v-57f61548=\"\">\n<div class=\"item_tips_text\" data-v-57f61548=\"\">\n<p><br data-v-57f61548=\"\">MEFERI celebra acuerdos con cada subencargado del tratamiento que imponen obligaciones de protecci\u00f3n de datos al menos equivalentes a las establecidas en nuestro Acuerdo de Protecci\u00f3n de Datos (DPA) con nuestros clientes. Efectuamos la debida diligencia con nuestros subencargados para garantizar la protecci\u00f3n de los datos personales.<br data-v-57f61548=\"\"><br data-v-57f61548=\"\">Esta lista puede actualizarse peri\u00f3dicamente. Notificaremos a nuestros clientes sobre cualquier cambio previsto en relaci\u00f3n con la incorporaci\u00f3n o sustituci\u00f3n de subencargados del tratamiento de datos, de conformidad con los t\u00e9rminos de nuestro DPA.<br data-v-57f61548=\"\"><br data-v-57f61548=\"\">Nuestro DPA completo est\u00e1 disponible&nbsp;<a href=\"https:\/\/meferi.com\/es\/legal\/data-processing-agreement\/\" target=\"_blank\" rel=\"noopener\" data-v-57f61548=\"\">aqu\u00ed<\/a>&nbsp;.<br data-v-57f61548=\"\"><br data-v-57f61548=\"\"><\/p>\n<div class=\"item_tips_tit\" data-v-57f61548=\"\">Subprocesadores MEFERI<\/div>\n<p><br data-v-57f61548=\"\">Los subprocesadores son terceros autorizados por MEFERI para procesar Datos Personales proporcionados por los Clientes de MEFERI para prestar los Servicios de MEFERI.<br data-v-57f61548=\"\"><br data-v-57f61548=\"\">Nombre de la entidad del subprocesador Categor\u00eda del servicio Finalidad del procesamiento\/Servicios proporcionados a 1TP 1T Pa\u00eds\/Regi\u00f3n de procesamiento de datos (ubicaci\u00f3n principal) Enlace a la documentaci\u00f3n de protecci\u00f3n de datos del subprocesador<\/p>\n<table id=\"29ebc854-5bc3-8021-b87d-fe3088845b38\" class=\"simple-table\">\n<thead class=\"simple-table-header\">\n<tr id=\"29ebc854-5bc3-80d0-bf34-e262603c4b8c\">\n<th id=\"m\\b@\" class=\"simple-table-header-color simple-table-header\"><strong>Nombre de entidad del subprocesador<\/strong><\/th>\n<th id=\"E@xw\" class=\"simple-table-header-color simple-table-header\"><strong>Categor\u00eda de servicio<\/strong><\/th>\n<th id=\"{QR_\" class=\"simple-table-header-color simple-table-header\"><strong>Finalidad del tratamiento \/ Servicios prestados a MEFERI<\/strong><\/th>\n<th id=\"}GCX\" class=\"simple-table-header-color simple-table-header\"><strong>Pa\u00eds\/Regi\u00f3n de procesamiento de datos (ubicaci\u00f3n principal)<\/strong><\/th>\n<th id=\"TTyk\" class=\"simple-table-header-color simple-table-header\"><strong>Enlace a la documentaci\u00f3n de protecci\u00f3n de datos del subprocesador<\/strong><\/th>\n<\/tr>\n<\/thead>\n<tbody>\n<tr id=\"29ebc854-5bc3-800b-8e0d-f236a7079fa4\">\n<td id=\"m\\b@\" class=\"\">Servicios web de Amazon EMEA SARL<\/td>\n<td id=\"E@xw\" class=\"\">Proveedor de infraestructura en la nube<\/td>\n<td id=\"{QR_\" class=\"\">Suministro de la infraestructura subyacente de computaci\u00f3n en la nube (incluidos servidores, almacenamiento, redes y bases de datos) para alojar los servicios principales de MEFERI proporcionados a los clientes (como la soluci\u00f3n en la nube MEFERI Shadowalk MDM\/EMM y los componentes alojados en la nube del Asistente de Compra Inteligente (ISA) CIAO) y el portal de socios de MEFERI (<a href=\"http:\/\/portal.meferi.com\/\">portal.meferi.com<\/a>).<\/td>\n<td id=\"}GCX\" class=\"\">Espacio Econ\u00f3mico Europeo (EEE) \u2013 Francia (regi\u00f3n AWS eu-west-3)<\/td>\n<td id=\"TTyk\" class=\"\"><a href=\"https:\/\/aws.amazon.com\/service-terms\/data-processing-addendum\/\">Anexo sobre procesamiento de datos de AWS<\/a> , <a href=\"https:\/\/aws.amazon.com\/compliance\/gdpr-center\/\">Centro de cumplimiento del RGPD de AWS<\/a><\/td>\n<\/tr>\n<tr id=\"29ebc854-5bc3-80b6-89ac-eb1162ba2835\">\n<td id=\"m\\b@\" class=\"\">Zoho Corporation BV.<\/td>\n<td id=\"E@xw\" class=\"\">Herramientas de soporte y atenci\u00f3n al cliente<\/td>\n<td id=\"{QR_\" class=\"\">Suministro de un sistema de tickets de soporte al cliente y plataforma de mesa de ayuda basados en la nube (Zoho Desk), accesible en <a href=\"http:\/\/helpdesk.meferi.com\/\">soporte.meferi.com<\/a>, para gestionar las solicitudes de soporte relacionadas con los Servicios.<\/td>\n<td id=\"}GCX\" class=\"\">Uni\u00f3n Europea (UE)<\/td>\n<td id=\"TTyk\" class=\"\"><a href=\"https:\/\/www.zoho.com\/gdpr.html\">Compromiso de Zoho con el RGPD<\/a> <a href=\"https:\/\/www.zoho.com\/dpa.html\">Anexo de procesamiento de datos de Zoho<\/a><\/td>\n<\/tr>\n<tr id=\"29ebc854-5bc3-8094-890b-f8407254c6ce\">\n<td id=\"m\\b@\" class=\"\">Twilio Inc.<\/td>\n<td id=\"E@xw\" class=\"\">Proveedores de servicios de comunicaci\u00f3n<\/td>\n<td id=\"{QR_\" class=\"\">Para el env\u00edo de notificaciones SMS (por ejemplo, alertas cr\u00edticas, c\u00f3digos de autenticaci\u00f3n de dos factores) a los usuarios autorizados del Cliente en relaci\u00f3n con los Servicios.<\/td>\n<td id=\"}GCX\" class=\"\">EE.UU<\/td>\n<td id=\"TTyk\" class=\"\"><a href=\"https:\/\/www.twilio.com\/legal\/data-protection-addendum\">Anexo de protecci\u00f3n de datos de Twilio<\/a><\/td>\n<\/tr>\n<tr id=\"29ebc854-5bc3-8045-8484-ce79352be118\">\n<td id=\"m\\b@\" class=\"\">Functional Software, Inc. (nombre comercial Sentry)<\/td>\n<td id=\"E@xw\" class=\"\">An\u00e1lisis y monitoreo del rendimiento del servicio<\/td>\n<td id=\"{QR_\" class=\"\">Para el seguimiento de errores en tiempo real y la monitorizaci\u00f3n del rendimiento dentro de los servicios basados en la nube de MEFERI para identificar y resolver problemas t\u00e9cnicos.<\/td>\n<td id=\"}GCX\" class=\"\">EE.UU<\/td>\n<td id=\"TTyk\" class=\"\"><a href=\"https:\/\/sentry.io\/legal\/dpa\/\"> Anexo de procesamiento de datos de Sentry <\/a><\/td>\n<\/tr>\n<\/tbody>\n<\/table>\n<p>&nbsp;<\/p>\n<p>Sitios web y portales propios de MEFERI (<a href=\"https:\/\/meferi.com\/es\/\">meferi.com<\/a>, <a href=\"https:\/\/portal.meferi.com\/\">portal.meferi.com<\/a>, <a href=\"https:\/\/helpdesk.meferi.com\/\">soporte.meferi.com<\/a>, etc.)<\/p>\n<p>MEFERI gestiona diversos sitios web y portales para interactuar con clientes potenciales, clientes y socios. Es importante distinguir entre el papel de MEFERI como Responsable del Tratamiento de Datos para sus propios sitios web y como Encargado del Tratamiento de Datos para los Servicios prestados a los Clientes.<\/p>\n<ul>\n<li>Cuando MEFERI act\u00faa como Responsable del Tratamiento: Cuando usted proporciona Datos Personales directamente a MEFERI a trav\u00e9s de nuestros sitios web corporativos y de marketing (por ejemplo, al completar un formulario de contacto en <a href=\"https:\/\/meferi.com\/es\/\">meferi.com<\/a>), MEFERI act\u00faa como Responsable del Tratamiento de Datos. El tratamiento de estos datos se rige por la pol\u00edtica de privacidad de MEFERI. <a href=\"https:\/\/meferi.com\/es\/support-services\/legal-center\/privacy-policy\/\">pol\u00edtica de privacidad<\/a>. La infraestructura de estos sitios web la proporciona Kinsta Inc.<\/li>\n<li>Cuando MEFERI act\u00faa como Procesador de Datos: Cuando usted proporciona Datos Personales a trav\u00e9s de portales que forman parte de los Servicios prestados a nuestros Clientes, MEFERI act\u00faa como Procesador de Datos en nombre del Cliente. La infraestructura para el portal del socio (<a href=\"https:\/\/portal.meferi.com\/\">portal.meferi.com<\/a>) es proporcionado por Amazon Web Services (AWS), y la plataforma para el portal de soporte al cliente (<a href=\"https:\/\/helpdesk.meferi.com\/\">soporte.meferi.com<\/a>) es proporcionado por Zoho Corporation BV. Tanto AWS como Zoho figuran como subprocesadores en la tabla anterior porque procesan datos de los que nuestros clientes son los controladores.<\/li>\n<\/ul>\n<div class=\"item_tips_tit\" data-v-57f61548=\"\">Soluciones de socios externos (no subprocesadores de MEFERI)<\/div>\n<p><br data-v-57f61548=\"\">El hardware y los Servicios de MEFERI pueden usarse junto con software o servicios proporcionados por terceros (\u201cSoluciones de socios de terceros\u201d), como soluciones de pago, software de autoescaneo minorista o plataformas MDM\/EMM especializadas, donde el Cliente puede tener una relaci\u00f3n contractual directa con dichos proveedores externos.<br data-v-57f61548=\"\"><br data-v-57f61548=\"\">En estos casos, el proveedor externo suele actuar como Responsable del Tratamiento o Encargado del Tratamiento de los Datos Personales que gestiona en relaci\u00f3n con sus servicios, seg\u00fan lo establecido en el acuerdo del Cliente con dicho tercero. Estas Soluciones de Socios Externos no son subencargados del tratamiento de datos de MEFERI, seg\u00fan se define en Nuestro DPA, y MEFERI no es responsable de las actividades de tratamiento de datos de estos terceros, a menos que dicho proveedor figure expl\u00edcitamente como subencargado del tratamiento de datos de MEFERI en la tabla anterior para un fin distinto.<br data-v-57f61548=\"\"><br data-v-57f61548=\"\">Para obtener informaci\u00f3n sobre las soluciones de socios externos que se pueden integrar con los productos de MEFERI pero donde el cliente establece una relaci\u00f3n directa con el proveedor, consulte nuestras descripciones de productos, como la&nbsp;&nbsp;<a href=\"https:\/\/meferi.com\/es\/software\/omniindustry-app-suite\/\" target=\"_blank\" rel=\"noopener\" data-v-57f61548=\"\">Suite de aplicaciones OmniIndustry&nbsp;<\/a>, o cont\u00e1ctenos para m\u00e1s detalles.<\/p>\n<\/div>\n<\/div>\n<\/div>\n<\/div>\n\r\n\t\t<\/div>\r\n\t<\/div>\r\n<\/div><\/div><\/div>\n<\/div>","protected":false},"excerpt":{"rendered":"Sub-processor List MEFERI Technologies Co., Ltd. (\"MEFERI\", \"We\", \"Us\", or \"Our\") is committed to transparency regarding how We process Personal Data on behalf of Our Customers. This page provides information about the sub-processors MEFERI engages to process Personal Data in connection with the provision of Our Services, as defined in MEFERI's Data Processing Agreement (\"DPA\"). [...]","protected":false},"author":2,"featured_media":0,"parent":1478,"menu_order":0,"comment_status":"closed","ping_status":"closed","template":"","meta":{"_acf_changed":false,"footnotes":""},"industry":[],"class_list":["post-3863","page","type-page","status-publish","hentry"],"acf":[],"_links":{"self":[{"href":"https:\/\/meferi.com\/es\/wp-json\/wp\/v2\/pages\/3863","targetHints":{"allow":["GET"]}}],"collection":[{"href":"https:\/\/meferi.com\/es\/wp-json\/wp\/v2\/pages"}],"about":[{"href":"https:\/\/meferi.com\/es\/wp-json\/wp\/v2\/types\/page"}],"author":[{"embeddable":true,"href":"https:\/\/meferi.com\/es\/wp-json\/wp\/v2\/users\/2"}],"replies":[{"embeddable":true,"href":"https:\/\/meferi.com\/es\/wp-json\/wp\/v2\/comments?post=3863"}],"version-history":[{"count":0,"href":"https:\/\/meferi.com\/es\/wp-json\/wp\/v2\/pages\/3863\/revisions"}],"up":[{"embeddable":true,"href":"https:\/\/meferi.com\/es\/wp-json\/wp\/v2\/pages\/1478"}],"wp:attachment":[{"href":"https:\/\/meferi.com\/es\/wp-json\/wp\/v2\/media?parent=3863"}],"wp:term":[{"taxonomy":"industry","embeddable":true,"href":"https:\/\/meferi.com\/es\/wp-json\/wp\/v2\/industry?post=3863"}],"curies":[{"name":"wp","href":"https:\/\/api.w.org\/{rel}","templated":true}]}}