{"id":13854,"date":"2025-12-05T08:17:59","date_gmt":"2025-12-05T07:17:59","guid":{"rendered":"https:\/\/meferi.com\/?page_id=13854"},"modified":"2025-12-17T08:55:58","modified_gmt":"2025-12-17T07:55:58","slug":"meferi-security-updates-center","status":"publish","type":"page","link":"https:\/\/meferi.com\/es\/support-services\/meferi-security-updates-center\/","title":{"rendered":"Centro de actualizaciones de seguridad de MEFERI"},"content":{"rendered":"<div class=\"wpb-content-wrapper\"><div class=\"vc_row wpb_row row top-row gradient-container-1 rounded-section vc_custom_1756133932222 vc_row-has-fill vc_row-o-content-middle vc_row-flex wpb_custom_034b39d9bc6c6b310d69e39f0ccf274f\"><div class=\"gradient-column-1 vc_column_container col-md-6\"><div class=\"wpb_wrapper vc_column-inner\"><div class=\"porto-sicon-box  vc_custom_1764927719457  wpb_custom_ee261166361e6b47889ba33d92a6fc9b style_1 default-icon flex-wrap\"><div class=\"porto-sicon-header\"><h2 class=\"porto-sicon-title\" style=\"\">Centro de actualizaciones de seguridad de MEFERI<\/h2><\/div> <!-- header --><div class=\"porto-sicon-description\" style=\"\">MEFERI proporciona acceso transparente y estandarizado a la informaci\u00f3n de actualizaci\u00f3n de seguridad para todos los dispositivos basados en Android compatibles.<\/p>\n<p>&nbsp;<\/p>\n<p>Esta p\u00e1gina le permite seleccionar el modelo de su dispositivo y ver su historial de actualizaciones de seguridad dedicado, incluidos los cronogramas de parches, el estado de soporte y la informaci\u00f3n del ciclo de vida.<\/div> <!-- description --><\/div><!-- porto-sicon-box --><\/div><\/div><div class=\"gradient-column-2 vc_column_container col-md-6 section section-parallax vc_custom_1754425010515\"><div class=\"wpb_wrapper vc_column-inner\">\r\n\t<div class=\"wpb_single_image wpb_content_element vc_align_right wpb_content_element  vc_custom_1765958149695 wpb_custom_81a4f7ef9830bf958462581aa01150fb\"><div class=\"wpb_wrapper\">\r\n\t\t\t\r\n\t\t\t<div class=\"vc_single_image-wrapper   vc_box_border_grey\"><img loading=\"lazy\" decoding=\"async\" width=\"583\" height=\"720\" src=\"https:\/\/meferi.com\/wp-content\/uploads\/2025\/12\/web_AER2.jpg\" class=\"vc_single_image-img attachment-full\" alt=\"\" title=\"web_AER2\" srcset=\"https:\/\/meferi.com\/wp-content\/uploads\/2025\/12\/web_AER2.jpg 583w, https:\/\/meferi.com\/wp-content\/uploads\/2025\/12\/web_AER2-486x600.jpg 486w, https:\/\/meferi.com\/wp-content\/uploads\/2025\/12\/web_AER2-400x494.jpg 400w, https:\/\/meferi.com\/wp-content\/uploads\/2025\/12\/web_AER2-367x453.jpg 367w\" sizes=\"auto, (max-width: 583px) 100vw, 583px\" \/><\/div>\r\n\t\t<\/div>\r\n\t<\/div>\r\n<\/div><\/div><\/div><div class=\"vc_row wpb_row row top-row gradient-container-2 wpb_custom_034b39d9bc6c6b310d69e39f0ccf274f\"><div class=\"gradient-column-3 vc_column_container col-md-12\"><div class=\"wpb_wrapper vc_column-inner\"><div class=\"porto-sicon-box  vc_custom_1764927732488  wpb_custom_ee261166361e6b47889ba33d92a6fc9b style_1 default-icon flex-wrap\"><div class=\"porto-sicon-header\"><h2 class=\"porto-sicon-title\" style=\"\">Seleccione su dispositivo<\/h2><\/div> <!-- header --><div class=\"porto-sicon-description\" style=\"\">Elija su producto MEFERI de la lista a continuaci\u00f3n para ver su ciclo de vida de actualizaci\u00f3n de seguridad, historial de parches y detalles de soporte alineados con AER.<\/div> <!-- description --><\/div><!-- porto-sicon-box --><\/div><\/div><\/div><div class=\"vc_row wpb_row row top-row gradient-container-3 vc_custom_1764922695696 vc_column-gap-20 vc_row-has-fill vc_row-o-equal-height vc_row-flex wpb_custom_034b39d9bc6c6b310d69e39f0ccf274f\"><div class=\"gradient-column-4 vc_column_container col-md-6 vc_custom_1754651489814\"><div class=\"wpb_wrapper vc_column-inner\"><div class=\"porto-ultimate-content-box-container my-rounded-box\"><style>.porto_ucb_e21242a9d336155df643256edfb128e2{will-change: box-shadow;box-shadow: none;}<\/style><div class=\"porto-ultimate-content-box vc_custom_1764921304772 porto_ucb_e21242a9d336155df643256edfb128e2\" style=\"background-color:rgba(238,244,252,0);border:1px solid #f6f6f6;min-height:500px;\" data-bg=\"rgba(238,244,252,0)\">\r\n\t<div class=\"wpb_single_image wpb_content_element vc_align_center wpb_content_element  vc_custom_1764920660037 wpb_custom_81a4f7ef9830bf958462581aa01150fb\"><div class=\"wpb_wrapper\">\r\n\t\t\t\r\n\t\t\t<div class=\"vc_single_image-wrapper   vc_box_border_grey\"><img loading=\"lazy\" decoding=\"async\" width=\"916\" height=\"772\" src=\"https:\/\/meferi.com\/wp-content\/uploads\/2025\/12\/2456346.png\" class=\"vc_single_image-img attachment-full\" alt=\"imagen de computadora m\u00f3vil me40k\" title=\"MEFERI ME40K\" srcset=\"https:\/\/meferi.com\/wp-content\/uploads\/2025\/12\/2456346.png 916w, https:\/\/meferi.com\/wp-content\/uploads\/2025\/12\/2456346-712x600.png 712w, https:\/\/meferi.com\/wp-content\/uploads\/2025\/12\/2456346-768x647.png 768w, https:\/\/meferi.com\/wp-content\/uploads\/2025\/12\/2456346-640x539.png 640w, https:\/\/meferi.com\/wp-content\/uploads\/2025\/12\/2456346-400x337.png 400w\" sizes=\"auto, (max-width: 916px) 100vw, 916px\" \/><\/div>\r\n\t\t<\/div>\r\n\t<\/div>\r\n<div class=\"porto-sicon-box  vc_custom_1765799948042  wpb_custom_14bd79278f0b393489cef16401ee3b93 style_1 top-icon\"><div class=\"porto-sicon-header\"><h2 class=\"porto-sicon-title\" style=\"\">Actualizaciones de seguridad de ME40K<\/h2><p>Computadora m\u00f3vil Android compacta y robusta<\/p><\/div> <!-- header --><div class=\"porto-sicon-description\" style=\"\"><strong>Fecha de finalizaci\u00f3n de las actualizaciones de seguridad:<\/strong> Mayo de 2027<br \/>\n<strong>Frecuencia de actualizaci\u00f3n:<\/strong> Cada 90 d\u00edas<a class=\"porto-sicon-read xx\" href=\"https:\/\/meferi.com\/es\/products\/mobile-computers\/computadora-de-mano\/me40k\/\" title='Terminal port\u00e1til ME40K'>Ver p\u00e1gina del producto<span>&nbsp;\u00bb<\/span><\/a><\/div> <!-- description --><\/div><!-- porto-sicon-box --><div class=\"vc_btn3-container vc_btn3-inline vc_custom_1764940220487 vc_do_btn\" >\r\n\t<a class=\"vc_general vc_btn3 vc_btn3-size-lg vc_btn3-shape-round vc_btn3-style-flat wpb_custom_6687b26f39488ddbb85ddb3c1ce8e111 vc_btn3-color-black btn\" style=\"font-size:17px; font-weight:500; padding-left:22px; padding-right:22px;\" href=\"https:\/\/meferi.com\/es\/support-services\/me40k-security-update-history\/\" title=\"\">Ver historial de actualizaciones<\/a>\t<\/div>\r\n<\/div><\/div><\/div><\/div><div class=\"gradient-column-5 vc_column_container col-md-6\"><div class=\"wpb_wrapper vc_column-inner\"><div class=\"porto-ultimate-content-box-container my-rounded-box\"><style>.porto_ucb_e21242a9d336155df643256edfb128e2{will-change: box-shadow;box-shadow: none;}<\/style><div class=\"porto-ultimate-content-box vc_custom_1764921304772 porto_ucb_e21242a9d336155df643256edfb128e2\" style=\"background-color:rgba(238,244,252,0);border:1px solid #f6f6f6;min-height:500px;\" data-bg=\"rgba(238,244,252,0)\">\r\n\t<div class=\"wpb_single_image wpb_content_element vc_align_center wpb_content_element  vc_custom_1764921402819 wpb_custom_81a4f7ef9830bf958462581aa01150fb\"><div class=\"wpb_wrapper\">\r\n\t\t\t\r\n\t\t\t<div class=\"vc_single_image-wrapper   vc_box_border_grey\"><img loading=\"lazy\" decoding=\"async\" width=\"916\" height=\"772\" src=\"https:\/\/meferi.com\/wp-content\/uploads\/2025\/12\/6544636.png\" class=\"vc_single_image-img attachment-full\" alt=\"\" title=\"6544636\" srcset=\"https:\/\/meferi.com\/wp-content\/uploads\/2025\/12\/6544636.png 916w, https:\/\/meferi.com\/wp-content\/uploads\/2025\/12\/6544636-712x600.png 712w, https:\/\/meferi.com\/wp-content\/uploads\/2025\/12\/6544636-768x647.png 768w, https:\/\/meferi.com\/wp-content\/uploads\/2025\/12\/6544636-640x539.png 640w, https:\/\/meferi.com\/wp-content\/uploads\/2025\/12\/6544636-400x337.png 400w\" sizes=\"auto, (max-width: 916px) 100vw, 916px\" \/><\/div>\r\n\t\t<\/div>\r\n\t<\/div>\r\n<div class=\"porto-sicon-box  vc_custom_1765799990683  wpb_custom_14bd79278f0b393489cef16401ee3b93 style_1 top-icon\"><div class=\"porto-sicon-header\"><h2 class=\"porto-sicon-title\" style=\"\">Actualizaciones de seguridad de ME61<\/h2><p>Computadora m\u00f3vil de 6 pulgadas de clase empresarial<\/p><\/div> <!-- header --><div class=\"porto-sicon-description\" style=\"\"><strong>Fecha de finalizaci\u00f3n de las actualizaciones de seguridad:<\/strong> Septiembre de 2027<br \/>\n<strong>Frecuencia de actualizaci\u00f3n:<\/strong> Cada 90 d\u00edas<a class=\"porto-sicon-read xx\" href=\"https:\/\/meferi.com\/es\/products\/mobile-computers\/computadora-de-mano\/me61\/\" title='Terminal port\u00e1til ME61'>Ver p\u00e1gina del producto<span>&nbsp;\u00bb<\/span><\/a><\/div> <!-- description --><\/div><!-- porto-sicon-box --><div class=\"vc_btn3-container vc_btn3-inline vc_custom_1764940238058 vc_do_btn\" >\r\n\t<a class=\"vc_general vc_btn3 vc_btn3-size-lg vc_btn3-shape-round vc_btn3-style-flat wpb_custom_6687b26f39488ddbb85ddb3c1ce8e111 vc_btn3-color-black btn\" style=\"font-size:17px; font-weight:500; padding-left:22px; padding-right:22px;\" href=\"https:\/\/meferi.com\/es\/support-services\/me61-security-update-history\/\" title=\"\">Ver historial de actualizaciones<\/a>\t<\/div>\r\n<\/div><\/div><\/div><\/div><\/div><div class=\"vc_row wpb_row row top-row gradient-container-4 vc_custom_1764922701140 vc_column-gap-20 vc_row-has-fill vc_row-o-equal-height vc_row-flex wpb_custom_034b39d9bc6c6b310d69e39f0ccf274f\"><div class=\"gradient-column-6 vc_column_container col-md-6 vc_custom_1754651489814\"><div class=\"wpb_wrapper vc_column-inner\"><div class=\"porto-ultimate-content-box-container my-rounded-box\"><style>.porto_ucb_e21242a9d336155df643256edfb128e2{will-change: box-shadow;box-shadow: none;}<\/style><div class=\"porto-ultimate-content-box vc_custom_1764921304772 porto_ucb_e21242a9d336155df643256edfb128e2\" style=\"background-color:rgba(238,244,252,0);border:1px solid #f6f6f6;min-height:500px;\" data-bg=\"rgba(238,244,252,0)\">\r\n\t<div class=\"wpb_single_image wpb_content_element vc_align_center wpb_content_element  vc_custom_1764921869874 wpb_custom_81a4f7ef9830bf958462581aa01150fb\"><div class=\"wpb_wrapper\">\r\n\t\t\t\r\n\t\t\t<div class=\"vc_single_image-wrapper   vc_box_border_grey\"><img loading=\"lazy\" decoding=\"async\" width=\"916\" height=\"772\" src=\"https:\/\/meferi.com\/wp-content\/uploads\/2025\/12\/346346345.png\" class=\"vc_single_image-img attachment-full\" alt=\"\" title=\"346346345\" srcset=\"https:\/\/meferi.com\/wp-content\/uploads\/2025\/12\/346346345.png 916w, https:\/\/meferi.com\/wp-content\/uploads\/2025\/12\/346346345-712x600.png 712w, https:\/\/meferi.com\/wp-content\/uploads\/2025\/12\/346346345-768x647.png 768w, https:\/\/meferi.com\/wp-content\/uploads\/2025\/12\/346346345-640x539.png 640w, https:\/\/meferi.com\/wp-content\/uploads\/2025\/12\/346346345-400x337.png 400w\" sizes=\"auto, (max-width: 916px) 100vw, 916px\" \/><\/div>\r\n\t\t<\/div>\r\n\t<\/div>\r\n<div class=\"porto-sicon-box  vc_custom_1765800039286  wpb_custom_14bd79278f0b393489cef16401ee3b93 style_1 top-icon\"><div class=\"porto-sicon-header\"><h2 class=\"porto-sicon-title\" style=\"\">Actualizaciones de seguridad de ME63<\/h2><p>Dispositivo port\u00e1til industrial de pr\u00f3xima generaci\u00f3n con certificaci\u00f3n AER 5G<\/p><\/div> <!-- header --><div class=\"porto-sicon-description\" style=\"\"><strong>Fecha de finalizaci\u00f3n de las actualizaciones de seguridad:<\/strong> Diciembre de 2032<br \/>\n<strong>Frecuencia de actualizaci\u00f3n:<\/strong> Cada 90 d\u00edas<a class=\"porto-sicon-read xx\" href=\"https:\/\/meferi.com\/es\/products\/mobile-computers\/computadora-de-mano\/me63\/\">Ver p\u00e1gina del producto<span>&nbsp;\u00bb<\/span><\/a><\/div> <!-- description --><\/div><!-- porto-sicon-box --><div class=\"vc_btn3-container vc_btn3-inline vc_custom_1764940199917 vc_do_btn\" >\r\n\t<a class=\"vc_general vc_btn3 vc_btn3-size-lg vc_btn3-shape-round vc_btn3-style-flat wpb_custom_6687b26f39488ddbb85ddb3c1ce8e111 vc_btn3-color-black btn\" style=\"font-size:17px; font-weight:500; padding-left:22px; padding-right:22px;\" href=\"https:\/\/meferi.com\/es\/support-services\/me63-security-update-history\/\" title=\"\">Ver historial de actualizaciones<\/a>\t<\/div>\r\n<\/div><\/div><\/div><\/div><div class=\"gradient-column-7 vc_column_container col-md-6\"><div class=\"wpb_wrapper vc_column-inner\"><div class=\"porto-ultimate-content-box-container my-rounded-box\"><style>.porto_ucb_e21242a9d336155df643256edfb128e2{will-change: box-shadow;box-shadow: none;}<\/style><div class=\"porto-ultimate-content-box vc_custom_1764921304772 porto_ucb_e21242a9d336155df643256edfb128e2\" style=\"background-color:rgba(238,244,252,0);border:1px solid #f6f6f6;min-height:500px;\" data-bg=\"rgba(238,244,252,0)\">\r\n\t<div class=\"wpb_single_image wpb_content_element vc_align_center wpb_content_element  vc_custom_1764921869874 wpb_custom_81a4f7ef9830bf958462581aa01150fb\"><div class=\"wpb_wrapper\">\r\n\t\t\t\r\n\t\t\t<div class=\"vc_single_image-wrapper   vc_box_border_grey\"><img loading=\"lazy\" decoding=\"async\" width=\"916\" height=\"772\" src=\"https:\/\/meferi.com\/wp-content\/uploads\/2025\/12\/346346345.png\" class=\"vc_single_image-img attachment-full\" alt=\"\" title=\"346346345\" srcset=\"https:\/\/meferi.com\/wp-content\/uploads\/2025\/12\/346346345.png 916w, https:\/\/meferi.com\/wp-content\/uploads\/2025\/12\/346346345-712x600.png 712w, https:\/\/meferi.com\/wp-content\/uploads\/2025\/12\/346346345-768x647.png 768w, https:\/\/meferi.com\/wp-content\/uploads\/2025\/12\/346346345-640x539.png 640w, https:\/\/meferi.com\/wp-content\/uploads\/2025\/12\/346346345-400x337.png 400w\" sizes=\"auto, (max-width: 916px) 100vw, 916px\" \/><\/div>\r\n\t\t<\/div>\r\n\t<\/div>\r\n<div class=\"porto-sicon-box  vc_custom_1765800069542  wpb_custom_14bd79278f0b393489cef16401ee3b93 style_1 top-icon\"><div class=\"porto-sicon-header\"><h2 class=\"porto-sicon-title\" style=\"\">Actualizaciones de seguridad de ME65<\/h2><p>Computadora port\u00e1til empresarial 6-5G de clase empresarial con escaneo avanzado y medici\u00f3n TOF en pulgadas<\/p><\/div> <!-- header --><div class=\"porto-sicon-description\" style=\"\"><strong>Fecha de finalizaci\u00f3n de las actualizaciones de seguridad:<\/strong> Noviembre de 2028<br \/>\n<strong>Frecuencia de actualizaci\u00f3n:<\/strong> Cada 90 d\u00edas<a class=\"porto-sicon-read xx\" href=\"https:\/\/meferi.com\/es\/products\/mobile-computers\/computadora-de-mano\/me65\/\">Ver p\u00e1gina del producto<span>&nbsp;\u00bb<\/span><\/a><\/div> <!-- description --><\/div><!-- porto-sicon-box --><div class=\"vc_btn3-container vc_btn3-inline vc_custom_1764940251709 vc_do_btn\" >\r\n\t<a class=\"vc_general vc_btn3 vc_btn3-size-lg vc_btn3-shape-round vc_btn3-style-flat wpb_custom_6687b26f39488ddbb85ddb3c1ce8e111 vc_btn3-color-black btn\" style=\"font-size:17px; font-weight:500; padding-left:22px; padding-right:22px;\" href=\"https:\/\/meferi.com\/es\/support-services\/me65-security-update-history\/\" title=\"\">Ver historial de actualizaciones<\/a>\t<\/div>\r\n<\/div><\/div><\/div><\/div><\/div><div class=\"vc_row wpb_row row top-row gradient-container-5 vc_custom_1764922711797 vc_column-gap-20 vc_row-has-fill vc_row-o-equal-height vc_row-flex wpb_custom_034b39d9bc6c6b310d69e39f0ccf274f\"><div class=\"gradient-column-8 vc_column_container col-md-6 vc_custom_1754651489814\"><div class=\"wpb_wrapper vc_column-inner\"><div class=\"porto-ultimate-content-box-container my-rounded-box\"><style>.porto_ucb_e21242a9d336155df643256edfb128e2{will-change: box-shadow;box-shadow: none;}<\/style><div class=\"porto-ultimate-content-box vc_custom_1764921304772 porto_ucb_e21242a9d336155df643256edfb128e2\" style=\"background-color:rgba(238,244,252,0);border:1px solid #f6f6f6;min-height:500px;\" data-bg=\"rgba(238,244,252,0)\">\r\n\t<div class=\"wpb_single_image wpb_content_element vc_align_center wpb_content_element  vc_custom_1764922464613 wpb_custom_81a4f7ef9830bf958462581aa01150fb\"><div class=\"wpb_wrapper\">\r\n\t\t\t\r\n\t\t\t<div class=\"vc_single_image-wrapper   vc_box_border_grey\"><img loading=\"lazy\" decoding=\"async\" width=\"916\" height=\"772\" src=\"https:\/\/meferi.com\/wp-content\/uploads\/2025\/12\/3463463423.png\" class=\"vc_single_image-img attachment-full\" alt=\"\" title=\"3463463423\" srcset=\"https:\/\/meferi.com\/wp-content\/uploads\/2025\/12\/3463463423.png 916w, https:\/\/meferi.com\/wp-content\/uploads\/2025\/12\/3463463423-712x600.png 712w, https:\/\/meferi.com\/wp-content\/uploads\/2025\/12\/3463463423-768x647.png 768w, https:\/\/meferi.com\/wp-content\/uploads\/2025\/12\/3463463423-640x539.png 640w, https:\/\/meferi.com\/wp-content\/uploads\/2025\/12\/3463463423-400x337.png 400w\" sizes=\"auto, (max-width: 916px) 100vw, 916px\" \/><\/div>\r\n\t\t<\/div>\r\n\t<\/div>\r\n<div class=\"porto-sicon-box  vc_custom_1765800115395  wpb_custom_14bd79278f0b393489cef16401ee3b93 style_1 top-icon\"><div class=\"porto-sicon-header\"><h2 class=\"porto-sicon-title\" style=\"\">Actualizaciones de seguridad de ME74<\/h2><p>Computadora m\u00f3vil de cadena de fr\u00edo ultra resistente.<\/p><\/div> <!-- header --><div class=\"porto-sicon-description\" style=\"\"><strong>Fecha de finalizaci\u00f3n de las actualizaciones de seguridad:<\/strong> Enero de 2026<br \/>\n<strong>Frecuencia de actualizaci\u00f3n:<\/strong> Cada 90 d\u00edas<a class=\"porto-sicon-read xx\" href=\"https:\/\/meferi.com\/es\/products\/mobile-computers\/computadora-de-mano\/me74\/\" title='Computadora m\u00f3vil ultrarresistente ME74'>Ver p\u00e1gina del producto<span>&nbsp;\u00bb<\/span><\/a><\/div> <!-- description --><\/div><!-- porto-sicon-box --><div class=\"vc_btn3-container vc_btn3-inline vc_custom_1764940268699 vc_do_btn\" >\r\n\t<a class=\"vc_general vc_btn3 vc_btn3-size-lg vc_btn3-shape-round vc_btn3-style-flat wpb_custom_6687b26f39488ddbb85ddb3c1ce8e111 vc_btn3-color-black btn\" style=\"font-size:17px; font-weight:500; padding-left:22px; padding-right:22px;\" href=\"https:\/\/meferi.com\/es\/support-services\/me74-security-update-history\/\" title=\"\">Ver historial de actualizaciones<\/a>\t<\/div>\r\n<\/div><\/div><\/div><\/div><div class=\"gradient-column-9 vc_column_container col-md-6\"><div class=\"wpb_wrapper vc_column-inner\"><div class=\"porto-ultimate-content-box-container my-rounded-box\"><style>.porto_ucb_e21242a9d336155df643256edfb128e2{will-change: box-shadow;box-shadow: none;}<\/style><div class=\"porto-ultimate-content-box vc_custom_1764921304772 porto_ucb_e21242a9d336155df643256edfb128e2\" style=\"background-color:rgba(238,244,252,0);border:1px solid #f6f6f6;min-height:500px;\" data-bg=\"rgba(238,244,252,0)\">\r\n\t<div class=\"wpb_single_image wpb_content_element vc_align_center wpb_content_element  vc_custom_1764922567133 wpb_custom_81a4f7ef9830bf958462581aa01150fb\"><div class=\"wpb_wrapper\">\r\n\t\t\t\r\n\t\t\t<div class=\"vc_single_image-wrapper   vc_box_border_grey\"><img loading=\"lazy\" decoding=\"async\" width=\"916\" height=\"772\" src=\"https:\/\/meferi.com\/wp-content\/uploads\/2025\/12\/86523421.png\" class=\"vc_single_image-img attachment-full\" alt=\"\" title=\"86523421\" srcset=\"https:\/\/meferi.com\/wp-content\/uploads\/2025\/12\/86523421.png 916w, https:\/\/meferi.com\/wp-content\/uploads\/2025\/12\/86523421-712x600.png 712w, https:\/\/meferi.com\/wp-content\/uploads\/2025\/12\/86523421-768x647.png 768w, https:\/\/meferi.com\/wp-content\/uploads\/2025\/12\/86523421-640x539.png 640w, https:\/\/meferi.com\/wp-content\/uploads\/2025\/12\/86523421-400x337.png 400w\" sizes=\"auto, (max-width: 916px) 100vw, 916px\" \/><\/div>\r\n\t\t<\/div>\r\n\t<\/div>\r\n<div class=\"porto-sicon-box  vc_custom_1765800202522  wpb_custom_14bd79278f0b393489cef16401ee3b93 style_1 top-icon\"><div class=\"porto-sicon-header\"><h2 class=\"porto-sicon-title\" style=\"\">Actualizaciones de seguridad de CIAO<\/h2><p>Asistente de escaneo\/autopago inteligente para comercio minorista<\/p><\/div> <!-- header --><div class=\"porto-sicon-description\" style=\"\"><strong>Fecha de finalizaci\u00f3n de las actualizaciones de seguridad:<\/strong> Enero de 2026<br \/>\n<strong>Frecuencia de actualizaci\u00f3n:<\/strong> Cada 90 d\u00edas<a class=\"porto-sicon-read xx\" href=\"https:\/\/meferi.com\/es\/products\/mobile-computers\/ciao\/\" title='Asistente Inteligente de Compras (ISA) de CIAO'>Ver p\u00e1gina del producto<span>&nbsp;\u00bb<\/span><\/a><\/div> <!-- description --><\/div><!-- porto-sicon-box --><div class=\"vc_btn3-container vc_btn3-inline vc_custom_1764940284017 vc_do_btn\" >\r\n\t<a class=\"vc_general vc_btn3 vc_btn3-size-lg vc_btn3-shape-round vc_btn3-style-flat wpb_custom_6687b26f39488ddbb85ddb3c1ce8e111 vc_btn3-color-black btn\" style=\"font-size:17px; font-weight:500; padding-left:22px; padding-right:22px;\" href=\"https:\/\/meferi.com\/es\/support-services\/CIAO-security-update-history\/\" title=\"\">Ver historial de actualizaciones<\/a>\t<\/div>\r\n<\/div><\/div><\/div><\/div><\/div>\n<\/div>","protected":false},"excerpt":{"rendered":"MEFERI Security Updates Center MEFERI provides transparent and standardized access to security update information for all supported Android-based devices. &nbsp; This page allows you to select your device model and view its dedicated security update history, including patch timelines, support status, and life-cycle information. Select Your Device Choose your MEFERI product from the list below [...]","protected":false},"author":5,"featured_media":8452,"parent":1000,"menu_order":0,"comment_status":"closed","ping_status":"closed","template":"","meta":{"_acf_changed":false,"footnotes":""},"industry":[],"class_list":["post-13854","page","type-page","status-publish","has-post-thumbnail","hentry"],"acf":[],"_links":{"self":[{"href":"https:\/\/meferi.com\/es\/wp-json\/wp\/v2\/pages\/13854","targetHints":{"allow":["GET"]}}],"collection":[{"href":"https:\/\/meferi.com\/es\/wp-json\/wp\/v2\/pages"}],"about":[{"href":"https:\/\/meferi.com\/es\/wp-json\/wp\/v2\/types\/page"}],"author":[{"embeddable":true,"href":"https:\/\/meferi.com\/es\/wp-json\/wp\/v2\/users\/5"}],"replies":[{"embeddable":true,"href":"https:\/\/meferi.com\/es\/wp-json\/wp\/v2\/comments?post=13854"}],"version-history":[{"count":0,"href":"https:\/\/meferi.com\/es\/wp-json\/wp\/v2\/pages\/13854\/revisions"}],"up":[{"embeddable":true,"href":"https:\/\/meferi.com\/es\/wp-json\/wp\/v2\/pages\/1000"}],"wp:featuredmedia":[{"embeddable":true,"href":"https:\/\/meferi.com\/es\/wp-json\/wp\/v2\/media\/8452"}],"wp:attachment":[{"href":"https:\/\/meferi.com\/es\/wp-json\/wp\/v2\/media?parent=13854"}],"wp:term":[{"taxonomy":"industry","embeddable":true,"href":"https:\/\/meferi.com\/es\/wp-json\/wp\/v2\/industry?post=13854"}],"curies":[{"name":"wp","href":"https:\/\/api.w.org\/{rel}","templated":true}]}}