{"id":1260,"date":"2025-08-08T14:37:05","date_gmt":"2025-08-08T11:37:05","guid":{"rendered":"https:\/\/meferi.pontima.ru\/?page_id=1260"},"modified":"2025-09-02T18:25:47","modified_gmt":"2025-09-02T15:25:47","slug":"resource-hub","status":"publish","type":"page","link":"https:\/\/meferi.com\/es\/resource-hub\/","title":{"rendered":"Centro De Recursos"},"content":{"rendered":"<div class=\"wpb-content-wrapper\"><div class=\"vc_row wpb_row row top-row gradient-container-1 wpb_custom_034b39d9bc6c6b310d69e39f0ccf274f\"><div class=\"gradient-column-1 vc_column_container col-md-12\"><div class=\"wpb_wrapper vc_column-inner\"><div id=\"ultv-2684\" class=\"ult-dual-color ult-adjust-bottom-margin ult-dual-color-responsive-none ultv-2684   vc_custom_1754661698913\"><div class=\"ult-module-content ult-dual-color-heading\" style=\"text-align:left;\">\n\t\t\t\t\t\t<h3><span class=\"ult-before-heading\">\n\t\t\t\t\t\t<span class=\"ult-dual-heading-text ult-first-text ult-responsive\"  data-ultimate-target='.ult-dual-color.ultv-2684 .ult-dual-heading-text'  data-responsive-json-new='{\"font-size\":\"desktop:55px;\",\"line-height\":\"undefinedundefinedundefinedundefinedundefined\"}'  style=\"     border:none; font-weight:normal;\">Recurso<\/span>\n\t\t\t\t\t<\/span><span class=\"ult-adv-heading\" style=\"\">\n\t\t\t\t\t\t<span class=\"ult-dual-adv-heading-text ult-highlight-text ult-responsive\"  data-ultimate-target='.ult-dual-color.ultv-2684 .ult-highlight-text'  data-responsive-json-new='{\"font-size\":\"desktop:55px;\",\"line-height\":\"undefinedundefinedundefinedundefinedundefined\"}'  style=\"color:var(--porto-secondary-color);     border:none; font-weight:normal;\">Centro<\/span>\n\t\t\t\t\t<\/span><span class=\"ult-after-heading\">\n\t\t\t\t\t\t\t\t\t<span class=\"ult-dual-heading-text ult-third-text\"  data-ultimate-target='.ult-dual-color.ultv-2684 .ult-dual-heading-text'  data-responsive-json-new='{\"font-size\":\"desktop:55px;\",\"line-height\":\"undefinedundefinedundefinedundefinedundefined\"}'  style=\"     border:none; font-weight:normal;\">MEFERI<\/span>\n\t\t\t\t\t\t\t\t<\/span><\/h3> <\/div><\/div><\/div><\/div><\/div><div class=\"vc_row wpb_row row top-row gradient-container-2 vc_custom_1754939816796 vc_column-gap-20 vc_row-has-fill vc_row-o-equal-height vc_row-flex wpb_custom_034b39d9bc6c6b310d69e39f0ccf274f\"><div class=\"gradient-column-2 vc_column_container col-md-6 vc_custom_1754469150485\"><div class=\"wpb_wrapper vc_column-inner\"><div class=\"porto-ultimate-content-box-container my-rounded-box\"><style>.porto_ucb_918072e6d9da6ce79a705e9d7a4898b2{will-change: box-shadow;box-shadow: none;}.porto_ucb_918072e6d9da6ce79a705e9d7a4898b2:hover{box-shadow:3px 3px 3px 3px #eef4fc}<\/style><div class=\"porto-ultimate-content-box vc_custom_1756826709885 porto_ucb_918072e6d9da6ce79a705e9d7a4898b2\" style=\"background-color:#f5f9fd;border:1px solid #cccccc;min-height:377px;\" data-bg=\"#f5f9fd\"><div class=\"porto-sicon-box  vc_custom_1756826698494  wpb_custom_d307345cd1e69c0443dd31c842a7a054 style_1 default-icon flex-wrap\"><div class=\"porto-sicon-default\"><div class=\"porto-just-icon-wrapper porto-sicon-img  porto-icon-9f5d1cfb45d27d96b50bf473aebba227\" style=\"font-size: 48px;\"><img loading=\"lazy\" decoding=\"async\" class=\"img-icon\" alt=\"\" src=\"https:\/\/meferi.com\/wp-content\/uploads\/2025\/08\/1.svg\" width=\"0\" height=\"0\" \/><\/div><\/div><div class=\"porto-sicon-header\"><a class=\"porto-sicon-box-link\" href=\"#\"><h2 class=\"porto-sicon-title\" style=\"\">Seminarios web y eventos<\/h2><\/a><\/div> <!-- header --><div class=\"porto-sicon-description\" style=\"\">Mant\u00e9ngase al d\u00eda con las \u00faltimas tendencias del sector y ampl\u00ede sus conocimientos con los seminarios web y eventos de MEFERI. Acceda a contenido exclusivo e interact\u00fae con expertos del sector para mejorar sus habilidades y mantenerse a la vanguardia de la competencia. Explore nuestros pr\u00f3ximos eventos e inscr\u00edbase hoy mismo.<\/div> <!-- description --><\/div><!-- porto-sicon-box --><\/div><\/div><\/div><\/div><div class=\"gradient-column-3 vc_column_container col-md-6\"><div class=\"wpb_wrapper vc_column-inner\"><div class=\"porto-ultimate-content-box-container my-rounded-box\"><style>.porto_ucb_918072e6d9da6ce79a705e9d7a4898b2{will-change: box-shadow;box-shadow: none;}.porto_ucb_918072e6d9da6ce79a705e9d7a4898b2:hover{box-shadow:3px 3px 3px 3px #eef4fc}<\/style><div class=\"porto-ultimate-content-box vc_custom_1756826729794 porto_ucb_918072e6d9da6ce79a705e9d7a4898b2\" style=\"background-color:#f5f9fd;border:1px solid #cccccc;min-height:377px;\" data-bg=\"#f5f9fd\"><div class=\"porto-sicon-box  vc_custom_1756826689693  wpb_custom_d307345cd1e69c0443dd31c842a7a054 style_1 default-icon flex-wrap\"><div class=\"porto-sicon-default\"><div class=\"porto-just-icon-wrapper porto-sicon-img  porto-icon-9f5d1cfb45d27d96b50bf473aebba227\" style=\"font-size: 48px;\"><img loading=\"lazy\" decoding=\"async\" class=\"img-icon\" alt=\"\" src=\"https:\/\/meferi.com\/wp-content\/uploads\/2025\/08\/2.svg\" width=\"0\" height=\"0\" \/><\/div><\/div><div class=\"porto-sicon-header\"><a class=\"porto-sicon-box-link\" href=\"#\"><h2 class=\"porto-sicon-title\" style=\"\">Perspectivas, innovaci\u00f3n, impacto<\/h2><\/a><\/div> <!-- header --><div class=\"porto-sicon-description\" style=\"\">Descubra las \u00faltimas tendencias y tecnolog\u00edas de vanguardia que impulsan el crecimiento y la innovaci\u00f3n en todos los sectores. Obtenga informaci\u00f3n pr\u00e1ctica y an\u00e1lisis de expertos para ayudar a su empresa a mantenerse a la vanguardia de la competencia y generar un impacto real en su mercado.<\/div> <!-- description --><\/div><!-- porto-sicon-box --><\/div><\/div><\/div><\/div><\/div><div class=\"vc_row wpb_row row top-row gradient-container-3 vc_custom_1754939869260 vc_column-gap-20 vc_row-has-fill vc_row-o-equal-height vc_row-flex wpb_custom_034b39d9bc6c6b310d69e39f0ccf274f\"><div class=\"gradient-column-4 vc_column_container col-md-6 vc_custom_1754469150485\"><div class=\"wpb_wrapper vc_column-inner\"><div class=\"porto-ultimate-content-box-container my-rounded-box\"><style>.porto_ucb_918072e6d9da6ce79a705e9d7a4898b2{will-change: box-shadow;box-shadow: none;}.porto_ucb_918072e6d9da6ce79a705e9d7a4898b2:hover{box-shadow:3px 3px 3px 3px #eef4fc}<\/style><div class=\"porto-ultimate-content-box vc_custom_1756826737329 porto_ucb_918072e6d9da6ce79a705e9d7a4898b2\" style=\"background-color:#f5f9fd;border:1px solid #cccccc;min-height:377px;\" data-bg=\"#f5f9fd\"><div class=\"porto-sicon-box  vc_custom_1756826683459  wpb_custom_d307345cd1e69c0443dd31c842a7a054 style_1 default-icon flex-wrap\"><div class=\"porto-sicon-default\"><div class=\"porto-just-icon-wrapper porto-sicon-img  porto-icon-9f5d1cfb45d27d96b50bf473aebba227\" style=\"font-size: 48px;\"><img loading=\"lazy\" decoding=\"async\" class=\"img-icon\" alt=\"\" src=\"https:\/\/meferi.com\/wp-content\/uploads\/2025\/08\/4.svg\" width=\"0\" height=\"0\" \/><\/div><\/div><div class=\"porto-sicon-header\"><a class=\"porto-sicon-box-link\" href=\"#\"><h2 class=\"porto-sicon-title\" style=\"\">Historyas De \u00c9xito<\/h2><\/a><\/div> <!-- header --><div class=\"porto-sicon-description\" style=\"\">Descubra c\u00f3mo empresas de diferentes sectores han superado retos cr\u00edticos y alcanzado el \u00e9xito con nuestras soluciones de computaci\u00f3n m\u00f3vil. Lea nuestras historias de \u00e9xito para ver ejemplos reales de mayor eficiencia, precisi\u00f3n y satisfacci\u00f3n del cliente.<\/div> <!-- description --><\/div><!-- porto-sicon-box --><\/div><\/div><\/div><\/div><div class=\"gradient-column-5 vc_column_container col-md-6\"><div class=\"wpb_wrapper vc_column-inner\"><div class=\"porto-ultimate-content-box-container my-rounded-box\"><style>.porto_ucb_918072e6d9da6ce79a705e9d7a4898b2{will-change: box-shadow;box-shadow: none;}.porto_ucb_918072e6d9da6ce79a705e9d7a4898b2:hover{box-shadow:3px 3px 3px 3px #eef4fc}<\/style><div class=\"porto-ultimate-content-box vc_custom_1756826744707 porto_ucb_918072e6d9da6ce79a705e9d7a4898b2\" style=\"background-color:#f5f9fd;border:1px solid #cccccc;min-height:377px;\" data-bg=\"#f5f9fd\"><div class=\"porto-sicon-box  vc_custom_1756826674111  wpb_custom_d307345cd1e69c0443dd31c842a7a054 style_1 default-icon flex-wrap\"><div class=\"porto-sicon-default\"><div class=\"porto-just-icon-wrapper porto-sicon-img  porto-icon-9f5d1cfb45d27d96b50bf473aebba227\" style=\"font-size: 48px;\"><img loading=\"lazy\" decoding=\"async\" class=\"img-icon\" alt=\"\" src=\"https:\/\/meferi.com\/wp-content\/uploads\/2025\/08\/3.svg\" width=\"0\" height=\"0\" \/><\/div><\/div><div class=\"porto-sicon-header\"><a class=\"porto-sicon-box-link\" href=\"#\"><h2 class=\"porto-sicon-title\" style=\"\">Preguntas frecuentes<\/h2><\/a><\/div> <!-- header --><div class=\"porto-sicon-description\" style=\"\">Descubra las aplicaciones y beneficios de los equipos y tecnolog\u00edas de vanguardia de MEFERI en industrias clave. Conozca las caracter\u00edsticas \u00fanicas de nuestros productos que los distinguen y c\u00f3mo pueden optimizar sus operaciones. Visite nuestra p\u00e1gina de preguntas frecuentes para m\u00e1s informaci\u00f3n.<\/div> <!-- description --><\/div><!-- porto-sicon-box --><\/div><\/div><\/div><\/div><\/div><div data-vc-full-width=\"true\" data-vc-full-width-temp=\"true\" data-vc-full-width-init=\"false\" class=\"vc_row wpb_row row top-row gradient-container-4 rounded-section vc_custom_1754581704058 vc_row-has-fill vc_row-o-content-bottom vc_row-flex wpb_custom_034b39d9bc6c6b310d69e39f0ccf274f\"><div class=\"gradient-column-6 vc_column_container col-md-4 text-left vc_custom_1754581650331\"><div class=\"wpb_wrapper vc_column-inner\">\r\n\t<div class=\"wpb_text_column wpb_content_element vc_custom_1754581538445 wpb_custom_7c91d232724f73626cc933bd95b25ff0\" >\r\n\t\t<div class=\"wpb_wrapper\">\r\n\t\t\t<h3 class=\"ctt_title\"><span style=\"font-size: 32px;\">P\u00f3ngase En Contacto Con Nosotros<\/span><\/h3>\n\r\n\t\t<\/div>\r\n\t<\/div>\r\n\n<div class=\"wpcf7 no-js\" id=\"wpcf7-f52-o1\" lang=\"en-US\" dir=\"ltr\" data-wpcf7-id=\"52\">\n<div class=\"screen-reader-response\"><p role=\"status\" aria-live=\"polite\" aria-atomic=\"true\"><\/p> <ul><\/ul><\/div>\n<form action=\"\/es\/wp-json\/wp\/v2\/pages\/1260#wpcf7-f52-o1\" method=\"post\" class=\"wpcf7-form init\" aria-label=\"Formulario de contacto\" novalidate=\"novalidate\" data-status=\"init\" data-trp-original-action=\"\/es\/wp-json\/wp\/v2\/pages\/1260#wpcf7-f52-o1\">\n<fieldset class=\"hidden-fields-container\"><input type=\"hidden\" name=\"_wpcf7\" value=\"52\" \/><input type=\"hidden\" name=\"_wpcf7_version\" value=\"6.1.5\" \/><input type=\"hidden\" name=\"_wpcf7_locale\" value=\"en_US\" \/><input type=\"hidden\" name=\"_wpcf7_unit_tag\" value=\"wpcf7-f52-o1\" \/><input type=\"hidden\" name=\"_wpcf7_container_post\" value=\"0\" \/><input type=\"hidden\" name=\"_wpcf7_posted_data_hash\" value=\"\" \/><input type=\"hidden\" name=\"_wpcf7_recaptcha_response\" value=\"\" \/>\n<\/fieldset>\n<div class=\"custom-contact-form\">\n<span id=\"wpcf7-69fc9f5b357ee-wrapper\" class=\"wpcf7-form-control-wrap honeypot-32-wrap\" ><input type=\"hidden\" name=\"honeypot-32-time-start\" value=\"1778163547\"><input type=\"hidden\" name=\"honeypot-32-time-check\" value=\"8\"><input id=\"wpcf7-69fc9f5b357ee-field\"  class=\"wpcf7-form-control wpcf7-text\" type=\"text\" name=\"honeypot-32\" value=\"\" size=\"40\" tabindex=\"-1\" autocomplete=\"off\" \/><\/span>\n  <span class=\"wpcf7-form-control-wrap\" data-name=\"first-name\"><input size=\"40\" maxlength=\"400\" class=\"wpcf7-form-control wpcf7-text wpcf7-validates-as-required\" aria-required=\"true\" aria-invalid=\"false\" placeholder=\"Nombre de pila*\" value=\"\" type=\"text\" name=\"first-name\" \/><\/span>\n  <span class=\"wpcf7-form-control-wrap\" data-name=\"last-name\"><input size=\"40\" maxlength=\"400\" class=\"wpcf7-form-control wpcf7-text wpcf7-validates-as-required\" aria-required=\"true\" aria-invalid=\"false\" placeholder=\"Apellido*\" value=\"\" type=\"text\" name=\"last-name\" \/><\/span>\n  <span class=\"wpcf7-form-control-wrap\" data-name=\"email\"><input size=\"40\" maxlength=\"400\" class=\"wpcf7-form-control wpcf7-email wpcf7-validates-as-required wpcf7-text wpcf7-validates-as-email\" aria-required=\"true\" aria-invalid=\"false\" placeholder=\"Correo electr\u00f3nico*\" value=\"\" type=\"email\" name=\"email\" \/><\/span>\n  <span class=\"wpcf7-form-control-wrap\" data-name=\"phone\"><input size=\"40\" maxlength=\"400\" class=\"wpcf7-form-control wpcf7-tel wpcf7-validates-as-required wpcf7-text wpcf7-validates-as-tel\" aria-required=\"true\" aria-invalid=\"false\" placeholder=\"Tel\u00e9fono*\" value=\"\" type=\"tel\" name=\"phone\" \/><\/span>\n  <span class=\"wpcf7-form-control-wrap\" data-name=\"language\"><input size=\"40\" maxlength=\"400\" class=\"wpcf7-form-control wpcf7-text wpcf7-validates-as-required\" aria-required=\"true\" aria-invalid=\"false\" placeholder=\"Pa\u00eds*\" value=\"\" type=\"text\" name=\"language\" \/><\/span>\n<br>\n<div class=\"cf7-checkbox\">\n    <span class=\"wpcf7-form-control-wrap\" data-name=\"subscribe\"><span class=\"wpcf7-form-control wpcf7-checkbox wpcf7-validates-as-required\"><span class=\"wpcf7-list-item first last\"><label><input type=\"checkbox\" name=\"subscribe[]\" value=\"Subscribe to MEFERI\u2019s updates on new products, market trends, and offers. Unsubscribe at any time.\" \/><span class=\"wpcf7-list-item-label\">Suscr\u00edbete a las novedades de MEFERI sobre nuevos productos, tendencias del mercado y ofertas. Puedes cancelar tu suscripci\u00f3n en cualquier momento.<\/span><\/label><\/span><\/span><\/span>\n<\/div>\n<div class=\"cf7-acceptance\">\n    Estoy de acuerdo con el &nbsp; <a href=\"\/es\/privacy-policy\/\" target=\"_blank\"> pol\u00edtica de privacidad <\/a> &nbsp; y doy mi consentimiento para que MEFERI procese mis datos para responder a mi consulta.\n<\/div>\n<br>\n  <input class=\"wpcf7-form-control wpcf7-submit has-spinner\" type=\"submit\" value=\"Entregar\" \/>\n<\/div><p style=\"display: none !important;\" class=\"akismet-fields-container\" data-prefix=\"_wpcf7_ak_\"><label>\u0394<textarea name=\"_wpcf7_ak_hp_textarea\" cols=\"45\" rows=\"8\" maxlength=\"100\"><\/textarea><\/label><input type=\"hidden\" id=\"ak_js_1\" name=\"_wpcf7_ak_js\" value=\"56\"\/><script>document.getElementById( \"ak_js_1\" ).setAttribute( \"value\", ( new Date() ).getTime() );<\/script><\/p><div class=\"wpcf7-response-output\" aria-hidden=\"true\"><\/div>\n<input type=\"hidden\" name=\"trp-form-language\" value=\"es\"\/><\/form>\n<\/div>\n<\/div><\/div><div class=\"gradient-column-7 rounded-section vc_column_container col-md-8 section section-parallax vc_custom_1754581666900\"><div class=\"wpb_wrapper vc_column-inner\">\r\n\t<div class=\"wpb_text_column wpb_content_element vc_custom_1754581383292 wpb_custom_7c91d232724f73626cc933bd95b25ff0\" >\r\n\t\t<div class=\"wpb_wrapper\">\r\n\t\t\t<p class=\"ctt_title\" style=\"text-align: right;\"><strong><span style=\"font-size: 20px;\">Unidad De 3-2, Edificio 4, N\u00ba 2555, Secci\u00f3n 2, Huanglong Avenue, Shuangliu Distrito, Chengdu 610000, Sichuan, P. R. China<\/span><\/strong><\/p>\n\r\n\t\t<\/div>\r\n\t<\/div>\r\n\r\n\t<div class=\"wpb_single_image wpb_content_element vc_align_right wpb_content_element  vc_custom_1754581772032 wpb_custom_81a4f7ef9830bf958462581aa01150fb\"><div class=\"wpb_wrapper\">\r\n\t\t\t\r\n\t\t\t<div class=\"vc_single_image-wrapper   vc_box_border_grey\"><img loading=\"lazy\" decoding=\"async\" width=\"1576\" height=\"698\" src=\"https:\/\/meferi.com\/wp-content\/uploads\/2025\/08\/address1.png\" class=\"vc_single_image-img attachment-full\" alt=\"\" title=\"direcci\u00f3n1\" srcset=\"https:\/\/meferi.com\/wp-content\/uploads\/2025\/08\/address1.png 1576w, https:\/\/meferi.com\/wp-content\/uploads\/2025\/08\/address1-1000x443.png 1000w, https:\/\/meferi.com\/wp-content\/uploads\/2025\/08\/address1-1024x454.png 1024w, https:\/\/meferi.com\/wp-content\/uploads\/2025\/08\/address1-768x340.png 768w, https:\/\/meferi.com\/wp-content\/uploads\/2025\/08\/address1-1536x680.png 1536w, https:\/\/meferi.com\/wp-content\/uploads\/2025\/08\/address1-640x283.png 640w, https:\/\/meferi.com\/wp-content\/uploads\/2025\/08\/address1-400x177.png 400w\" sizes=\"auto, (max-width: 1576px) 100vw, 1576px\" \/><\/div>\r\n\t\t<\/div>\r\n\t<\/div>\r\n<\/div><\/div><\/div><div class=\"vc_row-full-width vc_clearfix\"><\/div>\n<\/div>","protected":false},"excerpt":{"rendered":"Resource Hub MEFERI Webinars & Events Stay up-to-date with the latest industry trends and expand your knowledge through MEFERI\u2019s webinars and events. Access exclusive content and engage with industry experts to enhance your skills and stay ahead of the competition. Browse our upcoming events and register today. Insights, Innovation, Impact Discover the latest trends and [...]","protected":false},"author":2,"featured_media":8458,"parent":0,"menu_order":0,"comment_status":"closed","ping_status":"closed","template":"","meta":{"_acf_changed":false,"footnotes":""},"industry":[],"class_list":["post-1260","page","type-page","status-publish","has-post-thumbnail","hentry"],"acf":[],"_links":{"self":[{"href":"https:\/\/meferi.com\/es\/wp-json\/wp\/v2\/pages\/1260","targetHints":{"allow":["GET"]}}],"collection":[{"href":"https:\/\/meferi.com\/es\/wp-json\/wp\/v2\/pages"}],"about":[{"href":"https:\/\/meferi.com\/es\/wp-json\/wp\/v2\/types\/page"}],"author":[{"embeddable":true,"href":"https:\/\/meferi.com\/es\/wp-json\/wp\/v2\/users\/2"}],"replies":[{"embeddable":true,"href":"https:\/\/meferi.com\/es\/wp-json\/wp\/v2\/comments?post=1260"}],"version-history":[{"count":0,"href":"https:\/\/meferi.com\/es\/wp-json\/wp\/v2\/pages\/1260\/revisions"}],"wp:featuredmedia":[{"embeddable":true,"href":"https:\/\/meferi.com\/es\/wp-json\/wp\/v2\/media\/8458"}],"wp:attachment":[{"href":"https:\/\/meferi.com\/es\/wp-json\/wp\/v2\/media?parent=1260"}],"wp:term":[{"taxonomy":"industry","embeddable":true,"href":"https:\/\/meferi.com\/es\/wp-json\/wp\/v2\/industry?post=1260"}],"curies":[{"name":"wp","href":"https:\/\/api.w.org\/{rel}","templated":true}]}}