{"id":1000,"date":"2025-08-07T21:03:47","date_gmt":"2025-08-07T18:03:47","guid":{"rendered":"https:\/\/meferi.pontima.ru\/?page_id=1000"},"modified":"2026-02-04T09:48:24","modified_gmt":"2026-02-04T08:48:24","slug":"support-services","status":"publish","type":"page","link":"https:\/\/meferi.com\/es\/support-services\/","title":{"rendered":"Soporte y servicios"},"content":{"rendered":"<div class=\"wpb-content-wrapper\"><div class=\"vc_row wpb_row row top-row gradient-container-1 rounded-section vc_custom_1756144690078 text-left vc_row-has-fill vc_row-o-content-top vc_row-flex wpb_custom_034b39d9bc6c6b310d69e39f0ccf274f\"><div class=\"gradient-column-1 vc_column_container col-md-6 text-left\"><div class=\"wpb_wrapper vc_column-inner\"><div class=\"porto-sicon-box  vc_custom_1756578134548  wpb_custom_8629e1533f7a876ccf992ee07d9ae48e style_1 top-icon\"><div class=\"porto-sicon-header\"><h2 class=\"porto-sicon-title\" style=\"\">Soporte de MEFERI<br \/>\n&amp; Servicios<\/h2><\/div> <!-- header --><div class=\"porto-sicon-description\" style=\"\">Encuentre r\u00e1pidamente informaci\u00f3n esencial sobre garant\u00edas de productos y reparaciones.<br \/>\nSolicitudes, planes de servicio y recursos para socios: todo en un solo lugar.<\/div> <!-- description --><\/div><!-- porto-sicon-box --><\/div><\/div><div class=\"gradient-column-2 vc_column_container col-md-1\"><div class=\"wpb_wrapper vc_column-inner\"><\/div><\/div><\/div><div class=\"vc_row wpb_row row top-row gradient-container-2 vc_custom_1756144703398 vc_column-gap-15 vc_row-has-fill wpb_custom_034b39d9bc6c6b310d69e39f0ccf274f\"><div class=\"gradient-column-3 vc_column_container col-md-12 vc_custom_1754469150485\"><div class=\"wpb_wrapper vc_column-inner\"><h2 style=\"color: var(--porto-dark-color)\" class=\"vc_custom_heading vc_do_custom_heading vc_custom_1754590813940 wpb_custom_aa365bd5046e8294520b4e73732b9d15 align-left\" >Explora nuestro soporte y servicios<\/h2><\/div><\/div><\/div><div class=\"vc_row wpb_row row top-row gradient-container-4 vc_custom_1754939217478 vc_column-gap-15 vc_row-has-fill vc_row-o-equal-height vc_row-flex wpb_custom_034b39d9bc6c6b310d69e39f0ccf274f\"><div class=\"gradient-column-4 vc_column_container col-md-4 vc_custom_1754469150485\"><div class=\"wpb_wrapper vc_column-inner\"><div class=\"porto-ultimate-content-box-container my-rounded-box\"><style>.porto_ucb_8ba3bb8197aace42da06f0fe0083a0e1:hover{box-shadow:none}<\/style><div class=\"porto-ultimate-content-box vc_custom_1756661776254 has-content-pos justify-content-center porto_ucb_8ba3bb8197aace42da06f0fe0083a0e1\" style=\"background-color:#eef4fc;border:1px solid var(--porto-light-color);min-height:500px;\" data-bg=\"#eef4fc\"><div class=\"porto-sicon-box  vc_custom_1754593087778  wpb_custom_2d9c2a682b5f8cf750d5d39077e790d9 style_2 top-icon\"><div class=\"porto-sicon-top\"><div class=\"porto-just-icon-wrapper porto-sicon-img  porto-icon-9f5d1cfb45d27d96b50bf473aebba227\" style=\"font-size: 50px;\"><img loading=\"lazy\" decoding=\"async\" class=\"img-icon\" alt=\"\" src=\"https:\/\/meferi.com\/wp-content\/uploads\/2025\/08\/\u0411\u0435\u0437-\u043d\u0430\u0437\u0432\u0430\u043d\u0438\u044f-7.png\" width=\"100\" height=\"100\" \/><\/div><\/div><div class=\"porto-sicon-header\"><h2 class=\"porto-sicon-title\" style=\"\">Portal de socios<\/h2><p>Acceso exclusivo para socios de MEFERI<\/p><\/div> <!-- header --><div class=\"porto-sicon-description\" style=\"\">Obtenga acceso a beneficios exclusivos para socios, que incluyen descargas instant\u00e1neas, exploraci\u00f3n de productos, seguimiento de env\u00edos y pedidos sin esfuerzo con stock y precios en tiempo real.<a class=\"porto-sicon-read xx\" href=\"https:\/\/portal.meferi.com\/\" target='_blank'>M\u00e1s informaci\u00f3n<span>&nbsp;\u00bb<\/span><\/a><\/div> <!-- description --><\/div><!-- porto-sicon-box --><\/div><\/div><\/div><\/div><div class=\"gradient-column-5 vc_column_container col-md-4\"><div class=\"wpb_wrapper vc_column-inner\"><div class=\"porto-ultimate-content-box-container my-rounded-box\"><style>.porto_ucb_8ba3bb8197aace42da06f0fe0083a0e1:hover{box-shadow:none}<\/style><div class=\"porto-ultimate-content-box vc_custom_1756661794077 has-content-pos justify-content-center porto_ucb_8ba3bb8197aace42da06f0fe0083a0e1\" style=\"background-color:#eef4fc;border:1px solid var(--porto-light-color);min-height:500px;\" data-bg=\"#eef4fc\"><div class=\"porto-sicon-box  vc_custom_1770194899537  wpb_custom_1de7e184e0d47a0dc672dd123ea3801a style_2 top-icon\"><div class=\"porto-sicon-top\"><div class=\"porto-just-icon-wrapper porto-sicon-img  porto-icon-9f5d1cfb45d27d96b50bf473aebba227\" style=\"font-size: 50px;\"><img loading=\"lazy\" decoding=\"async\" class=\"img-icon\" alt=\"\" src=\"https:\/\/meferi.com\/wp-content\/uploads\/2025\/08\/\u0411\u0435\u0437-\u043d\u0430\u0437\u0432\u0430\u043d\u0438\u044f-8.png\" width=\"100\" height=\"100\" \/><\/div><\/div><div class=\"porto-sicon-header\"><h2 class=\"porto-sicon-title\" style=\"\">Portal De Soporte<\/h2><p>Asistencia t\u00e9cnica r\u00e1pida y transparente<\/p><\/div> <!-- header --><div class=\"porto-sicon-description\" style=\"\">Realice un seguimiento del estado de sus tickets de soporte, cargue documentaci\u00f3n para una resoluci\u00f3n m\u00e1s r\u00e1pida y colabore con su equipo para garantizar una resoluci\u00f3n de problemas eficiente.<a class=\"porto-sicon-read xx\" href=\"https:\/\/meferi.com\/es\/support\/\" target='_blank' title='Apoyo'>M\u00e1s informaci\u00f3n<span>&nbsp;\u00bb<\/span><\/a><\/div> <!-- description --><\/div><!-- porto-sicon-box --><\/div><\/div><\/div><\/div><div class=\"gradient-column-6 vc_column_container col-md-4\"><div class=\"wpb_wrapper vc_column-inner\"><div class=\"porto-ultimate-content-box-container my-rounded-box\"><style>.porto_ucb_8ba3bb8197aace42da06f0fe0083a0e1:hover{box-shadow:none}<\/style><div class=\"porto-ultimate-content-box vc_custom_1756661810817 has-content-pos justify-content-center porto_ucb_8ba3bb8197aace42da06f0fe0083a0e1\" style=\"background-color:#eef4fc;border:1px solid var(--porto-light-color);min-height:500px;\" data-bg=\"#eef4fc\"><div class=\"porto-sicon-box  vc_custom_1754738770370  wpb_custom_d7151b725a18e9b8643ad785eebfddee style_2 top-icon\"><div class=\"porto-sicon-top\"><div class=\"porto-just-icon-wrapper porto-sicon-img  porto-icon-9f5d1cfb45d27d96b50bf473aebba227\" style=\"font-size: 50px;\"><img loading=\"lazy\" decoding=\"async\" class=\"img-icon\" alt=\"\" src=\"https:\/\/meferi.com\/wp-content\/uploads\/2025\/08\/\u0411\u0435\u0437-\u043d\u0430\u0437\u0432\u0430\u043d\u0438\u044f-9.png\" width=\"100\" height=\"100\" \/><\/div><\/div><div class=\"porto-sicon-header\"><h2 class=\"porto-sicon-title\" style=\"\">Planes de servicio de MeCare<\/h2><p>Cobertura integral para usted<\/p><\/div> <!-- header --><div class=\"porto-sicon-description\" style=\"\">Proteja su inversi\u00f3n con planes de servicio flexibles que van m\u00e1s all\u00e1 de las garant\u00edas est\u00e1ndar, incluidas reparaciones prioritarias, reemplazos y soporte t\u00e9cnico.<a class=\"porto-sicon-read xx\" href=\"https:\/\/meferi.com\/es\/support-services\/mecare-service-plans\/\" title='planes de servicio de mecare'>M\u00e1s informaci\u00f3n<span>&nbsp;\u00bb<\/span><\/a><\/div> <!-- description --><\/div><!-- porto-sicon-box --><\/div><\/div><\/div><\/div><\/div><div class=\"vc_row wpb_row row top-row gradient-container-5 vc_custom_1754939231713 vc_column-gap-15 vc_row-has-fill vc_row-o-equal-height vc_row-flex wpb_custom_034b39d9bc6c6b310d69e39f0ccf274f\"><div class=\"gradient-column-7 vc_column_container col-md-4 vc_custom_1754469150485\"><div class=\"wpb_wrapper vc_column-inner\"><div class=\"porto-ultimate-content-box-container my-rounded-box\"><style>.porto_ucb_8ba3bb8197aace42da06f0fe0083a0e1:hover{box-shadow:none}<\/style><div class=\"porto-ultimate-content-box vc_custom_1756661816623 has-content-pos justify-content-center porto_ucb_8ba3bb8197aace42da06f0fe0083a0e1\" style=\"background-color:#eef4fc;border:1px solid var(--porto-light-color);min-height:500px;\" data-bg=\"#eef4fc\"><div class=\"porto-sicon-box  vc_custom_1754594112676  wpb_custom_2d9c2a682b5f8cf750d5d39077e790d9 style_2 top-icon\"><div class=\"porto-sicon-top\"><div class=\"porto-just-icon-wrapper porto-sicon-img  porto-icon-9f5d1cfb45d27d96b50bf473aebba227\" style=\"font-size: 50px;\"><img loading=\"lazy\" decoding=\"async\" class=\"img-icon\" alt=\"\" src=\"https:\/\/meferi.com\/wp-content\/uploads\/2025\/08\/\u0411\u0435\u0437-\u043d\u0430\u0437\u0432\u0430\u043d\u0438\u044f-10.png\" width=\"100\" height=\"100\" \/><\/div><\/div><div class=\"porto-sicon-header\"><h2 class=\"porto-sicon-title\" style=\"\">Garant\u00eda<\/h2><p>Consulte y gestione su garant\u00eda MEFERI<\/p><\/div> <!-- header --><div class=\"porto-sicon-description\" style=\"\">Verifique el estado de la garant\u00eda de su producto, revise las notificaciones de fin de vida \u00fatil y encuentre t\u00e9rminos de garant\u00eda especiales para dispositivos espec\u00edficos.<a class=\"porto-sicon-read xx\" href=\"\/es\/warranty-terms-and-conditions\/\" target='_blank'>M\u00e1s informaci\u00f3n<span>&nbsp;\u00bb<\/span><\/a><\/div> <!-- description --><\/div><!-- porto-sicon-box --><\/div><\/div><\/div><\/div><div class=\"gradient-column-8 vc_column_container col-md-4\"><div class=\"wpb_wrapper vc_column-inner\"><div class=\"porto-ultimate-content-box-container my-rounded-box\"><style>.porto_ucb_8ba3bb8197aace42da06f0fe0083a0e1:hover{box-shadow:none}<\/style><div class=\"porto-ultimate-content-box vc_custom_1756661822375 has-content-pos justify-content-center porto_ucb_8ba3bb8197aace42da06f0fe0083a0e1\" style=\"background-color:#eef4fc;border:1px solid var(--porto-light-color);min-height:500px;\" data-bg=\"#eef4fc\"><div class=\"porto-sicon-box  vc_custom_1754594144740  wpb_custom_1de7e184e0d47a0dc672dd123ea3801a style_2 top-icon\"><div class=\"porto-sicon-top\"><div class=\"porto-just-icon-wrapper porto-sicon-img  porto-icon-9f5d1cfb45d27d96b50bf473aebba227\" style=\"font-size: 50px;\"><img loading=\"lazy\" decoding=\"async\" class=\"img-icon\" alt=\"\" src=\"https:\/\/meferi.com\/wp-content\/uploads\/2025\/08\/\u0411\u0435\u0437-\u043d\u0430\u0437\u0432\u0430\u043d\u0438\u044f-11.png\" width=\"100\" height=\"100\" \/><\/div><\/div><div class=\"porto-sicon-header\"><h2 class=\"porto-sicon-title\" style=\"\">Solicitud de reparaci\u00f3n<\/h2><p>RMA sin esfuerzo y procesamiento de reparaci\u00f3n<\/p><\/div> <!-- header --><div class=\"porto-sicon-description\" style=\"\">Env\u00ede sus solicitudes de reparaci\u00f3n, realice un seguimiento del progreso y garantice tiempos de respuesta r\u00e1pidos con nuestros centros de servicio dedicados.<a class=\"porto-sicon-read xx\" href=\"https:\/\/helpdesk.meferi.com\/\" target='_blank'>M\u00e1s informaci\u00f3n<span>&nbsp;\u00bb<\/span><\/a><\/div> <!-- description --><\/div><!-- porto-sicon-box --><\/div><\/div><\/div><\/div><div class=\"gradient-column-9 vc_column_container col-md-4\"><div class=\"wpb_wrapper vc_column-inner\"><div class=\"porto-ultimate-content-box-container my-rounded-box\"><style>.porto_ucb_8ba3bb8197aace42da06f0fe0083a0e1:hover{box-shadow:none}<\/style><div class=\"porto-ultimate-content-box vc_custom_1756661829125 has-content-pos justify-content-center porto_ucb_8ba3bb8197aace42da06f0fe0083a0e1\" style=\"background-color:#eef4fc;border:1px solid var(--porto-light-color);min-height:500px;\" data-bg=\"#eef4fc\"><div class=\"porto-sicon-box  vc_custom_1765186151741  wpb_custom_d7151b725a18e9b8643ad785eebfddee style_2 top-icon\"><div class=\"porto-sicon-top\"><div class=\"porto-just-icon-wrapper porto-sicon-img  porto-icon-9f5d1cfb45d27d96b50bf473aebba227\" style=\"font-size: 50px;\"><img loading=\"lazy\" decoding=\"async\" class=\"img-icon\" alt=\"\" src=\"https:\/\/meferi.com\/wp-content\/uploads\/2025\/08\/\u0411\u0435\u0437-\u043d\u0430\u0437\u0432\u0430\u043d\u0438\u044f-12.png\" width=\"100\" height=\"100\" \/><\/div><\/div><div class=\"porto-sicon-header\"><h2 class=\"porto-sicon-title\" style=\"\">Centro de actualizaci\u00f3n de seguridad<\/h2><\/div> <!-- header --><div class=\"porto-sicon-description\" style=\"\"><strong>Mant\u00e9ngase actualizado con los parches de seguridad y actualizaciones de firmware para todos los dispositivos MEFERI.<\/strong><br \/>\nVea el historial de actualizaciones detallado, los cronogramas de soporte y la cobertura de seguridad certificada por AER para su tel\u00e9fono.<a class=\"porto-sicon-read xx\" href=\"https:\/\/meferi.com\/es\/support-services\/meferi-security-updates-center\/\">M\u00e1s informaci\u00f3n<span>&nbsp;\u00bb<\/span><\/a><\/div> <!-- description --><\/div><!-- porto-sicon-box --><\/div><\/div><\/div><\/div><\/div><div class=\"vc_row wpb_row row top-row gradient-container-6 vc_custom_1754594060710 vc_column-gap-15 vc_row-has-fill vc_row-o-equal-height vc_row-flex wpb_custom_034b39d9bc6c6b310d69e39f0ccf274f\"><div class=\"gradient-column-10 vc_column_container col-md-4 vc_custom_1754469150485\"><div class=\"wpb_wrapper vc_column-inner\"><div class=\"porto-ultimate-content-box-container my-rounded-box\"><style>.porto_ucb_8ba3bb8197aace42da06f0fe0083a0e1:hover{box-shadow:none}<\/style><div class=\"porto-ultimate-content-box vc_custom_1756661834984 has-content-pos justify-content-center porto_ucb_8ba3bb8197aace42da06f0fe0083a0e1\" style=\"background-color:#eef4fc;border:1px solid var(--porto-light-color);min-height:500px;\" data-bg=\"#eef4fc\"><div class=\"porto-sicon-box  vc_custom_1754594237357  wpb_custom_2d9c2a682b5f8cf750d5d39077e790d9 style_2 top-icon\"><div class=\"porto-sicon-top\"><div class=\"porto-just-icon-wrapper porto-sicon-img  porto-icon-9f5d1cfb45d27d96b50bf473aebba227\" style=\"font-size: 50px;\"><img loading=\"lazy\" decoding=\"async\" class=\"img-icon\" alt=\"\" src=\"https:\/\/meferi.com\/wp-content\/uploads\/2025\/08\/\u0411\u0435\u0437-\u043d\u0430\u0437\u0432\u0430\u043d\u0438\u044f-13.png\" width=\"100\" height=\"100\" \/><\/div><\/div><div class=\"porto-sicon-header\"><h2 class=\"porto-sicon-title\" style=\"\">Documentos en l\u00ednea<\/h2><p>Acceso r\u00e1pido a manuales y gu\u00edas de usuario<\/p><\/div> <!-- header --><div class=\"porto-sicon-description\" style=\"\">Vea y descargue los \u00faltimos manuales de usuario, gu\u00edas r\u00e1pidas y documentaci\u00f3n de configuraci\u00f3n para los productos MEFERI.<a class=\"porto-sicon-read xx\" href=\"\/es\/docs-online\/\" target='_blank'>M\u00e1s informaci\u00f3n<span>&nbsp;\u00bb<\/span><\/a><\/div> <!-- description --><\/div><!-- porto-sicon-box --><\/div><\/div><\/div><\/div><div class=\"gradient-column-11 vc_column_container col-md-4\"><div class=\"wpb_wrapper vc_column-inner\"><div class=\"porto-ultimate-content-box-container my-rounded-box\"><style>.porto_ucb_8ba3bb8197aace42da06f0fe0083a0e1:hover{box-shadow:none}<\/style><div class=\"porto-ultimate-content-box vc_custom_1756661840289 has-content-pos justify-content-center porto_ucb_8ba3bb8197aace42da06f0fe0083a0e1\" style=\"background-color:#eef4fc;border:1px solid var(--porto-light-color);min-height:500px;\" data-bg=\"#eef4fc\"><div class=\"porto-sicon-box  vc_custom_1754594271444  wpb_custom_1de7e184e0d47a0dc672dd123ea3801a style_2 top-icon\"><div class=\"porto-sicon-top\"><div class=\"porto-just-icon-wrapper porto-sicon-img  porto-icon-9f5d1cfb45d27d96b50bf473aebba227\" style=\"font-size: 50px;\"><img loading=\"lazy\" decoding=\"async\" class=\"img-icon\" alt=\"\" src=\"https:\/\/meferi.com\/wp-content\/uploads\/2025\/08\/\u0411\u0435\u0437-\u043d\u0430\u0437\u0432\u0430\u043d\u0438\u044f-14.png\" width=\"100\" height=\"100\" \/><\/div><\/div><div class=\"porto-sicon-header\"><h2 class=\"porto-sicon-title\" style=\"\">Socio Certificados<\/h2><p>Verifique su estado de socio de MEFERI<\/p><\/div> <!-- header --><div class=\"porto-sicon-description\" style=\"\">Asegure la autenticidad de su Certificado de Distribuidor o Revendedor Autorizado de MEFERI con nuestra herramienta de verificaci\u00f3n.<a class=\"porto-sicon-read xx\" href=\"\/es\/partner-certificate-verification\/\" target='_blank'>M\u00e1s informaci\u00f3n<span>&nbsp;\u00bb<\/span><\/a><\/div> <!-- description --><\/div><!-- porto-sicon-box --><\/div><\/div><\/div><\/div><div class=\"gradient-column-12 vc_column_container col-md-4\"><div class=\"wpb_wrapper vc_column-inner\"><div class=\"porto-ultimate-content-box-container my-rounded-box\"><style>.porto_ucb_8ba3bb8197aace42da06f0fe0083a0e1:hover{box-shadow:none}<\/style><div class=\"porto-ultimate-content-box vc_custom_1756661845349 has-content-pos justify-content-center porto_ucb_8ba3bb8197aace42da06f0fe0083a0e1\" style=\"background-color:#eef4fc;border:1px solid var(--porto-light-color);min-height:500px;\" data-bg=\"#eef4fc\"><div class=\"porto-sicon-box  vc_custom_1754594298429  wpb_custom_2d9c2a682b5f8cf750d5d39077e790d9 style_2 top-icon\"><div class=\"porto-sicon-top\"><div class=\"porto-just-icon-wrapper porto-sicon-img  porto-icon-9f5d1cfb45d27d96b50bf473aebba227\" style=\"font-size: 50px;\"><img loading=\"lazy\" decoding=\"async\" class=\"img-icon\" alt=\"\" src=\"https:\/\/meferi.com\/wp-content\/uploads\/2025\/08\/\u0411\u0435\u0437-\u043d\u0430\u0437\u0432\u0430\u043d\u0438\u044f-15.png\" width=\"100\" height=\"100\" \/><\/div><\/div><div class=\"porto-sicon-header\"><h2 class=\"porto-sicon-title\" style=\"\">Certificados de producto<\/h2><p>Certificaciones de cumplimiento y seguridad<\/p><\/div> <!-- header --><div class=\"porto-sicon-description\" style=\"\">Documentos de cumplimiento del producto, certificaciones recomendadas por AER Android Enterprise y seguridad est\u00e1ndar de la industria.<a class=\"porto-sicon-read xx\" href=\"\/es\/product-certificates\/\">M\u00e1s informaci\u00f3n<span>&nbsp;\u00bb<\/span><\/a><\/div> <!-- description --><\/div><!-- porto-sicon-box --><\/div><\/div><\/div><\/div><\/div><div class=\"vc_row wpb_row row top-row gradient-container-7 rounded-section vc_custom_1758202920197 text-left vc_row-has-fill vc_row-o-content-top vc_row-flex wpb_custom_034b39d9bc6c6b310d69e39f0ccf274f\"><div class=\"gradient-column-13 vc_column_container col-md-6 text-left\"><div class=\"wpb_wrapper vc_column-inner\"><div class=\"porto-sicon-box  vc_custom_1762880245414  wpb_custom_178f2745f58ee46e3130aac549600833 style_2 top-icon\"><div class=\"porto-sicon-header\"><h2 class=\"porto-sicon-title\" style=\"\">Pruebe las soluciones de vanguardia de MEFERI<\/h2><p style=\"color:var(--porto-light-color);\">Pruebe nuestras soluciones l\u00edderes en la industria con una prueba de manejo gratuita<\/p><\/div> <!-- header --><div class=\"porto-sicon-description\" style=\"color:var(--porto-light-color);\">Descubra la diferencia que MEFERI puede marcar en sus operaciones. Nuestros productos de vanguardia est\u00e1n dise\u00f1ados para satisfacer las demandas \u00fanicas de su industria. Ya sea que busque mejorar la eficiencia operativa, reducir costos o descubrir nuevas capacidades, una prueba gratuita de nuestros productos marca el primer paso en la transformaci\u00f3n de su negocio.<\/div> <!-- description --><\/div><!-- porto-sicon-box --><style>.vc_btn3-style-gradient-custom.vc_btn-gradient-btn-69fc9f5e1d66c:hover,.vc_btn3-style-gradient-custom.vc_btn-gradient-btn-69fc9f5e1d66c:focus{color: #ffffff;background-color: var(--porto-tertiary-color);border: none;background-position: 100% 0;} .vc_btn3-style-gradient-custom.vc_btn-gradient-btn-69fc9f5e1d66c{color: #ffffff;border: none;background-color: #dd3333;background-image: -webkit-linear-gradient(left, #dd3333 0%, var(--porto-tertiary-color) 50%,#dd3333 100%);background-image: linear-gradient(to right, #dd3333 0%, var(--porto-tertiary-color) 50%,#dd3333 100%);transition: all .2s ease-in-out;background-size: 200% 100%;}<\/style><div class=\"vc_btn3-container vc_btn3-inline vc_custom_1762880410296 vc_do_btn\" >\r\n\t<a data-vc-gradient-1=\"#dd3333\" data-vc-gradient-2=\"var(--porto-tertiary-color)\" class=\"vc_general vc_btn3 vc_btn3-size-xl vc_btn3-shape-round vc_btn3-style-gradient-custom wpb_custom_6687b26f39488ddbb85ddb3c1ce8e111 vc_btn-gradient-btn-69fc9f5e1d66c btn\" style=\"font-size:17px; font-weight:500;\" href=\"https:\/\/meferi.com\/es\/contact-meferi\/contact-sales\/\" title=\"P\u00f3ngase En Contacto Con Ventas\">Comience su prueba de manejo gratuita<\/a>\t<\/div>\r\n<\/div><\/div><\/div><div class=\"vc_row wpb_row row top-row gradient-container-8 rounded-section vc_custom_1756144749325 text-left vc_row-has-fill vc_row-o-content-top vc_row-flex wpb_custom_034b39d9bc6c6b310d69e39f0ccf274f\"><div class=\"gradient-column-14 vc_column_container col-md-12\"><div class=\"wpb_wrapper vc_column-inner\">\r\n\t<div class=\"wpb_text_column wpb_content_element wpb_custom_7c91d232724f73626cc933bd95b25ff0\" >\r\n\t\t<div class=\"wpb_wrapper\">\r\n\t\t\t<h3 class=\"big_title\" style=\"text-align: center;\"><strong><span style=\"color: #ffffff;\">Lleve las operaciones de su industria al siguiente nivel<\/span><\/strong><\/h3>\n<div class=\"big_title\" style=\"text-align: center;\" data-v-341129f1=\"\"><strong><span style=\"color: #ffffff;\">Experimente soluciones dise\u00f1adas meticulosamente para las complejidades de su sector. <\/span><\/strong><\/div>\n<div class=\"big_title\" style=\"text-align: center;\" data-v-341129f1=\"\"><strong><span style=\"color: #ffffff;\">Nuestros expertos pueden guiarlo a trav\u00e9s de las capacidades de cada aplicaci\u00f3n para optimizar sus operaciones y alcanzar sus objetivos comerciales.<\/span><\/strong><\/div>\n\r\n\t\t<\/div>\r\n\t<\/div>\r\n<\/div><\/div><div class=\"gradient-column-15 vc_column_container col-md-1\"><div class=\"wpb_wrapper vc_column-inner\"><\/div><\/div><div class=\"gradient-column-16 vc_column_container col-md-5 text-left vc_custom_1754595878014\"><div class=\"wpb_wrapper vc_column-inner\"><div class=\"porto-ultimate-content-box-container my-rounded-box\"><style>.porto_ucb_8ba3bb8197aace42da06f0fe0083a0e1:hover{box-shadow:none}<\/style><div class=\"porto-ultimate-content-box vc_custom_1754595751442 has-content-pos justify-content-center porto_ucb_8ba3bb8197aace42da06f0fe0083a0e1\" style=\"background-color:var(--porto-light-color);border:1px solid var(--porto-light-color);\" data-bg=\"var(--porto-light-color)\"><div class=\"porto-sicon-box  vc_custom_1762880257362  wpb_custom_710b63c711f81c5f0250186a3847fdac style_1 top-icon\"><div class=\"porto-sicon-header\"><h4 class=\"porto-sicon-title\" style=\"\">Contactar con el soporte<\/h4><p>Obtenga asistencia para la resoluci\u00f3n de problemas, reparaciones, garant\u00edas y planes de servicio.<\/p><\/div> <!-- header --><div class=\"porto-sicon-description\" style=\"\"><a class=\"porto-sicon-read xx\" href=\"\/es\/contact-support\/\" target='_blank' title='contacto-MEFERI'>Contacto Con El Soporte<span>&nbsp;\u00bb<\/span><\/a><\/div> <!-- description --><\/div><!-- porto-sicon-box --><\/div><\/div><\/div><\/div><div class=\"gradient-column-17 vc_column_container col-md-5 vc_custom_1754595890201\"><div class=\"wpb_wrapper vc_column-inner\"><div class=\"porto-ultimate-content-box-container my-rounded-box\"><style>.porto_ucb_8ba3bb8197aace42da06f0fe0083a0e1:hover{box-shadow:none}<\/style><div class=\"porto-ultimate-content-box vc_custom_1754595770377 has-content-pos justify-content-center porto_ucb_8ba3bb8197aace42da06f0fe0083a0e1\" style=\"background-color:var(--porto-light-color);border:1px solid var(--porto-light-color);\" data-bg=\"var(--porto-light-color)\"><div class=\"porto-sicon-box  vc_custom_1754595545044  wpb_custom_710b63c711f81c5f0250186a3847fdac style_1 top-icon\"><div class=\"porto-sicon-header\"><h4 class=\"porto-sicon-title\" style=\"\">Consultas de socios y empresas<\/h4><p>Para asociaciones, distribuci\u00f3n, pedidos al por mayor y consultas sobre productos.<\/p><\/div> <!-- header --><div class=\"porto-sicon-description\" style=\"\"><a class=\"porto-sicon-read xx\" href=\"\/es\/contact-sales\/\" target='_blank' title='contacto-MEFERI'>P\u00f3ngase En Contacto Con Ventas<span>&nbsp;\u00bb<\/span><\/a><\/div> <!-- description --><\/div><!-- porto-sicon-box --><\/div><\/div><\/div><\/div><\/div>\n<\/div>","protected":false},"excerpt":{"rendered":"MEFERI Support &amp; Services Quickly find essential information on product warranties, repair requests, service plans, and partner resources - all in one place. Explore Our Support & ServicesPartner PortalExclusive Access for MEFERI Partners Gain access to exclusive partner benefits, including instant downloads, product exploration, shipment tracking, and effortless ordering with real-time stock and pricing.Learn More&nbsp;&raquo; [...]","protected":false},"author":2,"featured_media":8476,"parent":0,"menu_order":0,"comment_status":"closed","ping_status":"closed","template":"","meta":{"_acf_changed":false,"footnotes":""},"industry":[],"class_list":["post-1000","page","type-page","status-publish","has-post-thumbnail","hentry"],"acf":[],"_links":{"self":[{"href":"https:\/\/meferi.com\/es\/wp-json\/wp\/v2\/pages\/1000","targetHints":{"allow":["GET"]}}],"collection":[{"href":"https:\/\/meferi.com\/es\/wp-json\/wp\/v2\/pages"}],"about":[{"href":"https:\/\/meferi.com\/es\/wp-json\/wp\/v2\/types\/page"}],"author":[{"embeddable":true,"href":"https:\/\/meferi.com\/es\/wp-json\/wp\/v2\/users\/2"}],"replies":[{"embeddable":true,"href":"https:\/\/meferi.com\/es\/wp-json\/wp\/v2\/comments?post=1000"}],"version-history":[{"count":0,"href":"https:\/\/meferi.com\/es\/wp-json\/wp\/v2\/pages\/1000\/revisions"}],"wp:featuredmedia":[{"embeddable":true,"href":"https:\/\/meferi.com\/es\/wp-json\/wp\/v2\/media\/8476"}],"wp:attachment":[{"href":"https:\/\/meferi.com\/es\/wp-json\/wp\/v2\/media?parent=1000"}],"wp:term":[{"taxonomy":"industry","embeddable":true,"href":"https:\/\/meferi.com\/es\/wp-json\/wp\/v2\/industry?post=1000"}],"curies":[{"name":"wp","href":"https:\/\/api.w.org\/{rel}","templated":true}]}}